{"id":5184,"date":"2022-02-20T21:36:32","date_gmt":"2022-02-20T21:36:32","guid":{"rendered":"https:\/\/medicinasinc.com\/se\/?post_type=product&#038;p=5184"},"modified":"2022-07-03T23:40:21","modified_gmt":"2022-07-03T23:40:21","slug":"kop-hydrokodon-10-325mg","status":"publish","type":"product","link":"https:\/\/medicinasinc.com\/se\/product\/kop-hydrokodon-10-325mg\/","title":{"rendered":"K\u00f6p Hydrocodone 10\/325mg"},"content":{"rendered":"<p>Var kan man k\u00f6pa\u00a0Hydrocodone 10\/325mg?<\/p>\n<p>Eftersom Hydrocodone \u00e4r ett kraftfullt sm\u00e4rtstillande medel kan du f\u00e5 det online utan recept. Opiumvallmo ger kodein, som anv\u00e4nds f\u00f6r att g\u00f6ra detta l\u00e4kemedel. N\u00e4r hydrokodon framst\u00e4lls av kodein \u00e4r de sm\u00e4rtlindrande effekterna starkare och stannar l\u00e4ngre. Som ett resultat av detta ordinerar l\u00e4kare ofta hydrokodon ist\u00e4llet f\u00f6r kodein f\u00f6r att behandla sv\u00e5r sm\u00e4rta.<\/p>\n<p>I hj\u00e4rnan f\u00f6r\u00e4ndrar hydrokodon den kemiska j\u00e4mvikten, blockerar verkan av sm\u00e4rtreceptorer och befriar p\u00e5 s\u00e5 s\u00e4tt anv\u00e4ndaren fr\u00e5n alla uppfattningar om sm\u00e4rta. <\/p>\n<p>P\u00e5 grund av fraktursm\u00e4rtans akuta och kroniska natur \u00e4r hydrokodon ett av de b\u00e4sta alternativen f\u00f6r att behandla den. N\u00e4r m\u00e4nniskor inte kan sova p\u00e5 natten p\u00e5 grund av sm\u00e4rtan, kan hydrokodon hj\u00e4lpa dem att slappna av och l\u00e5ta dem vila i n\u00e5gra timmar.<\/p>\n<p>Hydrokodon b\u00f6r endast tas av dem som upplever sm\u00e4rta som en resultat av benbrott, enligt l\u00e4karutl\u00e5tande. De med andra typer av sm\u00e4rta, s\u00e5som spasmer, s\u00e5r eller stygn fr\u00e5n en operation, kan fortfarande ta det. Hydrokodon \u00e4r ett av de mest effektiva sm\u00e4rtstillande medlen i n\u00e5gon av dessa situationer.<\/p>\n<p>Dosering av hydrokodon m\u00e5ste \u00f6vervakas noggrant. Detta l\u00e4kemedel kan ha allvarliga biverkningar om det anv\u00e4nds i fel m\u00e4ngd. Beroende av detta l\u00e4kemedel \u00e4r en vanlig biverkning av att f\u00e5 felaktiga doser. P\u00e5 grund av dess stora potential f\u00f6r missbruk och beroende b\u00f6r hydrokodon anv\u00e4ndas sparsamt och s\u00e4llan. Hydrocodone b\u00f6r inte tas mer \u00e4n 20 mg per dag av dem som lider av kronisk sm\u00e4rta. Varje dos som \u00f6verstiger detta kommer sannolikt att leda till beroende och s\u00e5 sm\u00e5ningom beroende.<\/p>\n<p>F\u00f6rsiktighets\u00e5tg\u00e4rder f\u00f6r hydrokodon inkluderar att se till att r\u00e4tt dos tas hela tiden. Detta l\u00e4kemedel kan orsaka allvarliga negativa effekter om det tas i fel m\u00e4ngder. Hydrokodon b\u00f6r inte k\u00f6pas av personer med astma eller andningssv\u00e5righeter eftersom det fr\u00e4mjar ytlig andning, vilket kan vara ett stort problem f\u00f6r dem. B\u00f6rja med sm\u00e5 doser om du k\u00f6per hydrokodon online utan recept s\u00e5 att du kan l\u00e4ra dig hur mycket din kropp beh\u00f6ver.<\/p>\n<p>Hydrokodon \u00e4r k\u00e4nt f\u00f6r att orsaka en m\u00e4ngd olika obehagliga biverkningar, inklusive s\u00f6mnighet, yrsel och illam\u00e5ende. N\u00e4r du k\u00f6per hydrokodon online utan recept och tar det, se till att \u00e4ta en v\u00e4lbalanserad kost f\u00f6r att undvika matsm\u00e4ltnings- och tarmproblem.<\/p>\n","protected":false},"excerpt":{"rendered":"<div class=\"woocommerce-product-details__short-description\">\n<p>B\u00e4sta st\u00e4llet att k\u00f6pa Hydrocodone 10 325mg online. Juridiska mediciner kan hittas p\u00e5 Best Global Meds, ett v\u00e4lrenommerat onlineapotek. Du kan spara tid och pengar genom att g\u00f6ra din best\u00e4llning online.<\/p>\n<p>Var kan man f\u00e5 Hydrocodone 10\/325mg online?<\/p>\n<p>Gravida kvinnor b\u00f6r r\u00e5dg\u00f6ra med sina l\u00e4kare innan de tar detta l\u00e4kemedel eftersom det finns i FDA graviditetsklass B, vilket inneb\u00e4r att det inte finns n\u00e5got s\u00e4tt att avg\u00f6ra hur det kommer att p\u00e5verka ett of\u00f6tt barn eller kl\u00e4ckning.<\/p>\n<p>Till salu: Percocet 10\/325mg &#8211; K\u00f6p utan recept&#8230;<\/p>\n<p>Rekommenderade onlineapotek f\u00f6r att k\u00f6pa Vicodin.<\/p>\n<\/p><\/div>\n","protected":false},"featured_media":5203,"comment_status":"open","ping_status":"closed","template":"","meta":[],"product_brand":[],"product_cat":[1117],"product_tag":[1322,1323,1324,1316,1315,1298,1299,1300,1317,1318,1319,1325,1330,1297,1320,1302,1321,1326,1327,1328,1329,1331,1332,1333,1334,1308,1311,1335,1312,1336,1337,1313,1309,1310],"class_list":{"0":"post-5184","1":"product","2":"type-product","3":"status-publish","4":"has-post-thumbnail","6":"product_cat-kop-smarta-somn-sextabletter","7":"product_tag-bestlla-hydrokodon","8":"product_tag-bestll-hydrokodon-online","9":"product_tag-bestll-online-watson-540-500-mg","10":"product_tag-billig-hydrokodon","11":"product_tag-buy-hydrocodone-online-bitcoins","12":"product_tag-generic-pills-for-sale-in-usa","13":"product_tag-generic-watson","14":"product_tag-generiska-watson-piller-till-frsljning-i-usa","15":"product_tag-hydrokodon","16":"product_tag-hydrokodon-piller","17":"product_tag-hydrokodon-watson","18":"product_tag-kp-hydrokodon","19":"product_tag-watson-540-500-mg-buy-online","20":"product_tag-kp-watson-online","21":"product_tag-lortab","22":"product_tag-medication-without-prescription","23":"product_tag-online-kp-watson-540-500-mg","24":"product_tag-watson","25":"product_tag-watson-325-mg","26":"product_tag-watson-325mg","27":"product_tag-watson-540","28":"product_tag-watson-853-hydrokodon-10-325-mg","29":"product_tag-watson-853-hydrocodone-10-325-mg-r-en-vit-frgad-och-kapselformad-tablett-designad-fr-behandling-av-smrta","30":"product_tag-watson-853-hydrokodon-online","31":"product_tag-watson-853-vitt-piller","32":"product_tag-watson-dosering","33":"product_tag-watson-hydrokodon-smrta-frlust-piller","34":"product_tag-watson-lortab","35":"product_tag-watson-medication","36":"product_tag-watson-medicin","37":"product_tag-watson-piller-utan-recept-andel","38":"product_tag-watson-smrtlindring-tablett","39":"product_tag-watson-till-salu-i-uk","40":"product_tag-watson-till-salu-i-usa","42":"first","43":"instock","44":"shipping-taxable","45":"purchasable","46":"product-type-variable","47":"has-default-attributes"},"yoast_head":"<!-- This site is optimized with the Yoast SEO plugin v27.3 - https:\/\/yoast.com\/product\/yoast-seo-wordpress\/ -->\n<title>K\u00f6p Hydrocodone 10\/325mg - B\u00e4sta b\u00e4sta globala medicinerna<\/title>\n<meta name=\"description\" content=\"K\u00f6p Hydrocodone 10 325mg till salu Storbritannien, Europa online till b\u00e4sta pris. Best Global Meds \u00e4r ett p\u00e5litligt onlineapotek med lagliga droger. Best\u00e4ll online och s\u00e4kra din tid och pengar.\" \/>\n<meta name=\"robots\" content=\"index, follow, max-snippet:-1, max-image-preview:large, max-video-preview:-1\" \/>\n<link rel=\"canonical\" href=\"https:\/\/medicinasinc.com\/se\/product\/kop-hydrokodon-10-325mg\/\" \/>\n<meta property=\"og:locale\" content=\"sv_SE\" \/>\n<meta property=\"og:type\" content=\"article\" \/>\n<meta property=\"og:title\" content=\"K\u00f6p Hydrocodone 10\/325mg - B\u00e4sta b\u00e4sta globala medicinerna\" \/>\n<meta property=\"og:description\" content=\"K\u00f6p Hydrocodone 10 325mg till salu Storbritannien, Europa online till b\u00e4sta pris. Best Global Meds \u00e4r ett p\u00e5litligt onlineapotek med lagliga droger. Best\u00e4ll online och s\u00e4kra din tid och pengar.\" \/>\n<meta property=\"og:url\" content=\"https:\/\/medicinasinc.com\/se\/product\/kop-hydrokodon-10-325mg\/\" \/>\n<meta property=\"og:site_name\" content=\"Medicinas Inc\" \/>\n<meta property=\"article:modified_time\" content=\"2022-07-03T23:40:21+00:00\" \/>\n<meta property=\"og:image\" content=\"https:\/\/medicinasinc.com\/se\/wp-content\/uploads\/sites\/16\/2022\/02\/buy-hydrocodone-10-325mg-online.jpg\" \/>\n\t<meta property=\"og:image:width\" content=\"600\" \/>\n\t<meta property=\"og:image:height\" content=\"600\" \/>\n\t<meta property=\"og:image:type\" content=\"image\/jpeg\" \/>\n<meta name=\"twitter:card\" content=\"summary_large_image\" \/>\n<meta name=\"twitter:label1\" content=\"Ber\u00e4knad l\u00e4stid\" \/>\n\t<meta name=\"twitter:data1\" content=\"2 minuter\" \/>\n<script type=\"application\/ld+json\" class=\"yoast-schema-graph\">{\"@context\":\"https:\\\/\\\/schema.org\",\"@graph\":[{\"@type\":\"WebPage\",\"@id\":\"https:\\\/\\\/medicinasinc.com\\\/se\\\/product\\\/kop-hydrokodon-10-325mg\\\/\",\"url\":\"https:\\\/\\\/medicinasinc.com\\\/se\\\/product\\\/kop-hydrokodon-10-325mg\\\/\",\"name\":\"K\u00f6p Hydrocodone 10\\\/325mg - B\u00e4sta b\u00e4sta globala medicinerna\",\"isPartOf\":{\"@id\":\"https:\\\/\\\/medicinasinc.com\\\/se\\\/#website\"},\"primaryImageOfPage\":{\"@id\":\"https:\\\/\\\/medicinasinc.com\\\/se\\\/product\\\/kop-hydrokodon-10-325mg\\\/#primaryimage\"},\"image\":{\"@id\":\"https:\\\/\\\/medicinasinc.com\\\/se\\\/product\\\/kop-hydrokodon-10-325mg\\\/#primaryimage\"},\"thumbnailUrl\":\"https:\\\/\\\/medicinasinc.com\\\/se\\\/wp-content\\\/uploads\\\/sites\\\/16\\\/2022\\\/02\\\/buy-hydrocodone-10-325mg-online.jpg\",\"datePublished\":\"2022-02-20T21:36:32+00:00\",\"dateModified\":\"2022-07-03T23:40:21+00:00\",\"description\":\"K\u00f6p Hydrocodone 10 325mg till salu Storbritannien, Europa online till b\u00e4sta pris. Best Global Meds \u00e4r ett p\u00e5litligt onlineapotek med lagliga droger. Best\u00e4ll online och s\u00e4kra din tid och pengar.\",\"breadcrumb\":{\"@id\":\"https:\\\/\\\/medicinasinc.com\\\/se\\\/product\\\/kop-hydrokodon-10-325mg\\\/#breadcrumb\"},\"inLanguage\":\"sv-SE\",\"potentialAction\":[{\"@type\":\"ReadAction\",\"target\":[\"https:\\\/\\\/medicinasinc.com\\\/se\\\/product\\\/kop-hydrokodon-10-325mg\\\/\"]}]},{\"@type\":\"ImageObject\",\"inLanguage\":\"sv-SE\",\"@id\":\"https:\\\/\\\/medicinasinc.com\\\/se\\\/product\\\/kop-hydrokodon-10-325mg\\\/#primaryimage\",\"url\":\"https:\\\/\\\/medicinasinc.com\\\/se\\\/wp-content\\\/uploads\\\/sites\\\/16\\\/2022\\\/02\\\/buy-hydrocodone-10-325mg-online.jpg\",\"contentUrl\":\"https:\\\/\\\/medicinasinc.com\\\/se\\\/wp-content\\\/uploads\\\/sites\\\/16\\\/2022\\\/02\\\/buy-hydrocodone-10-325mg-online.jpg\",\"width\":600,\"height\":600},{\"@type\":\"BreadcrumbList\",\"@id\":\"https:\\\/\\\/medicinasinc.com\\\/se\\\/product\\\/kop-hydrokodon-10-325mg\\\/#breadcrumb\",\"itemListElement\":[{\"@type\":\"ListItem\",\"position\":1,\"name\":\"aff\u00e4r\",\"item\":\"https:\\\/\\\/medicinasinc.com\\\/se\\\/affar\\\/\"},{\"@type\":\"ListItem\",\"position\":2,\"name\":\"K\u00f6p Hydrocodone 10\\\/325mg\"}]},{\"@type\":\"WebSite\",\"@id\":\"https:\\\/\\\/medicinasinc.com\\\/se\\\/#website\",\"url\":\"https:\\\/\\\/medicinasinc.com\\\/se\\\/\",\"name\":\"Medicinas Inc\",\"description\":\"Health Medical Clinic\",\"potentialAction\":[{\"@type\":\"SearchAction\",\"target\":{\"@type\":\"EntryPoint\",\"urlTemplate\":\"https:\\\/\\\/medicinasinc.com\\\/se\\\/?s={search_term_string}\"},\"query-input\":{\"@type\":\"PropertyValueSpecification\",\"valueRequired\":true,\"valueName\":\"search_term_string\"}}],\"inLanguage\":\"sv-SE\"}]}<\/script>\n<!-- \/ Yoast SEO plugin. -->","yoast_head_json":{"title":"K\u00f6p Hydrocodone 10\/325mg - B\u00e4sta b\u00e4sta globala medicinerna","description":"K\u00f6p Hydrocodone 10 325mg till salu Storbritannien, Europa online till b\u00e4sta pris. Best Global Meds \u00e4r ett p\u00e5litligt onlineapotek med lagliga droger. Best\u00e4ll online och s\u00e4kra din tid och pengar.","robots":{"index":"index","follow":"follow","max-snippet":"max-snippet:-1","max-image-preview":"max-image-preview:large","max-video-preview":"max-video-preview:-1"},"canonical":"https:\/\/medicinasinc.com\/se\/product\/kop-hydrokodon-10-325mg\/","og_locale":"sv_SE","og_type":"article","og_title":"K\u00f6p Hydrocodone 10\/325mg - B\u00e4sta b\u00e4sta globala medicinerna","og_description":"K\u00f6p Hydrocodone 10 325mg till salu Storbritannien, Europa online till b\u00e4sta pris. Best Global Meds \u00e4r ett p\u00e5litligt onlineapotek med lagliga droger. Best\u00e4ll online och s\u00e4kra din tid och pengar.","og_url":"https:\/\/medicinasinc.com\/se\/product\/kop-hydrokodon-10-325mg\/","og_site_name":"Medicinas Inc","article_modified_time":"2022-07-03T23:40:21+00:00","og_image":[{"width":600,"height":600,"url":"https:\/\/medicinasinc.com\/se\/wp-content\/uploads\/sites\/16\/2022\/02\/buy-hydrocodone-10-325mg-online.jpg","type":"image\/jpeg"}],"twitter_card":"summary_large_image","twitter_misc":{"Ber\u00e4knad l\u00e4stid":"2 minuter"},"schema":{"@context":"https:\/\/schema.org","@graph":[{"@type":"WebPage","@id":"https:\/\/medicinasinc.com\/se\/product\/kop-hydrokodon-10-325mg\/","url":"https:\/\/medicinasinc.com\/se\/product\/kop-hydrokodon-10-325mg\/","name":"K\u00f6p Hydrocodone 10\/325mg - B\u00e4sta b\u00e4sta globala medicinerna","isPartOf":{"@id":"https:\/\/medicinasinc.com\/se\/#website"},"primaryImageOfPage":{"@id":"https:\/\/medicinasinc.com\/se\/product\/kop-hydrokodon-10-325mg\/#primaryimage"},"image":{"@id":"https:\/\/medicinasinc.com\/se\/product\/kop-hydrokodon-10-325mg\/#primaryimage"},"thumbnailUrl":"https:\/\/medicinasinc.com\/se\/wp-content\/uploads\/sites\/16\/2022\/02\/buy-hydrocodone-10-325mg-online.jpg","datePublished":"2022-02-20T21:36:32+00:00","dateModified":"2022-07-03T23:40:21+00:00","description":"K\u00f6p Hydrocodone 10 325mg till salu Storbritannien, Europa online till b\u00e4sta pris. Best Global Meds \u00e4r ett p\u00e5litligt onlineapotek med lagliga droger. Best\u00e4ll online och s\u00e4kra din tid och pengar.","breadcrumb":{"@id":"https:\/\/medicinasinc.com\/se\/product\/kop-hydrokodon-10-325mg\/#breadcrumb"},"inLanguage":"sv-SE","potentialAction":[{"@type":"ReadAction","target":["https:\/\/medicinasinc.com\/se\/product\/kop-hydrokodon-10-325mg\/"]}]},{"@type":"ImageObject","inLanguage":"sv-SE","@id":"https:\/\/medicinasinc.com\/se\/product\/kop-hydrokodon-10-325mg\/#primaryimage","url":"https:\/\/medicinasinc.com\/se\/wp-content\/uploads\/sites\/16\/2022\/02\/buy-hydrocodone-10-325mg-online.jpg","contentUrl":"https:\/\/medicinasinc.com\/se\/wp-content\/uploads\/sites\/16\/2022\/02\/buy-hydrocodone-10-325mg-online.jpg","width":600,"height":600},{"@type":"BreadcrumbList","@id":"https:\/\/medicinasinc.com\/se\/product\/kop-hydrokodon-10-325mg\/#breadcrumb","itemListElement":[{"@type":"ListItem","position":1,"name":"aff\u00e4r","item":"https:\/\/medicinasinc.com\/se\/affar\/"},{"@type":"ListItem","position":2,"name":"K\u00f6p Hydrocodone 10\/325mg"}]},{"@type":"WebSite","@id":"https:\/\/medicinasinc.com\/se\/#website","url":"https:\/\/medicinasinc.com\/se\/","name":"Medicinas Inc","description":"Health Medical Clinic","potentialAction":[{"@type":"SearchAction","target":{"@type":"EntryPoint","urlTemplate":"https:\/\/medicinasinc.com\/se\/?s={search_term_string}"},"query-input":{"@type":"PropertyValueSpecification","valueRequired":true,"valueName":"search_term_string"}}],"inLanguage":"sv-SE"}]}},"_links":{"self":[{"href":"https:\/\/medicinasinc.com\/se\/wp-json\/wp\/v2\/product\/5184","targetHints":{"allow":["GET"]}}],"collection":[{"href":"https:\/\/medicinasinc.com\/se\/wp-json\/wp\/v2\/product"}],"about":[{"href":"https:\/\/medicinasinc.com\/se\/wp-json\/wp\/v2\/types\/product"}],"replies":[{"embeddable":true,"href":"https:\/\/medicinasinc.com\/se\/wp-json\/wp\/v2\/comments?post=5184"}],"wp:featuredmedia":[{"embeddable":true,"href":"https:\/\/medicinasinc.com\/se\/wp-json\/wp\/v2\/media\/5203"}],"wp:attachment":[{"href":"https:\/\/medicinasinc.com\/se\/wp-json\/wp\/v2\/media?parent=5184"}],"wp:term":[{"taxonomy":"product_brand","embeddable":true,"href":"https:\/\/medicinasinc.com\/se\/wp-json\/wp\/v2\/product_brand?post=5184"},{"taxonomy":"product_cat","embeddable":true,"href":"https:\/\/medicinasinc.com\/se\/wp-json\/wp\/v2\/product_cat?post=5184"},{"taxonomy":"product_tag","embeddable":true,"href":"https:\/\/medicinasinc.com\/se\/wp-json\/wp\/v2\/product_tag?post=5184"}],"curies":[{"name":"wp","href":"https:\/\/api.w.org\/{rel}","templated":true}]}}