{"id":5183,"date":"2022-02-20T21:35:10","date_gmt":"2022-02-20T21:35:10","guid":{"rendered":"https:\/\/medicinasinc.com\/se\/?post_type=product&#038;p=5183"},"modified":"2022-07-03T23:40:34","modified_gmt":"2022-07-03T23:40:34","slug":"hydrokodon-10-500mg","status":"publish","type":"product","link":"https:\/\/medicinasinc.com\/se\/product\/hydrokodon-10-500mg\/","title":{"rendered":"Hydrokodon 10\/500 mg"},"content":{"rendered":"<div class=\"product-next-previous\">\n<div class=\"product-prev\">\n<p>Hydrocodone 10\/500 mg piller finns att k\u00f6pa online f\u00f6r n\u00e4rvarande.<\/p>\n<p>H\u00f6gkvalitativ kombination l\u00e4kemedel f\u00f6r m\u00e5ttlig till sv\u00e5r sm\u00e4rtbehandling, Watson 540 (Hydrocodone) 500 mg \u00e4r Watson 540 (Hydrocodone). Acetaminophen och Hydrocodone anv\u00e4nds i formuleringen av Hydrocodone till salu. Icke-opioid paracetamol och opioidhydrokodon \u00e4r b\u00e5da sm\u00e4rtstillande medel.<\/p>\n<p>I hj\u00e4rnan f\u00f6r\u00e4ndrar denna medicin hur kroppen reagerar och upplever sm\u00e4rta. En individs temperatur kan ocks\u00e5 s\u00e4nkas med anv\u00e4ndningen av detta l\u00e4kemedel.<\/p>\n<p>P\u00e5 grund av de betydande negativa effekterna av ytlig\/l\u00e5ngsam andning som kan uppst\u00e5 n\u00e4r du k\u00f6per hydrokodon online, rekommenderas det inte f\u00f6r barn yngre \u00e4n 6 \u00e5r gammal.<\/p>\n<p>Innan du b\u00f6rjar med denna medicin, se till att l\u00e4sa patientinformationsbroschyren som du fick av din l\u00e4kare.<\/p>\n<p>K\u00f6p hydrokodon kan tas oralt, med eller utan m\u00e5ltider , beroende p\u00e5 anv\u00e4ndarens \u00f6nskem\u00e5l. R\u00e5dfr\u00e5ga din l\u00e4kare eller v\u00e5rdgivare innan du tar l\u00e4kemedlet om du k\u00e4nner dig illam\u00e5ende.<\/p>\n<p>Vad finns i varje Watson 540-tablett?<\/p>\n<p>Natriumstearat av magnesium<br \/> Mikrokristallin cellulosa<br \/> CrospovidonesCroscarmellose Den \u00e4r gjord av natriumstearat<br \/> St\u00e4rkelsePovidon<br \/> Polyetylentereftalatoxid<br \/> Inneh\u00e5ller F\u00c4RGPUDER Nr 10 D&amp;C Gul<\/p>\n<p>&nbsp;<\/p>\n<p>Beroende p\u00e5 patientens allm\u00e4nna svar och medicinska tillst\u00e5nd kan doseringen av detta l\u00e4kemedel variera. F\u00f6rs\u00f6k aldrig att \u00f6ka dosen av l\u00e4kemedlet, och sluta endast ta det om din l\u00e4kare instruerar dig att g\u00f6ra det.<\/p>\n<p>Det pl\u00f6tsliga upph\u00f6randet av l\u00e4kemedlet kan leda till uts\u00e4ttning. F\u00f6r att undvika abstinensbesv\u00e4r, f\u00f6lj din l\u00e4kares instruktioner f\u00f6r att gradvis minska din medicindosering.<\/p>\n<p>Ink\u00f6p online av hydrokodon kan ibland leda till beroende. Det rekommenderas att den angivna dosen av l\u00e4kemedlet inte \u00f6verskrids f\u00f6r att f\u00f6rhindra drogberoende.<\/p>\n<p>Allergi:<\/p>\n<p>Fr\u00e5ga din l\u00e4kare eller v\u00e5rdgivare om du kan anv\u00e4nda detta l\u00e4kemedel eftersom du \u00e4r allergisk mot ingredienserna paracetamol och hydrokodon. En individs reaktion p\u00e5 denna produkt kan p\u00e5verkas negativt av n\u00e4rvaron av aktiva substanser i dess formulering.<\/p>\n<p>S\u00f6mnighet:<\/p>\n<p>S\u00f6mnighet eller yrsel kan uppst\u00e5 som en biverkning av denna medicin. Att k\u00f6ra bil, anv\u00e4nda maskiner eller n\u00e5gon annan aktivitet som kr\u00e4ver fullst\u00e4ndig uppm\u00e4rksamhet eller vakenhet b\u00f6r undvikas. V\u00e4nligen avst\u00e5 fr\u00e5n att delta i n\u00e5gon av dessa aktiviteter tills du \u00e4r s\u00e4ker p\u00e5 att du kan g\u00f6ra det utan att st\u00f6ta p\u00e5 n\u00e5gra sv\u00e5righeter.<\/p>\n<p>Graviditet:<\/p>\n<p>Gravida kvinnor avr\u00e5ds fr\u00e5n att ta denna medicin. Anv\u00e4nd endast detta l\u00e4kemedel om det \u00e4r absolut n\u00f6dv\u00e4ndigt. R\u00e5dfr\u00e5ga din l\u00e4kare eller apotekspersonal f\u00f6r att l\u00e4ra dig om f\u00f6rdelarna och nackdelarna med att ta detta l\u00e4kemedel under graviditet.<\/p>\n<p>Amning<\/p>\n<p>Att ta detta l\u00e4kemedel under amning kan ha en negativ effekt p\u00e5 barnets h\u00e4lsa. L\u00e4kare b\u00f6r kontaktas snabbt om ditt barn uppvisar udda symtom som andningssv\u00e5righeter eller sl\u00f6het, samt problem med att \u00e4ta.<\/p>\n<p>Kr\u00e4kningar, yrsel, s\u00f6mnighet och f\u00f6rstoppning kan uppst\u00e5 som ett resultat av att du anv\u00e4nder hydrokodon. N\u00e4r medicineringen forts\u00e4tter kan vissa av dessa biverkningar minska i sv\u00e5righetsgrad med tiden. Om n\u00e5got av dessa symtom f\u00f6rv\u00e4rras b\u00f6r du s\u00f6ka akut l\u00e4karv\u00e5rd f\u00f6r att hitta en l\u00f6sning.<\/p>\n<p>Du b\u00f6r konsumera mycket fibrer och dricka mycket vatten f\u00f6r att undvika f\u00f6rstoppning. Ta ett laxermedel f\u00f6r att lindra symtomen p\u00e5 f\u00f6rstoppning om du beh\u00f6ver det. Du b\u00f6r r\u00e5dfr\u00e5ga din l\u00e4kare innan du tar ett laxermedel.<\/p>\n<p>Du b\u00f6r sakta resa dig fr\u00e5n en liggande eller sittande st\u00e4llning om du vill minimera symtomen p\u00e5 yrsel och yrsel.<\/p>\n<\/p><\/div><\/div>\n","protected":false},"excerpt":{"rendered":"<div class=\"woocommerce-product-details__short-description\">\n<p>K\u00f6p Hydrocodone 10\/500 mg piller till f\u00f6rs\u00e4ljning i Storbritannien, EU och Europa kan k\u00f6pas online fr\u00e5n v\u00e5r webbplats. Dihydrokodeinon (hydrokodon) \u00e4r en halvtillverkad opioid som h\u00e4rr\u00f6r fr\u00e5n kodein och tebain, tv\u00e5 vanliga lugnande medel.<\/p>\n<p>F\u00f6r m\u00e5ttlig till sv\u00e5r sm\u00e4rta \u00e4r den aktiva ingrediensen i Watson 540 (hydrokodon) 500 mg hydrokodon. Acetaminophen och Hydrocodone anv\u00e4nds i formuleringen av Hydrocodone till salu. Hydroxikodon \u00e4r ett sm\u00e4rtstillande l\u00e4kemedel f\u00f6r opioider, medan paracetamol \u00e4r icke-opioid.<\/p>\n<\/p><\/div>\n","protected":false},"featured_media":5201,"comment_status":"open","ping_status":"closed","template":"","meta":[],"product_brand":[],"product_cat":[1117],"product_tag":[1298,1299,1300,1301,1297,1302,1303,1304,1305,1306,1307,1308,1311,1312,1314,1313,1309,1310],"class_list":{"0":"post-5183","1":"product","2":"type-product","3":"status-publish","4":"has-post-thumbnail","6":"product_cat-kop-smarta-somn-sextabletter","7":"product_tag-generic-pills-for-sale-in-usa","8":"product_tag-generic-watson","9":"product_tag-generiska-watson-piller-till-frsljning-i-usa","10":"product_tag-hydrokodon-till-salu","11":"product_tag-kp-watson-online","12":"product_tag-medication-without-prescription","13":"product_tag-watson-500-mg","14":"product_tag-watson-500mg","15":"product_tag-watson-540-hydrokodon-500-mg","16":"product_tag-watson-540-hydrokodon-online","17":"product_tag-watson-540-medicin","18":"product_tag-watson-dosering","19":"product_tag-watson-hydrokodon-smrta-frlust-piller","20":"product_tag-watson-medication","21":"product_tag-watson-piller-utan-recept","22":"product_tag-watson-smrtlindring-tablett","23":"product_tag-watson-till-salu-i-uk","24":"product_tag-watson-till-salu-i-usa","26":"first","27":"instock","28":"shipping-taxable","29":"purchasable","30":"product-type-variable","31":"has-default-attributes"},"yoast_head":"<!-- This site is optimized with the Yoast SEO plugin v27.3 - https:\/\/yoast.com\/product\/yoast-seo-wordpress\/ -->\n<title>K\u00f6p Hydrocodone 10\/500mg - B\u00e4sta b\u00e4sta globala medicinerna<\/title>\n<meta name=\"description\" content=\"K\u00f6p Hydrocodone 10\/500mg piller till salu Storbritannien, EU, Europa online. Hydrokodon eller dihydrokodeinon \u00e4r en halvtillverkad opioid som h\u00e4rleds fr\u00e5n tv\u00e5 av de vanligaste lugnande medlen, kodein och tebain.\" \/>\n<meta name=\"robots\" content=\"index, follow, max-snippet:-1, max-image-preview:large, max-video-preview:-1\" \/>\n<link rel=\"canonical\" href=\"https:\/\/medicinasinc.com\/se\/product\/hydrokodon-10-500mg\/\" \/>\n<meta property=\"og:locale\" content=\"sv_SE\" \/>\n<meta property=\"og:type\" content=\"article\" \/>\n<meta property=\"og:title\" content=\"K\u00f6p Hydrocodone 10\/500mg - B\u00e4sta b\u00e4sta globala medicinerna\" \/>\n<meta property=\"og:description\" content=\"K\u00f6p Hydrocodone 10\/500mg piller till salu Storbritannien, EU, Europa online. Hydrokodon eller dihydrokodeinon \u00e4r en halvtillverkad opioid som h\u00e4rleds fr\u00e5n tv\u00e5 av de vanligaste lugnande medlen, kodein och tebain.\" \/>\n<meta property=\"og:url\" content=\"https:\/\/medicinasinc.com\/se\/product\/hydrokodon-10-500mg\/\" \/>\n<meta property=\"og:site_name\" content=\"Medicinas Inc\" \/>\n<meta property=\"article:modified_time\" content=\"2022-07-03T23:40:34+00:00\" \/>\n<meta property=\"og:image\" content=\"https:\/\/medicinasinc.com\/se\/wp-content\/uploads\/sites\/16\/2022\/02\/buy-hydrocodone-10-500mg-pills-online.jpg\" \/>\n\t<meta property=\"og:image:width\" content=\"600\" \/>\n\t<meta property=\"og:image:height\" content=\"600\" \/>\n\t<meta property=\"og:image:type\" content=\"image\/jpeg\" \/>\n<meta name=\"twitter:card\" content=\"summary_large_image\" \/>\n<meta name=\"twitter:label1\" content=\"Ber\u00e4knad l\u00e4stid\" \/>\n\t<meta name=\"twitter:data1\" content=\"3 minuter\" \/>\n<script type=\"application\/ld+json\" class=\"yoast-schema-graph\">{\"@context\":\"https:\\\/\\\/schema.org\",\"@graph\":[{\"@type\":\"WebPage\",\"@id\":\"https:\\\/\\\/medicinasinc.com\\\/se\\\/product\\\/hydrokodon-10-500mg\\\/\",\"url\":\"https:\\\/\\\/medicinasinc.com\\\/se\\\/product\\\/hydrokodon-10-500mg\\\/\",\"name\":\"K\u00f6p Hydrocodone 10\\\/500mg - B\u00e4sta b\u00e4sta globala medicinerna\",\"isPartOf\":{\"@id\":\"https:\\\/\\\/medicinasinc.com\\\/se\\\/#website\"},\"primaryImageOfPage\":{\"@id\":\"https:\\\/\\\/medicinasinc.com\\\/se\\\/product\\\/hydrokodon-10-500mg\\\/#primaryimage\"},\"image\":{\"@id\":\"https:\\\/\\\/medicinasinc.com\\\/se\\\/product\\\/hydrokodon-10-500mg\\\/#primaryimage\"},\"thumbnailUrl\":\"https:\\\/\\\/medicinasinc.com\\\/se\\\/wp-content\\\/uploads\\\/sites\\\/16\\\/2022\\\/02\\\/buy-hydrocodone-10-500mg-pills-online.jpg\",\"datePublished\":\"2022-02-20T21:35:10+00:00\",\"dateModified\":\"2022-07-03T23:40:34+00:00\",\"description\":\"K\u00f6p Hydrocodone 10\\\/500mg piller till salu Storbritannien, EU, Europa online. Hydrokodon eller dihydrokodeinon \u00e4r en halvtillverkad opioid som h\u00e4rleds fr\u00e5n tv\u00e5 av de vanligaste lugnande medlen, kodein och tebain.\",\"breadcrumb\":{\"@id\":\"https:\\\/\\\/medicinasinc.com\\\/se\\\/product\\\/hydrokodon-10-500mg\\\/#breadcrumb\"},\"inLanguage\":\"sv-SE\",\"potentialAction\":[{\"@type\":\"ReadAction\",\"target\":[\"https:\\\/\\\/medicinasinc.com\\\/se\\\/product\\\/hydrokodon-10-500mg\\\/\"]}]},{\"@type\":\"ImageObject\",\"inLanguage\":\"sv-SE\",\"@id\":\"https:\\\/\\\/medicinasinc.com\\\/se\\\/product\\\/hydrokodon-10-500mg\\\/#primaryimage\",\"url\":\"https:\\\/\\\/medicinasinc.com\\\/se\\\/wp-content\\\/uploads\\\/sites\\\/16\\\/2022\\\/02\\\/buy-hydrocodone-10-500mg-pills-online.jpg\",\"contentUrl\":\"https:\\\/\\\/medicinasinc.com\\\/se\\\/wp-content\\\/uploads\\\/sites\\\/16\\\/2022\\\/02\\\/buy-hydrocodone-10-500mg-pills-online.jpg\",\"width\":600,\"height\":600},{\"@type\":\"BreadcrumbList\",\"@id\":\"https:\\\/\\\/medicinasinc.com\\\/se\\\/product\\\/hydrokodon-10-500mg\\\/#breadcrumb\",\"itemListElement\":[{\"@type\":\"ListItem\",\"position\":1,\"name\":\"aff\u00e4r\",\"item\":\"https:\\\/\\\/medicinasinc.com\\\/se\\\/affar\\\/\"},{\"@type\":\"ListItem\",\"position\":2,\"name\":\"Hydrokodon 10\\\/500 mg\"}]},{\"@type\":\"WebSite\",\"@id\":\"https:\\\/\\\/medicinasinc.com\\\/se\\\/#website\",\"url\":\"https:\\\/\\\/medicinasinc.com\\\/se\\\/\",\"name\":\"Medicinas Inc\",\"description\":\"Health Medical Clinic\",\"potentialAction\":[{\"@type\":\"SearchAction\",\"target\":{\"@type\":\"EntryPoint\",\"urlTemplate\":\"https:\\\/\\\/medicinasinc.com\\\/se\\\/?s={search_term_string}\"},\"query-input\":{\"@type\":\"PropertyValueSpecification\",\"valueRequired\":true,\"valueName\":\"search_term_string\"}}],\"inLanguage\":\"sv-SE\"}]}<\/script>\n<!-- \/ Yoast SEO plugin. -->","yoast_head_json":{"title":"K\u00f6p Hydrocodone 10\/500mg - B\u00e4sta b\u00e4sta globala medicinerna","description":"K\u00f6p Hydrocodone 10\/500mg piller till salu Storbritannien, EU, Europa online. Hydrokodon eller dihydrokodeinon \u00e4r en halvtillverkad opioid som h\u00e4rleds fr\u00e5n tv\u00e5 av de vanligaste lugnande medlen, kodein och tebain.","robots":{"index":"index","follow":"follow","max-snippet":"max-snippet:-1","max-image-preview":"max-image-preview:large","max-video-preview":"max-video-preview:-1"},"canonical":"https:\/\/medicinasinc.com\/se\/product\/hydrokodon-10-500mg\/","og_locale":"sv_SE","og_type":"article","og_title":"K\u00f6p Hydrocodone 10\/500mg - B\u00e4sta b\u00e4sta globala medicinerna","og_description":"K\u00f6p Hydrocodone 10\/500mg piller till salu Storbritannien, EU, Europa online. Hydrokodon eller dihydrokodeinon \u00e4r en halvtillverkad opioid som h\u00e4rleds fr\u00e5n tv\u00e5 av de vanligaste lugnande medlen, kodein och tebain.","og_url":"https:\/\/medicinasinc.com\/se\/product\/hydrokodon-10-500mg\/","og_site_name":"Medicinas Inc","article_modified_time":"2022-07-03T23:40:34+00:00","og_image":[{"width":600,"height":600,"url":"https:\/\/medicinasinc.com\/se\/wp-content\/uploads\/sites\/16\/2022\/02\/buy-hydrocodone-10-500mg-pills-online.jpg","type":"image\/jpeg"}],"twitter_card":"summary_large_image","twitter_misc":{"Ber\u00e4knad l\u00e4stid":"3 minuter"},"schema":{"@context":"https:\/\/schema.org","@graph":[{"@type":"WebPage","@id":"https:\/\/medicinasinc.com\/se\/product\/hydrokodon-10-500mg\/","url":"https:\/\/medicinasinc.com\/se\/product\/hydrokodon-10-500mg\/","name":"K\u00f6p Hydrocodone 10\/500mg - B\u00e4sta b\u00e4sta globala medicinerna","isPartOf":{"@id":"https:\/\/medicinasinc.com\/se\/#website"},"primaryImageOfPage":{"@id":"https:\/\/medicinasinc.com\/se\/product\/hydrokodon-10-500mg\/#primaryimage"},"image":{"@id":"https:\/\/medicinasinc.com\/se\/product\/hydrokodon-10-500mg\/#primaryimage"},"thumbnailUrl":"https:\/\/medicinasinc.com\/se\/wp-content\/uploads\/sites\/16\/2022\/02\/buy-hydrocodone-10-500mg-pills-online.jpg","datePublished":"2022-02-20T21:35:10+00:00","dateModified":"2022-07-03T23:40:34+00:00","description":"K\u00f6p Hydrocodone 10\/500mg piller till salu Storbritannien, EU, Europa online. Hydrokodon eller dihydrokodeinon \u00e4r en halvtillverkad opioid som h\u00e4rleds fr\u00e5n tv\u00e5 av de vanligaste lugnande medlen, kodein och tebain.","breadcrumb":{"@id":"https:\/\/medicinasinc.com\/se\/product\/hydrokodon-10-500mg\/#breadcrumb"},"inLanguage":"sv-SE","potentialAction":[{"@type":"ReadAction","target":["https:\/\/medicinasinc.com\/se\/product\/hydrokodon-10-500mg\/"]}]},{"@type":"ImageObject","inLanguage":"sv-SE","@id":"https:\/\/medicinasinc.com\/se\/product\/hydrokodon-10-500mg\/#primaryimage","url":"https:\/\/medicinasinc.com\/se\/wp-content\/uploads\/sites\/16\/2022\/02\/buy-hydrocodone-10-500mg-pills-online.jpg","contentUrl":"https:\/\/medicinasinc.com\/se\/wp-content\/uploads\/sites\/16\/2022\/02\/buy-hydrocodone-10-500mg-pills-online.jpg","width":600,"height":600},{"@type":"BreadcrumbList","@id":"https:\/\/medicinasinc.com\/se\/product\/hydrokodon-10-500mg\/#breadcrumb","itemListElement":[{"@type":"ListItem","position":1,"name":"aff\u00e4r","item":"https:\/\/medicinasinc.com\/se\/affar\/"},{"@type":"ListItem","position":2,"name":"Hydrokodon 10\/500 mg"}]},{"@type":"WebSite","@id":"https:\/\/medicinasinc.com\/se\/#website","url":"https:\/\/medicinasinc.com\/se\/","name":"Medicinas Inc","description":"Health Medical Clinic","potentialAction":[{"@type":"SearchAction","target":{"@type":"EntryPoint","urlTemplate":"https:\/\/medicinasinc.com\/se\/?s={search_term_string}"},"query-input":{"@type":"PropertyValueSpecification","valueRequired":true,"valueName":"search_term_string"}}],"inLanguage":"sv-SE"}]}},"_links":{"self":[{"href":"https:\/\/medicinasinc.com\/se\/wp-json\/wp\/v2\/product\/5183","targetHints":{"allow":["GET"]}}],"collection":[{"href":"https:\/\/medicinasinc.com\/se\/wp-json\/wp\/v2\/product"}],"about":[{"href":"https:\/\/medicinasinc.com\/se\/wp-json\/wp\/v2\/types\/product"}],"replies":[{"embeddable":true,"href":"https:\/\/medicinasinc.com\/se\/wp-json\/wp\/v2\/comments?post=5183"}],"wp:featuredmedia":[{"embeddable":true,"href":"https:\/\/medicinasinc.com\/se\/wp-json\/wp\/v2\/media\/5201"}],"wp:attachment":[{"href":"https:\/\/medicinasinc.com\/se\/wp-json\/wp\/v2\/media?parent=5183"}],"wp:term":[{"taxonomy":"product_brand","embeddable":true,"href":"https:\/\/medicinasinc.com\/se\/wp-json\/wp\/v2\/product_brand?post=5183"},{"taxonomy":"product_cat","embeddable":true,"href":"https:\/\/medicinasinc.com\/se\/wp-json\/wp\/v2\/product_cat?post=5183"},{"taxonomy":"product_tag","embeddable":true,"href":"https:\/\/medicinasinc.com\/se\/wp-json\/wp\/v2\/product_tag?post=5183"}],"curies":[{"name":"wp","href":"https:\/\/api.w.org\/{rel}","templated":true}]}}