{"id":5182,"date":"2022-02-20T21:32:53","date_gmt":"2022-02-20T21:32:53","guid":{"rendered":"https:\/\/medicinasinc.com\/se\/?post_type=product&#038;p=5182"},"modified":"2022-07-03T23:40:45","modified_gmt":"2022-07-03T23:40:45","slug":"kop-fentanyl-plaster-for-transdermalt-system","status":"publish","type":"product","link":"https:\/\/medicinasinc.com\/se\/product\/kop-fentanyl-plaster-for-transdermalt-system\/","title":{"rendered":"K\u00f6p fentanyl pl\u00e5ster f\u00f6r transdermalt system"},"content":{"rendered":"<div class=\"product-next-previous\">\n<div class=\"product-prev\">\n<p>Transdermala pl\u00e5ster med Fentanyl finns att k\u00f6pa<br \/> Co Fentanyl \u00e4r vad?<\/p>\n<p>Opioider \u00e4r en klass av l\u00e4kemedel som inkluderar fentanyl. Om du lider av kronisk (l\u00e5ngvarig) sv\u00e5r sm\u00e4rta och redan anv\u00e4nder en opioidmedicin (narkotisk) kan du ha nytta av anv\u00e4ndningen av fentanyl.<\/p>\n<p>Vad \u00e4r priset p\u00e5 Co Fentanyl?<\/p>\n<p>PocketPills erbjuder Co Fentanyl utan kostnad. Om din f\u00f6rs\u00e4kring t\u00e4cker kostnaden f\u00f6r Co Fentanyl kan du kanske f\u00e5 det till ett reducerat pris. Dispenserings- och leveranskostnader b\u00f6r inkluderas i den slutliga kostnaden f\u00f6r ditt Co Fentanyl-k\u00f6p.<\/p>\n<p>Hur mycket kostar Co Fentanyls utl\u00e4mningsavgift?<\/p>\n<p>Att best\u00e4lla Co Fentanyl fr\u00e5n oss kommer med en dispenseringsavgift p\u00e5 endast $0. Om du letar efter det billigaste Co Fentanyl-priset i Kanada, \u00e4r Pocketpills h\u00e4r f\u00f6r att hj\u00e4lpa till.<br \/> Se till att dra nytta av v\u00e5rt gratis frakterbjudande i Kanada.<\/p>\n<p>Drug Name: Co-Fentanyl <\/p>\n<p>Toxicitet<\/p>\n<p>En m\u00e4ngd olika l\u00e4kemedel har potential att inducera o\u00f6nskade konsekvenser.<\/p>\n<p>N\u00e4r ett l\u00e4kemedel anv\u00e4nds enligt ordination kan biverkningar uppst\u00e5 som inte f\u00f6rv\u00e4ntas . Det \u00e4r m\u00f6jligt f\u00f6r biverkningar att vara l\u00e4tta eller allvarliga, s\u00e5v\u00e4l som l\u00e5ngvariga eller kortlivade.<\/p>\n<p>Alla som tar Co Fentanyl upplever inte f\u00f6ljande biverkningar (Fentanyl-transdermal).<\/p>\n<p>Tala med din l\u00e4kare om du \u00e4r orolig \u00f6ver biverkningar av Co Fentanyl (Fentanyl-transdermal).<\/p>\n<p>Minst 1 % av Co Fentanyl-anv\u00e4ndare har haft f\u00f6ljande biverkningar (Fentanyl-transdermal) . Det \u00e4r m\u00f6jligt att vissa av dessa biverkningar f\u00f6rsvinner av sig sj\u00e4lva med tiden.<\/p>\n<p>Om du m\u00e4rker n\u00e5gon av dessa biverkningar och de \u00e4r besv\u00e4rande eller allvarliga, kontakta din l\u00e4kare. Om du har problem med biverkningar, fr\u00e5ga din apotekspersonal om hj\u00e4lp.<\/p>\n<p>f\u00f6rvirring<br \/> F\u00f6rstoppning<br \/> f\u00f6rstoppning problem med att fokusera p\u00e5 s\u00f6mnighet och yrsel p\u00e5 kv\u00e4llen<br \/> Orolig k\u00e4nsla, rodnad , och att ha huvudv\u00e4rk \u00e4r alla symptom p\u00e5 muntorrhet.<br \/> brist p\u00e5 minne<br \/> obehag eller kl\u00e5da vid appliceringsplatsen<\/p>\n<p>Vanliga fr\u00e5gor om Co Fentanyl<br \/> Att k\u00f6pa Co Fentanyl Online, du beh\u00f6ver veta hur.<\/p>\n<p>Om du har ett giltigt recept fr\u00e5n din l\u00e4kare kan du k\u00f6pa Co Fentanyl online p\u00e5 PocketPills. Du kan b\u00f6rja med att ladda upp ditt recept, k\u00f6pa en refill eller chatta med en av v\u00e5ra kanadensiska l\u00e4kare f\u00f6r att f\u00e5 ett onlinerecept genom att \u00f6verf\u00f6ra befintliga recept till v\u00e5rt apotek. Ett recept p\u00e5 Co-fentanyl: Vart g\u00e5r jag h\u00e4rifr\u00e5n?<\/p>\n<p>P\u00e5 pocketpills.com kan du prata med en kanadensisk l\u00e4kare \u00f6ver internet. Under din tid kan v\u00e5ra l\u00e4kare utf\u00e4rda recept p\u00e5 l\u00e4kemedel till dig \u00f6ver internet. Utan extra kostnad kan du f\u00e5 ditt recept hemlevererat diskret och i originalf\u00f6rpackningen efter att du f\u00e5tt det.<\/p>\n<p>Hur snart kan jag f\u00f6rv\u00e4nta mig mitt paket?<\/p>\n<p>Ja! P\u00e5 vissa st\u00e4llen kan vi erbjuda leverans samma dag. F\u00f6rutom leverans n\u00e4sta dag tillhandah\u00e5ller vi \u00e4ven frakt \u00f6ver natten.<br \/> Hur mycket kostar Co Fentanyl-frakt till Kanada?<br \/> Co Fentanyls fraktkostnader till dig i Kanada \u00e4r helt gratis. De reducerade utl\u00e4mningsavgifterna och fri frakt som erbjuds av Pocketpills g\u00f6r det l\u00e4ttare f\u00f6r kanadensare att f\u00e5 den medicin de beh\u00f6ver.<br \/> Leverans av Co Fentanyl till mitt hus?<br \/> Om du best\u00e4llt receptbelagda l\u00e4kemedel fr\u00e5n oss i Kanada med ett giltigt recept, vi kan skicka Co Fentanyl till din d\u00f6rr. Kontakta oss om du \u00e4r os\u00e4ker p\u00e5 om vi levererar i din region.<br \/> Var kan jag f\u00e5 gratis Co Fentanyl i Kanada?<br \/> Om du har en sjukf\u00f6rs\u00e4kringsplan som t\u00e4cker Co Fentanyl kan du f\u00e5 den gratis i Kanada. Ta reda p\u00e5 om du \u00e4r ber\u00e4ttigad till gratis Co Fentanyl genom att kontakta din leverant\u00f6r eller oss.<br \/> Var kan jag hitta en l\u00e4kare f\u00f6r att f\u00e5 Co Fentanyl?<br \/> Ja. F\u00f6r att ta reda p\u00e5 om du \u00e4r ber\u00e4ttigad till ett recept p\u00e5 Co Fentanyl kan du boka en onlinekonsultation med en kanadensisk l\u00e4kare genom Best Global Meds.<br \/> Utan recept kan jag k\u00f6pa Co Fentanyl?<br \/> F\u00f6r att k\u00f6pa Co Fentanyl fr\u00e5n oss m\u00e5ste du ha ett giltigt recept. Om du beh\u00f6ver ett recept, v\u00e4nligen kontakta oss. Du kan kontakta en av v\u00e5ra l\u00e4kare n\u00e4r det passar dig.<\/p>\n<p>&nbsp;<\/p>\n<p>Detta l\u00e4kemedel anv\u00e4nds f\u00f6r att behandla kronisk sm\u00e4rta (som p\u00e5 grund av cancer). Opioida (narkotiska) analgetika, d\u00e4r fentanyl ing\u00e5r, \u00e4r en vanlig typ av sm\u00e4rtstillande medel. Det f\u00f6r\u00e4ndrar hur din kropp uppfattar och reagerar p\u00e5 sm\u00e4rta genom att p\u00e5verka hj\u00e4rnan.<\/p>\n<p>Pl\u00e5sterformen av fentanyl ska inte anv\u00e4ndas f\u00f6r att behandla mild eller kortvarig sm\u00e4rta. &#8221;som&#8221; \u00e4r inte en l\u00e4mplig term f\u00f6r detta l\u00e4kemedel.<\/p>\n<\/p><\/div><\/div>\n","protected":false},"excerpt":{"rendered":"<p>I Storbritannien \u00e4r det m\u00f6jligt att k\u00f6pa fentanylpl\u00e5ster online, s\u00e5v\u00e4l som fentanyl i allm\u00e4nhet, samt fentanylpl\u00e5ster till f\u00f6rs\u00e4ljning d\u00e4r.<\/p>\n<p>Pl\u00e5ster av fentanyl anv\u00e4nds f\u00f6r att behandla kronisk sm\u00e4rta&amp;#8230 ;. N\u00e4r du samlar in recept eller skaffar ytterligare mediciner, n\u00e4mn pl\u00e5stret du b\u00e4r f\u00f6r din apotekspersonal.<\/p>\n","protected":false},"featured_media":5199,"comment_status":"open","ping_status":"closed","template":"","meta":[],"product_brand":[],"product_cat":[1117],"product_tag":[1247,1248,1249,1250,1251,1252,1255,1254,1253,1267,1272,1268,1256,1257,1262,1263,1264,1265,1270,1271,1274,1276,1280,1260,1258,1259,1261,1278,1277,1273,1275,1269,1293,1282,1283,1284,1286,1287,1281,1285,1288,1289,1292,1290,1291,1266,1279,1294,1296,1295],"class_list":{"0":"post-5182","1":"product","2":"type-product","3":"status-publish","4":"has-post-thumbnail","6":"product_cat-kop-smarta-somn-sextabletter","7":"product_tag-100-mg-fentanyl-plster","8":"product_tag-100-mg-fentanyl-plster-gata-pris","9":"product_tag-12-mikrogram-fentanyl-plster","10":"product_tag-25-mcg-fentanyl-plster-ekvivalent","11":"product_tag-50-mg-fentanyl-plster","12":"product_tag-75-mg-fentanyl-plster","13":"product_tag-ta-fentanyl-plster","14":"product_tag-bsta-sttet-att-f-hgt-p-fentanyl-plster","15":"product_tag-bsta-stllet-att-stta-fentanyl-plster","16":"product_tag-fentanyl-plster-avfallshantering","17":"product_tag-fentanyl-plster-doser","18":"product_tag-fentanyl-plster-dosering","19":"product_tag-fentanyl-gel-patch","20":"product_tag-fentanyl-pain-patch","21":"product_tag-fentanyl-patch-50-mcg","22":"product_tag-fentanyl-patch-75-mcg","23":"product_tag-fentanyl-patch-application","24":"product_tag-fentanyl-patch-brands","25":"product_tag-fentanyl-patch-dosage-chart","26":"product_tag-fentanyl-patch-dosages","27":"product_tag-fentanyl-patch-dosing","28":"product_tag-fentanyl-patch-package-insert","29":"product_tag-fentanyl-transdermal-patch","30":"product_tag-fentanyl-plster-100mcg","31":"product_tag-fentanyl-plster","32":"product_tag-fentanyl-plster-100-mcg","33":"product_tag-fentanyl-patch-25-mcg-street-value","34":"product_tag-fentanyl-plster-anvnder","35":"product_tag-fentanyl-plster-biverkningar","36":"product_tag-fentanyl-pl-c3-a5ster-doser-12-mcg","37":"product_tag-fentanyl-plster-till-salu","38":"product_tag-fentanyl-pl-c3-a5ster-dosering-12-mcg","39":"product_tag-street-value-of-fentanyl-patch","40":"product_tag-how-long-does-it-take-for-a-fentanyl-patch-to-kick-in","41":"product_tag-how-to-apply-fentanyl-patch","42":"product_tag-how-to-break-down-fentanyl-patch","43":"product_tag-how-to-taper-off-fentanyl-patch-without-withdrawal","44":"product_tag-how-to-use-fentanyl-patch","45":"product_tag-hur-lnge-sitter-ett-fentanyl-plster-i-ditt-system","46":"product_tag-hur-man-rker-ett-fentanyl-plster","47":"product_tag-injicera-fentanyl-plster","48":"product_tag-mallinckrodt-fentanyl-plster-extraktion","49":"product_tag-rk-fentanyl-plster","50":"product_tag-sandoz-fentanyl-plster","51":"product_tag-skjuta-fentanyl-plster","52":"product_tag-fentanyl-plster-tuggning","53":"product_tag-fentanyl-plster-uttag","54":"product_tag-vad-r-fentanyl-plster","55":"product_tag-var-att-stta-fentanyl-plster","56":"product_tag-var-att-placera-fentanyl-plster","58":"first","59":"instock","60":"shipping-taxable","61":"purchasable","62":"product-type-variable","63":"has-default-attributes"},"yoast_head":"<!-- This site is optimized with the Yoast SEO plugin v27.3 - https:\/\/yoast.com\/product\/yoast-seo-wordpress\/ -->\n<title>K\u00f6p fentanyl pl\u00e5ster f\u00f6r transdermalt system - b\u00e4sta b\u00e4sta globala l\u00e4kemedel<\/title>\n<meta name=\"description\" content=\"K\u00f6p\u00a0fentanylpl\u00e5ster\u00a0online uk, fentanyl online uk, kostnad f\u00f6r\u00a0fentanylpl\u00e5ster\u00a0uk,\u00a0k\u00f6p fentanylpl\u00e5ster\u00a0uk, fentanyl gatupris uk, fentanylpl\u00e5ster\u00a0till salu uk\" \/>\n<meta name=\"robots\" content=\"index, follow, max-snippet:-1, max-image-preview:large, max-video-preview:-1\" \/>\n<link rel=\"canonical\" href=\"https:\/\/medicinasinc.com\/se\/product\/kop-fentanyl-plaster-for-transdermalt-system\/\" \/>\n<meta property=\"og:locale\" content=\"sv_SE\" \/>\n<meta property=\"og:type\" content=\"article\" \/>\n<meta property=\"og:title\" content=\"K\u00f6p fentanyl pl\u00e5ster f\u00f6r transdermalt system - b\u00e4sta b\u00e4sta globala l\u00e4kemedel\" \/>\n<meta property=\"og:description\" content=\"K\u00f6p\u00a0fentanylpl\u00e5ster\u00a0online uk, fentanyl online uk, kostnad f\u00f6r\u00a0fentanylpl\u00e5ster\u00a0uk,\u00a0k\u00f6p fentanylpl\u00e5ster\u00a0uk, fentanyl gatupris uk, fentanylpl\u00e5ster\u00a0till salu uk\" \/>\n<meta property=\"og:url\" content=\"https:\/\/medicinasinc.com\/se\/product\/kop-fentanyl-plaster-for-transdermalt-system\/\" \/>\n<meta property=\"og:site_name\" content=\"Medicinas Inc\" \/>\n<meta property=\"article:modified_time\" content=\"2022-07-03T23:40:45+00:00\" \/>\n<meta property=\"og:image\" content=\"https:\/\/medicinasinc.com\/se\/wp-content\/uploads\/sites\/16\/2022\/02\/buy-fentanyl-transdermal-system-patch.jpg\" \/>\n\t<meta property=\"og:image:width\" content=\"600\" \/>\n\t<meta property=\"og:image:height\" content=\"600\" \/>\n\t<meta property=\"og:image:type\" content=\"image\/jpeg\" \/>\n<meta name=\"twitter:card\" content=\"summary_large_image\" \/>\n<meta name=\"twitter:label1\" content=\"Ber\u00e4knad l\u00e4stid\" \/>\n\t<meta name=\"twitter:data1\" content=\"4 minuter\" \/>\n<script type=\"application\/ld+json\" class=\"yoast-schema-graph\">{\"@context\":\"https:\\\/\\\/schema.org\",\"@graph\":[{\"@type\":\"WebPage\",\"@id\":\"https:\\\/\\\/medicinasinc.com\\\/se\\\/product\\\/kop-fentanyl-plaster-for-transdermalt-system\\\/\",\"url\":\"https:\\\/\\\/medicinasinc.com\\\/se\\\/product\\\/kop-fentanyl-plaster-for-transdermalt-system\\\/\",\"name\":\"K\u00f6p fentanyl pl\u00e5ster f\u00f6r transdermalt system - b\u00e4sta b\u00e4sta globala l\u00e4kemedel\",\"isPartOf\":{\"@id\":\"https:\\\/\\\/medicinasinc.com\\\/se\\\/#website\"},\"primaryImageOfPage\":{\"@id\":\"https:\\\/\\\/medicinasinc.com\\\/se\\\/product\\\/kop-fentanyl-plaster-for-transdermalt-system\\\/#primaryimage\"},\"image\":{\"@id\":\"https:\\\/\\\/medicinasinc.com\\\/se\\\/product\\\/kop-fentanyl-plaster-for-transdermalt-system\\\/#primaryimage\"},\"thumbnailUrl\":\"https:\\\/\\\/medicinasinc.com\\\/se\\\/wp-content\\\/uploads\\\/sites\\\/16\\\/2022\\\/02\\\/buy-fentanyl-transdermal-system-patch.jpg\",\"datePublished\":\"2022-02-20T21:32:53+00:00\",\"dateModified\":\"2022-07-03T23:40:45+00:00\",\"description\":\"K\u00f6p\u00a0fentanylpl\u00e5ster\u00a0online uk, fentanyl online uk, kostnad f\u00f6r\u00a0fentanylpl\u00e5ster\u00a0uk,\u00a0k\u00f6p fentanylpl\u00e5ster\u00a0uk, fentanyl gatupris uk, fentanylpl\u00e5ster\u00a0till salu uk\",\"breadcrumb\":{\"@id\":\"https:\\\/\\\/medicinasinc.com\\\/se\\\/product\\\/kop-fentanyl-plaster-for-transdermalt-system\\\/#breadcrumb\"},\"inLanguage\":\"sv-SE\",\"potentialAction\":[{\"@type\":\"ReadAction\",\"target\":[\"https:\\\/\\\/medicinasinc.com\\\/se\\\/product\\\/kop-fentanyl-plaster-for-transdermalt-system\\\/\"]}]},{\"@type\":\"ImageObject\",\"inLanguage\":\"sv-SE\",\"@id\":\"https:\\\/\\\/medicinasinc.com\\\/se\\\/product\\\/kop-fentanyl-plaster-for-transdermalt-system\\\/#primaryimage\",\"url\":\"https:\\\/\\\/medicinasinc.com\\\/se\\\/wp-content\\\/uploads\\\/sites\\\/16\\\/2022\\\/02\\\/buy-fentanyl-transdermal-system-patch.jpg\",\"contentUrl\":\"https:\\\/\\\/medicinasinc.com\\\/se\\\/wp-content\\\/uploads\\\/sites\\\/16\\\/2022\\\/02\\\/buy-fentanyl-transdermal-system-patch.jpg\",\"width\":600,\"height\":600},{\"@type\":\"BreadcrumbList\",\"@id\":\"https:\\\/\\\/medicinasinc.com\\\/se\\\/product\\\/kop-fentanyl-plaster-for-transdermalt-system\\\/#breadcrumb\",\"itemListElement\":[{\"@type\":\"ListItem\",\"position\":1,\"name\":\"aff\u00e4r\",\"item\":\"https:\\\/\\\/medicinasinc.com\\\/se\\\/affar\\\/\"},{\"@type\":\"ListItem\",\"position\":2,\"name\":\"K\u00f6p fentanyl pl\u00e5ster f\u00f6r transdermalt system\"}]},{\"@type\":\"WebSite\",\"@id\":\"https:\\\/\\\/medicinasinc.com\\\/se\\\/#website\",\"url\":\"https:\\\/\\\/medicinasinc.com\\\/se\\\/\",\"name\":\"Medicinas Inc\",\"description\":\"Health Medical Clinic\",\"potentialAction\":[{\"@type\":\"SearchAction\",\"target\":{\"@type\":\"EntryPoint\",\"urlTemplate\":\"https:\\\/\\\/medicinasinc.com\\\/se\\\/?s={search_term_string}\"},\"query-input\":{\"@type\":\"PropertyValueSpecification\",\"valueRequired\":true,\"valueName\":\"search_term_string\"}}],\"inLanguage\":\"sv-SE\"}]}<\/script>\n<!-- \/ Yoast SEO plugin. -->","yoast_head_json":{"title":"K\u00f6p fentanyl pl\u00e5ster f\u00f6r transdermalt system - b\u00e4sta b\u00e4sta globala l\u00e4kemedel","description":"K\u00f6p\u00a0fentanylpl\u00e5ster\u00a0online uk, fentanyl online uk, kostnad f\u00f6r\u00a0fentanylpl\u00e5ster\u00a0uk,\u00a0k\u00f6p fentanylpl\u00e5ster\u00a0uk, fentanyl gatupris uk, fentanylpl\u00e5ster\u00a0till salu uk","robots":{"index":"index","follow":"follow","max-snippet":"max-snippet:-1","max-image-preview":"max-image-preview:large","max-video-preview":"max-video-preview:-1"},"canonical":"https:\/\/medicinasinc.com\/se\/product\/kop-fentanyl-plaster-for-transdermalt-system\/","og_locale":"sv_SE","og_type":"article","og_title":"K\u00f6p fentanyl pl\u00e5ster f\u00f6r transdermalt system - b\u00e4sta b\u00e4sta globala l\u00e4kemedel","og_description":"K\u00f6p\u00a0fentanylpl\u00e5ster\u00a0online uk, fentanyl online uk, kostnad f\u00f6r\u00a0fentanylpl\u00e5ster\u00a0uk,\u00a0k\u00f6p fentanylpl\u00e5ster\u00a0uk, fentanyl gatupris uk, fentanylpl\u00e5ster\u00a0till salu uk","og_url":"https:\/\/medicinasinc.com\/se\/product\/kop-fentanyl-plaster-for-transdermalt-system\/","og_site_name":"Medicinas Inc","article_modified_time":"2022-07-03T23:40:45+00:00","og_image":[{"width":600,"height":600,"url":"https:\/\/medicinasinc.com\/se\/wp-content\/uploads\/sites\/16\/2022\/02\/buy-fentanyl-transdermal-system-patch.jpg","type":"image\/jpeg"}],"twitter_card":"summary_large_image","twitter_misc":{"Ber\u00e4knad l\u00e4stid":"4 minuter"},"schema":{"@context":"https:\/\/schema.org","@graph":[{"@type":"WebPage","@id":"https:\/\/medicinasinc.com\/se\/product\/kop-fentanyl-plaster-for-transdermalt-system\/","url":"https:\/\/medicinasinc.com\/se\/product\/kop-fentanyl-plaster-for-transdermalt-system\/","name":"K\u00f6p fentanyl pl\u00e5ster f\u00f6r transdermalt system - b\u00e4sta b\u00e4sta globala l\u00e4kemedel","isPartOf":{"@id":"https:\/\/medicinasinc.com\/se\/#website"},"primaryImageOfPage":{"@id":"https:\/\/medicinasinc.com\/se\/product\/kop-fentanyl-plaster-for-transdermalt-system\/#primaryimage"},"image":{"@id":"https:\/\/medicinasinc.com\/se\/product\/kop-fentanyl-plaster-for-transdermalt-system\/#primaryimage"},"thumbnailUrl":"https:\/\/medicinasinc.com\/se\/wp-content\/uploads\/sites\/16\/2022\/02\/buy-fentanyl-transdermal-system-patch.jpg","datePublished":"2022-02-20T21:32:53+00:00","dateModified":"2022-07-03T23:40:45+00:00","description":"K\u00f6p\u00a0fentanylpl\u00e5ster\u00a0online uk, fentanyl online uk, kostnad f\u00f6r\u00a0fentanylpl\u00e5ster\u00a0uk,\u00a0k\u00f6p fentanylpl\u00e5ster\u00a0uk, fentanyl gatupris uk, fentanylpl\u00e5ster\u00a0till salu uk","breadcrumb":{"@id":"https:\/\/medicinasinc.com\/se\/product\/kop-fentanyl-plaster-for-transdermalt-system\/#breadcrumb"},"inLanguage":"sv-SE","potentialAction":[{"@type":"ReadAction","target":["https:\/\/medicinasinc.com\/se\/product\/kop-fentanyl-plaster-for-transdermalt-system\/"]}]},{"@type":"ImageObject","inLanguage":"sv-SE","@id":"https:\/\/medicinasinc.com\/se\/product\/kop-fentanyl-plaster-for-transdermalt-system\/#primaryimage","url":"https:\/\/medicinasinc.com\/se\/wp-content\/uploads\/sites\/16\/2022\/02\/buy-fentanyl-transdermal-system-patch.jpg","contentUrl":"https:\/\/medicinasinc.com\/se\/wp-content\/uploads\/sites\/16\/2022\/02\/buy-fentanyl-transdermal-system-patch.jpg","width":600,"height":600},{"@type":"BreadcrumbList","@id":"https:\/\/medicinasinc.com\/se\/product\/kop-fentanyl-plaster-for-transdermalt-system\/#breadcrumb","itemListElement":[{"@type":"ListItem","position":1,"name":"aff\u00e4r","item":"https:\/\/medicinasinc.com\/se\/affar\/"},{"@type":"ListItem","position":2,"name":"K\u00f6p fentanyl pl\u00e5ster f\u00f6r transdermalt system"}]},{"@type":"WebSite","@id":"https:\/\/medicinasinc.com\/se\/#website","url":"https:\/\/medicinasinc.com\/se\/","name":"Medicinas Inc","description":"Health Medical Clinic","potentialAction":[{"@type":"SearchAction","target":{"@type":"EntryPoint","urlTemplate":"https:\/\/medicinasinc.com\/se\/?s={search_term_string}"},"query-input":{"@type":"PropertyValueSpecification","valueRequired":true,"valueName":"search_term_string"}}],"inLanguage":"sv-SE"}]}},"_links":{"self":[{"href":"https:\/\/medicinasinc.com\/se\/wp-json\/wp\/v2\/product\/5182","targetHints":{"allow":["GET"]}}],"collection":[{"href":"https:\/\/medicinasinc.com\/se\/wp-json\/wp\/v2\/product"}],"about":[{"href":"https:\/\/medicinasinc.com\/se\/wp-json\/wp\/v2\/types\/product"}],"replies":[{"embeddable":true,"href":"https:\/\/medicinasinc.com\/se\/wp-json\/wp\/v2\/comments?post=5182"}],"wp:featuredmedia":[{"embeddable":true,"href":"https:\/\/medicinasinc.com\/se\/wp-json\/wp\/v2\/media\/5199"}],"wp:attachment":[{"href":"https:\/\/medicinasinc.com\/se\/wp-json\/wp\/v2\/media?parent=5182"}],"wp:term":[{"taxonomy":"product_brand","embeddable":true,"href":"https:\/\/medicinasinc.com\/se\/wp-json\/wp\/v2\/product_brand?post=5182"},{"taxonomy":"product_cat","embeddable":true,"href":"https:\/\/medicinasinc.com\/se\/wp-json\/wp\/v2\/product_cat?post=5182"},{"taxonomy":"product_tag","embeddable":true,"href":"https:\/\/medicinasinc.com\/se\/wp-json\/wp\/v2\/product_tag?post=5182"}],"curies":[{"name":"wp","href":"https:\/\/api.w.org\/{rel}","templated":true}]}}