{"id":5151,"date":"2022-02-20T21:07:35","date_gmt":"2022-02-20T21:07:35","guid":{"rendered":"https:\/\/medicinasinc.com\/se\/?post_type=product&#038;p=5151"},"modified":"2022-08-07T05:44:51","modified_gmt":"2022-08-07T05:44:51","slug":"kop-diazepam-10-mg","status":"publish","type":"product","link":"https:\/\/medicinasinc.com\/se\/product\/kop-diazepam-10-mg\/","title":{"rendered":"K\u00f6p Diazepam 10 mg"},"content":{"rendered":"<p>K\u00f6p 10 mg Dextripam online (Diazepam)<\/p>\n<p>Diazepam 10 mg till salu online i Storbritannien, Europa till b\u00e4sta pris finns h\u00e4r. Lagliga mediciner finns tillg\u00e4ngliga p\u00e5 bestglobalmeds.com, ett p\u00e5litligt onlineapotek. Du kan spara tid och pengar genom att best\u00e4lla online.<\/p>\n<p>Dextripam 10 mg tabletter kan k\u00f6pas online. Diazepam \u00e4r ett l\u00e4kemedel som anv\u00e4nds f\u00f6r att behandla \u00e5ngest, alkoholabstinenssymptom eller muskelkramper.<\/p>\n<p>En dos p\u00e5 10 mg Diazepam kan k\u00f6pas i Storbritannien. Diazepam (Valium 10 mg) kan k\u00f6pas p\u00e5 medicinasinc.com. Vi har ett bra utbud av Diazepam-piller i lager!<\/p>\n<p>Diazepam (Generic Valium) och andra&#8230; kan j\u00e4mf\u00f6ras, tryckta kuponger kan erh\u00e5llas och pengar att spara strategier kan hittas. Du kan g\u00f6ra en best\u00e4llning online och f\u00e5 den levererad till din d\u00f6rr.<\/p>\n<div class=\"product-next-previous\">\n<div class=\"product-prev\"><\/div>\n<\/div>\n","protected":false},"excerpt":{"rendered":"<p>K\u00f6p Diazepam 10 mg till salu online i Storbritannien, Europa till b\u00e4sta pris finns h\u00e4r. Lagliga mediciner finns p\u00e5 medicinasinc.com\/se , ett p\u00e5litligt onlineapotek. Du kan spara tid och pengar genom att best\u00e4lla online.<\/p>\n<p>Dextripam 10 mg tabletter kan k\u00f6pas online. Diazepam \u00e4r ett l\u00e4kemedel som anv\u00e4nds f\u00f6r att behandla \u00e5ngest, alkoholabstinenssymptom eller muskelkramper.<\/p>\n<p>En dos p\u00e5 10 mg Diazepam kan k\u00f6pas i Storbritannien. Diazepam (Valium 10 mg) kan k\u00f6pas p\u00e5 bestsleepingtablets.com. Vi har ett bra utbud av Diazepam-piller i lager!<\/p>\n<p>Diazepam (Generic Valium) och andra\u2026 kan j\u00e4mf\u00f6ras, tryckta kuponger kan erh\u00e5llas och strategier f\u00f6r att spara pengar kan hittas. Du kan g\u00f6ra en best\u00e4llning online och f\u00e5 den levererad till din d\u00f6rr.<\/p>\n","protected":false},"featured_media":5170,"comment_status":"open","ping_status":"closed","template":"","meta":[],"product_brand":[],"product_cat":[1117],"product_tag":[],"class_list":{"0":"post-5151","1":"product","2":"type-product","3":"status-publish","4":"has-post-thumbnail","6":"product_cat-kop-smarta-somn-sextabletter","8":"first","9":"instock","10":"shipping-taxable","11":"purchasable","12":"product-type-variable","13":"has-default-attributes"},"yoast_head":"<!-- This site is optimized with the Yoast SEO plugin v27.3 - https:\/\/yoast.com\/product\/yoast-seo-wordpress\/ -->\n<title>K\u00f6p Diazepam 10 mg - B\u00e4sta b\u00e4sta globala medicinerna<\/title>\n<meta name=\"description\" content=\"K\u00f6p Diazepam 10 mg till salu Storbritannien, Europa online till b\u00e4sta pris. medicinasinc.com\/se \u00e4r ett p\u00e5litligt onlineapotek med lagliga droger. Best\u00e4ll online och s\u00e4kra din tid och pengar.\" \/>\n<meta name=\"robots\" content=\"index, follow, max-snippet:-1, max-image-preview:large, max-video-preview:-1\" \/>\n<link rel=\"canonical\" href=\"https:\/\/medicinasinc.com\/se\/product\/kop-diazepam-10-mg\/\" \/>\n<meta property=\"og:locale\" content=\"sv_SE\" \/>\n<meta property=\"og:type\" content=\"article\" \/>\n<meta property=\"og:title\" content=\"K\u00f6p Diazepam 10 mg - B\u00e4sta b\u00e4sta globala medicinerna\" \/>\n<meta property=\"og:description\" content=\"K\u00f6p Diazepam 10 mg till salu Storbritannien, Europa online till b\u00e4sta pris. medicinasinc.com\/se \u00e4r ett p\u00e5litligt onlineapotek med lagliga droger. Best\u00e4ll online och s\u00e4kra din tid och pengar.\" \/>\n<meta property=\"og:url\" content=\"https:\/\/medicinasinc.com\/se\/product\/kop-diazepam-10-mg\/\" \/>\n<meta property=\"og:site_name\" content=\"Medicinas Inc\" \/>\n<meta property=\"article:modified_time\" content=\"2022-08-07T05:44:51+00:00\" \/>\n<meta property=\"og:image\" content=\"https:\/\/medicinasinc.com\/se\/wp-content\/uploads\/sites\/16\/2022\/02\/Buy-Diazepam-10-mg.jpg\" \/>\n\t<meta property=\"og:image:width\" content=\"400\" \/>\n\t<meta property=\"og:image:height\" content=\"400\" \/>\n\t<meta property=\"og:image:type\" content=\"image\/jpeg\" \/>\n<meta name=\"twitter:card\" content=\"summary_large_image\" \/>\n<meta name=\"twitter:label1\" content=\"Ber\u00e4knad l\u00e4stid\" \/>\n\t<meta name=\"twitter:data1\" content=\"1 minut\" \/>\n<script type=\"application\/ld+json\" class=\"yoast-schema-graph\">{\"@context\":\"https:\\\/\\\/schema.org\",\"@graph\":[{\"@type\":\"WebPage\",\"@id\":\"https:\\\/\\\/medicinasinc.com\\\/se\\\/product\\\/kop-diazepam-10-mg\\\/\",\"url\":\"https:\\\/\\\/medicinasinc.com\\\/se\\\/product\\\/kop-diazepam-10-mg\\\/\",\"name\":\"K\u00f6p Diazepam 10 mg - B\u00e4sta b\u00e4sta globala medicinerna\",\"isPartOf\":{\"@id\":\"https:\\\/\\\/medicinasinc.com\\\/se\\\/#website\"},\"primaryImageOfPage\":{\"@id\":\"https:\\\/\\\/medicinasinc.com\\\/se\\\/product\\\/kop-diazepam-10-mg\\\/#primaryimage\"},\"image\":{\"@id\":\"https:\\\/\\\/medicinasinc.com\\\/se\\\/product\\\/kop-diazepam-10-mg\\\/#primaryimage\"},\"thumbnailUrl\":\"https:\\\/\\\/medicinasinc.com\\\/se\\\/wp-content\\\/uploads\\\/sites\\\/16\\\/2022\\\/02\\\/Buy-Diazepam-10-mg.jpg\",\"datePublished\":\"2022-02-20T21:07:35+00:00\",\"dateModified\":\"2022-08-07T05:44:51+00:00\",\"description\":\"K\u00f6p Diazepam 10 mg till salu Storbritannien, Europa online till b\u00e4sta pris. medicinasinc.com\\\/se \u00e4r ett p\u00e5litligt onlineapotek med lagliga droger. Best\u00e4ll online och s\u00e4kra din tid och pengar.\",\"breadcrumb\":{\"@id\":\"https:\\\/\\\/medicinasinc.com\\\/se\\\/product\\\/kop-diazepam-10-mg\\\/#breadcrumb\"},\"inLanguage\":\"sv-SE\",\"potentialAction\":[{\"@type\":\"ReadAction\",\"target\":[\"https:\\\/\\\/medicinasinc.com\\\/se\\\/product\\\/kop-diazepam-10-mg\\\/\"]}]},{\"@type\":\"ImageObject\",\"inLanguage\":\"sv-SE\",\"@id\":\"https:\\\/\\\/medicinasinc.com\\\/se\\\/product\\\/kop-diazepam-10-mg\\\/#primaryimage\",\"url\":\"https:\\\/\\\/medicinasinc.com\\\/se\\\/wp-content\\\/uploads\\\/sites\\\/16\\\/2022\\\/02\\\/Buy-Diazepam-10-mg.jpg\",\"contentUrl\":\"https:\\\/\\\/medicinasinc.com\\\/se\\\/wp-content\\\/uploads\\\/sites\\\/16\\\/2022\\\/02\\\/Buy-Diazepam-10-mg.jpg\",\"width\":400,\"height\":400},{\"@type\":\"BreadcrumbList\",\"@id\":\"https:\\\/\\\/medicinasinc.com\\\/se\\\/product\\\/kop-diazepam-10-mg\\\/#breadcrumb\",\"itemListElement\":[{\"@type\":\"ListItem\",\"position\":1,\"name\":\"aff\u00e4r\",\"item\":\"https:\\\/\\\/medicinasinc.com\\\/se\\\/affar\\\/\"},{\"@type\":\"ListItem\",\"position\":2,\"name\":\"K\u00f6p Diazepam 10 mg\"}]},{\"@type\":\"WebSite\",\"@id\":\"https:\\\/\\\/medicinasinc.com\\\/se\\\/#website\",\"url\":\"https:\\\/\\\/medicinasinc.com\\\/se\\\/\",\"name\":\"Medicinas Inc\",\"description\":\"Health Medical Clinic\",\"potentialAction\":[{\"@type\":\"SearchAction\",\"target\":{\"@type\":\"EntryPoint\",\"urlTemplate\":\"https:\\\/\\\/medicinasinc.com\\\/se\\\/?s={search_term_string}\"},\"query-input\":{\"@type\":\"PropertyValueSpecification\",\"valueRequired\":true,\"valueName\":\"search_term_string\"}}],\"inLanguage\":\"sv-SE\"}]}<\/script>\n<!-- \/ Yoast SEO plugin. -->","yoast_head_json":{"title":"K\u00f6p Diazepam 10 mg - B\u00e4sta b\u00e4sta globala medicinerna","description":"K\u00f6p Diazepam 10 mg till salu Storbritannien, Europa online till b\u00e4sta pris. medicinasinc.com\/se \u00e4r ett p\u00e5litligt onlineapotek med lagliga droger. Best\u00e4ll online och s\u00e4kra din tid och pengar.","robots":{"index":"index","follow":"follow","max-snippet":"max-snippet:-1","max-image-preview":"max-image-preview:large","max-video-preview":"max-video-preview:-1"},"canonical":"https:\/\/medicinasinc.com\/se\/product\/kop-diazepam-10-mg\/","og_locale":"sv_SE","og_type":"article","og_title":"K\u00f6p Diazepam 10 mg - B\u00e4sta b\u00e4sta globala medicinerna","og_description":"K\u00f6p Diazepam 10 mg till salu Storbritannien, Europa online till b\u00e4sta pris. medicinasinc.com\/se \u00e4r ett p\u00e5litligt onlineapotek med lagliga droger. Best\u00e4ll online och s\u00e4kra din tid och pengar.","og_url":"https:\/\/medicinasinc.com\/se\/product\/kop-diazepam-10-mg\/","og_site_name":"Medicinas Inc","article_modified_time":"2022-08-07T05:44:51+00:00","og_image":[{"width":400,"height":400,"url":"https:\/\/medicinasinc.com\/se\/wp-content\/uploads\/sites\/16\/2022\/02\/Buy-Diazepam-10-mg.jpg","type":"image\/jpeg"}],"twitter_card":"summary_large_image","twitter_misc":{"Ber\u00e4knad l\u00e4stid":"1 minut"},"schema":{"@context":"https:\/\/schema.org","@graph":[{"@type":"WebPage","@id":"https:\/\/medicinasinc.com\/se\/product\/kop-diazepam-10-mg\/","url":"https:\/\/medicinasinc.com\/se\/product\/kop-diazepam-10-mg\/","name":"K\u00f6p Diazepam 10 mg - B\u00e4sta b\u00e4sta globala medicinerna","isPartOf":{"@id":"https:\/\/medicinasinc.com\/se\/#website"},"primaryImageOfPage":{"@id":"https:\/\/medicinasinc.com\/se\/product\/kop-diazepam-10-mg\/#primaryimage"},"image":{"@id":"https:\/\/medicinasinc.com\/se\/product\/kop-diazepam-10-mg\/#primaryimage"},"thumbnailUrl":"https:\/\/medicinasinc.com\/se\/wp-content\/uploads\/sites\/16\/2022\/02\/Buy-Diazepam-10-mg.jpg","datePublished":"2022-02-20T21:07:35+00:00","dateModified":"2022-08-07T05:44:51+00:00","description":"K\u00f6p Diazepam 10 mg till salu Storbritannien, Europa online till b\u00e4sta pris. medicinasinc.com\/se \u00e4r ett p\u00e5litligt onlineapotek med lagliga droger. Best\u00e4ll online och s\u00e4kra din tid och pengar.","breadcrumb":{"@id":"https:\/\/medicinasinc.com\/se\/product\/kop-diazepam-10-mg\/#breadcrumb"},"inLanguage":"sv-SE","potentialAction":[{"@type":"ReadAction","target":["https:\/\/medicinasinc.com\/se\/product\/kop-diazepam-10-mg\/"]}]},{"@type":"ImageObject","inLanguage":"sv-SE","@id":"https:\/\/medicinasinc.com\/se\/product\/kop-diazepam-10-mg\/#primaryimage","url":"https:\/\/medicinasinc.com\/se\/wp-content\/uploads\/sites\/16\/2022\/02\/Buy-Diazepam-10-mg.jpg","contentUrl":"https:\/\/medicinasinc.com\/se\/wp-content\/uploads\/sites\/16\/2022\/02\/Buy-Diazepam-10-mg.jpg","width":400,"height":400},{"@type":"BreadcrumbList","@id":"https:\/\/medicinasinc.com\/se\/product\/kop-diazepam-10-mg\/#breadcrumb","itemListElement":[{"@type":"ListItem","position":1,"name":"aff\u00e4r","item":"https:\/\/medicinasinc.com\/se\/affar\/"},{"@type":"ListItem","position":2,"name":"K\u00f6p Diazepam 10 mg"}]},{"@type":"WebSite","@id":"https:\/\/medicinasinc.com\/se\/#website","url":"https:\/\/medicinasinc.com\/se\/","name":"Medicinas Inc","description":"Health Medical Clinic","potentialAction":[{"@type":"SearchAction","target":{"@type":"EntryPoint","urlTemplate":"https:\/\/medicinasinc.com\/se\/?s={search_term_string}"},"query-input":{"@type":"PropertyValueSpecification","valueRequired":true,"valueName":"search_term_string"}}],"inLanguage":"sv-SE"}]}},"_links":{"self":[{"href":"https:\/\/medicinasinc.com\/se\/wp-json\/wp\/v2\/product\/5151","targetHints":{"allow":["GET"]}}],"collection":[{"href":"https:\/\/medicinasinc.com\/se\/wp-json\/wp\/v2\/product"}],"about":[{"href":"https:\/\/medicinasinc.com\/se\/wp-json\/wp\/v2\/types\/product"}],"replies":[{"embeddable":true,"href":"https:\/\/medicinasinc.com\/se\/wp-json\/wp\/v2\/comments?post=5151"}],"wp:featuredmedia":[{"embeddable":true,"href":"https:\/\/medicinasinc.com\/se\/wp-json\/wp\/v2\/media\/5170"}],"wp:attachment":[{"href":"https:\/\/medicinasinc.com\/se\/wp-json\/wp\/v2\/media?parent=5151"}],"wp:term":[{"taxonomy":"product_brand","embeddable":true,"href":"https:\/\/medicinasinc.com\/se\/wp-json\/wp\/v2\/product_brand?post=5151"},{"taxonomy":"product_cat","embeddable":true,"href":"https:\/\/medicinasinc.com\/se\/wp-json\/wp\/v2\/product_cat?post=5151"},{"taxonomy":"product_tag","embeddable":true,"href":"https:\/\/medicinasinc.com\/se\/wp-json\/wp\/v2\/product_tag?post=5151"}],"curies":[{"name":"wp","href":"https:\/\/api.w.org\/{rel}","templated":true}]}}