{"id":5149,"date":"2022-02-20T21:05:49","date_gmt":"2022-02-20T21:05:49","guid":{"rendered":"https:\/\/medicinasinc.com\/se\/?post_type=product&#038;p=5149"},"modified":"2022-07-03T23:41:26","modified_gmt":"2022-07-03T23:41:26","slug":"kop-kodein-sulfat-30-mg","status":"publish","type":"product","link":"https:\/\/medicinasinc.com\/se\/product\/kop-kodein-sulfat-30-mg\/","title":{"rendered":"K\u00f6p Kodeinsulfat 30 mg"},"content":{"rendered":"<p>onlinek\u00f6p av 30 mg kodeinfosfat<\/p>\n<p>Kodein\u00a0(fosfat)\u00a030 mg\u00a0piller\/tabletter:<\/p>\n<p>Kodein\u00a0(fosfat) botar sm\u00e4rta eller hosta. Detta l\u00e4kemedel \u00e4r ett host- och sm\u00e4rtstillande medel i ett och \u00e4r narkotisk sm\u00e4rtstillande.<\/p>\n<p>Du kan k\u00f6pa Kodeinfosfat 30 mg p\u00e5 internet och f\u00e5 det levererat till din d\u00f6rr \u00f6ver natten via FedEx, utan att beh\u00f6va ett recept, eftersom s\u00e5 l\u00e4nge du \u00e4r i USA.<\/p>\n<p>Kodeinfosfat 30 mg finns att k\u00f6pa online, med snabb, s\u00e4ker och sp\u00e5rbar leverans f\u00f6r alla k\u00f6p. Nu \u00e4r det dags att k\u00f6pa Kodeinfosfat online.<\/p>\n<p>Tabletter med Kodeinfosfat (30 mg). Kodein \u00e4r ett kraftfullt sm\u00e4rtstillande medel som endast kan erh\u00e5llas p\u00e5 l\u00e4kares ordination. En potent opiat och narkotika som fungerar bra. Best\u00e4ll\u00a0..<\/p>\n<p>lugnande medel s\u00e4ljs \u00f6ver disk Finns f\u00f6r n\u00e4rvarande p\u00e5 marknaden. Kodein \u00e4r ett sm\u00e4rtstillande medel som kan anv\u00e4ndas f\u00f6r att behandla eller f\u00f6rebygga m\u00e5ttliga till sv\u00e5ra besv\u00e4r. Det kan ocks\u00e5 anv\u00e4ndas f\u00f6r att behandla en m\u00e4ngd olika \u00e5kommor. Kodein finns tillg\u00e4ngligt utan recept till ett mycket rimligt pris online.<\/p>\n","protected":false},"excerpt":{"rendered":"<p>Kodein\u00a0(fosfat)\u00a030 mg\u00a0piller\/tabletter: Kodein (fosfat) anv\u00e4nds f\u00f6r att lindra hosta och sm\u00e4rta. Detta l\u00e4kemedel \u00e4r en hosta och sm\u00e4rtstillande i ett och \u00e4r en narkotisk sm\u00e4rtstillande.<\/p>\n<p>Du kan k\u00f6pa Kodeinfosfat\u00a030 mg p\u00e5 internet och f\u00e5 det levererat till din d\u00f6rr \u00f6ver natten via FedEx, utan att beh\u00f6va ett recept, eftersom s\u00e5 l\u00e4nge du \u00e4r i USA.<\/p>\n<p>Kodeinfosfat 30 mg finns att k\u00f6pa online, med snabb, s\u00e4ker och sp\u00e5rbar leverans f\u00f6r alla k\u00f6p. Nu \u00e4r det dags att k\u00f6pa Kodeinfosfat online.<\/p>\n<p>Tabletter med Kodeinfosfat (30 mg). Kodein \u00e4r ett kraftfullt sm\u00e4rtstillande medel som endast kan erh\u00e5llas av en l\u00e4kares ordination. En potent opiat och narkotika som fungerar bra. Best\u00e4ll\u00a0..<\/p>\n<p>lugnande medel s\u00e4ljs \u00f6ver disk Finns f\u00f6r n\u00e4rvarande p\u00e5 marknaden. Kodein \u00e4r ett sm\u00e4rtstillande medel som kan anv\u00e4ndas f\u00f6r att behandla eller f\u00f6rebygga m\u00e5ttliga till sv\u00e5ra besv\u00e4r. Det kan ocks\u00e5 anv\u00e4ndas f\u00f6r att behandla en m\u00e4ngd olika \u00e5kommor. Kodein finns tillg\u00e4ngligt utan recept till ett mycket rimligt pris online.<\/p>\n","protected":false},"featured_media":5166,"comment_status":"open","ping_status":"closed","template":"","meta":[],"product_brand":[],"product_cat":[1117],"product_tag":[],"class_list":{"0":"post-5149","1":"product","2":"type-product","3":"status-publish","4":"has-post-thumbnail","6":"product_cat-kop-smarta-somn-sextabletter","8":"first","9":"instock","10":"shipping-taxable","11":"purchasable","12":"product-type-variable","13":"has-default-attributes"},"yoast_head":"<!-- This site is optimized with the Yoast SEO plugin v27.3 - https:\/\/yoast.com\/product\/yoast-seo-wordpress\/ -->\n<title>K\u00f6p Codeine Sulfate 30 mg - Best Best Global Meds<\/title>\n<meta name=\"description\" content=\"K\u00f6p kodeinsulfat 30 mg online, frakt \u00f6ver natten, m\u00e4rkesmediciner, leverans via FedEx, DPD utan recept kr\u00e4vs, leverans i USA, Storbritannien, Europa.\" \/>\n<meta name=\"robots\" content=\"index, follow, max-snippet:-1, max-image-preview:large, max-video-preview:-1\" \/>\n<link rel=\"canonical\" href=\"https:\/\/medicinasinc.com\/se\/product\/kop-kodein-sulfat-30-mg\/\" \/>\n<meta property=\"og:locale\" content=\"sv_SE\" \/>\n<meta property=\"og:type\" content=\"article\" \/>\n<meta property=\"og:title\" content=\"K\u00f6p Codeine Sulfate 30 mg - Best Best Global Meds\" \/>\n<meta property=\"og:description\" content=\"K\u00f6p kodeinsulfat 30 mg online, frakt \u00f6ver natten, m\u00e4rkesmediciner, leverans via FedEx, DPD utan recept kr\u00e4vs, leverans i USA, Storbritannien, Europa.\" \/>\n<meta property=\"og:url\" content=\"https:\/\/medicinasinc.com\/se\/product\/kop-kodein-sulfat-30-mg\/\" \/>\n<meta property=\"og:site_name\" content=\"Medicinas Inc\" \/>\n<meta property=\"article:modified_time\" content=\"2022-07-03T23:41:26+00:00\" \/>\n<meta property=\"og:image\" content=\"https:\/\/medicinasinc.com\/se\/wp-content\/uploads\/sites\/16\/2022\/02\/buy-codeine-sulfate-30mg-online.jpg\" \/>\n\t<meta property=\"og:image:width\" content=\"600\" \/>\n\t<meta property=\"og:image:height\" content=\"600\" \/>\n\t<meta property=\"og:image:type\" content=\"image\/jpeg\" \/>\n<meta name=\"twitter:card\" content=\"summary_large_image\" \/>\n<meta name=\"twitter:label1\" content=\"Ber\u00e4knad l\u00e4stid\" \/>\n\t<meta name=\"twitter:data1\" content=\"1 minut\" \/>\n<script type=\"application\/ld+json\" class=\"yoast-schema-graph\">{\"@context\":\"https:\\\/\\\/schema.org\",\"@graph\":[{\"@type\":\"WebPage\",\"@id\":\"https:\\\/\\\/medicinasinc.com\\\/se\\\/product\\\/kop-kodein-sulfat-30-mg\\\/\",\"url\":\"https:\\\/\\\/medicinasinc.com\\\/se\\\/product\\\/kop-kodein-sulfat-30-mg\\\/\",\"name\":\"K\u00f6p Codeine Sulfate 30 mg - Best Best Global Meds\",\"isPartOf\":{\"@id\":\"https:\\\/\\\/medicinasinc.com\\\/se\\\/#website\"},\"primaryImageOfPage\":{\"@id\":\"https:\\\/\\\/medicinasinc.com\\\/se\\\/product\\\/kop-kodein-sulfat-30-mg\\\/#primaryimage\"},\"image\":{\"@id\":\"https:\\\/\\\/medicinasinc.com\\\/se\\\/product\\\/kop-kodein-sulfat-30-mg\\\/#primaryimage\"},\"thumbnailUrl\":\"https:\\\/\\\/medicinasinc.com\\\/se\\\/wp-content\\\/uploads\\\/sites\\\/16\\\/2022\\\/02\\\/buy-codeine-sulfate-30mg-online.jpg\",\"datePublished\":\"2022-02-20T21:05:49+00:00\",\"dateModified\":\"2022-07-03T23:41:26+00:00\",\"description\":\"K\u00f6p kodeinsulfat 30 mg online, frakt \u00f6ver natten, m\u00e4rkesmediciner, leverans via FedEx, DPD utan recept kr\u00e4vs, leverans i USA, Storbritannien, Europa.\",\"breadcrumb\":{\"@id\":\"https:\\\/\\\/medicinasinc.com\\\/se\\\/product\\\/kop-kodein-sulfat-30-mg\\\/#breadcrumb\"},\"inLanguage\":\"sv-SE\",\"potentialAction\":[{\"@type\":\"ReadAction\",\"target\":[\"https:\\\/\\\/medicinasinc.com\\\/se\\\/product\\\/kop-kodein-sulfat-30-mg\\\/\"]}]},{\"@type\":\"ImageObject\",\"inLanguage\":\"sv-SE\",\"@id\":\"https:\\\/\\\/medicinasinc.com\\\/se\\\/product\\\/kop-kodein-sulfat-30-mg\\\/#primaryimage\",\"url\":\"https:\\\/\\\/medicinasinc.com\\\/se\\\/wp-content\\\/uploads\\\/sites\\\/16\\\/2022\\\/02\\\/buy-codeine-sulfate-30mg-online.jpg\",\"contentUrl\":\"https:\\\/\\\/medicinasinc.com\\\/se\\\/wp-content\\\/uploads\\\/sites\\\/16\\\/2022\\\/02\\\/buy-codeine-sulfate-30mg-online.jpg\",\"width\":600,\"height\":600},{\"@type\":\"BreadcrumbList\",\"@id\":\"https:\\\/\\\/medicinasinc.com\\\/se\\\/product\\\/kop-kodein-sulfat-30-mg\\\/#breadcrumb\",\"itemListElement\":[{\"@type\":\"ListItem\",\"position\":1,\"name\":\"aff\u00e4r\",\"item\":\"https:\\\/\\\/medicinasinc.com\\\/se\\\/affar\\\/\"},{\"@type\":\"ListItem\",\"position\":2,\"name\":\"K\u00f6p Kodeinsulfat 30 mg\"}]},{\"@type\":\"WebSite\",\"@id\":\"https:\\\/\\\/medicinasinc.com\\\/se\\\/#website\",\"url\":\"https:\\\/\\\/medicinasinc.com\\\/se\\\/\",\"name\":\"Medicinas Inc\",\"description\":\"Health Medical Clinic\",\"potentialAction\":[{\"@type\":\"SearchAction\",\"target\":{\"@type\":\"EntryPoint\",\"urlTemplate\":\"https:\\\/\\\/medicinasinc.com\\\/se\\\/?s={search_term_string}\"},\"query-input\":{\"@type\":\"PropertyValueSpecification\",\"valueRequired\":true,\"valueName\":\"search_term_string\"}}],\"inLanguage\":\"sv-SE\"}]}<\/script>\n<!-- \/ Yoast SEO plugin. -->","yoast_head_json":{"title":"K\u00f6p Codeine Sulfate 30 mg - Best Best Global Meds","description":"K\u00f6p kodeinsulfat 30 mg online, frakt \u00f6ver natten, m\u00e4rkesmediciner, leverans via FedEx, DPD utan recept kr\u00e4vs, leverans i USA, Storbritannien, Europa.","robots":{"index":"index","follow":"follow","max-snippet":"max-snippet:-1","max-image-preview":"max-image-preview:large","max-video-preview":"max-video-preview:-1"},"canonical":"https:\/\/medicinasinc.com\/se\/product\/kop-kodein-sulfat-30-mg\/","og_locale":"sv_SE","og_type":"article","og_title":"K\u00f6p Codeine Sulfate 30 mg - Best Best Global Meds","og_description":"K\u00f6p kodeinsulfat 30 mg online, frakt \u00f6ver natten, m\u00e4rkesmediciner, leverans via FedEx, DPD utan recept kr\u00e4vs, leverans i USA, Storbritannien, Europa.","og_url":"https:\/\/medicinasinc.com\/se\/product\/kop-kodein-sulfat-30-mg\/","og_site_name":"Medicinas Inc","article_modified_time":"2022-07-03T23:41:26+00:00","og_image":[{"width":600,"height":600,"url":"https:\/\/medicinasinc.com\/se\/wp-content\/uploads\/sites\/16\/2022\/02\/buy-codeine-sulfate-30mg-online.jpg","type":"image\/jpeg"}],"twitter_card":"summary_large_image","twitter_misc":{"Ber\u00e4knad l\u00e4stid":"1 minut"},"schema":{"@context":"https:\/\/schema.org","@graph":[{"@type":"WebPage","@id":"https:\/\/medicinasinc.com\/se\/product\/kop-kodein-sulfat-30-mg\/","url":"https:\/\/medicinasinc.com\/se\/product\/kop-kodein-sulfat-30-mg\/","name":"K\u00f6p Codeine Sulfate 30 mg - Best Best Global Meds","isPartOf":{"@id":"https:\/\/medicinasinc.com\/se\/#website"},"primaryImageOfPage":{"@id":"https:\/\/medicinasinc.com\/se\/product\/kop-kodein-sulfat-30-mg\/#primaryimage"},"image":{"@id":"https:\/\/medicinasinc.com\/se\/product\/kop-kodein-sulfat-30-mg\/#primaryimage"},"thumbnailUrl":"https:\/\/medicinasinc.com\/se\/wp-content\/uploads\/sites\/16\/2022\/02\/buy-codeine-sulfate-30mg-online.jpg","datePublished":"2022-02-20T21:05:49+00:00","dateModified":"2022-07-03T23:41:26+00:00","description":"K\u00f6p kodeinsulfat 30 mg online, frakt \u00f6ver natten, m\u00e4rkesmediciner, leverans via FedEx, DPD utan recept kr\u00e4vs, leverans i USA, Storbritannien, Europa.","breadcrumb":{"@id":"https:\/\/medicinasinc.com\/se\/product\/kop-kodein-sulfat-30-mg\/#breadcrumb"},"inLanguage":"sv-SE","potentialAction":[{"@type":"ReadAction","target":["https:\/\/medicinasinc.com\/se\/product\/kop-kodein-sulfat-30-mg\/"]}]},{"@type":"ImageObject","inLanguage":"sv-SE","@id":"https:\/\/medicinasinc.com\/se\/product\/kop-kodein-sulfat-30-mg\/#primaryimage","url":"https:\/\/medicinasinc.com\/se\/wp-content\/uploads\/sites\/16\/2022\/02\/buy-codeine-sulfate-30mg-online.jpg","contentUrl":"https:\/\/medicinasinc.com\/se\/wp-content\/uploads\/sites\/16\/2022\/02\/buy-codeine-sulfate-30mg-online.jpg","width":600,"height":600},{"@type":"BreadcrumbList","@id":"https:\/\/medicinasinc.com\/se\/product\/kop-kodein-sulfat-30-mg\/#breadcrumb","itemListElement":[{"@type":"ListItem","position":1,"name":"aff\u00e4r","item":"https:\/\/medicinasinc.com\/se\/affar\/"},{"@type":"ListItem","position":2,"name":"K\u00f6p Kodeinsulfat 30 mg"}]},{"@type":"WebSite","@id":"https:\/\/medicinasinc.com\/se\/#website","url":"https:\/\/medicinasinc.com\/se\/","name":"Medicinas Inc","description":"Health Medical Clinic","potentialAction":[{"@type":"SearchAction","target":{"@type":"EntryPoint","urlTemplate":"https:\/\/medicinasinc.com\/se\/?s={search_term_string}"},"query-input":{"@type":"PropertyValueSpecification","valueRequired":true,"valueName":"search_term_string"}}],"inLanguage":"sv-SE"}]}},"_links":{"self":[{"href":"https:\/\/medicinasinc.com\/se\/wp-json\/wp\/v2\/product\/5149","targetHints":{"allow":["GET"]}}],"collection":[{"href":"https:\/\/medicinasinc.com\/se\/wp-json\/wp\/v2\/product"}],"about":[{"href":"https:\/\/medicinasinc.com\/se\/wp-json\/wp\/v2\/types\/product"}],"replies":[{"embeddable":true,"href":"https:\/\/medicinasinc.com\/se\/wp-json\/wp\/v2\/comments?post=5149"}],"wp:featuredmedia":[{"embeddable":true,"href":"https:\/\/medicinasinc.com\/se\/wp-json\/wp\/v2\/media\/5166"}],"wp:attachment":[{"href":"https:\/\/medicinasinc.com\/se\/wp-json\/wp\/v2\/media?parent=5149"}],"wp:term":[{"taxonomy":"product_brand","embeddable":true,"href":"https:\/\/medicinasinc.com\/se\/wp-json\/wp\/v2\/product_brand?post=5149"},{"taxonomy":"product_cat","embeddable":true,"href":"https:\/\/medicinasinc.com\/se\/wp-json\/wp\/v2\/product_cat?post=5149"},{"taxonomy":"product_tag","embeddable":true,"href":"https:\/\/medicinasinc.com\/se\/wp-json\/wp\/v2\/product_tag?post=5149"}],"curies":[{"name":"wp","href":"https:\/\/api.w.org\/{rel}","templated":true}]}}