{"id":5148,"date":"2022-02-20T21:04:44","date_gmt":"2022-02-20T21:04:44","guid":{"rendered":"https:\/\/medicinasinc.com\/se\/?post_type=product&#038;p=5148"},"modified":"2022-07-03T23:41:35","modified_gmt":"2022-07-03T23:41:35","slug":"kop-bunex-0-2mg-buprenorfin","status":"publish","type":"product","link":"https:\/\/medicinasinc.com\/se\/product\/kop-bunex-0-2mg-buprenorfin\/","title":{"rendered":"K\u00f6p Bunex 0,2mg (buprenorfin)"},"content":{"rendered":"<p>Bunex Buprenorphine piller kan k\u00f6pas \u00f6ver internet.<\/p>\n<p>Var kan jag f\u00e5 Buprenorphine? Var kan jag k\u00f6pa buprenorfin receptfritt?<\/p>\n<p>Det \u00e4r ett halvsyntetiskt sm\u00e4rtstillande medel som utvecklats fr\u00e5n den naturligt f\u00f6rekommande opiumvallmans kemiska f\u00f6reningar. Opiumvallmo \u00e4r k\u00e4llan till kemikalien tebain, som anv\u00e4nds f\u00f6r att g\u00f6ra buprenorfin. Eftersom buprenorfin \u00e4r semisyntetiskt \u00e4r det en syntetisk opioid. Alla droger som kommer fr\u00e5n opiumvallmo kallas opioider inom det medicinska samfundet. Opioider \u00e4r bland de mest effektiva sm\u00e4rtstillande medlen som finns, med effekter som mycket \u00f6verv\u00e4ger de av de flesta andra l\u00e4kemedel.<\/p>\n<p>I vilken mening fungerar l\u00e4kemedlet Buprenorfin? Var kan man k\u00f6pa buprenorfin<\/p>\n<p>Efter att ha absorberats i blodomloppet har buprenorfin en effekt p\u00e5 nervsystemet. Detta intr\u00e4ffar n\u00e4r buprenorfin kommer in i hj\u00e4rnan, d\u00e4r det blockerar nerv\u00e4ndarna som \u00f6verf\u00f6r sm\u00e4rta. Buprenorfin \u00e5tg\u00e4rdar inte den bakomliggande orsaken till patientens obehag; snarare minskar det deras uppfattning om det, vilket g\u00f6r att de kan varva ner.<\/p>\n<p>M\u00e4nniskor ordineras buprenorfin regelbundet. Sm\u00e4rta fr\u00e5n muskelspasmer \u00e4r den vanligaste anledningen till att m\u00e4nniskor tar buprenorfin. Om du n\u00e5gonsin upplever en spasm, \u00f6verv\u00e4g att k\u00f6pa buprenorfin f\u00f6r att se om det kan hj\u00e4lpa dig att hantera besv\u00e4ren.<br \/> Patienter som har opererats eller klarar av frakturer ordineras vanligtvis buprenorfin av l\u00e4kare. Buprenorfin hj\u00e4lper dessa individer att hantera sin v\u00e4rk tills de har l\u00e4kt fr\u00e5n den underliggande k\u00e4llan till sina obehag.<\/p>\n<p>I vilken mening fungerar l\u00e4kemedlet Buprenorfin? Var kan man k\u00f6pa buprenorfin<\/p>\n<p>En persons niv\u00e5 av obehag och mental styrka p\u00e5verkar i h\u00f6g grad doseringen av buprenorfin. Vanligtvis b\u00f6r en l\u00e5g dos p\u00e5 8 mg pr\u00f6vas f\u00f6rst, och om det inte fungerar ska en h\u00f6gre dos p\u00e5 16 mg pr\u00f6vas. Buprenorfin kan \u00f6kas till 24 mg \u00e4ven om 16 mg \u00e4r ineffektivt. I allm\u00e4nhet, om du planerar att k\u00f6pa buprenorfin online utan recept, g\u00e5 inte l\u00e4ngre \u00e4n denna rekommenderade dos.<\/p>\n<p>I vilken mening fungerar l\u00e4kemedlet Buprenorfin? Var kan man k\u00f6pa buprenorfin<\/p>\n<p>F\u00f6r gravida kvinnor \u00e4r buprenorfin inte en l\u00e4mplig behandling eftersom det har en betydande inverkan p\u00e5 kvinnors reproduktionssystem. Att ta buprenorfin kan vara farligt f\u00f6r vissa personer som \u00e4r k\u00e4nsliga f\u00f6r opioider. P\u00e5 grund av farorna med att anv\u00e4nda buprenorfin f\u00f6r cancerpatienter b\u00f6r de konsultera en l\u00e4kare innan de k\u00f6per buprenorfin online.<\/p>\n<p>F\u00f6rutom d\u00e5sighet, lathet, yrsel, huvudv\u00e4rk och illam\u00e5ende kan buprenorfin orsaka en m\u00e4ngd andra negativa effekter . Ut\u00f6ver detta kan vissa personer uppleva en f\u00f6r\u00e4ndring i sitt k\u00e4nsel, i vilket fall de b\u00f6r s\u00f6ka l\u00e4karv\u00e5rd.<\/p>\n<p>Verkandet av buprenorfin<br \/> Buprenorfins till\u00e4mpningar<br \/> Biverkningar p\u00e5 Buprenorfin Symtom p\u00e5 buprenorfinberoende<\/p>\n","protected":false},"excerpt":{"rendered":"<p>K\u00f6p Bunex 0.2mg (Buprenorphine) till salu i Storbritannien, EU online fr\u00e5n medicinasinc.com\/se apotek till billiga och \u00f6verkomliga priser med s\u00e4ker och snabb leverans<\/p>\n<p>K\u00f6p Bunex 0.2mg (Buprenorphine) online &#8211; fr\u00e5n medicinasinc.com\/se onlineapotek till billiga och \u00f6verkomliga priser med s\u00e4ker och snabb leverans.Kontakta oss p\u00e5 info@medicinasinc.com\/se<\/p>\n<p>K\u00f6p Bunex 0,2 mg (buprenorfin) online<\/p>\n<p> Bunex 0,2mg (buprenorfin) priser online<\/p>\n<p>Bunex 0,2mg (buprenorfin) priser<\/p>\n<p>&nbsp;<\/p>\n<p>k\u00f6p Bunex 0,2mg (buprenorfin)<\/p>\n","protected":false},"featured_media":5164,"comment_status":"open","ping_status":"closed","template":"","meta":[],"product_brand":[],"product_cat":[1117],"product_tag":[1240,1237,1238,1239,1241,1242,1243,1245,1244,1246],"class_list":{"0":"post-5148","1":"product","2":"type-product","3":"status-publish","4":"has-post-thumbnail","6":"product_cat-kop-smarta-somn-sextabletter","7":"product_tag-bunex-buprenorphine-0-2mg-by-safe-pharma","8":"product_tag-bunex-buprenorfin-0-20mg","9":"product_tag-bunex-buprenorfin-0-20mg-och-steroider","10":"product_tag-bunex-buprenorfin-0-20mg-online","11":"product_tag-bunex-buprenorfin-8mg","12":"product_tag-bunex-buprenorfin-online","13":"product_tag-bunex-buprenorfin","14":"product_tag-cbt-lkemedel-butik-smrtstillande-medel-bunex-buprenorfin-20-mg","15":"product_tag-kp-buprenorfin-bunex-0-20mg","16":"product_tag-tramapartramadol-hcl-paracetamol-pris-3-kp-online-bunexbuprenorfin","18":"first","19":"instock","20":"shipping-taxable","21":"purchasable","22":"product-type-variable","23":"has-default-attributes"},"yoast_head":"<!-- This site is optimized with the Yoast SEO plugin v27.3 - https:\/\/yoast.com\/product\/yoast-seo-wordpress\/ -->\n<title>K\u00f6p Bunex 0,2mg (Buprenorphine) - Researchem<\/title>\n<meta name=\"description\" content=\"K\u00f6p Bunex 0.2mg (Buprenorphine) till salu i Storbritannien, EU online fr\u00e5n medicinasinc.com\/se apotek till billiga och \u00f6verkomliga priser med s\u00e4ker och snabb leverans\" \/>\n<meta name=\"robots\" content=\"index, follow, max-snippet:-1, max-image-preview:large, max-video-preview:-1\" \/>\n<link rel=\"canonical\" href=\"https:\/\/medicinasinc.com\/se\/product\/kop-bunex-0-2mg-buprenorfin\/\" \/>\n<meta property=\"og:locale\" content=\"sv_SE\" \/>\n<meta property=\"og:type\" content=\"article\" \/>\n<meta property=\"og:title\" content=\"K\u00f6p Bunex 0,2mg (Buprenorphine) - Researchem\" \/>\n<meta property=\"og:description\" content=\"K\u00f6p Bunex 0.2mg (Buprenorphine) till salu i Storbritannien, EU online fr\u00e5n medicinasinc.com\/se apotek till billiga och \u00f6verkomliga priser med s\u00e4ker och snabb leverans\" \/>\n<meta property=\"og:url\" content=\"https:\/\/medicinasinc.com\/se\/product\/kop-bunex-0-2mg-buprenorfin\/\" \/>\n<meta property=\"og:site_name\" content=\"Medicinas Inc\" \/>\n<meta property=\"article:modified_time\" content=\"2022-07-03T23:41:35+00:00\" \/>\n<meta property=\"og:image\" content=\"https:\/\/medicinasinc.com\/se\/wp-content\/uploads\/sites\/16\/2022\/02\/Buy-Bunex-0.2mg.jpg\" \/>\n\t<meta property=\"og:image:width\" content=\"600\" \/>\n\t<meta property=\"og:image:height\" content=\"600\" \/>\n\t<meta property=\"og:image:type\" content=\"image\/jpeg\" \/>\n<meta name=\"twitter:card\" content=\"summary_large_image\" \/>\n<meta name=\"twitter:label1\" content=\"Ber\u00e4knad l\u00e4stid\" \/>\n\t<meta name=\"twitter:data1\" content=\"2 minuter\" \/>\n<script type=\"application\/ld+json\" class=\"yoast-schema-graph\">{\"@context\":\"https:\\\/\\\/schema.org\",\"@graph\":[{\"@type\":\"WebPage\",\"@id\":\"https:\\\/\\\/medicinasinc.com\\\/se\\\/product\\\/kop-bunex-0-2mg-buprenorfin\\\/\",\"url\":\"https:\\\/\\\/medicinasinc.com\\\/se\\\/product\\\/kop-bunex-0-2mg-buprenorfin\\\/\",\"name\":\"K\u00f6p Bunex 0,2mg (Buprenorphine) - Researchem\",\"isPartOf\":{\"@id\":\"https:\\\/\\\/medicinasinc.com\\\/se\\\/#website\"},\"primaryImageOfPage\":{\"@id\":\"https:\\\/\\\/medicinasinc.com\\\/se\\\/product\\\/kop-bunex-0-2mg-buprenorfin\\\/#primaryimage\"},\"image\":{\"@id\":\"https:\\\/\\\/medicinasinc.com\\\/se\\\/product\\\/kop-bunex-0-2mg-buprenorfin\\\/#primaryimage\"},\"thumbnailUrl\":\"https:\\\/\\\/medicinasinc.com\\\/se\\\/wp-content\\\/uploads\\\/sites\\\/16\\\/2022\\\/02\\\/Buy-Bunex-0.2mg.jpg\",\"datePublished\":\"2022-02-20T21:04:44+00:00\",\"dateModified\":\"2022-07-03T23:41:35+00:00\",\"description\":\"K\u00f6p Bunex 0.2mg (Buprenorphine) till salu i Storbritannien, EU online fr\u00e5n medicinasinc.com\\\/se apotek till billiga och \u00f6verkomliga priser med s\u00e4ker och snabb leverans\",\"breadcrumb\":{\"@id\":\"https:\\\/\\\/medicinasinc.com\\\/se\\\/product\\\/kop-bunex-0-2mg-buprenorfin\\\/#breadcrumb\"},\"inLanguage\":\"sv-SE\",\"potentialAction\":[{\"@type\":\"ReadAction\",\"target\":[\"https:\\\/\\\/medicinasinc.com\\\/se\\\/product\\\/kop-bunex-0-2mg-buprenorfin\\\/\"]}]},{\"@type\":\"ImageObject\",\"inLanguage\":\"sv-SE\",\"@id\":\"https:\\\/\\\/medicinasinc.com\\\/se\\\/product\\\/kop-bunex-0-2mg-buprenorfin\\\/#primaryimage\",\"url\":\"https:\\\/\\\/medicinasinc.com\\\/se\\\/wp-content\\\/uploads\\\/sites\\\/16\\\/2022\\\/02\\\/Buy-Bunex-0.2mg.jpg\",\"contentUrl\":\"https:\\\/\\\/medicinasinc.com\\\/se\\\/wp-content\\\/uploads\\\/sites\\\/16\\\/2022\\\/02\\\/Buy-Bunex-0.2mg.jpg\",\"width\":600,\"height\":600},{\"@type\":\"BreadcrumbList\",\"@id\":\"https:\\\/\\\/medicinasinc.com\\\/se\\\/product\\\/kop-bunex-0-2mg-buprenorfin\\\/#breadcrumb\",\"itemListElement\":[{\"@type\":\"ListItem\",\"position\":1,\"name\":\"aff\u00e4r\",\"item\":\"https:\\\/\\\/medicinasinc.com\\\/se\\\/affar\\\/\"},{\"@type\":\"ListItem\",\"position\":2,\"name\":\"K\u00f6p Bunex 0,2mg (buprenorfin)\"}]},{\"@type\":\"WebSite\",\"@id\":\"https:\\\/\\\/medicinasinc.com\\\/se\\\/#website\",\"url\":\"https:\\\/\\\/medicinasinc.com\\\/se\\\/\",\"name\":\"Medicinas Inc\",\"description\":\"Health Medical Clinic\",\"potentialAction\":[{\"@type\":\"SearchAction\",\"target\":{\"@type\":\"EntryPoint\",\"urlTemplate\":\"https:\\\/\\\/medicinasinc.com\\\/se\\\/?s={search_term_string}\"},\"query-input\":{\"@type\":\"PropertyValueSpecification\",\"valueRequired\":true,\"valueName\":\"search_term_string\"}}],\"inLanguage\":\"sv-SE\"}]}<\/script>\n<!-- \/ Yoast SEO plugin. -->","yoast_head_json":{"title":"K\u00f6p Bunex 0,2mg (Buprenorphine) - Researchem","description":"K\u00f6p Bunex 0.2mg (Buprenorphine) till salu i Storbritannien, EU online fr\u00e5n medicinasinc.com\/se apotek till billiga och \u00f6verkomliga priser med s\u00e4ker och snabb leverans","robots":{"index":"index","follow":"follow","max-snippet":"max-snippet:-1","max-image-preview":"max-image-preview:large","max-video-preview":"max-video-preview:-1"},"canonical":"https:\/\/medicinasinc.com\/se\/product\/kop-bunex-0-2mg-buprenorfin\/","og_locale":"sv_SE","og_type":"article","og_title":"K\u00f6p Bunex 0,2mg (Buprenorphine) - Researchem","og_description":"K\u00f6p Bunex 0.2mg (Buprenorphine) till salu i Storbritannien, EU online fr\u00e5n medicinasinc.com\/se apotek till billiga och \u00f6verkomliga priser med s\u00e4ker och snabb leverans","og_url":"https:\/\/medicinasinc.com\/se\/product\/kop-bunex-0-2mg-buprenorfin\/","og_site_name":"Medicinas Inc","article_modified_time":"2022-07-03T23:41:35+00:00","og_image":[{"width":600,"height":600,"url":"https:\/\/medicinasinc.com\/se\/wp-content\/uploads\/sites\/16\/2022\/02\/Buy-Bunex-0.2mg.jpg","type":"image\/jpeg"}],"twitter_card":"summary_large_image","twitter_misc":{"Ber\u00e4knad l\u00e4stid":"2 minuter"},"schema":{"@context":"https:\/\/schema.org","@graph":[{"@type":"WebPage","@id":"https:\/\/medicinasinc.com\/se\/product\/kop-bunex-0-2mg-buprenorfin\/","url":"https:\/\/medicinasinc.com\/se\/product\/kop-bunex-0-2mg-buprenorfin\/","name":"K\u00f6p Bunex 0,2mg (Buprenorphine) - Researchem","isPartOf":{"@id":"https:\/\/medicinasinc.com\/se\/#website"},"primaryImageOfPage":{"@id":"https:\/\/medicinasinc.com\/se\/product\/kop-bunex-0-2mg-buprenorfin\/#primaryimage"},"image":{"@id":"https:\/\/medicinasinc.com\/se\/product\/kop-bunex-0-2mg-buprenorfin\/#primaryimage"},"thumbnailUrl":"https:\/\/medicinasinc.com\/se\/wp-content\/uploads\/sites\/16\/2022\/02\/Buy-Bunex-0.2mg.jpg","datePublished":"2022-02-20T21:04:44+00:00","dateModified":"2022-07-03T23:41:35+00:00","description":"K\u00f6p Bunex 0.2mg (Buprenorphine) till salu i Storbritannien, EU online fr\u00e5n medicinasinc.com\/se apotek till billiga och \u00f6verkomliga priser med s\u00e4ker och snabb leverans","breadcrumb":{"@id":"https:\/\/medicinasinc.com\/se\/product\/kop-bunex-0-2mg-buprenorfin\/#breadcrumb"},"inLanguage":"sv-SE","potentialAction":[{"@type":"ReadAction","target":["https:\/\/medicinasinc.com\/se\/product\/kop-bunex-0-2mg-buprenorfin\/"]}]},{"@type":"ImageObject","inLanguage":"sv-SE","@id":"https:\/\/medicinasinc.com\/se\/product\/kop-bunex-0-2mg-buprenorfin\/#primaryimage","url":"https:\/\/medicinasinc.com\/se\/wp-content\/uploads\/sites\/16\/2022\/02\/Buy-Bunex-0.2mg.jpg","contentUrl":"https:\/\/medicinasinc.com\/se\/wp-content\/uploads\/sites\/16\/2022\/02\/Buy-Bunex-0.2mg.jpg","width":600,"height":600},{"@type":"BreadcrumbList","@id":"https:\/\/medicinasinc.com\/se\/product\/kop-bunex-0-2mg-buprenorfin\/#breadcrumb","itemListElement":[{"@type":"ListItem","position":1,"name":"aff\u00e4r","item":"https:\/\/medicinasinc.com\/se\/affar\/"},{"@type":"ListItem","position":2,"name":"K\u00f6p Bunex 0,2mg (buprenorfin)"}]},{"@type":"WebSite","@id":"https:\/\/medicinasinc.com\/se\/#website","url":"https:\/\/medicinasinc.com\/se\/","name":"Medicinas Inc","description":"Health Medical Clinic","potentialAction":[{"@type":"SearchAction","target":{"@type":"EntryPoint","urlTemplate":"https:\/\/medicinasinc.com\/se\/?s={search_term_string}"},"query-input":{"@type":"PropertyValueSpecification","valueRequired":true,"valueName":"search_term_string"}}],"inLanguage":"sv-SE"}]}},"_links":{"self":[{"href":"https:\/\/medicinasinc.com\/se\/wp-json\/wp\/v2\/product\/5148","targetHints":{"allow":["GET"]}}],"collection":[{"href":"https:\/\/medicinasinc.com\/se\/wp-json\/wp\/v2\/product"}],"about":[{"href":"https:\/\/medicinasinc.com\/se\/wp-json\/wp\/v2\/types\/product"}],"replies":[{"embeddable":true,"href":"https:\/\/medicinasinc.com\/se\/wp-json\/wp\/v2\/comments?post=5148"}],"wp:featuredmedia":[{"embeddable":true,"href":"https:\/\/medicinasinc.com\/se\/wp-json\/wp\/v2\/media\/5164"}],"wp:attachment":[{"href":"https:\/\/medicinasinc.com\/se\/wp-json\/wp\/v2\/media?parent=5148"}],"wp:term":[{"taxonomy":"product_brand","embeddable":true,"href":"https:\/\/medicinasinc.com\/se\/wp-json\/wp\/v2\/product_brand?post=5148"},{"taxonomy":"product_cat","embeddable":true,"href":"https:\/\/medicinasinc.com\/se\/wp-json\/wp\/v2\/product_cat?post=5148"},{"taxonomy":"product_tag","embeddable":true,"href":"https:\/\/medicinasinc.com\/se\/wp-json\/wp\/v2\/product_tag?post=5148"}],"curies":[{"name":"wp","href":"https:\/\/api.w.org\/{rel}","templated":true}]}}