{"id":5125,"date":"2022-02-20T20:43:45","date_gmt":"2022-02-20T20:43:45","guid":{"rendered":"https:\/\/medicinasinc.com\/se\/?post_type=product&#038;p=5125"},"modified":"2022-07-03T23:41:46","modified_gmt":"2022-07-03T23:41:46","slug":"kop-ativan-0-5mg-1mg-2mg","status":"publish","type":"product","link":"https:\/\/medicinasinc.com\/se\/product\/kop-ativan-0-5mg-1mg-2mg\/","title":{"rendered":"K\u00f6p Ativan 0,5mg, 1mg, 2mg"},"content":{"rendered":"<p>Det b\u00e4sta st\u00e4llet att k\u00f6pa Ativan \u00e4r p\u00e5 internet. Exakt vad \u00e4r Lorazepam, och hur fungerar det?<br \/> F\u00f6r att k\u00f6pa Ativan online, klicka h\u00e4r. Bensodiazepinerna, som lorazepam \u00e4r en medlem av, \u00e4r en klass av l\u00e4kemedel. Genom att \u00f6ka aktiviteten hos vissa neurotransmittorer i hj\u00e4rnan anses lorazepam vara effektivt.<\/p>\n<p>F\u00f6r att lindra \u00e5ngest och anfall ordineras lorazepam.<\/p>\n<p>Ink\u00f6p av lorazepam p\u00e5 internet eller fr\u00e5n en k\u00e4lla utanf\u00f6r USA \u00e4r beh\u00e4ftad med fara. L\u00e4kemedel som s\u00e4ljs och distribueras i andra l\u00e4nder \u00e4n USA uppfyller inte FDA:s krav p\u00e5 s\u00e4ker anv\u00e4ndning (FDA). Det \u00e4r m\u00f6jligt att dessa piller inte kommer fr\u00e5n ett legitimt apotek eller inneh\u00e5ller skadliga \u00e4mnen.<\/p>\n<p>L\u00e4s detta noggrant.<br \/> Om du har myasthenia gravis, tr\u00e5ngvinkelglaukom, allvarlig andningssvikt eller en allergi mot Valium eller en j\u00e4mf\u00f6rbar medicin b\u00f6r du undvika att ta lorazepam.<\/p>\n<p>L\u00e4kemedlet lorazepam ska inte tas av kvinnor som \u00e4r gravida. N\u00e4r det ges till ett barn har detta l\u00e4kemedel potential att framkalla allvarliga f\u00f6rlossningsavvikelser eller livshotande abstinenssymtom.<\/p>\n<p>Endast de som f\u00e5r Lorazepam ska ta det, eftersom det kan vara vanebildande. Narkotikamissbruk kan leda till missbruk, \u00f6verdos eller d\u00f6dsfall om l\u00e4kemedlet missbrukas p\u00e5 n\u00e5got s\u00e4tt. Alla med en historia av drogmissbruk eller missbruk b\u00f6r aldrig ges denna medicin. Se till att medicinen f\u00f6rvaras p\u00e5 en s\u00e4ker plats d\u00e4r den inte kan n\u00e5s av andra.<\/p>\n<p>Om du anv\u00e4nder lorazepam tillsammans med alkohol, opioider eller andra mediciner som g\u00f6r dig d\u00e5sig eller saktar ner din andning, kan du drabbas av d\u00f6dlig utg\u00e5ng. biverkningar.<\/p>\n<p>Konsultera din l\u00e4kare innan du anv\u00e4nder n\u00e5gon medicin.<br \/> F\u00f6ljande tillst\u00e5nd kr\u00e4ver att behandlingen med lorazepam omedelbart avbryts<\/p>\n<p>glaukom med en smal vinkel; eller<\/p>\n<p>En historia av bensodiazepinallergier (diazepam, alprazolam, Ativan, Klonopin, Restoril, Tranxene, Valium, Versed, Xanax och andra).<\/p>\n<p>Om du har n\u00e5got av f\u00f6ljande tillst\u00e5nd b\u00f6r du inte ta lorazepam:<\/p>\n<p>KOL (kronisk obstruktiv lungsjukdom) eller s\u00f6mnapn\u00e9 (andning som g\u00f6r uppeh\u00e5ll medan du sover) \u00e4r exempel p\u00e5 andningsproblem.<\/p>\n<p>beroende av droger eller alkohol <\/p>\n<p>symtom p\u00e5 sorg, d\u00e5ligt hum\u00f6r eller sj\u00e4lvmordstankar eller sj\u00e4lvmordstankar<\/p>\n<p>sjukdom i njurar eller lever<\/p>\n<p>ofrivilliga kramper<\/p>\n<p>glaukom. <\/p>\n<p>Om du anv\u00e4nder lorazepam under graviditeten \u00f6kar risken f\u00f6r att ditt barn blir beroende av medicinen. Efter f\u00f6dseln kan den nyf\u00f6dda uppleva livshotande abstinensbesv\u00e4r till f\u00f6ljd av detta. Sjukv\u00e5rd kan kr\u00e4vas i flera veckor f\u00f6r sp\u00e4dbarn som f\u00f6ds beroende av vanebildande droger.<\/p>\n<p>Beh\u00f6ver jag ta lorazepam p\u00e5 ett specifikt s\u00e4tt?<br \/> Lorazepam ska anv\u00e4ndas exakt enligt ordination. L\u00e4s alla l\u00e4kemedelsrekommendationer och instruktioner p\u00e5 receptetiketten. F\u00f6lj alltid din l\u00e4kares instruktioner n\u00e4r du tar lorazepam. Ju mer du anv\u00e4nder detta l\u00e4kemedel, desto mer sannolikt \u00e4r det att du beh\u00f6ver tala om f\u00f6r din l\u00e4kare.<\/p>\n<p>Lorazepam kan vara beroendeframkallande. Missbruk kan leda till missbruk, \u00f6verdos eller till och med d\u00f6dsfall. Kassera medicinen p\u00e5 ett omr\u00e5de utom r\u00e4ckh\u00e5ll f\u00f6r andra. Det \u00e4r ett brott att distribuera eller s\u00e4lja denna medicin.<\/p>\n<p>M\u00e4t flytande medicin med f\u00f6rsiktighet. Skaffa ett dosm\u00e4tinstrument eller anv\u00e4nd den medf\u00f6ljande sprutan (inte en k\u00f6kssked).<\/p>\n<p>Ta inte lorazepam i mer \u00e4n fyra m\u00e5nader \u00e5t g\u00e5ngen, om inte din l\u00e4kare best\u00e4mmer n\u00e5got annat. Om dina symtom inte f\u00f6rb\u00e4ttras eller f\u00f6rv\u00e4rras, kontakta din l\u00e4kare.<\/p>\n<p>N\u00e4r du tar denna medicin p\u00e5 l\u00e5ng sikt kan du beh\u00f6va regelbundna medicinska unders\u00f6kningar.<\/p>\n<p>Om du pl\u00f6tsligt slutar tar denna medicin riskerar du att uppleva obehagliga biverkningar. Boka tid med din l\u00e4kare f\u00f6r att l\u00e4ra dig hur du slutar ta denna medicin.<\/p>\n<p>Uts\u00e4tt inte f\u00f6r fukt eller h\u00f6ga temperaturer; f\u00f6rvara i rumstemperatur.<\/p>\n<p>F\u00f6rvara lorazepam i kyl f\u00f6r l\u00e5ngtidsf\u00f6rvaring. Beh\u00e5ll inte v\u00e4tskor som inte har anv\u00e4nts inom 90 dagar.<\/p>\n<p>H\u00e5ll ett register \u00f6ver dina mediciner. Du b\u00f6r h\u00e5lla utkik efter alla som missbrukar eller missbrukar det.<\/p>\n","protected":false},"excerpt":{"rendered":"<p>Lorazepam 0,5 mg, 1 mg, 2 mg onlinepriser, k\u00f6p ativan 2mg online, k\u00f6p Lorazepam-tabletter online.<\/p>\n<p>Tramadol 50mg h\u00f6gt onlinepris p\u00e5 lorazepam (Ativan) 2mg tablett. Det anv\u00e4nds ocks\u00e5 vid behandling av \u00e5ngest.<\/p>\n<p>piller\/tabletter Lorazepam (Ativan) 2mg<\/p>\n<p>\u00c5ngest, sorg och s\u00f6mnl\u00f6shet \u00e4r alla vanliga biverkningar av \u00e5ngestl\u00e4kemedlet Ativan ( Lorazepam) (s\u00f6mnproblem). Det \u00e4r ett slags bensodiazepin.<\/p>\n<p>Utan recept kan du k\u00f6pa Lorazepam 2 mg tabletter online (ingen RX).<\/p>\n","protected":false},"featured_media":5144,"comment_status":"open","ping_status":"closed","template":"","meta":[],"product_brand":[],"product_cat":[1117],"product_tag":[1195,1196,1197,1198,1199,1200,1201,1202,1204,1203,1207,1205,1206,1209,1208,1210,1211,1212,1213,1215,1220,1221,1222,1223,1214,1216,1217,1218,1219,1234,1235,1226,1225,1224,1227,1228,1229,1230,1231,1232,1236,1233],"class_list":{"0":"post-5125","1":"product","2":"type-product","3":"status-publish","4":"has-post-thumbnail","6":"product_cat-kop-smarta-somn-sextabletter","7":"product_tag-ativan-1-mg-sublinguala-tabletter","8":"product_tag-ativan-1-mg-tabletter","9":"product_tag-ativan-1-tab","10":"product_tag-ativan-1mg-tablet-dose","11":"product_tag-ativan-1mg-tablett-biverkningar","12":"product_tag-ativan-2-mg-tabletter","13":"product_tag-ativan-2-tab","14":"product_tag-ativan-2-5-mg-pris","15":"product_tag-ativan-2mg-biverkningar","16":"product_tag-ativan-2mg-piller","17":"product_tag-ativan-2mg-tablet-online-order-amazon","18":"product_tag-ativan-2mg-tablett","19":"product_tag-ativan-2mg-tablett-p-hindi","20":"product_tag-ativan-apotek","21":"product_tag-ativan-dosering-2mg","22":"product_tag-ativan-tab-0-5-mg","23":"product_tag-ativan-tab-1mg","24":"product_tag-ativan-tab-1mg-50","25":"product_tag-ativan-tab-1mg-precio","26":"product_tag-ativan-tablet-0-5mg","27":"product_tag-ativan-tablets-dosage","28":"product_tag-ativan-tablets-sublingual","29":"product_tag-ativan-tablets-uk","30":"product_tag-ativan-tablets-uses","31":"product_tag-ativan-surfplatta","32":"product_tag-ativan-tabletter-1mg","33":"product_tag-ativan-tabletter-2-5-mg","34":"product_tag-ativan-surfplattor-australien","35":"product_tag-ativan-tabletter-k-c3-b6p","36":"product_tag-hur-gr-ativan-tabletter-se-ut","37":"product_tag-hur-ser-ativan-tabletter-ut-ut","38":"product_tag-can-ativan-tabletter-injiceras","39":"product_tag-kan-ativan-tabletter-krossas","40":"product_tag-kp-ativan-online","41":"product_tag-lorazepam-2-mg-tablett-online-leverans","42":"product_tag-lorazepam-tabletter-ativan-2mg","43":"product_tag-pfizer-tablett-2mg","44":"product_tag-tab-ativan-1","45":"product_tag-tab-ativan-1mg-uses-in-hindi","46":"product_tag-tivan-2mg-tablett","47":"product_tag-vad-anvnds-ativan-tabletter-till","48":"product_tag-vad-r-ativan-tabletter-fr","50":"first","51":"instock","52":"shipping-taxable","53":"purchasable","54":"product-type-variable"},"yoast_head":"<!-- This site is optimized with the Yoast SEO plugin v27.3 - https:\/\/yoast.com\/product\/yoast-seo-wordpress\/ -->\n<title>K\u00f6p Ativan 2mg - K\u00f6p Ativan 1mg - K\u00f6p Ativan 0,5mg - B\u00e4sta globala medicinerna<\/title>\n<meta name=\"description\" content=\"K\u00f6p Lorazepam-tabletter online, k\u00f6p Lorazepam online, k\u00f6p Ativan online, Lorazepam 0,5 mg, 1 mg, 2 mg onlinepriser,\u00a0k\u00f6p ativan 2mg\u00a0online Storbritannien, Europa\" \/>\n<meta name=\"robots\" content=\"index, follow, max-snippet:-1, max-image-preview:large, max-video-preview:-1\" \/>\n<link rel=\"canonical\" href=\"https:\/\/medicinasinc.com\/se\/product\/kop-ativan-0-5mg-1mg-2mg\/\" \/>\n<meta property=\"og:locale\" content=\"sv_SE\" \/>\n<meta property=\"og:type\" content=\"article\" \/>\n<meta property=\"og:title\" content=\"K\u00f6p Ativan 2mg - K\u00f6p Ativan 1mg - K\u00f6p Ativan 0,5mg - B\u00e4sta globala medicinerna\" \/>\n<meta property=\"og:description\" content=\"K\u00f6p Lorazepam-tabletter online, k\u00f6p Lorazepam online, k\u00f6p Ativan online, Lorazepam 0,5 mg, 1 mg, 2 mg onlinepriser,\u00a0k\u00f6p ativan 2mg\u00a0online Storbritannien, Europa\" \/>\n<meta property=\"og:url\" content=\"https:\/\/medicinasinc.com\/se\/product\/kop-ativan-0-5mg-1mg-2mg\/\" \/>\n<meta property=\"og:site_name\" content=\"Medicinas Inc\" \/>\n<meta property=\"article:modified_time\" content=\"2022-07-03T23:41:46+00:00\" \/>\n<meta property=\"og:image\" content=\"https:\/\/medicinasinc.com\/se\/wp-content\/uploads\/sites\/16\/2022\/02\/Buy-Ativan-Online-1.jpg\" \/>\n\t<meta property=\"og:image:width\" content=\"300\" \/>\n\t<meta property=\"og:image:height\" content=\"300\" \/>\n\t<meta property=\"og:image:type\" content=\"image\/jpeg\" \/>\n<meta name=\"twitter:card\" content=\"summary_large_image\" \/>\n<meta name=\"twitter:label1\" content=\"Ber\u00e4knad l\u00e4stid\" \/>\n\t<meta name=\"twitter:data1\" content=\"3 minuter\" \/>\n<script type=\"application\/ld+json\" class=\"yoast-schema-graph\">{\"@context\":\"https:\\\/\\\/schema.org\",\"@graph\":[{\"@type\":\"WebPage\",\"@id\":\"https:\\\/\\\/medicinasinc.com\\\/se\\\/product\\\/kop-ativan-0-5mg-1mg-2mg\\\/\",\"url\":\"https:\\\/\\\/medicinasinc.com\\\/se\\\/product\\\/kop-ativan-0-5mg-1mg-2mg\\\/\",\"name\":\"K\u00f6p Ativan 2mg - K\u00f6p Ativan 1mg - K\u00f6p Ativan 0,5mg - B\u00e4sta globala medicinerna\",\"isPartOf\":{\"@id\":\"https:\\\/\\\/medicinasinc.com\\\/se\\\/#website\"},\"primaryImageOfPage\":{\"@id\":\"https:\\\/\\\/medicinasinc.com\\\/se\\\/product\\\/kop-ativan-0-5mg-1mg-2mg\\\/#primaryimage\"},\"image\":{\"@id\":\"https:\\\/\\\/medicinasinc.com\\\/se\\\/product\\\/kop-ativan-0-5mg-1mg-2mg\\\/#primaryimage\"},\"thumbnailUrl\":\"https:\\\/\\\/medicinasinc.com\\\/se\\\/wp-content\\\/uploads\\\/sites\\\/16\\\/2022\\\/02\\\/Buy-Ativan-Online-1.jpg\",\"datePublished\":\"2022-02-20T20:43:45+00:00\",\"dateModified\":\"2022-07-03T23:41:46+00:00\",\"description\":\"K\u00f6p Lorazepam-tabletter online, k\u00f6p Lorazepam online, k\u00f6p Ativan online, Lorazepam 0,5 mg, 1 mg, 2 mg onlinepriser,\u00a0k\u00f6p ativan 2mg\u00a0online Storbritannien, Europa\",\"breadcrumb\":{\"@id\":\"https:\\\/\\\/medicinasinc.com\\\/se\\\/product\\\/kop-ativan-0-5mg-1mg-2mg\\\/#breadcrumb\"},\"inLanguage\":\"sv-SE\",\"potentialAction\":[{\"@type\":\"ReadAction\",\"target\":[\"https:\\\/\\\/medicinasinc.com\\\/se\\\/product\\\/kop-ativan-0-5mg-1mg-2mg\\\/\"]}]},{\"@type\":\"ImageObject\",\"inLanguage\":\"sv-SE\",\"@id\":\"https:\\\/\\\/medicinasinc.com\\\/se\\\/product\\\/kop-ativan-0-5mg-1mg-2mg\\\/#primaryimage\",\"url\":\"https:\\\/\\\/medicinasinc.com\\\/se\\\/wp-content\\\/uploads\\\/sites\\\/16\\\/2022\\\/02\\\/Buy-Ativan-Online-1.jpg\",\"contentUrl\":\"https:\\\/\\\/medicinasinc.com\\\/se\\\/wp-content\\\/uploads\\\/sites\\\/16\\\/2022\\\/02\\\/Buy-Ativan-Online-1.jpg\",\"width\":300,\"height\":300},{\"@type\":\"BreadcrumbList\",\"@id\":\"https:\\\/\\\/medicinasinc.com\\\/se\\\/product\\\/kop-ativan-0-5mg-1mg-2mg\\\/#breadcrumb\",\"itemListElement\":[{\"@type\":\"ListItem\",\"position\":1,\"name\":\"aff\u00e4r\",\"item\":\"https:\\\/\\\/medicinasinc.com\\\/se\\\/affar\\\/\"},{\"@type\":\"ListItem\",\"position\":2,\"name\":\"K\u00f6p Ativan 0,5mg, 1mg, 2mg\"}]},{\"@type\":\"WebSite\",\"@id\":\"https:\\\/\\\/medicinasinc.com\\\/se\\\/#website\",\"url\":\"https:\\\/\\\/medicinasinc.com\\\/se\\\/\",\"name\":\"Medicinas Inc\",\"description\":\"Health Medical Clinic\",\"potentialAction\":[{\"@type\":\"SearchAction\",\"target\":{\"@type\":\"EntryPoint\",\"urlTemplate\":\"https:\\\/\\\/medicinasinc.com\\\/se\\\/?s={search_term_string}\"},\"query-input\":{\"@type\":\"PropertyValueSpecification\",\"valueRequired\":true,\"valueName\":\"search_term_string\"}}],\"inLanguage\":\"sv-SE\"}]}<\/script>\n<!-- \/ Yoast SEO plugin. -->","yoast_head_json":{"title":"K\u00f6p Ativan 2mg - K\u00f6p Ativan 1mg - K\u00f6p Ativan 0,5mg - B\u00e4sta globala medicinerna","description":"K\u00f6p Lorazepam-tabletter online, k\u00f6p Lorazepam online, k\u00f6p Ativan online, Lorazepam 0,5 mg, 1 mg, 2 mg onlinepriser,\u00a0k\u00f6p ativan 2mg\u00a0online Storbritannien, Europa","robots":{"index":"index","follow":"follow","max-snippet":"max-snippet:-1","max-image-preview":"max-image-preview:large","max-video-preview":"max-video-preview:-1"},"canonical":"https:\/\/medicinasinc.com\/se\/product\/kop-ativan-0-5mg-1mg-2mg\/","og_locale":"sv_SE","og_type":"article","og_title":"K\u00f6p Ativan 2mg - K\u00f6p Ativan 1mg - K\u00f6p Ativan 0,5mg - B\u00e4sta globala medicinerna","og_description":"K\u00f6p Lorazepam-tabletter online, k\u00f6p Lorazepam online, k\u00f6p Ativan online, Lorazepam 0,5 mg, 1 mg, 2 mg onlinepriser,\u00a0k\u00f6p ativan 2mg\u00a0online Storbritannien, Europa","og_url":"https:\/\/medicinasinc.com\/se\/product\/kop-ativan-0-5mg-1mg-2mg\/","og_site_name":"Medicinas Inc","article_modified_time":"2022-07-03T23:41:46+00:00","og_image":[{"width":300,"height":300,"url":"https:\/\/medicinasinc.com\/se\/wp-content\/uploads\/sites\/16\/2022\/02\/Buy-Ativan-Online-1.jpg","type":"image\/jpeg"}],"twitter_card":"summary_large_image","twitter_misc":{"Ber\u00e4knad l\u00e4stid":"3 minuter"},"schema":{"@context":"https:\/\/schema.org","@graph":[{"@type":"WebPage","@id":"https:\/\/medicinasinc.com\/se\/product\/kop-ativan-0-5mg-1mg-2mg\/","url":"https:\/\/medicinasinc.com\/se\/product\/kop-ativan-0-5mg-1mg-2mg\/","name":"K\u00f6p Ativan 2mg - K\u00f6p Ativan 1mg - K\u00f6p Ativan 0,5mg - B\u00e4sta globala medicinerna","isPartOf":{"@id":"https:\/\/medicinasinc.com\/se\/#website"},"primaryImageOfPage":{"@id":"https:\/\/medicinasinc.com\/se\/product\/kop-ativan-0-5mg-1mg-2mg\/#primaryimage"},"image":{"@id":"https:\/\/medicinasinc.com\/se\/product\/kop-ativan-0-5mg-1mg-2mg\/#primaryimage"},"thumbnailUrl":"https:\/\/medicinasinc.com\/se\/wp-content\/uploads\/sites\/16\/2022\/02\/Buy-Ativan-Online-1.jpg","datePublished":"2022-02-20T20:43:45+00:00","dateModified":"2022-07-03T23:41:46+00:00","description":"K\u00f6p Lorazepam-tabletter online, k\u00f6p Lorazepam online, k\u00f6p Ativan online, Lorazepam 0,5 mg, 1 mg, 2 mg onlinepriser,\u00a0k\u00f6p ativan 2mg\u00a0online Storbritannien, Europa","breadcrumb":{"@id":"https:\/\/medicinasinc.com\/se\/product\/kop-ativan-0-5mg-1mg-2mg\/#breadcrumb"},"inLanguage":"sv-SE","potentialAction":[{"@type":"ReadAction","target":["https:\/\/medicinasinc.com\/se\/product\/kop-ativan-0-5mg-1mg-2mg\/"]}]},{"@type":"ImageObject","inLanguage":"sv-SE","@id":"https:\/\/medicinasinc.com\/se\/product\/kop-ativan-0-5mg-1mg-2mg\/#primaryimage","url":"https:\/\/medicinasinc.com\/se\/wp-content\/uploads\/sites\/16\/2022\/02\/Buy-Ativan-Online-1.jpg","contentUrl":"https:\/\/medicinasinc.com\/se\/wp-content\/uploads\/sites\/16\/2022\/02\/Buy-Ativan-Online-1.jpg","width":300,"height":300},{"@type":"BreadcrumbList","@id":"https:\/\/medicinasinc.com\/se\/product\/kop-ativan-0-5mg-1mg-2mg\/#breadcrumb","itemListElement":[{"@type":"ListItem","position":1,"name":"aff\u00e4r","item":"https:\/\/medicinasinc.com\/se\/affar\/"},{"@type":"ListItem","position":2,"name":"K\u00f6p Ativan 0,5mg, 1mg, 2mg"}]},{"@type":"WebSite","@id":"https:\/\/medicinasinc.com\/se\/#website","url":"https:\/\/medicinasinc.com\/se\/","name":"Medicinas Inc","description":"Health Medical Clinic","potentialAction":[{"@type":"SearchAction","target":{"@type":"EntryPoint","urlTemplate":"https:\/\/medicinasinc.com\/se\/?s={search_term_string}"},"query-input":{"@type":"PropertyValueSpecification","valueRequired":true,"valueName":"search_term_string"}}],"inLanguage":"sv-SE"}]}},"_links":{"self":[{"href":"https:\/\/medicinasinc.com\/se\/wp-json\/wp\/v2\/product\/5125","targetHints":{"allow":["GET"]}}],"collection":[{"href":"https:\/\/medicinasinc.com\/se\/wp-json\/wp\/v2\/product"}],"about":[{"href":"https:\/\/medicinasinc.com\/se\/wp-json\/wp\/v2\/types\/product"}],"replies":[{"embeddable":true,"href":"https:\/\/medicinasinc.com\/se\/wp-json\/wp\/v2\/comments?post=5125"}],"wp:featuredmedia":[{"embeddable":true,"href":"https:\/\/medicinasinc.com\/se\/wp-json\/wp\/v2\/media\/5144"}],"wp:attachment":[{"href":"https:\/\/medicinasinc.com\/se\/wp-json\/wp\/v2\/media?parent=5125"}],"wp:term":[{"taxonomy":"product_brand","embeddable":true,"href":"https:\/\/medicinasinc.com\/se\/wp-json\/wp\/v2\/product_brand?post=5125"},{"taxonomy":"product_cat","embeddable":true,"href":"https:\/\/medicinasinc.com\/se\/wp-json\/wp\/v2\/product_cat?post=5125"},{"taxonomy":"product_tag","embeddable":true,"href":"https:\/\/medicinasinc.com\/se\/wp-json\/wp\/v2\/product_tag?post=5125"}],"curies":[{"name":"wp","href":"https:\/\/api.w.org\/{rel}","templated":true}]}}