{"id":5124,"date":"2022-02-20T20:42:48","date_gmt":"2022-02-20T20:42:48","guid":{"rendered":"https:\/\/medicinasinc.com\/se\/?post_type=product&#038;p=5124"},"modified":"2022-07-03T23:41:54","modified_gmt":"2022-07-03T23:41:54","slug":"kop-ambien-10-mg","status":"publish","type":"product","link":"https:\/\/medicinasinc.com\/se\/product\/kop-ambien-10-mg\/","title":{"rendered":"K\u00f6p Ambien 10 mg"},"content":{"rendered":"<div class=\"ty-tabs cm-j-tabs clearfix\">\n<p>k\u00f6p Ambien 10mg online<\/p>\n<h2><a href=\"https:\/\/www.bestglobalmeds.com\/category\/blog\/\" target=\"_blank\" rel=\"noopener\">K\u00f6p Ambien 10mg \u00f6ver natten<\/a><\/h2>\n<h2>K\u00f6p Ambien 10mg online<\/h2>\n<p>USA:s l\u00e4gsta pris p\u00e5\u00a0<em>Ambien<\/em>\u00a0(<em>Zolpidem<\/em>\u00a05mg &amp;\u00a0<em>10mg<\/em>) Piller och USA:s f\u00f6rsta juridiskt registrerade onlinel\u00e4kartj\u00e4nst som erbjuder det. Gratis sp\u00e5rad leverans i Storbritannien. Ambien, Zolpidem, ambien\u00a0<em>10mg<\/em>, Zolpidem Tartrate, k\u00f6p s\u00f6mntabletter online, k\u00f6p anti-\u00e5ngest online, antidepressiva,\u00a0<em>k\u00f6p ambien<\/em>\u00a0utan recept.<\/p>\n<ul class=\"ty-tabs__list\">\n<li id=\"description\" class=\"ty-tabs__item cm-js active\"><a class=\"ty-tabs__a\">Beskrivning<\/a><\/li>\n<li id=\"product_tab_9\" class=\"ty-tabs__item cm-js\"><a class=\"ty-tabs__a\">Patientinformation<\/a><\/li>\n<\/ul><\/div>\n<div id=\"tabs_content \" class=\"cm-tabs-content ty-tabs__content clearfix\">\n<div id=\"content_description\" class=\"ty-wysiwyg-content content-description active\">\n<div>\n<div class=\"product-description\">\n<h4>Sov med Zolpidem och Ambien<\/h4>\n<table>\n<thead>\n<tr>\n<th>Zolpidem<\/th>\n<th>M\u00e4ngd<\/th>\n<th>Typ<\/th>\n<th>Lager<\/th>\n<p> th&gt; <\/tr>\n<\/thead>\n<tbody>\n<tr>\n<th>Ambien<\/th>\n<th>5mg<\/th>\n<th>Surfplattor<\/th>\n<th>K\u00f6p USA\u2713<\/th>\n<\/tr>\n<tr>\n<td>Zolpidem Tabletter<\/td>\n<td>5mg<\/td>\n<td>Piller<\/td>\n<td>Online USA \u2713<\/td>\n<\/tr>\n<tr>\n<td>Ambien Tabletter<\/td>\n<td>10mg<\/td>\n<td>Medicin e<\/td>\n<td>US \u2713<\/td>\n<\/tr>\n<\/tbody>\n<\/table>\n<h4>F\u00f6rsiktighets\u00e5tg\u00e4rder innan du tar Zolpidem<\/h4>\n<p>Det finns f\u00f6rsiktighets\u00e5tg\u00e4rder som m\u00e5ste \u00f6verv\u00e4gas innan du best\u00e4mmer dig f\u00f6r att ta det. Under vissa omst\u00e4ndigheter kanske det inte \u00e4r det l\u00e4mpligaste valet av l\u00e4kemedel. Fr\u00e5ga en l\u00e4kare ang\u00e5ende din h\u00e4lsol\u00e4mplighet f\u00f6r att ta det som en behandling f\u00f6r s\u00f6mnl\u00f6shet. Om du har n\u00e5gon av f\u00f6ljande omst\u00e4ndigheter, s\u00f6k l\u00e4kare:<\/p>\n<ul>\n<li>Historik om alkoholism eller drogmissbruk<\/li>\n<li>Gravid eller planerar att bli gravid<\/li>\n<li>Har ett andningstillst\u00e5nd (bronkit, astma eller emfysem)<\/li>\n<li>Historik om lever- eller njursjukdom<\/li>\n<li>Har myasthenia gravis (nervst\u00f6rning som leder till f\u00f6rsvagning av muskler)<\/li>\n<li>Allergier till n\u00e5gon av ingredienserna<\/li>\n<li>Har \u00e5terkommande personlighetsst\u00f6rning eller depression<\/li>\n<li>Har s\u00f6mnapn\u00e9<\/li>\n<li>\u00c4ldre<\/li>\n<\/ul>\n<p>I mycket s\u00e4llsynta fall I fall kan intag av Ambien leda till biverkningar inklusive svullnad av l\u00e4ppar, ansikte, svalg och tunga eller har sv\u00e5rt att andas. Det rekommenderas ocks\u00e5 att det inte ska anv\u00e4ndas kontinuerligt i mer \u00e4n 4 veckor eftersom det kan leda till abstinenssymptom som kr\u00e4kningar, illam\u00e5ende, \u00e5ngest och magkramper. K\u00e4nd som en kortvarig <a href=\"https:\/\/globalhomemed.com\/\">behandling f\u00f6r\u00a0s\u00f6mnl\u00f6shet<\/a>, det finns en m\u00f6jlighet att f\u00e5 problem med s\u00f6mnen n\u00e4r du slutar anv\u00e4nda den. Det kallas en &#8221;rebound-s\u00f6mnl\u00f6shet&#8221; som s\u00e5 sm\u00e5ningom avtar efter en till tv\u00e5 dagar. R\u00e5dg\u00f6r alltid med din l\u00e4kare ang\u00e5ende anv\u00e4ndningen av denna s\u00f6mnmedicin.<\/p>\n<h2>k\u00f6p Ambien 10mg online<\/h2>\n<\/p><\/div><\/div><\/div><\/div>\n","protected":false},"excerpt":{"rendered":"<p>K\u00f6p Ambien 10 mg piller online. Ambien anv\u00e4nds f\u00f6r att behandla en s\u00f6mnst\u00f6rning. Den snabba urladdningstabletten anv\u00e4nds f\u00f6r att hj\u00e4lpa dig att nicka av n\u00e4r du f\u00f6rst g\u00e5r till soffan.<\/p>\n<p>Ambien, Zolpidem, ambien\u00a0<em>10mg<\/em>, Zolpidem Tartrate, k\u00f6p s\u00f6mntabletter online, k\u00f6p anti \u00e5ngest online, antidepressiva medel,\u00a0<em>k\u00f6p ambien<\/em>\u00a0utan recept.<\/p>\n","protected":false},"featured_media":5142,"comment_status":"open","ping_status":"closed","template":"","meta":[],"product_brand":[],"product_cat":[1117],"product_tag":[],"class_list":{"0":"post-5124","1":"product","2":"type-product","3":"status-publish","4":"has-post-thumbnail","6":"product_cat-kop-smarta-somn-sextabletter","8":"first","9":"instock","10":"shipping-taxable","11":"purchasable","12":"product-type-variable","13":"has-default-attributes"},"yoast_head":"<!-- This site is optimized with the Yoast SEO plugin v27.3 - https:\/\/yoast.com\/product\/yoast-seo-wordpress\/ -->\n<title>K\u00f6p Ambien 10 mg - Ambien 10 mg - Best Global Meds<\/title>\n<meta name=\"description\" content=\"K\u00f6p Ambien 10 mg, Ambien, Zolpidem, ambien\u00a010mg, Zolpidem Tartrate, k\u00f6p s\u00f6mntabletter online, k\u00f6p anti-\u00e5ngest online, antidepressiva,\u00a0k\u00f6p ambien\u00a0utan recept.\" \/>\n<meta name=\"robots\" content=\"index, follow, max-snippet:-1, max-image-preview:large, max-video-preview:-1\" \/>\n<link rel=\"canonical\" href=\"https:\/\/medicinasinc.com\/se\/product\/kop-ambien-10-mg\/\" \/>\n<meta property=\"og:locale\" content=\"sv_SE\" \/>\n<meta property=\"og:type\" content=\"article\" \/>\n<meta property=\"og:title\" content=\"K\u00f6p Ambien 10 mg - Ambien 10 mg - Best Global Meds\" \/>\n<meta property=\"og:description\" content=\"K\u00f6p Ambien 10 mg, Ambien, Zolpidem, ambien\u00a010mg, Zolpidem Tartrate, k\u00f6p s\u00f6mntabletter online, k\u00f6p anti-\u00e5ngest online, antidepressiva,\u00a0k\u00f6p ambien\u00a0utan recept.\" \/>\n<meta property=\"og:url\" content=\"https:\/\/medicinasinc.com\/se\/product\/kop-ambien-10-mg\/\" \/>\n<meta property=\"og:site_name\" content=\"Medicinas Inc\" \/>\n<meta property=\"article:modified_time\" content=\"2022-07-03T23:41:54+00:00\" \/>\n<meta property=\"og:image\" content=\"https:\/\/medicinasinc.com\/se\/wp-content\/uploads\/sites\/16\/2022\/02\/Buy-Ambien-10mg.jpg\" \/>\n\t<meta property=\"og:image:width\" content=\"225\" \/>\n\t<meta property=\"og:image:height\" content=\"225\" \/>\n\t<meta property=\"og:image:type\" content=\"image\/jpeg\" \/>\n<meta name=\"twitter:card\" content=\"summary_large_image\" \/>\n<meta name=\"twitter:label1\" content=\"Ber\u00e4knad l\u00e4stid\" \/>\n\t<meta name=\"twitter:data1\" content=\"2 minuter\" \/>\n<script type=\"application\/ld+json\" class=\"yoast-schema-graph\">{\"@context\":\"https:\\\/\\\/schema.org\",\"@graph\":[{\"@type\":\"WebPage\",\"@id\":\"https:\\\/\\\/medicinasinc.com\\\/se\\\/product\\\/kop-ambien-10-mg\\\/\",\"url\":\"https:\\\/\\\/medicinasinc.com\\\/se\\\/product\\\/kop-ambien-10-mg\\\/\",\"name\":\"K\u00f6p Ambien 10 mg - Ambien 10 mg - Best Global Meds\",\"isPartOf\":{\"@id\":\"https:\\\/\\\/medicinasinc.com\\\/se\\\/#website\"},\"primaryImageOfPage\":{\"@id\":\"https:\\\/\\\/medicinasinc.com\\\/se\\\/product\\\/kop-ambien-10-mg\\\/#primaryimage\"},\"image\":{\"@id\":\"https:\\\/\\\/medicinasinc.com\\\/se\\\/product\\\/kop-ambien-10-mg\\\/#primaryimage\"},\"thumbnailUrl\":\"https:\\\/\\\/medicinasinc.com\\\/se\\\/wp-content\\\/uploads\\\/sites\\\/16\\\/2022\\\/02\\\/Buy-Ambien-10mg.jpg\",\"datePublished\":\"2022-02-20T20:42:48+00:00\",\"dateModified\":\"2022-07-03T23:41:54+00:00\",\"description\":\"K\u00f6p Ambien 10 mg, Ambien, Zolpidem, ambien\u00a010mg, Zolpidem Tartrate, k\u00f6p s\u00f6mntabletter online, k\u00f6p anti-\u00e5ngest online, antidepressiva,\u00a0k\u00f6p ambien\u00a0utan recept.\",\"breadcrumb\":{\"@id\":\"https:\\\/\\\/medicinasinc.com\\\/se\\\/product\\\/kop-ambien-10-mg\\\/#breadcrumb\"},\"inLanguage\":\"sv-SE\",\"potentialAction\":[{\"@type\":\"ReadAction\",\"target\":[\"https:\\\/\\\/medicinasinc.com\\\/se\\\/product\\\/kop-ambien-10-mg\\\/\"]}]},{\"@type\":\"ImageObject\",\"inLanguage\":\"sv-SE\",\"@id\":\"https:\\\/\\\/medicinasinc.com\\\/se\\\/product\\\/kop-ambien-10-mg\\\/#primaryimage\",\"url\":\"https:\\\/\\\/medicinasinc.com\\\/se\\\/wp-content\\\/uploads\\\/sites\\\/16\\\/2022\\\/02\\\/Buy-Ambien-10mg.jpg\",\"contentUrl\":\"https:\\\/\\\/medicinasinc.com\\\/se\\\/wp-content\\\/uploads\\\/sites\\\/16\\\/2022\\\/02\\\/Buy-Ambien-10mg.jpg\",\"width\":225,\"height\":225},{\"@type\":\"BreadcrumbList\",\"@id\":\"https:\\\/\\\/medicinasinc.com\\\/se\\\/product\\\/kop-ambien-10-mg\\\/#breadcrumb\",\"itemListElement\":[{\"@type\":\"ListItem\",\"position\":1,\"name\":\"aff\u00e4r\",\"item\":\"https:\\\/\\\/medicinasinc.com\\\/se\\\/affar\\\/\"},{\"@type\":\"ListItem\",\"position\":2,\"name\":\"K\u00f6p Ambien 10 mg\"}]},{\"@type\":\"WebSite\",\"@id\":\"https:\\\/\\\/medicinasinc.com\\\/se\\\/#website\",\"url\":\"https:\\\/\\\/medicinasinc.com\\\/se\\\/\",\"name\":\"Medicinas Inc\",\"description\":\"Health Medical Clinic\",\"potentialAction\":[{\"@type\":\"SearchAction\",\"target\":{\"@type\":\"EntryPoint\",\"urlTemplate\":\"https:\\\/\\\/medicinasinc.com\\\/se\\\/?s={search_term_string}\"},\"query-input\":{\"@type\":\"PropertyValueSpecification\",\"valueRequired\":true,\"valueName\":\"search_term_string\"}}],\"inLanguage\":\"sv-SE\"}]}<\/script>\n<!-- \/ Yoast SEO plugin. -->","yoast_head_json":{"title":"K\u00f6p Ambien 10 mg - Ambien 10 mg - Best Global Meds","description":"K\u00f6p Ambien 10 mg, Ambien, Zolpidem, ambien\u00a010mg, Zolpidem Tartrate, k\u00f6p s\u00f6mntabletter online, k\u00f6p anti-\u00e5ngest online, antidepressiva,\u00a0k\u00f6p ambien\u00a0utan recept.","robots":{"index":"index","follow":"follow","max-snippet":"max-snippet:-1","max-image-preview":"max-image-preview:large","max-video-preview":"max-video-preview:-1"},"canonical":"https:\/\/medicinasinc.com\/se\/product\/kop-ambien-10-mg\/","og_locale":"sv_SE","og_type":"article","og_title":"K\u00f6p Ambien 10 mg - Ambien 10 mg - Best Global Meds","og_description":"K\u00f6p Ambien 10 mg, Ambien, Zolpidem, ambien\u00a010mg, Zolpidem Tartrate, k\u00f6p s\u00f6mntabletter online, k\u00f6p anti-\u00e5ngest online, antidepressiva,\u00a0k\u00f6p ambien\u00a0utan recept.","og_url":"https:\/\/medicinasinc.com\/se\/product\/kop-ambien-10-mg\/","og_site_name":"Medicinas Inc","article_modified_time":"2022-07-03T23:41:54+00:00","og_image":[{"width":225,"height":225,"url":"https:\/\/medicinasinc.com\/se\/wp-content\/uploads\/sites\/16\/2022\/02\/Buy-Ambien-10mg.jpg","type":"image\/jpeg"}],"twitter_card":"summary_large_image","twitter_misc":{"Ber\u00e4knad l\u00e4stid":"2 minuter"},"schema":{"@context":"https:\/\/schema.org","@graph":[{"@type":"WebPage","@id":"https:\/\/medicinasinc.com\/se\/product\/kop-ambien-10-mg\/","url":"https:\/\/medicinasinc.com\/se\/product\/kop-ambien-10-mg\/","name":"K\u00f6p Ambien 10 mg - Ambien 10 mg - Best Global Meds","isPartOf":{"@id":"https:\/\/medicinasinc.com\/se\/#website"},"primaryImageOfPage":{"@id":"https:\/\/medicinasinc.com\/se\/product\/kop-ambien-10-mg\/#primaryimage"},"image":{"@id":"https:\/\/medicinasinc.com\/se\/product\/kop-ambien-10-mg\/#primaryimage"},"thumbnailUrl":"https:\/\/medicinasinc.com\/se\/wp-content\/uploads\/sites\/16\/2022\/02\/Buy-Ambien-10mg.jpg","datePublished":"2022-02-20T20:42:48+00:00","dateModified":"2022-07-03T23:41:54+00:00","description":"K\u00f6p Ambien 10 mg, Ambien, Zolpidem, ambien\u00a010mg, Zolpidem Tartrate, k\u00f6p s\u00f6mntabletter online, k\u00f6p anti-\u00e5ngest online, antidepressiva,\u00a0k\u00f6p ambien\u00a0utan recept.","breadcrumb":{"@id":"https:\/\/medicinasinc.com\/se\/product\/kop-ambien-10-mg\/#breadcrumb"},"inLanguage":"sv-SE","potentialAction":[{"@type":"ReadAction","target":["https:\/\/medicinasinc.com\/se\/product\/kop-ambien-10-mg\/"]}]},{"@type":"ImageObject","inLanguage":"sv-SE","@id":"https:\/\/medicinasinc.com\/se\/product\/kop-ambien-10-mg\/#primaryimage","url":"https:\/\/medicinasinc.com\/se\/wp-content\/uploads\/sites\/16\/2022\/02\/Buy-Ambien-10mg.jpg","contentUrl":"https:\/\/medicinasinc.com\/se\/wp-content\/uploads\/sites\/16\/2022\/02\/Buy-Ambien-10mg.jpg","width":225,"height":225},{"@type":"BreadcrumbList","@id":"https:\/\/medicinasinc.com\/se\/product\/kop-ambien-10-mg\/#breadcrumb","itemListElement":[{"@type":"ListItem","position":1,"name":"aff\u00e4r","item":"https:\/\/medicinasinc.com\/se\/affar\/"},{"@type":"ListItem","position":2,"name":"K\u00f6p Ambien 10 mg"}]},{"@type":"WebSite","@id":"https:\/\/medicinasinc.com\/se\/#website","url":"https:\/\/medicinasinc.com\/se\/","name":"Medicinas Inc","description":"Health Medical Clinic","potentialAction":[{"@type":"SearchAction","target":{"@type":"EntryPoint","urlTemplate":"https:\/\/medicinasinc.com\/se\/?s={search_term_string}"},"query-input":{"@type":"PropertyValueSpecification","valueRequired":true,"valueName":"search_term_string"}}],"inLanguage":"sv-SE"}]}},"_links":{"self":[{"href":"https:\/\/medicinasinc.com\/se\/wp-json\/wp\/v2\/product\/5124","targetHints":{"allow":["GET"]}}],"collection":[{"href":"https:\/\/medicinasinc.com\/se\/wp-json\/wp\/v2\/product"}],"about":[{"href":"https:\/\/medicinasinc.com\/se\/wp-json\/wp\/v2\/types\/product"}],"replies":[{"embeddable":true,"href":"https:\/\/medicinasinc.com\/se\/wp-json\/wp\/v2\/comments?post=5124"}],"wp:featuredmedia":[{"embeddable":true,"href":"https:\/\/medicinasinc.com\/se\/wp-json\/wp\/v2\/media\/5142"}],"wp:attachment":[{"href":"https:\/\/medicinasinc.com\/se\/wp-json\/wp\/v2\/media?parent=5124"}],"wp:term":[{"taxonomy":"product_brand","embeddable":true,"href":"https:\/\/medicinasinc.com\/se\/wp-json\/wp\/v2\/product_brand?post=5124"},{"taxonomy":"product_cat","embeddable":true,"href":"https:\/\/medicinasinc.com\/se\/wp-json\/wp\/v2\/product_cat?post=5124"},{"taxonomy":"product_tag","embeddable":true,"href":"https:\/\/medicinasinc.com\/se\/wp-json\/wp\/v2\/product_tag?post=5124"}],"curies":[{"name":"wp","href":"https:\/\/api.w.org\/{rel}","templated":true}]}}