{"id":5123,"date":"2022-02-20T20:39:42","date_gmt":"2022-02-20T20:39:42","guid":{"rendered":"https:\/\/medicinasinc.com\/se\/?post_type=product&#038;p=5123"},"modified":"2022-07-03T23:42:08","modified_gmt":"2022-07-03T23:42:08","slug":"kop-alprox-2mg-xanax","status":"publish","type":"product","link":"https:\/\/medicinasinc.com\/se\/product\/kop-alprox-2mg-xanax\/","title":{"rendered":"K\u00f6p Alprox 2mg (Xanax)"},"content":{"rendered":"<p>Letar du efter XANAX 2mg till salu till ett rimligt pris? Dra f\u00f6rdel av Best Global Meds l\u00e5ga priser och snabba leverans av XANAX 2mg till din d\u00f6rr!<\/p>\n<p>I Storbritannien kan du k\u00f6pa Alprazolam online. UK\/EU Brand of Alprazolam (Xanax) 2mg&#8230; \u00c5ngestmedicin 2 mg tablett \u00e4r starkare i Storbritannien.<\/p>\n<p>Var kan jag k\u00f6pa Xanax online? Var kan jag k\u00f6pa Xanax 2MG online? Var kan jag k\u00f6pa Xanax 1MG Online?<\/p>\n<p>Sedativa och lugnande effekter \u00e4r m\u00f6jliga med Xanax.<\/p>\n<p>Xanax 2Mg K\u00f6p online Storbritannien Det \u00e4r krampaktigt att se Best\u00e4lla Xanax Overnight morfologiskt. Waxier Wilburn trotsar Buying Xanax Online Reddit och subtilerar erbjudandet p\u00e5 ett kr\u00e5ngligare s\u00e4tt.<\/p>\n<p>Xanax utan recept kan k\u00f6pas billigt online. Var kan jag k\u00f6pa fentermin i bulk till l\u00e4gsta pris? Bilder av 2 mg xanax generika<\/p>\n<p>Denna medicin anv\u00e4nds f\u00f6r att behandla panikst\u00f6rningar och \u00e5ngestsyndrom som ov\u00e4ntad intensiv r\u00e4dsla och sp\u00e4nning orsakad av stress. Alprazolam \u00e4r 0,5 MG, 1 MG, 2 MG tablett. Det \u00e4r b\u00e4st att b\u00f6rja med en l\u00e5g dos och arbeta dig upp till en st\u00f6rre. F\u00f6r att undvika abstinenssymptom som kramper, aggressivt beteende, dimsyn, etc. om du pl\u00f6tsligt slutar ta denna medicin.<\/p>\n<p>Alprazolam 0,5 MG tablett kan tas med eller utan mat, beroende p\u00e5 vad du f\u00f6redrar. \u00d6verskrid inte den rekommenderade dosen. Om du m\u00e4rker n\u00e5gra biverkningar, boka tid med din l\u00e4kare omedelbart. F\u00f6r att undvika abstinenssymtom ska du inte sluta ta medicinen utan att f\u00f6rst bes\u00f6ka din l\u00e4kare!<\/p>\n<p>Vad \u00e4r involverat i processen<br \/> Hyperpolarisering och stabilitet hos neuronmembranet uppn\u00e5s b\u00e5da genom denna medicins interaktion med klorid kanaler, vilket f\u00f6rhindrar ytterligare cellexcitation.<\/p>\n","protected":false},"excerpt":{"rendered":"<p>Alprox 2 mg piller kan k\u00f6pas online (Xanax). Vad \u00e4r Alprox 2mg? G\u00e5r det att k\u00f6pa p\u00e5 n\u00e4tet? Finns Alprox 2mg tillg\u00e4ngligt \u00f6ver disk?<\/p>\n<p>Handla Alprazolam Xanax 2 mg tablett i Storbritannien, Europa p\u00e5 v\u00e5rt b\u00e4sta globala l\u00e4kemedels onlineapotek med snabb global leverans! Du kommer att uppt\u00e4cka de b\u00e4sta priserna p\u00e5 Alprazolam 2 MG tabletter precis h\u00e4r!<\/p>\n<p>Xanax 2 mg tablett anv\u00e4nds f\u00f6r att behandla panikst\u00f6rningar och \u00e5ngest, s\u00e5som ov\u00e4ntad intensiv r\u00e4dsla och sp\u00e4nningar orsakade av stress. K\u00f6p Xanax 2 mg tablett. Det \u00e4r b\u00e4st att b\u00f6rja med en l\u00e5g dos och arbeta dig upp till en st\u00f6rre. Abstinenssymtom inklusive kramper, aggressivt beteende, suddig syn och mer kan uppst\u00e5 om du pl\u00f6tsligt slutar ta denna medicin.<\/p>\n","protected":false},"featured_media":5140,"comment_status":"open","ping_status":"closed","template":"","meta":[],"product_brand":[],"product_cat":[703],"product_tag":[1125,1126,1127,1128,1129,1130,1139,1132,1133,1135,1134,1140,1141,1142,1144,1145,1166,1136,1146,1147,1148,1131,1149,1150,1154,1155,1156,1152,1153,1158,1157,1159,1143,1160,1151,1162,1163,1164,1165,1138,1137,1161,1183,1188,1167,1168,1171,1192,1172,1176,1177,1179,1184,1191,1180,1181,1182,1178,1170,1189,1169,1175,1185,1186,1187,1190,1173,1174,1193,1194],"class_list":{"0":"post-5123","1":"product","2":"type-product","3":"status-publish","4":"has-post-thumbnail","6":"product_cat-kop-psykedeliska-droger","7":"product_tag-alprazolam-25","8":"product_tag-alprazolam-25-fr-katter","9":"product_tag-alprazolam-0-25-mg","10":"product_tag-alprazolam-0-5-mg-pris","11":"product_tag-alprazolam-1mg-bltt","12":"product_tag-alprazolam-2mg-bars","13":"product_tag-alprazolam-biverkningar","14":"product_tag-alprazolam-bl","15":"product_tag-alprazolam-bl-c3-a5tt-piller","16":"product_tag-alprazolam-cost","17":"product_tag-alprazolam-flaska","18":"product_tag-alprazolam-for-dogs","19":"product_tag-alprazolam-for-dogs-online","20":"product_tag-alprazolam-fr-hundar-biverkningar","21":"product_tag-alprazolam-fr-smn","22":"product_tag-alprazolam-frn-mexiko","23":"product_tag-alprazolam-gul","24":"product_tag-alprazolam-hundar","25":"product_tag-alprazolam-intensol","26":"product_tag-alprazolam-interaktioner","27":"product_tag-alprazolam-muskel-relaxant-dos","28":"product_tag-alprazolam-och-alkohol","29":"product_tag-alprazolam-online","30":"product_tag-alprazolam-para-dormir","31":"product_tag-alprazolam-pris","32":"product_tag-alprazolam-pronounce","33":"product_tag-alprazolam-psychonaut","34":"product_tag-alprazolam-pulver","35":"product_tag-alprazolam-pulver-till-frsljning","36":"product_tag-alprazolam-recensioner","37":"product_tag-alprazolam-refill-regler","38":"product_tag-alprazolam-syntes","39":"product_tag-alprazolam-till-salu","40":"product_tag-alprazolam-urin-detektionstid","41":"product_tag-alprazolam-vad-anvnds-det-till","42":"product_tag-alprazolam-vs-klonazepam","43":"product_tag-alprazolam-vs-lorazepam","44":"product_tag-alprazolam-xanax","45":"product_tag-alprazolam-xr","46":"product_tag-alprazolam-dos-fr-djupsmn","47":"product_tag-alprazolam-dos-fr-hundar","48":"product_tag-alprazolam-anvnning","49":"product_tag-r-alprazolam-ett-kontrollerat-mne","50":"product_tag-bestlla-alprazolam-online","51":"product_tag-buy-alprazolam","52":"product_tag-buy-alprazolam-online","53":"product_tag-clonazepam-vs-alprazolam","54":"product_tag-det-bsta-stllet-att-kpa-alprazolam-online","55":"product_tag-diazepam-vs-alprazolam","56":"product_tag-farmapram-alprazolam","57":"product_tag-farmapram-alprazolam-2mg","58":"product_tag-flualprazolam-vs-alprazolam","59":"product_tag-flytande-alprazolam","60":"product_tag-snort-alprazolam","61":"product_tag-greenstone-alprazolam","62":"product_tag-hur-lnge-varar-alprazolam-i-urin-reddit","63":"product_tag-hur-man-kper-alprazolam-online","64":"product_tag-influensa-alprazolam","65":"product_tag-kan-alprazolam-f-c3-a5-dig-h-c3-b6g","66":"product_tag-kp-alprazolam-online","67":"product_tag-kpa-alprazolam","68":"product_tag-lkare-som-frskriver-alprazolam-nra-mig","69":"product_tag-lorazepam-vs-alprazolam","70":"product_tag-lorazepam-vs-alprazolam-reddit","71":"product_tag-mexikansk-alprazolam-2mg","72":"product_tag-sandoz-alprazolam","73":"product_tag-skillnaden-mellan-alprazolam-och-lorazepam","74":"product_tag-skillnaden-mellan-lorazepam-och-alprazolam","75":"product_tag-vad-anvnds-alprazolam-till-delning","76":"product_tag-var-att-kpa-alprazolam-online","78":"first","79":"instock","80":"shipping-taxable","81":"purchasable","82":"product-type-variable"},"yoast_head":"<!-- This site is optimized with the Yoast SEO plugin v27.3 - https:\/\/yoast.com\/product\/yoast-seo-wordpress\/ -->\n<title>K\u00f6p Alprox 2mg (Xanax) - Best\u00e4ll Xanax - Best Best Global Meds<\/title>\n<meta name=\"description\" content=\"K\u00f6p Alprox 2mg piller online (Xanax). k\u00f6p Alprox online, Alprox online, k\u00f6p online alprox, k\u00f6p xanax, K\u00f6p Alprazolam Xanax 2 mg tablett Storbritannien, Europa\" \/>\n<meta name=\"robots\" content=\"index, follow, max-snippet:-1, max-image-preview:large, max-video-preview:-1\" \/>\n<link rel=\"canonical\" href=\"https:\/\/medicinasinc.com\/se\/product\/kop-alprox-2mg-xanax\/\" \/>\n<meta property=\"og:locale\" content=\"sv_SE\" \/>\n<meta property=\"og:type\" content=\"article\" \/>\n<meta property=\"og:title\" content=\"K\u00f6p Alprox 2mg (Xanax) - Best\u00e4ll Xanax - Best Best Global Meds\" \/>\n<meta property=\"og:description\" content=\"K\u00f6p Alprox 2mg piller online (Xanax). k\u00f6p Alprox online, Alprox online, k\u00f6p online alprox, k\u00f6p xanax, K\u00f6p Alprazolam Xanax 2 mg tablett Storbritannien, Europa\" \/>\n<meta property=\"og:url\" content=\"https:\/\/medicinasinc.com\/se\/product\/kop-alprox-2mg-xanax\/\" \/>\n<meta property=\"og:site_name\" content=\"Medicinas Inc\" \/>\n<meta property=\"article:modified_time\" content=\"2022-07-03T23:42:08+00:00\" \/>\n<meta property=\"og:image\" content=\"https:\/\/medicinasinc.com\/se\/wp-content\/uploads\/sites\/16\/2022\/02\/Buy-Alprox-2mg.jpg\" \/>\n\t<meta property=\"og:image:width\" content=\"600\" \/>\n\t<meta property=\"og:image:height\" content=\"600\" \/>\n\t<meta property=\"og:image:type\" content=\"image\/jpeg\" \/>\n<meta name=\"twitter:card\" content=\"summary_large_image\" \/>\n<meta name=\"twitter:label1\" content=\"Ber\u00e4knad l\u00e4stid\" \/>\n\t<meta name=\"twitter:data1\" content=\"2 minuter\" \/>\n<script type=\"application\/ld+json\" class=\"yoast-schema-graph\">{\"@context\":\"https:\\\/\\\/schema.org\",\"@graph\":[{\"@type\":\"WebPage\",\"@id\":\"https:\\\/\\\/medicinasinc.com\\\/se\\\/product\\\/kop-alprox-2mg-xanax\\\/\",\"url\":\"https:\\\/\\\/medicinasinc.com\\\/se\\\/product\\\/kop-alprox-2mg-xanax\\\/\",\"name\":\"K\u00f6p Alprox 2mg (Xanax) - Best\u00e4ll Xanax - Best Best Global Meds\",\"isPartOf\":{\"@id\":\"https:\\\/\\\/medicinasinc.com\\\/se\\\/#website\"},\"primaryImageOfPage\":{\"@id\":\"https:\\\/\\\/medicinasinc.com\\\/se\\\/product\\\/kop-alprox-2mg-xanax\\\/#primaryimage\"},\"image\":{\"@id\":\"https:\\\/\\\/medicinasinc.com\\\/se\\\/product\\\/kop-alprox-2mg-xanax\\\/#primaryimage\"},\"thumbnailUrl\":\"https:\\\/\\\/medicinasinc.com\\\/se\\\/wp-content\\\/uploads\\\/sites\\\/16\\\/2022\\\/02\\\/Buy-Alprox-2mg.jpg\",\"datePublished\":\"2022-02-20T20:39:42+00:00\",\"dateModified\":\"2022-07-03T23:42:08+00:00\",\"description\":\"K\u00f6p Alprox 2mg piller online (Xanax). k\u00f6p Alprox online, Alprox online, k\u00f6p online alprox, k\u00f6p xanax, K\u00f6p Alprazolam Xanax 2 mg tablett Storbritannien, Europa\",\"breadcrumb\":{\"@id\":\"https:\\\/\\\/medicinasinc.com\\\/se\\\/product\\\/kop-alprox-2mg-xanax\\\/#breadcrumb\"},\"inLanguage\":\"sv-SE\",\"potentialAction\":[{\"@type\":\"ReadAction\",\"target\":[\"https:\\\/\\\/medicinasinc.com\\\/se\\\/product\\\/kop-alprox-2mg-xanax\\\/\"]}]},{\"@type\":\"ImageObject\",\"inLanguage\":\"sv-SE\",\"@id\":\"https:\\\/\\\/medicinasinc.com\\\/se\\\/product\\\/kop-alprox-2mg-xanax\\\/#primaryimage\",\"url\":\"https:\\\/\\\/medicinasinc.com\\\/se\\\/wp-content\\\/uploads\\\/sites\\\/16\\\/2022\\\/02\\\/Buy-Alprox-2mg.jpg\",\"contentUrl\":\"https:\\\/\\\/medicinasinc.com\\\/se\\\/wp-content\\\/uploads\\\/sites\\\/16\\\/2022\\\/02\\\/Buy-Alprox-2mg.jpg\",\"width\":600,\"height\":600},{\"@type\":\"BreadcrumbList\",\"@id\":\"https:\\\/\\\/medicinasinc.com\\\/se\\\/product\\\/kop-alprox-2mg-xanax\\\/#breadcrumb\",\"itemListElement\":[{\"@type\":\"ListItem\",\"position\":1,\"name\":\"aff\u00e4r\",\"item\":\"https:\\\/\\\/medicinasinc.com\\\/se\\\/affar\\\/\"},{\"@type\":\"ListItem\",\"position\":2,\"name\":\"K\u00f6p Alprox 2mg (Xanax)\"}]},{\"@type\":\"WebSite\",\"@id\":\"https:\\\/\\\/medicinasinc.com\\\/se\\\/#website\",\"url\":\"https:\\\/\\\/medicinasinc.com\\\/se\\\/\",\"name\":\"Medicinas Inc\",\"description\":\"Health Medical Clinic\",\"potentialAction\":[{\"@type\":\"SearchAction\",\"target\":{\"@type\":\"EntryPoint\",\"urlTemplate\":\"https:\\\/\\\/medicinasinc.com\\\/se\\\/?s={search_term_string}\"},\"query-input\":{\"@type\":\"PropertyValueSpecification\",\"valueRequired\":true,\"valueName\":\"search_term_string\"}}],\"inLanguage\":\"sv-SE\"}]}<\/script>\n<!-- \/ Yoast SEO plugin. -->","yoast_head_json":{"title":"K\u00f6p Alprox 2mg (Xanax) - Best\u00e4ll Xanax - Best Best Global Meds","description":"K\u00f6p Alprox 2mg piller online (Xanax). k\u00f6p Alprox online, Alprox online, k\u00f6p online alprox, k\u00f6p xanax, K\u00f6p Alprazolam Xanax 2 mg tablett Storbritannien, Europa","robots":{"index":"index","follow":"follow","max-snippet":"max-snippet:-1","max-image-preview":"max-image-preview:large","max-video-preview":"max-video-preview:-1"},"canonical":"https:\/\/medicinasinc.com\/se\/product\/kop-alprox-2mg-xanax\/","og_locale":"sv_SE","og_type":"article","og_title":"K\u00f6p Alprox 2mg (Xanax) - Best\u00e4ll Xanax - Best Best Global Meds","og_description":"K\u00f6p Alprox 2mg piller online (Xanax). k\u00f6p Alprox online, Alprox online, k\u00f6p online alprox, k\u00f6p xanax, K\u00f6p Alprazolam Xanax 2 mg tablett Storbritannien, Europa","og_url":"https:\/\/medicinasinc.com\/se\/product\/kop-alprox-2mg-xanax\/","og_site_name":"Medicinas Inc","article_modified_time":"2022-07-03T23:42:08+00:00","og_image":[{"width":600,"height":600,"url":"https:\/\/medicinasinc.com\/se\/wp-content\/uploads\/sites\/16\/2022\/02\/Buy-Alprox-2mg.jpg","type":"image\/jpeg"}],"twitter_card":"summary_large_image","twitter_misc":{"Ber\u00e4knad l\u00e4stid":"2 minuter"},"schema":{"@context":"https:\/\/schema.org","@graph":[{"@type":"WebPage","@id":"https:\/\/medicinasinc.com\/se\/product\/kop-alprox-2mg-xanax\/","url":"https:\/\/medicinasinc.com\/se\/product\/kop-alprox-2mg-xanax\/","name":"K\u00f6p Alprox 2mg (Xanax) - Best\u00e4ll Xanax - Best Best Global Meds","isPartOf":{"@id":"https:\/\/medicinasinc.com\/se\/#website"},"primaryImageOfPage":{"@id":"https:\/\/medicinasinc.com\/se\/product\/kop-alprox-2mg-xanax\/#primaryimage"},"image":{"@id":"https:\/\/medicinasinc.com\/se\/product\/kop-alprox-2mg-xanax\/#primaryimage"},"thumbnailUrl":"https:\/\/medicinasinc.com\/se\/wp-content\/uploads\/sites\/16\/2022\/02\/Buy-Alprox-2mg.jpg","datePublished":"2022-02-20T20:39:42+00:00","dateModified":"2022-07-03T23:42:08+00:00","description":"K\u00f6p Alprox 2mg piller online (Xanax). k\u00f6p Alprox online, Alprox online, k\u00f6p online alprox, k\u00f6p xanax, K\u00f6p Alprazolam Xanax 2 mg tablett Storbritannien, Europa","breadcrumb":{"@id":"https:\/\/medicinasinc.com\/se\/product\/kop-alprox-2mg-xanax\/#breadcrumb"},"inLanguage":"sv-SE","potentialAction":[{"@type":"ReadAction","target":["https:\/\/medicinasinc.com\/se\/product\/kop-alprox-2mg-xanax\/"]}]},{"@type":"ImageObject","inLanguage":"sv-SE","@id":"https:\/\/medicinasinc.com\/se\/product\/kop-alprox-2mg-xanax\/#primaryimage","url":"https:\/\/medicinasinc.com\/se\/wp-content\/uploads\/sites\/16\/2022\/02\/Buy-Alprox-2mg.jpg","contentUrl":"https:\/\/medicinasinc.com\/se\/wp-content\/uploads\/sites\/16\/2022\/02\/Buy-Alprox-2mg.jpg","width":600,"height":600},{"@type":"BreadcrumbList","@id":"https:\/\/medicinasinc.com\/se\/product\/kop-alprox-2mg-xanax\/#breadcrumb","itemListElement":[{"@type":"ListItem","position":1,"name":"aff\u00e4r","item":"https:\/\/medicinasinc.com\/se\/affar\/"},{"@type":"ListItem","position":2,"name":"K\u00f6p Alprox 2mg (Xanax)"}]},{"@type":"WebSite","@id":"https:\/\/medicinasinc.com\/se\/#website","url":"https:\/\/medicinasinc.com\/se\/","name":"Medicinas Inc","description":"Health Medical Clinic","potentialAction":[{"@type":"SearchAction","target":{"@type":"EntryPoint","urlTemplate":"https:\/\/medicinasinc.com\/se\/?s={search_term_string}"},"query-input":{"@type":"PropertyValueSpecification","valueRequired":true,"valueName":"search_term_string"}}],"inLanguage":"sv-SE"}]}},"_links":{"self":[{"href":"https:\/\/medicinasinc.com\/se\/wp-json\/wp\/v2\/product\/5123","targetHints":{"allow":["GET"]}}],"collection":[{"href":"https:\/\/medicinasinc.com\/se\/wp-json\/wp\/v2\/product"}],"about":[{"href":"https:\/\/medicinasinc.com\/se\/wp-json\/wp\/v2\/types\/product"}],"replies":[{"embeddable":true,"href":"https:\/\/medicinasinc.com\/se\/wp-json\/wp\/v2\/comments?post=5123"}],"wp:featuredmedia":[{"embeddable":true,"href":"https:\/\/medicinasinc.com\/se\/wp-json\/wp\/v2\/media\/5140"}],"wp:attachment":[{"href":"https:\/\/medicinasinc.com\/se\/wp-json\/wp\/v2\/media?parent=5123"}],"wp:term":[{"taxonomy":"product_brand","embeddable":true,"href":"https:\/\/medicinasinc.com\/se\/wp-json\/wp\/v2\/product_brand?post=5123"},{"taxonomy":"product_cat","embeddable":true,"href":"https:\/\/medicinasinc.com\/se\/wp-json\/wp\/v2\/product_cat?post=5123"},{"taxonomy":"product_tag","embeddable":true,"href":"https:\/\/medicinasinc.com\/se\/wp-json\/wp\/v2\/product_tag?post=5123"}],"curies":[{"name":"wp","href":"https:\/\/api.w.org\/{rel}","templated":true}]}}