{"id":5122,"date":"2022-02-20T20:38:15","date_gmt":"2022-02-20T20:38:15","guid":{"rendered":"https:\/\/medicinasinc.com\/se\/?post_type=product&#038;p=5122"},"modified":"2022-07-03T23:42:18","modified_gmt":"2022-07-03T23:42:18","slug":"buy-adderall-30-mg","status":"publish","type":"product","link":"https:\/\/medicinasinc.com\/se\/product\/buy-adderall-30-mg\/","title":{"rendered":"K\u00f6p Adderall 30 mg"},"content":{"rendered":"<p>K\u00f6p Adderall 30mg orala piller online med Bitcoin. Dessutom anv\u00e4nds det f\u00f6r att behandla ADHD (Attention Deficit Hyperactivity Disorder) och narkolepsi.<\/p>\n<p>K\u00f6p Adderall 30 mg online med snabb global leverans fr\u00e5n v\u00e5rt Global Med onlineapotek! Du hittar den b\u00e4sta Adderall 30 mg att k\u00f6pa h\u00e4r!<\/p>\n<p>Adderall 30 MG \u00e4r ett receptbelagt l\u00e4kemedel som skapas genom att blanda och dextroamfetamin. Dessa tv\u00e5 komponenter fungerar som nervsystemets huvudsakliga stimulanser. Dessutom har dessa stimulantia en effekt p\u00e5 hj\u00e4rnans kemikalier och neuroner som reglerar impulser och hyperaktivitet. L\u00e4kemedlet anv\u00e4nds fr\u00e4mst f\u00f6r att behandla narkolepsi och ADHD (Attention Deficit Hyperactivity Disorder). Konsumtion \u00e4r till\u00e5ten i ett begr\u00e4nsat antal l\u00e4nder, n\u00e4mligen Kanada och USA.<\/p>\n<p>Det allvarligaste problemet med Buy Adderall 30Mg Online \u00e4r detta ord som b\u00f6rjar med W<\/p>\n<p>Varje dotter eller pojken \u00e4r f\u00f6dd med ett ganska bra minne.<\/p>\n<p>K\u00f6p Adderall 30mg. Det finns inget krav p\u00e5 recept. Frakten \u00e4r helt s\u00e4ker och diskret. Leverans \u00e4r tillg\u00e4nglig \u00f6ver natten. Garanterat pengar \u00e5terbetalas.<\/p>\n<p>Du kan k\u00f6pa Adderall-piller utan recept online, Adderall p\u00e5 pc \u00f6ppen och kan jag k\u00f6pa Adderall online.<\/p>\n<p>Doseringsf\u00f6reskrifter:<\/p>\n<p> \u00c4ven om en person kan beh\u00f6va Adderall XR, b\u00f6r han eller hon bes\u00f6ka en l\u00e4kare f\u00f6re den f\u00f6rsta dosen om de har en \u00f6veraktiv sk\u00f6ldk\u00f6rtel, m\u00e5ttligt till sv\u00e5rt h\u00f6gt blodtryck, glaukom, n\u00e5gon hj\u00e4rtsjukdom eller tidigare var en drog- eller alkoholmissbrukare. Dessutom uppmanas individer att inte missbruka l\u00e4kemedlets dosering, eftersom detta kan leda till stora negativa effekter p\u00e5 hj\u00e4rtat eller, i v\u00e4rsta fall, d\u00f6dsfall.<\/p>\n<p>Positivt resultat:<\/p>\n<p>Som med alla andra substanser har att \u00e4ta det en rad effekter, b\u00e5de positiva och d\u00e5liga. Dessutom har Adderall 30 MG. Det har noterats att anv\u00e4ndningen av det under en kortare tidsperiod enligt l\u00e4kares anvisningar har en gynnsam effekt p\u00e5 en persons h\u00e4lsa genom att f\u00f6rhindra ADHD-symtom. Detta intr\u00e4ffar av f\u00f6ljande sk\u00e4l:<\/p>\n<p>Det \u00f6kar niv\u00e5erna av signalsubstanser som dopamin och noradrenalin i v\u00e5ra hj\u00e4rnor. Dessutom tj\u00e4nar dessa specifika f\u00f6reningar i hj\u00e4rnan till att \u00f6ka energiniv\u00e5er, vakenhet och fokus.<br \/> L\u00e4kemedlet kan p\u00e5skynda hj\u00e4rtfrekvensen och uppr\u00e4tth\u00e5lla blodtillf\u00f6rseln till musklerna.<br \/> Konsekvent anv\u00e4ndning som l\u00e4kare ordinerar kan resultera i \u00f6kad energi och kraft, vilket anses vara j\u00e4mf\u00f6rbart med kokainkonsumtion.<br \/> Negativt resultat:<\/p>\n<p>P\u00e5 grund av det faktum att Adderall 30 MG \u00e4r ett mycket k\u00e4nsligt l\u00e4kemedel som konsumerar det utan l\u00e4kares recept kan ha en d\u00e5lig effekt p\u00e5 din h\u00e4lsa.<\/p>\n<p>Irritabilitet<br \/> Viktminskning som \u00e4r oh\u00e4lsosam till f\u00f6ljd av aptitneds\u00e4ttning<br \/> S\u00f6mnl\u00f6shet och st\u00f6rda s\u00f6mnm\u00f6nster<br \/> Allvarliga hj\u00e4rtkomplikationer<\/p>\n<p>&nbsp;<\/p>\n<p>&nbsp;<\/p>\n<p>&nbsp;<\/p>\n<p>I h\u00e4ndelse av missbruk:<\/p>\n<p>L\u00e4kare har alltid rekommenderat patienter att anv\u00e4nda medicin f\u00f6rsiktigt, och om Adderall 30 MG missbrukades, resulterade det i \u00f6kade energiniv\u00e5er och stark uppfriskande. Dessutom kan \u00f6veranv\u00e4ndning av det sistn\u00e4mnda \u00e4mnet resultera i obehagliga symtom som:<\/p>\n<p>Minskad uppm\u00e4rksamhet p\u00e5 specifika uppgifter<br \/> Depression och tr\u00f6ghet<br \/> Ha dessa tr\u00f6tthetspunkter i \u00e5tanke:<\/p>\n<p>Dessutom finns det n\u00e5gra saker att t\u00e4nka p\u00e5 innan man anv\u00e4nder Adderall 30 MG.<\/p>\n<p>Forskare avr\u00e5dde individer att inte inta det om de hade tagit MAO-h\u00e4mmare som linezolid, metylenbl\u00e5tt injektion, isokarboxazid eller rasagilin under de f\u00f6reg\u00e5ende 14 dagarna, eftersom detta kan resultera i en allvarlig farmakologisk interaktion, vilket s\u00e4kert \u00e4r oh\u00e4lsosamt.<\/p>\n<p>Dessutom b\u00f6r en person som \u00e4r allergisk mot stimulerande l\u00e4kemedel undvika det, eller om han eller hon redan klarar av f\u00f6ljande:<\/p>\n<p>Alla allvarliga kransk\u00e4rls- eller hj\u00e4rtsjukdomar<br \/> Hypertoni (normalt till h\u00f6gt)<br \/> \u00c5ngest och stress p\u00e5 topp<br \/> Beroende av droger eller alkohol<br \/> Vad h\u00e4nder om n\u00e5gon \u00e4r beroende av Adderall XR?<\/p>\n<p>Beroende av ett s\u00e5dant \u00e4mne kan yttra sig p\u00e5 tv\u00e5 s\u00e4tt: psykologiskt och fysiskt.<\/p>\n<p>Om en person tar det dagligen och det blir inarbetat i hans liv, kommer han att utveckla ett psykologiskt beroende eller beroende av det. Dessutom kan det vara pl\u00e5gsamt att begr\u00e4nsa tillg\u00e5ngen till det oavsett anledning, och mentalt beroende individer skulle ha regelbunden stress eller huvudv\u00e4rk.<\/p>\n<p>Dessutom, f\u00f6r mentalt beroende individer, eskalerar konsumtionen ofta till farliga niv\u00e5er, och de \u00e4r tvungna att forts\u00e4tta att dricka det \u00e4ven med risk f\u00f6r deras liv. Det finns dock ett botemedel i detta fall. Detta beteendem\u00f6nster kan f\u00f6r\u00e4ndras genom psykiatrisk behandling. Enligt specialister kan en terapi som kallas kognitiv beteendeterapi vara f\u00f6rdelaktig.<\/p>\n<p>F\u00f6r det andra, n\u00e4r en person \u00e4r van vid att ha en h\u00f6gre niv\u00e5 av dopamin tillg\u00e4ngligt i hj\u00e4rnan, kan en minskning av Adderall XR resultera i en minskning av dopamin niv\u00e5er, vilket resulterar i f\u00f6ljande:<\/p>\n<p>&nbsp;<\/p>\n<p>Depression eller utmattning<br \/> Sova onaturligt eller vara vaken under ovanligt l\u00e5nga tidsperioder<\/p>\n<p>Det \u00e4r n\u00f6dv\u00e4ndigt att betona h\u00e4r att fysiskt beroende kan framkalla en lust att konsumera mer av substansen f\u00f6r att bibeh\u00e5lla tillfredsst\u00e4llelse, vilket kan resultera i en m\u00e4ngd olika biverkningar och \u00f6verdoser.<\/p>\n<p>Inta dem dock endast efter expertv\u00e4gledning. eller med st\u00f6rsta f\u00f6rsiktighet kan skydda m\u00e4nniskor fr\u00e5n negativa konsekvenser.<\/p>\n","protected":false},"excerpt":{"rendered":"<p>K\u00f6p Adderall 30 mg i Storbritannien och Europa fr\u00e5n v\u00e5rt Best Global Meds onlineapotek med snabb internationell leverans! Du hittar den b\u00e4sta Adderall 30 mg att k\u00f6pa h\u00e4r!<\/p>\n<p>K\u00f6p Adderall 30 mg online. K\u00f6p Adderall 30 mg online fr\u00e5n en av de b\u00e4sta onlinehandlarna till b\u00e4sta pris. Adderall \u00e4r \u00e4ven k\u00e4nt som amfetamin och dextroamfetamin och anv\u00e4nds f\u00f6r att behandla ADHD (Attention Deficit Hyperactivity Disorder).<\/p>\n<p>Adderall 30 MG \u00e4r ett receptbelagt l\u00e4kemedel som skapas genom att blanda och dextroamfetamin. Dessa tv\u00e5 komponenter fungerar som nervsystemets huvudsakliga stimulantia. Dessutom har dessa stimulantia en effekt p\u00e5 hj\u00e4rnans kemikalier och neuroner som reglerar impulser och hyperaktivitet.<\/p>\n","protected":false},"featured_media":5138,"comment_status":"open","ping_status":"closed","template":"","meta":[],"product_brand":[],"product_cat":[1117],"product_tag":[1118,1121,1119,1123,1120,1122,1124],"class_list":{"0":"post-5122","1":"product","2":"type-product","3":"status-publish","4":"has-post-thumbnail","6":"product_cat-kop-smarta-somn-sextabletter","7":"product_tag-adderall-30-mg-till-salu","8":"product_tag-order-adderall-30-mg-online","9":"product_tag-buy-adderall-30-mg-online","10":"product_tag-det-bsta-stllet-att-kpa-adderall-30-mg-online","11":"product_tag-how-to-buy-adderall-30-mg-online","12":"product_tag-purchase-adderall-30-mg-online","13":"product_tag-var-att-kpa-adderall-30-mg-online","15":"first","16":"instock","17":"shipping-taxable","18":"purchasable","19":"product-type-variable","20":"has-default-attributes"},"yoast_head":"<!-- This site is optimized with the Yoast SEO plugin v27.3 - https:\/\/yoast.com\/product\/yoast-seo-wordpress\/ -->\n<title>K\u00f6p Adderall 30 mg - Adderall 30 mg - Best Global Meds<\/title>\n<meta name=\"description\" content=\"K\u00f6p Adderall 30mg piller online. K\u00f6p Adderall online 30 mg hos en av de b\u00e4sta \u00e5terf\u00f6rs\u00e4ljarna online till b\u00e4sta pris. Adderall \u00e4r ocks\u00e5 k\u00e4nd som amfetamin och dextroamfetamin som anv\u00e4nds f\u00f6r behandling av ADHD (attention deficit hyperactivity disorder).\" \/>\n<meta name=\"robots\" content=\"index, follow, max-snippet:-1, max-image-preview:large, max-video-preview:-1\" \/>\n<link rel=\"canonical\" href=\"https:\/\/medicinasinc.com\/se\/product\/buy-adderall-30-mg\/\" \/>\n<meta property=\"og:locale\" content=\"sv_SE\" \/>\n<meta property=\"og:type\" content=\"article\" \/>\n<meta property=\"og:title\" content=\"K\u00f6p Adderall 30 mg - Adderall 30 mg - Best Global Meds\" \/>\n<meta property=\"og:description\" content=\"K\u00f6p Adderall 30mg piller online. K\u00f6p Adderall online 30 mg hos en av de b\u00e4sta \u00e5terf\u00f6rs\u00e4ljarna online till b\u00e4sta pris. Adderall \u00e4r ocks\u00e5 k\u00e4nd som amfetamin och dextroamfetamin som anv\u00e4nds f\u00f6r behandling av ADHD (attention deficit hyperactivity disorder).\" \/>\n<meta property=\"og:url\" content=\"https:\/\/medicinasinc.com\/se\/product\/buy-adderall-30-mg\/\" \/>\n<meta property=\"og:site_name\" content=\"Medicinas Inc\" \/>\n<meta property=\"article:modified_time\" content=\"2022-07-03T23:42:18+00:00\" \/>\n<meta property=\"og:image\" content=\"https:\/\/medicinasinc.com\/se\/wp-content\/uploads\/sites\/16\/2022\/02\/Buy-Adderall-30-MG.jpg\" \/>\n\t<meta property=\"og:image:width\" content=\"392\" \/>\n\t<meta property=\"og:image:height\" content=\"300\" \/>\n\t<meta property=\"og:image:type\" content=\"image\/jpeg\" \/>\n<meta name=\"twitter:card\" content=\"summary_large_image\" \/>\n<meta name=\"twitter:label1\" content=\"Ber\u00e4knad l\u00e4stid\" \/>\n\t<meta name=\"twitter:data1\" content=\"4 minuter\" \/>\n<script type=\"application\/ld+json\" class=\"yoast-schema-graph\">{\"@context\":\"https:\\\/\\\/schema.org\",\"@graph\":[{\"@type\":\"WebPage\",\"@id\":\"https:\\\/\\\/medicinasinc.com\\\/se\\\/product\\\/buy-adderall-30-mg\\\/\",\"url\":\"https:\\\/\\\/medicinasinc.com\\\/se\\\/product\\\/buy-adderall-30-mg\\\/\",\"name\":\"K\u00f6p Adderall 30 mg - Adderall 30 mg - Best Global Meds\",\"isPartOf\":{\"@id\":\"https:\\\/\\\/medicinasinc.com\\\/se\\\/#website\"},\"primaryImageOfPage\":{\"@id\":\"https:\\\/\\\/medicinasinc.com\\\/se\\\/product\\\/buy-adderall-30-mg\\\/#primaryimage\"},\"image\":{\"@id\":\"https:\\\/\\\/medicinasinc.com\\\/se\\\/product\\\/buy-adderall-30-mg\\\/#primaryimage\"},\"thumbnailUrl\":\"https:\\\/\\\/medicinasinc.com\\\/se\\\/wp-content\\\/uploads\\\/sites\\\/16\\\/2022\\\/02\\\/Buy-Adderall-30-MG.jpg\",\"datePublished\":\"2022-02-20T20:38:15+00:00\",\"dateModified\":\"2022-07-03T23:42:18+00:00\",\"description\":\"K\u00f6p Adderall 30mg piller online. K\u00f6p Adderall online 30 mg hos en av de b\u00e4sta \u00e5terf\u00f6rs\u00e4ljarna online till b\u00e4sta pris. Adderall \u00e4r ocks\u00e5 k\u00e4nd som amfetamin och dextroamfetamin som anv\u00e4nds f\u00f6r behandling av ADHD (attention deficit hyperactivity disorder).\",\"breadcrumb\":{\"@id\":\"https:\\\/\\\/medicinasinc.com\\\/se\\\/product\\\/buy-adderall-30-mg\\\/#breadcrumb\"},\"inLanguage\":\"sv-SE\",\"potentialAction\":[{\"@type\":\"ReadAction\",\"target\":[\"https:\\\/\\\/medicinasinc.com\\\/se\\\/product\\\/buy-adderall-30-mg\\\/\"]}]},{\"@type\":\"ImageObject\",\"inLanguage\":\"sv-SE\",\"@id\":\"https:\\\/\\\/medicinasinc.com\\\/se\\\/product\\\/buy-adderall-30-mg\\\/#primaryimage\",\"url\":\"https:\\\/\\\/medicinasinc.com\\\/se\\\/wp-content\\\/uploads\\\/sites\\\/16\\\/2022\\\/02\\\/Buy-Adderall-30-MG.jpg\",\"contentUrl\":\"https:\\\/\\\/medicinasinc.com\\\/se\\\/wp-content\\\/uploads\\\/sites\\\/16\\\/2022\\\/02\\\/Buy-Adderall-30-MG.jpg\",\"width\":392,\"height\":300},{\"@type\":\"BreadcrumbList\",\"@id\":\"https:\\\/\\\/medicinasinc.com\\\/se\\\/product\\\/buy-adderall-30-mg\\\/#breadcrumb\",\"itemListElement\":[{\"@type\":\"ListItem\",\"position\":1,\"name\":\"aff\u00e4r\",\"item\":\"https:\\\/\\\/medicinasinc.com\\\/se\\\/affar\\\/\"},{\"@type\":\"ListItem\",\"position\":2,\"name\":\"K\u00f6p Adderall 30 mg\"}]},{\"@type\":\"WebSite\",\"@id\":\"https:\\\/\\\/medicinasinc.com\\\/se\\\/#website\",\"url\":\"https:\\\/\\\/medicinasinc.com\\\/se\\\/\",\"name\":\"Medicinas Inc\",\"description\":\"Health Medical Clinic\",\"potentialAction\":[{\"@type\":\"SearchAction\",\"target\":{\"@type\":\"EntryPoint\",\"urlTemplate\":\"https:\\\/\\\/medicinasinc.com\\\/se\\\/?s={search_term_string}\"},\"query-input\":{\"@type\":\"PropertyValueSpecification\",\"valueRequired\":true,\"valueName\":\"search_term_string\"}}],\"inLanguage\":\"sv-SE\"}]}<\/script>\n<!-- \/ Yoast SEO plugin. -->","yoast_head_json":{"title":"K\u00f6p Adderall 30 mg - Adderall 30 mg - Best Global Meds","description":"K\u00f6p Adderall 30mg piller online. K\u00f6p Adderall online 30 mg hos en av de b\u00e4sta \u00e5terf\u00f6rs\u00e4ljarna online till b\u00e4sta pris. Adderall \u00e4r ocks\u00e5 k\u00e4nd som amfetamin och dextroamfetamin som anv\u00e4nds f\u00f6r behandling av ADHD (attention deficit hyperactivity disorder).","robots":{"index":"index","follow":"follow","max-snippet":"max-snippet:-1","max-image-preview":"max-image-preview:large","max-video-preview":"max-video-preview:-1"},"canonical":"https:\/\/medicinasinc.com\/se\/product\/buy-adderall-30-mg\/","og_locale":"sv_SE","og_type":"article","og_title":"K\u00f6p Adderall 30 mg - Adderall 30 mg - Best Global Meds","og_description":"K\u00f6p Adderall 30mg piller online. K\u00f6p Adderall online 30 mg hos en av de b\u00e4sta \u00e5terf\u00f6rs\u00e4ljarna online till b\u00e4sta pris. Adderall \u00e4r ocks\u00e5 k\u00e4nd som amfetamin och dextroamfetamin som anv\u00e4nds f\u00f6r behandling av ADHD (attention deficit hyperactivity disorder).","og_url":"https:\/\/medicinasinc.com\/se\/product\/buy-adderall-30-mg\/","og_site_name":"Medicinas Inc","article_modified_time":"2022-07-03T23:42:18+00:00","og_image":[{"width":392,"height":300,"url":"https:\/\/medicinasinc.com\/se\/wp-content\/uploads\/sites\/16\/2022\/02\/Buy-Adderall-30-MG.jpg","type":"image\/jpeg"}],"twitter_card":"summary_large_image","twitter_misc":{"Ber\u00e4knad l\u00e4stid":"4 minuter"},"schema":{"@context":"https:\/\/schema.org","@graph":[{"@type":"WebPage","@id":"https:\/\/medicinasinc.com\/se\/product\/buy-adderall-30-mg\/","url":"https:\/\/medicinasinc.com\/se\/product\/buy-adderall-30-mg\/","name":"K\u00f6p Adderall 30 mg - Adderall 30 mg - Best Global Meds","isPartOf":{"@id":"https:\/\/medicinasinc.com\/se\/#website"},"primaryImageOfPage":{"@id":"https:\/\/medicinasinc.com\/se\/product\/buy-adderall-30-mg\/#primaryimage"},"image":{"@id":"https:\/\/medicinasinc.com\/se\/product\/buy-adderall-30-mg\/#primaryimage"},"thumbnailUrl":"https:\/\/medicinasinc.com\/se\/wp-content\/uploads\/sites\/16\/2022\/02\/Buy-Adderall-30-MG.jpg","datePublished":"2022-02-20T20:38:15+00:00","dateModified":"2022-07-03T23:42:18+00:00","description":"K\u00f6p Adderall 30mg piller online. K\u00f6p Adderall online 30 mg hos en av de b\u00e4sta \u00e5terf\u00f6rs\u00e4ljarna online till b\u00e4sta pris. Adderall \u00e4r ocks\u00e5 k\u00e4nd som amfetamin och dextroamfetamin som anv\u00e4nds f\u00f6r behandling av ADHD (attention deficit hyperactivity disorder).","breadcrumb":{"@id":"https:\/\/medicinasinc.com\/se\/product\/buy-adderall-30-mg\/#breadcrumb"},"inLanguage":"sv-SE","potentialAction":[{"@type":"ReadAction","target":["https:\/\/medicinasinc.com\/se\/product\/buy-adderall-30-mg\/"]}]},{"@type":"ImageObject","inLanguage":"sv-SE","@id":"https:\/\/medicinasinc.com\/se\/product\/buy-adderall-30-mg\/#primaryimage","url":"https:\/\/medicinasinc.com\/se\/wp-content\/uploads\/sites\/16\/2022\/02\/Buy-Adderall-30-MG.jpg","contentUrl":"https:\/\/medicinasinc.com\/se\/wp-content\/uploads\/sites\/16\/2022\/02\/Buy-Adderall-30-MG.jpg","width":392,"height":300},{"@type":"BreadcrumbList","@id":"https:\/\/medicinasinc.com\/se\/product\/buy-adderall-30-mg\/#breadcrumb","itemListElement":[{"@type":"ListItem","position":1,"name":"aff\u00e4r","item":"https:\/\/medicinasinc.com\/se\/affar\/"},{"@type":"ListItem","position":2,"name":"K\u00f6p Adderall 30 mg"}]},{"@type":"WebSite","@id":"https:\/\/medicinasinc.com\/se\/#website","url":"https:\/\/medicinasinc.com\/se\/","name":"Medicinas Inc","description":"Health Medical Clinic","potentialAction":[{"@type":"SearchAction","target":{"@type":"EntryPoint","urlTemplate":"https:\/\/medicinasinc.com\/se\/?s={search_term_string}"},"query-input":{"@type":"PropertyValueSpecification","valueRequired":true,"valueName":"search_term_string"}}],"inLanguage":"sv-SE"}]}},"_links":{"self":[{"href":"https:\/\/medicinasinc.com\/se\/wp-json\/wp\/v2\/product\/5122","targetHints":{"allow":["GET"]}}],"collection":[{"href":"https:\/\/medicinasinc.com\/se\/wp-json\/wp\/v2\/product"}],"about":[{"href":"https:\/\/medicinasinc.com\/se\/wp-json\/wp\/v2\/types\/product"}],"replies":[{"embeddable":true,"href":"https:\/\/medicinasinc.com\/se\/wp-json\/wp\/v2\/comments?post=5122"}],"wp:featuredmedia":[{"embeddable":true,"href":"https:\/\/medicinasinc.com\/se\/wp-json\/wp\/v2\/media\/5138"}],"wp:attachment":[{"href":"https:\/\/medicinasinc.com\/se\/wp-json\/wp\/v2\/media?parent=5122"}],"wp:term":[{"taxonomy":"product_brand","embeddable":true,"href":"https:\/\/medicinasinc.com\/se\/wp-json\/wp\/v2\/product_brand?post=5122"},{"taxonomy":"product_cat","embeddable":true,"href":"https:\/\/medicinasinc.com\/se\/wp-json\/wp\/v2\/product_cat?post=5122"},{"taxonomy":"product_tag","embeddable":true,"href":"https:\/\/medicinasinc.com\/se\/wp-json\/wp\/v2\/product_tag?post=5122"}],"curies":[{"name":"wp","href":"https:\/\/api.w.org\/{rel}","templated":true}]}}