{"id":5096,"date":"2022-02-20T20:15:06","date_gmt":"2022-02-20T20:15:06","guid":{"rendered":"https:\/\/medicinasinc.com\/se\/?post_type=product&#038;p=5096"},"modified":"2022-07-03T23:42:29","modified_gmt":"2022-07-03T23:42:29","slug":"grapefrukt-ogras-stam","status":"publish","type":"product","link":"https:\/\/medicinasinc.com\/se\/product\/grapefrukt-ogras-stam\/","title":{"rendered":"Grapefrukt Weed Stam"},"content":{"rendered":"<p><strong>Onlinek\u00f6p av h\u00f6gkvalitativ grapefruktmarijuana<\/strong><\/p>\n<p>Grapefrukt \u00e4r en n\u00e4stan ren sativa-stam. Den skapades genom att korsa Cinderella 99 med en ok\u00e4nd grapefruktsmakande sativa. Detta \u00e4r inte en marijuana-stam f\u00f6r rekreation; den erbjuder ocks\u00e5 en uppsj\u00f6 av medicinska egenskaper. Efter n\u00e5gra bloss kommer du att k\u00e4nna dig mindre stressad, deprimerad och ha ont.<\/p>\n<p><strong>Sativa<\/strong>\u00a0\u2013 100 %<\/p>\n<p><strong>THC<\/strong> &gt;: 17-20%<\/p>\n<h3><strong>Viktig fraktinformation<\/strong><\/h3>\n<ul>\n<li><strong>GRATIS frakt f\u00f6r best\u00e4llningar p\u00e5 175 USD eller mer<\/strong><\/li>\n<li>Vi finns p\u00e5 Kanadas v\u00e4stkust<\/li>\n<li><strong>Best\u00e4llningar kommer att ta cirka 3 arbetsdagar att anl\u00e4nda<\/strong>\u00a0efter att Canada Post har tagit emot paketet *f\u00f6rutsatt att inga f\u00f6rseningar fr\u00e5n Kanada Post*<\/li>\n<li>Paket kommer att skickas baserat p\u00e5 den tid\u00a0<strong>n\u00e4r betalningen tas emot<\/strong>\u00a0INTE n\u00e4r best\u00e4llningen g\u00f6rs.<\/li>\n<li>Best\u00e4llningar med betalning mottagna mellan 12:00 PST \u2013 12:00 PST (midnatt till kl. 12.00) kommer att skickas samma dag.<\/li>\n<li>Best\u00e4llningar med betalning mottagen efter kl. 12.00 PST (middag) kommer att skickas n\u00e4sta dag.<\/li>\n<\/ul>\n<div class=\" product-next-previous\">\n<div class=\"product-prev\"><\/div><\/div>\n","protected":false},"excerpt":{"rendered":"<div class=\"woocommerce-product-details__short-description\">\n<p>Grapefrukt \u00e4r en mycket kraftfull sativa-marijuana-stam som skapas genom att korsa Askungen 99 med grapefrukt. Grapefrukt har vitaliserande egenskaper och framkallar en k\u00e4nsla av gl\u00e4dje. Denna stam har en tropisk smakprofil och en doft av citrus.<\/p>\n<p>K\u00f6p Grapefruit Marijuana Strain \u00e4r en mycket kraftfull sativa-marijuana-stam skapad genom att korsa Cinderella 99 med Grapefruit. Grapefrukt Marijuana Stam till salu online<\/p>\n<p>Grapefrukt Marijuana av h\u00f6gsta kvalitet tillg\u00e4nglig online.<\/p>\n<p>Grapefrukt Cannabis \u00e4r en sativa-stam. 70 % Dominant Hybrid Sativa \/ 30 % Indica THC: 20 %\u201325 %, CBN: 1 %<\/p>\n<\/p><\/div>\n","protected":false},"featured_media":5115,"comment_status":"open","ping_status":"closed","template":"","meta":[],"product_brand":[],"product_cat":[778],"product_tag":[1115,1064,1065,1066,1067,1072,1073,1074,1075,1080,1081,1082,1083,1089,1090,1091,1092,1097,1098,1099,1100,1105,1106,1107,1108,1113,1116,1087,1060,1063,1068,1069,1070,1077,1061,1084,1071,1085,1062,1079,1086,1076,1078,1088,1095,1096,1102,1103,1093,1094,1111,1109,1110,1112,1114,1101,1104],"class_list":{"0":"post-5096","1":"product","2":"type-product","3":"status-publish","4":"has-post-thumbnail","6":"product_cat-ogras-till-salu","7":"product_tag-billig-grapefrukt-marijuana-till-frsljning-online","8":"product_tag-buy-grapefruit-strain-online-in-canada","9":"product_tag-buy-grapefruit-strain-online-in-china","10":"product_tag-buy-grapefruit-strain-online-in-croatia","11":"product_tag-buy-grapefruit-strain-online-in-denmark","12":"product_tag-buy-grapefruit-strain-online-in-hungary","13":"product_tag-buy-grapefruit-strain-online-in-ireland","14":"product_tag-buy-grapefruit-strain-online-in-italy","15":"product_tag-buy-grapefruit-strain-online-in-japan","16":"product_tag-buy-grapefruit-strain-online-in-russia","17":"product_tag-buy-grapefruit-strain-online-in-scotland","18":"product_tag-buy-grapefruit-strain-online-in-spain","19":"product_tag-buy-grapefruit-strain-online-in-switzerland","20":"product_tag-buy-weed-online-in-austria","21":"product_tag-buy-weed-online-in-belarus","22":"product_tag-buy-weed-online-in-bulgary","23":"product_tag-buy-weed-online-in-canada","24":"product_tag-buy-weed-online-in-finland","25":"product_tag-buy-weed-online-in-france","26":"product_tag-buy-weed-online-in-germany","27":"product_tag-buy-weed-online-in-hungary","28":"product_tag-buy-weed-online-in-mexico","29":"product_tag-buy-weed-online-in-new-zealand","30":"product_tag-buy-weed-online-in-pillipines","31":"product_tag-buy-weed-online-in-russia","32":"product_tag-buy-weed-online-in-usa","33":"product_tag-grapefrukt-ogrs-till-frsljning-online","34":"product_tag-kpa-grapefrukt-ogrs-stam-online","35":"product_tag-kpa-grapefrukt-stam-online-i-australien","36":"product_tag-kpa-grapefrukt-stam-online-i-bulgary","37":"product_tag-k-c3-b6pa-grapefrukt-stam-online-i-england","38":"product_tag-kpa-grapefrukt-stam-online-i-finland","39":"product_tag-k-c3-b6pa-grapefrukt-stam-online-i-frankrike","40":"product_tag-kpa-grapefrukt-stam-online-i-mexico","41":"product_tag-kpa-grapefrukt-stam-online-i-sterrike","42":"product_tag-kpa-grapefrukt-stam-online-i-turkiet","43":"product_tag-k-c3-b6pa-grapefrukt-stam-online-i-tyskland","44":"product_tag-kpa-grapefrukt-stam-online-i-usa","45":"product_tag-kpa-grapefrukt-stam-online-i-vitryssland","46":"product_tag-k-c3-b6pa-grapefrukt-stam-online-i-pillipiner","47":"product_tag-kpa-grapefrukt-stam-online-online-i-uk","48":"product_tag-kpa-grapefrukt-stam-online-p-malta","49":"product_tag-kpa-grapefrukt-stam-online-i-nya-zeeland","50":"product_tag-kpa-ogrs-online-i-australien","51":"product_tag-kpa-ogrs-online-i-danmark","52":"product_tag-kpa-ogrs-online-i-england","53":"product_tag-kpa-ogrs-online-i-italien","54":"product_tag-k-c3-b6p-ogr-c3-a4s-online-i-japan","55":"product_tag-kpa-ogrs-online-i-kina","56":"product_tag-kpa-ogrs-online-i-croatien","57":"product_tag-kpa-ogrs-online-i-schweiz","58":"product_tag-kpa-ogrs-online-i-skottland","59":"product_tag-kpa-ogrs-online-i-spanien","60":"product_tag-k-c3-b6pa-ogr-c3-a4s-online-i-turkiet","61":"product_tag-kp-ogrs-online-online-i-uk","62":"product_tag-kpa-ogrs-online-i-irland","63":"product_tag-kpa-ogrs-online-p-malta","65":"first","66":"instock","67":"shipping-taxable","68":"purchasable","69":"product-type-variable","70":"has-default-attributes"},"yoast_head":"<!-- This site is optimized with the Yoast SEO plugin v27.3 - https:\/\/yoast.com\/product\/yoast-seo-wordpress\/ -->\n<title>K\u00f6p Grapefrukt Weed Stam - Best Best Global Meds<\/title>\n<meta name=\"description\" content=\"K\u00f6p Grapefruit Weed Strain \u00e4r en potent sativa marijuana-stam gjord genom en korsning av Cinderella 99. K\u00f6p Grapefruit Marijuana Strain online\" \/>\n<meta name=\"robots\" content=\"index, follow, max-snippet:-1, max-image-preview:large, max-video-preview:-1\" \/>\n<link rel=\"canonical\" href=\"https:\/\/medicinasinc.com\/se\/product\/grapefrukt-ogras-stam\/\" \/>\n<meta property=\"og:locale\" content=\"sv_SE\" \/>\n<meta property=\"og:type\" content=\"article\" \/>\n<meta property=\"og:title\" content=\"K\u00f6p Grapefrukt Weed Stam - Best Best Global Meds\" \/>\n<meta property=\"og:description\" content=\"K\u00f6p Grapefruit Weed Strain \u00e4r en potent sativa marijuana-stam gjord genom en korsning av Cinderella 99. K\u00f6p Grapefruit Marijuana Strain online\" \/>\n<meta property=\"og:url\" content=\"https:\/\/medicinasinc.com\/se\/product\/grapefrukt-ogras-stam\/\" \/>\n<meta property=\"og:site_name\" content=\"Medicinas Inc\" \/>\n<meta property=\"article:modified_time\" content=\"2022-07-03T23:42:29+00:00\" \/>\n<meta property=\"og:image\" content=\"https:\/\/medicinasinc.com\/se\/wp-content\/uploads\/sites\/16\/2022\/02\/Buy-Grapefruit-Weed-Strain.jpg\" \/>\n\t<meta property=\"og:image:width\" content=\"600\" \/>\n\t<meta property=\"og:image:height\" content=\"600\" \/>\n\t<meta property=\"og:image:type\" content=\"image\/jpeg\" \/>\n<meta name=\"twitter:card\" content=\"summary_large_image\" \/>\n<meta name=\"twitter:label1\" content=\"Ber\u00e4knad l\u00e4stid\" \/>\n\t<meta name=\"twitter:data1\" content=\"1 minut\" \/>\n<script type=\"application\/ld+json\" class=\"yoast-schema-graph\">{\"@context\":\"https:\\\/\\\/schema.org\",\"@graph\":[{\"@type\":\"WebPage\",\"@id\":\"https:\\\/\\\/medicinasinc.com\\\/se\\\/product\\\/grapefrukt-ogras-stam\\\/\",\"url\":\"https:\\\/\\\/medicinasinc.com\\\/se\\\/product\\\/grapefrukt-ogras-stam\\\/\",\"name\":\"K\u00f6p Grapefrukt Weed Stam - Best Best Global Meds\",\"isPartOf\":{\"@id\":\"https:\\\/\\\/medicinasinc.com\\\/se\\\/#website\"},\"primaryImageOfPage\":{\"@id\":\"https:\\\/\\\/medicinasinc.com\\\/se\\\/product\\\/grapefrukt-ogras-stam\\\/#primaryimage\"},\"image\":{\"@id\":\"https:\\\/\\\/medicinasinc.com\\\/se\\\/product\\\/grapefrukt-ogras-stam\\\/#primaryimage\"},\"thumbnailUrl\":\"https:\\\/\\\/medicinasinc.com\\\/se\\\/wp-content\\\/uploads\\\/sites\\\/16\\\/2022\\\/02\\\/Buy-Grapefruit-Weed-Strain.jpg\",\"datePublished\":\"2022-02-20T20:15:06+00:00\",\"dateModified\":\"2022-07-03T23:42:29+00:00\",\"description\":\"K\u00f6p Grapefruit Weed Strain \u00e4r en potent sativa marijuana-stam gjord genom en korsning av Cinderella 99. K\u00f6p Grapefruit Marijuana Strain online\",\"breadcrumb\":{\"@id\":\"https:\\\/\\\/medicinasinc.com\\\/se\\\/product\\\/grapefrukt-ogras-stam\\\/#breadcrumb\"},\"inLanguage\":\"sv-SE\",\"potentialAction\":[{\"@type\":\"ReadAction\",\"target\":[\"https:\\\/\\\/medicinasinc.com\\\/se\\\/product\\\/grapefrukt-ogras-stam\\\/\"]}]},{\"@type\":\"ImageObject\",\"inLanguage\":\"sv-SE\",\"@id\":\"https:\\\/\\\/medicinasinc.com\\\/se\\\/product\\\/grapefrukt-ogras-stam\\\/#primaryimage\",\"url\":\"https:\\\/\\\/medicinasinc.com\\\/se\\\/wp-content\\\/uploads\\\/sites\\\/16\\\/2022\\\/02\\\/Buy-Grapefruit-Weed-Strain.jpg\",\"contentUrl\":\"https:\\\/\\\/medicinasinc.com\\\/se\\\/wp-content\\\/uploads\\\/sites\\\/16\\\/2022\\\/02\\\/Buy-Grapefruit-Weed-Strain.jpg\",\"width\":600,\"height\":600},{\"@type\":\"BreadcrumbList\",\"@id\":\"https:\\\/\\\/medicinasinc.com\\\/se\\\/product\\\/grapefrukt-ogras-stam\\\/#breadcrumb\",\"itemListElement\":[{\"@type\":\"ListItem\",\"position\":1,\"name\":\"aff\u00e4r\",\"item\":\"https:\\\/\\\/medicinasinc.com\\\/se\\\/affar\\\/\"},{\"@type\":\"ListItem\",\"position\":2,\"name\":\"Grapefrukt Weed Stam\"}]},{\"@type\":\"WebSite\",\"@id\":\"https:\\\/\\\/medicinasinc.com\\\/se\\\/#website\",\"url\":\"https:\\\/\\\/medicinasinc.com\\\/se\\\/\",\"name\":\"Medicinas Inc\",\"description\":\"Health Medical Clinic\",\"potentialAction\":[{\"@type\":\"SearchAction\",\"target\":{\"@type\":\"EntryPoint\",\"urlTemplate\":\"https:\\\/\\\/medicinasinc.com\\\/se\\\/?s={search_term_string}\"},\"query-input\":{\"@type\":\"PropertyValueSpecification\",\"valueRequired\":true,\"valueName\":\"search_term_string\"}}],\"inLanguage\":\"sv-SE\"}]}<\/script>\n<!-- \/ Yoast SEO plugin. -->","yoast_head_json":{"title":"K\u00f6p Grapefrukt Weed Stam - Best Best Global Meds","description":"K\u00f6p Grapefruit Weed Strain \u00e4r en potent sativa marijuana-stam gjord genom en korsning av Cinderella 99. K\u00f6p Grapefruit Marijuana Strain online","robots":{"index":"index","follow":"follow","max-snippet":"max-snippet:-1","max-image-preview":"max-image-preview:large","max-video-preview":"max-video-preview:-1"},"canonical":"https:\/\/medicinasinc.com\/se\/product\/grapefrukt-ogras-stam\/","og_locale":"sv_SE","og_type":"article","og_title":"K\u00f6p Grapefrukt Weed Stam - Best Best Global Meds","og_description":"K\u00f6p Grapefruit Weed Strain \u00e4r en potent sativa marijuana-stam gjord genom en korsning av Cinderella 99. K\u00f6p Grapefruit Marijuana Strain online","og_url":"https:\/\/medicinasinc.com\/se\/product\/grapefrukt-ogras-stam\/","og_site_name":"Medicinas Inc","article_modified_time":"2022-07-03T23:42:29+00:00","og_image":[{"width":600,"height":600,"url":"https:\/\/medicinasinc.com\/se\/wp-content\/uploads\/sites\/16\/2022\/02\/Buy-Grapefruit-Weed-Strain.jpg","type":"image\/jpeg"}],"twitter_card":"summary_large_image","twitter_misc":{"Ber\u00e4knad l\u00e4stid":"1 minut"},"schema":{"@context":"https:\/\/schema.org","@graph":[{"@type":"WebPage","@id":"https:\/\/medicinasinc.com\/se\/product\/grapefrukt-ogras-stam\/","url":"https:\/\/medicinasinc.com\/se\/product\/grapefrukt-ogras-stam\/","name":"K\u00f6p Grapefrukt Weed Stam - Best Best Global Meds","isPartOf":{"@id":"https:\/\/medicinasinc.com\/se\/#website"},"primaryImageOfPage":{"@id":"https:\/\/medicinasinc.com\/se\/product\/grapefrukt-ogras-stam\/#primaryimage"},"image":{"@id":"https:\/\/medicinasinc.com\/se\/product\/grapefrukt-ogras-stam\/#primaryimage"},"thumbnailUrl":"https:\/\/medicinasinc.com\/se\/wp-content\/uploads\/sites\/16\/2022\/02\/Buy-Grapefruit-Weed-Strain.jpg","datePublished":"2022-02-20T20:15:06+00:00","dateModified":"2022-07-03T23:42:29+00:00","description":"K\u00f6p Grapefruit Weed Strain \u00e4r en potent sativa marijuana-stam gjord genom en korsning av Cinderella 99. K\u00f6p Grapefruit Marijuana Strain online","breadcrumb":{"@id":"https:\/\/medicinasinc.com\/se\/product\/grapefrukt-ogras-stam\/#breadcrumb"},"inLanguage":"sv-SE","potentialAction":[{"@type":"ReadAction","target":["https:\/\/medicinasinc.com\/se\/product\/grapefrukt-ogras-stam\/"]}]},{"@type":"ImageObject","inLanguage":"sv-SE","@id":"https:\/\/medicinasinc.com\/se\/product\/grapefrukt-ogras-stam\/#primaryimage","url":"https:\/\/medicinasinc.com\/se\/wp-content\/uploads\/sites\/16\/2022\/02\/Buy-Grapefruit-Weed-Strain.jpg","contentUrl":"https:\/\/medicinasinc.com\/se\/wp-content\/uploads\/sites\/16\/2022\/02\/Buy-Grapefruit-Weed-Strain.jpg","width":600,"height":600},{"@type":"BreadcrumbList","@id":"https:\/\/medicinasinc.com\/se\/product\/grapefrukt-ogras-stam\/#breadcrumb","itemListElement":[{"@type":"ListItem","position":1,"name":"aff\u00e4r","item":"https:\/\/medicinasinc.com\/se\/affar\/"},{"@type":"ListItem","position":2,"name":"Grapefrukt Weed Stam"}]},{"@type":"WebSite","@id":"https:\/\/medicinasinc.com\/se\/#website","url":"https:\/\/medicinasinc.com\/se\/","name":"Medicinas Inc","description":"Health Medical Clinic","potentialAction":[{"@type":"SearchAction","target":{"@type":"EntryPoint","urlTemplate":"https:\/\/medicinasinc.com\/se\/?s={search_term_string}"},"query-input":{"@type":"PropertyValueSpecification","valueRequired":true,"valueName":"search_term_string"}}],"inLanguage":"sv-SE"}]}},"_links":{"self":[{"href":"https:\/\/medicinasinc.com\/se\/wp-json\/wp\/v2\/product\/5096","targetHints":{"allow":["GET"]}}],"collection":[{"href":"https:\/\/medicinasinc.com\/se\/wp-json\/wp\/v2\/product"}],"about":[{"href":"https:\/\/medicinasinc.com\/se\/wp-json\/wp\/v2\/types\/product"}],"replies":[{"embeddable":true,"href":"https:\/\/medicinasinc.com\/se\/wp-json\/wp\/v2\/comments?post=5096"}],"wp:featuredmedia":[{"embeddable":true,"href":"https:\/\/medicinasinc.com\/se\/wp-json\/wp\/v2\/media\/5115"}],"wp:attachment":[{"href":"https:\/\/medicinasinc.com\/se\/wp-json\/wp\/v2\/media?parent=5096"}],"wp:term":[{"taxonomy":"product_brand","embeddable":true,"href":"https:\/\/medicinasinc.com\/se\/wp-json\/wp\/v2\/product_brand?post=5096"},{"taxonomy":"product_cat","embeddable":true,"href":"https:\/\/medicinasinc.com\/se\/wp-json\/wp\/v2\/product_cat?post=5096"},{"taxonomy":"product_tag","embeddable":true,"href":"https:\/\/medicinasinc.com\/se\/wp-json\/wp\/v2\/product_tag?post=5096"}],"curies":[{"name":"wp","href":"https:\/\/api.w.org\/{rel}","templated":true}]}}