{"id":5095,"date":"2022-02-20T20:14:14","date_gmt":"2022-02-20T20:14:14","guid":{"rendered":"https:\/\/medicinasinc.com\/se\/?post_type=product&#038;p=5095"},"modified":"2022-07-03T23:42:41","modified_gmt":"2022-07-03T23:42:41","slug":"tonfisk-vem","status":"publish","type":"product","link":"https:\/\/medicinasinc.com\/se\/product\/tonfisk-vem\/","title":{"rendered":"Tonfisk Kush"},"content":{"rendered":"<p><strong>Knoppstorlek: Medium<\/strong><br \/> <strong>Textur: L\u00e4tt klibbig \/ L\u00e4tt klibbig<br \/> Smaker: Jordn\u00e4ra \/ Tr\u00e4aktiga \/ Stickande<\/strong><\/p>\n<div class=\"product-next-previous\">\n<div class=\"product-prev\">Tuna Kush \u00e4r ett fenomen i British Columbia som g\u00f6r comeback p\u00e5 de nordamerikanska marknaderna f\u00f6r medicinsk cannabis. Denna ras har kallats en av de mest potenta p\u00e5 marknaden och genererar kompakta, tjocka nuggets som \u00e4r t\u00e4tt belagda med harts. \u00c4ven om Tuna Kush inte \u00e4r k\u00e4nt f\u00f6r att ha h\u00f6ga sk\u00f6rdar, kommer det som kommer fram fr\u00e5n dessa tunnare stj\u00e4lkar att vara kraftfullt och smakrikt. Med det sagt, om denna stam tar sig in i din odling kanske du vill f\u00f6rb\u00e4ttra dina kolfilter, eftersom den h\u00e4r knoppen stinker! F\u00f6rv\u00e4nta dig en kombination av skarp skunk, br\u00e4nsle och en delikat s\u00f6tma.<\/div><\/div>\n","protected":false},"excerpt":{"rendered":"<p>K\u00f6p Tuna Kush \u00e4r en av de mest potenta indica cannabisstammarna som finns till f\u00f6rs\u00e4ljning. En toke kommer att framkalla en djup k\u00e4nsla av upprymdhet och avkoppling.<\/p>\n<p>Bluefin Tuna Kush \u00e4r en Indica-dominerande hybridstam som kombinerar det b\u00e4sta fr\u00e5n Blueberry och BC ber\u00f6mda Tuna Kush.<\/p>\n","protected":false},"featured_media":5113,"comment_status":"open","ping_status":"closed","template":"","meta":[],"product_brand":[],"product_cat":[778],"product_tag":[],"class_list":{"0":"post-5095","1":"product","2":"type-product","3":"status-publish","4":"has-post-thumbnail","6":"product_cat-ogras-till-salu","8":"first","9":"instock","10":"shipping-taxable","11":"purchasable","12":"product-type-variable","13":"has-default-attributes"},"yoast_head":"<!-- This site is optimized with the Yoast SEO plugin v27.3 - https:\/\/yoast.com\/product\/yoast-seo-wordpress\/ -->\n<title>K\u00f6p Tuna Kush - Tuna Kush - B\u00e4sta globala medicinerna<\/title>\n<meta name=\"description\" content=\"K\u00f6p Tuna Kush\u00a0ogr\u00e4s till salu \u00e4r en av de mest potenta indica cannabisstammarna som finns. En toke kommer att f\u00f6rs\u00e4tta dig i ett djupt tillst\u00e5nd av eufori och avkoppling.\" \/>\n<meta name=\"robots\" content=\"index, follow, max-snippet:-1, max-image-preview:large, max-video-preview:-1\" \/>\n<link rel=\"canonical\" href=\"https:\/\/medicinasinc.com\/se\/product\/tonfisk-vem\/\" \/>\n<meta property=\"og:locale\" content=\"sv_SE\" \/>\n<meta property=\"og:type\" content=\"article\" \/>\n<meta property=\"og:title\" content=\"K\u00f6p Tuna Kush - Tuna Kush - B\u00e4sta globala medicinerna\" \/>\n<meta property=\"og:description\" content=\"K\u00f6p Tuna Kush\u00a0ogr\u00e4s till salu \u00e4r en av de mest potenta indica cannabisstammarna som finns. En toke kommer att f\u00f6rs\u00e4tta dig i ett djupt tillst\u00e5nd av eufori och avkoppling.\" \/>\n<meta property=\"og:url\" content=\"https:\/\/medicinasinc.com\/se\/product\/tonfisk-vem\/\" \/>\n<meta property=\"og:site_name\" content=\"Medicinas Inc\" \/>\n<meta property=\"article:modified_time\" content=\"2022-07-03T23:42:41+00:00\" \/>\n<meta property=\"og:image\" content=\"https:\/\/medicinasinc.com\/se\/wp-content\/uploads\/sites\/16\/2022\/02\/Buy-Tuna-Kush.jpg\" \/>\n\t<meta property=\"og:image:width\" content=\"1024\" \/>\n\t<meta property=\"og:image:height\" content=\"768\" \/>\n\t<meta property=\"og:image:type\" content=\"image\/jpeg\" \/>\n<meta name=\"twitter:card\" content=\"summary_large_image\" \/>\n<meta name=\"twitter:label1\" content=\"Ber\u00e4knad l\u00e4stid\" \/>\n\t<meta name=\"twitter:data1\" content=\"1 minut\" \/>\n<script type=\"application\/ld+json\" class=\"yoast-schema-graph\">{\"@context\":\"https:\\\/\\\/schema.org\",\"@graph\":[{\"@type\":\"WebPage\",\"@id\":\"https:\\\/\\\/medicinasinc.com\\\/se\\\/product\\\/tonfisk-vem\\\/\",\"url\":\"https:\\\/\\\/medicinasinc.com\\\/se\\\/product\\\/tonfisk-vem\\\/\",\"name\":\"K\u00f6p Tuna Kush - Tuna Kush - B\u00e4sta globala medicinerna\",\"isPartOf\":{\"@id\":\"https:\\\/\\\/medicinasinc.com\\\/se\\\/#website\"},\"primaryImageOfPage\":{\"@id\":\"https:\\\/\\\/medicinasinc.com\\\/se\\\/product\\\/tonfisk-vem\\\/#primaryimage\"},\"image\":{\"@id\":\"https:\\\/\\\/medicinasinc.com\\\/se\\\/product\\\/tonfisk-vem\\\/#primaryimage\"},\"thumbnailUrl\":\"https:\\\/\\\/medicinasinc.com\\\/se\\\/wp-content\\\/uploads\\\/sites\\\/16\\\/2022\\\/02\\\/Buy-Tuna-Kush.jpg\",\"datePublished\":\"2022-02-20T20:14:14+00:00\",\"dateModified\":\"2022-07-03T23:42:41+00:00\",\"description\":\"K\u00f6p Tuna Kush\u00a0ogr\u00e4s till salu \u00e4r en av de mest potenta indica cannabisstammarna som finns. En toke kommer att f\u00f6rs\u00e4tta dig i ett djupt tillst\u00e5nd av eufori och avkoppling.\",\"breadcrumb\":{\"@id\":\"https:\\\/\\\/medicinasinc.com\\\/se\\\/product\\\/tonfisk-vem\\\/#breadcrumb\"},\"inLanguage\":\"sv-SE\",\"potentialAction\":[{\"@type\":\"ReadAction\",\"target\":[\"https:\\\/\\\/medicinasinc.com\\\/se\\\/product\\\/tonfisk-vem\\\/\"]}]},{\"@type\":\"ImageObject\",\"inLanguage\":\"sv-SE\",\"@id\":\"https:\\\/\\\/medicinasinc.com\\\/se\\\/product\\\/tonfisk-vem\\\/#primaryimage\",\"url\":\"https:\\\/\\\/medicinasinc.com\\\/se\\\/wp-content\\\/uploads\\\/sites\\\/16\\\/2022\\\/02\\\/Buy-Tuna-Kush.jpg\",\"contentUrl\":\"https:\\\/\\\/medicinasinc.com\\\/se\\\/wp-content\\\/uploads\\\/sites\\\/16\\\/2022\\\/02\\\/Buy-Tuna-Kush.jpg\",\"width\":1024,\"height\":768},{\"@type\":\"BreadcrumbList\",\"@id\":\"https:\\\/\\\/medicinasinc.com\\\/se\\\/product\\\/tonfisk-vem\\\/#breadcrumb\",\"itemListElement\":[{\"@type\":\"ListItem\",\"position\":1,\"name\":\"aff\u00e4r\",\"item\":\"https:\\\/\\\/medicinasinc.com\\\/se\\\/affar\\\/\"},{\"@type\":\"ListItem\",\"position\":2,\"name\":\"Tonfisk Kush\"}]},{\"@type\":\"WebSite\",\"@id\":\"https:\\\/\\\/medicinasinc.com\\\/se\\\/#website\",\"url\":\"https:\\\/\\\/medicinasinc.com\\\/se\\\/\",\"name\":\"Medicinas Inc\",\"description\":\"Health Medical Clinic\",\"potentialAction\":[{\"@type\":\"SearchAction\",\"target\":{\"@type\":\"EntryPoint\",\"urlTemplate\":\"https:\\\/\\\/medicinasinc.com\\\/se\\\/?s={search_term_string}\"},\"query-input\":{\"@type\":\"PropertyValueSpecification\",\"valueRequired\":true,\"valueName\":\"search_term_string\"}}],\"inLanguage\":\"sv-SE\"}]}<\/script>\n<!-- \/ Yoast SEO plugin. -->","yoast_head_json":{"title":"K\u00f6p Tuna Kush - Tuna Kush - B\u00e4sta globala medicinerna","description":"K\u00f6p Tuna Kush\u00a0ogr\u00e4s till salu \u00e4r en av de mest potenta indica cannabisstammarna som finns. En toke kommer att f\u00f6rs\u00e4tta dig i ett djupt tillst\u00e5nd av eufori och avkoppling.","robots":{"index":"index","follow":"follow","max-snippet":"max-snippet:-1","max-image-preview":"max-image-preview:large","max-video-preview":"max-video-preview:-1"},"canonical":"https:\/\/medicinasinc.com\/se\/product\/tonfisk-vem\/","og_locale":"sv_SE","og_type":"article","og_title":"K\u00f6p Tuna Kush - Tuna Kush - B\u00e4sta globala medicinerna","og_description":"K\u00f6p Tuna Kush\u00a0ogr\u00e4s till salu \u00e4r en av de mest potenta indica cannabisstammarna som finns. En toke kommer att f\u00f6rs\u00e4tta dig i ett djupt tillst\u00e5nd av eufori och avkoppling.","og_url":"https:\/\/medicinasinc.com\/se\/product\/tonfisk-vem\/","og_site_name":"Medicinas Inc","article_modified_time":"2022-07-03T23:42:41+00:00","og_image":[{"width":1024,"height":768,"url":"https:\/\/medicinasinc.com\/se\/wp-content\/uploads\/sites\/16\/2022\/02\/Buy-Tuna-Kush.jpg","type":"image\/jpeg"}],"twitter_card":"summary_large_image","twitter_misc":{"Ber\u00e4knad l\u00e4stid":"1 minut"},"schema":{"@context":"https:\/\/schema.org","@graph":[{"@type":"WebPage","@id":"https:\/\/medicinasinc.com\/se\/product\/tonfisk-vem\/","url":"https:\/\/medicinasinc.com\/se\/product\/tonfisk-vem\/","name":"K\u00f6p Tuna Kush - Tuna Kush - B\u00e4sta globala medicinerna","isPartOf":{"@id":"https:\/\/medicinasinc.com\/se\/#website"},"primaryImageOfPage":{"@id":"https:\/\/medicinasinc.com\/se\/product\/tonfisk-vem\/#primaryimage"},"image":{"@id":"https:\/\/medicinasinc.com\/se\/product\/tonfisk-vem\/#primaryimage"},"thumbnailUrl":"https:\/\/medicinasinc.com\/se\/wp-content\/uploads\/sites\/16\/2022\/02\/Buy-Tuna-Kush.jpg","datePublished":"2022-02-20T20:14:14+00:00","dateModified":"2022-07-03T23:42:41+00:00","description":"K\u00f6p Tuna Kush\u00a0ogr\u00e4s till salu \u00e4r en av de mest potenta indica cannabisstammarna som finns. En toke kommer att f\u00f6rs\u00e4tta dig i ett djupt tillst\u00e5nd av eufori och avkoppling.","breadcrumb":{"@id":"https:\/\/medicinasinc.com\/se\/product\/tonfisk-vem\/#breadcrumb"},"inLanguage":"sv-SE","potentialAction":[{"@type":"ReadAction","target":["https:\/\/medicinasinc.com\/se\/product\/tonfisk-vem\/"]}]},{"@type":"ImageObject","inLanguage":"sv-SE","@id":"https:\/\/medicinasinc.com\/se\/product\/tonfisk-vem\/#primaryimage","url":"https:\/\/medicinasinc.com\/se\/wp-content\/uploads\/sites\/16\/2022\/02\/Buy-Tuna-Kush.jpg","contentUrl":"https:\/\/medicinasinc.com\/se\/wp-content\/uploads\/sites\/16\/2022\/02\/Buy-Tuna-Kush.jpg","width":1024,"height":768},{"@type":"BreadcrumbList","@id":"https:\/\/medicinasinc.com\/se\/product\/tonfisk-vem\/#breadcrumb","itemListElement":[{"@type":"ListItem","position":1,"name":"aff\u00e4r","item":"https:\/\/medicinasinc.com\/se\/affar\/"},{"@type":"ListItem","position":2,"name":"Tonfisk Kush"}]},{"@type":"WebSite","@id":"https:\/\/medicinasinc.com\/se\/#website","url":"https:\/\/medicinasinc.com\/se\/","name":"Medicinas Inc","description":"Health Medical Clinic","potentialAction":[{"@type":"SearchAction","target":{"@type":"EntryPoint","urlTemplate":"https:\/\/medicinasinc.com\/se\/?s={search_term_string}"},"query-input":{"@type":"PropertyValueSpecification","valueRequired":true,"valueName":"search_term_string"}}],"inLanguage":"sv-SE"}]}},"_links":{"self":[{"href":"https:\/\/medicinasinc.com\/se\/wp-json\/wp\/v2\/product\/5095","targetHints":{"allow":["GET"]}}],"collection":[{"href":"https:\/\/medicinasinc.com\/se\/wp-json\/wp\/v2\/product"}],"about":[{"href":"https:\/\/medicinasinc.com\/se\/wp-json\/wp\/v2\/types\/product"}],"replies":[{"embeddable":true,"href":"https:\/\/medicinasinc.com\/se\/wp-json\/wp\/v2\/comments?post=5095"}],"wp:featuredmedia":[{"embeddable":true,"href":"https:\/\/medicinasinc.com\/se\/wp-json\/wp\/v2\/media\/5113"}],"wp:attachment":[{"href":"https:\/\/medicinasinc.com\/se\/wp-json\/wp\/v2\/media?parent=5095"}],"wp:term":[{"taxonomy":"product_brand","embeddable":true,"href":"https:\/\/medicinasinc.com\/se\/wp-json\/wp\/v2\/product_brand?post=5095"},{"taxonomy":"product_cat","embeddable":true,"href":"https:\/\/medicinasinc.com\/se\/wp-json\/wp\/v2\/product_cat?post=5095"},{"taxonomy":"product_tag","embeddable":true,"href":"https:\/\/medicinasinc.com\/se\/wp-json\/wp\/v2\/product_tag?post=5095"}],"curies":[{"name":"wp","href":"https:\/\/api.w.org\/{rel}","templated":true}]}}