{"id":5094,"date":"2022-02-20T20:12:57","date_gmt":"2022-02-20T20:12:57","guid":{"rendered":"https:\/\/medicinasinc.com\/se\/?post_type=product&#038;p=5094"},"modified":"2022-07-03T23:42:52","modified_gmt":"2022-07-03T23:42:52","slug":"kop-rosa-kush","status":"publish","type":"product","link":"https:\/\/medicinasinc.com\/se\/product\/kop-rosa-kush\/","title":{"rendered":"K\u00f6p Pink Kush"},"content":{"rendered":"<p><strong>Onlinek\u00f6p av Pink Kush<\/strong><\/p>\n<p>Pink Kush \u00e4r, liksom sitt OG Kush-syskon, en mycket eftertraktad indica-dominant hybrid med potenta kroppsfokuserade effekter. Rosa h\u00e5r kommer fram fr\u00e5n ljusgr\u00f6na knoppar som knappt syns under ett lager av sockerliknande trikomer, vilket ger en s\u00f6t doft av vanilj och godis. Denna stams effekt anses vara \u00f6verv\u00e4ldigande, och \u00e4ven sm\u00e5 doser har visat sig lindra sm\u00e4rta, s\u00f6mnl\u00f6shet och aptitl\u00f6shet. Pink Kush-blomningen tar 10 till 11 veckor, men de enorma sk\u00f6rdarna av knoppar p\u00e5 \u00f6versta hyllan g\u00f6r det v\u00e4rt att v\u00e4nta.<\/p>\n<div class=\"product-next-previous\">\n<div class=\"product-prev\"><\/div><\/div>\n","protected":false},"excerpt":{"rendered":"<p>K\u00f6p Pink Kush cannabis och andra AAA+ ogr\u00e4sstammar fr\u00e5n Europas favoritbutik online. L\u00e4gg din best\u00e4llning idag och dra nytta av gratis leverans p\u00e5 alla best\u00e4llningar \u00f6ver 150 USD!<\/p>\n<p>Pink Kush \u00e4r, liksom sitt OG Kush-syskon, en mycket eftertraktad indica-dominant hybrid med potenta kroppsfokuserade effekter.<\/p>\n<div>\n<p class=\"percentage\"><span class=\"heading\">THC:\u00a0<\/span>25 %<\/p>\n<\/p><\/div>\n<div class=\"panel-heading\">Kan lindra <i class=\"fa fa-info-circle\" title=\"Ansvarsfriskrivning: All information om cannabisstammar som visas p\u00e5 denna webbplats \u00e4r baserad p\u00e5 anv\u00e4ndarrecensioner. De visade stamdata ska behandlas som ett informativt verktyg och inte som medicinsk rekommendation. V\u00e4nligen kontakta din l\u00e4kare innan du anv\u00e4nder cannabis f\u00f6r medicinska \u00e4ndam\u00e5l.\" data-toggle=\"tooltip\" data-placement=\"right\"><\/i><\/div>\n<div class=\"panel-body well tags-list\">aptitf\u00f6rlust,\u00a0kronisk sm\u00e4rta,\u00a0depression,\u00a0s\u00f6mnl\u00f6shet,\u00a0illam\u00e5ende<\/div>\n<ul>\n<li>AAAA representerar det b\u00e4sta av det b\u00e4sta!<\/li>\n<li>Kontakta oss f\u00f6r grossistbest\u00e4llningar<\/li>\n<li>S\u00e4ndning \u00f6ver hela v\u00e4rlden.<\/li>\n<\/ul>\n","protected":false},"featured_media":5111,"comment_status":"open","ping_status":"closed","template":"","meta":[],"product_brand":[],"product_cat":[778],"product_tag":[1049,1050,1051,1052,634,1053,1059,1054,1055,1056,1058,1057],"class_list":{"0":"post-5094","1":"product","2":"type-product","3":"status-publish","4":"has-post-thumbnail","6":"product_cat-ogras-till-salu","7":"product_tag-buy-cannabis-online-uk","8":"product_tag-buy-medical-marijuana-online-uk","9":"product_tag-buy-nembutal","10":"product_tag-hybrid-ogrs-stammar","11":"product_tag-kp-marijuana-online-uk","12":"product_tag-marijuana-stammar-online","13":"product_tag-ogrs-till-frsljning-i-italien","14":"product_tag-online-marijuana-frsljning","15":"product_tag-online-medicinsk-marijuana-frsljning","16":"product_tag-oxycontin-80-mg","17":"product_tag-rekreations-marijuana-dispensary","18":"product_tag-vrktabletter-till-salu","20":"first","21":"instock","22":"shipping-taxable","23":"purchasable","24":"product-type-variable","25":"has-default-attributes"},"yoast_head":"<!-- This site is optimized with the Yoast SEO plugin v27.3 - https:\/\/yoast.com\/product\/yoast-seo-wordpress\/ -->\n<title>K\u00f6p Pink Kush Online - B\u00e4sta b\u00e4sta globala medicinerna<\/title>\n<meta name=\"description\" content=\"K\u00f6p Pink Kush weed stam och mer AAA+ weed fr\u00e5n Europas favorit online apotek. Best\u00e4ll idag och njut av fri frakt p\u00e5 alla best\u00e4llningar \u00f6ver $150!\" \/>\n<meta name=\"robots\" content=\"index, follow, max-snippet:-1, max-image-preview:large, max-video-preview:-1\" \/>\n<link rel=\"canonical\" href=\"https:\/\/medicinasinc.com\/se\/product\/kop-rosa-kush\/\" \/>\n<meta property=\"og:locale\" content=\"sv_SE\" \/>\n<meta property=\"og:type\" content=\"article\" \/>\n<meta property=\"og:title\" content=\"K\u00f6p Pink Kush Online - B\u00e4sta b\u00e4sta globala medicinerna\" \/>\n<meta property=\"og:description\" content=\"K\u00f6p Pink Kush weed stam och mer AAA+ weed fr\u00e5n Europas favorit online apotek. Best\u00e4ll idag och njut av fri frakt p\u00e5 alla best\u00e4llningar \u00f6ver $150!\" \/>\n<meta property=\"og:url\" content=\"https:\/\/medicinasinc.com\/se\/product\/kop-rosa-kush\/\" \/>\n<meta property=\"og:site_name\" content=\"Medicinas Inc\" \/>\n<meta property=\"article:modified_time\" content=\"2022-07-03T23:42:52+00:00\" \/>\n<meta property=\"og:image\" content=\"https:\/\/medicinasinc.com\/se\/wp-content\/uploads\/sites\/16\/2022\/02\/Buy-Pink-Kush.jpg\" \/>\n\t<meta property=\"og:image:width\" content=\"450\" \/>\n\t<meta property=\"og:image:height\" content=\"450\" \/>\n\t<meta property=\"og:image:type\" content=\"image\/jpeg\" \/>\n<meta name=\"twitter:card\" content=\"summary_large_image\" \/>\n<meta name=\"twitter:label1\" content=\"Ber\u00e4knad l\u00e4stid\" \/>\n\t<meta name=\"twitter:data1\" content=\"1 minut\" \/>\n<script type=\"application\/ld+json\" class=\"yoast-schema-graph\">{\"@context\":\"https:\\\/\\\/schema.org\",\"@graph\":[{\"@type\":\"WebPage\",\"@id\":\"https:\\\/\\\/medicinasinc.com\\\/se\\\/product\\\/kop-rosa-kush\\\/\",\"url\":\"https:\\\/\\\/medicinasinc.com\\\/se\\\/product\\\/kop-rosa-kush\\\/\",\"name\":\"K\u00f6p Pink Kush Online - B\u00e4sta b\u00e4sta globala medicinerna\",\"isPartOf\":{\"@id\":\"https:\\\/\\\/medicinasinc.com\\\/se\\\/#website\"},\"primaryImageOfPage\":{\"@id\":\"https:\\\/\\\/medicinasinc.com\\\/se\\\/product\\\/kop-rosa-kush\\\/#primaryimage\"},\"image\":{\"@id\":\"https:\\\/\\\/medicinasinc.com\\\/se\\\/product\\\/kop-rosa-kush\\\/#primaryimage\"},\"thumbnailUrl\":\"https:\\\/\\\/medicinasinc.com\\\/se\\\/wp-content\\\/uploads\\\/sites\\\/16\\\/2022\\\/02\\\/Buy-Pink-Kush.jpg\",\"datePublished\":\"2022-02-20T20:12:57+00:00\",\"dateModified\":\"2022-07-03T23:42:52+00:00\",\"description\":\"K\u00f6p Pink Kush weed stam och mer AAA+ weed fr\u00e5n Europas favorit online apotek. Best\u00e4ll idag och njut av fri frakt p\u00e5 alla best\u00e4llningar \u00f6ver $150!\",\"breadcrumb\":{\"@id\":\"https:\\\/\\\/medicinasinc.com\\\/se\\\/product\\\/kop-rosa-kush\\\/#breadcrumb\"},\"inLanguage\":\"sv-SE\",\"potentialAction\":[{\"@type\":\"ReadAction\",\"target\":[\"https:\\\/\\\/medicinasinc.com\\\/se\\\/product\\\/kop-rosa-kush\\\/\"]}]},{\"@type\":\"ImageObject\",\"inLanguage\":\"sv-SE\",\"@id\":\"https:\\\/\\\/medicinasinc.com\\\/se\\\/product\\\/kop-rosa-kush\\\/#primaryimage\",\"url\":\"https:\\\/\\\/medicinasinc.com\\\/se\\\/wp-content\\\/uploads\\\/sites\\\/16\\\/2022\\\/02\\\/Buy-Pink-Kush.jpg\",\"contentUrl\":\"https:\\\/\\\/medicinasinc.com\\\/se\\\/wp-content\\\/uploads\\\/sites\\\/16\\\/2022\\\/02\\\/Buy-Pink-Kush.jpg\",\"width\":450,\"height\":450},{\"@type\":\"BreadcrumbList\",\"@id\":\"https:\\\/\\\/medicinasinc.com\\\/se\\\/product\\\/kop-rosa-kush\\\/#breadcrumb\",\"itemListElement\":[{\"@type\":\"ListItem\",\"position\":1,\"name\":\"aff\u00e4r\",\"item\":\"https:\\\/\\\/medicinasinc.com\\\/se\\\/affar\\\/\"},{\"@type\":\"ListItem\",\"position\":2,\"name\":\"K\u00f6p Pink Kush\"}]},{\"@type\":\"WebSite\",\"@id\":\"https:\\\/\\\/medicinasinc.com\\\/se\\\/#website\",\"url\":\"https:\\\/\\\/medicinasinc.com\\\/se\\\/\",\"name\":\"Medicinas Inc\",\"description\":\"Health Medical Clinic\",\"potentialAction\":[{\"@type\":\"SearchAction\",\"target\":{\"@type\":\"EntryPoint\",\"urlTemplate\":\"https:\\\/\\\/medicinasinc.com\\\/se\\\/?s={search_term_string}\"},\"query-input\":{\"@type\":\"PropertyValueSpecification\",\"valueRequired\":true,\"valueName\":\"search_term_string\"}}],\"inLanguage\":\"sv-SE\"}]}<\/script>\n<!-- \/ Yoast SEO plugin. -->","yoast_head_json":{"title":"K\u00f6p Pink Kush Online - B\u00e4sta b\u00e4sta globala medicinerna","description":"K\u00f6p Pink Kush weed stam och mer AAA+ weed fr\u00e5n Europas favorit online apotek. Best\u00e4ll idag och njut av fri frakt p\u00e5 alla best\u00e4llningar \u00f6ver $150!","robots":{"index":"index","follow":"follow","max-snippet":"max-snippet:-1","max-image-preview":"max-image-preview:large","max-video-preview":"max-video-preview:-1"},"canonical":"https:\/\/medicinasinc.com\/se\/product\/kop-rosa-kush\/","og_locale":"sv_SE","og_type":"article","og_title":"K\u00f6p Pink Kush Online - B\u00e4sta b\u00e4sta globala medicinerna","og_description":"K\u00f6p Pink Kush weed stam och mer AAA+ weed fr\u00e5n Europas favorit online apotek. Best\u00e4ll idag och njut av fri frakt p\u00e5 alla best\u00e4llningar \u00f6ver $150!","og_url":"https:\/\/medicinasinc.com\/se\/product\/kop-rosa-kush\/","og_site_name":"Medicinas Inc","article_modified_time":"2022-07-03T23:42:52+00:00","og_image":[{"width":450,"height":450,"url":"https:\/\/medicinasinc.com\/se\/wp-content\/uploads\/sites\/16\/2022\/02\/Buy-Pink-Kush.jpg","type":"image\/jpeg"}],"twitter_card":"summary_large_image","twitter_misc":{"Ber\u00e4knad l\u00e4stid":"1 minut"},"schema":{"@context":"https:\/\/schema.org","@graph":[{"@type":"WebPage","@id":"https:\/\/medicinasinc.com\/se\/product\/kop-rosa-kush\/","url":"https:\/\/medicinasinc.com\/se\/product\/kop-rosa-kush\/","name":"K\u00f6p Pink Kush Online - B\u00e4sta b\u00e4sta globala medicinerna","isPartOf":{"@id":"https:\/\/medicinasinc.com\/se\/#website"},"primaryImageOfPage":{"@id":"https:\/\/medicinasinc.com\/se\/product\/kop-rosa-kush\/#primaryimage"},"image":{"@id":"https:\/\/medicinasinc.com\/se\/product\/kop-rosa-kush\/#primaryimage"},"thumbnailUrl":"https:\/\/medicinasinc.com\/se\/wp-content\/uploads\/sites\/16\/2022\/02\/Buy-Pink-Kush.jpg","datePublished":"2022-02-20T20:12:57+00:00","dateModified":"2022-07-03T23:42:52+00:00","description":"K\u00f6p Pink Kush weed stam och mer AAA+ weed fr\u00e5n Europas favorit online apotek. Best\u00e4ll idag och njut av fri frakt p\u00e5 alla best\u00e4llningar \u00f6ver $150!","breadcrumb":{"@id":"https:\/\/medicinasinc.com\/se\/product\/kop-rosa-kush\/#breadcrumb"},"inLanguage":"sv-SE","potentialAction":[{"@type":"ReadAction","target":["https:\/\/medicinasinc.com\/se\/product\/kop-rosa-kush\/"]}]},{"@type":"ImageObject","inLanguage":"sv-SE","@id":"https:\/\/medicinasinc.com\/se\/product\/kop-rosa-kush\/#primaryimage","url":"https:\/\/medicinasinc.com\/se\/wp-content\/uploads\/sites\/16\/2022\/02\/Buy-Pink-Kush.jpg","contentUrl":"https:\/\/medicinasinc.com\/se\/wp-content\/uploads\/sites\/16\/2022\/02\/Buy-Pink-Kush.jpg","width":450,"height":450},{"@type":"BreadcrumbList","@id":"https:\/\/medicinasinc.com\/se\/product\/kop-rosa-kush\/#breadcrumb","itemListElement":[{"@type":"ListItem","position":1,"name":"aff\u00e4r","item":"https:\/\/medicinasinc.com\/se\/affar\/"},{"@type":"ListItem","position":2,"name":"K\u00f6p Pink Kush"}]},{"@type":"WebSite","@id":"https:\/\/medicinasinc.com\/se\/#website","url":"https:\/\/medicinasinc.com\/se\/","name":"Medicinas Inc","description":"Health Medical Clinic","potentialAction":[{"@type":"SearchAction","target":{"@type":"EntryPoint","urlTemplate":"https:\/\/medicinasinc.com\/se\/?s={search_term_string}"},"query-input":{"@type":"PropertyValueSpecification","valueRequired":true,"valueName":"search_term_string"}}],"inLanguage":"sv-SE"}]}},"_links":{"self":[{"href":"https:\/\/medicinasinc.com\/se\/wp-json\/wp\/v2\/product\/5094","targetHints":{"allow":["GET"]}}],"collection":[{"href":"https:\/\/medicinasinc.com\/se\/wp-json\/wp\/v2\/product"}],"about":[{"href":"https:\/\/medicinasinc.com\/se\/wp-json\/wp\/v2\/types\/product"}],"replies":[{"embeddable":true,"href":"https:\/\/medicinasinc.com\/se\/wp-json\/wp\/v2\/comments?post=5094"}],"wp:featuredmedia":[{"embeddable":true,"href":"https:\/\/medicinasinc.com\/se\/wp-json\/wp\/v2\/media\/5111"}],"wp:attachment":[{"href":"https:\/\/medicinasinc.com\/se\/wp-json\/wp\/v2\/media?parent=5094"}],"wp:term":[{"taxonomy":"product_brand","embeddable":true,"href":"https:\/\/medicinasinc.com\/se\/wp-json\/wp\/v2\/product_brand?post=5094"},{"taxonomy":"product_cat","embeddable":true,"href":"https:\/\/medicinasinc.com\/se\/wp-json\/wp\/v2\/product_cat?post=5094"},{"taxonomy":"product_tag","embeddable":true,"href":"https:\/\/medicinasinc.com\/se\/wp-json\/wp\/v2\/product_tag?post=5094"}],"curies":[{"name":"wp","href":"https:\/\/api.w.org\/{rel}","templated":true}]}}