{"id":5093,"date":"2022-02-20T20:12:04","date_gmt":"2022-02-20T20:12:04","guid":{"rendered":"https:\/\/medicinasinc.com\/se\/?post_type=product&#038;p=5093"},"modified":"2022-07-03T23:43:03","modified_gmt":"2022-07-03T23:43:03","slug":"kop-korsbar-gorilla-lim","status":"publish","type":"product","link":"https:\/\/medicinasinc.com\/se\/product\/kop-korsbar-gorilla-lim\/","title":{"rendered":"K\u00f6p Cherry Gorilla Glue"},"content":{"rendered":"<p><strong>K\u00f6p online Cherry Gorilla Marijuana.<\/strong><\/p>\n<p>Cherry Gorilla Marijuana kan k\u00f6pas online. K\u00f6p Cherry Gorilla cannabis stam. En hybrid som inneh\u00e5ller 50 % Sativa och 50 % Indica THC: 17\u201318 %<\/p>\n<p>Effekter<br \/> Body High, Cerebral, Glad, Avslappnande, Upplyftande<br \/> Kan lindra<br \/> Depression, Tr\u00f6tthet, s\u00f6mnl\u00f6shet, illam\u00e5ende, stress<br \/> Smaker<br \/> K\u00f6rsb\u00e4r, kaffe, diesel, s\u00f6tt<\/p>\n","protected":false},"excerpt":{"rendered":"<div class=\"woocommerce-product-details__short-description\">\n<p>K\u00f6p aka Cherry Gorilla Glue Marijuana p\u00e5 den svarta marknaden till b\u00e4sta pris. Alla v\u00e5ra produkter \u00e4r skapade med helt naturliga, THC-fria komponenter. G\u00f6r din best\u00e4llning online idag!<\/p>\n<p>Cherry Gorilla Marijuana kan k\u00f6pas online. 100 % garanterad leverans och sp\u00e5rning, samt ett stort urval av \u00e4tbara produkter, koncentrat, sativa, indica och hybrider.<\/p>\n<p>K\u00f6rsb\u00e4rsgorilla, ibland kallad &amp;#8220 ;K\u00f6rsb\u00e4rsgorillalim,&#8221; \u00e4r en s\u00e4llsynt, j\u00e4mnt balanserad hybridstam (50 indica\/50 sativa) framst\u00e4lld genom korsning.<\/p>\n<\/p><\/div>\n","protected":false},"featured_media":5109,"comment_status":"open","ping_status":"closed","template":"","meta":[],"product_brand":[],"product_cat":[778],"product_tag":[1044,1045,1046,1047,1048,1042,1043,1041],"class_list":{"0":"post-5093","1":"product","2":"type-product","3":"status-publish","4":"has-post-thumbnail","6":"product_cat-ogras-till-salu","7":"product_tag-cherry-gorilla-strain-effects","8":"product_tag-cherry-gorilla-strain-leafly","9":"product_tag-cherry-gorilla-strain-reddit","10":"product_tag-cherry-gorilla-strain-review","11":"product_tag-gorilla-cherry-fruit","12":"product_tag-krsbr-gorilla-f2","13":"product_tag-krsbr-gorilla-frn","14":"product_tag-krsbrslim-stam-blad","16":"first","17":"instock","18":"shipping-taxable","19":"purchasable","20":"product-type-variable","21":"has-default-attributes"},"yoast_head":"<!-- This site is optimized with the Yoast SEO plugin v27.3 - https:\/\/yoast.com\/product\/yoast-seo-wordpress\/ -->\n<title>K\u00f6p Cherry Gorilla Glue - aka Cherry Gorilla Glue - Best Global Meds<\/title>\n<meta name=\"description\" content=\"K\u00f6p aka Cherry Gorilla Glue Marijuana Online till b\u00e4sta marknadspris. Alla v\u00e5ra produkter \u00e4r gjorda av rena naturliga ingredienser fria fr\u00e5n THC. Best\u00e4ll online nu!\" \/>\n<meta name=\"robots\" content=\"index, follow, max-snippet:-1, max-image-preview:large, max-video-preview:-1\" \/>\n<link rel=\"canonical\" href=\"https:\/\/medicinasinc.com\/se\/product\/kop-korsbar-gorilla-lim\/\" \/>\n<meta property=\"og:locale\" content=\"sv_SE\" \/>\n<meta property=\"og:type\" content=\"article\" \/>\n<meta property=\"og:title\" content=\"K\u00f6p Cherry Gorilla Glue - aka Cherry Gorilla Glue - Best Global Meds\" \/>\n<meta property=\"og:description\" content=\"K\u00f6p aka Cherry Gorilla Glue Marijuana Online till b\u00e4sta marknadspris. Alla v\u00e5ra produkter \u00e4r gjorda av rena naturliga ingredienser fria fr\u00e5n THC. Best\u00e4ll online nu!\" \/>\n<meta property=\"og:url\" content=\"https:\/\/medicinasinc.com\/se\/product\/kop-korsbar-gorilla-lim\/\" \/>\n<meta property=\"og:site_name\" content=\"Medicinas Inc\" \/>\n<meta property=\"article:modified_time\" content=\"2022-07-03T23:43:03+00:00\" \/>\n<meta property=\"og:image\" content=\"https:\/\/medicinasinc.com\/se\/wp-content\/uploads\/sites\/16\/2022\/02\/Buy-Cherry-Gorilla-Marijuana.jpg\" \/>\n\t<meta property=\"og:image:width\" content=\"1080\" \/>\n\t<meta property=\"og:image:height\" content=\"1080\" \/>\n\t<meta property=\"og:image:type\" content=\"image\/jpeg\" \/>\n<meta name=\"twitter:card\" content=\"summary_large_image\" \/>\n<meta name=\"twitter:label1\" content=\"Ber\u00e4knad l\u00e4stid\" \/>\n\t<meta name=\"twitter:data1\" content=\"1 minut\" \/>\n<script type=\"application\/ld+json\" class=\"yoast-schema-graph\">{\"@context\":\"https:\\\/\\\/schema.org\",\"@graph\":[{\"@type\":\"WebPage\",\"@id\":\"https:\\\/\\\/medicinasinc.com\\\/se\\\/product\\\/kop-korsbar-gorilla-lim\\\/\",\"url\":\"https:\\\/\\\/medicinasinc.com\\\/se\\\/product\\\/kop-korsbar-gorilla-lim\\\/\",\"name\":\"K\u00f6p Cherry Gorilla Glue - aka Cherry Gorilla Glue - Best Global Meds\",\"isPartOf\":{\"@id\":\"https:\\\/\\\/medicinasinc.com\\\/se\\\/#website\"},\"primaryImageOfPage\":{\"@id\":\"https:\\\/\\\/medicinasinc.com\\\/se\\\/product\\\/kop-korsbar-gorilla-lim\\\/#primaryimage\"},\"image\":{\"@id\":\"https:\\\/\\\/medicinasinc.com\\\/se\\\/product\\\/kop-korsbar-gorilla-lim\\\/#primaryimage\"},\"thumbnailUrl\":\"https:\\\/\\\/medicinasinc.com\\\/se\\\/wp-content\\\/uploads\\\/sites\\\/16\\\/2022\\\/02\\\/Buy-Cherry-Gorilla-Marijuana.jpg\",\"datePublished\":\"2022-02-20T20:12:04+00:00\",\"dateModified\":\"2022-07-03T23:43:03+00:00\",\"description\":\"K\u00f6p aka Cherry Gorilla Glue Marijuana Online till b\u00e4sta marknadspris. Alla v\u00e5ra produkter \u00e4r gjorda av rena naturliga ingredienser fria fr\u00e5n THC. Best\u00e4ll online nu!\",\"breadcrumb\":{\"@id\":\"https:\\\/\\\/medicinasinc.com\\\/se\\\/product\\\/kop-korsbar-gorilla-lim\\\/#breadcrumb\"},\"inLanguage\":\"sv-SE\",\"potentialAction\":[{\"@type\":\"ReadAction\",\"target\":[\"https:\\\/\\\/medicinasinc.com\\\/se\\\/product\\\/kop-korsbar-gorilla-lim\\\/\"]}]},{\"@type\":\"ImageObject\",\"inLanguage\":\"sv-SE\",\"@id\":\"https:\\\/\\\/medicinasinc.com\\\/se\\\/product\\\/kop-korsbar-gorilla-lim\\\/#primaryimage\",\"url\":\"https:\\\/\\\/medicinasinc.com\\\/se\\\/wp-content\\\/uploads\\\/sites\\\/16\\\/2022\\\/02\\\/Buy-Cherry-Gorilla-Marijuana.jpg\",\"contentUrl\":\"https:\\\/\\\/medicinasinc.com\\\/se\\\/wp-content\\\/uploads\\\/sites\\\/16\\\/2022\\\/02\\\/Buy-Cherry-Gorilla-Marijuana.jpg\",\"width\":1080,\"height\":1080},{\"@type\":\"BreadcrumbList\",\"@id\":\"https:\\\/\\\/medicinasinc.com\\\/se\\\/product\\\/kop-korsbar-gorilla-lim\\\/#breadcrumb\",\"itemListElement\":[{\"@type\":\"ListItem\",\"position\":1,\"name\":\"aff\u00e4r\",\"item\":\"https:\\\/\\\/medicinasinc.com\\\/se\\\/affar\\\/\"},{\"@type\":\"ListItem\",\"position\":2,\"name\":\"K\u00f6p Cherry Gorilla Glue\"}]},{\"@type\":\"WebSite\",\"@id\":\"https:\\\/\\\/medicinasinc.com\\\/se\\\/#website\",\"url\":\"https:\\\/\\\/medicinasinc.com\\\/se\\\/\",\"name\":\"Medicinas Inc\",\"description\":\"Health Medical Clinic\",\"potentialAction\":[{\"@type\":\"SearchAction\",\"target\":{\"@type\":\"EntryPoint\",\"urlTemplate\":\"https:\\\/\\\/medicinasinc.com\\\/se\\\/?s={search_term_string}\"},\"query-input\":{\"@type\":\"PropertyValueSpecification\",\"valueRequired\":true,\"valueName\":\"search_term_string\"}}],\"inLanguage\":\"sv-SE\"}]}<\/script>\n<!-- \/ Yoast SEO plugin. -->","yoast_head_json":{"title":"K\u00f6p Cherry Gorilla Glue - aka Cherry Gorilla Glue - Best Global Meds","description":"K\u00f6p aka Cherry Gorilla Glue Marijuana Online till b\u00e4sta marknadspris. Alla v\u00e5ra produkter \u00e4r gjorda av rena naturliga ingredienser fria fr\u00e5n THC. Best\u00e4ll online nu!","robots":{"index":"index","follow":"follow","max-snippet":"max-snippet:-1","max-image-preview":"max-image-preview:large","max-video-preview":"max-video-preview:-1"},"canonical":"https:\/\/medicinasinc.com\/se\/product\/kop-korsbar-gorilla-lim\/","og_locale":"sv_SE","og_type":"article","og_title":"K\u00f6p Cherry Gorilla Glue - aka Cherry Gorilla Glue - Best Global Meds","og_description":"K\u00f6p aka Cherry Gorilla Glue Marijuana Online till b\u00e4sta marknadspris. Alla v\u00e5ra produkter \u00e4r gjorda av rena naturliga ingredienser fria fr\u00e5n THC. Best\u00e4ll online nu!","og_url":"https:\/\/medicinasinc.com\/se\/product\/kop-korsbar-gorilla-lim\/","og_site_name":"Medicinas Inc","article_modified_time":"2022-07-03T23:43:03+00:00","og_image":[{"width":1080,"height":1080,"url":"https:\/\/medicinasinc.com\/se\/wp-content\/uploads\/sites\/16\/2022\/02\/Buy-Cherry-Gorilla-Marijuana.jpg","type":"image\/jpeg"}],"twitter_card":"summary_large_image","twitter_misc":{"Ber\u00e4knad l\u00e4stid":"1 minut"},"schema":{"@context":"https:\/\/schema.org","@graph":[{"@type":"WebPage","@id":"https:\/\/medicinasinc.com\/se\/product\/kop-korsbar-gorilla-lim\/","url":"https:\/\/medicinasinc.com\/se\/product\/kop-korsbar-gorilla-lim\/","name":"K\u00f6p Cherry Gorilla Glue - aka Cherry Gorilla Glue - Best Global Meds","isPartOf":{"@id":"https:\/\/medicinasinc.com\/se\/#website"},"primaryImageOfPage":{"@id":"https:\/\/medicinasinc.com\/se\/product\/kop-korsbar-gorilla-lim\/#primaryimage"},"image":{"@id":"https:\/\/medicinasinc.com\/se\/product\/kop-korsbar-gorilla-lim\/#primaryimage"},"thumbnailUrl":"https:\/\/medicinasinc.com\/se\/wp-content\/uploads\/sites\/16\/2022\/02\/Buy-Cherry-Gorilla-Marijuana.jpg","datePublished":"2022-02-20T20:12:04+00:00","dateModified":"2022-07-03T23:43:03+00:00","description":"K\u00f6p aka Cherry Gorilla Glue Marijuana Online till b\u00e4sta marknadspris. Alla v\u00e5ra produkter \u00e4r gjorda av rena naturliga ingredienser fria fr\u00e5n THC. Best\u00e4ll online nu!","breadcrumb":{"@id":"https:\/\/medicinasinc.com\/se\/product\/kop-korsbar-gorilla-lim\/#breadcrumb"},"inLanguage":"sv-SE","potentialAction":[{"@type":"ReadAction","target":["https:\/\/medicinasinc.com\/se\/product\/kop-korsbar-gorilla-lim\/"]}]},{"@type":"ImageObject","inLanguage":"sv-SE","@id":"https:\/\/medicinasinc.com\/se\/product\/kop-korsbar-gorilla-lim\/#primaryimage","url":"https:\/\/medicinasinc.com\/se\/wp-content\/uploads\/sites\/16\/2022\/02\/Buy-Cherry-Gorilla-Marijuana.jpg","contentUrl":"https:\/\/medicinasinc.com\/se\/wp-content\/uploads\/sites\/16\/2022\/02\/Buy-Cherry-Gorilla-Marijuana.jpg","width":1080,"height":1080},{"@type":"BreadcrumbList","@id":"https:\/\/medicinasinc.com\/se\/product\/kop-korsbar-gorilla-lim\/#breadcrumb","itemListElement":[{"@type":"ListItem","position":1,"name":"aff\u00e4r","item":"https:\/\/medicinasinc.com\/se\/affar\/"},{"@type":"ListItem","position":2,"name":"K\u00f6p Cherry Gorilla Glue"}]},{"@type":"WebSite","@id":"https:\/\/medicinasinc.com\/se\/#website","url":"https:\/\/medicinasinc.com\/se\/","name":"Medicinas Inc","description":"Health Medical Clinic","potentialAction":[{"@type":"SearchAction","target":{"@type":"EntryPoint","urlTemplate":"https:\/\/medicinasinc.com\/se\/?s={search_term_string}"},"query-input":{"@type":"PropertyValueSpecification","valueRequired":true,"valueName":"search_term_string"}}],"inLanguage":"sv-SE"}]}},"_links":{"self":[{"href":"https:\/\/medicinasinc.com\/se\/wp-json\/wp\/v2\/product\/5093","targetHints":{"allow":["GET"]}}],"collection":[{"href":"https:\/\/medicinasinc.com\/se\/wp-json\/wp\/v2\/product"}],"about":[{"href":"https:\/\/medicinasinc.com\/se\/wp-json\/wp\/v2\/types\/product"}],"replies":[{"embeddable":true,"href":"https:\/\/medicinasinc.com\/se\/wp-json\/wp\/v2\/comments?post=5093"}],"wp:featuredmedia":[{"embeddable":true,"href":"https:\/\/medicinasinc.com\/se\/wp-json\/wp\/v2\/media\/5109"}],"wp:attachment":[{"href":"https:\/\/medicinasinc.com\/se\/wp-json\/wp\/v2\/media?parent=5093"}],"wp:term":[{"taxonomy":"product_brand","embeddable":true,"href":"https:\/\/medicinasinc.com\/se\/wp-json\/wp\/v2\/product_brand?post=5093"},{"taxonomy":"product_cat","embeddable":true,"href":"https:\/\/medicinasinc.com\/se\/wp-json\/wp\/v2\/product_cat?post=5093"},{"taxonomy":"product_tag","embeddable":true,"href":"https:\/\/medicinasinc.com\/se\/wp-json\/wp\/v2\/product_tag?post=5093"}],"curies":[{"name":"wp","href":"https:\/\/api.w.org\/{rel}","templated":true}]}}