{"id":5070,"date":"2022-02-20T19:52:54","date_gmt":"2022-02-20T19:52:54","guid":{"rendered":"https:\/\/medicinasinc.com\/se\/?post_type=product&#038;p=5070"},"modified":"2022-07-03T23:43:15","modified_gmt":"2022-07-03T23:43:15","slug":"kop-super-sur-skunk","status":"publish","type":"product","link":"https:\/\/medicinasinc.com\/se\/product\/kop-super-sur-skunk\/","title":{"rendered":"K\u00f6p Super Sour Skunk"},"content":{"rendered":"<h1 class=\"product_title entry-title\">K\u00f6p Super Sour Skunk Marijuana online Specifikationer f\u00f6r Super Sour Diesel Autoflower-stammen<\/h1>\n<p>Typ: Sativa Dominant<br \/> Genetik F\u00f6r\u00e4ldrar: Sour Diesel X Super Silver Haze<br \/> Blomningsperiod: 9 till 11 veckor<br \/> Klimat: Soligt \/ Medelhavet<br \/> Avkastning: 315g\/m\u00b2 inomhus \/ 370g\/v\u00e4xt utomhus<br \/> Smaker: Kryddig, Syrlig, Diesel, Pungent, Jordn\u00e4ra <br \/> THC-niv\u00e5: 18%-24%<br \/> CBD-niv\u00e5: 1%<br \/> L\u00e4ngd: L\u00e5ng<br \/> Sk\u00f6rdeperiod: Sent-oktober<br \/> V\u00e4xande sv\u00e5righetsgrad: M\u00e5ttlig<\/p>\n<div class=\"product-next-previous\">\n<div class=\"product-prev\"><\/div><\/div>\n","protected":false},"excerpt":{"rendered":"<p>Super Sour Skunk Marijuana till salu i Storbritannien och Europa till b\u00e4sta pris. Vi tillhandah\u00e5ller s\u00e4ker och s\u00e4ker internationell leverans.<\/p>\n<p>K\u00f6p Super Sour Skunk i ditt omr\u00e5de. G\u00f6r en best\u00e4llning online. Avh\u00e4mtning eller leverans samma dag.<\/p>\n<p>K\u00f6p Dispensary Packaging Novelty Super Sour Skunk Cali Tuna Tenn Etiketter. Vi har 1000 i lager och redo att skickas. Dessutom finns anpassade Cali-designer tillg\u00e4ngliga.<\/p>\n<p>.<\/p>\n","protected":false},"featured_media":5089,"comment_status":"open","ping_status":"closed","template":"","meta":[],"product_brand":[],"product_cat":[778],"product_tag":[1033,1035,1036,1037,1039,1040,1034,1038],"class_list":{"0":"post-5070","1":"product","2":"type-product","3":"status-publish","4":"has-post-thumbnail","6":"product_cat-ogras-till-salu","7":"product_tag-sur-skunk-auto","8":"product_tag-sour-skunk-og-strain","9":"product_tag-sour-skunk-strain-allbud","10":"product_tag-sour-skunk-strain-indica-or-sativa","11":"product_tag-super-skunk","12":"product_tag-super-sur-skunk-stam","13":"product_tag-sur-skunk-cbd","14":"product_tag-sur-skunk-stam-blad","16":"first","17":"instock","18":"shipping-taxable","19":"purchasable","20":"product-type-variable","21":"has-default-attributes"},"yoast_head":"<!-- This site is optimized with the Yoast SEO plugin v27.3 - https:\/\/yoast.com\/product\/yoast-seo-wordpress\/ -->\n<title>K\u00f6p Super Sour Skunk Marijuana online - B\u00e4sta b\u00e4sta globala medicinerna<\/title>\n<meta name=\"description\" content=\"K\u00f6p Super Sour Skunk Marijuana till salu Storbritannien, Europa online till b\u00e4sta pris. Vi garanterar s\u00e4ker och s\u00e4ker frakt \u00f6ver hela v\u00e4rlden\" \/>\n<meta name=\"robots\" content=\"index, follow, max-snippet:-1, max-image-preview:large, max-video-preview:-1\" \/>\n<link rel=\"canonical\" href=\"https:\/\/medicinasinc.com\/se\/product\/kop-super-sur-skunk\/\" \/>\n<meta property=\"og:locale\" content=\"sv_SE\" \/>\n<meta property=\"og:type\" content=\"article\" \/>\n<meta property=\"og:title\" content=\"K\u00f6p Super Sour Skunk Marijuana online - B\u00e4sta b\u00e4sta globala medicinerna\" \/>\n<meta property=\"og:description\" content=\"K\u00f6p Super Sour Skunk Marijuana till salu Storbritannien, Europa online till b\u00e4sta pris. Vi garanterar s\u00e4ker och s\u00e4ker frakt \u00f6ver hela v\u00e4rlden\" \/>\n<meta property=\"og:url\" content=\"https:\/\/medicinasinc.com\/se\/product\/kop-super-sur-skunk\/\" \/>\n<meta property=\"og:site_name\" content=\"Medicinas Inc\" \/>\n<meta property=\"article:modified_time\" content=\"2022-07-03T23:43:15+00:00\" \/>\n<meta property=\"og:image\" content=\"https:\/\/medicinasinc.com\/se\/wp-content\/uploads\/sites\/16\/2022\/02\/Buy-Super-Sour-Skunk.jpg\" \/>\n\t<meta property=\"og:image:width\" content=\"667\" \/>\n\t<meta property=\"og:image:height\" content=\"1000\" \/>\n\t<meta property=\"og:image:type\" content=\"image\/jpeg\" \/>\n<meta name=\"twitter:card\" content=\"summary_large_image\" \/>\n<meta name=\"twitter:label1\" content=\"Ber\u00e4knad l\u00e4stid\" \/>\n\t<meta name=\"twitter:data1\" content=\"1 minut\" \/>\n<script type=\"application\/ld+json\" class=\"yoast-schema-graph\">{\"@context\":\"https:\\\/\\\/schema.org\",\"@graph\":[{\"@type\":\"WebPage\",\"@id\":\"https:\\\/\\\/medicinasinc.com\\\/se\\\/product\\\/kop-super-sur-skunk\\\/\",\"url\":\"https:\\\/\\\/medicinasinc.com\\\/se\\\/product\\\/kop-super-sur-skunk\\\/\",\"name\":\"K\u00f6p Super Sour Skunk Marijuana online - B\u00e4sta b\u00e4sta globala medicinerna\",\"isPartOf\":{\"@id\":\"https:\\\/\\\/medicinasinc.com\\\/se\\\/#website\"},\"primaryImageOfPage\":{\"@id\":\"https:\\\/\\\/medicinasinc.com\\\/se\\\/product\\\/kop-super-sur-skunk\\\/#primaryimage\"},\"image\":{\"@id\":\"https:\\\/\\\/medicinasinc.com\\\/se\\\/product\\\/kop-super-sur-skunk\\\/#primaryimage\"},\"thumbnailUrl\":\"https:\\\/\\\/medicinasinc.com\\\/se\\\/wp-content\\\/uploads\\\/sites\\\/16\\\/2022\\\/02\\\/Buy-Super-Sour-Skunk.jpg\",\"datePublished\":\"2022-02-20T19:52:54+00:00\",\"dateModified\":\"2022-07-03T23:43:15+00:00\",\"description\":\"K\u00f6p Super Sour Skunk Marijuana till salu Storbritannien, Europa online till b\u00e4sta pris. Vi garanterar s\u00e4ker och s\u00e4ker frakt \u00f6ver hela v\u00e4rlden\",\"breadcrumb\":{\"@id\":\"https:\\\/\\\/medicinasinc.com\\\/se\\\/product\\\/kop-super-sur-skunk\\\/#breadcrumb\"},\"inLanguage\":\"sv-SE\",\"potentialAction\":[{\"@type\":\"ReadAction\",\"target\":[\"https:\\\/\\\/medicinasinc.com\\\/se\\\/product\\\/kop-super-sur-skunk\\\/\"]}]},{\"@type\":\"ImageObject\",\"inLanguage\":\"sv-SE\",\"@id\":\"https:\\\/\\\/medicinasinc.com\\\/se\\\/product\\\/kop-super-sur-skunk\\\/#primaryimage\",\"url\":\"https:\\\/\\\/medicinasinc.com\\\/se\\\/wp-content\\\/uploads\\\/sites\\\/16\\\/2022\\\/02\\\/Buy-Super-Sour-Skunk.jpg\",\"contentUrl\":\"https:\\\/\\\/medicinasinc.com\\\/se\\\/wp-content\\\/uploads\\\/sites\\\/16\\\/2022\\\/02\\\/Buy-Super-Sour-Skunk.jpg\",\"width\":667,\"height\":1000},{\"@type\":\"BreadcrumbList\",\"@id\":\"https:\\\/\\\/medicinasinc.com\\\/se\\\/product\\\/kop-super-sur-skunk\\\/#breadcrumb\",\"itemListElement\":[{\"@type\":\"ListItem\",\"position\":1,\"name\":\"aff\u00e4r\",\"item\":\"https:\\\/\\\/medicinasinc.com\\\/se\\\/affar\\\/\"},{\"@type\":\"ListItem\",\"position\":2,\"name\":\"K\u00f6p Super Sour Skunk\"}]},{\"@type\":\"WebSite\",\"@id\":\"https:\\\/\\\/medicinasinc.com\\\/se\\\/#website\",\"url\":\"https:\\\/\\\/medicinasinc.com\\\/se\\\/\",\"name\":\"Medicinas Inc\",\"description\":\"Health Medical Clinic\",\"potentialAction\":[{\"@type\":\"SearchAction\",\"target\":{\"@type\":\"EntryPoint\",\"urlTemplate\":\"https:\\\/\\\/medicinasinc.com\\\/se\\\/?s={search_term_string}\"},\"query-input\":{\"@type\":\"PropertyValueSpecification\",\"valueRequired\":true,\"valueName\":\"search_term_string\"}}],\"inLanguage\":\"sv-SE\"}]}<\/script>\n<!-- \/ Yoast SEO plugin. -->","yoast_head_json":{"title":"K\u00f6p Super Sour Skunk Marijuana online - B\u00e4sta b\u00e4sta globala medicinerna","description":"K\u00f6p Super Sour Skunk Marijuana till salu Storbritannien, Europa online till b\u00e4sta pris. Vi garanterar s\u00e4ker och s\u00e4ker frakt \u00f6ver hela v\u00e4rlden","robots":{"index":"index","follow":"follow","max-snippet":"max-snippet:-1","max-image-preview":"max-image-preview:large","max-video-preview":"max-video-preview:-1"},"canonical":"https:\/\/medicinasinc.com\/se\/product\/kop-super-sur-skunk\/","og_locale":"sv_SE","og_type":"article","og_title":"K\u00f6p Super Sour Skunk Marijuana online - B\u00e4sta b\u00e4sta globala medicinerna","og_description":"K\u00f6p Super Sour Skunk Marijuana till salu Storbritannien, Europa online till b\u00e4sta pris. Vi garanterar s\u00e4ker och s\u00e4ker frakt \u00f6ver hela v\u00e4rlden","og_url":"https:\/\/medicinasinc.com\/se\/product\/kop-super-sur-skunk\/","og_site_name":"Medicinas Inc","article_modified_time":"2022-07-03T23:43:15+00:00","og_image":[{"width":667,"height":1000,"url":"https:\/\/medicinasinc.com\/se\/wp-content\/uploads\/sites\/16\/2022\/02\/Buy-Super-Sour-Skunk.jpg","type":"image\/jpeg"}],"twitter_card":"summary_large_image","twitter_misc":{"Ber\u00e4knad l\u00e4stid":"1 minut"},"schema":{"@context":"https:\/\/schema.org","@graph":[{"@type":"WebPage","@id":"https:\/\/medicinasinc.com\/se\/product\/kop-super-sur-skunk\/","url":"https:\/\/medicinasinc.com\/se\/product\/kop-super-sur-skunk\/","name":"K\u00f6p Super Sour Skunk Marijuana online - B\u00e4sta b\u00e4sta globala medicinerna","isPartOf":{"@id":"https:\/\/medicinasinc.com\/se\/#website"},"primaryImageOfPage":{"@id":"https:\/\/medicinasinc.com\/se\/product\/kop-super-sur-skunk\/#primaryimage"},"image":{"@id":"https:\/\/medicinasinc.com\/se\/product\/kop-super-sur-skunk\/#primaryimage"},"thumbnailUrl":"https:\/\/medicinasinc.com\/se\/wp-content\/uploads\/sites\/16\/2022\/02\/Buy-Super-Sour-Skunk.jpg","datePublished":"2022-02-20T19:52:54+00:00","dateModified":"2022-07-03T23:43:15+00:00","description":"K\u00f6p Super Sour Skunk Marijuana till salu Storbritannien, Europa online till b\u00e4sta pris. Vi garanterar s\u00e4ker och s\u00e4ker frakt \u00f6ver hela v\u00e4rlden","breadcrumb":{"@id":"https:\/\/medicinasinc.com\/se\/product\/kop-super-sur-skunk\/#breadcrumb"},"inLanguage":"sv-SE","potentialAction":[{"@type":"ReadAction","target":["https:\/\/medicinasinc.com\/se\/product\/kop-super-sur-skunk\/"]}]},{"@type":"ImageObject","inLanguage":"sv-SE","@id":"https:\/\/medicinasinc.com\/se\/product\/kop-super-sur-skunk\/#primaryimage","url":"https:\/\/medicinasinc.com\/se\/wp-content\/uploads\/sites\/16\/2022\/02\/Buy-Super-Sour-Skunk.jpg","contentUrl":"https:\/\/medicinasinc.com\/se\/wp-content\/uploads\/sites\/16\/2022\/02\/Buy-Super-Sour-Skunk.jpg","width":667,"height":1000},{"@type":"BreadcrumbList","@id":"https:\/\/medicinasinc.com\/se\/product\/kop-super-sur-skunk\/#breadcrumb","itemListElement":[{"@type":"ListItem","position":1,"name":"aff\u00e4r","item":"https:\/\/medicinasinc.com\/se\/affar\/"},{"@type":"ListItem","position":2,"name":"K\u00f6p Super Sour Skunk"}]},{"@type":"WebSite","@id":"https:\/\/medicinasinc.com\/se\/#website","url":"https:\/\/medicinasinc.com\/se\/","name":"Medicinas Inc","description":"Health Medical Clinic","potentialAction":[{"@type":"SearchAction","target":{"@type":"EntryPoint","urlTemplate":"https:\/\/medicinasinc.com\/se\/?s={search_term_string}"},"query-input":{"@type":"PropertyValueSpecification","valueRequired":true,"valueName":"search_term_string"}}],"inLanguage":"sv-SE"}]}},"_links":{"self":[{"href":"https:\/\/medicinasinc.com\/se\/wp-json\/wp\/v2\/product\/5070","targetHints":{"allow":["GET"]}}],"collection":[{"href":"https:\/\/medicinasinc.com\/se\/wp-json\/wp\/v2\/product"}],"about":[{"href":"https:\/\/medicinasinc.com\/se\/wp-json\/wp\/v2\/types\/product"}],"replies":[{"embeddable":true,"href":"https:\/\/medicinasinc.com\/se\/wp-json\/wp\/v2\/comments?post=5070"}],"wp:featuredmedia":[{"embeddable":true,"href":"https:\/\/medicinasinc.com\/se\/wp-json\/wp\/v2\/media\/5089"}],"wp:attachment":[{"href":"https:\/\/medicinasinc.com\/se\/wp-json\/wp\/v2\/media?parent=5070"}],"wp:term":[{"taxonomy":"product_brand","embeddable":true,"href":"https:\/\/medicinasinc.com\/se\/wp-json\/wp\/v2\/product_brand?post=5070"},{"taxonomy":"product_cat","embeddable":true,"href":"https:\/\/medicinasinc.com\/se\/wp-json\/wp\/v2\/product_cat?post=5070"},{"taxonomy":"product_tag","embeddable":true,"href":"https:\/\/medicinasinc.com\/se\/wp-json\/wp\/v2\/product_tag?post=5070"}],"curies":[{"name":"wp","href":"https:\/\/api.w.org\/{rel}","templated":true}]}}