{"id":5069,"date":"2022-02-20T19:51:48","date_gmt":"2022-02-20T19:51:48","guid":{"rendered":"https:\/\/medicinasinc.com\/se\/?post_type=product&#038;p=5069"},"modified":"2022-07-03T23:43:25","modified_gmt":"2022-07-03T23:43:25","slug":"kop-super-sur-diesel","status":"publish","type":"product","link":"https:\/\/medicinasinc.com\/se\/product\/kop-super-sur-diesel\/","title":{"rendered":"K\u00f6p Super Sour Diesel"},"content":{"rendered":"<p>Marijuana Super Sour Diesel till salu online.<\/p>\n<p>Marijuana Super Sour Diesel till salu online.<\/p>\n<p>Sativa THC-inneh\u00e5llet i supersur diesel marijuana \u00e4r mellan 18 och 24 procent.<\/p>\n<p>Effekter<br \/> Cerebral, Energigivande, Eufori, Happy<br \/> Kan lindra<br \/> ADD\/ADHD, kronisk sm\u00e4rta, depression, \u00f6gontryck, tr\u00f6tthet, fibromyalgi, aptitl\u00f6shet, migr\u00e4n, Stress<br \/> Smaker<br \/> Citrus, Diesel, Kryddig, S\u00f6t<br \/> Aromer<br \/> Diesel, \u00d6rt, Stick, Syrlig, Kryddig<\/p>\n","protected":false},"excerpt":{"rendered":"<div class=\"woocommerce-product-details__short-description\">\n<p>Super Sour Diesel AAAA \u00e4r en marijuana-stam som skapats genom att korsa Super Silver Haze med Sour Diesel.<\/p>\n<p>Marijuana Super Sour Diesel till salu online. <\/p>\n<p>K\u00f6p\u00a0Weed\u00a0online. Marijuana till salu. K\u00f6p medicinska marijuana- och cannabisstammar av h\u00f6g kvalitet online.<\/p>\n<\/p><\/div>\n","protected":false},"featured_media":5087,"comment_status":"open","ping_status":"closed","template":"","meta":[],"product_brand":[],"product_cat":[778],"product_tag":[1029,1030,1031,1032,1025,1026,1027,1028],"class_list":{"0":"post-5069","1":"product","2":"type-product","3":"status-publish","4":"has-post-thumbnail","6":"product_cat-ogras-till-salu","7":"product_tag-super-sour-diesel-seeds","8":"product_tag-super-sour-diesel-strain","9":"product_tag-super-sour-diesel-terpenes","10":"product_tag-super-sour-diesel-vs-sour-diesel","11":"product_tag-super-sur-diesel-allbud","12":"product_tag-super-p-diesel-cbd","13":"product_tag-super-sur-diesel-effekter","14":"product_tag-super-p-diesel-tagen","16":"first","17":"instock","18":"shipping-taxable","19":"purchasable","20":"product-type-variable","21":"has-default-attributes"},"yoast_head":"<!-- This site is optimized with the Yoast SEO plugin v27.3 - https:\/\/yoast.com\/product\/yoast-seo-wordpress\/ -->\n<title>K\u00f6p Super Sour Diesel - B\u00e4sta b\u00e4sta globala medicinerna<\/title>\n<meta name=\"description\" content=\"K\u00f6p Super Sour Diesel AAAA till salu p\u00e5 b\u00e4sta medicinska rekreationsdispens\u00e4r, marijuana-stam gjord genom att korsa Super Silver Haze med Sour Diesel.\" \/>\n<meta name=\"robots\" content=\"index, follow, max-snippet:-1, max-image-preview:large, max-video-preview:-1\" \/>\n<link rel=\"canonical\" href=\"https:\/\/medicinasinc.com\/se\/product\/kop-super-sur-diesel\/\" \/>\n<meta property=\"og:locale\" content=\"sv_SE\" \/>\n<meta property=\"og:type\" content=\"article\" \/>\n<meta property=\"og:title\" content=\"K\u00f6p Super Sour Diesel - B\u00e4sta b\u00e4sta globala medicinerna\" \/>\n<meta property=\"og:description\" content=\"K\u00f6p Super Sour Diesel AAAA till salu p\u00e5 b\u00e4sta medicinska rekreationsdispens\u00e4r, marijuana-stam gjord genom att korsa Super Silver Haze med Sour Diesel.\" \/>\n<meta property=\"og:url\" content=\"https:\/\/medicinasinc.com\/se\/product\/kop-super-sur-diesel\/\" \/>\n<meta property=\"og:site_name\" content=\"Medicinas Inc\" \/>\n<meta property=\"article:modified_time\" content=\"2022-07-03T23:43:25+00:00\" \/>\n<meta property=\"og:image\" content=\"https:\/\/medicinasinc.com\/se\/wp-content\/uploads\/sites\/16\/2022\/02\/Buy-Super-Sour-Diesel-scaled-1.jpg\" \/>\n\t<meta property=\"og:image:width\" content=\"1920\" \/>\n\t<meta property=\"og:image:height\" content=\"2560\" \/>\n\t<meta property=\"og:image:type\" content=\"image\/jpeg\" \/>\n<meta name=\"twitter:card\" content=\"summary_large_image\" \/>\n<meta name=\"twitter:label1\" content=\"Ber\u00e4knad l\u00e4stid\" \/>\n\t<meta name=\"twitter:data1\" content=\"1 minut\" \/>\n<script type=\"application\/ld+json\" class=\"yoast-schema-graph\">{\"@context\":\"https:\\\/\\\/schema.org\",\"@graph\":[{\"@type\":\"WebPage\",\"@id\":\"https:\\\/\\\/medicinasinc.com\\\/se\\\/product\\\/kop-super-sur-diesel\\\/\",\"url\":\"https:\\\/\\\/medicinasinc.com\\\/se\\\/product\\\/kop-super-sur-diesel\\\/\",\"name\":\"K\u00f6p Super Sour Diesel - B\u00e4sta b\u00e4sta globala medicinerna\",\"isPartOf\":{\"@id\":\"https:\\\/\\\/medicinasinc.com\\\/se\\\/#website\"},\"primaryImageOfPage\":{\"@id\":\"https:\\\/\\\/medicinasinc.com\\\/se\\\/product\\\/kop-super-sur-diesel\\\/#primaryimage\"},\"image\":{\"@id\":\"https:\\\/\\\/medicinasinc.com\\\/se\\\/product\\\/kop-super-sur-diesel\\\/#primaryimage\"},\"thumbnailUrl\":\"https:\\\/\\\/medicinasinc.com\\\/se\\\/wp-content\\\/uploads\\\/sites\\\/16\\\/2022\\\/02\\\/Buy-Super-Sour-Diesel-scaled-1.jpg\",\"datePublished\":\"2022-02-20T19:51:48+00:00\",\"dateModified\":\"2022-07-03T23:43:25+00:00\",\"description\":\"K\u00f6p Super Sour Diesel AAAA till salu p\u00e5 b\u00e4sta medicinska rekreationsdispens\u00e4r, marijuana-stam gjord genom att korsa Super Silver Haze med Sour Diesel.\",\"breadcrumb\":{\"@id\":\"https:\\\/\\\/medicinasinc.com\\\/se\\\/product\\\/kop-super-sur-diesel\\\/#breadcrumb\"},\"inLanguage\":\"sv-SE\",\"potentialAction\":[{\"@type\":\"ReadAction\",\"target\":[\"https:\\\/\\\/medicinasinc.com\\\/se\\\/product\\\/kop-super-sur-diesel\\\/\"]}]},{\"@type\":\"ImageObject\",\"inLanguage\":\"sv-SE\",\"@id\":\"https:\\\/\\\/medicinasinc.com\\\/se\\\/product\\\/kop-super-sur-diesel\\\/#primaryimage\",\"url\":\"https:\\\/\\\/medicinasinc.com\\\/se\\\/wp-content\\\/uploads\\\/sites\\\/16\\\/2022\\\/02\\\/Buy-Super-Sour-Diesel-scaled-1.jpg\",\"contentUrl\":\"https:\\\/\\\/medicinasinc.com\\\/se\\\/wp-content\\\/uploads\\\/sites\\\/16\\\/2022\\\/02\\\/Buy-Super-Sour-Diesel-scaled-1.jpg\",\"width\":1920,\"height\":2560},{\"@type\":\"BreadcrumbList\",\"@id\":\"https:\\\/\\\/medicinasinc.com\\\/se\\\/product\\\/kop-super-sur-diesel\\\/#breadcrumb\",\"itemListElement\":[{\"@type\":\"ListItem\",\"position\":1,\"name\":\"aff\u00e4r\",\"item\":\"https:\\\/\\\/medicinasinc.com\\\/se\\\/affar\\\/\"},{\"@type\":\"ListItem\",\"position\":2,\"name\":\"K\u00f6p Super Sour Diesel\"}]},{\"@type\":\"WebSite\",\"@id\":\"https:\\\/\\\/medicinasinc.com\\\/se\\\/#website\",\"url\":\"https:\\\/\\\/medicinasinc.com\\\/se\\\/\",\"name\":\"Medicinas Inc\",\"description\":\"Health Medical Clinic\",\"potentialAction\":[{\"@type\":\"SearchAction\",\"target\":{\"@type\":\"EntryPoint\",\"urlTemplate\":\"https:\\\/\\\/medicinasinc.com\\\/se\\\/?s={search_term_string}\"},\"query-input\":{\"@type\":\"PropertyValueSpecification\",\"valueRequired\":true,\"valueName\":\"search_term_string\"}}],\"inLanguage\":\"sv-SE\"}]}<\/script>\n<!-- \/ Yoast SEO plugin. -->","yoast_head_json":{"title":"K\u00f6p Super Sour Diesel - B\u00e4sta b\u00e4sta globala medicinerna","description":"K\u00f6p Super Sour Diesel AAAA till salu p\u00e5 b\u00e4sta medicinska rekreationsdispens\u00e4r, marijuana-stam gjord genom att korsa Super Silver Haze med Sour Diesel.","robots":{"index":"index","follow":"follow","max-snippet":"max-snippet:-1","max-image-preview":"max-image-preview:large","max-video-preview":"max-video-preview:-1"},"canonical":"https:\/\/medicinasinc.com\/se\/product\/kop-super-sur-diesel\/","og_locale":"sv_SE","og_type":"article","og_title":"K\u00f6p Super Sour Diesel - B\u00e4sta b\u00e4sta globala medicinerna","og_description":"K\u00f6p Super Sour Diesel AAAA till salu p\u00e5 b\u00e4sta medicinska rekreationsdispens\u00e4r, marijuana-stam gjord genom att korsa Super Silver Haze med Sour Diesel.","og_url":"https:\/\/medicinasinc.com\/se\/product\/kop-super-sur-diesel\/","og_site_name":"Medicinas Inc","article_modified_time":"2022-07-03T23:43:25+00:00","og_image":[{"width":1920,"height":2560,"url":"https:\/\/medicinasinc.com\/se\/wp-content\/uploads\/sites\/16\/2022\/02\/Buy-Super-Sour-Diesel-scaled-1.jpg","type":"image\/jpeg"}],"twitter_card":"summary_large_image","twitter_misc":{"Ber\u00e4knad l\u00e4stid":"1 minut"},"schema":{"@context":"https:\/\/schema.org","@graph":[{"@type":"WebPage","@id":"https:\/\/medicinasinc.com\/se\/product\/kop-super-sur-diesel\/","url":"https:\/\/medicinasinc.com\/se\/product\/kop-super-sur-diesel\/","name":"K\u00f6p Super Sour Diesel - B\u00e4sta b\u00e4sta globala medicinerna","isPartOf":{"@id":"https:\/\/medicinasinc.com\/se\/#website"},"primaryImageOfPage":{"@id":"https:\/\/medicinasinc.com\/se\/product\/kop-super-sur-diesel\/#primaryimage"},"image":{"@id":"https:\/\/medicinasinc.com\/se\/product\/kop-super-sur-diesel\/#primaryimage"},"thumbnailUrl":"https:\/\/medicinasinc.com\/se\/wp-content\/uploads\/sites\/16\/2022\/02\/Buy-Super-Sour-Diesel-scaled-1.jpg","datePublished":"2022-02-20T19:51:48+00:00","dateModified":"2022-07-03T23:43:25+00:00","description":"K\u00f6p Super Sour Diesel AAAA till salu p\u00e5 b\u00e4sta medicinska rekreationsdispens\u00e4r, marijuana-stam gjord genom att korsa Super Silver Haze med Sour Diesel.","breadcrumb":{"@id":"https:\/\/medicinasinc.com\/se\/product\/kop-super-sur-diesel\/#breadcrumb"},"inLanguage":"sv-SE","potentialAction":[{"@type":"ReadAction","target":["https:\/\/medicinasinc.com\/se\/product\/kop-super-sur-diesel\/"]}]},{"@type":"ImageObject","inLanguage":"sv-SE","@id":"https:\/\/medicinasinc.com\/se\/product\/kop-super-sur-diesel\/#primaryimage","url":"https:\/\/medicinasinc.com\/se\/wp-content\/uploads\/sites\/16\/2022\/02\/Buy-Super-Sour-Diesel-scaled-1.jpg","contentUrl":"https:\/\/medicinasinc.com\/se\/wp-content\/uploads\/sites\/16\/2022\/02\/Buy-Super-Sour-Diesel-scaled-1.jpg","width":1920,"height":2560},{"@type":"BreadcrumbList","@id":"https:\/\/medicinasinc.com\/se\/product\/kop-super-sur-diesel\/#breadcrumb","itemListElement":[{"@type":"ListItem","position":1,"name":"aff\u00e4r","item":"https:\/\/medicinasinc.com\/se\/affar\/"},{"@type":"ListItem","position":2,"name":"K\u00f6p Super Sour Diesel"}]},{"@type":"WebSite","@id":"https:\/\/medicinasinc.com\/se\/#website","url":"https:\/\/medicinasinc.com\/se\/","name":"Medicinas Inc","description":"Health Medical Clinic","potentialAction":[{"@type":"SearchAction","target":{"@type":"EntryPoint","urlTemplate":"https:\/\/medicinasinc.com\/se\/?s={search_term_string}"},"query-input":{"@type":"PropertyValueSpecification","valueRequired":true,"valueName":"search_term_string"}}],"inLanguage":"sv-SE"}]}},"_links":{"self":[{"href":"https:\/\/medicinasinc.com\/se\/wp-json\/wp\/v2\/product\/5069","targetHints":{"allow":["GET"]}}],"collection":[{"href":"https:\/\/medicinasinc.com\/se\/wp-json\/wp\/v2\/product"}],"about":[{"href":"https:\/\/medicinasinc.com\/se\/wp-json\/wp\/v2\/types\/product"}],"replies":[{"embeddable":true,"href":"https:\/\/medicinasinc.com\/se\/wp-json\/wp\/v2\/comments?post=5069"}],"wp:featuredmedia":[{"embeddable":true,"href":"https:\/\/medicinasinc.com\/se\/wp-json\/wp\/v2\/media\/5087"}],"wp:attachment":[{"href":"https:\/\/medicinasinc.com\/se\/wp-json\/wp\/v2\/media?parent=5069"}],"wp:term":[{"taxonomy":"product_brand","embeddable":true,"href":"https:\/\/medicinasinc.com\/se\/wp-json\/wp\/v2\/product_brand?post=5069"},{"taxonomy":"product_cat","embeddable":true,"href":"https:\/\/medicinasinc.com\/se\/wp-json\/wp\/v2\/product_cat?post=5069"},{"taxonomy":"product_tag","embeddable":true,"href":"https:\/\/medicinasinc.com\/se\/wp-json\/wp\/v2\/product_tag?post=5069"}],"curies":[{"name":"wp","href":"https:\/\/api.w.org\/{rel}","templated":true}]}}