{"id":5068,"date":"2022-02-20T19:50:54","date_gmt":"2022-02-20T19:50:54","guid":{"rendered":"https:\/\/medicinasinc.com\/se\/?post_type=product&#038;p=5068"},"modified":"2022-07-03T23:43:37","modified_gmt":"2022-07-03T23:43:37","slug":"kop-super-citron-dis","status":"publish","type":"product","link":"https:\/\/medicinasinc.com\/se\/product\/kop-super-citron-dis\/","title":{"rendered":"K\u00f6p Super Lemon Haze"},"content":{"rendered":"<p>Onlinek\u00f6p av Super Lamon Haze<\/p>\n<p>Denna l\u00e4ckra citronstam \u00e4r en bra eftergivande stam som passar alla veterangrupper. Super Lemon Haze \u00e4r en av de mest popul\u00e4ra stammarna, s\u00e4rskilt bland indiska entusiaster, och har framg\u00e5ngsrikt omvandlat dem till sativa. Utan tvekan \u00e4r Super Lemon Haze unik. Denna Cannabis Cup-vinnare \u00e4r en korsning mellan Lemon Skunk och Super Silver Haze, vilket g\u00f6r den till en stamtavla och en av de b\u00e4sta sativa som finns idag. Du kan k\u00f6pa Super Lamon Haze online och hitta den till f\u00f6rs\u00e4ljning online. Denna sativa-dominanta hybrid lever verkligen upp till sitt namn, med en kraftfull limonisk arom som doftar otroligt. Super Lemon Haze b\u00f6rjar sakta men stadigt och bygger upp till en enorm euforisk h\u00f6jdpunkt som f\u00e5r dig att vilja hoppa fr\u00e5n stolen av sp\u00e4nning. Denna stam \u00e4r ocks\u00e5 en popul\u00e4r medicinsk version, eftersom den kan anv\u00e4ndas f\u00f6r att behandla en m\u00e4ngd olika \u00e5kommor.<\/p>\n<p>Effekter<\/p>\n<p>Alla dessa super-sativa-effekter \u00e4r energibaserade. Det prim\u00e4ra k\u00e4nnetecknet \u00e4r dock att det \u00e4r ett fantastiskt vardagsf\u00f6rs\u00f6k p\u00e5 grund av dess f\u00f6rm\u00e5ga att g\u00f6ra det effektivt och ibland innovativt. Super Lemon Haze kan lugna dig tillr\u00e4ckligt f\u00f6r att du ska m\u00e5 bra. Super Lemon Haze \u00e4r den perfekta f\u00f6ljeslagaren. Om du har en l\u00e5ng dag framf\u00f6r dig och beh\u00f6ver f\u00e5 saker gjorda ordentligt, \u00e4r denna sativa r\u00e4tt v\u00e4g att g\u00e5.<br \/> Du kommer att ha ett halvt kilo av denna ljuvliga knopp att h\u00e5lla alla i hallen, och en till att dra upp dig. Super Lemon Haze har ingen inverkan p\u00e5 nystartade f\u00f6retag. Dess effekt kan ge en behaglig cerebral high, vilket g\u00f6r att du kan t\u00e4nka tydligare och komma ih\u00e5g information som du annars skulle gl\u00f6mma. Dessutom tros detta tryck f\u00e5 dig att k\u00e4nna dig lite fr\u00e4sch, vilket \u00e4r perfekt f\u00f6r en romantisk natt. Doften: En doftande knopp ska framkalla bilder av citrusfrukter. Super Lemon Haze har en citrons\u00f6t smak med en hint av krydda och en extremt syrlig arom. Den s\u00f6ta citronsmaken balanseras av en touch av jordighet och krydda, vilket skapar en underbar upplevelse. Super Lemon Haze har en extremt behaglig lukt. Denna sativa har en behaglig, uppfriskande arom, och den citronaktiga jordigheten b\u00f6r dr\u00f6ja kvar p\u00e5 din tunga. Det \u00e4r som om du andas in en godisbit med en distinkt v\u00e4xtbaserad underton.<\/p>\n<p>Medicinska f\u00f6rdelar<\/p>\n<p>Super Lemon Haze rekommenderas f\u00f6r en m\u00e4ngd olika \u00e5kommor och symtom. Kronisk tr\u00f6tthet \u00e4r l\u00e4tt att bek\u00e4mpa med denna potenta stam p\u00e5 grund av dess f\u00f6rm\u00e5ga att ingjuta ett stabilt och f\u00f6rh\u00f6jt sinnestillst\u00e5nd som stimulerar dig att ens g\u00f6ra saker. Dessutom \u00e4r denna stam bra f\u00f6r att bek\u00e4mpa stress och sorg. Super Lemon Haze har f\u00f6rm\u00e5gan att behandla en m\u00e4ngd olika besv\u00e4r som \u00e4r f\u00f6rknippade med en livsstil med h\u00f6g stress, och den kan l\u00e4tt befria sig fr\u00e5n mindre v\u00e4rk och sm\u00e4rtor som migr\u00e4n, huvudv\u00e4rk, leder och muskelspasmer. Super Lemon Haze \u00e4r ett allsidigt, p\u00e5litligt sm\u00e4rtstillande medel som slappnar av och pirrar i kroppen och d\u00f6ljer alla andra fysiska problem som kan uppst\u00e5. Den upplyftande smaken och aromen bidrar till dess attraktionskraft, vilket g\u00f6r den njutbar \u00e4ven f\u00f6r m\u00e4nniskor som sannolikt inte kommer att anv\u00e4nda cannabis f\u00f6r att behandla sin sjukdom.<\/p>\n","protected":false},"excerpt":{"rendered":"<div class=\"woocommerce-product-details__short-description\">\n<p>K\u00f6p Super Lemon Haze marijuana i Storbritannien och Europa. Det \u00e4r en stark citrus och s\u00f6t Sativa-dominant hybrid. Denna blomma \u00e4r resultatet av en korsning mellan citronskunk och silverhaze.<\/p>\n<p>Onlinek\u00f6p av Super Lemon Haze Marijuana Stam.<\/p>\n<p>Super Lemon Haze \u00e4r en Sativa dominant hybrid &#8211; 80% Sativa \/ 20% Indica. Indica THC-inneh\u00e5ll \u00e4r 25%, CBD-inneh\u00e5ll \u00e4r 1% och CBN-inneh\u00e5ll \u00e4r 2%.<\/p>\n<\/p><\/div>\n","protected":false},"featured_media":5085,"comment_status":"open","ping_status":"closed","template":"","meta":[],"product_brand":[],"product_cat":[778],"product_tag":[1019,1020,486,1021,1022,1023,487,1024],"class_list":{"0":"post-5068","1":"product","2":"type-product","3":"status-publish","4":"has-post-thumbnail","6":"product_cat-ogras-till-salu","7":"product_tag-r-super-citron-haze-psykedelisk","8":"product_tag-citron-dis-frn-till-frsljning","9":"product_tag-super-citron-dis-pris","10":"product_tag-super-citron-haze-autoflower","11":"product_tag-super-citron-haze-autoflower-frn","12":"product_tag-super-lemon-haze-effects","13":"product_tag-super-citron-haze-frn","14":"product_tag-super-citron-haze-seeds-usa","16":"first","17":"instock","18":"shipping-taxable","19":"purchasable","20":"product-type-variable","21":"has-default-attributes"},"yoast_head":"<!-- This site is optimized with the Yoast SEO plugin v27.3 - https:\/\/yoast.com\/product\/yoast-seo-wordpress\/ -->\n<title>K\u00f6p Super Lemon Haze - Best Best Global Meds<\/title>\n<meta name=\"description\" content=\"K\u00f6p Super Lemon Haze marijuana stam Storbritannien, Europa stickande citrus och s\u00f6t Sativa-dominant hybrid. Denna blomma \u00e4r en korsning av citronskunk &amp; silver dis.\" \/>\n<meta name=\"robots\" content=\"index, follow, max-snippet:-1, max-image-preview:large, max-video-preview:-1\" \/>\n<link rel=\"canonical\" href=\"https:\/\/medicinasinc.com\/se\/product\/kop-super-citron-dis\/\" \/>\n<meta property=\"og:locale\" content=\"sv_SE\" \/>\n<meta property=\"og:type\" content=\"article\" \/>\n<meta property=\"og:title\" content=\"K\u00f6p Super Lemon Haze - Best Best Global Meds\" \/>\n<meta property=\"og:description\" content=\"K\u00f6p Super Lemon Haze marijuana stam Storbritannien, Europa stickande citrus och s\u00f6t Sativa-dominant hybrid. Denna blomma \u00e4r en korsning av citronskunk &amp; silver dis.\" \/>\n<meta property=\"og:url\" content=\"https:\/\/medicinasinc.com\/se\/product\/kop-super-citron-dis\/\" \/>\n<meta property=\"og:site_name\" content=\"Medicinas Inc\" \/>\n<meta property=\"article:modified_time\" content=\"2022-07-03T23:43:37+00:00\" \/>\n<meta property=\"og:image\" content=\"https:\/\/medicinasinc.com\/se\/wp-content\/uploads\/sites\/16\/2022\/02\/Buy-Super-Lemon-Haze.jpg\" \/>\n\t<meta property=\"og:image:width\" content=\"1080\" \/>\n\t<meta property=\"og:image:height\" content=\"1080\" \/>\n\t<meta property=\"og:image:type\" content=\"image\/jpeg\" \/>\n<meta name=\"twitter:card\" content=\"summary_large_image\" \/>\n<meta name=\"twitter:label1\" content=\"Ber\u00e4knad l\u00e4stid\" \/>\n\t<meta name=\"twitter:data1\" content=\"3 minuter\" \/>\n<script type=\"application\/ld+json\" class=\"yoast-schema-graph\">{\"@context\":\"https:\\\/\\\/schema.org\",\"@graph\":[{\"@type\":\"WebPage\",\"@id\":\"https:\\\/\\\/medicinasinc.com\\\/se\\\/product\\\/kop-super-citron-dis\\\/\",\"url\":\"https:\\\/\\\/medicinasinc.com\\\/se\\\/product\\\/kop-super-citron-dis\\\/\",\"name\":\"K\u00f6p Super Lemon Haze - Best Best Global Meds\",\"isPartOf\":{\"@id\":\"https:\\\/\\\/medicinasinc.com\\\/se\\\/#website\"},\"primaryImageOfPage\":{\"@id\":\"https:\\\/\\\/medicinasinc.com\\\/se\\\/product\\\/kop-super-citron-dis\\\/#primaryimage\"},\"image\":{\"@id\":\"https:\\\/\\\/medicinasinc.com\\\/se\\\/product\\\/kop-super-citron-dis\\\/#primaryimage\"},\"thumbnailUrl\":\"https:\\\/\\\/medicinasinc.com\\\/se\\\/wp-content\\\/uploads\\\/sites\\\/16\\\/2022\\\/02\\\/Buy-Super-Lemon-Haze.jpg\",\"datePublished\":\"2022-02-20T19:50:54+00:00\",\"dateModified\":\"2022-07-03T23:43:37+00:00\",\"description\":\"K\u00f6p Super Lemon Haze marijuana stam Storbritannien, Europa stickande citrus och s\u00f6t Sativa-dominant hybrid. Denna blomma \u00e4r en korsning av citronskunk &amp; silver dis.\",\"breadcrumb\":{\"@id\":\"https:\\\/\\\/medicinasinc.com\\\/se\\\/product\\\/kop-super-citron-dis\\\/#breadcrumb\"},\"inLanguage\":\"sv-SE\",\"potentialAction\":[{\"@type\":\"ReadAction\",\"target\":[\"https:\\\/\\\/medicinasinc.com\\\/se\\\/product\\\/kop-super-citron-dis\\\/\"]}]},{\"@type\":\"ImageObject\",\"inLanguage\":\"sv-SE\",\"@id\":\"https:\\\/\\\/medicinasinc.com\\\/se\\\/product\\\/kop-super-citron-dis\\\/#primaryimage\",\"url\":\"https:\\\/\\\/medicinasinc.com\\\/se\\\/wp-content\\\/uploads\\\/sites\\\/16\\\/2022\\\/02\\\/Buy-Super-Lemon-Haze.jpg\",\"contentUrl\":\"https:\\\/\\\/medicinasinc.com\\\/se\\\/wp-content\\\/uploads\\\/sites\\\/16\\\/2022\\\/02\\\/Buy-Super-Lemon-Haze.jpg\",\"width\":1080,\"height\":1080},{\"@type\":\"BreadcrumbList\",\"@id\":\"https:\\\/\\\/medicinasinc.com\\\/se\\\/product\\\/kop-super-citron-dis\\\/#breadcrumb\",\"itemListElement\":[{\"@type\":\"ListItem\",\"position\":1,\"name\":\"aff\u00e4r\",\"item\":\"https:\\\/\\\/medicinasinc.com\\\/se\\\/affar\\\/\"},{\"@type\":\"ListItem\",\"position\":2,\"name\":\"K\u00f6p Super Lemon Haze\"}]},{\"@type\":\"WebSite\",\"@id\":\"https:\\\/\\\/medicinasinc.com\\\/se\\\/#website\",\"url\":\"https:\\\/\\\/medicinasinc.com\\\/se\\\/\",\"name\":\"Medicinas Inc\",\"description\":\"Health Medical Clinic\",\"potentialAction\":[{\"@type\":\"SearchAction\",\"target\":{\"@type\":\"EntryPoint\",\"urlTemplate\":\"https:\\\/\\\/medicinasinc.com\\\/se\\\/?s={search_term_string}\"},\"query-input\":{\"@type\":\"PropertyValueSpecification\",\"valueRequired\":true,\"valueName\":\"search_term_string\"}}],\"inLanguage\":\"sv-SE\"}]}<\/script>\n<!-- \/ Yoast SEO plugin. -->","yoast_head_json":{"title":"K\u00f6p Super Lemon Haze - Best Best Global Meds","description":"K\u00f6p Super Lemon Haze marijuana stam Storbritannien, Europa stickande citrus och s\u00f6t Sativa-dominant hybrid. Denna blomma \u00e4r en korsning av citronskunk &amp; silver dis.","robots":{"index":"index","follow":"follow","max-snippet":"max-snippet:-1","max-image-preview":"max-image-preview:large","max-video-preview":"max-video-preview:-1"},"canonical":"https:\/\/medicinasinc.com\/se\/product\/kop-super-citron-dis\/","og_locale":"sv_SE","og_type":"article","og_title":"K\u00f6p Super Lemon Haze - Best Best Global Meds","og_description":"K\u00f6p Super Lemon Haze marijuana stam Storbritannien, Europa stickande citrus och s\u00f6t Sativa-dominant hybrid. Denna blomma \u00e4r en korsning av citronskunk &amp; silver dis.","og_url":"https:\/\/medicinasinc.com\/se\/product\/kop-super-citron-dis\/","og_site_name":"Medicinas Inc","article_modified_time":"2022-07-03T23:43:37+00:00","og_image":[{"width":1080,"height":1080,"url":"https:\/\/medicinasinc.com\/se\/wp-content\/uploads\/sites\/16\/2022\/02\/Buy-Super-Lemon-Haze.jpg","type":"image\/jpeg"}],"twitter_card":"summary_large_image","twitter_misc":{"Ber\u00e4knad l\u00e4stid":"3 minuter"},"schema":{"@context":"https:\/\/schema.org","@graph":[{"@type":"WebPage","@id":"https:\/\/medicinasinc.com\/se\/product\/kop-super-citron-dis\/","url":"https:\/\/medicinasinc.com\/se\/product\/kop-super-citron-dis\/","name":"K\u00f6p Super Lemon Haze - Best Best Global Meds","isPartOf":{"@id":"https:\/\/medicinasinc.com\/se\/#website"},"primaryImageOfPage":{"@id":"https:\/\/medicinasinc.com\/se\/product\/kop-super-citron-dis\/#primaryimage"},"image":{"@id":"https:\/\/medicinasinc.com\/se\/product\/kop-super-citron-dis\/#primaryimage"},"thumbnailUrl":"https:\/\/medicinasinc.com\/se\/wp-content\/uploads\/sites\/16\/2022\/02\/Buy-Super-Lemon-Haze.jpg","datePublished":"2022-02-20T19:50:54+00:00","dateModified":"2022-07-03T23:43:37+00:00","description":"K\u00f6p Super Lemon Haze marijuana stam Storbritannien, Europa stickande citrus och s\u00f6t Sativa-dominant hybrid. Denna blomma \u00e4r en korsning av citronskunk &amp; silver dis.","breadcrumb":{"@id":"https:\/\/medicinasinc.com\/se\/product\/kop-super-citron-dis\/#breadcrumb"},"inLanguage":"sv-SE","potentialAction":[{"@type":"ReadAction","target":["https:\/\/medicinasinc.com\/se\/product\/kop-super-citron-dis\/"]}]},{"@type":"ImageObject","inLanguage":"sv-SE","@id":"https:\/\/medicinasinc.com\/se\/product\/kop-super-citron-dis\/#primaryimage","url":"https:\/\/medicinasinc.com\/se\/wp-content\/uploads\/sites\/16\/2022\/02\/Buy-Super-Lemon-Haze.jpg","contentUrl":"https:\/\/medicinasinc.com\/se\/wp-content\/uploads\/sites\/16\/2022\/02\/Buy-Super-Lemon-Haze.jpg","width":1080,"height":1080},{"@type":"BreadcrumbList","@id":"https:\/\/medicinasinc.com\/se\/product\/kop-super-citron-dis\/#breadcrumb","itemListElement":[{"@type":"ListItem","position":1,"name":"aff\u00e4r","item":"https:\/\/medicinasinc.com\/se\/affar\/"},{"@type":"ListItem","position":2,"name":"K\u00f6p Super Lemon Haze"}]},{"@type":"WebSite","@id":"https:\/\/medicinasinc.com\/se\/#website","url":"https:\/\/medicinasinc.com\/se\/","name":"Medicinas Inc","description":"Health Medical Clinic","potentialAction":[{"@type":"SearchAction","target":{"@type":"EntryPoint","urlTemplate":"https:\/\/medicinasinc.com\/se\/?s={search_term_string}"},"query-input":{"@type":"PropertyValueSpecification","valueRequired":true,"valueName":"search_term_string"}}],"inLanguage":"sv-SE"}]}},"_links":{"self":[{"href":"https:\/\/medicinasinc.com\/se\/wp-json\/wp\/v2\/product\/5068","targetHints":{"allow":["GET"]}}],"collection":[{"href":"https:\/\/medicinasinc.com\/se\/wp-json\/wp\/v2\/product"}],"about":[{"href":"https:\/\/medicinasinc.com\/se\/wp-json\/wp\/v2\/types\/product"}],"replies":[{"embeddable":true,"href":"https:\/\/medicinasinc.com\/se\/wp-json\/wp\/v2\/comments?post=5068"}],"wp:featuredmedia":[{"embeddable":true,"href":"https:\/\/medicinasinc.com\/se\/wp-json\/wp\/v2\/media\/5085"}],"wp:attachment":[{"href":"https:\/\/medicinasinc.com\/se\/wp-json\/wp\/v2\/media?parent=5068"}],"wp:term":[{"taxonomy":"product_brand","embeddable":true,"href":"https:\/\/medicinasinc.com\/se\/wp-json\/wp\/v2\/product_brand?post=5068"},{"taxonomy":"product_cat","embeddable":true,"href":"https:\/\/medicinasinc.com\/se\/wp-json\/wp\/v2\/product_cat?post=5068"},{"taxonomy":"product_tag","embeddable":true,"href":"https:\/\/medicinasinc.com\/se\/wp-json\/wp\/v2\/product_tag?post=5068"}],"curies":[{"name":"wp","href":"https:\/\/api.w.org\/{rel}","templated":true}]}}