{"id":5066,"date":"2022-02-20T19:49:25","date_gmt":"2022-02-20T19:49:25","guid":{"rendered":"https:\/\/medicinasinc.com\/se\/?post_type=product&#038;p=5066"},"modified":"2022-07-03T23:43:53","modified_gmt":"2022-07-03T23:43:53","slug":"kopa-snoops-dromma-marijuana","status":"publish","type":"product","link":"https:\/\/medicinasinc.com\/se\/product\/kopa-snoops-dromma-marijuana\/","title":{"rendered":"K\u00f6p Snoop&#8217;s Dream Marijuana"},"content":{"rendered":"<p><strong>Snoops Dream Marijuana Stam kan k\u00f6pas online.<\/strong><\/p>\n<p>Snoops Dream Marijuana Stam kan k\u00f6pas online.<\/p>\n<p>Effekter<br \/> Kreativa, energigivande , Eufori, Fnissande, Glad, Avslappnande, Upplyftande<br \/> Kan lindra<br \/> Bipol\u00e4r sjukdom, kronisk sm\u00e4rta, depression, tr\u00f6tthet, huvudv\u00e4rk, s\u00f6mnl\u00f6shet, PMS, PTSD, stress<br \/> Smaker<br \/> B\u00e4r, Bl\u00e5b\u00e4r, sm\u00f6raktigt, tall, socker, s\u00f6tt, vanilj<\/p>\n","protected":false},"excerpt":{"rendered":"<p>K\u00f6p Snoops Dream Marijuana-stam kan k\u00f6pas online. Snoop&#8217;s Dream \u00e4r en marijuana-stam utvecklad av Snoop Dogg. Hybrid &#8211; 50 % Sativa, 50 % Indica THC: 26 %<\/p>\n<p>Snoop&#8217;s Dream \u00e4r en cannabisstam uppkallad efter hiphop-artisten Snoop Dog. Han har visat stort intresse f\u00f6r marijuanasektorn.<\/p>\n<p>Snoop&#8217;s Dream \u00e4r en marijuana-stam utvecklad av Snoop Dogg. Hybrid &#8211; 50% Sativa, 50% Indica THC inneh\u00e5ll: 26%. Vi erbjuder m\u00f6jligheten att k\u00f6pa medicinsk marijuana online, vax och shatter och ogr\u00e4s.<\/p>\n","protected":false},"featured_media":5083,"comment_status":"open","ping_status":"closed","template":"","meta":[],"product_brand":[],"product_cat":[778],"product_tag":[1014,1011,1012,1015,1016,1017,1018,1013],"class_list":{"0":"post-5066","1":"product","2":"type-product","3":"status-publish","4":"has-post-thumbnail","6":"product_cat-ogras-till-salu","7":"product_tag-blad-fr-snoop-stammar","8":"product_tag-bl-drm-pris","9":"product_tag-dream-dog-strain","10":"product_tag-master-kush-pris","11":"product_tag-snoop-dawg-strain-redbud-rtter","12":"product_tag-snoop-stammar","13":"product_tag-snoops-dream-wikileaf","14":"product_tag-vxande-snoops-drm","16":"first","17":"instock","18":"shipping-taxable","19":"purchasable","20":"product-type-variable","21":"has-default-attributes"},"yoast_head":"<!-- This site is optimized with the Yoast SEO plugin v27.3 - https:\/\/yoast.com\/product\/yoast-seo-wordpress\/ -->\n<title>K\u00f6p Snoops Dream Marijuana - B\u00e4sta b\u00e4sta globala medicinen<\/title>\n<meta name=\"description\" content=\"Crossing the Blue Dream med Master Kush, tv\u00e5 livfulla, kraftfulla varianter som s\u00e4gs vara ... Detta \u00e4r den b\u00e4sta plattformen f\u00f6r att k\u00f6pa Snoop&#039;s Dream-marijuana till f\u00f6rs\u00e4ljning.\" \/>\n<meta name=\"robots\" content=\"index, follow, max-snippet:-1, max-image-preview:large, max-video-preview:-1\" \/>\n<link rel=\"canonical\" href=\"https:\/\/medicinasinc.com\/se\/product\/kopa-snoops-dromma-marijuana\/\" \/>\n<meta property=\"og:locale\" content=\"sv_SE\" \/>\n<meta property=\"og:type\" content=\"article\" \/>\n<meta property=\"og:title\" content=\"K\u00f6p Snoops Dream Marijuana - B\u00e4sta b\u00e4sta globala medicinen\" \/>\n<meta property=\"og:description\" content=\"Crossing the Blue Dream med Master Kush, tv\u00e5 livfulla, kraftfulla varianter som s\u00e4gs vara ... Detta \u00e4r den b\u00e4sta plattformen f\u00f6r att k\u00f6pa Snoop&#039;s Dream-marijuana till f\u00f6rs\u00e4ljning.\" \/>\n<meta property=\"og:url\" content=\"https:\/\/medicinasinc.com\/se\/product\/kopa-snoops-dromma-marijuana\/\" \/>\n<meta property=\"og:site_name\" content=\"Medicinas Inc\" \/>\n<meta property=\"article:modified_time\" content=\"2022-07-03T23:43:53+00:00\" \/>\n<meta property=\"og:image\" content=\"https:\/\/medicinasinc.com\/se\/wp-content\/uploads\/sites\/16\/2022\/02\/Buy-Snoops-Dream-Marijuana.jpg\" \/>\n\t<meta property=\"og:image:width\" content=\"2000\" \/>\n\t<meta property=\"og:image:height\" content=\"1333\" \/>\n\t<meta property=\"og:image:type\" content=\"image\/jpeg\" \/>\n<meta name=\"twitter:card\" content=\"summary_large_image\" \/>\n<meta name=\"twitter:label1\" content=\"Ber\u00e4knad l\u00e4stid\" \/>\n\t<meta name=\"twitter:data1\" content=\"1 minut\" \/>\n<script type=\"application\/ld+json\" class=\"yoast-schema-graph\">{\"@context\":\"https:\\\/\\\/schema.org\",\"@graph\":[{\"@type\":\"WebPage\",\"@id\":\"https:\\\/\\\/medicinasinc.com\\\/se\\\/product\\\/kopa-snoops-dromma-marijuana\\\/\",\"url\":\"https:\\\/\\\/medicinasinc.com\\\/se\\\/product\\\/kopa-snoops-dromma-marijuana\\\/\",\"name\":\"K\u00f6p Snoops Dream Marijuana - B\u00e4sta b\u00e4sta globala medicinen\",\"isPartOf\":{\"@id\":\"https:\\\/\\\/medicinasinc.com\\\/se\\\/#website\"},\"primaryImageOfPage\":{\"@id\":\"https:\\\/\\\/medicinasinc.com\\\/se\\\/product\\\/kopa-snoops-dromma-marijuana\\\/#primaryimage\"},\"image\":{\"@id\":\"https:\\\/\\\/medicinasinc.com\\\/se\\\/product\\\/kopa-snoops-dromma-marijuana\\\/#primaryimage\"},\"thumbnailUrl\":\"https:\\\/\\\/medicinasinc.com\\\/se\\\/wp-content\\\/uploads\\\/sites\\\/16\\\/2022\\\/02\\\/Buy-Snoops-Dream-Marijuana.jpg\",\"datePublished\":\"2022-02-20T19:49:25+00:00\",\"dateModified\":\"2022-07-03T23:43:53+00:00\",\"description\":\"Crossing the Blue Dream med Master Kush, tv\u00e5 livfulla, kraftfulla varianter som s\u00e4gs vara ... Detta \u00e4r den b\u00e4sta plattformen f\u00f6r att k\u00f6pa Snoop's Dream-marijuana till f\u00f6rs\u00e4ljning.\",\"breadcrumb\":{\"@id\":\"https:\\\/\\\/medicinasinc.com\\\/se\\\/product\\\/kopa-snoops-dromma-marijuana\\\/#breadcrumb\"},\"inLanguage\":\"sv-SE\",\"potentialAction\":[{\"@type\":\"ReadAction\",\"target\":[\"https:\\\/\\\/medicinasinc.com\\\/se\\\/product\\\/kopa-snoops-dromma-marijuana\\\/\"]}]},{\"@type\":\"ImageObject\",\"inLanguage\":\"sv-SE\",\"@id\":\"https:\\\/\\\/medicinasinc.com\\\/se\\\/product\\\/kopa-snoops-dromma-marijuana\\\/#primaryimage\",\"url\":\"https:\\\/\\\/medicinasinc.com\\\/se\\\/wp-content\\\/uploads\\\/sites\\\/16\\\/2022\\\/02\\\/Buy-Snoops-Dream-Marijuana.jpg\",\"contentUrl\":\"https:\\\/\\\/medicinasinc.com\\\/se\\\/wp-content\\\/uploads\\\/sites\\\/16\\\/2022\\\/02\\\/Buy-Snoops-Dream-Marijuana.jpg\",\"width\":2000,\"height\":1333},{\"@type\":\"BreadcrumbList\",\"@id\":\"https:\\\/\\\/medicinasinc.com\\\/se\\\/product\\\/kopa-snoops-dromma-marijuana\\\/#breadcrumb\",\"itemListElement\":[{\"@type\":\"ListItem\",\"position\":1,\"name\":\"aff\u00e4r\",\"item\":\"https:\\\/\\\/medicinasinc.com\\\/se\\\/affar\\\/\"},{\"@type\":\"ListItem\",\"position\":2,\"name\":\"K\u00f6p Snoop&#8217;s Dream Marijuana\"}]},{\"@type\":\"WebSite\",\"@id\":\"https:\\\/\\\/medicinasinc.com\\\/se\\\/#website\",\"url\":\"https:\\\/\\\/medicinasinc.com\\\/se\\\/\",\"name\":\"Medicinas Inc\",\"description\":\"Health Medical Clinic\",\"potentialAction\":[{\"@type\":\"SearchAction\",\"target\":{\"@type\":\"EntryPoint\",\"urlTemplate\":\"https:\\\/\\\/medicinasinc.com\\\/se\\\/?s={search_term_string}\"},\"query-input\":{\"@type\":\"PropertyValueSpecification\",\"valueRequired\":true,\"valueName\":\"search_term_string\"}}],\"inLanguage\":\"sv-SE\"}]}<\/script>\n<!-- \/ Yoast SEO plugin. -->","yoast_head_json":{"title":"K\u00f6p Snoops Dream Marijuana - B\u00e4sta b\u00e4sta globala medicinen","description":"Crossing the Blue Dream med Master Kush, tv\u00e5 livfulla, kraftfulla varianter som s\u00e4gs vara ... Detta \u00e4r den b\u00e4sta plattformen f\u00f6r att k\u00f6pa Snoop's Dream-marijuana till f\u00f6rs\u00e4ljning.","robots":{"index":"index","follow":"follow","max-snippet":"max-snippet:-1","max-image-preview":"max-image-preview:large","max-video-preview":"max-video-preview:-1"},"canonical":"https:\/\/medicinasinc.com\/se\/product\/kopa-snoops-dromma-marijuana\/","og_locale":"sv_SE","og_type":"article","og_title":"K\u00f6p Snoops Dream Marijuana - B\u00e4sta b\u00e4sta globala medicinen","og_description":"Crossing the Blue Dream med Master Kush, tv\u00e5 livfulla, kraftfulla varianter som s\u00e4gs vara ... Detta \u00e4r den b\u00e4sta plattformen f\u00f6r att k\u00f6pa Snoop's Dream-marijuana till f\u00f6rs\u00e4ljning.","og_url":"https:\/\/medicinasinc.com\/se\/product\/kopa-snoops-dromma-marijuana\/","og_site_name":"Medicinas Inc","article_modified_time":"2022-07-03T23:43:53+00:00","og_image":[{"width":2000,"height":1333,"url":"https:\/\/medicinasinc.com\/se\/wp-content\/uploads\/sites\/16\/2022\/02\/Buy-Snoops-Dream-Marijuana.jpg","type":"image\/jpeg"}],"twitter_card":"summary_large_image","twitter_misc":{"Ber\u00e4knad l\u00e4stid":"1 minut"},"schema":{"@context":"https:\/\/schema.org","@graph":[{"@type":"WebPage","@id":"https:\/\/medicinasinc.com\/se\/product\/kopa-snoops-dromma-marijuana\/","url":"https:\/\/medicinasinc.com\/se\/product\/kopa-snoops-dromma-marijuana\/","name":"K\u00f6p Snoops Dream Marijuana - B\u00e4sta b\u00e4sta globala medicinen","isPartOf":{"@id":"https:\/\/medicinasinc.com\/se\/#website"},"primaryImageOfPage":{"@id":"https:\/\/medicinasinc.com\/se\/product\/kopa-snoops-dromma-marijuana\/#primaryimage"},"image":{"@id":"https:\/\/medicinasinc.com\/se\/product\/kopa-snoops-dromma-marijuana\/#primaryimage"},"thumbnailUrl":"https:\/\/medicinasinc.com\/se\/wp-content\/uploads\/sites\/16\/2022\/02\/Buy-Snoops-Dream-Marijuana.jpg","datePublished":"2022-02-20T19:49:25+00:00","dateModified":"2022-07-03T23:43:53+00:00","description":"Crossing the Blue Dream med Master Kush, tv\u00e5 livfulla, kraftfulla varianter som s\u00e4gs vara ... Detta \u00e4r den b\u00e4sta plattformen f\u00f6r att k\u00f6pa Snoop's Dream-marijuana till f\u00f6rs\u00e4ljning.","breadcrumb":{"@id":"https:\/\/medicinasinc.com\/se\/product\/kopa-snoops-dromma-marijuana\/#breadcrumb"},"inLanguage":"sv-SE","potentialAction":[{"@type":"ReadAction","target":["https:\/\/medicinasinc.com\/se\/product\/kopa-snoops-dromma-marijuana\/"]}]},{"@type":"ImageObject","inLanguage":"sv-SE","@id":"https:\/\/medicinasinc.com\/se\/product\/kopa-snoops-dromma-marijuana\/#primaryimage","url":"https:\/\/medicinasinc.com\/se\/wp-content\/uploads\/sites\/16\/2022\/02\/Buy-Snoops-Dream-Marijuana.jpg","contentUrl":"https:\/\/medicinasinc.com\/se\/wp-content\/uploads\/sites\/16\/2022\/02\/Buy-Snoops-Dream-Marijuana.jpg","width":2000,"height":1333},{"@type":"BreadcrumbList","@id":"https:\/\/medicinasinc.com\/se\/product\/kopa-snoops-dromma-marijuana\/#breadcrumb","itemListElement":[{"@type":"ListItem","position":1,"name":"aff\u00e4r","item":"https:\/\/medicinasinc.com\/se\/affar\/"},{"@type":"ListItem","position":2,"name":"K\u00f6p Snoop&#8217;s Dream Marijuana"}]},{"@type":"WebSite","@id":"https:\/\/medicinasinc.com\/se\/#website","url":"https:\/\/medicinasinc.com\/se\/","name":"Medicinas Inc","description":"Health Medical Clinic","potentialAction":[{"@type":"SearchAction","target":{"@type":"EntryPoint","urlTemplate":"https:\/\/medicinasinc.com\/se\/?s={search_term_string}"},"query-input":{"@type":"PropertyValueSpecification","valueRequired":true,"valueName":"search_term_string"}}],"inLanguage":"sv-SE"}]}},"_links":{"self":[{"href":"https:\/\/medicinasinc.com\/se\/wp-json\/wp\/v2\/product\/5066","targetHints":{"allow":["GET"]}}],"collection":[{"href":"https:\/\/medicinasinc.com\/se\/wp-json\/wp\/v2\/product"}],"about":[{"href":"https:\/\/medicinasinc.com\/se\/wp-json\/wp\/v2\/types\/product"}],"replies":[{"embeddable":true,"href":"https:\/\/medicinasinc.com\/se\/wp-json\/wp\/v2\/comments?post=5066"}],"wp:featuredmedia":[{"embeddable":true,"href":"https:\/\/medicinasinc.com\/se\/wp-json\/wp\/v2\/media\/5083"}],"wp:attachment":[{"href":"https:\/\/medicinasinc.com\/se\/wp-json\/wp\/v2\/media?parent=5066"}],"wp:term":[{"taxonomy":"product_brand","embeddable":true,"href":"https:\/\/medicinasinc.com\/se\/wp-json\/wp\/v2\/product_brand?post=5066"},{"taxonomy":"product_cat","embeddable":true,"href":"https:\/\/medicinasinc.com\/se\/wp-json\/wp\/v2\/product_cat?post=5066"},{"taxonomy":"product_tag","embeddable":true,"href":"https:\/\/medicinasinc.com\/se\/wp-json\/wp\/v2\/product_tag?post=5066"}],"curies":[{"name":"wp","href":"https:\/\/api.w.org\/{rel}","templated":true}]}}