{"id":5047,"date":"2022-02-20T19:35:13","date_gmt":"2022-02-20T19:35:13","guid":{"rendered":"https:\/\/medicinasinc.com\/se\/?post_type=product&#038;p=5047"},"modified":"2022-07-03T23:44:07","modified_gmt":"2022-07-03T23:44:07","slug":"kop-lila-drake-marijuana-aaaaa","status":"publish","type":"product","link":"https:\/\/medicinasinc.com\/se\/product\/kop-lila-drake-marijuana-aaaaa\/","title":{"rendered":"K\u00f6p Purple Dragon Marijuana (AAAAA)"},"content":{"rendered":"<p>Purple Dragon cannabis (AAAAA) &#8211; 30% Sativa \/ 60% Indica<\/p>\n<p>Purple Dragon \u00e4r en indicadominant hybridstam skapad genom att korsa den potenta Purple Urkle med Blue Dragon. Purple Dragon ger en balanserad high som lugnar och slappnar av sinne och kropp. Denna stam genererar en arom som \u00e4r ganska ovanlig, som kombinerar mysk salvia med en distinkt blommig smak som dr\u00f6jer sig kvar i gommen. Efter att ha andats in denna p\u00e5frestning blir sinnet energiskt, och en stark eufori skingrar snabbt oro och depression. Purple Dragon ger f\u00f6rst anv\u00e4ndarna en sp\u00e4nnande och stimulerande mental klarhet; dessa f\u00f6rdelar f\u00f6rsvinner dock gradvis f\u00f6r att l\u00e4mna anv\u00e4ndarna med timmar av sm\u00e4rtlindring och sedering. Allm\u00e4n kroppslig v\u00e4rk och sm\u00e4rta kommer att avta n\u00e4r anv\u00e4ndarens kropp gradvis g\u00e5r in i ett tillst\u00e5nd av avslappning som k\u00e4nns b\u00e5de fysiskt och mentalt. Purple Dragon \u00e4r ett anv\u00e4ndbart behandlingsalternativ f\u00f6r en m\u00e4ngd olika sjukdomar, inklusive \u00e5ngest, depression, hum\u00f6rst\u00f6rningar, fysisk utmattning, migr\u00e4n\/huvudv\u00e4rk, kronisk sm\u00e4rta och aptitf\u00f6rlust.<\/p>\n<div class=\"product-next-previous\">\n<div class=\"product-prev\"><\/div><\/div>\n","protected":false},"excerpt":{"rendered":"<p>Purple Dragon Crassula (Crassula multicava) \u00e4r en fantastisk och f\u00e4rgstark suckulent som har stor&#8230; K\u00f6p tre eller fler artiklar och f\u00e5 dem f\u00f6r 10,80 USD styck.<\/p>\n<ul>\n<li>AAAA representerar det b\u00e4sta av det b\u00e4sta!<\/li>\n<li>Kontakta oss f\u00f6r grossistbest\u00e4llningar<\/li>\n<li>I hela v\u00e4rlden frakt.<\/li>\n<\/ul>\n","protected":false},"featured_media":5067,"comment_status":"open","ping_status":"closed","template":"","meta":[],"product_brand":[],"product_cat":[778],"product_tag":[1006,1010,1008,1007,1009],"class_list":{"0":"post-5047","1":"product","2":"type-product","3":"status-publish","4":"has-post-thumbnail","6":"product_cat-ogras-till-salu","7":"product_tag-grn-och-lila-drak-namn","8":"product_tag-lila-drake-uppstoppade-djur-stor","9":"product_tag-lila-drake-sax-recensioner","10":"product_tag-lila-och-grn-drake-tecknad-serie","11":"product_tag-lila-drake-sax-webbplats","13":"first","14":"instock","15":"shipping-taxable","16":"purchasable","17":"product-type-variable","18":"has-default-attributes"},"yoast_head":"<!-- This site is optimized with the Yoast SEO plugin v27.3 - https:\/\/yoast.com\/product\/yoast-seo-wordpress\/ -->\n<title>K\u00f6p Purple Dragon (AAAAA) - B\u00e4sta b\u00e4sta globala medicinen<\/title>\n<meta name=\"description\" content=\"K\u00f6p Purple Dragon marijuana-stam. Eterisk och overklig den lila draken \u00e4r v\u00e4ktaren av ojordiska kristaller. Digitalt m\u00e5lad av Tobias Vyseri.\" \/>\n<meta name=\"robots\" content=\"index, follow, max-snippet:-1, max-image-preview:large, max-video-preview:-1\" \/>\n<link rel=\"canonical\" href=\"https:\/\/medicinasinc.com\/se\/product\/kop-lila-drake-marijuana-aaaaa\/\" \/>\n<meta property=\"og:locale\" content=\"sv_SE\" \/>\n<meta property=\"og:type\" content=\"article\" \/>\n<meta property=\"og:title\" content=\"K\u00f6p Purple Dragon (AAAAA) - B\u00e4sta b\u00e4sta globala medicinen\" \/>\n<meta property=\"og:description\" content=\"K\u00f6p Purple Dragon marijuana-stam. Eterisk och overklig den lila draken \u00e4r v\u00e4ktaren av ojordiska kristaller. Digitalt m\u00e5lad av Tobias Vyseri.\" \/>\n<meta property=\"og:url\" content=\"https:\/\/medicinasinc.com\/se\/product\/kop-lila-drake-marijuana-aaaaa\/\" \/>\n<meta property=\"og:site_name\" content=\"Medicinas Inc\" \/>\n<meta property=\"article:modified_time\" content=\"2022-07-03T23:44:07+00:00\" \/>\n<meta property=\"og:image\" content=\"https:\/\/medicinasinc.com\/se\/wp-content\/uploads\/sites\/16\/2022\/02\/Buy-Purple-Dragon.jpg\" \/>\n\t<meta property=\"og:image:width\" content=\"541\" \/>\n\t<meta property=\"og:image:height\" content=\"459\" \/>\n\t<meta property=\"og:image:type\" content=\"image\/jpeg\" \/>\n<meta name=\"twitter:card\" content=\"summary_large_image\" \/>\n<meta name=\"twitter:label1\" content=\"Ber\u00e4knad l\u00e4stid\" \/>\n\t<meta name=\"twitter:data1\" content=\"1 minut\" \/>\n<script type=\"application\/ld+json\" class=\"yoast-schema-graph\">{\"@context\":\"https:\\\/\\\/schema.org\",\"@graph\":[{\"@type\":\"WebPage\",\"@id\":\"https:\\\/\\\/medicinasinc.com\\\/se\\\/product\\\/kop-lila-drake-marijuana-aaaaa\\\/\",\"url\":\"https:\\\/\\\/medicinasinc.com\\\/se\\\/product\\\/kop-lila-drake-marijuana-aaaaa\\\/\",\"name\":\"K\u00f6p Purple Dragon (AAAAA) - B\u00e4sta b\u00e4sta globala medicinen\",\"isPartOf\":{\"@id\":\"https:\\\/\\\/medicinasinc.com\\\/se\\\/#website\"},\"primaryImageOfPage\":{\"@id\":\"https:\\\/\\\/medicinasinc.com\\\/se\\\/product\\\/kop-lila-drake-marijuana-aaaaa\\\/#primaryimage\"},\"image\":{\"@id\":\"https:\\\/\\\/medicinasinc.com\\\/se\\\/product\\\/kop-lila-drake-marijuana-aaaaa\\\/#primaryimage\"},\"thumbnailUrl\":\"https:\\\/\\\/medicinasinc.com\\\/se\\\/wp-content\\\/uploads\\\/sites\\\/16\\\/2022\\\/02\\\/Buy-Purple-Dragon.jpg\",\"datePublished\":\"2022-02-20T19:35:13+00:00\",\"dateModified\":\"2022-07-03T23:44:07+00:00\",\"description\":\"K\u00f6p Purple Dragon marijuana-stam. Eterisk och overklig den lila draken \u00e4r v\u00e4ktaren av ojordiska kristaller. Digitalt m\u00e5lad av Tobias Vyseri.\",\"breadcrumb\":{\"@id\":\"https:\\\/\\\/medicinasinc.com\\\/se\\\/product\\\/kop-lila-drake-marijuana-aaaaa\\\/#breadcrumb\"},\"inLanguage\":\"sv-SE\",\"potentialAction\":[{\"@type\":\"ReadAction\",\"target\":[\"https:\\\/\\\/medicinasinc.com\\\/se\\\/product\\\/kop-lila-drake-marijuana-aaaaa\\\/\"]}]},{\"@type\":\"ImageObject\",\"inLanguage\":\"sv-SE\",\"@id\":\"https:\\\/\\\/medicinasinc.com\\\/se\\\/product\\\/kop-lila-drake-marijuana-aaaaa\\\/#primaryimage\",\"url\":\"https:\\\/\\\/medicinasinc.com\\\/se\\\/wp-content\\\/uploads\\\/sites\\\/16\\\/2022\\\/02\\\/Buy-Purple-Dragon.jpg\",\"contentUrl\":\"https:\\\/\\\/medicinasinc.com\\\/se\\\/wp-content\\\/uploads\\\/sites\\\/16\\\/2022\\\/02\\\/Buy-Purple-Dragon.jpg\",\"width\":541,\"height\":459},{\"@type\":\"BreadcrumbList\",\"@id\":\"https:\\\/\\\/medicinasinc.com\\\/se\\\/product\\\/kop-lila-drake-marijuana-aaaaa\\\/#breadcrumb\",\"itemListElement\":[{\"@type\":\"ListItem\",\"position\":1,\"name\":\"aff\u00e4r\",\"item\":\"https:\\\/\\\/medicinasinc.com\\\/se\\\/affar\\\/\"},{\"@type\":\"ListItem\",\"position\":2,\"name\":\"K\u00f6p Purple Dragon Marijuana (AAAAA)\"}]},{\"@type\":\"WebSite\",\"@id\":\"https:\\\/\\\/medicinasinc.com\\\/se\\\/#website\",\"url\":\"https:\\\/\\\/medicinasinc.com\\\/se\\\/\",\"name\":\"Medicinas Inc\",\"description\":\"Health Medical Clinic\",\"potentialAction\":[{\"@type\":\"SearchAction\",\"target\":{\"@type\":\"EntryPoint\",\"urlTemplate\":\"https:\\\/\\\/medicinasinc.com\\\/se\\\/?s={search_term_string}\"},\"query-input\":{\"@type\":\"PropertyValueSpecification\",\"valueRequired\":true,\"valueName\":\"search_term_string\"}}],\"inLanguage\":\"sv-SE\"}]}<\/script>\n<!-- \/ Yoast SEO plugin. -->","yoast_head_json":{"title":"K\u00f6p Purple Dragon (AAAAA) - B\u00e4sta b\u00e4sta globala medicinen","description":"K\u00f6p Purple Dragon marijuana-stam. Eterisk och overklig den lila draken \u00e4r v\u00e4ktaren av ojordiska kristaller. Digitalt m\u00e5lad av Tobias Vyseri.","robots":{"index":"index","follow":"follow","max-snippet":"max-snippet:-1","max-image-preview":"max-image-preview:large","max-video-preview":"max-video-preview:-1"},"canonical":"https:\/\/medicinasinc.com\/se\/product\/kop-lila-drake-marijuana-aaaaa\/","og_locale":"sv_SE","og_type":"article","og_title":"K\u00f6p Purple Dragon (AAAAA) - B\u00e4sta b\u00e4sta globala medicinen","og_description":"K\u00f6p Purple Dragon marijuana-stam. Eterisk och overklig den lila draken \u00e4r v\u00e4ktaren av ojordiska kristaller. Digitalt m\u00e5lad av Tobias Vyseri.","og_url":"https:\/\/medicinasinc.com\/se\/product\/kop-lila-drake-marijuana-aaaaa\/","og_site_name":"Medicinas Inc","article_modified_time":"2022-07-03T23:44:07+00:00","og_image":[{"width":541,"height":459,"url":"https:\/\/medicinasinc.com\/se\/wp-content\/uploads\/sites\/16\/2022\/02\/Buy-Purple-Dragon.jpg","type":"image\/jpeg"}],"twitter_card":"summary_large_image","twitter_misc":{"Ber\u00e4knad l\u00e4stid":"1 minut"},"schema":{"@context":"https:\/\/schema.org","@graph":[{"@type":"WebPage","@id":"https:\/\/medicinasinc.com\/se\/product\/kop-lila-drake-marijuana-aaaaa\/","url":"https:\/\/medicinasinc.com\/se\/product\/kop-lila-drake-marijuana-aaaaa\/","name":"K\u00f6p Purple Dragon (AAAAA) - B\u00e4sta b\u00e4sta globala medicinen","isPartOf":{"@id":"https:\/\/medicinasinc.com\/se\/#website"},"primaryImageOfPage":{"@id":"https:\/\/medicinasinc.com\/se\/product\/kop-lila-drake-marijuana-aaaaa\/#primaryimage"},"image":{"@id":"https:\/\/medicinasinc.com\/se\/product\/kop-lila-drake-marijuana-aaaaa\/#primaryimage"},"thumbnailUrl":"https:\/\/medicinasinc.com\/se\/wp-content\/uploads\/sites\/16\/2022\/02\/Buy-Purple-Dragon.jpg","datePublished":"2022-02-20T19:35:13+00:00","dateModified":"2022-07-03T23:44:07+00:00","description":"K\u00f6p Purple Dragon marijuana-stam. Eterisk och overklig den lila draken \u00e4r v\u00e4ktaren av ojordiska kristaller. Digitalt m\u00e5lad av Tobias Vyseri.","breadcrumb":{"@id":"https:\/\/medicinasinc.com\/se\/product\/kop-lila-drake-marijuana-aaaaa\/#breadcrumb"},"inLanguage":"sv-SE","potentialAction":[{"@type":"ReadAction","target":["https:\/\/medicinasinc.com\/se\/product\/kop-lila-drake-marijuana-aaaaa\/"]}]},{"@type":"ImageObject","inLanguage":"sv-SE","@id":"https:\/\/medicinasinc.com\/se\/product\/kop-lila-drake-marijuana-aaaaa\/#primaryimage","url":"https:\/\/medicinasinc.com\/se\/wp-content\/uploads\/sites\/16\/2022\/02\/Buy-Purple-Dragon.jpg","contentUrl":"https:\/\/medicinasinc.com\/se\/wp-content\/uploads\/sites\/16\/2022\/02\/Buy-Purple-Dragon.jpg","width":541,"height":459},{"@type":"BreadcrumbList","@id":"https:\/\/medicinasinc.com\/se\/product\/kop-lila-drake-marijuana-aaaaa\/#breadcrumb","itemListElement":[{"@type":"ListItem","position":1,"name":"aff\u00e4r","item":"https:\/\/medicinasinc.com\/se\/affar\/"},{"@type":"ListItem","position":2,"name":"K\u00f6p Purple Dragon Marijuana (AAAAA)"}]},{"@type":"WebSite","@id":"https:\/\/medicinasinc.com\/se\/#website","url":"https:\/\/medicinasinc.com\/se\/","name":"Medicinas Inc","description":"Health Medical Clinic","potentialAction":[{"@type":"SearchAction","target":{"@type":"EntryPoint","urlTemplate":"https:\/\/medicinasinc.com\/se\/?s={search_term_string}"},"query-input":{"@type":"PropertyValueSpecification","valueRequired":true,"valueName":"search_term_string"}}],"inLanguage":"sv-SE"}]}},"_links":{"self":[{"href":"https:\/\/medicinasinc.com\/se\/wp-json\/wp\/v2\/product\/5047","targetHints":{"allow":["GET"]}}],"collection":[{"href":"https:\/\/medicinasinc.com\/se\/wp-json\/wp\/v2\/product"}],"about":[{"href":"https:\/\/medicinasinc.com\/se\/wp-json\/wp\/v2\/types\/product"}],"replies":[{"embeddable":true,"href":"https:\/\/medicinasinc.com\/se\/wp-json\/wp\/v2\/comments?post=5047"}],"wp:featuredmedia":[{"embeddable":true,"href":"https:\/\/medicinasinc.com\/se\/wp-json\/wp\/v2\/media\/5067"}],"wp:attachment":[{"href":"https:\/\/medicinasinc.com\/se\/wp-json\/wp\/v2\/media?parent=5047"}],"wp:term":[{"taxonomy":"product_brand","embeddable":true,"href":"https:\/\/medicinasinc.com\/se\/wp-json\/wp\/v2\/product_brand?post=5047"},{"taxonomy":"product_cat","embeddable":true,"href":"https:\/\/medicinasinc.com\/se\/wp-json\/wp\/v2\/product_cat?post=5047"},{"taxonomy":"product_tag","embeddable":true,"href":"https:\/\/medicinasinc.com\/se\/wp-json\/wp\/v2\/product_tag?post=5047"}],"curies":[{"name":"wp","href":"https:\/\/api.w.org\/{rel}","templated":true}]}}