{"id":5046,"date":"2022-02-20T19:34:10","date_gmt":"2022-02-20T19:34:10","guid":{"rendered":"https:\/\/medicinasinc.com\/se\/?post_type=product&#038;p=5046"},"modified":"2022-07-03T23:44:18","modified_gmt":"2022-07-03T23:44:18","slug":"kopa-choklad-fondue-stam","status":"publish","type":"product","link":"https:\/\/medicinasinc.com\/se\/product\/kopa-choklad-fondue-stam\/","title":{"rendered":"K\u00f6p Choklad Fondue Stam"},"content":{"rendered":"<p>Information om chokladfonduestammen<\/p>\n<p>Chokladfondue \u00e4r en Sativa-dominant korsning utvecklad av DNA Genetics som kombinerar Chocolates upplyftande krafter med de lugnande effekterna och unika smakerna av Exodus Cheese.<\/p>\n<p>Chokladfondus effekter lugnar kroppen och lugnar sinnet och invaggar dig till ett tillst\u00e5nd av behagligt medvetande. Denna cannabisstam \u00e4r fantastisk dag eller natt p\u00e5 grund av dess olika doft och s\u00f6ta smaker.<\/p>\n<p>Chokladfondue-stammens medicinska egenskaper<\/p>\n<p>Det finns m\u00e5nga anledningar att anv\u00e4nda cannabisstammar. F\u00f6ljande \u00e4r de sex b\u00e4sta anledningarna till att \u00f6verv\u00e4ga att anst\u00e4lla dem. Naturligtvis, ju h\u00f6gre styrka, desto starkare desto h\u00f6gre!<\/p>\n<p>1 \u2013 Lindrar kronisk sm\u00e4rta<\/p>\n<p>Cannabis inneh\u00e5ller en kemisk sammans\u00e4ttning som hj\u00e4lper till att minska sm\u00e4rta. I allm\u00e4nhet indikerar f\u00e4rgen p\u00e5 cannabis ocks\u00e5 dess styrka. M\u00e5nga m\u00e4nniskor har uppt\u00e4ckt att detta \u00e4r sant.<\/p>\n<p>2 &#8211; \u00d6kad lungkapacitet<\/p>\n<p>K\u00e4nner du till det? Cannabisr\u00f6kning \u00e4r vida \u00f6verl\u00e4gsen cigaretterr\u00f6kning. Dessutom kommer det att hj\u00e4lpa dig att \u00f6ka lungkapaciteten.<\/p>\n<p>3 \u2013 Fetma<\/p>\n<p>Den stora majoriteten av marijuanaanv\u00e4ndare \u00e4r inte \u00f6verviktiga. Detta beror p\u00e5 att regelbunden anv\u00e4ndning av denna marijuanablomma hj\u00e4lper dig att kontrollera din kalorif\u00f6rbrukning.<\/p>\n<p>4 \u2013 Diabetesf\u00f6rebyggande<\/p>\n<p>N\u00e4r du har diagnostiserats med diabetes, kommer du att ha det f\u00f6r resten av din liv. Du kan helt enkelt hantera dina blodsockerniv\u00e5er s\u00e5 att de inte forts\u00e4tter att stiga.<\/p>\n<p>Cannabis kan hj\u00e4lpa till att stabilisera blodsockret och minska blodtrycket!<\/p>\n<p>5 \u2013 Hj\u00e4lper deprimerade individer<\/p>\n<p> p&gt; <\/p>\n<p>Vissa m\u00e4nniskor \u00e4r deprimerade utan att vara medvetna om det. Cannabis kan hj\u00e4lpa till att lugna ditt hum\u00f6r i h\u00e4ndelse av depression.<\/p>\n<p>Var kan man k\u00f6pa en fonduechokladstam i Kanada<\/p>\n<p>Medan det finns andra apotek i Kanada d\u00e4r du kan f\u00e5 chokladfondue ogr\u00e4sstammar, v\u00e5r apotek p\u00e5 Mail Order Marijuana erbjuder n\u00e5gra av de h\u00f6gsta kvalitetsvarorna som finns tillg\u00e4ngliga.<\/p>\n<p>Vi garanterar att du kommer att f\u00e5 produkter av h\u00f6g kvalitet eller s\u00e5 \u00e5terbetalar vi dina pengar!<\/p>\n<p>Dessutom , best\u00e4llningar \u00f6ver 100 USD f\u00e5r gratis frakt!<\/p>\n","protected":false},"excerpt":{"rendered":"<div class=\"woocommerce-product-details__short-description\">\n<p>K\u00f6p kvalitetschokladfondue online. Chokladfondue \u00e4r en sativa dominant hybrid \u2013 80 % Sativa \/ 20 % Indica THC: 17 %<\/p>\n<\/p><\/div>\n","protected":false},"featured_media":5065,"comment_status":"open","ping_status":"closed","template":"","meta":[],"product_brand":[],"product_cat":[778],"product_tag":[1004,1005],"class_list":{"0":"post-5046","1":"product","2":"type-product","3":"status-publish","4":"has-post-thumbnail","6":"product_cat-ogras-till-salu","7":"product_tag-ost-fondue-stam","8":"product_tag-choklad-fudge-stam","10":"first","11":"instock","12":"shipping-taxable","13":"purchasable","14":"product-type-variable","15":"has-default-attributes"},"yoast_head":"<!-- This site is optimized with the Yoast SEO plugin v27.3 - https:\/\/yoast.com\/product\/yoast-seo-wordpress\/ -->\n<title>K\u00f6p kvalitetschokladfondue online - b\u00e4sta globala mediciner<\/title>\n<meta name=\"description\" content=\"K\u00f6p kvalitetschokladfondue p\u00e5 n\u00e4tet. Chokladfondue \u00e4r en sativa dominant hybrid \u2013 80% Sativa \/ 20% Indica THC: 17%\" \/>\n<meta name=\"robots\" content=\"index, follow, max-snippet:-1, max-image-preview:large, max-video-preview:-1\" \/>\n<link rel=\"canonical\" href=\"https:\/\/medicinasinc.com\/se\/product\/kopa-choklad-fondue-stam\/\" \/>\n<meta property=\"og:locale\" content=\"sv_SE\" \/>\n<meta property=\"og:type\" content=\"article\" \/>\n<meta property=\"og:title\" content=\"K\u00f6p kvalitetschokladfondue online - b\u00e4sta globala mediciner\" \/>\n<meta property=\"og:description\" content=\"K\u00f6p kvalitetschokladfondue p\u00e5 n\u00e4tet. Chokladfondue \u00e4r en sativa dominant hybrid \u2013 80% Sativa \/ 20% Indica THC: 17%\" \/>\n<meta property=\"og:url\" content=\"https:\/\/medicinasinc.com\/se\/product\/kopa-choklad-fondue-stam\/\" \/>\n<meta property=\"og:site_name\" content=\"Medicinas Inc\" \/>\n<meta property=\"article:modified_time\" content=\"2022-07-03T23:44:18+00:00\" \/>\n<meta property=\"og:image\" content=\"https:\/\/medicinasinc.com\/se\/wp-content\/uploads\/sites\/16\/2022\/02\/Buy-Quality-Chocolate-Fondue.jpg\" \/>\n\t<meta property=\"og:image:width\" content=\"667\" \/>\n\t<meta property=\"og:image:height\" content=\"1000\" \/>\n\t<meta property=\"og:image:type\" content=\"image\/jpeg\" \/>\n<meta name=\"twitter:card\" content=\"summary_large_image\" \/>\n<meta name=\"twitter:label1\" content=\"Ber\u00e4knad l\u00e4stid\" \/>\n\t<meta name=\"twitter:data1\" content=\"2 minuter\" \/>\n<script type=\"application\/ld+json\" class=\"yoast-schema-graph\">{\"@context\":\"https:\\\/\\\/schema.org\",\"@graph\":[{\"@type\":\"WebPage\",\"@id\":\"https:\\\/\\\/medicinasinc.com\\\/se\\\/product\\\/kopa-choklad-fondue-stam\\\/\",\"url\":\"https:\\\/\\\/medicinasinc.com\\\/se\\\/product\\\/kopa-choklad-fondue-stam\\\/\",\"name\":\"K\u00f6p kvalitetschokladfondue online - b\u00e4sta globala mediciner\",\"isPartOf\":{\"@id\":\"https:\\\/\\\/medicinasinc.com\\\/se\\\/#website\"},\"primaryImageOfPage\":{\"@id\":\"https:\\\/\\\/medicinasinc.com\\\/se\\\/product\\\/kopa-choklad-fondue-stam\\\/#primaryimage\"},\"image\":{\"@id\":\"https:\\\/\\\/medicinasinc.com\\\/se\\\/product\\\/kopa-choklad-fondue-stam\\\/#primaryimage\"},\"thumbnailUrl\":\"https:\\\/\\\/medicinasinc.com\\\/se\\\/wp-content\\\/uploads\\\/sites\\\/16\\\/2022\\\/02\\\/Buy-Quality-Chocolate-Fondue.jpg\",\"datePublished\":\"2022-02-20T19:34:10+00:00\",\"dateModified\":\"2022-07-03T23:44:18+00:00\",\"description\":\"K\u00f6p kvalitetschokladfondue p\u00e5 n\u00e4tet. Chokladfondue \u00e4r en sativa dominant hybrid \u2013 80% Sativa \\\/ 20% Indica THC: 17%\",\"breadcrumb\":{\"@id\":\"https:\\\/\\\/medicinasinc.com\\\/se\\\/product\\\/kopa-choklad-fondue-stam\\\/#breadcrumb\"},\"inLanguage\":\"sv-SE\",\"potentialAction\":[{\"@type\":\"ReadAction\",\"target\":[\"https:\\\/\\\/medicinasinc.com\\\/se\\\/product\\\/kopa-choklad-fondue-stam\\\/\"]}]},{\"@type\":\"ImageObject\",\"inLanguage\":\"sv-SE\",\"@id\":\"https:\\\/\\\/medicinasinc.com\\\/se\\\/product\\\/kopa-choklad-fondue-stam\\\/#primaryimage\",\"url\":\"https:\\\/\\\/medicinasinc.com\\\/se\\\/wp-content\\\/uploads\\\/sites\\\/16\\\/2022\\\/02\\\/Buy-Quality-Chocolate-Fondue.jpg\",\"contentUrl\":\"https:\\\/\\\/medicinasinc.com\\\/se\\\/wp-content\\\/uploads\\\/sites\\\/16\\\/2022\\\/02\\\/Buy-Quality-Chocolate-Fondue.jpg\",\"width\":667,\"height\":1000},{\"@type\":\"BreadcrumbList\",\"@id\":\"https:\\\/\\\/medicinasinc.com\\\/se\\\/product\\\/kopa-choklad-fondue-stam\\\/#breadcrumb\",\"itemListElement\":[{\"@type\":\"ListItem\",\"position\":1,\"name\":\"aff\u00e4r\",\"item\":\"https:\\\/\\\/medicinasinc.com\\\/se\\\/affar\\\/\"},{\"@type\":\"ListItem\",\"position\":2,\"name\":\"K\u00f6p Choklad Fondue Stam\"}]},{\"@type\":\"WebSite\",\"@id\":\"https:\\\/\\\/medicinasinc.com\\\/se\\\/#website\",\"url\":\"https:\\\/\\\/medicinasinc.com\\\/se\\\/\",\"name\":\"Medicinas Inc\",\"description\":\"Health Medical Clinic\",\"potentialAction\":[{\"@type\":\"SearchAction\",\"target\":{\"@type\":\"EntryPoint\",\"urlTemplate\":\"https:\\\/\\\/medicinasinc.com\\\/se\\\/?s={search_term_string}\"},\"query-input\":{\"@type\":\"PropertyValueSpecification\",\"valueRequired\":true,\"valueName\":\"search_term_string\"}}],\"inLanguage\":\"sv-SE\"}]}<\/script>\n<!-- \/ Yoast SEO plugin. -->","yoast_head_json":{"title":"K\u00f6p kvalitetschokladfondue online - b\u00e4sta globala mediciner","description":"K\u00f6p kvalitetschokladfondue p\u00e5 n\u00e4tet. Chokladfondue \u00e4r en sativa dominant hybrid \u2013 80% Sativa \/ 20% Indica THC: 17%","robots":{"index":"index","follow":"follow","max-snippet":"max-snippet:-1","max-image-preview":"max-image-preview:large","max-video-preview":"max-video-preview:-1"},"canonical":"https:\/\/medicinasinc.com\/se\/product\/kopa-choklad-fondue-stam\/","og_locale":"sv_SE","og_type":"article","og_title":"K\u00f6p kvalitetschokladfondue online - b\u00e4sta globala mediciner","og_description":"K\u00f6p kvalitetschokladfondue p\u00e5 n\u00e4tet. Chokladfondue \u00e4r en sativa dominant hybrid \u2013 80% Sativa \/ 20% Indica THC: 17%","og_url":"https:\/\/medicinasinc.com\/se\/product\/kopa-choklad-fondue-stam\/","og_site_name":"Medicinas Inc","article_modified_time":"2022-07-03T23:44:18+00:00","og_image":[{"width":667,"height":1000,"url":"https:\/\/medicinasinc.com\/se\/wp-content\/uploads\/sites\/16\/2022\/02\/Buy-Quality-Chocolate-Fondue.jpg","type":"image\/jpeg"}],"twitter_card":"summary_large_image","twitter_misc":{"Ber\u00e4knad l\u00e4stid":"2 minuter"},"schema":{"@context":"https:\/\/schema.org","@graph":[{"@type":"WebPage","@id":"https:\/\/medicinasinc.com\/se\/product\/kopa-choklad-fondue-stam\/","url":"https:\/\/medicinasinc.com\/se\/product\/kopa-choklad-fondue-stam\/","name":"K\u00f6p kvalitetschokladfondue online - b\u00e4sta globala mediciner","isPartOf":{"@id":"https:\/\/medicinasinc.com\/se\/#website"},"primaryImageOfPage":{"@id":"https:\/\/medicinasinc.com\/se\/product\/kopa-choklad-fondue-stam\/#primaryimage"},"image":{"@id":"https:\/\/medicinasinc.com\/se\/product\/kopa-choklad-fondue-stam\/#primaryimage"},"thumbnailUrl":"https:\/\/medicinasinc.com\/se\/wp-content\/uploads\/sites\/16\/2022\/02\/Buy-Quality-Chocolate-Fondue.jpg","datePublished":"2022-02-20T19:34:10+00:00","dateModified":"2022-07-03T23:44:18+00:00","description":"K\u00f6p kvalitetschokladfondue p\u00e5 n\u00e4tet. Chokladfondue \u00e4r en sativa dominant hybrid \u2013 80% Sativa \/ 20% Indica THC: 17%","breadcrumb":{"@id":"https:\/\/medicinasinc.com\/se\/product\/kopa-choklad-fondue-stam\/#breadcrumb"},"inLanguage":"sv-SE","potentialAction":[{"@type":"ReadAction","target":["https:\/\/medicinasinc.com\/se\/product\/kopa-choklad-fondue-stam\/"]}]},{"@type":"ImageObject","inLanguage":"sv-SE","@id":"https:\/\/medicinasinc.com\/se\/product\/kopa-choklad-fondue-stam\/#primaryimage","url":"https:\/\/medicinasinc.com\/se\/wp-content\/uploads\/sites\/16\/2022\/02\/Buy-Quality-Chocolate-Fondue.jpg","contentUrl":"https:\/\/medicinasinc.com\/se\/wp-content\/uploads\/sites\/16\/2022\/02\/Buy-Quality-Chocolate-Fondue.jpg","width":667,"height":1000},{"@type":"BreadcrumbList","@id":"https:\/\/medicinasinc.com\/se\/product\/kopa-choklad-fondue-stam\/#breadcrumb","itemListElement":[{"@type":"ListItem","position":1,"name":"aff\u00e4r","item":"https:\/\/medicinasinc.com\/se\/affar\/"},{"@type":"ListItem","position":2,"name":"K\u00f6p Choklad Fondue Stam"}]},{"@type":"WebSite","@id":"https:\/\/medicinasinc.com\/se\/#website","url":"https:\/\/medicinasinc.com\/se\/","name":"Medicinas Inc","description":"Health Medical Clinic","potentialAction":[{"@type":"SearchAction","target":{"@type":"EntryPoint","urlTemplate":"https:\/\/medicinasinc.com\/se\/?s={search_term_string}"},"query-input":{"@type":"PropertyValueSpecification","valueRequired":true,"valueName":"search_term_string"}}],"inLanguage":"sv-SE"}]}},"_links":{"self":[{"href":"https:\/\/medicinasinc.com\/se\/wp-json\/wp\/v2\/product\/5046","targetHints":{"allow":["GET"]}}],"collection":[{"href":"https:\/\/medicinasinc.com\/se\/wp-json\/wp\/v2\/product"}],"about":[{"href":"https:\/\/medicinasinc.com\/se\/wp-json\/wp\/v2\/types\/product"}],"replies":[{"embeddable":true,"href":"https:\/\/medicinasinc.com\/se\/wp-json\/wp\/v2\/comments?post=5046"}],"wp:featuredmedia":[{"embeddable":true,"href":"https:\/\/medicinasinc.com\/se\/wp-json\/wp\/v2\/media\/5065"}],"wp:attachment":[{"href":"https:\/\/medicinasinc.com\/se\/wp-json\/wp\/v2\/media?parent=5046"}],"wp:term":[{"taxonomy":"product_brand","embeddable":true,"href":"https:\/\/medicinasinc.com\/se\/wp-json\/wp\/v2\/product_brand?post=5046"},{"taxonomy":"product_cat","embeddable":true,"href":"https:\/\/medicinasinc.com\/se\/wp-json\/wp\/v2\/product_cat?post=5046"},{"taxonomy":"product_tag","embeddable":true,"href":"https:\/\/medicinasinc.com\/se\/wp-json\/wp\/v2\/product_tag?post=5046"}],"curies":[{"name":"wp","href":"https:\/\/api.w.org\/{rel}","templated":true}]}}