{"id":5045,"date":"2022-02-20T19:32:59","date_gmt":"2022-02-20T19:32:59","guid":{"rendered":"https:\/\/medicinasinc.com\/se\/?post_type=product&#038;p=5045"},"modified":"2022-07-03T23:58:20","modified_gmt":"2022-07-03T23:58:20","slug":"kopa-stenigt-berg-blabar","status":"publish","type":"product","link":"https:\/\/medicinasinc.com\/se\/product\/kopa-stenigt-berg-blabar\/","title":{"rendered":"K\u00f6p Rocky Mountain Blueberry"},"content":{"rendered":"<h1><a href=\"https:\/\/www.bestglobalmeds.com\/product\/marijuana\/rocky-mountain\/\">K\u00f6p Rocky Mountain Blueberry<\/a> Stam<\/h1>\n<p>Rocky Mountain Blueberry \u00e4r Indica-dominerande Hybrid \u2013 70 % Indica \/ 30 % Sativa THC: 15 % \u2013 18 %<\/p>\n<p>Effekter<br \/> Upphetsad, Kreativ, Energigivande, Glad, Motivation, Avslappnande<br \/> Kan lindra<br \/> depression , Tr\u00f6tthet, Glaukom, Huvudv\u00e4rk, Stress<br \/> Smaker<br \/> B\u00e4r, Godis, Fruktiga, S\u00f6ta<br \/> Aromer<br \/> B\u00e4r, Bl\u00e5b\u00e4r, Jordn\u00e4ra, \u00d6rtiga, S\u00f6ta<\/p>\n<p>Stenig Mountain Blueberry \u00e4r en indica-dominant hybridstam som f\u00f6ds upp fr\u00e5n de otroligt v\u00e4lsmakande Shishkaberry- och Blueberry-stammarna. Denna sort \u00e4r v\u00e4lk\u00e4nd f\u00f6r sin f\u00f6rf\u00f6riska smak \u2013 liknar l\u00e4ckra, nyplockade bl\u00e5b\u00e4r eller ett saftigt godis med bl\u00e5b\u00e4rssmak! Doften \u00e4r lika l\u00e4cker, med toner av jordn\u00e4ra bl\u00e5b\u00e4r, f\u00e4rsk tall och en skv\u00e4tt citron. Rocky Mountain Blueberry high \u00e4r lika s\u00f6t som den smakar, med stimulerande och uppiggande effekter som \u00e4r idealiska f\u00f6r att rusta upp f\u00f6r ett utomhus\u00e4ventyr. Du kommer att k\u00e4nna dig bekv\u00e4m men \u00e4nd\u00e5 f\u00f6rberedd f\u00f6r att g\u00e5 p\u00e5 en vandring, simma, springa eller vad som helst som h\u00e4nder dig n\u00e4r du \u00e4r ute. Denna st\u00e4mning kan ibland pirra n\u00e5got, vilket g\u00f6r att du k\u00e4nner dig lite orolig och l\u00e4tt upphetsad. Rocky Mountain Blueberry rapporteras vara idealisk f\u00f6r att behandla \u00e5kommor som utmattning, depression, huvudv\u00e4rk eller migr\u00e4n, och glaukom eller h\u00f6gt \u00f6gontryck p\u00e5 grund av dessa effekter och dess betydande 15-18 procent genomsnittliga THC-inneh\u00e5ll. M\u00f6rk olivgr\u00f6na nuddar med bl\u00e5 \u00f6vertoner och en bel\u00e4ggning av livfulla lavendelf\u00e4rgade trikomer k\u00e4nnetecknar denna knopp.<\/p>\n","protected":false},"excerpt":{"rendered":"<div class=\"woocommerce-product-details__short-description\">\n<p>Onlinek\u00f6p av Rocky Mountain Blueberry Stam. Rocky Mountain Blueberry \u00e4r en dominerande indicahybrid &#8211; 70% Indica \/ 30% Sativa. THC-inneh\u00e5ll i sativa: 15%\u201318%<\/p>\n<p>Rocky Mountain Blueberry \u00e4r en indicadominant hybridstam som f\u00f6ds upp fr\u00e5n de otroligt v\u00e4lsmakande Shishkaberry X Blueberry-f\u00f6r\u00e4ldrarna.<\/p>\n<\/p><\/div>\n","protected":false},"featured_media":5063,"comment_status":"open","ping_status":"closed","template":"","meta":[],"product_brand":[],"product_cat":[778],"product_tag":[998,999,996,997,1003,1002,1000,1001],"class_list":{"0":"post-5045","1":"product","2":"type-product","3":"status-publish","4":"has-post-thumbnail","6":"product_cat-ogras-till-salu","7":"product_tag-berg-br-kush-stam","8":"product_tag-berg-och","9":"product_tag-blbrsstam-allknopp","10":"product_tag-mikado-stam-blad","11":"product_tag-schweizisk-br-stam","12":"product_tag-shazam-stam-blad","13":"product_tag-grynig-berg-eld-stam","14":"product_tag-stenig-berg-hg-stam","16":"first","17":"instock","18":"shipping-taxable","19":"purchasable","20":"product-type-variable","21":"has-default-attributes"},"yoast_head":"<!-- This site is optimized with the Yoast SEO plugin v27.3 - https:\/\/yoast.com\/product\/yoast-seo-wordpress\/ -->\n<title>K\u00f6p Rocky Mountain Blueberry Strain - Best Global Meds<\/title>\n<meta name=\"description\" content=\"K\u00f6p Rocky Mountain Blueberry Stam Rocky Mountain Blueberry \u00e4r Indica Dominant Hybrid - 70% Indica \/ 30% Sativa THC: 15% - 18% Effekter v\u00e4ckta, kreativa.\" \/>\n<meta name=\"robots\" content=\"index, follow, max-snippet:-1, max-image-preview:large, max-video-preview:-1\" \/>\n<link rel=\"canonical\" href=\"https:\/\/medicinasinc.com\/se\/product\/kopa-stenigt-berg-blabar\/\" \/>\n<meta property=\"og:locale\" content=\"sv_SE\" \/>\n<meta property=\"og:type\" content=\"article\" \/>\n<meta property=\"og:title\" content=\"K\u00f6p Rocky Mountain Blueberry Strain - Best Global Meds\" \/>\n<meta property=\"og:description\" content=\"K\u00f6p Rocky Mountain Blueberry Stam Rocky Mountain Blueberry \u00e4r Indica Dominant Hybrid - 70% Indica \/ 30% Sativa THC: 15% - 18% Effekter v\u00e4ckta, kreativa.\" \/>\n<meta property=\"og:url\" content=\"https:\/\/medicinasinc.com\/se\/product\/kopa-stenigt-berg-blabar\/\" \/>\n<meta property=\"og:site_name\" content=\"Medicinas Inc\" \/>\n<meta property=\"article:modified_time\" content=\"2022-07-03T23:58:20+00:00\" \/>\n<meta property=\"og:image\" content=\"https:\/\/medicinasinc.com\/se\/wp-content\/uploads\/sites\/16\/2022\/02\/Buy-Rocky-Mountain-Blueberry.jpg\" \/>\n\t<meta property=\"og:image:width\" content=\"1200\" \/>\n\t<meta property=\"og:image:height\" content=\"630\" \/>\n\t<meta property=\"og:image:type\" content=\"image\/jpeg\" \/>\n<meta name=\"twitter:card\" content=\"summary_large_image\" \/>\n<meta name=\"twitter:label1\" content=\"Ber\u00e4knad l\u00e4stid\" \/>\n\t<meta name=\"twitter:data1\" content=\"1 minut\" \/>\n<script type=\"application\/ld+json\" class=\"yoast-schema-graph\">{\"@context\":\"https:\\\/\\\/schema.org\",\"@graph\":[{\"@type\":\"WebPage\",\"@id\":\"https:\\\/\\\/medicinasinc.com\\\/se\\\/product\\\/kopa-stenigt-berg-blabar\\\/\",\"url\":\"https:\\\/\\\/medicinasinc.com\\\/se\\\/product\\\/kopa-stenigt-berg-blabar\\\/\",\"name\":\"K\u00f6p Rocky Mountain Blueberry Strain - Best Global Meds\",\"isPartOf\":{\"@id\":\"https:\\\/\\\/medicinasinc.com\\\/se\\\/#website\"},\"primaryImageOfPage\":{\"@id\":\"https:\\\/\\\/medicinasinc.com\\\/se\\\/product\\\/kopa-stenigt-berg-blabar\\\/#primaryimage\"},\"image\":{\"@id\":\"https:\\\/\\\/medicinasinc.com\\\/se\\\/product\\\/kopa-stenigt-berg-blabar\\\/#primaryimage\"},\"thumbnailUrl\":\"https:\\\/\\\/medicinasinc.com\\\/se\\\/wp-content\\\/uploads\\\/sites\\\/16\\\/2022\\\/02\\\/Buy-Rocky-Mountain-Blueberry.jpg\",\"datePublished\":\"2022-02-20T19:32:59+00:00\",\"dateModified\":\"2022-07-03T23:58:20+00:00\",\"description\":\"K\u00f6p Rocky Mountain Blueberry Stam Rocky Mountain Blueberry \u00e4r Indica Dominant Hybrid - 70% Indica \\\/ 30% Sativa THC: 15% - 18% Effekter v\u00e4ckta, kreativa.\",\"breadcrumb\":{\"@id\":\"https:\\\/\\\/medicinasinc.com\\\/se\\\/product\\\/kopa-stenigt-berg-blabar\\\/#breadcrumb\"},\"inLanguage\":\"sv-SE\",\"potentialAction\":[{\"@type\":\"ReadAction\",\"target\":[\"https:\\\/\\\/medicinasinc.com\\\/se\\\/product\\\/kopa-stenigt-berg-blabar\\\/\"]}]},{\"@type\":\"ImageObject\",\"inLanguage\":\"sv-SE\",\"@id\":\"https:\\\/\\\/medicinasinc.com\\\/se\\\/product\\\/kopa-stenigt-berg-blabar\\\/#primaryimage\",\"url\":\"https:\\\/\\\/medicinasinc.com\\\/se\\\/wp-content\\\/uploads\\\/sites\\\/16\\\/2022\\\/02\\\/Buy-Rocky-Mountain-Blueberry.jpg\",\"contentUrl\":\"https:\\\/\\\/medicinasinc.com\\\/se\\\/wp-content\\\/uploads\\\/sites\\\/16\\\/2022\\\/02\\\/Buy-Rocky-Mountain-Blueberry.jpg\",\"width\":1200,\"height\":630},{\"@type\":\"BreadcrumbList\",\"@id\":\"https:\\\/\\\/medicinasinc.com\\\/se\\\/product\\\/kopa-stenigt-berg-blabar\\\/#breadcrumb\",\"itemListElement\":[{\"@type\":\"ListItem\",\"position\":1,\"name\":\"aff\u00e4r\",\"item\":\"https:\\\/\\\/medicinasinc.com\\\/se\\\/affar\\\/\"},{\"@type\":\"ListItem\",\"position\":2,\"name\":\"K\u00f6p Rocky Mountain Blueberry\"}]},{\"@type\":\"WebSite\",\"@id\":\"https:\\\/\\\/medicinasinc.com\\\/se\\\/#website\",\"url\":\"https:\\\/\\\/medicinasinc.com\\\/se\\\/\",\"name\":\"Medicinas Inc\",\"description\":\"Health Medical Clinic\",\"potentialAction\":[{\"@type\":\"SearchAction\",\"target\":{\"@type\":\"EntryPoint\",\"urlTemplate\":\"https:\\\/\\\/medicinasinc.com\\\/se\\\/?s={search_term_string}\"},\"query-input\":{\"@type\":\"PropertyValueSpecification\",\"valueRequired\":true,\"valueName\":\"search_term_string\"}}],\"inLanguage\":\"sv-SE\"}]}<\/script>\n<!-- \/ Yoast SEO plugin. -->","yoast_head_json":{"title":"K\u00f6p Rocky Mountain Blueberry Strain - Best Global Meds","description":"K\u00f6p Rocky Mountain Blueberry Stam Rocky Mountain Blueberry \u00e4r Indica Dominant Hybrid - 70% Indica \/ 30% Sativa THC: 15% - 18% Effekter v\u00e4ckta, kreativa.","robots":{"index":"index","follow":"follow","max-snippet":"max-snippet:-1","max-image-preview":"max-image-preview:large","max-video-preview":"max-video-preview:-1"},"canonical":"https:\/\/medicinasinc.com\/se\/product\/kopa-stenigt-berg-blabar\/","og_locale":"sv_SE","og_type":"article","og_title":"K\u00f6p Rocky Mountain Blueberry Strain - Best Global Meds","og_description":"K\u00f6p Rocky Mountain Blueberry Stam Rocky Mountain Blueberry \u00e4r Indica Dominant Hybrid - 70% Indica \/ 30% Sativa THC: 15% - 18% Effekter v\u00e4ckta, kreativa.","og_url":"https:\/\/medicinasinc.com\/se\/product\/kopa-stenigt-berg-blabar\/","og_site_name":"Medicinas Inc","article_modified_time":"2022-07-03T23:58:20+00:00","og_image":[{"width":1200,"height":630,"url":"https:\/\/medicinasinc.com\/se\/wp-content\/uploads\/sites\/16\/2022\/02\/Buy-Rocky-Mountain-Blueberry.jpg","type":"image\/jpeg"}],"twitter_card":"summary_large_image","twitter_misc":{"Ber\u00e4knad l\u00e4stid":"1 minut"},"schema":{"@context":"https:\/\/schema.org","@graph":[{"@type":"WebPage","@id":"https:\/\/medicinasinc.com\/se\/product\/kopa-stenigt-berg-blabar\/","url":"https:\/\/medicinasinc.com\/se\/product\/kopa-stenigt-berg-blabar\/","name":"K\u00f6p Rocky Mountain Blueberry Strain - Best Global Meds","isPartOf":{"@id":"https:\/\/medicinasinc.com\/se\/#website"},"primaryImageOfPage":{"@id":"https:\/\/medicinasinc.com\/se\/product\/kopa-stenigt-berg-blabar\/#primaryimage"},"image":{"@id":"https:\/\/medicinasinc.com\/se\/product\/kopa-stenigt-berg-blabar\/#primaryimage"},"thumbnailUrl":"https:\/\/medicinasinc.com\/se\/wp-content\/uploads\/sites\/16\/2022\/02\/Buy-Rocky-Mountain-Blueberry.jpg","datePublished":"2022-02-20T19:32:59+00:00","dateModified":"2022-07-03T23:58:20+00:00","description":"K\u00f6p Rocky Mountain Blueberry Stam Rocky Mountain Blueberry \u00e4r Indica Dominant Hybrid - 70% Indica \/ 30% Sativa THC: 15% - 18% Effekter v\u00e4ckta, kreativa.","breadcrumb":{"@id":"https:\/\/medicinasinc.com\/se\/product\/kopa-stenigt-berg-blabar\/#breadcrumb"},"inLanguage":"sv-SE","potentialAction":[{"@type":"ReadAction","target":["https:\/\/medicinasinc.com\/se\/product\/kopa-stenigt-berg-blabar\/"]}]},{"@type":"ImageObject","inLanguage":"sv-SE","@id":"https:\/\/medicinasinc.com\/se\/product\/kopa-stenigt-berg-blabar\/#primaryimage","url":"https:\/\/medicinasinc.com\/se\/wp-content\/uploads\/sites\/16\/2022\/02\/Buy-Rocky-Mountain-Blueberry.jpg","contentUrl":"https:\/\/medicinasinc.com\/se\/wp-content\/uploads\/sites\/16\/2022\/02\/Buy-Rocky-Mountain-Blueberry.jpg","width":1200,"height":630},{"@type":"BreadcrumbList","@id":"https:\/\/medicinasinc.com\/se\/product\/kopa-stenigt-berg-blabar\/#breadcrumb","itemListElement":[{"@type":"ListItem","position":1,"name":"aff\u00e4r","item":"https:\/\/medicinasinc.com\/se\/affar\/"},{"@type":"ListItem","position":2,"name":"K\u00f6p Rocky Mountain Blueberry"}]},{"@type":"WebSite","@id":"https:\/\/medicinasinc.com\/se\/#website","url":"https:\/\/medicinasinc.com\/se\/","name":"Medicinas Inc","description":"Health Medical Clinic","potentialAction":[{"@type":"SearchAction","target":{"@type":"EntryPoint","urlTemplate":"https:\/\/medicinasinc.com\/se\/?s={search_term_string}"},"query-input":{"@type":"PropertyValueSpecification","valueRequired":true,"valueName":"search_term_string"}}],"inLanguage":"sv-SE"}]}},"_links":{"self":[{"href":"https:\/\/medicinasinc.com\/se\/wp-json\/wp\/v2\/product\/5045","targetHints":{"allow":["GET"]}}],"collection":[{"href":"https:\/\/medicinasinc.com\/se\/wp-json\/wp\/v2\/product"}],"about":[{"href":"https:\/\/medicinasinc.com\/se\/wp-json\/wp\/v2\/types\/product"}],"replies":[{"embeddable":true,"href":"https:\/\/medicinasinc.com\/se\/wp-json\/wp\/v2\/comments?post=5045"}],"wp:featuredmedia":[{"embeddable":true,"href":"https:\/\/medicinasinc.com\/se\/wp-json\/wp\/v2\/media\/5063"}],"wp:attachment":[{"href":"https:\/\/medicinasinc.com\/se\/wp-json\/wp\/v2\/media?parent=5045"}],"wp:term":[{"taxonomy":"product_brand","embeddable":true,"href":"https:\/\/medicinasinc.com\/se\/wp-json\/wp\/v2\/product_brand?post=5045"},{"taxonomy":"product_cat","embeddable":true,"href":"https:\/\/medicinasinc.com\/se\/wp-json\/wp\/v2\/product_cat?post=5045"},{"taxonomy":"product_tag","embeddable":true,"href":"https:\/\/medicinasinc.com\/se\/wp-json\/wp\/v2\/product_tag?post=5045"}],"curies":[{"name":"wp","href":"https:\/\/api.w.org\/{rel}","templated":true}]}}