{"id":5044,"date":"2022-02-20T19:31:39","date_gmt":"2022-02-20T19:31:39","guid":{"rendered":"https:\/\/medicinasinc.com\/se\/?post_type=product&#038;p=5044"},"modified":"2022-07-03T23:58:30","modified_gmt":"2022-07-03T23:58:30","slug":"kopa-lila-vrak-marijuana","status":"publish","type":"product","link":"https:\/\/medicinasinc.com\/se\/product\/kopa-lila-vrak-marijuana\/","title":{"rendered":"K\u00f6p Purple Wreck Marijuana"},"content":{"rendered":"<div class=\"et_pb_column et_pb_column_3_8 et_pb_column_inner et_pb_column_inner_4 \">\n<div> f\u00f6r Marianne Wrecke <\/p>\n<p>&#8221; indica-dominant hybridstam som har f\u00f6rm\u00e5gan att imponera \u00e4ven den mest rutinerade cannabiskonsumenten. Purple Wreck \u00e4r en blandning mellan den extremt popul\u00e4ra sativa Trainwreck och den f\u00e4rgglada, aromatiska Purple Urkle. Den skapades av DNA Genetics, de k\u00e4nda uppf\u00f6darna bakom Chocolope och LA Confidential. Purple Wreck \u00e4r ett utm\u00e4rkt val f\u00f6r dagens slut p\u00e5 grund av dess starka, lugnande kroppsh\u00f6jda och dj\u00e4rva smak. Analytical 360, en testanl\u00e4ggning f\u00f6r cannabis, uppt\u00e4ckte att prover av stammen inneh\u00f6ll THC-niv\u00e5er fr\u00e5n 10 % till h\u00e4pnadsv\u00e4ckande 31 %.<\/p>\n<p>Purple Wreck k\u00e4nnetecknas av sina enorma, perfekt formade blommor. Dessa knoppar ser ut som miniatyrjulgranar, avsmalnande fr\u00e5n en bred bas till en spetsig spets. Deras struktur ser ut att vara en korsning mellan indica och sativa \u2013 \u00e4ven om de \u00e4r kompakta och t\u00e4ta p\u00e5 insidan, spiralerar bladen ut\u00e5t med en fluffig textur p\u00e5 utsidan. Stammens verkliga stj\u00e4rna \u00e4r dessa blad, som bl\u00e4ndar konsumenterna med en fl\u00e4ckig kombination av olivgr\u00f6nt, lila och violett. Dessa lila nyanser orsakas av kallare v\u00e4der \u00e4n genomsnittet som aktiverar antocyaninpigment i stammens DNA. Slutligen t\u00e4cker klibbiga vita trikomer hela ytan p\u00e5 dessa enorma klumpar, vilket ger ett daggigt, frostigt utseende.<\/p>\n<p>Cannabishybrider \u00e4r en korsning mellan indica- och sativa-stammar. Medan konversationer om cannabisstammar tenderar att fokusera p\u00e5 skillnaderna mellan sativa och indica, \u00e4r detta bara en aspekt av bilden. Faktum \u00e4r att majoriteten av de marijuanasorter som finns tillg\u00e4ngliga nu \u00e4r inte rena sativa. Vanligtvis kommer de att vara indica- eller sativa-dominanta hybrider, eller en 50\/50-kombination av de tv\u00e5. Purple Wreck Purchase Online<\/p>\n<p> Purple Wreck Purchase Online<\/p>\n<\/p><\/div><\/div><\/div>\n<div class=\"product-next-previous\">\n<div class=\"product- f\u00f6reg\u00e5ende\"><\/div><\/div>\n","protected":false},"excerpt":{"rendered":"<p>Lila vrak &#8211; K\u00f6p Purple Wreck Online &#8211; Purple Wreck \u00e4r en indicadominant hybrid som har f\u00f6rm\u00e5gan att imponera \u00e4ven den mest erfarna cannabisanv\u00e4ndaren.<\/p>\n<p>Purple Wreck Marijuana-stam kan k\u00f6pas online.<\/p>\n<p>Purple Wreck Marijuana \u00e4r en Indica stam av marijuana. Dominant hybrid &#8211; 60 % Indica \/ 40 % Sativa THC-inneh\u00e5ll i sativa: 18\u201325 %<\/p>\n<p>1 oz. minsta best\u00e4llning<\/p>\n<p>&nbsp;<\/p>\n","protected":false},"featured_media":5061,"comment_status":"open","ping_status":"closed","template":"","meta":[],"product_brand":[],"product_cat":[778],"product_tag":[988,990,989,991,992,993,994,995],"class_list":{"0":"post-5044","1":"product","2":"type-product","3":"status-publish","4":"has-post-thumbnail","6":"product_cat-ogras-till-salu","7":"product_tag-lila-tgvrak-pris","8":"product_tag-lila-tgvrak-stam-recension","9":"product_tag-lila-tgvrak-stam-effekter","10":"product_tag-lila-vrak-blad","11":"product_tag-lila-vrak-sativa-eller-indica","12":"product_tag-lila-vrak-stam-allbud","13":"product_tag-lila-vrak-stam-reserva-privada","14":"product_tag-tgvrak-stam-pris","16":"first","17":"instock","18":"shipping-taxable","19":"purchasable","20":"product-type-simple"},"yoast_head":"<!-- This site is optimized with the Yoast SEO plugin v27.3 - https:\/\/yoast.com\/product\/yoast-seo-wordpress\/ -->\n<title>K\u00f6p Purple Wreck Marijuana - B\u00e4sta b\u00e4sta globala medicinen<\/title>\n<meta name=\"description\" content=\"K\u00f6p Purple Wreck marijuana Online - Purple Wreck \u00e4r en indica-dominant hybrid med kraften att imponera p\u00e5 \u00e4ven erfarna cannabiskonsumenter.\" \/>\n<meta name=\"robots\" content=\"index, follow, max-snippet:-1, max-image-preview:large, max-video-preview:-1\" \/>\n<link rel=\"canonical\" href=\"https:\/\/medicinasinc.com\/se\/product\/kopa-lila-vrak-marijuana\/\" \/>\n<meta property=\"og:locale\" content=\"sv_SE\" \/>\n<meta property=\"og:type\" content=\"article\" \/>\n<meta property=\"og:title\" content=\"K\u00f6p Purple Wreck Marijuana - B\u00e4sta b\u00e4sta globala medicinen\" \/>\n<meta property=\"og:description\" content=\"K\u00f6p Purple Wreck marijuana Online - Purple Wreck \u00e4r en indica-dominant hybrid med kraften att imponera p\u00e5 \u00e4ven erfarna cannabiskonsumenter.\" \/>\n<meta property=\"og:url\" content=\"https:\/\/medicinasinc.com\/se\/product\/kopa-lila-vrak-marijuana\/\" \/>\n<meta property=\"og:site_name\" content=\"Medicinas Inc\" \/>\n<meta property=\"article:modified_time\" content=\"2022-07-03T23:58:30+00:00\" \/>\n<meta property=\"og:image\" content=\"https:\/\/medicinasinc.com\/se\/wp-content\/uploads\/sites\/16\/2022\/02\/Buy-Purple-Wreck-Marijuana-1.jpg\" \/>\n\t<meta property=\"og:image:width\" content=\"1245\" \/>\n\t<meta property=\"og:image:height\" content=\"1024\" \/>\n\t<meta property=\"og:image:type\" content=\"image\/jpeg\" \/>\n<meta name=\"twitter:card\" content=\"summary_large_image\" \/>\n<meta name=\"twitter:label1\" content=\"Ber\u00e4knad l\u00e4stid\" \/>\n\t<meta name=\"twitter:data1\" content=\"2 minuter\" \/>\n<script type=\"application\/ld+json\" class=\"yoast-schema-graph\">{\"@context\":\"https:\\\/\\\/schema.org\",\"@graph\":[{\"@type\":\"WebPage\",\"@id\":\"https:\\\/\\\/medicinasinc.com\\\/se\\\/product\\\/kopa-lila-vrak-marijuana\\\/\",\"url\":\"https:\\\/\\\/medicinasinc.com\\\/se\\\/product\\\/kopa-lila-vrak-marijuana\\\/\",\"name\":\"K\u00f6p Purple Wreck Marijuana - B\u00e4sta b\u00e4sta globala medicinen\",\"isPartOf\":{\"@id\":\"https:\\\/\\\/medicinasinc.com\\\/se\\\/#website\"},\"primaryImageOfPage\":{\"@id\":\"https:\\\/\\\/medicinasinc.com\\\/se\\\/product\\\/kopa-lila-vrak-marijuana\\\/#primaryimage\"},\"image\":{\"@id\":\"https:\\\/\\\/medicinasinc.com\\\/se\\\/product\\\/kopa-lila-vrak-marijuana\\\/#primaryimage\"},\"thumbnailUrl\":\"https:\\\/\\\/medicinasinc.com\\\/se\\\/wp-content\\\/uploads\\\/sites\\\/16\\\/2022\\\/02\\\/Buy-Purple-Wreck-Marijuana-1.jpg\",\"datePublished\":\"2022-02-20T19:31:39+00:00\",\"dateModified\":\"2022-07-03T23:58:30+00:00\",\"description\":\"K\u00f6p Purple Wreck marijuana Online - Purple Wreck \u00e4r en indica-dominant hybrid med kraften att imponera p\u00e5 \u00e4ven erfarna cannabiskonsumenter.\",\"breadcrumb\":{\"@id\":\"https:\\\/\\\/medicinasinc.com\\\/se\\\/product\\\/kopa-lila-vrak-marijuana\\\/#breadcrumb\"},\"inLanguage\":\"sv-SE\",\"potentialAction\":[{\"@type\":\"ReadAction\",\"target\":[\"https:\\\/\\\/medicinasinc.com\\\/se\\\/product\\\/kopa-lila-vrak-marijuana\\\/\"]}]},{\"@type\":\"ImageObject\",\"inLanguage\":\"sv-SE\",\"@id\":\"https:\\\/\\\/medicinasinc.com\\\/se\\\/product\\\/kopa-lila-vrak-marijuana\\\/#primaryimage\",\"url\":\"https:\\\/\\\/medicinasinc.com\\\/se\\\/wp-content\\\/uploads\\\/sites\\\/16\\\/2022\\\/02\\\/Buy-Purple-Wreck-Marijuana-1.jpg\",\"contentUrl\":\"https:\\\/\\\/medicinasinc.com\\\/se\\\/wp-content\\\/uploads\\\/sites\\\/16\\\/2022\\\/02\\\/Buy-Purple-Wreck-Marijuana-1.jpg\",\"width\":1245,\"height\":1024},{\"@type\":\"BreadcrumbList\",\"@id\":\"https:\\\/\\\/medicinasinc.com\\\/se\\\/product\\\/kopa-lila-vrak-marijuana\\\/#breadcrumb\",\"itemListElement\":[{\"@type\":\"ListItem\",\"position\":1,\"name\":\"aff\u00e4r\",\"item\":\"https:\\\/\\\/medicinasinc.com\\\/se\\\/affar\\\/\"},{\"@type\":\"ListItem\",\"position\":2,\"name\":\"K\u00f6p Purple Wreck Marijuana\"}]},{\"@type\":\"WebSite\",\"@id\":\"https:\\\/\\\/medicinasinc.com\\\/se\\\/#website\",\"url\":\"https:\\\/\\\/medicinasinc.com\\\/se\\\/\",\"name\":\"Medicinas Inc\",\"description\":\"Health Medical Clinic\",\"potentialAction\":[{\"@type\":\"SearchAction\",\"target\":{\"@type\":\"EntryPoint\",\"urlTemplate\":\"https:\\\/\\\/medicinasinc.com\\\/se\\\/?s={search_term_string}\"},\"query-input\":{\"@type\":\"PropertyValueSpecification\",\"valueRequired\":true,\"valueName\":\"search_term_string\"}}],\"inLanguage\":\"sv-SE\"}]}<\/script>\n<!-- \/ Yoast SEO plugin. -->","yoast_head_json":{"title":"K\u00f6p Purple Wreck Marijuana - B\u00e4sta b\u00e4sta globala medicinen","description":"K\u00f6p Purple Wreck marijuana Online - Purple Wreck \u00e4r en indica-dominant hybrid med kraften att imponera p\u00e5 \u00e4ven erfarna cannabiskonsumenter.","robots":{"index":"index","follow":"follow","max-snippet":"max-snippet:-1","max-image-preview":"max-image-preview:large","max-video-preview":"max-video-preview:-1"},"canonical":"https:\/\/medicinasinc.com\/se\/product\/kopa-lila-vrak-marijuana\/","og_locale":"sv_SE","og_type":"article","og_title":"K\u00f6p Purple Wreck Marijuana - B\u00e4sta b\u00e4sta globala medicinen","og_description":"K\u00f6p Purple Wreck marijuana Online - Purple Wreck \u00e4r en indica-dominant hybrid med kraften att imponera p\u00e5 \u00e4ven erfarna cannabiskonsumenter.","og_url":"https:\/\/medicinasinc.com\/se\/product\/kopa-lila-vrak-marijuana\/","og_site_name":"Medicinas Inc","article_modified_time":"2022-07-03T23:58:30+00:00","og_image":[{"width":1245,"height":1024,"url":"https:\/\/medicinasinc.com\/se\/wp-content\/uploads\/sites\/16\/2022\/02\/Buy-Purple-Wreck-Marijuana-1.jpg","type":"image\/jpeg"}],"twitter_card":"summary_large_image","twitter_misc":{"Ber\u00e4knad l\u00e4stid":"2 minuter"},"schema":{"@context":"https:\/\/schema.org","@graph":[{"@type":"WebPage","@id":"https:\/\/medicinasinc.com\/se\/product\/kopa-lila-vrak-marijuana\/","url":"https:\/\/medicinasinc.com\/se\/product\/kopa-lila-vrak-marijuana\/","name":"K\u00f6p Purple Wreck Marijuana - B\u00e4sta b\u00e4sta globala medicinen","isPartOf":{"@id":"https:\/\/medicinasinc.com\/se\/#website"},"primaryImageOfPage":{"@id":"https:\/\/medicinasinc.com\/se\/product\/kopa-lila-vrak-marijuana\/#primaryimage"},"image":{"@id":"https:\/\/medicinasinc.com\/se\/product\/kopa-lila-vrak-marijuana\/#primaryimage"},"thumbnailUrl":"https:\/\/medicinasinc.com\/se\/wp-content\/uploads\/sites\/16\/2022\/02\/Buy-Purple-Wreck-Marijuana-1.jpg","datePublished":"2022-02-20T19:31:39+00:00","dateModified":"2022-07-03T23:58:30+00:00","description":"K\u00f6p Purple Wreck marijuana Online - Purple Wreck \u00e4r en indica-dominant hybrid med kraften att imponera p\u00e5 \u00e4ven erfarna cannabiskonsumenter.","breadcrumb":{"@id":"https:\/\/medicinasinc.com\/se\/product\/kopa-lila-vrak-marijuana\/#breadcrumb"},"inLanguage":"sv-SE","potentialAction":[{"@type":"ReadAction","target":["https:\/\/medicinasinc.com\/se\/product\/kopa-lila-vrak-marijuana\/"]}]},{"@type":"ImageObject","inLanguage":"sv-SE","@id":"https:\/\/medicinasinc.com\/se\/product\/kopa-lila-vrak-marijuana\/#primaryimage","url":"https:\/\/medicinasinc.com\/se\/wp-content\/uploads\/sites\/16\/2022\/02\/Buy-Purple-Wreck-Marijuana-1.jpg","contentUrl":"https:\/\/medicinasinc.com\/se\/wp-content\/uploads\/sites\/16\/2022\/02\/Buy-Purple-Wreck-Marijuana-1.jpg","width":1245,"height":1024},{"@type":"BreadcrumbList","@id":"https:\/\/medicinasinc.com\/se\/product\/kopa-lila-vrak-marijuana\/#breadcrumb","itemListElement":[{"@type":"ListItem","position":1,"name":"aff\u00e4r","item":"https:\/\/medicinasinc.com\/se\/affar\/"},{"@type":"ListItem","position":2,"name":"K\u00f6p Purple Wreck Marijuana"}]},{"@type":"WebSite","@id":"https:\/\/medicinasinc.com\/se\/#website","url":"https:\/\/medicinasinc.com\/se\/","name":"Medicinas Inc","description":"Health Medical Clinic","potentialAction":[{"@type":"SearchAction","target":{"@type":"EntryPoint","urlTemplate":"https:\/\/medicinasinc.com\/se\/?s={search_term_string}"},"query-input":{"@type":"PropertyValueSpecification","valueRequired":true,"valueName":"search_term_string"}}],"inLanguage":"sv-SE"}]}},"_links":{"self":[{"href":"https:\/\/medicinasinc.com\/se\/wp-json\/wp\/v2\/product\/5044","targetHints":{"allow":["GET"]}}],"collection":[{"href":"https:\/\/medicinasinc.com\/se\/wp-json\/wp\/v2\/product"}],"about":[{"href":"https:\/\/medicinasinc.com\/se\/wp-json\/wp\/v2\/types\/product"}],"replies":[{"embeddable":true,"href":"https:\/\/medicinasinc.com\/se\/wp-json\/wp\/v2\/comments?post=5044"}],"wp:featuredmedia":[{"embeddable":true,"href":"https:\/\/medicinasinc.com\/se\/wp-json\/wp\/v2\/media\/5061"}],"wp:attachment":[{"href":"https:\/\/medicinasinc.com\/se\/wp-json\/wp\/v2\/media?parent=5044"}],"wp:term":[{"taxonomy":"product_brand","embeddable":true,"href":"https:\/\/medicinasinc.com\/se\/wp-json\/wp\/v2\/product_brand?post=5044"},{"taxonomy":"product_cat","embeddable":true,"href":"https:\/\/medicinasinc.com\/se\/wp-json\/wp\/v2\/product_cat?post=5044"},{"taxonomy":"product_tag","embeddable":true,"href":"https:\/\/medicinasinc.com\/se\/wp-json\/wp\/v2\/product_tag?post=5044"}],"curies":[{"name":"wp","href":"https:\/\/api.w.org\/{rel}","templated":true}]}}