{"id":5037,"date":"2022-02-20T19:24:52","date_gmt":"2022-02-20T19:24:52","guid":{"rendered":"https:\/\/medicinasinc.com\/se\/?post_type=product&#038;p=5037"},"modified":"2022-07-03T23:58:43","modified_gmt":"2022-07-03T23:58:43","slug":"kopa-nirvana-special-cannabis","status":"publish","type":"product","link":"https:\/\/medicinasinc.com\/se\/product\/kopa-nirvana-special-cannabis\/","title":{"rendered":"K\u00f6p Nirvana Special Cannabis"},"content":{"rendered":"<p>Nirvana Special \u00e4r en unik sativa-dominerande hybridstam (75 % sativa\/25 % indica) framst\u00e4lld genom att blanda de ikoniska Jock Horror- och Oaxacan Sativa-stammarna. Denna lugna knopp vann 2008 \u00e5rs HighLife Cup i Amsterdam och tog hem guldmedaljen f\u00f6r b\u00e4sta bio totalt. Med sitt kraftfulla funktionella men \u00e4nd\u00e5 kreativa h\u00f6ga och fantastiska genomsnittliga THC-inneh\u00e5ll p\u00e5 26-27 procent \u00e4r det inte konstigt att Nirvana Special \u00e4r en s\u00e5 popul\u00e4r stam! Nirvana Special high b\u00f6rjar med en explosion av f\u00f6rh\u00f6jd energi som g\u00f6r att du k\u00e4nner dig glad och motiverad. Du kommer att k\u00e4nna dig pigg och extremt kreativ, vilket g\u00f6r den h\u00e4r utm\u00e4rkt f\u00f6r alla mentala sysslor som finns till hands eller helt enkelt att komma ut. Dessa effekter, tillsammans med det h\u00f6ga THC-inneh\u00e5llet, g\u00f6r Nirvana Special idealisk f\u00f6r behandling av kronisk tr\u00f6tthet, depression, kronisk stress, s\u00f6mnl\u00f6shet och aptitl\u00f6shet. Denna knopp har en s\u00f6t och fruktig skunky smak med en utandning som \u00e4r ganska syrlig. Doften \u00e4r n\u00e5got skunky och aromatisk, med en stark syrlig fruktig \u00f6verton. Nirvana Special knoppar \u00e4r fluffiga, popcornformade mintgr\u00f6na nuddar t\u00e4ckta av bleka sandiga kristalltrikomer.<\/p>\n<p>Sativa Dominant Hybrid \u2013 75 % Sativa \/ 25 % Indica<\/p>\n<p>THC: 26-27 % <\/p>\n<p>Vanligt bruk: depression, tr\u00f6tthet, s\u00f6mnl\u00f6shet, aptitl\u00f6shet, stress<\/p>\n<p>Effekter: kreativ, energigivande, glad, motivation, upplyftande<\/p>\n","protected":false},"excerpt":{"rendered":"<p>Nirvana Special Cannabis Stam USA. Detta \u00e4r en s\u00e4llsynt dominant hybridstam (75 % sativa\/25 % indica).<em>K\u00f6p Nirvana Special Cannabis<\/em>\u00a0Stam.<\/p>\n","protected":false},"featured_media":5054,"comment_status":"open","ping_status":"closed","template":"","meta":[],"product_brand":[],"product_cat":[778],"product_tag":[],"class_list":{"0":"post-5037","1":"product","2":"type-product","3":"status-publish","4":"has-post-thumbnail","6":"product_cat-ogras-till-salu","8":"first","9":"instock","10":"shipping-taxable","11":"purchasable","12":"product-type-variable","13":"has-default-attributes"},"yoast_head":"<!-- This site is optimized with the Yoast SEO plugin v27.3 - https:\/\/yoast.com\/product\/yoast-seo-wordpress\/ -->\n<title>K\u00f6p Nirvana Special Cannabis - B\u00e4sta b\u00e4sta globala medicinerna<\/title>\n<meta name=\"description\" content=\"Nirvana Special Cannabis Stam USA. Detta \u00e4r en s\u00e4llsynt dominant hybridstam (75 % sativa\/25 % indica). K\u00f6p Nirvana Special Cannabis Strain.\" \/>\n<meta name=\"robots\" content=\"index, follow, max-snippet:-1, max-image-preview:large, max-video-preview:-1\" \/>\n<link rel=\"canonical\" href=\"https:\/\/medicinasinc.com\/se\/product\/kopa-nirvana-special-cannabis\/\" \/>\n<meta property=\"og:locale\" content=\"sv_SE\" \/>\n<meta property=\"og:type\" content=\"article\" \/>\n<meta property=\"og:title\" content=\"K\u00f6p Nirvana Special Cannabis - B\u00e4sta b\u00e4sta globala medicinerna\" \/>\n<meta property=\"og:description\" content=\"Nirvana Special Cannabis Stam USA. Detta \u00e4r en s\u00e4llsynt dominant hybridstam (75 % sativa\/25 % indica). K\u00f6p Nirvana Special Cannabis Strain.\" \/>\n<meta property=\"og:url\" content=\"https:\/\/medicinasinc.com\/se\/product\/kopa-nirvana-special-cannabis\/\" \/>\n<meta property=\"og:site_name\" content=\"Medicinas Inc\" \/>\n<meta property=\"article:modified_time\" content=\"2022-07-03T23:58:43+00:00\" \/>\n<meta property=\"og:image\" content=\"https:\/\/medicinasinc.com\/se\/wp-content\/uploads\/sites\/16\/2022\/02\/Buy-Nirvana-Special-Cannabis.jpg\" \/>\n\t<meta property=\"og:image:width\" content=\"1920\" \/>\n\t<meta property=\"og:image:height\" content=\"1920\" \/>\n\t<meta property=\"og:image:type\" content=\"image\/jpeg\" \/>\n<meta name=\"twitter:card\" content=\"summary_large_image\" \/>\n<meta name=\"twitter:label1\" content=\"Ber\u00e4knad l\u00e4stid\" \/>\n\t<meta name=\"twitter:data1\" content=\"1 minut\" \/>\n<script type=\"application\/ld+json\" class=\"yoast-schema-graph\">{\"@context\":\"https:\\\/\\\/schema.org\",\"@graph\":[{\"@type\":\"WebPage\",\"@id\":\"https:\\\/\\\/medicinasinc.com\\\/se\\\/product\\\/kopa-nirvana-special-cannabis\\\/\",\"url\":\"https:\\\/\\\/medicinasinc.com\\\/se\\\/product\\\/kopa-nirvana-special-cannabis\\\/\",\"name\":\"K\u00f6p Nirvana Special Cannabis - B\u00e4sta b\u00e4sta globala medicinerna\",\"isPartOf\":{\"@id\":\"https:\\\/\\\/medicinasinc.com\\\/se\\\/#website\"},\"primaryImageOfPage\":{\"@id\":\"https:\\\/\\\/medicinasinc.com\\\/se\\\/product\\\/kopa-nirvana-special-cannabis\\\/#primaryimage\"},\"image\":{\"@id\":\"https:\\\/\\\/medicinasinc.com\\\/se\\\/product\\\/kopa-nirvana-special-cannabis\\\/#primaryimage\"},\"thumbnailUrl\":\"https:\\\/\\\/medicinasinc.com\\\/se\\\/wp-content\\\/uploads\\\/sites\\\/16\\\/2022\\\/02\\\/Buy-Nirvana-Special-Cannabis.jpg\",\"datePublished\":\"2022-02-20T19:24:52+00:00\",\"dateModified\":\"2022-07-03T23:58:43+00:00\",\"description\":\"Nirvana Special Cannabis Stam USA. Detta \u00e4r en s\u00e4llsynt dominant hybridstam (75 % sativa\\\/25 % indica). K\u00f6p Nirvana Special Cannabis Strain.\",\"breadcrumb\":{\"@id\":\"https:\\\/\\\/medicinasinc.com\\\/se\\\/product\\\/kopa-nirvana-special-cannabis\\\/#breadcrumb\"},\"inLanguage\":\"sv-SE\",\"potentialAction\":[{\"@type\":\"ReadAction\",\"target\":[\"https:\\\/\\\/medicinasinc.com\\\/se\\\/product\\\/kopa-nirvana-special-cannabis\\\/\"]}]},{\"@type\":\"ImageObject\",\"inLanguage\":\"sv-SE\",\"@id\":\"https:\\\/\\\/medicinasinc.com\\\/se\\\/product\\\/kopa-nirvana-special-cannabis\\\/#primaryimage\",\"url\":\"https:\\\/\\\/medicinasinc.com\\\/se\\\/wp-content\\\/uploads\\\/sites\\\/16\\\/2022\\\/02\\\/Buy-Nirvana-Special-Cannabis.jpg\",\"contentUrl\":\"https:\\\/\\\/medicinasinc.com\\\/se\\\/wp-content\\\/uploads\\\/sites\\\/16\\\/2022\\\/02\\\/Buy-Nirvana-Special-Cannabis.jpg\",\"width\":1920,\"height\":1920},{\"@type\":\"BreadcrumbList\",\"@id\":\"https:\\\/\\\/medicinasinc.com\\\/se\\\/product\\\/kopa-nirvana-special-cannabis\\\/#breadcrumb\",\"itemListElement\":[{\"@type\":\"ListItem\",\"position\":1,\"name\":\"aff\u00e4r\",\"item\":\"https:\\\/\\\/medicinasinc.com\\\/se\\\/affar\\\/\"},{\"@type\":\"ListItem\",\"position\":2,\"name\":\"K\u00f6p Nirvana Special Cannabis\"}]},{\"@type\":\"WebSite\",\"@id\":\"https:\\\/\\\/medicinasinc.com\\\/se\\\/#website\",\"url\":\"https:\\\/\\\/medicinasinc.com\\\/se\\\/\",\"name\":\"Medicinas Inc\",\"description\":\"Health Medical Clinic\",\"potentialAction\":[{\"@type\":\"SearchAction\",\"target\":{\"@type\":\"EntryPoint\",\"urlTemplate\":\"https:\\\/\\\/medicinasinc.com\\\/se\\\/?s={search_term_string}\"},\"query-input\":{\"@type\":\"PropertyValueSpecification\",\"valueRequired\":true,\"valueName\":\"search_term_string\"}}],\"inLanguage\":\"sv-SE\"}]}<\/script>\n<!-- \/ Yoast SEO plugin. -->","yoast_head_json":{"title":"K\u00f6p Nirvana Special Cannabis - B\u00e4sta b\u00e4sta globala medicinerna","description":"Nirvana Special Cannabis Stam USA. Detta \u00e4r en s\u00e4llsynt dominant hybridstam (75 % sativa\/25 % indica). K\u00f6p Nirvana Special Cannabis Strain.","robots":{"index":"index","follow":"follow","max-snippet":"max-snippet:-1","max-image-preview":"max-image-preview:large","max-video-preview":"max-video-preview:-1"},"canonical":"https:\/\/medicinasinc.com\/se\/product\/kopa-nirvana-special-cannabis\/","og_locale":"sv_SE","og_type":"article","og_title":"K\u00f6p Nirvana Special Cannabis - B\u00e4sta b\u00e4sta globala medicinerna","og_description":"Nirvana Special Cannabis Stam USA. Detta \u00e4r en s\u00e4llsynt dominant hybridstam (75 % sativa\/25 % indica). K\u00f6p Nirvana Special Cannabis Strain.","og_url":"https:\/\/medicinasinc.com\/se\/product\/kopa-nirvana-special-cannabis\/","og_site_name":"Medicinas Inc","article_modified_time":"2022-07-03T23:58:43+00:00","og_image":[{"width":1920,"height":1920,"url":"https:\/\/medicinasinc.com\/se\/wp-content\/uploads\/sites\/16\/2022\/02\/Buy-Nirvana-Special-Cannabis.jpg","type":"image\/jpeg"}],"twitter_card":"summary_large_image","twitter_misc":{"Ber\u00e4knad l\u00e4stid":"1 minut"},"schema":{"@context":"https:\/\/schema.org","@graph":[{"@type":"WebPage","@id":"https:\/\/medicinasinc.com\/se\/product\/kopa-nirvana-special-cannabis\/","url":"https:\/\/medicinasinc.com\/se\/product\/kopa-nirvana-special-cannabis\/","name":"K\u00f6p Nirvana Special Cannabis - B\u00e4sta b\u00e4sta globala medicinerna","isPartOf":{"@id":"https:\/\/medicinasinc.com\/se\/#website"},"primaryImageOfPage":{"@id":"https:\/\/medicinasinc.com\/se\/product\/kopa-nirvana-special-cannabis\/#primaryimage"},"image":{"@id":"https:\/\/medicinasinc.com\/se\/product\/kopa-nirvana-special-cannabis\/#primaryimage"},"thumbnailUrl":"https:\/\/medicinasinc.com\/se\/wp-content\/uploads\/sites\/16\/2022\/02\/Buy-Nirvana-Special-Cannabis.jpg","datePublished":"2022-02-20T19:24:52+00:00","dateModified":"2022-07-03T23:58:43+00:00","description":"Nirvana Special Cannabis Stam USA. Detta \u00e4r en s\u00e4llsynt dominant hybridstam (75 % sativa\/25 % indica). K\u00f6p Nirvana Special Cannabis Strain.","breadcrumb":{"@id":"https:\/\/medicinasinc.com\/se\/product\/kopa-nirvana-special-cannabis\/#breadcrumb"},"inLanguage":"sv-SE","potentialAction":[{"@type":"ReadAction","target":["https:\/\/medicinasinc.com\/se\/product\/kopa-nirvana-special-cannabis\/"]}]},{"@type":"ImageObject","inLanguage":"sv-SE","@id":"https:\/\/medicinasinc.com\/se\/product\/kopa-nirvana-special-cannabis\/#primaryimage","url":"https:\/\/medicinasinc.com\/se\/wp-content\/uploads\/sites\/16\/2022\/02\/Buy-Nirvana-Special-Cannabis.jpg","contentUrl":"https:\/\/medicinasinc.com\/se\/wp-content\/uploads\/sites\/16\/2022\/02\/Buy-Nirvana-Special-Cannabis.jpg","width":1920,"height":1920},{"@type":"BreadcrumbList","@id":"https:\/\/medicinasinc.com\/se\/product\/kopa-nirvana-special-cannabis\/#breadcrumb","itemListElement":[{"@type":"ListItem","position":1,"name":"aff\u00e4r","item":"https:\/\/medicinasinc.com\/se\/affar\/"},{"@type":"ListItem","position":2,"name":"K\u00f6p Nirvana Special Cannabis"}]},{"@type":"WebSite","@id":"https:\/\/medicinasinc.com\/se\/#website","url":"https:\/\/medicinasinc.com\/se\/","name":"Medicinas Inc","description":"Health Medical Clinic","potentialAction":[{"@type":"SearchAction","target":{"@type":"EntryPoint","urlTemplate":"https:\/\/medicinasinc.com\/se\/?s={search_term_string}"},"query-input":{"@type":"PropertyValueSpecification","valueRequired":true,"valueName":"search_term_string"}}],"inLanguage":"sv-SE"}]}},"_links":{"self":[{"href":"https:\/\/medicinasinc.com\/se\/wp-json\/wp\/v2\/product\/5037","targetHints":{"allow":["GET"]}}],"collection":[{"href":"https:\/\/medicinasinc.com\/se\/wp-json\/wp\/v2\/product"}],"about":[{"href":"https:\/\/medicinasinc.com\/se\/wp-json\/wp\/v2\/types\/product"}],"replies":[{"embeddable":true,"href":"https:\/\/medicinasinc.com\/se\/wp-json\/wp\/v2\/comments?post=5037"}],"wp:featuredmedia":[{"embeddable":true,"href":"https:\/\/medicinasinc.com\/se\/wp-json\/wp\/v2\/media\/5054"}],"wp:attachment":[{"href":"https:\/\/medicinasinc.com\/se\/wp-json\/wp\/v2\/media?parent=5037"}],"wp:term":[{"taxonomy":"product_brand","embeddable":true,"href":"https:\/\/medicinasinc.com\/se\/wp-json\/wp\/v2\/product_brand?post=5037"},{"taxonomy":"product_cat","embeddable":true,"href":"https:\/\/medicinasinc.com\/se\/wp-json\/wp\/v2\/product_cat?post=5037"},{"taxonomy":"product_tag","embeddable":true,"href":"https:\/\/medicinasinc.com\/se\/wp-json\/wp\/v2\/product_tag?post=5037"}],"curies":[{"name":"wp","href":"https:\/\/api.w.org\/{rel}","templated":true}]}}