{"id":5020,"date":"2022-02-20T19:11:16","date_gmt":"2022-02-20T19:11:16","guid":{"rendered":"https:\/\/medicinasinc.com\/se\/?post_type=product&#038;p=5020"},"modified":"2022-07-03T23:58:57","modified_gmt":"2022-07-03T23:58:57","slug":"kopa-mor-till-drakar-marijuana","status":"publish","type":"product","link":"https:\/\/medicinasinc.com\/se\/product\/kopa-mor-till-drakar-marijuana\/","title":{"rendered":"K\u00f6p Mother of Dragons Marijuana"},"content":{"rendered":"<p>Ink\u00f6p av marijuana Mother of Dragons<\/p>\n<p>Mother of Dragons \u00e4r en mycket s\u00e4llsynt j\u00e4mnt balanserad hybrid (50 procent Indica\/50 procent Sativa) stam med ok\u00e4nd h\u00e4rkomst p\u00e5 grund av uppf\u00f6darhemligheter och en allm\u00e4n brist p\u00e5 kunskap om dess ursprung. Uppkallad efter den ber\u00f6mda Daenerys Targaryen fr\u00e5n Game of Thrones, har denna s\u00e4llsynta stam en eldig smak som kommer att s\u00e4tta eld p\u00e5 dina smakl\u00f6kar. Doften \u00e4r en match made in heaven, med en tung och stickande kushy skunky \u00f6verton och en mycket kryddig gr\u00e4sbevuxen effekt som frig\u00f6rs n\u00e4r nummarna brinner. Efter bara n\u00e5gra tr\u00e4ffar kommer Drakmors h\u00f6g att l\u00e4mna dig upplyft och dina tankar skjuta i h\u00f6jden i timmar i str\u00e4ck. Det b\u00f6rjar med ett cerebralt inflytande som transporterar ditt sinne till ett tillst\u00e5nd av perfekt extas och din sj\u00e4l till ett tillst\u00e5nd av ren bel\u00e5tenhet. Medan ditt sinne och din ande flyger \u00f6ver himlen kommer din kropp att uppleva en mild niv\u00e5 av avslappning, vilket kan l\u00e4mna en viss k\u00e4nsla av d\u00e5sighet. Detta hum\u00f6r har varit k\u00e4nt f\u00f6r att orsaka \u00e5ngest hos vissa m\u00e4nniskor, s\u00e5 undvik det om du \u00e4r ben\u00e4gen att det. Mother of Dragons \u00e4r ett idealiskt alternativ f\u00f6r personer som lider av kronisk stress, sorg, hum\u00f6rsv\u00e4ngningar och kronisk sm\u00e4rta p\u00e5 grund av dessa effekter plus dess h\u00f6ga 23-28 procent genomsnittliga THC-inneh\u00e5ll. Denna knopp \u00e4r sammansatt av druvformade skogsgr\u00f6na nuddar t\u00e4ckta med h\u00e5riga b\u00e4rnstensh\u00e5r och trikomer av bl\u00e4ndande b\u00e4rnstenskristaller.<\/p>\n<p>K\u00f6p Mother of Dragons Marijuana nu fr\u00e5n Tegridy Farms Cannabis Dispensary online<\/p>\n","protected":false},"excerpt":{"rendered":"<div class=\"woocommerce-product-details__short-description\">\n<p>K\u00f6p Mother of Dragons Marijuana billigt online. Drakmors marijuana \u00e4r hybrid \u2013 50 % Sativa \/50 % Indica THC: 23 % \u2013 28 %<\/p>\n<div class=\"woocommerce-product-details__short-description\">\n<p><strong>Budstorlek<\/strong>: Liten \u2013 Medium<br \/> <strong>Stamtyp<\/strong>: 40 % Indica 60 % Sativa<br \/> <strong>Textur<\/strong>: Normal \u2013 Klibbig<br \/> <strong>Smak<\/strong>: \u00d6rt | S\u00f6t<br \/> <strong>Medicinsk anv\u00e4ndning<\/strong>: \u00c5ngest | Kronisk sm\u00e4rta | Depression | Stress<br \/> <strong>THC-inneh\u00e5ll<\/strong>: 26 % H\u00f6gsta test\u00a0<strong>CBD<\/strong>: &gt;1 %<\/p>\n<\/p><\/div>\n<p class=\"stock out-of- lager\"> <\/div>\n","protected":false},"featured_media":5038,"comment_status":"open","ping_status":"closed","template":"","meta":[],"product_brand":[],"product_cat":[778],"product_tag":[960,983,961,962,964,455,967,968,969,461,973,978,975,976,977,615,970,971,972,974,963,965,966,979,980,981,982,984,985,986,987,480],"class_list":{"0":"post-5020","1":"product","2":"type-product","3":"status-publish","4":"has-post-thumbnail","6":"product_cat-ogras-till-salu","7":"product_tag-bsta-stllet-att-kpa-marijuana-frn-online","8":"product_tag-bestll-kodein-hostsirap-online","9":"product_tag-buy-actavis-syrup","10":"product_tag-buy-cough-syrup-with-codeine","11":"product_tag-buy-lean-codeine-online","12":"product_tag-buy-marijuana-online","13":"product_tag-buy-marijuana-seeds-online","14":"product_tag-buy-marijuana-seeds-online-canada","15":"product_tag-buy-marijuana-seeds-online-usa","16":"product_tag-buy-medical-marijuana-online","17":"product_tag-buy-safe-medical-marijuana-online","18":"product_tag-hur-man-kper-marijuana-online","19":"product_tag-kan-du-kpa","20":"product_tag-kan-du-kpa-marijuana-online","21":"product_tag-kan-du-kpa-marijuana-frn-online","22":"product_tag-k-c3-b6p-cannabis-olja-online","23":"product_tag-kp-nirvana-special-marijuana-stam-online","24":"product_tag-kpa-online-actavis-hostsaft","25":"product_tag-kpa-riktig-marijuana-online","26":"product_tag-k-c3-b6pa-syntetisk-marijuana-online","27":"product_tag-kpa-olaglig-marijuana-online","28":"product_tag-kpa-marijuana","29":"product_tag-kpa-marijuana-online-kanada","30":"product_tag-marijuana-oljor-fr-vaping-till-frsljning","31":"product_tag-marijuana-online-kp-cannabis","32":"product_tag-medicinsk-marijuana-online","33":"product_tag-online-legally","34":"product_tag-prometazin-kodein-sirap-till-salu","35":"product_tag-var-kan-jag-kpa-marijuana-online","36":"product_tag-var-kan-jag-kpa-marijuana-frn-online","37":"product_tag-var-att-kpa-cbd-olja-nra-mig","38":"product_tag-var-att-kpa-marijuana-online","40":"first","41":"instock","42":"shipping-taxable","43":"purchasable","44":"product-type-variable","45":"has-default-attributes"},"yoast_head":"<!-- This site is optimized with the Yoast SEO plugin v27.3 - https:\/\/yoast.com\/product\/yoast-seo-wordpress\/ -->\n<title>K\u00f6p Mother of Dragons Marijuana - b\u00e4sta globala medicin<\/title>\n<meta name=\"description\" content=\"K\u00f6p Mother of Dragons Marijuana billigt online. Drakmors marijuana \u00e4r hybrid \u2013 50 % Sativa \/50 % Indica THC: 23 % \u2013 28 %\" \/>\n<meta name=\"robots\" content=\"index, follow, max-snippet:-1, max-image-preview:large, max-video-preview:-1\" \/>\n<link rel=\"canonical\" href=\"https:\/\/medicinasinc.com\/se\/product\/kopa-mor-till-drakar-marijuana\/\" \/>\n<meta property=\"og:locale\" content=\"sv_SE\" \/>\n<meta property=\"og:type\" content=\"article\" \/>\n<meta property=\"og:title\" content=\"K\u00f6p Mother of Dragons Marijuana - b\u00e4sta globala medicin\" \/>\n<meta property=\"og:description\" content=\"K\u00f6p Mother of Dragons Marijuana billigt online. Drakmors marijuana \u00e4r hybrid \u2013 50 % Sativa \/50 % Indica THC: 23 % \u2013 28 %\" \/>\n<meta property=\"og:url\" content=\"https:\/\/medicinasinc.com\/se\/product\/kopa-mor-till-drakar-marijuana\/\" \/>\n<meta property=\"og:site_name\" content=\"Medicinas Inc\" \/>\n<meta property=\"article:modified_time\" content=\"2022-07-03T23:58:57+00:00\" \/>\n<meta property=\"og:image\" content=\"https:\/\/medicinasinc.com\/se\/wp-content\/uploads\/sites\/16\/2022\/02\/Buy-Mother-of-Dragons-Marijuana.jpg\" \/>\n\t<meta property=\"og:image:width\" content=\"1000\" \/>\n\t<meta property=\"og:image:height\" content=\"1000\" \/>\n\t<meta property=\"og:image:type\" content=\"image\/jpeg\" \/>\n<meta name=\"twitter:card\" content=\"summary_large_image\" \/>\n<meta name=\"twitter:label1\" content=\"Ber\u00e4knad l\u00e4stid\" \/>\n\t<meta name=\"twitter:data1\" content=\"2 minuter\" \/>\n<script type=\"application\/ld+json\" class=\"yoast-schema-graph\">{\"@context\":\"https:\\\/\\\/schema.org\",\"@graph\":[{\"@type\":\"WebPage\",\"@id\":\"https:\\\/\\\/medicinasinc.com\\\/se\\\/product\\\/kopa-mor-till-drakar-marijuana\\\/\",\"url\":\"https:\\\/\\\/medicinasinc.com\\\/se\\\/product\\\/kopa-mor-till-drakar-marijuana\\\/\",\"name\":\"K\u00f6p Mother of Dragons Marijuana - b\u00e4sta globala medicin\",\"isPartOf\":{\"@id\":\"https:\\\/\\\/medicinasinc.com\\\/se\\\/#website\"},\"primaryImageOfPage\":{\"@id\":\"https:\\\/\\\/medicinasinc.com\\\/se\\\/product\\\/kopa-mor-till-drakar-marijuana\\\/#primaryimage\"},\"image\":{\"@id\":\"https:\\\/\\\/medicinasinc.com\\\/se\\\/product\\\/kopa-mor-till-drakar-marijuana\\\/#primaryimage\"},\"thumbnailUrl\":\"https:\\\/\\\/medicinasinc.com\\\/se\\\/wp-content\\\/uploads\\\/sites\\\/16\\\/2022\\\/02\\\/Buy-Mother-of-Dragons-Marijuana.jpg\",\"datePublished\":\"2022-02-20T19:11:16+00:00\",\"dateModified\":\"2022-07-03T23:58:57+00:00\",\"description\":\"K\u00f6p Mother of Dragons Marijuana billigt online. Drakmors marijuana \u00e4r hybrid \u2013 50 % Sativa \\\/50 % Indica THC: 23 % \u2013 28 %\",\"breadcrumb\":{\"@id\":\"https:\\\/\\\/medicinasinc.com\\\/se\\\/product\\\/kopa-mor-till-drakar-marijuana\\\/#breadcrumb\"},\"inLanguage\":\"sv-SE\",\"potentialAction\":[{\"@type\":\"ReadAction\",\"target\":[\"https:\\\/\\\/medicinasinc.com\\\/se\\\/product\\\/kopa-mor-till-drakar-marijuana\\\/\"]}]},{\"@type\":\"ImageObject\",\"inLanguage\":\"sv-SE\",\"@id\":\"https:\\\/\\\/medicinasinc.com\\\/se\\\/product\\\/kopa-mor-till-drakar-marijuana\\\/#primaryimage\",\"url\":\"https:\\\/\\\/medicinasinc.com\\\/se\\\/wp-content\\\/uploads\\\/sites\\\/16\\\/2022\\\/02\\\/Buy-Mother-of-Dragons-Marijuana.jpg\",\"contentUrl\":\"https:\\\/\\\/medicinasinc.com\\\/se\\\/wp-content\\\/uploads\\\/sites\\\/16\\\/2022\\\/02\\\/Buy-Mother-of-Dragons-Marijuana.jpg\",\"width\":1000,\"height\":1000},{\"@type\":\"BreadcrumbList\",\"@id\":\"https:\\\/\\\/medicinasinc.com\\\/se\\\/product\\\/kopa-mor-till-drakar-marijuana\\\/#breadcrumb\",\"itemListElement\":[{\"@type\":\"ListItem\",\"position\":1,\"name\":\"aff\u00e4r\",\"item\":\"https:\\\/\\\/medicinasinc.com\\\/se\\\/affar\\\/\"},{\"@type\":\"ListItem\",\"position\":2,\"name\":\"K\u00f6p Mother of Dragons Marijuana\"}]},{\"@type\":\"WebSite\",\"@id\":\"https:\\\/\\\/medicinasinc.com\\\/se\\\/#website\",\"url\":\"https:\\\/\\\/medicinasinc.com\\\/se\\\/\",\"name\":\"Medicinas Inc\",\"description\":\"Health Medical Clinic\",\"potentialAction\":[{\"@type\":\"SearchAction\",\"target\":{\"@type\":\"EntryPoint\",\"urlTemplate\":\"https:\\\/\\\/medicinasinc.com\\\/se\\\/?s={search_term_string}\"},\"query-input\":{\"@type\":\"PropertyValueSpecification\",\"valueRequired\":true,\"valueName\":\"search_term_string\"}}],\"inLanguage\":\"sv-SE\"}]}<\/script>\n<!-- \/ Yoast SEO plugin. -->","yoast_head_json":{"title":"K\u00f6p Mother of Dragons Marijuana - b\u00e4sta globala medicin","description":"K\u00f6p Mother of Dragons Marijuana billigt online. Drakmors marijuana \u00e4r hybrid \u2013 50 % Sativa \/50 % Indica THC: 23 % \u2013 28 %","robots":{"index":"index","follow":"follow","max-snippet":"max-snippet:-1","max-image-preview":"max-image-preview:large","max-video-preview":"max-video-preview:-1"},"canonical":"https:\/\/medicinasinc.com\/se\/product\/kopa-mor-till-drakar-marijuana\/","og_locale":"sv_SE","og_type":"article","og_title":"K\u00f6p Mother of Dragons Marijuana - b\u00e4sta globala medicin","og_description":"K\u00f6p Mother of Dragons Marijuana billigt online. Drakmors marijuana \u00e4r hybrid \u2013 50 % Sativa \/50 % Indica THC: 23 % \u2013 28 %","og_url":"https:\/\/medicinasinc.com\/se\/product\/kopa-mor-till-drakar-marijuana\/","og_site_name":"Medicinas Inc","article_modified_time":"2022-07-03T23:58:57+00:00","og_image":[{"width":1000,"height":1000,"url":"https:\/\/medicinasinc.com\/se\/wp-content\/uploads\/sites\/16\/2022\/02\/Buy-Mother-of-Dragons-Marijuana.jpg","type":"image\/jpeg"}],"twitter_card":"summary_large_image","twitter_misc":{"Ber\u00e4knad l\u00e4stid":"2 minuter"},"schema":{"@context":"https:\/\/schema.org","@graph":[{"@type":"WebPage","@id":"https:\/\/medicinasinc.com\/se\/product\/kopa-mor-till-drakar-marijuana\/","url":"https:\/\/medicinasinc.com\/se\/product\/kopa-mor-till-drakar-marijuana\/","name":"K\u00f6p Mother of Dragons Marijuana - b\u00e4sta globala medicin","isPartOf":{"@id":"https:\/\/medicinasinc.com\/se\/#website"},"primaryImageOfPage":{"@id":"https:\/\/medicinasinc.com\/se\/product\/kopa-mor-till-drakar-marijuana\/#primaryimage"},"image":{"@id":"https:\/\/medicinasinc.com\/se\/product\/kopa-mor-till-drakar-marijuana\/#primaryimage"},"thumbnailUrl":"https:\/\/medicinasinc.com\/se\/wp-content\/uploads\/sites\/16\/2022\/02\/Buy-Mother-of-Dragons-Marijuana.jpg","datePublished":"2022-02-20T19:11:16+00:00","dateModified":"2022-07-03T23:58:57+00:00","description":"K\u00f6p Mother of Dragons Marijuana billigt online. Drakmors marijuana \u00e4r hybrid \u2013 50 % Sativa \/50 % Indica THC: 23 % \u2013 28 %","breadcrumb":{"@id":"https:\/\/medicinasinc.com\/se\/product\/kopa-mor-till-drakar-marijuana\/#breadcrumb"},"inLanguage":"sv-SE","potentialAction":[{"@type":"ReadAction","target":["https:\/\/medicinasinc.com\/se\/product\/kopa-mor-till-drakar-marijuana\/"]}]},{"@type":"ImageObject","inLanguage":"sv-SE","@id":"https:\/\/medicinasinc.com\/se\/product\/kopa-mor-till-drakar-marijuana\/#primaryimage","url":"https:\/\/medicinasinc.com\/se\/wp-content\/uploads\/sites\/16\/2022\/02\/Buy-Mother-of-Dragons-Marijuana.jpg","contentUrl":"https:\/\/medicinasinc.com\/se\/wp-content\/uploads\/sites\/16\/2022\/02\/Buy-Mother-of-Dragons-Marijuana.jpg","width":1000,"height":1000},{"@type":"BreadcrumbList","@id":"https:\/\/medicinasinc.com\/se\/product\/kopa-mor-till-drakar-marijuana\/#breadcrumb","itemListElement":[{"@type":"ListItem","position":1,"name":"aff\u00e4r","item":"https:\/\/medicinasinc.com\/se\/affar\/"},{"@type":"ListItem","position":2,"name":"K\u00f6p Mother of Dragons Marijuana"}]},{"@type":"WebSite","@id":"https:\/\/medicinasinc.com\/se\/#website","url":"https:\/\/medicinasinc.com\/se\/","name":"Medicinas Inc","description":"Health Medical Clinic","potentialAction":[{"@type":"SearchAction","target":{"@type":"EntryPoint","urlTemplate":"https:\/\/medicinasinc.com\/se\/?s={search_term_string}"},"query-input":{"@type":"PropertyValueSpecification","valueRequired":true,"valueName":"search_term_string"}}],"inLanguage":"sv-SE"}]}},"_links":{"self":[{"href":"https:\/\/medicinasinc.com\/se\/wp-json\/wp\/v2\/product\/5020","targetHints":{"allow":["GET"]}}],"collection":[{"href":"https:\/\/medicinasinc.com\/se\/wp-json\/wp\/v2\/product"}],"about":[{"href":"https:\/\/medicinasinc.com\/se\/wp-json\/wp\/v2\/types\/product"}],"replies":[{"embeddable":true,"href":"https:\/\/medicinasinc.com\/se\/wp-json\/wp\/v2\/comments?post=5020"}],"wp:featuredmedia":[{"embeddable":true,"href":"https:\/\/medicinasinc.com\/se\/wp-json\/wp\/v2\/media\/5038"}],"wp:attachment":[{"href":"https:\/\/medicinasinc.com\/se\/wp-json\/wp\/v2\/media?parent=5020"}],"wp:term":[{"taxonomy":"product_brand","embeddable":true,"href":"https:\/\/medicinasinc.com\/se\/wp-json\/wp\/v2\/product_brand?post=5020"},{"taxonomy":"product_cat","embeddable":true,"href":"https:\/\/medicinasinc.com\/se\/wp-json\/wp\/v2\/product_cat?post=5020"},{"taxonomy":"product_tag","embeddable":true,"href":"https:\/\/medicinasinc.com\/se\/wp-json\/wp\/v2\/product_tag?post=5020"}],"curies":[{"name":"wp","href":"https:\/\/api.w.org\/{rel}","templated":true}]}}