{"id":5019,"date":"2022-02-20T19:10:26","date_gmt":"2022-02-20T19:10:26","guid":{"rendered":"https:\/\/medicinasinc.com\/se\/?post_type=product&#038;p=5019"},"modified":"2022-07-03T23:59:13","modified_gmt":"2022-07-03T23:59:13","slug":"minnesforlust-dis","status":"publish","type":"product","link":"https:\/\/medicinasinc.com\/se\/product\/minnesforlust-dis\/","title":{"rendered":"Amnesia Haze"},"content":{"rendered":"<p>Amnesia Haze Strain K\u00f6p online<\/p>\n<p>Amnesia Haze Strain Online \u00e4r en Sativa-dominant hybrid skapad genom att korsa Haze med flera distinkta jordrasstammar, inklusive thail\u00e4ndska, hawaiiska och afghanska. F\u00f6rh\u00e5llandet sativa till indica \u00e4r cirka 80:20. THC \u00e4r ganska h\u00f6gt, \u00f6verstiger 22% i vissa tester, men CBD \u00e4r betydligt mindre potent och kommer in p\u00e5 n\u00e5got mindre \u00e4n 1%. High \u00e4r euforisk och kreativ, med en psykoaktiv hum\u00f6rh\u00f6jning och ett fall av fniss. Amnesia Haze har en fruktig, hastig smak och en s\u00f6t, jordig arom med sp\u00e5r av eldig peppar. Nugs \u00e4r ljusgr\u00f6na med m\u00f6rkare bruna filament och en trikomt\u00e4ckt yta. Det \u00e4r ett utm\u00e4rkt alternativ f\u00f6r att lindra \u00e5ngest och depression, s\u00e5v\u00e4l som tr\u00f6tthet, ADHD-symtom, migr\u00e4nhuvudv\u00e4rk, hum\u00f6rsv\u00e4ngningar och fysisk sm\u00e4rta.<\/p>\n<p>K\u00f6p online fr\u00e5n Best Global Meds till ett billigt pris!<\/p>\n<p>Vi p\u00e5 Best Global Meds erbjuder amnesia haze marijuanablommor till ett rimligt pris. Amnesia Haze \u00e4r en Sativa-dominant hybrid gjord av de tv\u00e5 prim\u00e4ra stammarna av cannabis, Sativa och Indica. Den anv\u00e4nds f\u00f6r en m\u00e4ngd olika terapeutiska och rekreationsapplikationer. Amnesia Haze \u00e4r ett utm\u00e4rkt alternativ f\u00f6r att koncentrera sig p\u00e5 arbete p\u00e5 en avl\u00e4gsen plats. Med jordn\u00e4ra citron- och citrusnoter \u00e4r Amnesia Haze den idealiska sorten f\u00f6r att b\u00f6rja dagen med ett leende.<\/p>\n<div class=\"product-next-previous\">\n<div class=\"product-prev\"><\/div><\/div>\n","protected":false},"excerpt":{"rendered":"<p>Amnesia Haze till salu online i Storbritannien och Europa, Amnesia Haze \u00e4r en europeisk favorit. Denna mycket psykedeliska Sativa \u00e4r b\u00e4st reserverad f\u00f6r erfarna konsumenter.<\/p>\n<p>Amnesia Haze \u00e4r m\u00f6jligen v\u00e4rldens mest popul\u00e4ra stam.<\/p>\n<p>Amnesia Haze \u00e4r en extremt berusande och psykedelisk hybridstam. <\/p>\n","protected":false},"featured_media":5036,"comment_status":"open","ping_status":"closed","template":"","meta":[],"product_brand":[],"product_cat":[778],"product_tag":[956,957,958,959],"class_list":{"0":"post-5019","1":"product","2":"type-product","3":"status-publish","4":"has-post-thumbnail","6":"product_cat-ogras-till-salu","7":"product_tag-amnesi","8":"product_tag-k-c3-b6p-amnesia-haze-online","9":"product_tag-marijuana","10":"product_tag-var-att-kpa-amnesi-haze-strain-online","12":"first","13":"instock","14":"shipping-taxable","15":"purchasable","16":"product-type-variable","17":"has-default-attributes"},"yoast_head":"<!-- This site is optimized with the Yoast SEO plugin v27.3 - https:\/\/yoast.com\/product\/yoast-seo-wordpress\/ -->\n<title>Amnesia Haze - Amnesia Haze Weed Stammar - B\u00e4sta b\u00e4sta globala medicinerna<\/title>\n<meta name=\"description\" content=\"K\u00f6p Amnesia Haze Till salu Storbritannien, Europa online, Amnesia Haze \u00e4r en europeisk favorit. Denna intensivt psykedeliska stam \u00e4r en Sativa som b\u00e4st l\u00e4mnas till erfarna konsumenter.\" \/>\n<meta name=\"robots\" content=\"index, follow, max-snippet:-1, max-image-preview:large, max-video-preview:-1\" \/>\n<link rel=\"canonical\" href=\"https:\/\/medicinasinc.com\/se\/product\/minnesforlust-dis\/\" \/>\n<meta property=\"og:locale\" content=\"sv_SE\" \/>\n<meta property=\"og:type\" content=\"article\" \/>\n<meta property=\"og:title\" content=\"Amnesia Haze - Amnesia Haze Weed Stammar - B\u00e4sta b\u00e4sta globala medicinerna\" \/>\n<meta property=\"og:description\" content=\"K\u00f6p Amnesia Haze Till salu Storbritannien, Europa online, Amnesia Haze \u00e4r en europeisk favorit. Denna intensivt psykedeliska stam \u00e4r en Sativa som b\u00e4st l\u00e4mnas till erfarna konsumenter.\" \/>\n<meta property=\"og:url\" content=\"https:\/\/medicinasinc.com\/se\/product\/minnesforlust-dis\/\" \/>\n<meta property=\"og:site_name\" content=\"Medicinas Inc\" \/>\n<meta property=\"article:modified_time\" content=\"2022-07-03T23:59:13+00:00\" \/>\n<meta property=\"og:image\" content=\"https:\/\/medicinasinc.com\/se\/wp-content\/uploads\/sites\/16\/2022\/02\/Buy-Amnesia-Haze.jpg\" \/>\n\t<meta property=\"og:image:width\" content=\"1159\" \/>\n\t<meta property=\"og:image:height\" content=\"1043\" \/>\n\t<meta property=\"og:image:type\" content=\"image\/jpeg\" \/>\n<meta name=\"twitter:card\" content=\"summary_large_image\" \/>\n<meta name=\"twitter:label1\" content=\"Ber\u00e4knad l\u00e4stid\" \/>\n\t<meta name=\"twitter:data1\" content=\"1 minut\" \/>\n<script type=\"application\/ld+json\" class=\"yoast-schema-graph\">{\"@context\":\"https:\\\/\\\/schema.org\",\"@graph\":[{\"@type\":\"WebPage\",\"@id\":\"https:\\\/\\\/medicinasinc.com\\\/se\\\/product\\\/minnesforlust-dis\\\/\",\"url\":\"https:\\\/\\\/medicinasinc.com\\\/se\\\/product\\\/minnesforlust-dis\\\/\",\"name\":\"Amnesia Haze - Amnesia Haze Weed Stammar - B\u00e4sta b\u00e4sta globala medicinerna\",\"isPartOf\":{\"@id\":\"https:\\\/\\\/medicinasinc.com\\\/se\\\/#website\"},\"primaryImageOfPage\":{\"@id\":\"https:\\\/\\\/medicinasinc.com\\\/se\\\/product\\\/minnesforlust-dis\\\/#primaryimage\"},\"image\":{\"@id\":\"https:\\\/\\\/medicinasinc.com\\\/se\\\/product\\\/minnesforlust-dis\\\/#primaryimage\"},\"thumbnailUrl\":\"https:\\\/\\\/medicinasinc.com\\\/se\\\/wp-content\\\/uploads\\\/sites\\\/16\\\/2022\\\/02\\\/Buy-Amnesia-Haze.jpg\",\"datePublished\":\"2022-02-20T19:10:26+00:00\",\"dateModified\":\"2022-07-03T23:59:13+00:00\",\"description\":\"K\u00f6p Amnesia Haze Till salu Storbritannien, Europa online, Amnesia Haze \u00e4r en europeisk favorit. Denna intensivt psykedeliska stam \u00e4r en Sativa som b\u00e4st l\u00e4mnas till erfarna konsumenter.\",\"breadcrumb\":{\"@id\":\"https:\\\/\\\/medicinasinc.com\\\/se\\\/product\\\/minnesforlust-dis\\\/#breadcrumb\"},\"inLanguage\":\"sv-SE\",\"potentialAction\":[{\"@type\":\"ReadAction\",\"target\":[\"https:\\\/\\\/medicinasinc.com\\\/se\\\/product\\\/minnesforlust-dis\\\/\"]}]},{\"@type\":\"ImageObject\",\"inLanguage\":\"sv-SE\",\"@id\":\"https:\\\/\\\/medicinasinc.com\\\/se\\\/product\\\/minnesforlust-dis\\\/#primaryimage\",\"url\":\"https:\\\/\\\/medicinasinc.com\\\/se\\\/wp-content\\\/uploads\\\/sites\\\/16\\\/2022\\\/02\\\/Buy-Amnesia-Haze.jpg\",\"contentUrl\":\"https:\\\/\\\/medicinasinc.com\\\/se\\\/wp-content\\\/uploads\\\/sites\\\/16\\\/2022\\\/02\\\/Buy-Amnesia-Haze.jpg\",\"width\":1159,\"height\":1043},{\"@type\":\"BreadcrumbList\",\"@id\":\"https:\\\/\\\/medicinasinc.com\\\/se\\\/product\\\/minnesforlust-dis\\\/#breadcrumb\",\"itemListElement\":[{\"@type\":\"ListItem\",\"position\":1,\"name\":\"aff\u00e4r\",\"item\":\"https:\\\/\\\/medicinasinc.com\\\/se\\\/affar\\\/\"},{\"@type\":\"ListItem\",\"position\":2,\"name\":\"Amnesia Haze\"}]},{\"@type\":\"WebSite\",\"@id\":\"https:\\\/\\\/medicinasinc.com\\\/se\\\/#website\",\"url\":\"https:\\\/\\\/medicinasinc.com\\\/se\\\/\",\"name\":\"Medicinas Inc\",\"description\":\"Health Medical Clinic\",\"potentialAction\":[{\"@type\":\"SearchAction\",\"target\":{\"@type\":\"EntryPoint\",\"urlTemplate\":\"https:\\\/\\\/medicinasinc.com\\\/se\\\/?s={search_term_string}\"},\"query-input\":{\"@type\":\"PropertyValueSpecification\",\"valueRequired\":true,\"valueName\":\"search_term_string\"}}],\"inLanguage\":\"sv-SE\"}]}<\/script>\n<!-- \/ Yoast SEO plugin. -->","yoast_head_json":{"title":"Amnesia Haze - Amnesia Haze Weed Stammar - B\u00e4sta b\u00e4sta globala medicinerna","description":"K\u00f6p Amnesia Haze Till salu Storbritannien, Europa online, Amnesia Haze \u00e4r en europeisk favorit. Denna intensivt psykedeliska stam \u00e4r en Sativa som b\u00e4st l\u00e4mnas till erfarna konsumenter.","robots":{"index":"index","follow":"follow","max-snippet":"max-snippet:-1","max-image-preview":"max-image-preview:large","max-video-preview":"max-video-preview:-1"},"canonical":"https:\/\/medicinasinc.com\/se\/product\/minnesforlust-dis\/","og_locale":"sv_SE","og_type":"article","og_title":"Amnesia Haze - Amnesia Haze Weed Stammar - B\u00e4sta b\u00e4sta globala medicinerna","og_description":"K\u00f6p Amnesia Haze Till salu Storbritannien, Europa online, Amnesia Haze \u00e4r en europeisk favorit. Denna intensivt psykedeliska stam \u00e4r en Sativa som b\u00e4st l\u00e4mnas till erfarna konsumenter.","og_url":"https:\/\/medicinasinc.com\/se\/product\/minnesforlust-dis\/","og_site_name":"Medicinas Inc","article_modified_time":"2022-07-03T23:59:13+00:00","og_image":[{"width":1159,"height":1043,"url":"https:\/\/medicinasinc.com\/se\/wp-content\/uploads\/sites\/16\/2022\/02\/Buy-Amnesia-Haze.jpg","type":"image\/jpeg"}],"twitter_card":"summary_large_image","twitter_misc":{"Ber\u00e4knad l\u00e4stid":"1 minut"},"schema":{"@context":"https:\/\/schema.org","@graph":[{"@type":"WebPage","@id":"https:\/\/medicinasinc.com\/se\/product\/minnesforlust-dis\/","url":"https:\/\/medicinasinc.com\/se\/product\/minnesforlust-dis\/","name":"Amnesia Haze - Amnesia Haze Weed Stammar - B\u00e4sta b\u00e4sta globala medicinerna","isPartOf":{"@id":"https:\/\/medicinasinc.com\/se\/#website"},"primaryImageOfPage":{"@id":"https:\/\/medicinasinc.com\/se\/product\/minnesforlust-dis\/#primaryimage"},"image":{"@id":"https:\/\/medicinasinc.com\/se\/product\/minnesforlust-dis\/#primaryimage"},"thumbnailUrl":"https:\/\/medicinasinc.com\/se\/wp-content\/uploads\/sites\/16\/2022\/02\/Buy-Amnesia-Haze.jpg","datePublished":"2022-02-20T19:10:26+00:00","dateModified":"2022-07-03T23:59:13+00:00","description":"K\u00f6p Amnesia Haze Till salu Storbritannien, Europa online, Amnesia Haze \u00e4r en europeisk favorit. Denna intensivt psykedeliska stam \u00e4r en Sativa som b\u00e4st l\u00e4mnas till erfarna konsumenter.","breadcrumb":{"@id":"https:\/\/medicinasinc.com\/se\/product\/minnesforlust-dis\/#breadcrumb"},"inLanguage":"sv-SE","potentialAction":[{"@type":"ReadAction","target":["https:\/\/medicinasinc.com\/se\/product\/minnesforlust-dis\/"]}]},{"@type":"ImageObject","inLanguage":"sv-SE","@id":"https:\/\/medicinasinc.com\/se\/product\/minnesforlust-dis\/#primaryimage","url":"https:\/\/medicinasinc.com\/se\/wp-content\/uploads\/sites\/16\/2022\/02\/Buy-Amnesia-Haze.jpg","contentUrl":"https:\/\/medicinasinc.com\/se\/wp-content\/uploads\/sites\/16\/2022\/02\/Buy-Amnesia-Haze.jpg","width":1159,"height":1043},{"@type":"BreadcrumbList","@id":"https:\/\/medicinasinc.com\/se\/product\/minnesforlust-dis\/#breadcrumb","itemListElement":[{"@type":"ListItem","position":1,"name":"aff\u00e4r","item":"https:\/\/medicinasinc.com\/se\/affar\/"},{"@type":"ListItem","position":2,"name":"Amnesia Haze"}]},{"@type":"WebSite","@id":"https:\/\/medicinasinc.com\/se\/#website","url":"https:\/\/medicinasinc.com\/se\/","name":"Medicinas Inc","description":"Health Medical Clinic","potentialAction":[{"@type":"SearchAction","target":{"@type":"EntryPoint","urlTemplate":"https:\/\/medicinasinc.com\/se\/?s={search_term_string}"},"query-input":{"@type":"PropertyValueSpecification","valueRequired":true,"valueName":"search_term_string"}}],"inLanguage":"sv-SE"}]}},"_links":{"self":[{"href":"https:\/\/medicinasinc.com\/se\/wp-json\/wp\/v2\/product\/5019","targetHints":{"allow":["GET"]}}],"collection":[{"href":"https:\/\/medicinasinc.com\/se\/wp-json\/wp\/v2\/product"}],"about":[{"href":"https:\/\/medicinasinc.com\/se\/wp-json\/wp\/v2\/types\/product"}],"replies":[{"embeddable":true,"href":"https:\/\/medicinasinc.com\/se\/wp-json\/wp\/v2\/comments?post=5019"}],"wp:featuredmedia":[{"embeddable":true,"href":"https:\/\/medicinasinc.com\/se\/wp-json\/wp\/v2\/media\/5036"}],"wp:attachment":[{"href":"https:\/\/medicinasinc.com\/se\/wp-json\/wp\/v2\/media?parent=5019"}],"wp:term":[{"taxonomy":"product_brand","embeddable":true,"href":"https:\/\/medicinasinc.com\/se\/wp-json\/wp\/v2\/product_brand?post=5019"},{"taxonomy":"product_cat","embeddable":true,"href":"https:\/\/medicinasinc.com\/se\/wp-json\/wp\/v2\/product_cat?post=5019"},{"taxonomy":"product_tag","embeddable":true,"href":"https:\/\/medicinasinc.com\/se\/wp-json\/wp\/v2\/product_tag?post=5019"}],"curies":[{"name":"wp","href":"https:\/\/api.w.org\/{rel}","templated":true}]}}