{"id":4998,"date":"2022-02-20T18:55:26","date_gmt":"2022-02-20T18:55:26","guid":{"rendered":"https:\/\/medicinasinc.com\/se\/?post_type=product&#038;p=4998"},"modified":"2022-07-03T23:59:35","modified_gmt":"2022-07-03T23:59:35","slug":"kop-mickey-kush","status":"publish","type":"product","link":"https:\/\/medicinasinc.com\/se\/product\/kop-mickey-kush\/","title":{"rendered":"K\u00f6p Mickey Kush"},"content":{"rendered":"<p>Onlinek\u00f6p av Mickey Kush Marijuana Stam<\/p>\n<p>Dessa h\u00f6gkoncentrerade knoppar har en jordn\u00e4ra, kush smak med citronundertoner och ger energiska, fokuserade effekter. Mickey Kush \u00e4r v\u00e4lk\u00e4nt f\u00f6r sitt starka inneh\u00e5ll av THC och CBG cannabinoid, vilket g\u00f6r det till ett utm\u00e4rkt val f\u00f6r tum\u00f6rbehandling, illam\u00e5ende och depression. Dessa inomhus- eller utomhusv\u00e4xter uppn\u00e5r en medelh\u00f6jd och ger en m\u00e5ttlig till stor avkastning under en 7- till 8-veckors blomningsperiod.<\/p>\n","protected":false},"excerpt":{"rendered":"<div class=\"woocommerce-product-details__short-description\">\n<p>K\u00f6p Mickey Kush Marijuana Stam online. Kunder fr\u00e5gar ofta Kan du\u00a0<em>k\u00f6pa<\/em>\u00a0gr\u00e4s\u00a0<em>online<\/em> och f\u00e5 det levererat utan att polisen kan sp\u00e5ra det? JA!<\/p>\n<\/p><\/div>\n","protected":false},"featured_media":5017,"comment_status":"open","ping_status":"closed","template":"","meta":[],"product_brand":[],"product_cat":[778],"product_tag":[],"class_list":{"0":"post-4998","1":"product","2":"type-product","3":"status-publish","4":"has-post-thumbnail","6":"product_cat-ogras-till-salu","8":"first","9":"instock","10":"shipping-taxable","11":"purchasable","12":"product-type-variable","13":"has-default-attributes"},"yoast_head":"<!-- This site is optimized with the Yoast SEO plugin v27.3 - https:\/\/yoast.com\/product\/yoast-seo-wordpress\/ -->\n<title>K\u00f6p Mickey Kush - Mickey Kush marijuana - b\u00e4sta globala medicin<\/title>\n<meta name=\"description\" content=\"K\u00f6p Mickey Kush Marijuana Strain Online. Kunder fr\u00e5gar ofta Kan man k\u00f6pa gr\u00e4s p\u00e5 n\u00e4tet och f\u00e5 det levererat utan att polisen kan sp\u00e5ra det? JA!\" \/>\n<meta name=\"robots\" content=\"index, follow, max-snippet:-1, max-image-preview:large, max-video-preview:-1\" \/>\n<link rel=\"canonical\" href=\"https:\/\/medicinasinc.com\/se\/product\/kop-mickey-kush\/\" \/>\n<meta property=\"og:locale\" content=\"sv_SE\" \/>\n<meta property=\"og:type\" content=\"article\" \/>\n<meta property=\"og:title\" content=\"K\u00f6p Mickey Kush - Mickey Kush marijuana - b\u00e4sta globala medicin\" \/>\n<meta property=\"og:description\" content=\"K\u00f6p Mickey Kush Marijuana Strain Online. Kunder fr\u00e5gar ofta Kan man k\u00f6pa gr\u00e4s p\u00e5 n\u00e4tet och f\u00e5 det levererat utan att polisen kan sp\u00e5ra det? JA!\" \/>\n<meta property=\"og:url\" content=\"https:\/\/medicinasinc.com\/se\/product\/kop-mickey-kush\/\" \/>\n<meta property=\"og:site_name\" content=\"Medicinas Inc\" \/>\n<meta property=\"article:modified_time\" content=\"2022-07-03T23:59:35+00:00\" \/>\n<meta property=\"og:image\" content=\"https:\/\/medicinasinc.com\/se\/wp-content\/uploads\/sites\/16\/2022\/02\/Buy-Mickey-Kush-Marijuana.jpg\" \/>\n\t<meta property=\"og:image:width\" content=\"1200\" \/>\n\t<meta property=\"og:image:height\" content=\"630\" \/>\n\t<meta property=\"og:image:type\" content=\"image\/jpeg\" \/>\n<meta name=\"twitter:card\" content=\"summary_large_image\" \/>\n<meta name=\"twitter:label1\" content=\"Ber\u00e4knad l\u00e4stid\" \/>\n\t<meta name=\"twitter:data1\" content=\"1 minut\" \/>\n<script type=\"application\/ld+json\" class=\"yoast-schema-graph\">{\"@context\":\"https:\\\/\\\/schema.org\",\"@graph\":[{\"@type\":\"WebPage\",\"@id\":\"https:\\\/\\\/medicinasinc.com\\\/se\\\/product\\\/kop-mickey-kush\\\/\",\"url\":\"https:\\\/\\\/medicinasinc.com\\\/se\\\/product\\\/kop-mickey-kush\\\/\",\"name\":\"K\u00f6p Mickey Kush - Mickey Kush marijuana - b\u00e4sta globala medicin\",\"isPartOf\":{\"@id\":\"https:\\\/\\\/medicinasinc.com\\\/se\\\/#website\"},\"primaryImageOfPage\":{\"@id\":\"https:\\\/\\\/medicinasinc.com\\\/se\\\/product\\\/kop-mickey-kush\\\/#primaryimage\"},\"image\":{\"@id\":\"https:\\\/\\\/medicinasinc.com\\\/se\\\/product\\\/kop-mickey-kush\\\/#primaryimage\"},\"thumbnailUrl\":\"https:\\\/\\\/medicinasinc.com\\\/se\\\/wp-content\\\/uploads\\\/sites\\\/16\\\/2022\\\/02\\\/Buy-Mickey-Kush-Marijuana.jpg\",\"datePublished\":\"2022-02-20T18:55:26+00:00\",\"dateModified\":\"2022-07-03T23:59:35+00:00\",\"description\":\"K\u00f6p Mickey Kush Marijuana Strain Online. Kunder fr\u00e5gar ofta Kan man k\u00f6pa gr\u00e4s p\u00e5 n\u00e4tet och f\u00e5 det levererat utan att polisen kan sp\u00e5ra det? JA!\",\"breadcrumb\":{\"@id\":\"https:\\\/\\\/medicinasinc.com\\\/se\\\/product\\\/kop-mickey-kush\\\/#breadcrumb\"},\"inLanguage\":\"sv-SE\",\"potentialAction\":[{\"@type\":\"ReadAction\",\"target\":[\"https:\\\/\\\/medicinasinc.com\\\/se\\\/product\\\/kop-mickey-kush\\\/\"]}]},{\"@type\":\"ImageObject\",\"inLanguage\":\"sv-SE\",\"@id\":\"https:\\\/\\\/medicinasinc.com\\\/se\\\/product\\\/kop-mickey-kush\\\/#primaryimage\",\"url\":\"https:\\\/\\\/medicinasinc.com\\\/se\\\/wp-content\\\/uploads\\\/sites\\\/16\\\/2022\\\/02\\\/Buy-Mickey-Kush-Marijuana.jpg\",\"contentUrl\":\"https:\\\/\\\/medicinasinc.com\\\/se\\\/wp-content\\\/uploads\\\/sites\\\/16\\\/2022\\\/02\\\/Buy-Mickey-Kush-Marijuana.jpg\",\"width\":1200,\"height\":630},{\"@type\":\"BreadcrumbList\",\"@id\":\"https:\\\/\\\/medicinasinc.com\\\/se\\\/product\\\/kop-mickey-kush\\\/#breadcrumb\",\"itemListElement\":[{\"@type\":\"ListItem\",\"position\":1,\"name\":\"aff\u00e4r\",\"item\":\"https:\\\/\\\/medicinasinc.com\\\/se\\\/affar\\\/\"},{\"@type\":\"ListItem\",\"position\":2,\"name\":\"K\u00f6p Mickey Kush\"}]},{\"@type\":\"WebSite\",\"@id\":\"https:\\\/\\\/medicinasinc.com\\\/se\\\/#website\",\"url\":\"https:\\\/\\\/medicinasinc.com\\\/se\\\/\",\"name\":\"Medicinas Inc\",\"description\":\"Health Medical Clinic\",\"potentialAction\":[{\"@type\":\"SearchAction\",\"target\":{\"@type\":\"EntryPoint\",\"urlTemplate\":\"https:\\\/\\\/medicinasinc.com\\\/se\\\/?s={search_term_string}\"},\"query-input\":{\"@type\":\"PropertyValueSpecification\",\"valueRequired\":true,\"valueName\":\"search_term_string\"}}],\"inLanguage\":\"sv-SE\"}]}<\/script>\n<!-- \/ Yoast SEO plugin. -->","yoast_head_json":{"title":"K\u00f6p Mickey Kush - Mickey Kush marijuana - b\u00e4sta globala medicin","description":"K\u00f6p Mickey Kush Marijuana Strain Online. Kunder fr\u00e5gar ofta Kan man k\u00f6pa gr\u00e4s p\u00e5 n\u00e4tet och f\u00e5 det levererat utan att polisen kan sp\u00e5ra det? JA!","robots":{"index":"index","follow":"follow","max-snippet":"max-snippet:-1","max-image-preview":"max-image-preview:large","max-video-preview":"max-video-preview:-1"},"canonical":"https:\/\/medicinasinc.com\/se\/product\/kop-mickey-kush\/","og_locale":"sv_SE","og_type":"article","og_title":"K\u00f6p Mickey Kush - Mickey Kush marijuana - b\u00e4sta globala medicin","og_description":"K\u00f6p Mickey Kush Marijuana Strain Online. Kunder fr\u00e5gar ofta Kan man k\u00f6pa gr\u00e4s p\u00e5 n\u00e4tet och f\u00e5 det levererat utan att polisen kan sp\u00e5ra det? JA!","og_url":"https:\/\/medicinasinc.com\/se\/product\/kop-mickey-kush\/","og_site_name":"Medicinas Inc","article_modified_time":"2022-07-03T23:59:35+00:00","og_image":[{"width":1200,"height":630,"url":"https:\/\/medicinasinc.com\/se\/wp-content\/uploads\/sites\/16\/2022\/02\/Buy-Mickey-Kush-Marijuana.jpg","type":"image\/jpeg"}],"twitter_card":"summary_large_image","twitter_misc":{"Ber\u00e4knad l\u00e4stid":"1 minut"},"schema":{"@context":"https:\/\/schema.org","@graph":[{"@type":"WebPage","@id":"https:\/\/medicinasinc.com\/se\/product\/kop-mickey-kush\/","url":"https:\/\/medicinasinc.com\/se\/product\/kop-mickey-kush\/","name":"K\u00f6p Mickey Kush - Mickey Kush marijuana - b\u00e4sta globala medicin","isPartOf":{"@id":"https:\/\/medicinasinc.com\/se\/#website"},"primaryImageOfPage":{"@id":"https:\/\/medicinasinc.com\/se\/product\/kop-mickey-kush\/#primaryimage"},"image":{"@id":"https:\/\/medicinasinc.com\/se\/product\/kop-mickey-kush\/#primaryimage"},"thumbnailUrl":"https:\/\/medicinasinc.com\/se\/wp-content\/uploads\/sites\/16\/2022\/02\/Buy-Mickey-Kush-Marijuana.jpg","datePublished":"2022-02-20T18:55:26+00:00","dateModified":"2022-07-03T23:59:35+00:00","description":"K\u00f6p Mickey Kush Marijuana Strain Online. Kunder fr\u00e5gar ofta Kan man k\u00f6pa gr\u00e4s p\u00e5 n\u00e4tet och f\u00e5 det levererat utan att polisen kan sp\u00e5ra det? JA!","breadcrumb":{"@id":"https:\/\/medicinasinc.com\/se\/product\/kop-mickey-kush\/#breadcrumb"},"inLanguage":"sv-SE","potentialAction":[{"@type":"ReadAction","target":["https:\/\/medicinasinc.com\/se\/product\/kop-mickey-kush\/"]}]},{"@type":"ImageObject","inLanguage":"sv-SE","@id":"https:\/\/medicinasinc.com\/se\/product\/kop-mickey-kush\/#primaryimage","url":"https:\/\/medicinasinc.com\/se\/wp-content\/uploads\/sites\/16\/2022\/02\/Buy-Mickey-Kush-Marijuana.jpg","contentUrl":"https:\/\/medicinasinc.com\/se\/wp-content\/uploads\/sites\/16\/2022\/02\/Buy-Mickey-Kush-Marijuana.jpg","width":1200,"height":630},{"@type":"BreadcrumbList","@id":"https:\/\/medicinasinc.com\/se\/product\/kop-mickey-kush\/#breadcrumb","itemListElement":[{"@type":"ListItem","position":1,"name":"aff\u00e4r","item":"https:\/\/medicinasinc.com\/se\/affar\/"},{"@type":"ListItem","position":2,"name":"K\u00f6p Mickey Kush"}]},{"@type":"WebSite","@id":"https:\/\/medicinasinc.com\/se\/#website","url":"https:\/\/medicinasinc.com\/se\/","name":"Medicinas Inc","description":"Health Medical Clinic","potentialAction":[{"@type":"SearchAction","target":{"@type":"EntryPoint","urlTemplate":"https:\/\/medicinasinc.com\/se\/?s={search_term_string}"},"query-input":{"@type":"PropertyValueSpecification","valueRequired":true,"valueName":"search_term_string"}}],"inLanguage":"sv-SE"}]}},"_links":{"self":[{"href":"https:\/\/medicinasinc.com\/se\/wp-json\/wp\/v2\/product\/4998","targetHints":{"allow":["GET"]}}],"collection":[{"href":"https:\/\/medicinasinc.com\/se\/wp-json\/wp\/v2\/product"}],"about":[{"href":"https:\/\/medicinasinc.com\/se\/wp-json\/wp\/v2\/types\/product"}],"replies":[{"embeddable":true,"href":"https:\/\/medicinasinc.com\/se\/wp-json\/wp\/v2\/comments?post=4998"}],"wp:featuredmedia":[{"embeddable":true,"href":"https:\/\/medicinasinc.com\/se\/wp-json\/wp\/v2\/media\/5017"}],"wp:attachment":[{"href":"https:\/\/medicinasinc.com\/se\/wp-json\/wp\/v2\/media?parent=4998"}],"wp:term":[{"taxonomy":"product_brand","embeddable":true,"href":"https:\/\/medicinasinc.com\/se\/wp-json\/wp\/v2\/product_brand?post=4998"},{"taxonomy":"product_cat","embeddable":true,"href":"https:\/\/medicinasinc.com\/se\/wp-json\/wp\/v2\/product_cat?post=4998"},{"taxonomy":"product_tag","embeddable":true,"href":"https:\/\/medicinasinc.com\/se\/wp-json\/wp\/v2\/product_tag?post=4998"}],"curies":[{"name":"wp","href":"https:\/\/api.w.org\/{rel}","templated":true}]}}