{"id":4996,"date":"2022-02-20T18:53:00","date_gmt":"2022-02-20T18:53:00","guid":{"rendered":"https:\/\/medicinasinc.com\/se\/?post_type=product&#038;p=4996"},"modified":"2022-07-04T00:00:03","modified_gmt":"2022-07-04T00:00:03","slug":"kop-citron-skunk","status":"publish","type":"product","link":"https:\/\/medicinasinc.com\/se\/product\/kop-citron-skunk\/","title":{"rendered":"K\u00f6p Lemon Skunk"},"content":{"rendered":"<p>Lemon Skunk finns p\u00e5 Chronic Posts online marijuanadispensary.<\/p>\n<p>ChronicPost Lemon Skunk \u00e4r en flerfaldigt prisbel\u00f6nt Sativa-hybrid med citronsmak och ett THC-inneh\u00e5ll p\u00e5 upp till 22 %. 2009 ingick den i High Times rankning av de tio b\u00e4sta stammarna.<\/p>\n<p>Lemon Skunks THC-inneh\u00e5ll varierar mellan 14 och 15 % i genomsnitt och har testats s\u00e5 h\u00f6gt som 22 % THC. Dess h\u00f6ga \u00e4r k\u00e4nd f\u00f6r att stimulera hj\u00e4rnans funktion, vilket resulterar i st\u00f6rre kreativitet och omsluter anv\u00e4ndaren i ett glatt och energigivande surr. M\u00e5nga recensenter har karakteriserat deras Lemon Skunk h\u00f6g som introspektiv, v\u00e4ckande tankar och f\u00f6rb\u00e4ttrad uppfinningsrikedom. Efter en till tv\u00e5 timmar b\u00f6rjar stammens indica-komponenter att s\u00e4tta ig\u00e5ng, vilket g\u00f6r anv\u00e4ndaren n\u00e5got tr\u00f6tt n\u00e4r de cerebrala effekterna avtar.<\/p>\n<p>Citron Skunk \u00e4r en n\u00e5got h\u00f6g och produktiv v\u00e4xt som \u00e4r precis vad namnet antyder \u2013 en starkt citrusf\u00e4rgad Skunk-variant med en potent och lugnande effekt. Den har de karakteristiska limegr\u00f6na knopparna och livfulla orangea pistillerna fr\u00e5n Skunk, vilket resulterar i frostiga, t\u00e4ta, spjutformade cola.<\/p>\n","protected":false},"excerpt":{"rendered":"<div class=\"woocommerce-product-details__short-description\">\n<p>Citron Skunk inneh\u00e5ller en m\u00e5ttlig m\u00e4ngd THC och v\u00e4ldigt lite CBD. Uppt\u00e4ck mer om DNA Genetics Lemon Skunk och g\u00f6r ditt k\u00f6p hos Tokyo Smoke idag.<\/p>\n<p>Lemon Skunk Weed till salu online. Lemon Kush \u00e4r en blandning mellan Master Kush och Lemon Joy och ger en l\u00e5g till m\u00e5ttlig avkastning. Rekommenderas f\u00f6r patienter med hiv\/aids, glaukom, Parkinsons sjukdom, \u00e5ngest och kronisk sm\u00e4rta<\/p>\n<p><strong>Budstorlek:\u00a0<\/strong>Liten<br \/> <strong>Textur:\u00a0<\/strong> strong&gt;Torr<br \/> <strong>Smaker:\u00a0<\/strong>Citron \/ Citrus \/ F\u00e4rsk<br \/> <strong>Vanlig anv\u00e4ndning:<\/strong>\u00a0Sm\u00e4rta \/ Aptit \/ Depression<br \/> <strong><a href=\"https:\/\/www.bestglobalmeds.com\/product\/marijuana\/lemon-skunk\/\">THC<\/a>:<\/strong>\u00a022 %\u00a0 \u00a0<strong><a href=\"https:\/\/www.bestglobalmeds. com\/product\/marijuana\/lemon-skunk\/\">CBD<\/a>: &lt;<\/strong>1 %<\/p>\n<\/p><\/div>\n","protected":false},"featured_media":5013,"comment_status":"open","ping_status":"closed","template":"","meta":[],"product_brand":[],"product_cat":[778],"product_tag":[932,933,935,934,938,937,936,939],"class_list":{"0":"post-4996","1":"product","2":"type-product","3":"status-publish","4":"has-post-thumbnail","6":"product_cat-ogras-till-salu","7":"product_tag-bsta-citron-skunk-frn","8":"product_tag-citron-skunk-auto","9":"product_tag-citron-skunk-cbd","10":"product_tag-citron-skunk-patron","11":"product_tag-citron-skunk-pris","12":"product_tag-lemon-skunk-indica-or-sativa","13":"product_tag-citron-skunk-vxthus-frn-recension","14":"product_tag-citron-skunk-smak","16":"first","17":"instock","18":"shipping-taxable","19":"purchasable","20":"product-type-variable","21":"has-default-attributes"},"yoast_head":"<!-- This site is optimized with the Yoast SEO plugin v27.3 - https:\/\/yoast.com\/product\/yoast-seo-wordpress\/ -->\n<title>K\u00f6p Lemon Skunk - Best Best Global Meds<\/title>\n<meta name=\"description\" content=\"K\u00f6p Lemon Skunk Weed online. Lemon Kush \u00e4r en cross btw Master Kush och Lemon Joy, den har en l\u00e5g till medelh\u00f6g avkastning. Rekommenderas f\u00f6r patienter med HIV\/AIDS, glaukom, Parkinsons sjukdom, \u00e5ngest, kronisk sm\u00e4rta...\" \/>\n<meta name=\"robots\" content=\"index, follow, max-snippet:-1, max-image-preview:large, max-video-preview:-1\" \/>\n<link rel=\"canonical\" href=\"https:\/\/medicinasinc.com\/se\/product\/kop-citron-skunk\/\" \/>\n<meta property=\"og:locale\" content=\"sv_SE\" \/>\n<meta property=\"og:type\" content=\"article\" \/>\n<meta property=\"og:title\" content=\"K\u00f6p Lemon Skunk - Best Best Global Meds\" \/>\n<meta property=\"og:description\" content=\"K\u00f6p Lemon Skunk Weed online. Lemon Kush \u00e4r en cross btw Master Kush och Lemon Joy, den har en l\u00e5g till medelh\u00f6g avkastning. Rekommenderas f\u00f6r patienter med HIV\/AIDS, glaukom, Parkinsons sjukdom, \u00e5ngest, kronisk sm\u00e4rta...\" \/>\n<meta property=\"og:url\" content=\"https:\/\/medicinasinc.com\/se\/product\/kop-citron-skunk\/\" \/>\n<meta property=\"og:site_name\" content=\"Medicinas Inc\" \/>\n<meta property=\"article:modified_time\" content=\"2022-07-04T00:00:03+00:00\" \/>\n<meta property=\"og:image\" content=\"https:\/\/medicinasinc.com\/se\/wp-content\/uploads\/sites\/16\/2022\/02\/Buy-Lemon-Skunk.jpg\" \/>\n\t<meta property=\"og:image:width\" content=\"2403\" \/>\n\t<meta property=\"og:image:height\" content=\"2403\" \/>\n\t<meta property=\"og:image:type\" content=\"image\/jpeg\" \/>\n<meta name=\"twitter:card\" content=\"summary_large_image\" \/>\n<meta name=\"twitter:label1\" content=\"Ber\u00e4knad l\u00e4stid\" \/>\n\t<meta name=\"twitter:data1\" content=\"1 minut\" \/>\n<script type=\"application\/ld+json\" class=\"yoast-schema-graph\">{\"@context\":\"https:\\\/\\\/schema.org\",\"@graph\":[{\"@type\":\"WebPage\",\"@id\":\"https:\\\/\\\/medicinasinc.com\\\/se\\\/product\\\/kop-citron-skunk\\\/\",\"url\":\"https:\\\/\\\/medicinasinc.com\\\/se\\\/product\\\/kop-citron-skunk\\\/\",\"name\":\"K\u00f6p Lemon Skunk - Best Best Global Meds\",\"isPartOf\":{\"@id\":\"https:\\\/\\\/medicinasinc.com\\\/se\\\/#website\"},\"primaryImageOfPage\":{\"@id\":\"https:\\\/\\\/medicinasinc.com\\\/se\\\/product\\\/kop-citron-skunk\\\/#primaryimage\"},\"image\":{\"@id\":\"https:\\\/\\\/medicinasinc.com\\\/se\\\/product\\\/kop-citron-skunk\\\/#primaryimage\"},\"thumbnailUrl\":\"https:\\\/\\\/medicinasinc.com\\\/se\\\/wp-content\\\/uploads\\\/sites\\\/16\\\/2022\\\/02\\\/Buy-Lemon-Skunk.jpg\",\"datePublished\":\"2022-02-20T18:53:00+00:00\",\"dateModified\":\"2022-07-04T00:00:03+00:00\",\"description\":\"K\u00f6p Lemon Skunk Weed online. Lemon Kush \u00e4r en cross btw Master Kush och Lemon Joy, den har en l\u00e5g till medelh\u00f6g avkastning. Rekommenderas f\u00f6r patienter med HIV\\\/AIDS, glaukom, Parkinsons sjukdom, \u00e5ngest, kronisk sm\u00e4rta...\",\"breadcrumb\":{\"@id\":\"https:\\\/\\\/medicinasinc.com\\\/se\\\/product\\\/kop-citron-skunk\\\/#breadcrumb\"},\"inLanguage\":\"sv-SE\",\"potentialAction\":[{\"@type\":\"ReadAction\",\"target\":[\"https:\\\/\\\/medicinasinc.com\\\/se\\\/product\\\/kop-citron-skunk\\\/\"]}]},{\"@type\":\"ImageObject\",\"inLanguage\":\"sv-SE\",\"@id\":\"https:\\\/\\\/medicinasinc.com\\\/se\\\/product\\\/kop-citron-skunk\\\/#primaryimage\",\"url\":\"https:\\\/\\\/medicinasinc.com\\\/se\\\/wp-content\\\/uploads\\\/sites\\\/16\\\/2022\\\/02\\\/Buy-Lemon-Skunk.jpg\",\"contentUrl\":\"https:\\\/\\\/medicinasinc.com\\\/se\\\/wp-content\\\/uploads\\\/sites\\\/16\\\/2022\\\/02\\\/Buy-Lemon-Skunk.jpg\",\"width\":2403,\"height\":2403},{\"@type\":\"BreadcrumbList\",\"@id\":\"https:\\\/\\\/medicinasinc.com\\\/se\\\/product\\\/kop-citron-skunk\\\/#breadcrumb\",\"itemListElement\":[{\"@type\":\"ListItem\",\"position\":1,\"name\":\"aff\u00e4r\",\"item\":\"https:\\\/\\\/medicinasinc.com\\\/se\\\/affar\\\/\"},{\"@type\":\"ListItem\",\"position\":2,\"name\":\"K\u00f6p Lemon Skunk\"}]},{\"@type\":\"WebSite\",\"@id\":\"https:\\\/\\\/medicinasinc.com\\\/se\\\/#website\",\"url\":\"https:\\\/\\\/medicinasinc.com\\\/se\\\/\",\"name\":\"Medicinas Inc\",\"description\":\"Health Medical Clinic\",\"potentialAction\":[{\"@type\":\"SearchAction\",\"target\":{\"@type\":\"EntryPoint\",\"urlTemplate\":\"https:\\\/\\\/medicinasinc.com\\\/se\\\/?s={search_term_string}\"},\"query-input\":{\"@type\":\"PropertyValueSpecification\",\"valueRequired\":true,\"valueName\":\"search_term_string\"}}],\"inLanguage\":\"sv-SE\"}]}<\/script>\n<!-- \/ Yoast SEO plugin. -->","yoast_head_json":{"title":"K\u00f6p Lemon Skunk - Best Best Global Meds","description":"K\u00f6p Lemon Skunk Weed online. Lemon Kush \u00e4r en cross btw Master Kush och Lemon Joy, den har en l\u00e5g till medelh\u00f6g avkastning. Rekommenderas f\u00f6r patienter med HIV\/AIDS, glaukom, Parkinsons sjukdom, \u00e5ngest, kronisk sm\u00e4rta...","robots":{"index":"index","follow":"follow","max-snippet":"max-snippet:-1","max-image-preview":"max-image-preview:large","max-video-preview":"max-video-preview:-1"},"canonical":"https:\/\/medicinasinc.com\/se\/product\/kop-citron-skunk\/","og_locale":"sv_SE","og_type":"article","og_title":"K\u00f6p Lemon Skunk - Best Best Global Meds","og_description":"K\u00f6p Lemon Skunk Weed online. Lemon Kush \u00e4r en cross btw Master Kush och Lemon Joy, den har en l\u00e5g till medelh\u00f6g avkastning. Rekommenderas f\u00f6r patienter med HIV\/AIDS, glaukom, Parkinsons sjukdom, \u00e5ngest, kronisk sm\u00e4rta...","og_url":"https:\/\/medicinasinc.com\/se\/product\/kop-citron-skunk\/","og_site_name":"Medicinas Inc","article_modified_time":"2022-07-04T00:00:03+00:00","og_image":[{"width":2403,"height":2403,"url":"https:\/\/medicinasinc.com\/se\/wp-content\/uploads\/sites\/16\/2022\/02\/Buy-Lemon-Skunk.jpg","type":"image\/jpeg"}],"twitter_card":"summary_large_image","twitter_misc":{"Ber\u00e4knad l\u00e4stid":"1 minut"},"schema":{"@context":"https:\/\/schema.org","@graph":[{"@type":"WebPage","@id":"https:\/\/medicinasinc.com\/se\/product\/kop-citron-skunk\/","url":"https:\/\/medicinasinc.com\/se\/product\/kop-citron-skunk\/","name":"K\u00f6p Lemon Skunk - Best Best Global Meds","isPartOf":{"@id":"https:\/\/medicinasinc.com\/se\/#website"},"primaryImageOfPage":{"@id":"https:\/\/medicinasinc.com\/se\/product\/kop-citron-skunk\/#primaryimage"},"image":{"@id":"https:\/\/medicinasinc.com\/se\/product\/kop-citron-skunk\/#primaryimage"},"thumbnailUrl":"https:\/\/medicinasinc.com\/se\/wp-content\/uploads\/sites\/16\/2022\/02\/Buy-Lemon-Skunk.jpg","datePublished":"2022-02-20T18:53:00+00:00","dateModified":"2022-07-04T00:00:03+00:00","description":"K\u00f6p Lemon Skunk Weed online. Lemon Kush \u00e4r en cross btw Master Kush och Lemon Joy, den har en l\u00e5g till medelh\u00f6g avkastning. Rekommenderas f\u00f6r patienter med HIV\/AIDS, glaukom, Parkinsons sjukdom, \u00e5ngest, kronisk sm\u00e4rta...","breadcrumb":{"@id":"https:\/\/medicinasinc.com\/se\/product\/kop-citron-skunk\/#breadcrumb"},"inLanguage":"sv-SE","potentialAction":[{"@type":"ReadAction","target":["https:\/\/medicinasinc.com\/se\/product\/kop-citron-skunk\/"]}]},{"@type":"ImageObject","inLanguage":"sv-SE","@id":"https:\/\/medicinasinc.com\/se\/product\/kop-citron-skunk\/#primaryimage","url":"https:\/\/medicinasinc.com\/se\/wp-content\/uploads\/sites\/16\/2022\/02\/Buy-Lemon-Skunk.jpg","contentUrl":"https:\/\/medicinasinc.com\/se\/wp-content\/uploads\/sites\/16\/2022\/02\/Buy-Lemon-Skunk.jpg","width":2403,"height":2403},{"@type":"BreadcrumbList","@id":"https:\/\/medicinasinc.com\/se\/product\/kop-citron-skunk\/#breadcrumb","itemListElement":[{"@type":"ListItem","position":1,"name":"aff\u00e4r","item":"https:\/\/medicinasinc.com\/se\/affar\/"},{"@type":"ListItem","position":2,"name":"K\u00f6p Lemon Skunk"}]},{"@type":"WebSite","@id":"https:\/\/medicinasinc.com\/se\/#website","url":"https:\/\/medicinasinc.com\/se\/","name":"Medicinas Inc","description":"Health Medical Clinic","potentialAction":[{"@type":"SearchAction","target":{"@type":"EntryPoint","urlTemplate":"https:\/\/medicinasinc.com\/se\/?s={search_term_string}"},"query-input":{"@type":"PropertyValueSpecification","valueRequired":true,"valueName":"search_term_string"}}],"inLanguage":"sv-SE"}]}},"_links":{"self":[{"href":"https:\/\/medicinasinc.com\/se\/wp-json\/wp\/v2\/product\/4996","targetHints":{"allow":["GET"]}}],"collection":[{"href":"https:\/\/medicinasinc.com\/se\/wp-json\/wp\/v2\/product"}],"about":[{"href":"https:\/\/medicinasinc.com\/se\/wp-json\/wp\/v2\/types\/product"}],"replies":[{"embeddable":true,"href":"https:\/\/medicinasinc.com\/se\/wp-json\/wp\/v2\/comments?post=4996"}],"wp:featuredmedia":[{"embeddable":true,"href":"https:\/\/medicinasinc.com\/se\/wp-json\/wp\/v2\/media\/5013"}],"wp:attachment":[{"href":"https:\/\/medicinasinc.com\/se\/wp-json\/wp\/v2\/media?parent=4996"}],"wp:term":[{"taxonomy":"product_brand","embeddable":true,"href":"https:\/\/medicinasinc.com\/se\/wp-json\/wp\/v2\/product_brand?post=4996"},{"taxonomy":"product_cat","embeddable":true,"href":"https:\/\/medicinasinc.com\/se\/wp-json\/wp\/v2\/product_cat?post=4996"},{"taxonomy":"product_tag","embeddable":true,"href":"https:\/\/medicinasinc.com\/se\/wp-json\/wp\/v2\/product_tag?post=4996"}],"curies":[{"name":"wp","href":"https:\/\/api.w.org\/{rel}","templated":true}]}}