{"id":4971,"date":"2022-02-20T18:31:57","date_gmt":"2022-02-20T18:31:57","guid":{"rendered":"https:\/\/medicinasinc.com\/se\/?post_type=product&#038;p=4971"},"modified":"2022-07-04T00:00:26","modified_gmt":"2022-07-04T00:00:26","slug":"kopa-khalifa-kush","status":"publish","type":"product","link":"https:\/\/medicinasinc.com\/se\/product\/kopa-khalifa-kush\/","title":{"rendered":"K\u00f6p Khalifa Kush"},"content":{"rendered":"<p>Onlinek\u00f6p av Khalifa Kush Marijuana.<\/p>\n<p>Onlinek\u00f6p av Khalifa Kush Marijuana.<\/p>\n<p>Cerebrala, kreativa, euforiska och avslappnande effekter<br \/> Kan hj\u00e4lpa till att lindra Artrit, kronisk sm\u00e4rta, depression, tr\u00f6tthet, huvudv\u00e4rk, aptitf\u00f6rlust, migr\u00e4n, illam\u00e5ende, PTSD och stresssmaker<br \/> Citron, citrus, tall och s\u00f6tt<\/p>\n","protected":false},"excerpt":{"rendered":"<p>Onlinek\u00f6p av Khalifa Kush Khalifa Kush till salu online Top Medical Khalifa Cannabis till salu i mitt omr\u00e5de K\u00f6p Medical Marijuana Online Online Medical Marijuana K\u00f6p.<\/p>\n<p>Vad b\u00f6r du veta innan du k\u00f6per Wiz Khalifa OG? Wiz Khalifa OG, ofta k\u00e4nd som Khalifa Kush, \u00e4r en cannabishybridstam. K\u00f6p\u00a0online!<\/p>\n<p>Smaken och aromen av khalifa kush \u00e4r citrus och tall. N\u00e4r den anv\u00e4nds medicinskt kan khalifa kush vara effektivt f\u00f6r tr\u00f6tthet, sp\u00e4nningar, \u00e5ngest och depression, medan det h\u00f6ga CBD-inneh\u00e5llet \u00e4r utm\u00e4rkt f\u00f6r mer allvarliga sjukdomar. THC-koncentrationen av khalifa kush varierar mellan 15 % och 29 %.<\/p>\n<p>OG Hybrid Genetics Lemon x Earthy x Pine Kush Happiness \u00d7 Euphoria x Avslappning x Kreativitet x Upplyftande<\/p>\n<p>Onlinek\u00f6p av Khalifa Kush Marijuana.<\/p>\n<p>En dominerande hybrid &#8211; 80 % Indica \/ 20 % Sativa THC: 24\u201326 %<\/p>\n","protected":false},"featured_media":4985,"comment_status":"open","ping_status":"closed","template":"","meta":[],"product_brand":[],"product_cat":[778],"product_tag":[],"class_list":{"0":"post-4971","1":"product","2":"type-product","3":"status-publish","4":"has-post-thumbnail","6":"product_cat-ogras-till-salu","8":"first","9":"instock","10":"shipping-taxable","11":"purchasable","12":"product-type-variable","13":"has-default-attributes"},"yoast_head":"<!-- This site is optimized with the Yoast SEO plugin v27.3 - https:\/\/yoast.com\/product\/yoast-seo-wordpress\/ -->\n<title>K\u00f6p Khalifa Kush Marijuana Online - B\u00e4sta b\u00e4sta globala medicinerna<\/title>\n<meta name=\"description\" content=\"K\u00f6p Khalifa Kush Online Khalifa Kush till salu online Top Medical Khalifa Cannabis till salu n\u00e4ra mig K\u00f6p Medicinsk Cannabis Online K\u00f6p medicinsk Marijuana online.\" \/>\n<meta name=\"robots\" content=\"index, follow, max-snippet:-1, max-image-preview:large, max-video-preview:-1\" \/>\n<link rel=\"canonical\" href=\"https:\/\/medicinasinc.com\/se\/product\/kopa-khalifa-kush\/\" \/>\n<meta property=\"og:locale\" content=\"sv_SE\" \/>\n<meta property=\"og:type\" content=\"article\" \/>\n<meta property=\"og:title\" content=\"K\u00f6p Khalifa Kush Marijuana Online - B\u00e4sta b\u00e4sta globala medicinerna\" \/>\n<meta property=\"og:description\" content=\"K\u00f6p Khalifa Kush Online Khalifa Kush till salu online Top Medical Khalifa Cannabis till salu n\u00e4ra mig K\u00f6p Medicinsk Cannabis Online K\u00f6p medicinsk Marijuana online.\" \/>\n<meta property=\"og:url\" content=\"https:\/\/medicinasinc.com\/se\/product\/kopa-khalifa-kush\/\" \/>\n<meta property=\"og:site_name\" content=\"Medicinas Inc\" \/>\n<meta property=\"article:modified_time\" content=\"2022-07-04T00:00:26+00:00\" \/>\n<meta property=\"og:image\" content=\"https:\/\/medicinasinc.com\/se\/wp-content\/uploads\/sites\/16\/2022\/02\/Buy-Khalifa-Kush.jpeg\" \/>\n\t<meta property=\"og:image:width\" content=\"1141\" \/>\n\t<meta property=\"og:image:height\" content=\"1064\" \/>\n\t<meta property=\"og:image:type\" content=\"image\/jpeg\" \/>\n<meta name=\"twitter:card\" content=\"summary_large_image\" \/>\n<meta name=\"twitter:label1\" content=\"Ber\u00e4knad l\u00e4stid\" \/>\n\t<meta name=\"twitter:data1\" content=\"1 minut\" \/>\n<script type=\"application\/ld+json\" class=\"yoast-schema-graph\">{\"@context\":\"https:\\\/\\\/schema.org\",\"@graph\":[{\"@type\":\"WebPage\",\"@id\":\"https:\\\/\\\/medicinasinc.com\\\/se\\\/product\\\/kopa-khalifa-kush\\\/\",\"url\":\"https:\\\/\\\/medicinasinc.com\\\/se\\\/product\\\/kopa-khalifa-kush\\\/\",\"name\":\"K\u00f6p Khalifa Kush Marijuana Online - B\u00e4sta b\u00e4sta globala medicinerna\",\"isPartOf\":{\"@id\":\"https:\\\/\\\/medicinasinc.com\\\/se\\\/#website\"},\"primaryImageOfPage\":{\"@id\":\"https:\\\/\\\/medicinasinc.com\\\/se\\\/product\\\/kopa-khalifa-kush\\\/#primaryimage\"},\"image\":{\"@id\":\"https:\\\/\\\/medicinasinc.com\\\/se\\\/product\\\/kopa-khalifa-kush\\\/#primaryimage\"},\"thumbnailUrl\":\"https:\\\/\\\/medicinasinc.com\\\/se\\\/wp-content\\\/uploads\\\/sites\\\/16\\\/2022\\\/02\\\/Buy-Khalifa-Kush.jpeg\",\"datePublished\":\"2022-02-20T18:31:57+00:00\",\"dateModified\":\"2022-07-04T00:00:26+00:00\",\"description\":\"K\u00f6p Khalifa Kush Online Khalifa Kush till salu online Top Medical Khalifa Cannabis till salu n\u00e4ra mig K\u00f6p Medicinsk Cannabis Online K\u00f6p medicinsk Marijuana online.\",\"breadcrumb\":{\"@id\":\"https:\\\/\\\/medicinasinc.com\\\/se\\\/product\\\/kopa-khalifa-kush\\\/#breadcrumb\"},\"inLanguage\":\"sv-SE\",\"potentialAction\":[{\"@type\":\"ReadAction\",\"target\":[\"https:\\\/\\\/medicinasinc.com\\\/se\\\/product\\\/kopa-khalifa-kush\\\/\"]}]},{\"@type\":\"ImageObject\",\"inLanguage\":\"sv-SE\",\"@id\":\"https:\\\/\\\/medicinasinc.com\\\/se\\\/product\\\/kopa-khalifa-kush\\\/#primaryimage\",\"url\":\"https:\\\/\\\/medicinasinc.com\\\/se\\\/wp-content\\\/uploads\\\/sites\\\/16\\\/2022\\\/02\\\/Buy-Khalifa-Kush.jpeg\",\"contentUrl\":\"https:\\\/\\\/medicinasinc.com\\\/se\\\/wp-content\\\/uploads\\\/sites\\\/16\\\/2022\\\/02\\\/Buy-Khalifa-Kush.jpeg\",\"width\":1141,\"height\":1064},{\"@type\":\"BreadcrumbList\",\"@id\":\"https:\\\/\\\/medicinasinc.com\\\/se\\\/product\\\/kopa-khalifa-kush\\\/#breadcrumb\",\"itemListElement\":[{\"@type\":\"ListItem\",\"position\":1,\"name\":\"aff\u00e4r\",\"item\":\"https:\\\/\\\/medicinasinc.com\\\/se\\\/affar\\\/\"},{\"@type\":\"ListItem\",\"position\":2,\"name\":\"K\u00f6p Khalifa Kush\"}]},{\"@type\":\"WebSite\",\"@id\":\"https:\\\/\\\/medicinasinc.com\\\/se\\\/#website\",\"url\":\"https:\\\/\\\/medicinasinc.com\\\/se\\\/\",\"name\":\"Medicinas Inc\",\"description\":\"Health Medical Clinic\",\"potentialAction\":[{\"@type\":\"SearchAction\",\"target\":{\"@type\":\"EntryPoint\",\"urlTemplate\":\"https:\\\/\\\/medicinasinc.com\\\/se\\\/?s={search_term_string}\"},\"query-input\":{\"@type\":\"PropertyValueSpecification\",\"valueRequired\":true,\"valueName\":\"search_term_string\"}}],\"inLanguage\":\"sv-SE\"}]}<\/script>\n<!-- \/ Yoast SEO plugin. -->","yoast_head_json":{"title":"K\u00f6p Khalifa Kush Marijuana Online - B\u00e4sta b\u00e4sta globala medicinerna","description":"K\u00f6p Khalifa Kush Online Khalifa Kush till salu online Top Medical Khalifa Cannabis till salu n\u00e4ra mig K\u00f6p Medicinsk Cannabis Online K\u00f6p medicinsk Marijuana online.","robots":{"index":"index","follow":"follow","max-snippet":"max-snippet:-1","max-image-preview":"max-image-preview:large","max-video-preview":"max-video-preview:-1"},"canonical":"https:\/\/medicinasinc.com\/se\/product\/kopa-khalifa-kush\/","og_locale":"sv_SE","og_type":"article","og_title":"K\u00f6p Khalifa Kush Marijuana Online - B\u00e4sta b\u00e4sta globala medicinerna","og_description":"K\u00f6p Khalifa Kush Online Khalifa Kush till salu online Top Medical Khalifa Cannabis till salu n\u00e4ra mig K\u00f6p Medicinsk Cannabis Online K\u00f6p medicinsk Marijuana online.","og_url":"https:\/\/medicinasinc.com\/se\/product\/kopa-khalifa-kush\/","og_site_name":"Medicinas Inc","article_modified_time":"2022-07-04T00:00:26+00:00","og_image":[{"width":1141,"height":1064,"url":"https:\/\/medicinasinc.com\/se\/wp-content\/uploads\/sites\/16\/2022\/02\/Buy-Khalifa-Kush.jpeg","type":"image\/jpeg"}],"twitter_card":"summary_large_image","twitter_misc":{"Ber\u00e4knad l\u00e4stid":"1 minut"},"schema":{"@context":"https:\/\/schema.org","@graph":[{"@type":"WebPage","@id":"https:\/\/medicinasinc.com\/se\/product\/kopa-khalifa-kush\/","url":"https:\/\/medicinasinc.com\/se\/product\/kopa-khalifa-kush\/","name":"K\u00f6p Khalifa Kush Marijuana Online - B\u00e4sta b\u00e4sta globala medicinerna","isPartOf":{"@id":"https:\/\/medicinasinc.com\/se\/#website"},"primaryImageOfPage":{"@id":"https:\/\/medicinasinc.com\/se\/product\/kopa-khalifa-kush\/#primaryimage"},"image":{"@id":"https:\/\/medicinasinc.com\/se\/product\/kopa-khalifa-kush\/#primaryimage"},"thumbnailUrl":"https:\/\/medicinasinc.com\/se\/wp-content\/uploads\/sites\/16\/2022\/02\/Buy-Khalifa-Kush.jpeg","datePublished":"2022-02-20T18:31:57+00:00","dateModified":"2022-07-04T00:00:26+00:00","description":"K\u00f6p Khalifa Kush Online Khalifa Kush till salu online Top Medical Khalifa Cannabis till salu n\u00e4ra mig K\u00f6p Medicinsk Cannabis Online K\u00f6p medicinsk Marijuana online.","breadcrumb":{"@id":"https:\/\/medicinasinc.com\/se\/product\/kopa-khalifa-kush\/#breadcrumb"},"inLanguage":"sv-SE","potentialAction":[{"@type":"ReadAction","target":["https:\/\/medicinasinc.com\/se\/product\/kopa-khalifa-kush\/"]}]},{"@type":"ImageObject","inLanguage":"sv-SE","@id":"https:\/\/medicinasinc.com\/se\/product\/kopa-khalifa-kush\/#primaryimage","url":"https:\/\/medicinasinc.com\/se\/wp-content\/uploads\/sites\/16\/2022\/02\/Buy-Khalifa-Kush.jpeg","contentUrl":"https:\/\/medicinasinc.com\/se\/wp-content\/uploads\/sites\/16\/2022\/02\/Buy-Khalifa-Kush.jpeg","width":1141,"height":1064},{"@type":"BreadcrumbList","@id":"https:\/\/medicinasinc.com\/se\/product\/kopa-khalifa-kush\/#breadcrumb","itemListElement":[{"@type":"ListItem","position":1,"name":"aff\u00e4r","item":"https:\/\/medicinasinc.com\/se\/affar\/"},{"@type":"ListItem","position":2,"name":"K\u00f6p Khalifa Kush"}]},{"@type":"WebSite","@id":"https:\/\/medicinasinc.com\/se\/#website","url":"https:\/\/medicinasinc.com\/se\/","name":"Medicinas Inc","description":"Health Medical Clinic","potentialAction":[{"@type":"SearchAction","target":{"@type":"EntryPoint","urlTemplate":"https:\/\/medicinasinc.com\/se\/?s={search_term_string}"},"query-input":{"@type":"PropertyValueSpecification","valueRequired":true,"valueName":"search_term_string"}}],"inLanguage":"sv-SE"}]}},"_links":{"self":[{"href":"https:\/\/medicinasinc.com\/se\/wp-json\/wp\/v2\/product\/4971","targetHints":{"allow":["GET"]}}],"collection":[{"href":"https:\/\/medicinasinc.com\/se\/wp-json\/wp\/v2\/product"}],"about":[{"href":"https:\/\/medicinasinc.com\/se\/wp-json\/wp\/v2\/types\/product"}],"replies":[{"embeddable":true,"href":"https:\/\/medicinasinc.com\/se\/wp-json\/wp\/v2\/comments?post=4971"}],"wp:featuredmedia":[{"embeddable":true,"href":"https:\/\/medicinasinc.com\/se\/wp-json\/wp\/v2\/media\/4985"}],"wp:attachment":[{"href":"https:\/\/medicinasinc.com\/se\/wp-json\/wp\/v2\/media?parent=4971"}],"wp:term":[{"taxonomy":"product_brand","embeddable":true,"href":"https:\/\/medicinasinc.com\/se\/wp-json\/wp\/v2\/product_brand?post=4971"},{"taxonomy":"product_cat","embeddable":true,"href":"https:\/\/medicinasinc.com\/se\/wp-json\/wp\/v2\/product_cat?post=4971"},{"taxonomy":"product_tag","embeddable":true,"href":"https:\/\/medicinasinc.com\/se\/wp-json\/wp\/v2\/product_tag?post=4971"}],"curies":[{"name":"wp","href":"https:\/\/api.w.org\/{rel}","templated":true}]}}