{"id":4970,"date":"2022-02-20T18:30:09","date_gmt":"2022-02-20T18:30:09","guid":{"rendered":"https:\/\/medicinasinc.com\/se\/?post_type=product&#038;p=4970"},"modified":"2022-07-04T00:00:36","modified_gmt":"2022-07-04T00:00:36","slug":"kopa-jesus-och-ogras","status":"publish","type":"product","link":"https:\/\/medicinasinc.com\/se\/product\/kopa-jesus-och-ogras\/","title":{"rendered":"K\u00f6p Jesus OG Weed"},"content":{"rendered":"<p>Jesus OG Marijuana-stam kan k\u00f6pas online. Jesus OG \u00e4r en Sativa Dominant Hybrid &#8211; 80 procent Sativa. Sativa \/ 20% Indica THC: 21% &#8211; 25%<\/p>\n<p>Energigivande, euforiska, fokuserande, glada och upplyftande effekter kan lindra ADD\/ADHD, bipol\u00e4r sjukdom, kronisk sm\u00e4rta, depression, tr\u00f6tthet, huvudv\u00e4rk, migr\u00e4n, Illam\u00e5ende, PTSD och stresssmaker<br \/> Citron, tallbarr, s\u00f6ta och syrliga<br \/> Dofter<br \/> Citronig, skarp och s\u00f6t<\/p>\n","protected":false},"excerpt":{"rendered":"<p>K\u00f6p Jesus OG Marijuana Strain Online. Jesus og marijuana-stam \u00e4r en Sativa Dominant Hybrid &amp; # 8211; 80 % Sativa \/ 20 % Indica THC: 21 % \u2013 25 %<\/p>\n","protected":false},"featured_media":4983,"comment_status":"open","ping_status":"closed","template":"","meta":[],"product_brand":[],"product_cat":[778],"product_tag":[911,908,912,909,914,885,614,886,887,888,889,891,893,626,455,896,897,901,903,477,904,919,906,907,913,910,916,917,918,890,900,894,895,473,898,899,470,892,905,459,902,920,921,922,915,923],"class_list":{"0":"post-4970","1":"product","2":"type-product","3":"status-publish","4":"has-post-thumbnail","6":"product_cat-ogras-till-salu","7":"product_tag-apotek-nra-mig-ppna-sen","8":"product_tag-apotek-nra-mig-ppna-nu","9":"product_tag-dispensary-nra-mig-rekreation","10":"product_tag-apotek-som-inte-krver-medicinkort-nra-mig","11":"product_tag-tbara-online-ingen-medicinsk-kort","12":"product_tag-bsta-marijuana-stammar","13":"product_tag-bsta-online-dispensary","14":"product_tag-bsta-online-dispensary-kanada","15":"product_tag-bipolr-sjukdom","16":"product_tag-bl-drm-marijuana-stam","17":"product_tag-buy-ace-killer-og-marijuana","18":"product_tag-buy-gelato-marijuana-online","19":"product_tag-buy-jesus-og-marijuana-strain-online","20":"product_tag-buy-legal-weed-online","21":"product_tag-buy-marijuana-online","22":"product_tag-buy-medical-cannabis-oil-online","23":"product_tag-buy-my-weed-online-review","24":"product_tag-buy-skunk-online-uk","25":"product_tag-buy-weed-onlne-uk","26":"product_tag-buying-weed-online","27":"product_tag-charlottes-web-cannabis-stam","28":"product_tag-citron-och-autoflower","29":"product_tag-dawg-cookies-indica-stam","30":"product_tag-depression","31":"product_tag-dispensary-ogrs-stammar","32":"product_tag-dispensrer-som-fartyg-ut-ur-staten","33":"product_tag-jesus-och-feminiserade-frn","34":"product_tag-jesus-och-frn","35":"product_tag-jesus-och-anstrngning","36":"product_tag-k-c3-b6pa-ahoe-hydro-og-indica","37":"product_tag-kpa-fritids-ogrs-online","38":"product_tag-kpa-khalifa-kush-marijuana","39":"product_tag-kp-marijuana-online-ingen-medicinskt-kort","40":"product_tag-kpa-ogrs-online-europa","41":"product_tag-kpa-president-kush-stam","42":"product_tag-k-c3-b6p-really-ogr-c3-a4s-online","43":"product_tag-kpa-ogrs-online","44":"product_tag-k-c3-b6pa-illegal-ogr-c3-a4s-online","45":"product_tag-kronisk-smrta","46":"product_tag-kpa-marijuana-online-usa","47":"product_tag-kp-ogrs-online-kp-marijuana-online","48":"product_tag-pacific-frbank-autoflower","49":"product_tag-platinum-og-kush-seed","50":"product_tag-tga-subcool-jesus-og","51":"product_tag-trtthet","52":"product_tag-yoda-och-uppfdare","54":"first","55":"instock","56":"shipping-taxable","57":"purchasable","58":"product-type-variable","59":"has-default-attributes"},"yoast_head":"<!-- This site is optimized with the Yoast SEO plugin v27.3 - https:\/\/yoast.com\/product\/yoast-seo-wordpress\/ -->\n<title>K\u00f6p Jesus OG Weed Marijuana Stam - b\u00e4sta globala medicin<\/title>\n<meta name=\"description\" content=\"K\u00f6p Jesus OG Marijuana Stam till salu Online. Jesus og marijuana-stammen \u00e4r Sativa Dominant Hybrid \u2013 80 % Sativa \/ 20 % Indica THC: 21 % \u2013 25 %\" \/>\n<meta name=\"robots\" content=\"index, follow, max-snippet:-1, max-image-preview:large, max-video-preview:-1\" \/>\n<link rel=\"canonical\" href=\"https:\/\/medicinasinc.com\/se\/product\/kopa-jesus-och-ogras\/\" \/>\n<meta property=\"og:locale\" content=\"sv_SE\" \/>\n<meta property=\"og:type\" content=\"article\" \/>\n<meta property=\"og:title\" content=\"K\u00f6p Jesus OG Weed Marijuana Stam - b\u00e4sta globala medicin\" \/>\n<meta property=\"og:description\" content=\"K\u00f6p Jesus OG Marijuana Stam till salu Online. Jesus og marijuana-stammen \u00e4r Sativa Dominant Hybrid \u2013 80 % Sativa \/ 20 % Indica THC: 21 % \u2013 25 %\" \/>\n<meta property=\"og:url\" content=\"https:\/\/medicinasinc.com\/se\/product\/kopa-jesus-och-ogras\/\" \/>\n<meta property=\"og:site_name\" content=\"Medicinas Inc\" \/>\n<meta property=\"article:modified_time\" content=\"2022-07-04T00:00:36+00:00\" \/>\n<meta property=\"og:image\" content=\"https:\/\/medicinasinc.com\/se\/wp-content\/uploads\/sites\/16\/2022\/02\/buy-Jesus-OG.png\" \/>\n\t<meta property=\"og:image:width\" content=\"600\" \/>\n\t<meta property=\"og:image:height\" content=\"600\" \/>\n\t<meta property=\"og:image:type\" content=\"image\/png\" \/>\n<meta name=\"twitter:card\" content=\"summary_large_image\" \/>\n<meta name=\"twitter:label1\" content=\"Ber\u00e4knad l\u00e4stid\" \/>\n\t<meta name=\"twitter:data1\" content=\"1 minut\" \/>\n<script type=\"application\/ld+json\" class=\"yoast-schema-graph\">{\"@context\":\"https:\\\/\\\/schema.org\",\"@graph\":[{\"@type\":\"WebPage\",\"@id\":\"https:\\\/\\\/medicinasinc.com\\\/se\\\/product\\\/kopa-jesus-och-ogras\\\/\",\"url\":\"https:\\\/\\\/medicinasinc.com\\\/se\\\/product\\\/kopa-jesus-och-ogras\\\/\",\"name\":\"K\u00f6p Jesus OG Weed Marijuana Stam - b\u00e4sta globala medicin\",\"isPartOf\":{\"@id\":\"https:\\\/\\\/medicinasinc.com\\\/se\\\/#website\"},\"primaryImageOfPage\":{\"@id\":\"https:\\\/\\\/medicinasinc.com\\\/se\\\/product\\\/kopa-jesus-och-ogras\\\/#primaryimage\"},\"image\":{\"@id\":\"https:\\\/\\\/medicinasinc.com\\\/se\\\/product\\\/kopa-jesus-och-ogras\\\/#primaryimage\"},\"thumbnailUrl\":\"https:\\\/\\\/medicinasinc.com\\\/se\\\/wp-content\\\/uploads\\\/sites\\\/16\\\/2022\\\/02\\\/buy-Jesus-OG.png\",\"datePublished\":\"2022-02-20T18:30:09+00:00\",\"dateModified\":\"2022-07-04T00:00:36+00:00\",\"description\":\"K\u00f6p Jesus OG Marijuana Stam till salu Online. Jesus og marijuana-stammen \u00e4r Sativa Dominant Hybrid \u2013 80 % Sativa \\\/ 20 % Indica THC: 21 % \u2013 25 %\",\"breadcrumb\":{\"@id\":\"https:\\\/\\\/medicinasinc.com\\\/se\\\/product\\\/kopa-jesus-och-ogras\\\/#breadcrumb\"},\"inLanguage\":\"sv-SE\",\"potentialAction\":[{\"@type\":\"ReadAction\",\"target\":[\"https:\\\/\\\/medicinasinc.com\\\/se\\\/product\\\/kopa-jesus-och-ogras\\\/\"]}]},{\"@type\":\"ImageObject\",\"inLanguage\":\"sv-SE\",\"@id\":\"https:\\\/\\\/medicinasinc.com\\\/se\\\/product\\\/kopa-jesus-och-ogras\\\/#primaryimage\",\"url\":\"https:\\\/\\\/medicinasinc.com\\\/se\\\/wp-content\\\/uploads\\\/sites\\\/16\\\/2022\\\/02\\\/buy-Jesus-OG.png\",\"contentUrl\":\"https:\\\/\\\/medicinasinc.com\\\/se\\\/wp-content\\\/uploads\\\/sites\\\/16\\\/2022\\\/02\\\/buy-Jesus-OG.png\",\"width\":600,\"height\":600},{\"@type\":\"BreadcrumbList\",\"@id\":\"https:\\\/\\\/medicinasinc.com\\\/se\\\/product\\\/kopa-jesus-och-ogras\\\/#breadcrumb\",\"itemListElement\":[{\"@type\":\"ListItem\",\"position\":1,\"name\":\"aff\u00e4r\",\"item\":\"https:\\\/\\\/medicinasinc.com\\\/se\\\/affar\\\/\"},{\"@type\":\"ListItem\",\"position\":2,\"name\":\"K\u00f6p Jesus OG Weed\"}]},{\"@type\":\"WebSite\",\"@id\":\"https:\\\/\\\/medicinasinc.com\\\/se\\\/#website\",\"url\":\"https:\\\/\\\/medicinasinc.com\\\/se\\\/\",\"name\":\"Medicinas Inc\",\"description\":\"Health Medical Clinic\",\"potentialAction\":[{\"@type\":\"SearchAction\",\"target\":{\"@type\":\"EntryPoint\",\"urlTemplate\":\"https:\\\/\\\/medicinasinc.com\\\/se\\\/?s={search_term_string}\"},\"query-input\":{\"@type\":\"PropertyValueSpecification\",\"valueRequired\":true,\"valueName\":\"search_term_string\"}}],\"inLanguage\":\"sv-SE\"}]}<\/script>\n<!-- \/ Yoast SEO plugin. -->","yoast_head_json":{"title":"K\u00f6p Jesus OG Weed Marijuana Stam - b\u00e4sta globala medicin","description":"K\u00f6p Jesus OG Marijuana Stam till salu Online. Jesus og marijuana-stammen \u00e4r Sativa Dominant Hybrid \u2013 80 % Sativa \/ 20 % Indica THC: 21 % \u2013 25 %","robots":{"index":"index","follow":"follow","max-snippet":"max-snippet:-1","max-image-preview":"max-image-preview:large","max-video-preview":"max-video-preview:-1"},"canonical":"https:\/\/medicinasinc.com\/se\/product\/kopa-jesus-och-ogras\/","og_locale":"sv_SE","og_type":"article","og_title":"K\u00f6p Jesus OG Weed Marijuana Stam - b\u00e4sta globala medicin","og_description":"K\u00f6p Jesus OG Marijuana Stam till salu Online. Jesus og marijuana-stammen \u00e4r Sativa Dominant Hybrid \u2013 80 % Sativa \/ 20 % Indica THC: 21 % \u2013 25 %","og_url":"https:\/\/medicinasinc.com\/se\/product\/kopa-jesus-och-ogras\/","og_site_name":"Medicinas Inc","article_modified_time":"2022-07-04T00:00:36+00:00","og_image":[{"width":600,"height":600,"url":"https:\/\/medicinasinc.com\/se\/wp-content\/uploads\/sites\/16\/2022\/02\/buy-Jesus-OG.png","type":"image\/png"}],"twitter_card":"summary_large_image","twitter_misc":{"Ber\u00e4knad l\u00e4stid":"1 minut"},"schema":{"@context":"https:\/\/schema.org","@graph":[{"@type":"WebPage","@id":"https:\/\/medicinasinc.com\/se\/product\/kopa-jesus-och-ogras\/","url":"https:\/\/medicinasinc.com\/se\/product\/kopa-jesus-och-ogras\/","name":"K\u00f6p Jesus OG Weed Marijuana Stam - b\u00e4sta globala medicin","isPartOf":{"@id":"https:\/\/medicinasinc.com\/se\/#website"},"primaryImageOfPage":{"@id":"https:\/\/medicinasinc.com\/se\/product\/kopa-jesus-och-ogras\/#primaryimage"},"image":{"@id":"https:\/\/medicinasinc.com\/se\/product\/kopa-jesus-och-ogras\/#primaryimage"},"thumbnailUrl":"https:\/\/medicinasinc.com\/se\/wp-content\/uploads\/sites\/16\/2022\/02\/buy-Jesus-OG.png","datePublished":"2022-02-20T18:30:09+00:00","dateModified":"2022-07-04T00:00:36+00:00","description":"K\u00f6p Jesus OG Marijuana Stam till salu Online. Jesus og marijuana-stammen \u00e4r Sativa Dominant Hybrid \u2013 80 % Sativa \/ 20 % Indica THC: 21 % \u2013 25 %","breadcrumb":{"@id":"https:\/\/medicinasinc.com\/se\/product\/kopa-jesus-och-ogras\/#breadcrumb"},"inLanguage":"sv-SE","potentialAction":[{"@type":"ReadAction","target":["https:\/\/medicinasinc.com\/se\/product\/kopa-jesus-och-ogras\/"]}]},{"@type":"ImageObject","inLanguage":"sv-SE","@id":"https:\/\/medicinasinc.com\/se\/product\/kopa-jesus-och-ogras\/#primaryimage","url":"https:\/\/medicinasinc.com\/se\/wp-content\/uploads\/sites\/16\/2022\/02\/buy-Jesus-OG.png","contentUrl":"https:\/\/medicinasinc.com\/se\/wp-content\/uploads\/sites\/16\/2022\/02\/buy-Jesus-OG.png","width":600,"height":600},{"@type":"BreadcrumbList","@id":"https:\/\/medicinasinc.com\/se\/product\/kopa-jesus-och-ogras\/#breadcrumb","itemListElement":[{"@type":"ListItem","position":1,"name":"aff\u00e4r","item":"https:\/\/medicinasinc.com\/se\/affar\/"},{"@type":"ListItem","position":2,"name":"K\u00f6p Jesus OG Weed"}]},{"@type":"WebSite","@id":"https:\/\/medicinasinc.com\/se\/#website","url":"https:\/\/medicinasinc.com\/se\/","name":"Medicinas Inc","description":"Health Medical Clinic","potentialAction":[{"@type":"SearchAction","target":{"@type":"EntryPoint","urlTemplate":"https:\/\/medicinasinc.com\/se\/?s={search_term_string}"},"query-input":{"@type":"PropertyValueSpecification","valueRequired":true,"valueName":"search_term_string"}}],"inLanguage":"sv-SE"}]}},"_links":{"self":[{"href":"https:\/\/medicinasinc.com\/se\/wp-json\/wp\/v2\/product\/4970","targetHints":{"allow":["GET"]}}],"collection":[{"href":"https:\/\/medicinasinc.com\/se\/wp-json\/wp\/v2\/product"}],"about":[{"href":"https:\/\/medicinasinc.com\/se\/wp-json\/wp\/v2\/types\/product"}],"replies":[{"embeddable":true,"href":"https:\/\/medicinasinc.com\/se\/wp-json\/wp\/v2\/comments?post=4970"}],"wp:featuredmedia":[{"embeddable":true,"href":"https:\/\/medicinasinc.com\/se\/wp-json\/wp\/v2\/media\/4983"}],"wp:attachment":[{"href":"https:\/\/medicinasinc.com\/se\/wp-json\/wp\/v2\/media?parent=4970"}],"wp:term":[{"taxonomy":"product_brand","embeddable":true,"href":"https:\/\/medicinasinc.com\/se\/wp-json\/wp\/v2\/product_brand?post=4970"},{"taxonomy":"product_cat","embeddable":true,"href":"https:\/\/medicinasinc.com\/se\/wp-json\/wp\/v2\/product_cat?post=4970"},{"taxonomy":"product_tag","embeddable":true,"href":"https:\/\/medicinasinc.com\/se\/wp-json\/wp\/v2\/product_tag?post=4970"}],"curies":[{"name":"wp","href":"https:\/\/api.w.org\/{rel}","templated":true}]}}