{"id":4968,"date":"2022-02-20T18:28:25","date_gmt":"2022-02-20T18:28:25","guid":{"rendered":"https:\/\/medicinasinc.com\/se\/?post_type=product&#038;p=4968"},"modified":"2022-07-04T00:00:48","modified_gmt":"2022-07-04T00:00:48","slug":"kopa-oandlig-eufori-marijuana","status":"publish","type":"product","link":"https:\/\/medicinasinc.com\/se\/product\/kopa-oandlig-eufori-marijuana\/","title":{"rendered":"K\u00f6p Infinite Euphoria Marijuana"},"content":{"rendered":"<p>K\u00f6p Marijuana Infinite Euphoria Online.<\/p>\n<p>K\u00f6p Marijuana Infinite Euphoria Online.<\/p>\n<p>Energigivande, euforiska, glada, l\u00e5ngvariga, upplyftande effekter kan lindra \u00e5ngest, depression, tr\u00f6tthet, hum\u00f6rsv\u00e4ngningar, och stresssmaker<br \/> Citrus, barr, skunky och s\u00f6tt<\/p>\n","protected":false},"excerpt":{"rendered":"<p>K\u00f6p Infinite Euphoria Marijuana online. K\u00f6p Infinite Euphoria Marijuana Hybrid &#8211; 50 % Sativa\/50 % Indica THC: 23 % &#8211; 29 %<\/p>\n","protected":false},"featured_media":4981,"comment_status":"open","ping_status":"closed","template":"","meta":[],"product_brand":[],"product_cat":[778],"product_tag":[852,853,854,856,855,857,455,858,860,861,863,864,865,866,867,859,862,868,870,871,869,872,873,881,883,875,877,876,878,879,880,874,884,882],"class_list":{"0":"post-4968","1":"product","2":"type-product","3":"status-publish","4":"has-post-thumbnail","6":"product_cat-ogras-till-salu","7":"product_tag-100-sativa-stammar","8":"product_tag-ak47-marijuana-grade-aa-sativa","9":"product_tag-australien-ogrs-till-frsljning-online","10":"product_tag-best-sativa-stammar-patron","11":"product_tag-bsta-sativa-stammar-2020","12":"product_tag-bsta-sativa-stammar-fr-energi-2020","13":"product_tag-buy-marijuana-online","14":"product_tag-buy-weed-online-cheap","15":"product_tag-buy-weed-online-legit","16":"product_tag-buy-weed-online-nyc","17":"product_tag-cannabis-oil-hemp-cbd-oil","18":"product_tag-denver-ogrs-till-frsljning-i-usa","19":"product_tag-exotiska-stammar-2020","20":"product_tag-hgst-skrdande-sativa-stammar","21":"product_tag-khalifa-kush-grade-a-hybrid","22":"product_tag-kpa-ogrs-online-colorado","23":"product_tag-buy-weed-online-reddit","24":"product_tag-legal-ogrs-till-frsljning-online","25":"product_tag-marijuana-for-sale-in-colorado","26":"product_tag-marijuana-marijuana-till-salu","27":"product_tag-marijuana-till-frsljning-i-kalifornien","28":"product_tag-medicinsk-marijuana-till-f-c3-b6rs-c3-a4ljning-online","29":"product_tag-nyc-ogrs-till-frsljning-online","30":"product_tag-ogrs-till-frsljning-nra-mig","31":"product_tag-ogrs-till-frsljning-online-i-kanada","32":"product_tag-rare-sativa-strains","33":"product_tag-uk-ogrs-fr-sljning-online","34":"product_tag-uk-ogrs-till-frsljning-online","35":"product_tag-usa-cannabis-olja","36":"product_tag-usa-marijuana-fr-sljning-online","37":"product_tag-usa-ogrs-till-frsljning","38":"product_tag-utomhus-sativa-stammar","39":"product_tag-weed-online-weed-online-for-sell","40":"product_tag-ogrs-till-frsljning-online","42":"first","43":"instock","44":"shipping-taxable","45":"purchasable","46":"product-type-variable","47":"has-default-attributes"},"yoast_head":"<!-- This site is optimized with the Yoast SEO plugin v27.3 - https:\/\/yoast.com\/product\/yoast-seo-wordpress\/ -->\n<title>K\u00f6p Infinite Euphoria Marijuana - B\u00e4sta b\u00e4sta globala medicinerna<\/title>\n<meta name=\"description\" content=\"K\u00f6p Infinite Euphoria Marijuana till salu Online. K\u00f6p Infinite Euphoria Marijuana Hybrid \u2013 50 % Sativa \/50 % Indica THC: 23 % \u2013 29 %\" \/>\n<meta name=\"robots\" content=\"index, follow, max-snippet:-1, max-image-preview:large, max-video-preview:-1\" \/>\n<link rel=\"canonical\" href=\"https:\/\/medicinasinc.com\/se\/product\/kopa-oandlig-eufori-marijuana\/\" \/>\n<meta property=\"og:locale\" content=\"sv_SE\" \/>\n<meta property=\"og:type\" content=\"article\" \/>\n<meta property=\"og:title\" content=\"K\u00f6p Infinite Euphoria Marijuana - B\u00e4sta b\u00e4sta globala medicinerna\" \/>\n<meta property=\"og:description\" content=\"K\u00f6p Infinite Euphoria Marijuana till salu Online. K\u00f6p Infinite Euphoria Marijuana Hybrid \u2013 50 % Sativa \/50 % Indica THC: 23 % \u2013 29 %\" \/>\n<meta property=\"og:url\" content=\"https:\/\/medicinasinc.com\/se\/product\/kopa-oandlig-eufori-marijuana\/\" \/>\n<meta property=\"og:site_name\" content=\"Medicinas Inc\" \/>\n<meta property=\"article:modified_time\" content=\"2022-07-04T00:00:48+00:00\" \/>\n<meta property=\"og:image\" content=\"https:\/\/medicinasinc.com\/se\/wp-content\/uploads\/sites\/16\/2022\/02\/Buy-Infinite-Euphoria-Marijuana.jpg\" \/>\n\t<meta property=\"og:image:width\" content=\"225\" \/>\n\t<meta property=\"og:image:height\" content=\"225\" \/>\n\t<meta property=\"og:image:type\" content=\"image\/jpeg\" \/>\n<meta name=\"twitter:card\" content=\"summary_large_image\" \/>\n<meta name=\"twitter:label1\" content=\"Ber\u00e4knad l\u00e4stid\" \/>\n\t<meta name=\"twitter:data1\" content=\"1 minut\" \/>\n<script type=\"application\/ld+json\" class=\"yoast-schema-graph\">{\"@context\":\"https:\\\/\\\/schema.org\",\"@graph\":[{\"@type\":\"WebPage\",\"@id\":\"https:\\\/\\\/medicinasinc.com\\\/se\\\/product\\\/kopa-oandlig-eufori-marijuana\\\/\",\"url\":\"https:\\\/\\\/medicinasinc.com\\\/se\\\/product\\\/kopa-oandlig-eufori-marijuana\\\/\",\"name\":\"K\u00f6p Infinite Euphoria Marijuana - B\u00e4sta b\u00e4sta globala medicinerna\",\"isPartOf\":{\"@id\":\"https:\\\/\\\/medicinasinc.com\\\/se\\\/#website\"},\"primaryImageOfPage\":{\"@id\":\"https:\\\/\\\/medicinasinc.com\\\/se\\\/product\\\/kopa-oandlig-eufori-marijuana\\\/#primaryimage\"},\"image\":{\"@id\":\"https:\\\/\\\/medicinasinc.com\\\/se\\\/product\\\/kopa-oandlig-eufori-marijuana\\\/#primaryimage\"},\"thumbnailUrl\":\"https:\\\/\\\/medicinasinc.com\\\/se\\\/wp-content\\\/uploads\\\/sites\\\/16\\\/2022\\\/02\\\/Buy-Infinite-Euphoria-Marijuana.jpg\",\"datePublished\":\"2022-02-20T18:28:25+00:00\",\"dateModified\":\"2022-07-04T00:00:48+00:00\",\"description\":\"K\u00f6p Infinite Euphoria Marijuana till salu Online. K\u00f6p Infinite Euphoria Marijuana Hybrid \u2013 50 % Sativa \\\/50 % Indica THC: 23 % \u2013 29 %\",\"breadcrumb\":{\"@id\":\"https:\\\/\\\/medicinasinc.com\\\/se\\\/product\\\/kopa-oandlig-eufori-marijuana\\\/#breadcrumb\"},\"inLanguage\":\"sv-SE\",\"potentialAction\":[{\"@type\":\"ReadAction\",\"target\":[\"https:\\\/\\\/medicinasinc.com\\\/se\\\/product\\\/kopa-oandlig-eufori-marijuana\\\/\"]}]},{\"@type\":\"ImageObject\",\"inLanguage\":\"sv-SE\",\"@id\":\"https:\\\/\\\/medicinasinc.com\\\/se\\\/product\\\/kopa-oandlig-eufori-marijuana\\\/#primaryimage\",\"url\":\"https:\\\/\\\/medicinasinc.com\\\/se\\\/wp-content\\\/uploads\\\/sites\\\/16\\\/2022\\\/02\\\/Buy-Infinite-Euphoria-Marijuana.jpg\",\"contentUrl\":\"https:\\\/\\\/medicinasinc.com\\\/se\\\/wp-content\\\/uploads\\\/sites\\\/16\\\/2022\\\/02\\\/Buy-Infinite-Euphoria-Marijuana.jpg\",\"width\":225,\"height\":225},{\"@type\":\"BreadcrumbList\",\"@id\":\"https:\\\/\\\/medicinasinc.com\\\/se\\\/product\\\/kopa-oandlig-eufori-marijuana\\\/#breadcrumb\",\"itemListElement\":[{\"@type\":\"ListItem\",\"position\":1,\"name\":\"aff\u00e4r\",\"item\":\"https:\\\/\\\/medicinasinc.com\\\/se\\\/affar\\\/\"},{\"@type\":\"ListItem\",\"position\":2,\"name\":\"K\u00f6p Infinite Euphoria Marijuana\"}]},{\"@type\":\"WebSite\",\"@id\":\"https:\\\/\\\/medicinasinc.com\\\/se\\\/#website\",\"url\":\"https:\\\/\\\/medicinasinc.com\\\/se\\\/\",\"name\":\"Medicinas Inc\",\"description\":\"Health Medical Clinic\",\"potentialAction\":[{\"@type\":\"SearchAction\",\"target\":{\"@type\":\"EntryPoint\",\"urlTemplate\":\"https:\\\/\\\/medicinasinc.com\\\/se\\\/?s={search_term_string}\"},\"query-input\":{\"@type\":\"PropertyValueSpecification\",\"valueRequired\":true,\"valueName\":\"search_term_string\"}}],\"inLanguage\":\"sv-SE\"}]}<\/script>\n<!-- \/ Yoast SEO plugin. -->","yoast_head_json":{"title":"K\u00f6p Infinite Euphoria Marijuana - B\u00e4sta b\u00e4sta globala medicinerna","description":"K\u00f6p Infinite Euphoria Marijuana till salu Online. K\u00f6p Infinite Euphoria Marijuana Hybrid \u2013 50 % Sativa \/50 % Indica THC: 23 % \u2013 29 %","robots":{"index":"index","follow":"follow","max-snippet":"max-snippet:-1","max-image-preview":"max-image-preview:large","max-video-preview":"max-video-preview:-1"},"canonical":"https:\/\/medicinasinc.com\/se\/product\/kopa-oandlig-eufori-marijuana\/","og_locale":"sv_SE","og_type":"article","og_title":"K\u00f6p Infinite Euphoria Marijuana - B\u00e4sta b\u00e4sta globala medicinerna","og_description":"K\u00f6p Infinite Euphoria Marijuana till salu Online. K\u00f6p Infinite Euphoria Marijuana Hybrid \u2013 50 % Sativa \/50 % Indica THC: 23 % \u2013 29 %","og_url":"https:\/\/medicinasinc.com\/se\/product\/kopa-oandlig-eufori-marijuana\/","og_site_name":"Medicinas Inc","article_modified_time":"2022-07-04T00:00:48+00:00","og_image":[{"width":225,"height":225,"url":"https:\/\/medicinasinc.com\/se\/wp-content\/uploads\/sites\/16\/2022\/02\/Buy-Infinite-Euphoria-Marijuana.jpg","type":"image\/jpeg"}],"twitter_card":"summary_large_image","twitter_misc":{"Ber\u00e4knad l\u00e4stid":"1 minut"},"schema":{"@context":"https:\/\/schema.org","@graph":[{"@type":"WebPage","@id":"https:\/\/medicinasinc.com\/se\/product\/kopa-oandlig-eufori-marijuana\/","url":"https:\/\/medicinasinc.com\/se\/product\/kopa-oandlig-eufori-marijuana\/","name":"K\u00f6p Infinite Euphoria Marijuana - B\u00e4sta b\u00e4sta globala medicinerna","isPartOf":{"@id":"https:\/\/medicinasinc.com\/se\/#website"},"primaryImageOfPage":{"@id":"https:\/\/medicinasinc.com\/se\/product\/kopa-oandlig-eufori-marijuana\/#primaryimage"},"image":{"@id":"https:\/\/medicinasinc.com\/se\/product\/kopa-oandlig-eufori-marijuana\/#primaryimage"},"thumbnailUrl":"https:\/\/medicinasinc.com\/se\/wp-content\/uploads\/sites\/16\/2022\/02\/Buy-Infinite-Euphoria-Marijuana.jpg","datePublished":"2022-02-20T18:28:25+00:00","dateModified":"2022-07-04T00:00:48+00:00","description":"K\u00f6p Infinite Euphoria Marijuana till salu Online. K\u00f6p Infinite Euphoria Marijuana Hybrid \u2013 50 % Sativa \/50 % Indica THC: 23 % \u2013 29 %","breadcrumb":{"@id":"https:\/\/medicinasinc.com\/se\/product\/kopa-oandlig-eufori-marijuana\/#breadcrumb"},"inLanguage":"sv-SE","potentialAction":[{"@type":"ReadAction","target":["https:\/\/medicinasinc.com\/se\/product\/kopa-oandlig-eufori-marijuana\/"]}]},{"@type":"ImageObject","inLanguage":"sv-SE","@id":"https:\/\/medicinasinc.com\/se\/product\/kopa-oandlig-eufori-marijuana\/#primaryimage","url":"https:\/\/medicinasinc.com\/se\/wp-content\/uploads\/sites\/16\/2022\/02\/Buy-Infinite-Euphoria-Marijuana.jpg","contentUrl":"https:\/\/medicinasinc.com\/se\/wp-content\/uploads\/sites\/16\/2022\/02\/Buy-Infinite-Euphoria-Marijuana.jpg","width":225,"height":225},{"@type":"BreadcrumbList","@id":"https:\/\/medicinasinc.com\/se\/product\/kopa-oandlig-eufori-marijuana\/#breadcrumb","itemListElement":[{"@type":"ListItem","position":1,"name":"aff\u00e4r","item":"https:\/\/medicinasinc.com\/se\/affar\/"},{"@type":"ListItem","position":2,"name":"K\u00f6p Infinite Euphoria Marijuana"}]},{"@type":"WebSite","@id":"https:\/\/medicinasinc.com\/se\/#website","url":"https:\/\/medicinasinc.com\/se\/","name":"Medicinas Inc","description":"Health Medical Clinic","potentialAction":[{"@type":"SearchAction","target":{"@type":"EntryPoint","urlTemplate":"https:\/\/medicinasinc.com\/se\/?s={search_term_string}"},"query-input":{"@type":"PropertyValueSpecification","valueRequired":true,"valueName":"search_term_string"}}],"inLanguage":"sv-SE"}]}},"_links":{"self":[{"href":"https:\/\/medicinasinc.com\/se\/wp-json\/wp\/v2\/product\/4968","targetHints":{"allow":["GET"]}}],"collection":[{"href":"https:\/\/medicinasinc.com\/se\/wp-json\/wp\/v2\/product"}],"about":[{"href":"https:\/\/medicinasinc.com\/se\/wp-json\/wp\/v2\/types\/product"}],"replies":[{"embeddable":true,"href":"https:\/\/medicinasinc.com\/se\/wp-json\/wp\/v2\/comments?post=4968"}],"wp:featuredmedia":[{"embeddable":true,"href":"https:\/\/medicinasinc.com\/se\/wp-json\/wp\/v2\/media\/4981"}],"wp:attachment":[{"href":"https:\/\/medicinasinc.com\/se\/wp-json\/wp\/v2\/media?parent=4968"}],"wp:term":[{"taxonomy":"product_brand","embeddable":true,"href":"https:\/\/medicinasinc.com\/se\/wp-json\/wp\/v2\/product_brand?post=4968"},{"taxonomy":"product_cat","embeddable":true,"href":"https:\/\/medicinasinc.com\/se\/wp-json\/wp\/v2\/product_cat?post=4968"},{"taxonomy":"product_tag","embeddable":true,"href":"https:\/\/medicinasinc.com\/se\/wp-json\/wp\/v2\/product_tag?post=4968"}],"curies":[{"name":"wp","href":"https:\/\/api.w.org\/{rel}","templated":true}]}}