{"id":4953,"date":"2022-02-20T18:14:51","date_gmt":"2022-02-20T18:14:51","guid":{"rendered":"https:\/\/medicinasinc.com\/se\/?post_type=product&#038;p=4953"},"modified":"2022-07-04T00:01:04","modified_gmt":"2022-07-04T00:01:04","slug":"kopa-farfar-lila-stam","status":"publish","type":"product","link":"https:\/\/medicinasinc.com\/se\/product\/kopa-farfar-lila-stam\/","title":{"rendered":"K\u00f6p Granddaddy Purple Strain"},"content":{"rendered":"<p>K\u00f6p Granddaddy Purple Marijuana Online.<\/p>\n<p>K\u00f6p Granddaddy Purple Marijuana Online.<\/p>\n<p>Granddaddy Purple Marijuana Stam \u00e4r en hybrid \u2013 Granddaddy Purple Marijuana Strain \u00e4r en Hybrid \u2013 50 % Sativa \/ 50 % Indica THC: 20%\u201327%, CBD: 1%<\/p>\n<p>Cerebrala, eufori, glada, hungriga, avslappnande effekter<br \/> Kan hj\u00e4lpa till att lindra artrit, kronisk sm\u00e4rta, depression, s\u00f6mnl\u00f6shet, Aptitf\u00f6rlust, migr\u00e4n, muskelspasmer, PTSD och stresssmaker<br \/> Fruktiga, vindruvor, tall och s\u00f6ta<\/p>\n","protected":false},"excerpt":{"rendered":"<p>Vad b\u00f6r du veta innan du k\u00f6per Granddaddy Purple? Denna stam \u00e4r dessutom k\u00e4nd som BNP och \u00e4r en v\u00e4lk\u00e4nd Indica-korsning av Purple Urkle och Big Bud.<\/p>\n<p>K\u00f6p Granddaddy Purple Marijuana online.<\/p>\n<p>Kanadas b\u00e4sta postorder-WEED ! \u00c4r du intresserad av att k\u00f6pa medicinsk marijuana online i Kanada?<\/p>\n<p>&nbsp;<\/p>\n<p>&nbsp;<\/p>\n","protected":false},"featured_media":4967,"comment_status":"open","ping_status":"closed","template":"","meta":[],"product_brand":[],"product_cat":[778],"product_tag":[839,840,837,838,836,835,842,841],"class_list":{"0":"post-4953","1":"product","2":"type-product","3":"status-publish","4":"has-post-thumbnail","6":"product_cat-ogras-till-salu","7":"product_tag-farfar-lila-nra-mig","8":"product_tag-farfar-lila-stam-bilder","9":"product_tag-grand-daddy-lila-olja","10":"product_tag-grand-daddy-lila-strain-indica-or-sativa","11":"product_tag-grand-daddy-purp-priser","12":"product_tag-grand-daddy-purp-vagn","13":"product_tag-lila-urkle","14":"product_tag-purple-kush","16":"first","17":"instock","18":"shipping-taxable","19":"purchasable","20":"product-type-simple"},"yoast_head":"<!-- This site is optimized with the Yoast SEO plugin v27.3 - https:\/\/yoast.com\/product\/yoast-seo-wordpress\/ -->\n<title>K\u00f6p Granddaddy Purple Strain - Best Global Meds<\/title>\n<meta name=\"description\" content=\"Vad ska du veta innan du k\u00f6per Granddaddy Purple stam? \u00c4ven kallad BNP, \u00e4r denna stam en ber\u00f6md Indica-korsning mellan Purple Urkle och Big Bud.\" \/>\n<meta name=\"robots\" content=\"index, follow, max-snippet:-1, max-image-preview:large, max-video-preview:-1\" \/>\n<link rel=\"canonical\" href=\"https:\/\/medicinasinc.com\/se\/product\/kopa-farfar-lila-stam\/\" \/>\n<meta property=\"og:locale\" content=\"sv_SE\" \/>\n<meta property=\"og:type\" content=\"article\" \/>\n<meta property=\"og:title\" content=\"K\u00f6p Granddaddy Purple Strain - Best Global Meds\" \/>\n<meta property=\"og:description\" content=\"Vad ska du veta innan du k\u00f6per Granddaddy Purple stam? \u00c4ven kallad BNP, \u00e4r denna stam en ber\u00f6md Indica-korsning mellan Purple Urkle och Big Bud.\" \/>\n<meta property=\"og:url\" content=\"https:\/\/medicinasinc.com\/se\/product\/kopa-farfar-lila-stam\/\" \/>\n<meta property=\"og:site_name\" content=\"Medicinas Inc\" \/>\n<meta property=\"article:modified_time\" content=\"2022-07-04T00:01:04+00:00\" \/>\n<meta property=\"og:image\" content=\"https:\/\/medicinasinc.com\/se\/wp-content\/uploads\/sites\/16\/2022\/02\/Buy-Granddaddy-Purple-Strain.jpg\" \/>\n\t<meta property=\"og:image:width\" content=\"1822\" \/>\n\t<meta property=\"og:image:height\" content=\"2429\" \/>\n\t<meta property=\"og:image:type\" content=\"image\/jpeg\" \/>\n<meta name=\"twitter:card\" content=\"summary_large_image\" \/>\n<meta name=\"twitter:label1\" content=\"Ber\u00e4knad l\u00e4stid\" \/>\n\t<meta name=\"twitter:data1\" content=\"1 minut\" \/>\n<script type=\"application\/ld+json\" class=\"yoast-schema-graph\">{\"@context\":\"https:\\\/\\\/schema.org\",\"@graph\":[{\"@type\":\"WebPage\",\"@id\":\"https:\\\/\\\/medicinasinc.com\\\/se\\\/product\\\/kopa-farfar-lila-stam\\\/\",\"url\":\"https:\\\/\\\/medicinasinc.com\\\/se\\\/product\\\/kopa-farfar-lila-stam\\\/\",\"name\":\"K\u00f6p Granddaddy Purple Strain - Best Global Meds\",\"isPartOf\":{\"@id\":\"https:\\\/\\\/medicinasinc.com\\\/se\\\/#website\"},\"primaryImageOfPage\":{\"@id\":\"https:\\\/\\\/medicinasinc.com\\\/se\\\/product\\\/kopa-farfar-lila-stam\\\/#primaryimage\"},\"image\":{\"@id\":\"https:\\\/\\\/medicinasinc.com\\\/se\\\/product\\\/kopa-farfar-lila-stam\\\/#primaryimage\"},\"thumbnailUrl\":\"https:\\\/\\\/medicinasinc.com\\\/se\\\/wp-content\\\/uploads\\\/sites\\\/16\\\/2022\\\/02\\\/Buy-Granddaddy-Purple-Strain.jpg\",\"datePublished\":\"2022-02-20T18:14:51+00:00\",\"dateModified\":\"2022-07-04T00:01:04+00:00\",\"description\":\"Vad ska du veta innan du k\u00f6per Granddaddy Purple stam? \u00c4ven kallad BNP, \u00e4r denna stam en ber\u00f6md Indica-korsning mellan Purple Urkle och Big Bud.\",\"breadcrumb\":{\"@id\":\"https:\\\/\\\/medicinasinc.com\\\/se\\\/product\\\/kopa-farfar-lila-stam\\\/#breadcrumb\"},\"inLanguage\":\"sv-SE\",\"potentialAction\":[{\"@type\":\"ReadAction\",\"target\":[\"https:\\\/\\\/medicinasinc.com\\\/se\\\/product\\\/kopa-farfar-lila-stam\\\/\"]}]},{\"@type\":\"ImageObject\",\"inLanguage\":\"sv-SE\",\"@id\":\"https:\\\/\\\/medicinasinc.com\\\/se\\\/product\\\/kopa-farfar-lila-stam\\\/#primaryimage\",\"url\":\"https:\\\/\\\/medicinasinc.com\\\/se\\\/wp-content\\\/uploads\\\/sites\\\/16\\\/2022\\\/02\\\/Buy-Granddaddy-Purple-Strain.jpg\",\"contentUrl\":\"https:\\\/\\\/medicinasinc.com\\\/se\\\/wp-content\\\/uploads\\\/sites\\\/16\\\/2022\\\/02\\\/Buy-Granddaddy-Purple-Strain.jpg\",\"width\":1822,\"height\":2429},{\"@type\":\"BreadcrumbList\",\"@id\":\"https:\\\/\\\/medicinasinc.com\\\/se\\\/product\\\/kopa-farfar-lila-stam\\\/#breadcrumb\",\"itemListElement\":[{\"@type\":\"ListItem\",\"position\":1,\"name\":\"aff\u00e4r\",\"item\":\"https:\\\/\\\/medicinasinc.com\\\/se\\\/affar\\\/\"},{\"@type\":\"ListItem\",\"position\":2,\"name\":\"K\u00f6p Granddaddy Purple Strain\"}]},{\"@type\":\"WebSite\",\"@id\":\"https:\\\/\\\/medicinasinc.com\\\/se\\\/#website\",\"url\":\"https:\\\/\\\/medicinasinc.com\\\/se\\\/\",\"name\":\"Medicinas Inc\",\"description\":\"Health Medical Clinic\",\"potentialAction\":[{\"@type\":\"SearchAction\",\"target\":{\"@type\":\"EntryPoint\",\"urlTemplate\":\"https:\\\/\\\/medicinasinc.com\\\/se\\\/?s={search_term_string}\"},\"query-input\":{\"@type\":\"PropertyValueSpecification\",\"valueRequired\":true,\"valueName\":\"search_term_string\"}}],\"inLanguage\":\"sv-SE\"}]}<\/script>\n<!-- \/ Yoast SEO plugin. -->","yoast_head_json":{"title":"K\u00f6p Granddaddy Purple Strain - Best Global Meds","description":"Vad ska du veta innan du k\u00f6per Granddaddy Purple stam? \u00c4ven kallad BNP, \u00e4r denna stam en ber\u00f6md Indica-korsning mellan Purple Urkle och Big Bud.","robots":{"index":"index","follow":"follow","max-snippet":"max-snippet:-1","max-image-preview":"max-image-preview:large","max-video-preview":"max-video-preview:-1"},"canonical":"https:\/\/medicinasinc.com\/se\/product\/kopa-farfar-lila-stam\/","og_locale":"sv_SE","og_type":"article","og_title":"K\u00f6p Granddaddy Purple Strain - Best Global Meds","og_description":"Vad ska du veta innan du k\u00f6per Granddaddy Purple stam? \u00c4ven kallad BNP, \u00e4r denna stam en ber\u00f6md Indica-korsning mellan Purple Urkle och Big Bud.","og_url":"https:\/\/medicinasinc.com\/se\/product\/kopa-farfar-lila-stam\/","og_site_name":"Medicinas Inc","article_modified_time":"2022-07-04T00:01:04+00:00","og_image":[{"width":1822,"height":2429,"url":"https:\/\/medicinasinc.com\/se\/wp-content\/uploads\/sites\/16\/2022\/02\/Buy-Granddaddy-Purple-Strain.jpg","type":"image\/jpeg"}],"twitter_card":"summary_large_image","twitter_misc":{"Ber\u00e4knad l\u00e4stid":"1 minut"},"schema":{"@context":"https:\/\/schema.org","@graph":[{"@type":"WebPage","@id":"https:\/\/medicinasinc.com\/se\/product\/kopa-farfar-lila-stam\/","url":"https:\/\/medicinasinc.com\/se\/product\/kopa-farfar-lila-stam\/","name":"K\u00f6p Granddaddy Purple Strain - Best Global Meds","isPartOf":{"@id":"https:\/\/medicinasinc.com\/se\/#website"},"primaryImageOfPage":{"@id":"https:\/\/medicinasinc.com\/se\/product\/kopa-farfar-lila-stam\/#primaryimage"},"image":{"@id":"https:\/\/medicinasinc.com\/se\/product\/kopa-farfar-lila-stam\/#primaryimage"},"thumbnailUrl":"https:\/\/medicinasinc.com\/se\/wp-content\/uploads\/sites\/16\/2022\/02\/Buy-Granddaddy-Purple-Strain.jpg","datePublished":"2022-02-20T18:14:51+00:00","dateModified":"2022-07-04T00:01:04+00:00","description":"Vad ska du veta innan du k\u00f6per Granddaddy Purple stam? \u00c4ven kallad BNP, \u00e4r denna stam en ber\u00f6md Indica-korsning mellan Purple Urkle och Big Bud.","breadcrumb":{"@id":"https:\/\/medicinasinc.com\/se\/product\/kopa-farfar-lila-stam\/#breadcrumb"},"inLanguage":"sv-SE","potentialAction":[{"@type":"ReadAction","target":["https:\/\/medicinasinc.com\/se\/product\/kopa-farfar-lila-stam\/"]}]},{"@type":"ImageObject","inLanguage":"sv-SE","@id":"https:\/\/medicinasinc.com\/se\/product\/kopa-farfar-lila-stam\/#primaryimage","url":"https:\/\/medicinasinc.com\/se\/wp-content\/uploads\/sites\/16\/2022\/02\/Buy-Granddaddy-Purple-Strain.jpg","contentUrl":"https:\/\/medicinasinc.com\/se\/wp-content\/uploads\/sites\/16\/2022\/02\/Buy-Granddaddy-Purple-Strain.jpg","width":1822,"height":2429},{"@type":"BreadcrumbList","@id":"https:\/\/medicinasinc.com\/se\/product\/kopa-farfar-lila-stam\/#breadcrumb","itemListElement":[{"@type":"ListItem","position":1,"name":"aff\u00e4r","item":"https:\/\/medicinasinc.com\/se\/affar\/"},{"@type":"ListItem","position":2,"name":"K\u00f6p Granddaddy Purple Strain"}]},{"@type":"WebSite","@id":"https:\/\/medicinasinc.com\/se\/#website","url":"https:\/\/medicinasinc.com\/se\/","name":"Medicinas Inc","description":"Health Medical Clinic","potentialAction":[{"@type":"SearchAction","target":{"@type":"EntryPoint","urlTemplate":"https:\/\/medicinasinc.com\/se\/?s={search_term_string}"},"query-input":{"@type":"PropertyValueSpecification","valueRequired":true,"valueName":"search_term_string"}}],"inLanguage":"sv-SE"}]}},"_links":{"self":[{"href":"https:\/\/medicinasinc.com\/se\/wp-json\/wp\/v2\/product\/4953","targetHints":{"allow":["GET"]}}],"collection":[{"href":"https:\/\/medicinasinc.com\/se\/wp-json\/wp\/v2\/product"}],"about":[{"href":"https:\/\/medicinasinc.com\/se\/wp-json\/wp\/v2\/types\/product"}],"replies":[{"embeddable":true,"href":"https:\/\/medicinasinc.com\/se\/wp-json\/wp\/v2\/comments?post=4953"}],"wp:featuredmedia":[{"embeddable":true,"href":"https:\/\/medicinasinc.com\/se\/wp-json\/wp\/v2\/media\/4967"}],"wp:attachment":[{"href":"https:\/\/medicinasinc.com\/se\/wp-json\/wp\/v2\/media?parent=4953"}],"wp:term":[{"taxonomy":"product_brand","embeddable":true,"href":"https:\/\/medicinasinc.com\/se\/wp-json\/wp\/v2\/product_brand?post=4953"},{"taxonomy":"product_cat","embeddable":true,"href":"https:\/\/medicinasinc.com\/se\/wp-json\/wp\/v2\/product_cat?post=4953"},{"taxonomy":"product_tag","embeddable":true,"href":"https:\/\/medicinasinc.com\/se\/wp-json\/wp\/v2\/product_tag?post=4953"}],"curies":[{"name":"wp","href":"https:\/\/api.w.org\/{rel}","templated":true}]}}