{"id":4946,"date":"2022-02-20T18:08:57","date_gmt":"2022-02-20T18:08:57","guid":{"rendered":"https:\/\/medicinasinc.com\/se\/?post_type=product&#038;p=4946"},"modified":"2022-07-04T00:01:14","modified_gmt":"2022-07-04T00:01:14","slug":"kopa-gorilla-kex-marijuana","status":"publish","type":"product","link":"https:\/\/medicinasinc.com\/se\/product\/kopa-gorilla-kex-marijuana\/","title":{"rendered":"K\u00f6p Gorilla Biscuit Marijuana"},"content":{"rendered":"<h1><\/h1>\n<p>Onlinek\u00f6p av Gorilla Biscuit Marijuana Stam.<\/p>\n<p>Onlinek\u00f6p av Gorilla Biscuit Marijuana Strain.<\/p>\n<p>Marijuana fr\u00e5n gorilla Biscuits \u00e4r Indica. Dominant Hybrid &#8211; 60% Indica \/ 40% Sativa THC-inneh\u00e5ll i sativa: 15%\u201320%<\/p>\n<p>Upphetsning, eufori, hunger, avslappning och s\u00f6mnighet<br \/> Kan hj\u00e4lpa till vid behandling av anorexi, kramper Smaker av depression, s\u00f6mnl\u00f6shet och stress<br \/> Dofter av kaffe, citron och tall<br \/> Jordn\u00e4ra, skarp och kryddig<\/p>\n<p>Gorilla Biscuit av Seeds of Compassion \u00e4r en Indien-dominerande snitt som h\u00e4rr\u00f6r fr\u00e5n fr\u00e5n korsningen mellan Sensi Stars fenotyper Terpentine och Stardawg IX. Denna ovanliga och ganska gammaldags blandning \u00e4r uppkallad efter Methaqualone, ofta k\u00e4nd som quaaludes, en drog med en lugnande och exotisk effekt p\u00e5 kroppen. Dess \u00e4godelar forts\u00e4tter p\u00e5 ett liknande lugnande s\u00e4tt och l\u00e4mnar bihangen tunga och l\u00f6sa. Gorilla Biscuit har en stark terpenprofil, med en stark pine-sol och kaffeb\u00f6nor arom.<\/p>\n<p>Gorilla Biscuits Strain: Gorilla OGs high \u00e4r en sann stenar-stam som utvecklas gradvis och bygger upp till ett tillst\u00e5nd av h\u00e4nryckning som varar i en l\u00e4ngre tidsperiod. N\u00e4r hennes \u00e4godelar v\u00e4l tar tag i dina tankar och kropp, kanske dina funderingar inte \u00e4r lika tydliga som de var f\u00f6r n\u00e5gra timmar sedan. Den mest synliga aspekten av din upplevelse kommer att vara det fasta intrycket av k\u00e4rleksstolsl\u00e5set, vilket kommer att g\u00f6ra det sv\u00e5rt att tillfredsst\u00e4lla n\u00e5gra l\u00f6mska munchies. V\u00e5rt f\u00f6rslag \u00e4r att avancera bortom tiden med en sopning, dyna och en stor m\u00e4ngd mat som finns inom armens r\u00e4ckvidd. Denna ovanliga och ganska gammaldags blandning \u00e4r uppkallad efter Methaqualone, ofta k\u00e4nd som quaaludes, en drog med en lugnande och exotisk effekt p\u00e5 kroppen. Dess \u00e4godelar forts\u00e4tter p\u00e5 ett liknande lugnande s\u00e4tt och l\u00e4mnar bihangen tunga och l\u00f6sa. Gorilla Biscuit har en robust terpenprofil, med en stark tall-sol och kaffebourbonarom.<\/p>\n","protected":false},"excerpt":{"rendered":"<p>K\u00f6p Gorilla Biscuit Marijuana Strain Online. Med \u00f6ver 15 \u00e5rs erfarenhet inom medicinal marijuanasektorn \u00e4r vi Kanadas ledande inom cannabispostorder.<\/p>\n","protected":false},"featured_media":4960,"comment_status":"open","ping_status":"closed","template":"","meta":[],"product_brand":[],"product_cat":[778],"product_tag":[828,829,833,830,831,832,827,834],"class_list":{"0":"post-4946","1":"product","2":"type-product","3":"status-publish","4":"has-post-thumbnail","6":"product_cat-ogras-till-salu","7":"product_tag-bizkitz-stam","8":"product_tag-california-orange-strain","9":"product_tag-druvkylare-stam","10":"product_tag-ekto-kylare-stam","11":"product_tag-gorilla-kex-drog","12":"product_tag-gorilla-kex-merch","13":"product_tag-kex-stam","14":"product_tag-socker-kex-stam","16":"first","17":"instock","18":"shipping-taxable","19":"purchasable","20":"product-type-variable","21":"has-default-attributes"},"yoast_head":"<!-- This site is optimized with the Yoast SEO plugin v27.3 - https:\/\/yoast.com\/product\/yoast-seo-wordpress\/ -->\n<title>K\u00f6p Gorilla Biscuit Marijuana - B\u00e4sta b\u00e4sta globala medicinen<\/title>\n<meta name=\"description\" content=\"K\u00f6p Gorilla Biscuit Marijuana Stam till salu Online. Ledaren inom cannabispostorder i Kanada med mer \u00e4n 15 \u00e5rs erfarenhet inom den medicinska marijuanaindustrin.\" \/>\n<meta name=\"robots\" content=\"index, follow, max-snippet:-1, max-image-preview:large, max-video-preview:-1\" \/>\n<link rel=\"canonical\" href=\"https:\/\/medicinasinc.com\/se\/product\/kopa-gorilla-kex-marijuana\/\" \/>\n<meta property=\"og:locale\" content=\"sv_SE\" \/>\n<meta property=\"og:type\" content=\"article\" \/>\n<meta property=\"og:title\" content=\"K\u00f6p Gorilla Biscuit Marijuana - B\u00e4sta b\u00e4sta globala medicinen\" \/>\n<meta property=\"og:description\" content=\"K\u00f6p Gorilla Biscuit Marijuana Stam till salu Online. Ledaren inom cannabispostorder i Kanada med mer \u00e4n 15 \u00e5rs erfarenhet inom den medicinska marijuanaindustrin.\" \/>\n<meta property=\"og:url\" content=\"https:\/\/medicinasinc.com\/se\/product\/kopa-gorilla-kex-marijuana\/\" \/>\n<meta property=\"og:site_name\" content=\"Medicinas Inc\" \/>\n<meta property=\"article:modified_time\" content=\"2022-07-04T00:01:14+00:00\" \/>\n<meta property=\"og:image\" content=\"https:\/\/medicinasinc.com\/se\/wp-content\/uploads\/sites\/16\/2022\/02\/Buy-Gorilla-Biscuit-Marijuana.jpg\" \/>\n\t<meta property=\"og:image:width\" content=\"420\" \/>\n\t<meta property=\"og:image:height\" content=\"630\" \/>\n\t<meta property=\"og:image:type\" content=\"image\/jpeg\" \/>\n<meta name=\"twitter:card\" content=\"summary_large_image\" \/>\n<meta name=\"twitter:label1\" content=\"Ber\u00e4knad l\u00e4stid\" \/>\n\t<meta name=\"twitter:data1\" content=\"2 minuter\" \/>\n<script type=\"application\/ld+json\" class=\"yoast-schema-graph\">{\"@context\":\"https:\\\/\\\/schema.org\",\"@graph\":[{\"@type\":\"WebPage\",\"@id\":\"https:\\\/\\\/medicinasinc.com\\\/se\\\/product\\\/kopa-gorilla-kex-marijuana\\\/\",\"url\":\"https:\\\/\\\/medicinasinc.com\\\/se\\\/product\\\/kopa-gorilla-kex-marijuana\\\/\",\"name\":\"K\u00f6p Gorilla Biscuit Marijuana - B\u00e4sta b\u00e4sta globala medicinen\",\"isPartOf\":{\"@id\":\"https:\\\/\\\/medicinasinc.com\\\/se\\\/#website\"},\"primaryImageOfPage\":{\"@id\":\"https:\\\/\\\/medicinasinc.com\\\/se\\\/product\\\/kopa-gorilla-kex-marijuana\\\/#primaryimage\"},\"image\":{\"@id\":\"https:\\\/\\\/medicinasinc.com\\\/se\\\/product\\\/kopa-gorilla-kex-marijuana\\\/#primaryimage\"},\"thumbnailUrl\":\"https:\\\/\\\/medicinasinc.com\\\/se\\\/wp-content\\\/uploads\\\/sites\\\/16\\\/2022\\\/02\\\/Buy-Gorilla-Biscuit-Marijuana.jpg\",\"datePublished\":\"2022-02-20T18:08:57+00:00\",\"dateModified\":\"2022-07-04T00:01:14+00:00\",\"description\":\"K\u00f6p Gorilla Biscuit Marijuana Stam till salu Online. Ledaren inom cannabispostorder i Kanada med mer \u00e4n 15 \u00e5rs erfarenhet inom den medicinska marijuanaindustrin.\",\"breadcrumb\":{\"@id\":\"https:\\\/\\\/medicinasinc.com\\\/se\\\/product\\\/kopa-gorilla-kex-marijuana\\\/#breadcrumb\"},\"inLanguage\":\"sv-SE\",\"potentialAction\":[{\"@type\":\"ReadAction\",\"target\":[\"https:\\\/\\\/medicinasinc.com\\\/se\\\/product\\\/kopa-gorilla-kex-marijuana\\\/\"]}]},{\"@type\":\"ImageObject\",\"inLanguage\":\"sv-SE\",\"@id\":\"https:\\\/\\\/medicinasinc.com\\\/se\\\/product\\\/kopa-gorilla-kex-marijuana\\\/#primaryimage\",\"url\":\"https:\\\/\\\/medicinasinc.com\\\/se\\\/wp-content\\\/uploads\\\/sites\\\/16\\\/2022\\\/02\\\/Buy-Gorilla-Biscuit-Marijuana.jpg\",\"contentUrl\":\"https:\\\/\\\/medicinasinc.com\\\/se\\\/wp-content\\\/uploads\\\/sites\\\/16\\\/2022\\\/02\\\/Buy-Gorilla-Biscuit-Marijuana.jpg\",\"width\":420,\"height\":630},{\"@type\":\"BreadcrumbList\",\"@id\":\"https:\\\/\\\/medicinasinc.com\\\/se\\\/product\\\/kopa-gorilla-kex-marijuana\\\/#breadcrumb\",\"itemListElement\":[{\"@type\":\"ListItem\",\"position\":1,\"name\":\"aff\u00e4r\",\"item\":\"https:\\\/\\\/medicinasinc.com\\\/se\\\/affar\\\/\"},{\"@type\":\"ListItem\",\"position\":2,\"name\":\"K\u00f6p Gorilla Biscuit Marijuana\"}]},{\"@type\":\"WebSite\",\"@id\":\"https:\\\/\\\/medicinasinc.com\\\/se\\\/#website\",\"url\":\"https:\\\/\\\/medicinasinc.com\\\/se\\\/\",\"name\":\"Medicinas Inc\",\"description\":\"Health Medical Clinic\",\"potentialAction\":[{\"@type\":\"SearchAction\",\"target\":{\"@type\":\"EntryPoint\",\"urlTemplate\":\"https:\\\/\\\/medicinasinc.com\\\/se\\\/?s={search_term_string}\"},\"query-input\":{\"@type\":\"PropertyValueSpecification\",\"valueRequired\":true,\"valueName\":\"search_term_string\"}}],\"inLanguage\":\"sv-SE\"}]}<\/script>\n<!-- \/ Yoast SEO plugin. -->","yoast_head_json":{"title":"K\u00f6p Gorilla Biscuit Marijuana - B\u00e4sta b\u00e4sta globala medicinen","description":"K\u00f6p Gorilla Biscuit Marijuana Stam till salu Online. Ledaren inom cannabispostorder i Kanada med mer \u00e4n 15 \u00e5rs erfarenhet inom den medicinska marijuanaindustrin.","robots":{"index":"index","follow":"follow","max-snippet":"max-snippet:-1","max-image-preview":"max-image-preview:large","max-video-preview":"max-video-preview:-1"},"canonical":"https:\/\/medicinasinc.com\/se\/product\/kopa-gorilla-kex-marijuana\/","og_locale":"sv_SE","og_type":"article","og_title":"K\u00f6p Gorilla Biscuit Marijuana - B\u00e4sta b\u00e4sta globala medicinen","og_description":"K\u00f6p Gorilla Biscuit Marijuana Stam till salu Online. Ledaren inom cannabispostorder i Kanada med mer \u00e4n 15 \u00e5rs erfarenhet inom den medicinska marijuanaindustrin.","og_url":"https:\/\/medicinasinc.com\/se\/product\/kopa-gorilla-kex-marijuana\/","og_site_name":"Medicinas Inc","article_modified_time":"2022-07-04T00:01:14+00:00","og_image":[{"width":420,"height":630,"url":"https:\/\/medicinasinc.com\/se\/wp-content\/uploads\/sites\/16\/2022\/02\/Buy-Gorilla-Biscuit-Marijuana.jpg","type":"image\/jpeg"}],"twitter_card":"summary_large_image","twitter_misc":{"Ber\u00e4knad l\u00e4stid":"2 minuter"},"schema":{"@context":"https:\/\/schema.org","@graph":[{"@type":"WebPage","@id":"https:\/\/medicinasinc.com\/se\/product\/kopa-gorilla-kex-marijuana\/","url":"https:\/\/medicinasinc.com\/se\/product\/kopa-gorilla-kex-marijuana\/","name":"K\u00f6p Gorilla Biscuit Marijuana - B\u00e4sta b\u00e4sta globala medicinen","isPartOf":{"@id":"https:\/\/medicinasinc.com\/se\/#website"},"primaryImageOfPage":{"@id":"https:\/\/medicinasinc.com\/se\/product\/kopa-gorilla-kex-marijuana\/#primaryimage"},"image":{"@id":"https:\/\/medicinasinc.com\/se\/product\/kopa-gorilla-kex-marijuana\/#primaryimage"},"thumbnailUrl":"https:\/\/medicinasinc.com\/se\/wp-content\/uploads\/sites\/16\/2022\/02\/Buy-Gorilla-Biscuit-Marijuana.jpg","datePublished":"2022-02-20T18:08:57+00:00","dateModified":"2022-07-04T00:01:14+00:00","description":"K\u00f6p Gorilla Biscuit Marijuana Stam till salu Online. Ledaren inom cannabispostorder i Kanada med mer \u00e4n 15 \u00e5rs erfarenhet inom den medicinska marijuanaindustrin.","breadcrumb":{"@id":"https:\/\/medicinasinc.com\/se\/product\/kopa-gorilla-kex-marijuana\/#breadcrumb"},"inLanguage":"sv-SE","potentialAction":[{"@type":"ReadAction","target":["https:\/\/medicinasinc.com\/se\/product\/kopa-gorilla-kex-marijuana\/"]}]},{"@type":"ImageObject","inLanguage":"sv-SE","@id":"https:\/\/medicinasinc.com\/se\/product\/kopa-gorilla-kex-marijuana\/#primaryimage","url":"https:\/\/medicinasinc.com\/se\/wp-content\/uploads\/sites\/16\/2022\/02\/Buy-Gorilla-Biscuit-Marijuana.jpg","contentUrl":"https:\/\/medicinasinc.com\/se\/wp-content\/uploads\/sites\/16\/2022\/02\/Buy-Gorilla-Biscuit-Marijuana.jpg","width":420,"height":630},{"@type":"BreadcrumbList","@id":"https:\/\/medicinasinc.com\/se\/product\/kopa-gorilla-kex-marijuana\/#breadcrumb","itemListElement":[{"@type":"ListItem","position":1,"name":"aff\u00e4r","item":"https:\/\/medicinasinc.com\/se\/affar\/"},{"@type":"ListItem","position":2,"name":"K\u00f6p Gorilla Biscuit Marijuana"}]},{"@type":"WebSite","@id":"https:\/\/medicinasinc.com\/se\/#website","url":"https:\/\/medicinasinc.com\/se\/","name":"Medicinas Inc","description":"Health Medical Clinic","potentialAction":[{"@type":"SearchAction","target":{"@type":"EntryPoint","urlTemplate":"https:\/\/medicinasinc.com\/se\/?s={search_term_string}"},"query-input":{"@type":"PropertyValueSpecification","valueRequired":true,"valueName":"search_term_string"}}],"inLanguage":"sv-SE"}]}},"_links":{"self":[{"href":"https:\/\/medicinasinc.com\/se\/wp-json\/wp\/v2\/product\/4946","targetHints":{"allow":["GET"]}}],"collection":[{"href":"https:\/\/medicinasinc.com\/se\/wp-json\/wp\/v2\/product"}],"about":[{"href":"https:\/\/medicinasinc.com\/se\/wp-json\/wp\/v2\/types\/product"}],"replies":[{"embeddable":true,"href":"https:\/\/medicinasinc.com\/se\/wp-json\/wp\/v2\/comments?post=4946"}],"wp:featuredmedia":[{"embeddable":true,"href":"https:\/\/medicinasinc.com\/se\/wp-json\/wp\/v2\/media\/4960"}],"wp:attachment":[{"href":"https:\/\/medicinasinc.com\/se\/wp-json\/wp\/v2\/media?parent=4946"}],"wp:term":[{"taxonomy":"product_brand","embeddable":true,"href":"https:\/\/medicinasinc.com\/se\/wp-json\/wp\/v2\/product_brand?post=4946"},{"taxonomy":"product_cat","embeddable":true,"href":"https:\/\/medicinasinc.com\/se\/wp-json\/wp\/v2\/product_cat?post=4946"},{"taxonomy":"product_tag","embeddable":true,"href":"https:\/\/medicinasinc.com\/se\/wp-json\/wp\/v2\/product_tag?post=4946"}],"curies":[{"name":"wp","href":"https:\/\/api.w.org\/{rel}","templated":true}]}}