{"id":4940,"date":"2022-02-20T18:04:10","date_gmt":"2022-02-20T18:04:10","guid":{"rendered":"https:\/\/medicinasinc.com\/se\/?post_type=product&#038;p=4940"},"modified":"2022-07-04T00:01:32","modified_gmt":"2022-07-04T00:01:32","slug":"kopa-durban-gift-marijuana","status":"publish","type":"product","link":"https:\/\/medicinasinc.com\/se\/product\/kopa-durban-gift-marijuana\/","title":{"rendered":"K\u00f6p Durban Poison Marijuana"},"content":{"rendered":"<p>Onlinek\u00f6p av Durban Poison Marijuana Strain<\/p>\n<p>Denna mycket potenta stam kommer att ge en allvarlig tr\u00e4ff f\u00f6r hj\u00e4rnan. Durban Poison \u00e4r en ren sativa-stam som \u00e4r en \u00e4lskad inavlad \u00e4ttling till en sydafrikansk sativa-stam. P\u00e5 1970-talet identifierade Ed Rosenthal, en amerikansk cannabisaktivist, den ursprungliga stammen och introducerade den i USA. Det har l\u00e4nge varit en favorit bland stenare och medicinska marijuanapatienter i denna stad. Durban Poison har en THC-halt p\u00e5 upp till 24%, vilket g\u00f6r den till en av de mest potenta stammarna som finns. Denna stam ger en kraftfull, behaglig huvudh\u00f6jd som \u00e4r idealisk f\u00f6r kreativa anstr\u00e4ngningar och dagtid. Tillsammans med muntorrhet \u00e4r paranoia en m\u00f6jlig negativ effekt. Durban Poison \u00e4r en kraftfull behandling f\u00f6r depression och \u00e5ngest, samt kronisk sm\u00e4rta och illam\u00e5ende. Denna stam \u00e4r bra f\u00f6r att skapa kraftfoder p\u00e5 grund av \u00f6verfl\u00f6d av stora trikomer p\u00e5 knoppen. Durban Poisons dominerande doft och smak \u00e4r jordn\u00e4ra och s\u00f6ta, med en svag tallarom. Knopparna \u00e4r runda och tjocka, t\u00e4ckta av rikliga trikomer. Denna stam \u00e4r idealisk f\u00f6r perioder av fysisk aktivitet, sysslor och andra dagsljusaktiviteter.<\/p>\n","protected":false},"excerpt":{"rendered":"<div class=\"woocommerce-product-details__short-description\">\n<p>Durban Poison har en THC-halt p\u00e5 upp till 24 %, vilket g\u00f6r den till en av v\u00e4rldens&#8230; att dessa butiker s\u00e4ljer n\u00e5gra av dessa unika stammar.<\/p>\n<p>Durban Poison-stammen har f\u00e5tt en v\u00e4rldsomsp\u00e4nnande dragningskraft p\u00e5 grund av dess behagliga arom och energigivande, upplyftande effekter. Bes\u00f6k oss g\u00e4rna.<\/p>\n<p>Durban Poison Marijuana Stam kan k\u00f6pas online. Durban Poison \u00e4r en afrikansk Sativa Landras-stam av cannabis. Utm\u00e4rkt f\u00f6r patienter som s\u00f6ker en robust cerebral p\u00e5frestning som hj\u00e4lper till i kampen mot stress och tr\u00f6tthet.<\/p>\n<\/p><\/div>\n","protected":false},"featured_media":4954,"comment_status":"open","ping_status":"closed","template":"","meta":[],"product_brand":[],"product_cat":[778],"product_tag":[826,819,820,824,823,822,821,825],"class_list":{"0":"post-4940","1":"product","2":"type-product","3":"status-publish","4":"has-post-thumbnail","6":"product_cat-ogras-till-salu","7":"product_tag-r-durban-samma-som-durban-gift","8":"product_tag-bsta-durban-gift-frn","9":"product_tag-durban-gift-autoflower","10":"product_tag-durban-gift-frn-syd-afrika","11":"product_tag-durban-gift-historia","12":"product_tag-durban-poison-grow","13":"product_tag-durban-gift-korsningar","14":"product_tag-durban-gift-veg-tid","16":"first","17":"instock","18":"shipping-taxable","19":"purchasable","20":"product-type-variable","21":"has-default-attributes"},"yoast_head":"<!-- This site is optimized with the Yoast SEO plugin v27.3 - https:\/\/yoast.com\/product\/yoast-seo-wordpress\/ -->\n<title>K\u00f6p Durban Poison Marijuana - B\u00e4sta b\u00e4sta globala medicinen<\/title>\n<meta name=\"description\" content=\"K\u00f6p Durban Poison-stam\u00a0till salu online, har vunnit popularitet \u00f6ver hela v\u00e4rlden f\u00f6r sin s\u00f6ta doft och energiska, upplyftande effekter. V\u00e4nligen bes\u00f6k oss.\" \/>\n<meta name=\"robots\" content=\"index, follow, max-snippet:-1, max-image-preview:large, max-video-preview:-1\" \/>\n<link rel=\"canonical\" href=\"https:\/\/medicinasinc.com\/se\/product\/kopa-durban-gift-marijuana\/\" \/>\n<meta property=\"og:locale\" content=\"sv_SE\" \/>\n<meta property=\"og:type\" content=\"article\" \/>\n<meta property=\"og:title\" content=\"K\u00f6p Durban Poison Marijuana - B\u00e4sta b\u00e4sta globala medicinen\" \/>\n<meta property=\"og:description\" content=\"K\u00f6p Durban Poison-stam\u00a0till salu online, har vunnit popularitet \u00f6ver hela v\u00e4rlden f\u00f6r sin s\u00f6ta doft och energiska, upplyftande effekter. V\u00e4nligen bes\u00f6k oss.\" \/>\n<meta property=\"og:url\" content=\"https:\/\/medicinasinc.com\/se\/product\/kopa-durban-gift-marijuana\/\" \/>\n<meta property=\"og:site_name\" content=\"Medicinas Inc\" \/>\n<meta property=\"article:modified_time\" content=\"2022-07-04T00:01:32+00:00\" \/>\n<meta property=\"og:image\" content=\"https:\/\/medicinasinc.com\/se\/wp-content\/uploads\/sites\/16\/2022\/02\/Buy-Durban-Poison-Marijuana.jpg\" \/>\n\t<meta property=\"og:image:width\" content=\"225\" \/>\n\t<meta property=\"og:image:height\" content=\"225\" \/>\n\t<meta property=\"og:image:type\" content=\"image\/jpeg\" \/>\n<meta name=\"twitter:card\" content=\"summary_large_image\" \/>\n<meta name=\"twitter:label1\" content=\"Ber\u00e4knad l\u00e4stid\" \/>\n\t<meta name=\"twitter:data1\" content=\"1 minut\" \/>\n<script type=\"application\/ld+json\" class=\"yoast-schema-graph\">{\"@context\":\"https:\\\/\\\/schema.org\",\"@graph\":[{\"@type\":\"WebPage\",\"@id\":\"https:\\\/\\\/medicinasinc.com\\\/se\\\/product\\\/kopa-durban-gift-marijuana\\\/\",\"url\":\"https:\\\/\\\/medicinasinc.com\\\/se\\\/product\\\/kopa-durban-gift-marijuana\\\/\",\"name\":\"K\u00f6p Durban Poison Marijuana - B\u00e4sta b\u00e4sta globala medicinen\",\"isPartOf\":{\"@id\":\"https:\\\/\\\/medicinasinc.com\\\/se\\\/#website\"},\"primaryImageOfPage\":{\"@id\":\"https:\\\/\\\/medicinasinc.com\\\/se\\\/product\\\/kopa-durban-gift-marijuana\\\/#primaryimage\"},\"image\":{\"@id\":\"https:\\\/\\\/medicinasinc.com\\\/se\\\/product\\\/kopa-durban-gift-marijuana\\\/#primaryimage\"},\"thumbnailUrl\":\"https:\\\/\\\/medicinasinc.com\\\/se\\\/wp-content\\\/uploads\\\/sites\\\/16\\\/2022\\\/02\\\/Buy-Durban-Poison-Marijuana.jpg\",\"datePublished\":\"2022-02-20T18:04:10+00:00\",\"dateModified\":\"2022-07-04T00:01:32+00:00\",\"description\":\"K\u00f6p Durban Poison-stam\u00a0till salu online, har vunnit popularitet \u00f6ver hela v\u00e4rlden f\u00f6r sin s\u00f6ta doft och energiska, upplyftande effekter. V\u00e4nligen bes\u00f6k oss.\",\"breadcrumb\":{\"@id\":\"https:\\\/\\\/medicinasinc.com\\\/se\\\/product\\\/kopa-durban-gift-marijuana\\\/#breadcrumb\"},\"inLanguage\":\"sv-SE\",\"potentialAction\":[{\"@type\":\"ReadAction\",\"target\":[\"https:\\\/\\\/medicinasinc.com\\\/se\\\/product\\\/kopa-durban-gift-marijuana\\\/\"]}]},{\"@type\":\"ImageObject\",\"inLanguage\":\"sv-SE\",\"@id\":\"https:\\\/\\\/medicinasinc.com\\\/se\\\/product\\\/kopa-durban-gift-marijuana\\\/#primaryimage\",\"url\":\"https:\\\/\\\/medicinasinc.com\\\/se\\\/wp-content\\\/uploads\\\/sites\\\/16\\\/2022\\\/02\\\/Buy-Durban-Poison-Marijuana.jpg\",\"contentUrl\":\"https:\\\/\\\/medicinasinc.com\\\/se\\\/wp-content\\\/uploads\\\/sites\\\/16\\\/2022\\\/02\\\/Buy-Durban-Poison-Marijuana.jpg\",\"width\":225,\"height\":225},{\"@type\":\"BreadcrumbList\",\"@id\":\"https:\\\/\\\/medicinasinc.com\\\/se\\\/product\\\/kopa-durban-gift-marijuana\\\/#breadcrumb\",\"itemListElement\":[{\"@type\":\"ListItem\",\"position\":1,\"name\":\"aff\u00e4r\",\"item\":\"https:\\\/\\\/medicinasinc.com\\\/se\\\/affar\\\/\"},{\"@type\":\"ListItem\",\"position\":2,\"name\":\"K\u00f6p Durban Poison Marijuana\"}]},{\"@type\":\"WebSite\",\"@id\":\"https:\\\/\\\/medicinasinc.com\\\/se\\\/#website\",\"url\":\"https:\\\/\\\/medicinasinc.com\\\/se\\\/\",\"name\":\"Medicinas Inc\",\"description\":\"Health Medical Clinic\",\"potentialAction\":[{\"@type\":\"SearchAction\",\"target\":{\"@type\":\"EntryPoint\",\"urlTemplate\":\"https:\\\/\\\/medicinasinc.com\\\/se\\\/?s={search_term_string}\"},\"query-input\":{\"@type\":\"PropertyValueSpecification\",\"valueRequired\":true,\"valueName\":\"search_term_string\"}}],\"inLanguage\":\"sv-SE\"}]}<\/script>\n<!-- \/ Yoast SEO plugin. -->","yoast_head_json":{"title":"K\u00f6p Durban Poison Marijuana - B\u00e4sta b\u00e4sta globala medicinen","description":"K\u00f6p Durban Poison-stam\u00a0till salu online, har vunnit popularitet \u00f6ver hela v\u00e4rlden f\u00f6r sin s\u00f6ta doft och energiska, upplyftande effekter. V\u00e4nligen bes\u00f6k oss.","robots":{"index":"index","follow":"follow","max-snippet":"max-snippet:-1","max-image-preview":"max-image-preview:large","max-video-preview":"max-video-preview:-1"},"canonical":"https:\/\/medicinasinc.com\/se\/product\/kopa-durban-gift-marijuana\/","og_locale":"sv_SE","og_type":"article","og_title":"K\u00f6p Durban Poison Marijuana - B\u00e4sta b\u00e4sta globala medicinen","og_description":"K\u00f6p Durban Poison-stam\u00a0till salu online, har vunnit popularitet \u00f6ver hela v\u00e4rlden f\u00f6r sin s\u00f6ta doft och energiska, upplyftande effekter. V\u00e4nligen bes\u00f6k oss.","og_url":"https:\/\/medicinasinc.com\/se\/product\/kopa-durban-gift-marijuana\/","og_site_name":"Medicinas Inc","article_modified_time":"2022-07-04T00:01:32+00:00","og_image":[{"width":225,"height":225,"url":"https:\/\/medicinasinc.com\/se\/wp-content\/uploads\/sites\/16\/2022\/02\/Buy-Durban-Poison-Marijuana.jpg","type":"image\/jpeg"}],"twitter_card":"summary_large_image","twitter_misc":{"Ber\u00e4knad l\u00e4stid":"1 minut"},"schema":{"@context":"https:\/\/schema.org","@graph":[{"@type":"WebPage","@id":"https:\/\/medicinasinc.com\/se\/product\/kopa-durban-gift-marijuana\/","url":"https:\/\/medicinasinc.com\/se\/product\/kopa-durban-gift-marijuana\/","name":"K\u00f6p Durban Poison Marijuana - B\u00e4sta b\u00e4sta globala medicinen","isPartOf":{"@id":"https:\/\/medicinasinc.com\/se\/#website"},"primaryImageOfPage":{"@id":"https:\/\/medicinasinc.com\/se\/product\/kopa-durban-gift-marijuana\/#primaryimage"},"image":{"@id":"https:\/\/medicinasinc.com\/se\/product\/kopa-durban-gift-marijuana\/#primaryimage"},"thumbnailUrl":"https:\/\/medicinasinc.com\/se\/wp-content\/uploads\/sites\/16\/2022\/02\/Buy-Durban-Poison-Marijuana.jpg","datePublished":"2022-02-20T18:04:10+00:00","dateModified":"2022-07-04T00:01:32+00:00","description":"K\u00f6p Durban Poison-stam\u00a0till salu online, har vunnit popularitet \u00f6ver hela v\u00e4rlden f\u00f6r sin s\u00f6ta doft och energiska, upplyftande effekter. V\u00e4nligen bes\u00f6k oss.","breadcrumb":{"@id":"https:\/\/medicinasinc.com\/se\/product\/kopa-durban-gift-marijuana\/#breadcrumb"},"inLanguage":"sv-SE","potentialAction":[{"@type":"ReadAction","target":["https:\/\/medicinasinc.com\/se\/product\/kopa-durban-gift-marijuana\/"]}]},{"@type":"ImageObject","inLanguage":"sv-SE","@id":"https:\/\/medicinasinc.com\/se\/product\/kopa-durban-gift-marijuana\/#primaryimage","url":"https:\/\/medicinasinc.com\/se\/wp-content\/uploads\/sites\/16\/2022\/02\/Buy-Durban-Poison-Marijuana.jpg","contentUrl":"https:\/\/medicinasinc.com\/se\/wp-content\/uploads\/sites\/16\/2022\/02\/Buy-Durban-Poison-Marijuana.jpg","width":225,"height":225},{"@type":"BreadcrumbList","@id":"https:\/\/medicinasinc.com\/se\/product\/kopa-durban-gift-marijuana\/#breadcrumb","itemListElement":[{"@type":"ListItem","position":1,"name":"aff\u00e4r","item":"https:\/\/medicinasinc.com\/se\/affar\/"},{"@type":"ListItem","position":2,"name":"K\u00f6p Durban Poison Marijuana"}]},{"@type":"WebSite","@id":"https:\/\/medicinasinc.com\/se\/#website","url":"https:\/\/medicinasinc.com\/se\/","name":"Medicinas Inc","description":"Health Medical Clinic","potentialAction":[{"@type":"SearchAction","target":{"@type":"EntryPoint","urlTemplate":"https:\/\/medicinasinc.com\/se\/?s={search_term_string}"},"query-input":{"@type":"PropertyValueSpecification","valueRequired":true,"valueName":"search_term_string"}}],"inLanguage":"sv-SE"}]}},"_links":{"self":[{"href":"https:\/\/medicinasinc.com\/se\/wp-json\/wp\/v2\/product\/4940","targetHints":{"allow":["GET"]}}],"collection":[{"href":"https:\/\/medicinasinc.com\/se\/wp-json\/wp\/v2\/product"}],"about":[{"href":"https:\/\/medicinasinc.com\/se\/wp-json\/wp\/v2\/types\/product"}],"replies":[{"embeddable":true,"href":"https:\/\/medicinasinc.com\/se\/wp-json\/wp\/v2\/comments?post=4940"}],"wp:featuredmedia":[{"embeddable":true,"href":"https:\/\/medicinasinc.com\/se\/wp-json\/wp\/v2\/media\/4954"}],"wp:attachment":[{"href":"https:\/\/medicinasinc.com\/se\/wp-json\/wp\/v2\/media?parent=4940"}],"wp:term":[{"taxonomy":"product_brand","embeddable":true,"href":"https:\/\/medicinasinc.com\/se\/wp-json\/wp\/v2\/product_brand?post=4940"},{"taxonomy":"product_cat","embeddable":true,"href":"https:\/\/medicinasinc.com\/se\/wp-json\/wp\/v2\/product_cat?post=4940"},{"taxonomy":"product_tag","embeddable":true,"href":"https:\/\/medicinasinc.com\/se\/wp-json\/wp\/v2\/product_tag?post=4940"}],"curies":[{"name":"wp","href":"https:\/\/api.w.org\/{rel}","templated":true}]}}