{"id":4938,"date":"2022-02-20T18:02:35","date_gmt":"2022-02-20T18:02:35","guid":{"rendered":"https:\/\/medicinasinc.com\/se\/?post_type=product&#038;p=4938"},"modified":"2022-07-04T00:01:42","modified_gmt":"2022-07-04T00:01:42","slug":"kop-korsbarspaj-marijuana-stam","status":"publish","type":"product","link":"https:\/\/medicinasinc.com\/se\/product\/kop-korsbarspaj-marijuana-stam\/","title":{"rendered":"K\u00f6p Cherry Pie Marijuana Stam"},"content":{"rendered":"<p>Onlinek\u00f6p av Cherry Pie Marijuana Stam.<\/p>\n<p>Onlinek\u00f6p av Cherry Pie Marijuana Stam.<\/p>\n<p>Cherry Pie Marijuana Stam kan k\u00f6pas online. Hybrid &#8211; 80 % Indica \/ 20 % Sativa THC: 16\u201324 %, CBD: 1 %<\/p>\n<p>Effekter<br \/> Kreativitet, eufori, bel\u00e5tenhet och avkoppling<br \/> M\u00f6jligen lindra<br \/> Attention Deficit\/Hyperactivity Disorder, \u00e5ngest, bipol\u00e4r sjukdom, kronisk sm\u00e4rta, depression, hyperaktivitet och s\u00f6mnl\u00f6shet<br \/> Smaker<br \/> B\u00e4r, k\u00f6rsb\u00e4r och s\u00f6ta<br \/> Aromer<br \/> K\u00f6rsb\u00e4r, bl\u00e5b\u00e4r, jordn\u00e4ra, och s\u00f6t<\/p>\n","protected":false},"excerpt":{"rendered":"<p>K\u00f6p Cherry Pie Marijuana Strain Online. Cherry Pie Marijuana Stam kan k\u00f6pas online. Hybrid &#8211; 80 % Indica \/ 20 % Sativa THC: 16\u201324 %, CBD: 1 %<\/p>\n","protected":false},"featured_media":4952,"comment_status":"open","ping_status":"closed","template":"","meta":[],"product_brand":[],"product_cat":[778],"product_tag":[815,816,817,818,813,811,814,812],"class_list":{"0":"post-4938","1":"product","2":"type-product","3":"status-publish","4":"has-post-thumbnail","6":"product_cat-ogras-till-salu","7":"product_tag-cherry-pie-strain-effects","8":"product_tag-cherry-pie-strain-price","9":"product_tag-cherry-pie-strain-sativa-or-indica","10":"product_tag-cherry-pie-strain-yield","11":"product_tag-krsbrspaj-frn","12":"product_tag-krsbrspaj-och-sila","13":"product_tag-krsbr-paj-stam-allbud","14":"product_tag-krsbrspaj-recept","16":"first","17":"instock","18":"shipping-taxable","19":"purchasable","20":"product-type-variable","21":"has-default-attributes"},"yoast_head":"<!-- This site is optimized with the Yoast SEO plugin v27.3 - https:\/\/yoast.com\/product\/yoast-seo-wordpress\/ -->\n<title>K\u00f6p Cherry Pie Marijuana Stam - B\u00e4sta b\u00e4sta globala medicinen<\/title>\n<meta name=\"description\" content=\"K\u00f6p Cherry Pie Marijuana Stam till salu Online. K\u00f6p Cherry Pie Marijuana Strain online. Hybrid \u2013 80 % Indica \/ 20 % Sativa THC: 16 % \u2013 24 %, CBD: 1 %\" \/>\n<meta name=\"robots\" content=\"index, follow, max-snippet:-1, max-image-preview:large, max-video-preview:-1\" \/>\n<link rel=\"canonical\" href=\"https:\/\/medicinasinc.com\/se\/product\/kop-korsbarspaj-marijuana-stam\/\" \/>\n<meta property=\"og:locale\" content=\"sv_SE\" \/>\n<meta property=\"og:type\" content=\"article\" \/>\n<meta property=\"og:title\" content=\"K\u00f6p Cherry Pie Marijuana Stam - B\u00e4sta b\u00e4sta globala medicinen\" \/>\n<meta property=\"og:description\" content=\"K\u00f6p Cherry Pie Marijuana Stam till salu Online. K\u00f6p Cherry Pie Marijuana Strain online. Hybrid \u2013 80 % Indica \/ 20 % Sativa THC: 16 % \u2013 24 %, CBD: 1 %\" \/>\n<meta property=\"og:url\" content=\"https:\/\/medicinasinc.com\/se\/product\/kop-korsbarspaj-marijuana-stam\/\" \/>\n<meta property=\"og:site_name\" content=\"Medicinas Inc\" \/>\n<meta property=\"article:modified_time\" content=\"2022-07-04T00:01:42+00:00\" \/>\n<meta property=\"og:image\" content=\"https:\/\/medicinasinc.com\/se\/wp-content\/uploads\/sites\/16\/2022\/02\/Buy-Cherry-Pie-Marijuana.jpg\" \/>\n\t<meta property=\"og:image:width\" content=\"1080\" \/>\n\t<meta property=\"og:image:height\" content=\"1080\" \/>\n\t<meta property=\"og:image:type\" content=\"image\/jpeg\" \/>\n<meta name=\"twitter:card\" content=\"summary_large_image\" \/>\n<meta name=\"twitter:label1\" content=\"Ber\u00e4knad l\u00e4stid\" \/>\n\t<meta name=\"twitter:data1\" content=\"1 minut\" \/>\n<script type=\"application\/ld+json\" class=\"yoast-schema-graph\">{\"@context\":\"https:\\\/\\\/schema.org\",\"@graph\":[{\"@type\":\"WebPage\",\"@id\":\"https:\\\/\\\/medicinasinc.com\\\/se\\\/product\\\/kop-korsbarspaj-marijuana-stam\\\/\",\"url\":\"https:\\\/\\\/medicinasinc.com\\\/se\\\/product\\\/kop-korsbarspaj-marijuana-stam\\\/\",\"name\":\"K\u00f6p Cherry Pie Marijuana Stam - B\u00e4sta b\u00e4sta globala medicinen\",\"isPartOf\":{\"@id\":\"https:\\\/\\\/medicinasinc.com\\\/se\\\/#website\"},\"primaryImageOfPage\":{\"@id\":\"https:\\\/\\\/medicinasinc.com\\\/se\\\/product\\\/kop-korsbarspaj-marijuana-stam\\\/#primaryimage\"},\"image\":{\"@id\":\"https:\\\/\\\/medicinasinc.com\\\/se\\\/product\\\/kop-korsbarspaj-marijuana-stam\\\/#primaryimage\"},\"thumbnailUrl\":\"https:\\\/\\\/medicinasinc.com\\\/se\\\/wp-content\\\/uploads\\\/sites\\\/16\\\/2022\\\/02\\\/Buy-Cherry-Pie-Marijuana.jpg\",\"datePublished\":\"2022-02-20T18:02:35+00:00\",\"dateModified\":\"2022-07-04T00:01:42+00:00\",\"description\":\"K\u00f6p Cherry Pie Marijuana Stam till salu Online. K\u00f6p Cherry Pie Marijuana Strain online. Hybrid \u2013 80 % Indica \\\/ 20 % Sativa THC: 16 % \u2013 24 %, CBD: 1 %\",\"breadcrumb\":{\"@id\":\"https:\\\/\\\/medicinasinc.com\\\/se\\\/product\\\/kop-korsbarspaj-marijuana-stam\\\/#breadcrumb\"},\"inLanguage\":\"sv-SE\",\"potentialAction\":[{\"@type\":\"ReadAction\",\"target\":[\"https:\\\/\\\/medicinasinc.com\\\/se\\\/product\\\/kop-korsbarspaj-marijuana-stam\\\/\"]}]},{\"@type\":\"ImageObject\",\"inLanguage\":\"sv-SE\",\"@id\":\"https:\\\/\\\/medicinasinc.com\\\/se\\\/product\\\/kop-korsbarspaj-marijuana-stam\\\/#primaryimage\",\"url\":\"https:\\\/\\\/medicinasinc.com\\\/se\\\/wp-content\\\/uploads\\\/sites\\\/16\\\/2022\\\/02\\\/Buy-Cherry-Pie-Marijuana.jpg\",\"contentUrl\":\"https:\\\/\\\/medicinasinc.com\\\/se\\\/wp-content\\\/uploads\\\/sites\\\/16\\\/2022\\\/02\\\/Buy-Cherry-Pie-Marijuana.jpg\",\"width\":1080,\"height\":1080},{\"@type\":\"BreadcrumbList\",\"@id\":\"https:\\\/\\\/medicinasinc.com\\\/se\\\/product\\\/kop-korsbarspaj-marijuana-stam\\\/#breadcrumb\",\"itemListElement\":[{\"@type\":\"ListItem\",\"position\":1,\"name\":\"aff\u00e4r\",\"item\":\"https:\\\/\\\/medicinasinc.com\\\/se\\\/affar\\\/\"},{\"@type\":\"ListItem\",\"position\":2,\"name\":\"K\u00f6p Cherry Pie Marijuana Stam\"}]},{\"@type\":\"WebSite\",\"@id\":\"https:\\\/\\\/medicinasinc.com\\\/se\\\/#website\",\"url\":\"https:\\\/\\\/medicinasinc.com\\\/se\\\/\",\"name\":\"Medicinas Inc\",\"description\":\"Health Medical Clinic\",\"potentialAction\":[{\"@type\":\"SearchAction\",\"target\":{\"@type\":\"EntryPoint\",\"urlTemplate\":\"https:\\\/\\\/medicinasinc.com\\\/se\\\/?s={search_term_string}\"},\"query-input\":{\"@type\":\"PropertyValueSpecification\",\"valueRequired\":true,\"valueName\":\"search_term_string\"}}],\"inLanguage\":\"sv-SE\"}]}<\/script>\n<!-- \/ Yoast SEO plugin. -->","yoast_head_json":{"title":"K\u00f6p Cherry Pie Marijuana Stam - B\u00e4sta b\u00e4sta globala medicinen","description":"K\u00f6p Cherry Pie Marijuana Stam till salu Online. K\u00f6p Cherry Pie Marijuana Strain online. Hybrid \u2013 80 % Indica \/ 20 % Sativa THC: 16 % \u2013 24 %, CBD: 1 %","robots":{"index":"index","follow":"follow","max-snippet":"max-snippet:-1","max-image-preview":"max-image-preview:large","max-video-preview":"max-video-preview:-1"},"canonical":"https:\/\/medicinasinc.com\/se\/product\/kop-korsbarspaj-marijuana-stam\/","og_locale":"sv_SE","og_type":"article","og_title":"K\u00f6p Cherry Pie Marijuana Stam - B\u00e4sta b\u00e4sta globala medicinen","og_description":"K\u00f6p Cherry Pie Marijuana Stam till salu Online. K\u00f6p Cherry Pie Marijuana Strain online. Hybrid \u2013 80 % Indica \/ 20 % Sativa THC: 16 % \u2013 24 %, CBD: 1 %","og_url":"https:\/\/medicinasinc.com\/se\/product\/kop-korsbarspaj-marijuana-stam\/","og_site_name":"Medicinas Inc","article_modified_time":"2022-07-04T00:01:42+00:00","og_image":[{"width":1080,"height":1080,"url":"https:\/\/medicinasinc.com\/se\/wp-content\/uploads\/sites\/16\/2022\/02\/Buy-Cherry-Pie-Marijuana.jpg","type":"image\/jpeg"}],"twitter_card":"summary_large_image","twitter_misc":{"Ber\u00e4knad l\u00e4stid":"1 minut"},"schema":{"@context":"https:\/\/schema.org","@graph":[{"@type":"WebPage","@id":"https:\/\/medicinasinc.com\/se\/product\/kop-korsbarspaj-marijuana-stam\/","url":"https:\/\/medicinasinc.com\/se\/product\/kop-korsbarspaj-marijuana-stam\/","name":"K\u00f6p Cherry Pie Marijuana Stam - B\u00e4sta b\u00e4sta globala medicinen","isPartOf":{"@id":"https:\/\/medicinasinc.com\/se\/#website"},"primaryImageOfPage":{"@id":"https:\/\/medicinasinc.com\/se\/product\/kop-korsbarspaj-marijuana-stam\/#primaryimage"},"image":{"@id":"https:\/\/medicinasinc.com\/se\/product\/kop-korsbarspaj-marijuana-stam\/#primaryimage"},"thumbnailUrl":"https:\/\/medicinasinc.com\/se\/wp-content\/uploads\/sites\/16\/2022\/02\/Buy-Cherry-Pie-Marijuana.jpg","datePublished":"2022-02-20T18:02:35+00:00","dateModified":"2022-07-04T00:01:42+00:00","description":"K\u00f6p Cherry Pie Marijuana Stam till salu Online. K\u00f6p Cherry Pie Marijuana Strain online. Hybrid \u2013 80 % Indica \/ 20 % Sativa THC: 16 % \u2013 24 %, CBD: 1 %","breadcrumb":{"@id":"https:\/\/medicinasinc.com\/se\/product\/kop-korsbarspaj-marijuana-stam\/#breadcrumb"},"inLanguage":"sv-SE","potentialAction":[{"@type":"ReadAction","target":["https:\/\/medicinasinc.com\/se\/product\/kop-korsbarspaj-marijuana-stam\/"]}]},{"@type":"ImageObject","inLanguage":"sv-SE","@id":"https:\/\/medicinasinc.com\/se\/product\/kop-korsbarspaj-marijuana-stam\/#primaryimage","url":"https:\/\/medicinasinc.com\/se\/wp-content\/uploads\/sites\/16\/2022\/02\/Buy-Cherry-Pie-Marijuana.jpg","contentUrl":"https:\/\/medicinasinc.com\/se\/wp-content\/uploads\/sites\/16\/2022\/02\/Buy-Cherry-Pie-Marijuana.jpg","width":1080,"height":1080},{"@type":"BreadcrumbList","@id":"https:\/\/medicinasinc.com\/se\/product\/kop-korsbarspaj-marijuana-stam\/#breadcrumb","itemListElement":[{"@type":"ListItem","position":1,"name":"aff\u00e4r","item":"https:\/\/medicinasinc.com\/se\/affar\/"},{"@type":"ListItem","position":2,"name":"K\u00f6p Cherry Pie Marijuana Stam"}]},{"@type":"WebSite","@id":"https:\/\/medicinasinc.com\/se\/#website","url":"https:\/\/medicinasinc.com\/se\/","name":"Medicinas Inc","description":"Health Medical Clinic","potentialAction":[{"@type":"SearchAction","target":{"@type":"EntryPoint","urlTemplate":"https:\/\/medicinasinc.com\/se\/?s={search_term_string}"},"query-input":{"@type":"PropertyValueSpecification","valueRequired":true,"valueName":"search_term_string"}}],"inLanguage":"sv-SE"}]}},"_links":{"self":[{"href":"https:\/\/medicinasinc.com\/se\/wp-json\/wp\/v2\/product\/4938","targetHints":{"allow":["GET"]}}],"collection":[{"href":"https:\/\/medicinasinc.com\/se\/wp-json\/wp\/v2\/product"}],"about":[{"href":"https:\/\/medicinasinc.com\/se\/wp-json\/wp\/v2\/types\/product"}],"replies":[{"embeddable":true,"href":"https:\/\/medicinasinc.com\/se\/wp-json\/wp\/v2\/comments?post=4938"}],"wp:featuredmedia":[{"embeddable":true,"href":"https:\/\/medicinasinc.com\/se\/wp-json\/wp\/v2\/media\/4952"}],"wp:attachment":[{"href":"https:\/\/medicinasinc.com\/se\/wp-json\/wp\/v2\/media?parent=4938"}],"wp:term":[{"taxonomy":"product_brand","embeddable":true,"href":"https:\/\/medicinasinc.com\/se\/wp-json\/wp\/v2\/product_brand?post=4938"},{"taxonomy":"product_cat","embeddable":true,"href":"https:\/\/medicinasinc.com\/se\/wp-json\/wp\/v2\/product_cat?post=4938"},{"taxonomy":"product_tag","embeddable":true,"href":"https:\/\/medicinasinc.com\/se\/wp-json\/wp\/v2\/product_tag?post=4938"}],"curies":[{"name":"wp","href":"https:\/\/api.w.org\/{rel}","templated":true}]}}