{"id":4928,"date":"2022-02-20T17:53:26","date_gmt":"2022-02-20T17:53:26","guid":{"rendered":"https:\/\/medicinasinc.com\/se\/?post_type=product&#038;p=4928"},"modified":"2022-07-04T00:01:53","modified_gmt":"2022-07-04T00:01:53","slug":"kop-kakor-gelato","status":"publish","type":"product","link":"https:\/\/medicinasinc.com\/se\/product\/kop-kakor-gelato\/","title":{"rendered":"K\u00f6p Cookies Gelato"},"content":{"rendered":"<p>Cookies Gelato \u00e4r avkomma till tv\u00e5 ber\u00f6mda marijuanastammar. Hon \u00e4rvde en vansinnig m\u00e4ngd styrka, en s\u00f6t smak och en otrolig m\u00e4ngd produktivitet. Och Cali Bliss har optimerat vart och ett av dessa element. Detta \u00e4r nu #2, och det har f\u00f6rb\u00e4ttrats avsev\u00e4rt. Dessutom anv\u00e4nds 25 % THC ist\u00e4llet f\u00f6r 23 % THC.<\/p>\n<p>Till att b\u00f6rja med vill vi ge lite sammanhang f\u00f6r odlarna av denna h\u00e4rliga Cookies Gelato-stam. Cali Bliss \u00e4r ett relativt nytt odlarteam. Dessa \u00e4r tunga slagare, och det har tagit oss ungef\u00e4r ett och ett halvt \u00e5r att lagra n\u00e5gra av deras stammar. Vi har haft turen att f\u00f6rv\u00e4rva tre av dem just nu. De \u00e4r \u00e4gnade \u00e5t \u00e4kta Kaliforniens genetik, men med en twist. Vissa stammar tar \u00e5r att utvecklas till en punkt d\u00e4r dessa killar \u00e4r n\u00f6jda.<\/p>\n<p>&#8221;N\u00e4r du konsumerar mer cannabis \u00f6kar din tolerans. F\u00f6r nyb\u00f6rjare kr\u00e4vs det inte mycket f\u00f6r att bli stenad. N\u00e5gra bloss fr\u00e5n en svag stam r\u00e4cker. Efter flera \u00e5r kr\u00e4ver erfarna r\u00f6kare dock starkare marijuana f\u00f6r att uppn\u00e5 samma effekter. En av dessa stammar \u00e4r Cookies Gelato. Hon levererar en monstru\u00f6s THC-dos som omedelbart transporterar sinnet till ett f\u00f6r\u00e4ndrat medvetandetillst\u00e5nd och uppr\u00e4tth\u00e5ller det i timmar.&#8221;<\/p>\n<p>Cookies Gelatos m\u00e4ktiga effekter \u00e4r ett resultat av hennes kraftfulla f\u00f6r\u00e4ldrastammar Girl Scout Cookies och Gelato. Denna dynamiska duo \u00e4r dock k\u00e4nd f\u00f6r mer \u00e4n sin brutala styrka. Som deras namn antyder har de b\u00e5da s\u00f6ta och s\u00f6ta terpenprofiler. Cookies Gelato f\u00f6rkroppsligar de b\u00e4sta egenskaperna hos b\u00e5da dessa legendariska sorter.<\/p>\n<p>Knopparna p\u00e5 den h\u00e4r killen \u00e4r glesa och p\u00e5 den lilla sidan (detta \u00e4r genetiskt best\u00e4mt \u2013 det finns ingen v\u00e4g runt det). Ytterligare ludd och mjukhet. Det vill s\u00e4ga, sj\u00e4lva knoppen har mer luftutrymme. Detta kan resultera i en snabbare br\u00e4nnskada och en h\u00e5rdare k\u00e4nsla om det inte tas med i ber\u00e4kningen. Se d\u00e4rf\u00f6r helt enkelt till att den \u00e4r t\u00e4tt packad f\u00f6r att eliminera eventuellt luftutrymme. N\u00e4r du rullar en joint eller r\u00f6ker en sk\u00e5l, packa den t\u00e4tt. Detta \u00e4r stammens natur.<\/p>\n<p>VAD BETYDER NUMRET TV\u00c5?<\/p>\n<p>\u2013 Omfattande effekter (mer f\u00f6rfinad)<\/p>\n<p>\u2013 F\u00f6rb\u00e4ttrad smak (mer f\u00f6rfinad terpprofil) <\/p>\n<p>\u2013 \u00d6kat THC-inneh\u00e5ll (f\u00f6rr var 23 procent, nu 25 procent)<\/p>\n<p>\u2013 Dessutom b\u00e4ttre h\u00e4rdning och trimning<\/p>\n<p>EFFEKT:<\/p>\n<p>Kreativ, glad och euforisk<\/p>\n<p>MEDICINISKT:<\/p>\n<p>\u00c5ngest, stress och kronisk sm\u00e4rta<\/p>\n<p>THC:<\/p>\n<p>25 % <\/p>\n<div class=\"product-next-previous\">\n<div class=\"product-prev\"><\/div><\/div>\n","protected":false},"excerpt":{"rendered":"<p>K\u00f6p Marijuana Cookies Gelato till salu online. Chem Willie \u00e4r en Sativa Dominant Hybrid \u2013 70 % Sativa och 30 % Indica. Indica THC: 15 %<\/p>\n","protected":false},"featured_media":4941,"comment_status":"open","ping_status":"closed","template":"","meta":[],"product_brand":[],"product_cat":[778],"product_tag":[806,807,809,810,808,803,804,805],"class_list":{"0":"post-4928","1":"product","2":"type-product","3":"status-publish","4":"has-post-thumbnail","6":"product_cat-ogras-till-salu","7":"product_tag-cookies-gelato-grow-diary","8":"product_tag-cookies-gelato-yield","9":"product_tag-gelato-cookies-strain-allbud","10":"product_tag-gelato-cookies-stam-wikileaf","11":"product_tag-gelato-kakor-och-grdde","12":"product_tag-kakor-gelato-42","13":"product_tag-kakor-gelato-41","14":"product_tag-kakor-gelato-blomningstid","16":"first","17":"instock","18":"shipping-taxable","19":"purchasable","20":"product-type-variable","21":"has-default-attributes"},"yoast_head":"<!-- This site is optimized with the Yoast SEO plugin v27.3 - https:\/\/yoast.com\/product\/yoast-seo-wordpress\/ -->\n<title>K\u00f6p Cookies Gelato - Cookies Gelato till salu - Best Best Global Meds<\/title>\n<meta name=\"description\" content=\"K\u00f6p Cookies Gelato Marijuana till salu Online. Chem willie \u00e4r Sativa Dominant Hybrid \u2013 70% Sativa \/ 30% Indica THC: 15%\" \/>\n<meta name=\"robots\" content=\"index, follow, max-snippet:-1, max-image-preview:large, max-video-preview:-1\" \/>\n<link rel=\"canonical\" href=\"https:\/\/medicinasinc.com\/se\/product\/kop-kakor-gelato\/\" \/>\n<meta property=\"og:locale\" content=\"sv_SE\" \/>\n<meta property=\"og:type\" content=\"article\" \/>\n<meta property=\"og:title\" content=\"K\u00f6p Cookies Gelato - Cookies Gelato till salu - Best Best Global Meds\" \/>\n<meta property=\"og:description\" content=\"K\u00f6p Cookies Gelato Marijuana till salu Online. Chem willie \u00e4r Sativa Dominant Hybrid \u2013 70% Sativa \/ 30% Indica THC: 15%\" \/>\n<meta property=\"og:url\" content=\"https:\/\/medicinasinc.com\/se\/product\/kop-kakor-gelato\/\" \/>\n<meta property=\"og:site_name\" content=\"Medicinas Inc\" \/>\n<meta property=\"article:modified_time\" content=\"2022-07-04T00:01:53+00:00\" \/>\n<meta property=\"og:image\" content=\"https:\/\/medicinasinc.com\/se\/wp-content\/uploads\/sites\/16\/2022\/02\/Buy-Cookies-Gelato.jpg\" \/>\n\t<meta property=\"og:image:width\" content=\"420\" \/>\n\t<meta property=\"og:image:height\" content=\"630\" \/>\n\t<meta property=\"og:image:type\" content=\"image\/jpeg\" \/>\n<meta name=\"twitter:card\" content=\"summary_large_image\" \/>\n<meta name=\"twitter:label1\" content=\"Ber\u00e4knad l\u00e4stid\" \/>\n\t<meta name=\"twitter:data1\" content=\"2 minuter\" \/>\n<script type=\"application\/ld+json\" class=\"yoast-schema-graph\">{\"@context\":\"https:\\\/\\\/schema.org\",\"@graph\":[{\"@type\":\"WebPage\",\"@id\":\"https:\\\/\\\/medicinasinc.com\\\/se\\\/product\\\/kop-kakor-gelato\\\/\",\"url\":\"https:\\\/\\\/medicinasinc.com\\\/se\\\/product\\\/kop-kakor-gelato\\\/\",\"name\":\"K\u00f6p Cookies Gelato - Cookies Gelato till salu - Best Best Global Meds\",\"isPartOf\":{\"@id\":\"https:\\\/\\\/medicinasinc.com\\\/se\\\/#website\"},\"primaryImageOfPage\":{\"@id\":\"https:\\\/\\\/medicinasinc.com\\\/se\\\/product\\\/kop-kakor-gelato\\\/#primaryimage\"},\"image\":{\"@id\":\"https:\\\/\\\/medicinasinc.com\\\/se\\\/product\\\/kop-kakor-gelato\\\/#primaryimage\"},\"thumbnailUrl\":\"https:\\\/\\\/medicinasinc.com\\\/se\\\/wp-content\\\/uploads\\\/sites\\\/16\\\/2022\\\/02\\\/Buy-Cookies-Gelato.jpg\",\"datePublished\":\"2022-02-20T17:53:26+00:00\",\"dateModified\":\"2022-07-04T00:01:53+00:00\",\"description\":\"K\u00f6p Cookies Gelato Marijuana till salu Online. Chem willie \u00e4r Sativa Dominant Hybrid \u2013 70% Sativa \\\/ 30% Indica THC: 15%\",\"breadcrumb\":{\"@id\":\"https:\\\/\\\/medicinasinc.com\\\/se\\\/product\\\/kop-kakor-gelato\\\/#breadcrumb\"},\"inLanguage\":\"sv-SE\",\"potentialAction\":[{\"@type\":\"ReadAction\",\"target\":[\"https:\\\/\\\/medicinasinc.com\\\/se\\\/product\\\/kop-kakor-gelato\\\/\"]}]},{\"@type\":\"ImageObject\",\"inLanguage\":\"sv-SE\",\"@id\":\"https:\\\/\\\/medicinasinc.com\\\/se\\\/product\\\/kop-kakor-gelato\\\/#primaryimage\",\"url\":\"https:\\\/\\\/medicinasinc.com\\\/se\\\/wp-content\\\/uploads\\\/sites\\\/16\\\/2022\\\/02\\\/Buy-Cookies-Gelato.jpg\",\"contentUrl\":\"https:\\\/\\\/medicinasinc.com\\\/se\\\/wp-content\\\/uploads\\\/sites\\\/16\\\/2022\\\/02\\\/Buy-Cookies-Gelato.jpg\",\"width\":420,\"height\":630},{\"@type\":\"BreadcrumbList\",\"@id\":\"https:\\\/\\\/medicinasinc.com\\\/se\\\/product\\\/kop-kakor-gelato\\\/#breadcrumb\",\"itemListElement\":[{\"@type\":\"ListItem\",\"position\":1,\"name\":\"aff\u00e4r\",\"item\":\"https:\\\/\\\/medicinasinc.com\\\/se\\\/affar\\\/\"},{\"@type\":\"ListItem\",\"position\":2,\"name\":\"K\u00f6p Cookies Gelato\"}]},{\"@type\":\"WebSite\",\"@id\":\"https:\\\/\\\/medicinasinc.com\\\/se\\\/#website\",\"url\":\"https:\\\/\\\/medicinasinc.com\\\/se\\\/\",\"name\":\"Medicinas Inc\",\"description\":\"Health Medical Clinic\",\"potentialAction\":[{\"@type\":\"SearchAction\",\"target\":{\"@type\":\"EntryPoint\",\"urlTemplate\":\"https:\\\/\\\/medicinasinc.com\\\/se\\\/?s={search_term_string}\"},\"query-input\":{\"@type\":\"PropertyValueSpecification\",\"valueRequired\":true,\"valueName\":\"search_term_string\"}}],\"inLanguage\":\"sv-SE\"}]}<\/script>\n<!-- \/ Yoast SEO plugin. -->","yoast_head_json":{"title":"K\u00f6p Cookies Gelato - Cookies Gelato till salu - Best Best Global Meds","description":"K\u00f6p Cookies Gelato Marijuana till salu Online. Chem willie \u00e4r Sativa Dominant Hybrid \u2013 70% Sativa \/ 30% Indica THC: 15%","robots":{"index":"index","follow":"follow","max-snippet":"max-snippet:-1","max-image-preview":"max-image-preview:large","max-video-preview":"max-video-preview:-1"},"canonical":"https:\/\/medicinasinc.com\/se\/product\/kop-kakor-gelato\/","og_locale":"sv_SE","og_type":"article","og_title":"K\u00f6p Cookies Gelato - Cookies Gelato till salu - Best Best Global Meds","og_description":"K\u00f6p Cookies Gelato Marijuana till salu Online. Chem willie \u00e4r Sativa Dominant Hybrid \u2013 70% Sativa \/ 30% Indica THC: 15%","og_url":"https:\/\/medicinasinc.com\/se\/product\/kop-kakor-gelato\/","og_site_name":"Medicinas Inc","article_modified_time":"2022-07-04T00:01:53+00:00","og_image":[{"width":420,"height":630,"url":"https:\/\/medicinasinc.com\/se\/wp-content\/uploads\/sites\/16\/2022\/02\/Buy-Cookies-Gelato.jpg","type":"image\/jpeg"}],"twitter_card":"summary_large_image","twitter_misc":{"Ber\u00e4knad l\u00e4stid":"2 minuter"},"schema":{"@context":"https:\/\/schema.org","@graph":[{"@type":"WebPage","@id":"https:\/\/medicinasinc.com\/se\/product\/kop-kakor-gelato\/","url":"https:\/\/medicinasinc.com\/se\/product\/kop-kakor-gelato\/","name":"K\u00f6p Cookies Gelato - Cookies Gelato till salu - Best Best Global Meds","isPartOf":{"@id":"https:\/\/medicinasinc.com\/se\/#website"},"primaryImageOfPage":{"@id":"https:\/\/medicinasinc.com\/se\/product\/kop-kakor-gelato\/#primaryimage"},"image":{"@id":"https:\/\/medicinasinc.com\/se\/product\/kop-kakor-gelato\/#primaryimage"},"thumbnailUrl":"https:\/\/medicinasinc.com\/se\/wp-content\/uploads\/sites\/16\/2022\/02\/Buy-Cookies-Gelato.jpg","datePublished":"2022-02-20T17:53:26+00:00","dateModified":"2022-07-04T00:01:53+00:00","description":"K\u00f6p Cookies Gelato Marijuana till salu Online. Chem willie \u00e4r Sativa Dominant Hybrid \u2013 70% Sativa \/ 30% Indica THC: 15%","breadcrumb":{"@id":"https:\/\/medicinasinc.com\/se\/product\/kop-kakor-gelato\/#breadcrumb"},"inLanguage":"sv-SE","potentialAction":[{"@type":"ReadAction","target":["https:\/\/medicinasinc.com\/se\/product\/kop-kakor-gelato\/"]}]},{"@type":"ImageObject","inLanguage":"sv-SE","@id":"https:\/\/medicinasinc.com\/se\/product\/kop-kakor-gelato\/#primaryimage","url":"https:\/\/medicinasinc.com\/se\/wp-content\/uploads\/sites\/16\/2022\/02\/Buy-Cookies-Gelato.jpg","contentUrl":"https:\/\/medicinasinc.com\/se\/wp-content\/uploads\/sites\/16\/2022\/02\/Buy-Cookies-Gelato.jpg","width":420,"height":630},{"@type":"BreadcrumbList","@id":"https:\/\/medicinasinc.com\/se\/product\/kop-kakor-gelato\/#breadcrumb","itemListElement":[{"@type":"ListItem","position":1,"name":"aff\u00e4r","item":"https:\/\/medicinasinc.com\/se\/affar\/"},{"@type":"ListItem","position":2,"name":"K\u00f6p Cookies Gelato"}]},{"@type":"WebSite","@id":"https:\/\/medicinasinc.com\/se\/#website","url":"https:\/\/medicinasinc.com\/se\/","name":"Medicinas Inc","description":"Health Medical Clinic","potentialAction":[{"@type":"SearchAction","target":{"@type":"EntryPoint","urlTemplate":"https:\/\/medicinasinc.com\/se\/?s={search_term_string}"},"query-input":{"@type":"PropertyValueSpecification","valueRequired":true,"valueName":"search_term_string"}}],"inLanguage":"sv-SE"}]}},"_links":{"self":[{"href":"https:\/\/medicinasinc.com\/se\/wp-json\/wp\/v2\/product\/4928","targetHints":{"allow":["GET"]}}],"collection":[{"href":"https:\/\/medicinasinc.com\/se\/wp-json\/wp\/v2\/product"}],"about":[{"href":"https:\/\/medicinasinc.com\/se\/wp-json\/wp\/v2\/types\/product"}],"replies":[{"embeddable":true,"href":"https:\/\/medicinasinc.com\/se\/wp-json\/wp\/v2\/comments?post=4928"}],"wp:featuredmedia":[{"embeddable":true,"href":"https:\/\/medicinasinc.com\/se\/wp-json\/wp\/v2\/media\/4941"}],"wp:attachment":[{"href":"https:\/\/medicinasinc.com\/se\/wp-json\/wp\/v2\/media?parent=4928"}],"wp:term":[{"taxonomy":"product_brand","embeddable":true,"href":"https:\/\/medicinasinc.com\/se\/wp-json\/wp\/v2\/product_brand?post=4928"},{"taxonomy":"product_cat","embeddable":true,"href":"https:\/\/medicinasinc.com\/se\/wp-json\/wp\/v2\/product_cat?post=4928"},{"taxonomy":"product_tag","embeddable":true,"href":"https:\/\/medicinasinc.com\/se\/wp-json\/wp\/v2\/product_tag?post=4928"}],"curies":[{"name":"wp","href":"https:\/\/api.w.org\/{rel}","templated":true}]}}