{"id":4912,"date":"2022-02-20T17:40:16","date_gmt":"2022-02-20T17:40:16","guid":{"rendered":"https:\/\/medicinasinc.com\/se\/?post_type=product&#038;p=4912"},"modified":"2022-07-04T00:02:21","modified_gmt":"2022-07-04T00:02:21","slug":"kop-bla-drom-stam","status":"publish","type":"product","link":"https:\/\/medicinasinc.com\/se\/product\/kop-bla-drom-stam\/","title":{"rendered":"K\u00f6p Blue Dream Strain"},"content":{"rendered":"<p>Blue Dream Sativa-stam kan k\u00f6pas online.<\/p>\n<p>Blue Dream Sativa-stam kan k\u00f6pas online.<\/p>\n<p>60 % Sativa Dominant Hybrid Sativa \/ 40 % Indica<br \/> THC inneh\u00e5llet varierar mellan 17 % och 24 %, CBD-inneh\u00e5llet \u00e4r 2 % och CBN-inneh\u00e5llet \u00e4r 1 %.<\/p>\n<p>Kreativa, energigivande, euforiska och glada effekter kan lindra symptom p\u00e5 ADD\/ADHD, \u00e5ngest, bipol\u00e4r sjukdom , kronisk sm\u00e4rta, depression, tr\u00f6tthet, huvudv\u00e4rk och hyperaktivitet.<br \/> Smaker<br \/> Fruktiga, b\u00e4r, bl\u00e5b\u00e4r, \u00f6rter, s\u00f6ta, vanilj<br \/> Aromer<br \/> Jordn\u00e4ra, fruktiga, s\u00f6ta och vanilj -smaksatt<\/p>\n","protected":false},"excerpt":{"rendered":"<p>K\u00f6p Blue Dream Sativa AA med gratis frakt till valfri plats i Europa. BudStars \u00e4r v\u00e4rldens #1 rankade marijuanabutik online. F\u00e5 avsev\u00e4rda rabatter p\u00e5 ditt f\u00f6rsta k\u00f6p.<\/p>\n<p>Blue Dream Sativa-stammen kan k\u00f6pas online.<\/p>\n<p>Du kan k\u00f6pa marijuana online med eller utan ett medicinskt marijuanakort. Marijuana via postorder.<\/p>\n","protected":false},"featured_media":4926,"comment_status":"open","ping_status":"closed","template":"","meta":[],"product_brand":[],"product_cat":[778],"product_tag":[],"class_list":{"0":"post-4912","1":"product","2":"type-product","3":"status-publish","4":"has-post-thumbnail","6":"product_cat-ogras-till-salu","8":"first","9":"instock","10":"shipping-taxable","11":"purchasable","12":"product-type-variable","13":"has-default-attributes"},"yoast_head":"<!-- This site is optimized with the Yoast SEO plugin v27.3 - https:\/\/yoast.com\/product\/yoast-seo-wordpress\/ -->\n<title>K\u00f6p Blue Dream Strain - Best Best Global Meds<\/title>\n<meta name=\"description\" content=\"K\u00f6p Blue Dream Sativa Stam till salu Online. k\u00f6p gr\u00e4s online med eller utan medicinskt marijuanakort. Postordermarijuana.\" \/>\n<meta name=\"robots\" content=\"index, follow, max-snippet:-1, max-image-preview:large, max-video-preview:-1\" \/>\n<link rel=\"canonical\" href=\"https:\/\/medicinasinc.com\/se\/product\/kop-bla-drom-stam\/\" \/>\n<meta property=\"og:locale\" content=\"sv_SE\" \/>\n<meta property=\"og:type\" content=\"article\" \/>\n<meta property=\"og:title\" content=\"K\u00f6p Blue Dream Strain - Best Best Global Meds\" \/>\n<meta property=\"og:description\" content=\"K\u00f6p Blue Dream Sativa Stam till salu Online. k\u00f6p gr\u00e4s online med eller utan medicinskt marijuanakort. Postordermarijuana.\" \/>\n<meta property=\"og:url\" content=\"https:\/\/medicinasinc.com\/se\/product\/kop-bla-drom-stam\/\" \/>\n<meta property=\"og:site_name\" content=\"Medicinas Inc\" \/>\n<meta property=\"article:modified_time\" content=\"2022-07-04T00:02:21+00:00\" \/>\n<meta property=\"og:image\" content=\"https:\/\/medicinasinc.com\/se\/wp-content\/uploads\/sites\/16\/2022\/02\/Buy-Blue-Dream-Strain.jpg\" \/>\n\t<meta property=\"og:image:width\" content=\"225\" \/>\n\t<meta property=\"og:image:height\" content=\"225\" \/>\n\t<meta property=\"og:image:type\" content=\"image\/jpeg\" \/>\n<meta name=\"twitter:card\" content=\"summary_large_image\" \/>\n<meta name=\"twitter:label1\" content=\"Ber\u00e4knad l\u00e4stid\" \/>\n\t<meta name=\"twitter:data1\" content=\"1 minut\" \/>\n<script type=\"application\/ld+json\" class=\"yoast-schema-graph\">{\"@context\":\"https:\\\/\\\/schema.org\",\"@graph\":[{\"@type\":\"WebPage\",\"@id\":\"https:\\\/\\\/medicinasinc.com\\\/se\\\/product\\\/kop-bla-drom-stam\\\/\",\"url\":\"https:\\\/\\\/medicinasinc.com\\\/se\\\/product\\\/kop-bla-drom-stam\\\/\",\"name\":\"K\u00f6p Blue Dream Strain - Best Best Global Meds\",\"isPartOf\":{\"@id\":\"https:\\\/\\\/medicinasinc.com\\\/se\\\/#website\"},\"primaryImageOfPage\":{\"@id\":\"https:\\\/\\\/medicinasinc.com\\\/se\\\/product\\\/kop-bla-drom-stam\\\/#primaryimage\"},\"image\":{\"@id\":\"https:\\\/\\\/medicinasinc.com\\\/se\\\/product\\\/kop-bla-drom-stam\\\/#primaryimage\"},\"thumbnailUrl\":\"https:\\\/\\\/medicinasinc.com\\\/se\\\/wp-content\\\/uploads\\\/sites\\\/16\\\/2022\\\/02\\\/Buy-Blue-Dream-Strain.jpg\",\"datePublished\":\"2022-02-20T17:40:16+00:00\",\"dateModified\":\"2022-07-04T00:02:21+00:00\",\"description\":\"K\u00f6p Blue Dream Sativa Stam till salu Online. k\u00f6p gr\u00e4s online med eller utan medicinskt marijuanakort. Postordermarijuana.\",\"breadcrumb\":{\"@id\":\"https:\\\/\\\/medicinasinc.com\\\/se\\\/product\\\/kop-bla-drom-stam\\\/#breadcrumb\"},\"inLanguage\":\"sv-SE\",\"potentialAction\":[{\"@type\":\"ReadAction\",\"target\":[\"https:\\\/\\\/medicinasinc.com\\\/se\\\/product\\\/kop-bla-drom-stam\\\/\"]}]},{\"@type\":\"ImageObject\",\"inLanguage\":\"sv-SE\",\"@id\":\"https:\\\/\\\/medicinasinc.com\\\/se\\\/product\\\/kop-bla-drom-stam\\\/#primaryimage\",\"url\":\"https:\\\/\\\/medicinasinc.com\\\/se\\\/wp-content\\\/uploads\\\/sites\\\/16\\\/2022\\\/02\\\/Buy-Blue-Dream-Strain.jpg\",\"contentUrl\":\"https:\\\/\\\/medicinasinc.com\\\/se\\\/wp-content\\\/uploads\\\/sites\\\/16\\\/2022\\\/02\\\/Buy-Blue-Dream-Strain.jpg\",\"width\":225,\"height\":225},{\"@type\":\"BreadcrumbList\",\"@id\":\"https:\\\/\\\/medicinasinc.com\\\/se\\\/product\\\/kop-bla-drom-stam\\\/#breadcrumb\",\"itemListElement\":[{\"@type\":\"ListItem\",\"position\":1,\"name\":\"aff\u00e4r\",\"item\":\"https:\\\/\\\/medicinasinc.com\\\/se\\\/affar\\\/\"},{\"@type\":\"ListItem\",\"position\":2,\"name\":\"K\u00f6p Blue Dream Strain\"}]},{\"@type\":\"WebSite\",\"@id\":\"https:\\\/\\\/medicinasinc.com\\\/se\\\/#website\",\"url\":\"https:\\\/\\\/medicinasinc.com\\\/se\\\/\",\"name\":\"Medicinas Inc\",\"description\":\"Health Medical Clinic\",\"potentialAction\":[{\"@type\":\"SearchAction\",\"target\":{\"@type\":\"EntryPoint\",\"urlTemplate\":\"https:\\\/\\\/medicinasinc.com\\\/se\\\/?s={search_term_string}\"},\"query-input\":{\"@type\":\"PropertyValueSpecification\",\"valueRequired\":true,\"valueName\":\"search_term_string\"}}],\"inLanguage\":\"sv-SE\"}]}<\/script>\n<!-- \/ Yoast SEO plugin. -->","yoast_head_json":{"title":"K\u00f6p Blue Dream Strain - Best Best Global Meds","description":"K\u00f6p Blue Dream Sativa Stam till salu Online. k\u00f6p gr\u00e4s online med eller utan medicinskt marijuanakort. Postordermarijuana.","robots":{"index":"index","follow":"follow","max-snippet":"max-snippet:-1","max-image-preview":"max-image-preview:large","max-video-preview":"max-video-preview:-1"},"canonical":"https:\/\/medicinasinc.com\/se\/product\/kop-bla-drom-stam\/","og_locale":"sv_SE","og_type":"article","og_title":"K\u00f6p Blue Dream Strain - Best Best Global Meds","og_description":"K\u00f6p Blue Dream Sativa Stam till salu Online. k\u00f6p gr\u00e4s online med eller utan medicinskt marijuanakort. Postordermarijuana.","og_url":"https:\/\/medicinasinc.com\/se\/product\/kop-bla-drom-stam\/","og_site_name":"Medicinas Inc","article_modified_time":"2022-07-04T00:02:21+00:00","og_image":[{"width":225,"height":225,"url":"https:\/\/medicinasinc.com\/se\/wp-content\/uploads\/sites\/16\/2022\/02\/Buy-Blue-Dream-Strain.jpg","type":"image\/jpeg"}],"twitter_card":"summary_large_image","twitter_misc":{"Ber\u00e4knad l\u00e4stid":"1 minut"},"schema":{"@context":"https:\/\/schema.org","@graph":[{"@type":"WebPage","@id":"https:\/\/medicinasinc.com\/se\/product\/kop-bla-drom-stam\/","url":"https:\/\/medicinasinc.com\/se\/product\/kop-bla-drom-stam\/","name":"K\u00f6p Blue Dream Strain - Best Best Global Meds","isPartOf":{"@id":"https:\/\/medicinasinc.com\/se\/#website"},"primaryImageOfPage":{"@id":"https:\/\/medicinasinc.com\/se\/product\/kop-bla-drom-stam\/#primaryimage"},"image":{"@id":"https:\/\/medicinasinc.com\/se\/product\/kop-bla-drom-stam\/#primaryimage"},"thumbnailUrl":"https:\/\/medicinasinc.com\/se\/wp-content\/uploads\/sites\/16\/2022\/02\/Buy-Blue-Dream-Strain.jpg","datePublished":"2022-02-20T17:40:16+00:00","dateModified":"2022-07-04T00:02:21+00:00","description":"K\u00f6p Blue Dream Sativa Stam till salu Online. k\u00f6p gr\u00e4s online med eller utan medicinskt marijuanakort. Postordermarijuana.","breadcrumb":{"@id":"https:\/\/medicinasinc.com\/se\/product\/kop-bla-drom-stam\/#breadcrumb"},"inLanguage":"sv-SE","potentialAction":[{"@type":"ReadAction","target":["https:\/\/medicinasinc.com\/se\/product\/kop-bla-drom-stam\/"]}]},{"@type":"ImageObject","inLanguage":"sv-SE","@id":"https:\/\/medicinasinc.com\/se\/product\/kop-bla-drom-stam\/#primaryimage","url":"https:\/\/medicinasinc.com\/se\/wp-content\/uploads\/sites\/16\/2022\/02\/Buy-Blue-Dream-Strain.jpg","contentUrl":"https:\/\/medicinasinc.com\/se\/wp-content\/uploads\/sites\/16\/2022\/02\/Buy-Blue-Dream-Strain.jpg","width":225,"height":225},{"@type":"BreadcrumbList","@id":"https:\/\/medicinasinc.com\/se\/product\/kop-bla-drom-stam\/#breadcrumb","itemListElement":[{"@type":"ListItem","position":1,"name":"aff\u00e4r","item":"https:\/\/medicinasinc.com\/se\/affar\/"},{"@type":"ListItem","position":2,"name":"K\u00f6p Blue Dream Strain"}]},{"@type":"WebSite","@id":"https:\/\/medicinasinc.com\/se\/#website","url":"https:\/\/medicinasinc.com\/se\/","name":"Medicinas Inc","description":"Health Medical Clinic","potentialAction":[{"@type":"SearchAction","target":{"@type":"EntryPoint","urlTemplate":"https:\/\/medicinasinc.com\/se\/?s={search_term_string}"},"query-input":{"@type":"PropertyValueSpecification","valueRequired":true,"valueName":"search_term_string"}}],"inLanguage":"sv-SE"}]}},"_links":{"self":[{"href":"https:\/\/medicinasinc.com\/se\/wp-json\/wp\/v2\/product\/4912","targetHints":{"allow":["GET"]}}],"collection":[{"href":"https:\/\/medicinasinc.com\/se\/wp-json\/wp\/v2\/product"}],"about":[{"href":"https:\/\/medicinasinc.com\/se\/wp-json\/wp\/v2\/types\/product"}],"replies":[{"embeddable":true,"href":"https:\/\/medicinasinc.com\/se\/wp-json\/wp\/v2\/comments?post=4912"}],"wp:featuredmedia":[{"embeddable":true,"href":"https:\/\/medicinasinc.com\/se\/wp-json\/wp\/v2\/media\/4926"}],"wp:attachment":[{"href":"https:\/\/medicinasinc.com\/se\/wp-json\/wp\/v2\/media?parent=4912"}],"wp:term":[{"taxonomy":"product_brand","embeddable":true,"href":"https:\/\/medicinasinc.com\/se\/wp-json\/wp\/v2\/product_brand?post=4912"},{"taxonomy":"product_cat","embeddable":true,"href":"https:\/\/medicinasinc.com\/se\/wp-json\/wp\/v2\/product_cat?post=4912"},{"taxonomy":"product_tag","embeddable":true,"href":"https:\/\/medicinasinc.com\/se\/wp-json\/wp\/v2\/product_tag?post=4912"}],"curies":[{"name":"wp","href":"https:\/\/api.w.org\/{rel}","templated":true}]}}