{"id":4908,"date":"2022-02-20T17:37:57","date_gmt":"2022-02-20T17:37:57","guid":{"rendered":"https:\/\/medicinasinc.com\/se\/?post_type=product&#038;p=4908"},"modified":"2022-07-04T00:02:36","modified_gmt":"2022-07-04T00:02:36","slug":"kop-trippel-g-stam","status":"publish","type":"product","link":"https:\/\/medicinasinc.com\/se\/product\/kop-trippel-g-stam\/","title":{"rendered":"K\u00f6p Triple G Strain"},"content":{"rendered":"<p>Betr\u00e4ffande denna hybridstam<\/p>\n<p>Triple G, \u00e4ven k\u00e4nd som Ghost OG, producerar knoppar som \u00e4r doftande, tropiska, men n\u00e5got skunkiga, med friska, jordn\u00e4ra undertoner. P\u00e5 grund av dess indica-dominans kan vissa knoppar uppvisa djupa och lockande lila nyanser. N\u00e4r den r\u00f6ks eller f\u00f6r\u00e5ngas, lutar smaken mot en s\u00f6t men limeliknande smak.<\/p>\n<p>THC-niv\u00e5er varierar vanligtvis mellan l\u00e5ga och mitten av tjugotalet, och m\u00e5nga recensenter lyver \u00f6ver denna stams potential f\u00f6r d\u00e4mpande sm\u00e4rta i samband med en sort av tillst\u00e5nd och symtom, inklusive ryggradsbesv\u00e4r.<\/p>\n<p>Dessutom har fans av Triple G sagt att det \u00e4r en utm\u00e4rkt p\u00e5frestning f\u00f6r att lugna nerver, lindra psykologisk stress och l\u00e5ta sinnet vila fr\u00e5n anstormningen av tankar som h\u00e5ll oss vakna p\u00e5 natten.<\/p>\n<p>Denna indicadominanta stam kan framkalla hunger eller sedering, s\u00e5 ha n\u00e5gra h\u00e4lsosamma mellanm\u00e5l till hands och en bekv\u00e4m plats att slappa av eller sova i n\u00e4rheten.<\/p>\n<p>K\u00f6p bl\u00e5tt Dream Sativa AA med gratis frakt till valfri plats i CEurope. BudStars \u00e4r v\u00e4rldens #1 rankade marijuanabutik online. F\u00e5 avsev\u00e4rda rabatter p\u00e5 ditt f\u00f6rsta k\u00f6p.<\/p>\n<p>Blue Dream Sativa-stammen kan k\u00f6pas online.<\/p>\n<p>Du kan k\u00f6pa marijuana online med eller utan ett medicinskt marijuanakort. Marijuana via postorder.<\/p>\n","protected":false},"excerpt":{"rendered":"<p>K\u00f6p Triple G-stam f\u00f6r f\u00f6rs\u00e4ljning \u00e4r en hybrid och en korsning mellan tv\u00e5 legendariska stammar i cannabisgemenskapen: Gorilla Glue och Gelato.<\/p>\n<table>\n<caption>Cannabinoid Lab Data<\/caption>\n<thead>\n<tr>\n<th>Cannabinoid<\/th>\n<th>M\u00e4ngd<\/th>\n<\/tr>\n<\/thead>\n<tbody>\n<tr>\n<td>THC:<\/td>\n<td>21,69%<\/td>\n<\/tr>\n<tr>\n<td>\u03949-THC:<\/td>\n<td>1,04 %<\/td>\n<\/tr>\n<tr>\n<td>THC-A:<\/td>\n<td>23,54 % <\/td>\n<\/tr>\n<\/tbody>\n<\/table>\n<p>&nbsp;<\/p>\n<table>\n<caption>Terpenlabdata<\/caption>\n<thead>\n<tr>\n<th>Terpen<\/caption>\n<p> th&gt; <\/p>\n<th>M\u00e4ngd<\/th>\n<\/tr>\n<\/thead>\n<tbody>\n<tr>\n<td>Limonen:<\/td>\n<td>0,68 %<\/td>\n<\/tr>\n<tr>\n<td>Beta Caryophyllene:<\/td>\n<td>0,27%<\/td>\n<\/tr>\n<tr>\n<td>Beta Myrcene:<\/td>\n<td>0,22%<\/td>\n<\/tr>\n<\/tbody>\n<\/table>\n","protected":false},"featured_media":4922,"comment_status":"open","ping_status":"closed","template":"","meta":[],"product_brand":[],"product_cat":[778],"product_tag":[787,788,789,790,792,791,793,794],"class_list":{"0":"post-4908","1":"product","2":"type-product","3":"status-publish","4":"has-post-thumbnail","6":"product_cat-ogras-till-salu","7":"product_tag-ggg-strain","8":"product_tag-hulkberry-strain","9":"product_tag-la-patron-stam-blad","10":"product_tag-triple-g-grow-dagbok","11":"product_tag-triple-g-strain-flowering-time","12":"product_tag-trippel-g-stam-allbud","13":"product_tag-trippel-g-stam-blad","14":"product_tag-trippel-g-stam-nra-mig","16":"first","17":"instock","18":"shipping-taxable","19":"purchasable","20":"product-type-variable","21":"has-default-attributes"},"yoast_head":"<!-- This site is optimized with the Yoast SEO plugin v27.3 - https:\/\/yoast.com\/product\/yoast-seo-wordpress\/ -->\n<title>K\u00f6p Triple G-stam - b\u00e4sta b\u00e4sta globala medicin<\/title>\n<meta name=\"description\" content=\"K\u00f6p Triple G-stam till salu \u00e4r en hybrid och en korsning mellan tv\u00e5 kraftfulla stammar som har blivit k\u00e4nda namn i cannabissamh\u00e4llet: Gorilla Glue och Gelato.\" \/>\n<meta name=\"robots\" content=\"index, follow, max-snippet:-1, max-image-preview:large, max-video-preview:-1\" \/>\n<link rel=\"canonical\" href=\"https:\/\/medicinasinc.com\/se\/product\/kop-trippel-g-stam\/\" \/>\n<meta property=\"og:locale\" content=\"sv_SE\" \/>\n<meta property=\"og:type\" content=\"article\" \/>\n<meta property=\"og:title\" content=\"K\u00f6p Triple G-stam - b\u00e4sta b\u00e4sta globala medicin\" \/>\n<meta property=\"og:description\" content=\"K\u00f6p Triple G-stam till salu \u00e4r en hybrid och en korsning mellan tv\u00e5 kraftfulla stammar som har blivit k\u00e4nda namn i cannabissamh\u00e4llet: Gorilla Glue och Gelato.\" \/>\n<meta property=\"og:url\" content=\"https:\/\/medicinasinc.com\/se\/product\/kop-trippel-g-stam\/\" \/>\n<meta property=\"og:site_name\" content=\"Medicinas Inc\" \/>\n<meta property=\"article:modified_time\" content=\"2022-07-04T00:02:36+00:00\" \/>\n<meta property=\"og:image\" content=\"https:\/\/medicinasinc.com\/se\/wp-content\/uploads\/sites\/16\/2022\/02\/Buy-Triple-G-Strain-1.jpg\" \/>\n\t<meta property=\"og:image:width\" content=\"800\" \/>\n\t<meta property=\"og:image:height\" content=\"800\" \/>\n\t<meta property=\"og:image:type\" content=\"image\/jpeg\" \/>\n<meta name=\"twitter:card\" content=\"summary_large_image\" \/>\n<meta name=\"twitter:label1\" content=\"Ber\u00e4knad l\u00e4stid\" \/>\n\t<meta name=\"twitter:data1\" content=\"1 minut\" \/>\n<script type=\"application\/ld+json\" class=\"yoast-schema-graph\">{\"@context\":\"https:\\\/\\\/schema.org\",\"@graph\":[{\"@type\":\"WebPage\",\"@id\":\"https:\\\/\\\/medicinasinc.com\\\/se\\\/product\\\/kop-trippel-g-stam\\\/\",\"url\":\"https:\\\/\\\/medicinasinc.com\\\/se\\\/product\\\/kop-trippel-g-stam\\\/\",\"name\":\"K\u00f6p Triple G-stam - b\u00e4sta b\u00e4sta globala medicin\",\"isPartOf\":{\"@id\":\"https:\\\/\\\/medicinasinc.com\\\/se\\\/#website\"},\"primaryImageOfPage\":{\"@id\":\"https:\\\/\\\/medicinasinc.com\\\/se\\\/product\\\/kop-trippel-g-stam\\\/#primaryimage\"},\"image\":{\"@id\":\"https:\\\/\\\/medicinasinc.com\\\/se\\\/product\\\/kop-trippel-g-stam\\\/#primaryimage\"},\"thumbnailUrl\":\"https:\\\/\\\/medicinasinc.com\\\/se\\\/wp-content\\\/uploads\\\/sites\\\/16\\\/2022\\\/02\\\/Buy-Triple-G-Strain-1.jpg\",\"datePublished\":\"2022-02-20T17:37:57+00:00\",\"dateModified\":\"2022-07-04T00:02:36+00:00\",\"description\":\"K\u00f6p Triple G-stam till salu \u00e4r en hybrid och en korsning mellan tv\u00e5 kraftfulla stammar som har blivit k\u00e4nda namn i cannabissamh\u00e4llet: Gorilla Glue och Gelato.\",\"breadcrumb\":{\"@id\":\"https:\\\/\\\/medicinasinc.com\\\/se\\\/product\\\/kop-trippel-g-stam\\\/#breadcrumb\"},\"inLanguage\":\"sv-SE\",\"potentialAction\":[{\"@type\":\"ReadAction\",\"target\":[\"https:\\\/\\\/medicinasinc.com\\\/se\\\/product\\\/kop-trippel-g-stam\\\/\"]}]},{\"@type\":\"ImageObject\",\"inLanguage\":\"sv-SE\",\"@id\":\"https:\\\/\\\/medicinasinc.com\\\/se\\\/product\\\/kop-trippel-g-stam\\\/#primaryimage\",\"url\":\"https:\\\/\\\/medicinasinc.com\\\/se\\\/wp-content\\\/uploads\\\/sites\\\/16\\\/2022\\\/02\\\/Buy-Triple-G-Strain-1.jpg\",\"contentUrl\":\"https:\\\/\\\/medicinasinc.com\\\/se\\\/wp-content\\\/uploads\\\/sites\\\/16\\\/2022\\\/02\\\/Buy-Triple-G-Strain-1.jpg\",\"width\":800,\"height\":800},{\"@type\":\"BreadcrumbList\",\"@id\":\"https:\\\/\\\/medicinasinc.com\\\/se\\\/product\\\/kop-trippel-g-stam\\\/#breadcrumb\",\"itemListElement\":[{\"@type\":\"ListItem\",\"position\":1,\"name\":\"aff\u00e4r\",\"item\":\"https:\\\/\\\/medicinasinc.com\\\/se\\\/affar\\\/\"},{\"@type\":\"ListItem\",\"position\":2,\"name\":\"K\u00f6p Triple G Strain\"}]},{\"@type\":\"WebSite\",\"@id\":\"https:\\\/\\\/medicinasinc.com\\\/se\\\/#website\",\"url\":\"https:\\\/\\\/medicinasinc.com\\\/se\\\/\",\"name\":\"Medicinas Inc\",\"description\":\"Health Medical Clinic\",\"potentialAction\":[{\"@type\":\"SearchAction\",\"target\":{\"@type\":\"EntryPoint\",\"urlTemplate\":\"https:\\\/\\\/medicinasinc.com\\\/se\\\/?s={search_term_string}\"},\"query-input\":{\"@type\":\"PropertyValueSpecification\",\"valueRequired\":true,\"valueName\":\"search_term_string\"}}],\"inLanguage\":\"sv-SE\"}]}<\/script>\n<!-- \/ Yoast SEO plugin. -->","yoast_head_json":{"title":"K\u00f6p Triple G-stam - b\u00e4sta b\u00e4sta globala medicin","description":"K\u00f6p Triple G-stam till salu \u00e4r en hybrid och en korsning mellan tv\u00e5 kraftfulla stammar som har blivit k\u00e4nda namn i cannabissamh\u00e4llet: Gorilla Glue och Gelato.","robots":{"index":"index","follow":"follow","max-snippet":"max-snippet:-1","max-image-preview":"max-image-preview:large","max-video-preview":"max-video-preview:-1"},"canonical":"https:\/\/medicinasinc.com\/se\/product\/kop-trippel-g-stam\/","og_locale":"sv_SE","og_type":"article","og_title":"K\u00f6p Triple G-stam - b\u00e4sta b\u00e4sta globala medicin","og_description":"K\u00f6p Triple G-stam till salu \u00e4r en hybrid och en korsning mellan tv\u00e5 kraftfulla stammar som har blivit k\u00e4nda namn i cannabissamh\u00e4llet: Gorilla Glue och Gelato.","og_url":"https:\/\/medicinasinc.com\/se\/product\/kop-trippel-g-stam\/","og_site_name":"Medicinas Inc","article_modified_time":"2022-07-04T00:02:36+00:00","og_image":[{"width":800,"height":800,"url":"https:\/\/medicinasinc.com\/se\/wp-content\/uploads\/sites\/16\/2022\/02\/Buy-Triple-G-Strain-1.jpg","type":"image\/jpeg"}],"twitter_card":"summary_large_image","twitter_misc":{"Ber\u00e4knad l\u00e4stid":"1 minut"},"schema":{"@context":"https:\/\/schema.org","@graph":[{"@type":"WebPage","@id":"https:\/\/medicinasinc.com\/se\/product\/kop-trippel-g-stam\/","url":"https:\/\/medicinasinc.com\/se\/product\/kop-trippel-g-stam\/","name":"K\u00f6p Triple G-stam - b\u00e4sta b\u00e4sta globala medicin","isPartOf":{"@id":"https:\/\/medicinasinc.com\/se\/#website"},"primaryImageOfPage":{"@id":"https:\/\/medicinasinc.com\/se\/product\/kop-trippel-g-stam\/#primaryimage"},"image":{"@id":"https:\/\/medicinasinc.com\/se\/product\/kop-trippel-g-stam\/#primaryimage"},"thumbnailUrl":"https:\/\/medicinasinc.com\/se\/wp-content\/uploads\/sites\/16\/2022\/02\/Buy-Triple-G-Strain-1.jpg","datePublished":"2022-02-20T17:37:57+00:00","dateModified":"2022-07-04T00:02:36+00:00","description":"K\u00f6p Triple G-stam till salu \u00e4r en hybrid och en korsning mellan tv\u00e5 kraftfulla stammar som har blivit k\u00e4nda namn i cannabissamh\u00e4llet: Gorilla Glue och Gelato.","breadcrumb":{"@id":"https:\/\/medicinasinc.com\/se\/product\/kop-trippel-g-stam\/#breadcrumb"},"inLanguage":"sv-SE","potentialAction":[{"@type":"ReadAction","target":["https:\/\/medicinasinc.com\/se\/product\/kop-trippel-g-stam\/"]}]},{"@type":"ImageObject","inLanguage":"sv-SE","@id":"https:\/\/medicinasinc.com\/se\/product\/kop-trippel-g-stam\/#primaryimage","url":"https:\/\/medicinasinc.com\/se\/wp-content\/uploads\/sites\/16\/2022\/02\/Buy-Triple-G-Strain-1.jpg","contentUrl":"https:\/\/medicinasinc.com\/se\/wp-content\/uploads\/sites\/16\/2022\/02\/Buy-Triple-G-Strain-1.jpg","width":800,"height":800},{"@type":"BreadcrumbList","@id":"https:\/\/medicinasinc.com\/se\/product\/kop-trippel-g-stam\/#breadcrumb","itemListElement":[{"@type":"ListItem","position":1,"name":"aff\u00e4r","item":"https:\/\/medicinasinc.com\/se\/affar\/"},{"@type":"ListItem","position":2,"name":"K\u00f6p Triple G Strain"}]},{"@type":"WebSite","@id":"https:\/\/medicinasinc.com\/se\/#website","url":"https:\/\/medicinasinc.com\/se\/","name":"Medicinas Inc","description":"Health Medical Clinic","potentialAction":[{"@type":"SearchAction","target":{"@type":"EntryPoint","urlTemplate":"https:\/\/medicinasinc.com\/se\/?s={search_term_string}"},"query-input":{"@type":"PropertyValueSpecification","valueRequired":true,"valueName":"search_term_string"}}],"inLanguage":"sv-SE"}]}},"_links":{"self":[{"href":"https:\/\/medicinasinc.com\/se\/wp-json\/wp\/v2\/product\/4908","targetHints":{"allow":["GET"]}}],"collection":[{"href":"https:\/\/medicinasinc.com\/se\/wp-json\/wp\/v2\/product"}],"about":[{"href":"https:\/\/medicinasinc.com\/se\/wp-json\/wp\/v2\/types\/product"}],"replies":[{"embeddable":true,"href":"https:\/\/medicinasinc.com\/se\/wp-json\/wp\/v2\/comments?post=4908"}],"wp:featuredmedia":[{"embeddable":true,"href":"https:\/\/medicinasinc.com\/se\/wp-json\/wp\/v2\/media\/4922"}],"wp:attachment":[{"href":"https:\/\/medicinasinc.com\/se\/wp-json\/wp\/v2\/media?parent=4908"}],"wp:term":[{"taxonomy":"product_brand","embeddable":true,"href":"https:\/\/medicinasinc.com\/se\/wp-json\/wp\/v2\/product_brand?post=4908"},{"taxonomy":"product_cat","embeddable":true,"href":"https:\/\/medicinasinc.com\/se\/wp-json\/wp\/v2\/product_cat?post=4908"},{"taxonomy":"product_tag","embeddable":true,"href":"https:\/\/medicinasinc.com\/se\/wp-json\/wp\/v2\/product_tag?post=4908"}],"curies":[{"name":"wp","href":"https:\/\/api.w.org\/{rel}","templated":true}]}}