{"id":4896,"date":"2022-02-20T17:28:28","date_gmt":"2022-02-20T17:28:28","guid":{"rendered":"https:\/\/medicinasinc.com\/se\/?post_type=product&#038;p=4896"},"modified":"2022-07-04T00:02:50","modified_gmt":"2022-07-04T00:02:50","slug":"kopa-apollo-11-marijuana","status":"publish","type":"product","link":"https:\/\/medicinasinc.com\/se\/product\/kopa-apollo-11-marijuana\/","title":{"rendered":"K\u00f6p Apollo 11 Marijuana"},"content":{"rendered":"<div class=\"woocommerce-tabs wc-tabs-wrapper\">\n<div id=\"tab-description\" class=\"woocommerce-Tabs-panel woocommerce-Tabs-panel--description panel entry-content wc-tab\" role=\"tabpanel\" aria-labelledby=\"tab-title-description\">\n<p>K\u00d6P MARIJUANA APOLLO 11 STAM<\/p>\n<p>Apollo 11 \u00e4r en mycket potent hybrid Cannabis-stam med starka cerebrala effekter som kan f\u00e5 ditt huvud att k\u00e4nnas som om den \u00e4r p\u00e5 v\u00e4g att landa p\u00e5 m\u00e5nen. Apollo 11-stammen av marijuana har en lugnande effekt och en stark k\u00e4nsla av fysisk avslappning. Knopparna \u00e4r l\u00e5ngstr\u00e4ckta, ljusgr\u00f6na och extremt hartsartade.<\/p>\n<p>HUR ANV\u00c4NDER MAN MARIJUANA APOLLO 11 STAM?<\/p>\n<p>Apollo 11 \u00e4r l\u00e4mplig f\u00f6r r\u00f6kning i en joint, bong, pipa eller sk\u00e5l. <\/p>\n<p>Cannabinoider absorberas i blodomloppet n\u00e4r r\u00f6ken kommer in i lungorna. Denna eftermiddagsgl\u00e4dje \u00e4r energigivande och kreativ, och den kan hj\u00e4lpa dig att minska mentalt prat och fokusera p\u00e5 det som finns direkt framf\u00f6r dig.<\/p>\n<p>VILKA \u00c4R BIVERKNINGARNA AV MARIJUANA-STAMMEN APOLLO 11?<\/p>\n<p>Efter att du r\u00f6kt Apollo 11 kan du st\u00f6ta p\u00e5 f\u00f6ljande sv\u00e5righeter:<br \/> \u2022 Yrsel \u2022 Medvetsl\u00f6shet \u2022 Muntorrhet \u2022 Torra \u00f6gon \u2022 Aptitf\u00f6rlust<\/p>\n<p>VAD \u00c4R APOLLO 11 MARIJUANA-STAMMENS INTERAKTIONER?<\/p>\n<p>Sjukdomsinteraktion:<br \/> \u2022 Kardiovaskul\u00e4ra problem<br \/> \u2022 Sexuella sv\u00e5righeter<\/p>\n<p>Mat-\/droginteraktioner inkluderar f\u00f6ljande: \u2022 Alkohol \u2022 Steroider<\/p>\n<p>VAD \u00c4R DET B\u00c4STA ST\u00c4LLET ATT K\u00d6PA STAM APOLLO 11 MARIJUANA?<\/p>\n<p>Cannabis OTC Supplier \u00e4r det b\u00e4sta onlineapoteket som endast s\u00e4ljer \u00e4kta produkter av h\u00f6g kvalitet. Du kan k\u00f6pa Apollo 11 Cannabis online. K\u00f6p Apollo 11 stam till de b\u00e4sta tillg\u00e4ngliga priserna h\u00e4r.<\/p>\n<\/p><\/div><\/div>\n","protected":false},"excerpt":{"rendered":"<div class=\"woocommerce-product-details__short-description\">\n<p>K\u00f6p Apollo 11 Marijuana Stam. Denna psykoaktiva blomma \u00e4r h\u00f6g i THC och kommer att f\u00e5 dig p\u00e5 hum\u00f6r f\u00f6r k\u00e4rlek.<\/p>\n<p>K\u00f6p 1\/2 ounce Apollo 11 Marijuana Stam. Apollo 11 \u00e4r en sativa dominant stam som har l\u00e5nga, ljusgr\u00f6na knoppar som \u00e4r t\u00e4ckta av l\u00e5nga bleka h\u00e5r. Knopparna \u00e4r extremt hartsartade, vilket resulterar i en klibbig k\u00e4nsla i handen. Cannabis till salu, var man kan f\u00e5 tag i marijuana fr\u00e5n Apollo 11-uppdraget.<\/p>\n<\/p><\/div>\n","protected":false},"featured_media":4911,"comment_status":"open","ping_status":"closed","template":"","meta":[],"product_brand":[],"product_cat":[778],"product_tag":[],"class_list":{"0":"post-4896","1":"product","2":"type-product","3":"status-publish","4":"has-post-thumbnail","6":"product_cat-ogras-till-salu","8":"first","9":"instock","10":"shipping-taxable","11":"purchasable","12":"product-type-variable","13":"has-default-attributes"},"yoast_head":"<!-- This site is optimized with the Yoast SEO plugin v27.3 - https:\/\/yoast.com\/product\/yoast-seo-wordpress\/ -->\n<title>K\u00f6p Apollo 11 Marijuana - B\u00e4sta b\u00e4sta globala medicinen<\/title>\n<meta name=\"description\" content=\"K\u00f6p Apollo 11 Marijuana Stam till salu. H\u00f6g i THC, denna psykoaktiva blomma kommer att l\u00e4mna dig p\u00e5 hum\u00f6r f\u00f6r k\u00e4rlek\" \/>\n<meta name=\"robots\" content=\"index, follow, max-snippet:-1, max-image-preview:large, max-video-preview:-1\" \/>\n<link rel=\"canonical\" href=\"https:\/\/medicinasinc.com\/se\/product\/kopa-apollo-11-marijuana\/\" \/>\n<meta property=\"og:locale\" content=\"sv_SE\" \/>\n<meta property=\"og:type\" content=\"article\" \/>\n<meta property=\"og:title\" content=\"K\u00f6p Apollo 11 Marijuana - B\u00e4sta b\u00e4sta globala medicinen\" \/>\n<meta property=\"og:description\" content=\"K\u00f6p Apollo 11 Marijuana Stam till salu. H\u00f6g i THC, denna psykoaktiva blomma kommer att l\u00e4mna dig p\u00e5 hum\u00f6r f\u00f6r k\u00e4rlek\" \/>\n<meta property=\"og:url\" content=\"https:\/\/medicinasinc.com\/se\/product\/kopa-apollo-11-marijuana\/\" \/>\n<meta property=\"og:site_name\" content=\"Medicinas Inc\" \/>\n<meta property=\"article:modified_time\" content=\"2022-07-04T00:02:50+00:00\" \/>\n<meta property=\"og:image\" content=\"https:\/\/medicinasinc.com\/se\/wp-content\/uploads\/sites\/16\/2022\/02\/Buy-Apollo-11-Marijuana-1.jpg\" \/>\n\t<meta property=\"og:image:width\" content=\"243\" \/>\n\t<meta property=\"og:image:height\" content=\"207\" \/>\n\t<meta property=\"og:image:type\" content=\"image\/jpeg\" \/>\n<meta name=\"twitter:card\" content=\"summary_large_image\" \/>\n<meta name=\"twitter:label1\" content=\"Ber\u00e4knad l\u00e4stid\" \/>\n\t<meta name=\"twitter:data1\" content=\"1 minut\" \/>\n<script type=\"application\/ld+json\" class=\"yoast-schema-graph\">{\"@context\":\"https:\\\/\\\/schema.org\",\"@graph\":[{\"@type\":\"WebPage\",\"@id\":\"https:\\\/\\\/medicinasinc.com\\\/se\\\/product\\\/kopa-apollo-11-marijuana\\\/\",\"url\":\"https:\\\/\\\/medicinasinc.com\\\/se\\\/product\\\/kopa-apollo-11-marijuana\\\/\",\"name\":\"K\u00f6p Apollo 11 Marijuana - B\u00e4sta b\u00e4sta globala medicinen\",\"isPartOf\":{\"@id\":\"https:\\\/\\\/medicinasinc.com\\\/se\\\/#website\"},\"primaryImageOfPage\":{\"@id\":\"https:\\\/\\\/medicinasinc.com\\\/se\\\/product\\\/kopa-apollo-11-marijuana\\\/#primaryimage\"},\"image\":{\"@id\":\"https:\\\/\\\/medicinasinc.com\\\/se\\\/product\\\/kopa-apollo-11-marijuana\\\/#primaryimage\"},\"thumbnailUrl\":\"https:\\\/\\\/medicinasinc.com\\\/se\\\/wp-content\\\/uploads\\\/sites\\\/16\\\/2022\\\/02\\\/Buy-Apollo-11-Marijuana-1.jpg\",\"datePublished\":\"2022-02-20T17:28:28+00:00\",\"dateModified\":\"2022-07-04T00:02:50+00:00\",\"description\":\"K\u00f6p Apollo 11 Marijuana Stam till salu. H\u00f6g i THC, denna psykoaktiva blomma kommer att l\u00e4mna dig p\u00e5 hum\u00f6r f\u00f6r k\u00e4rlek\",\"breadcrumb\":{\"@id\":\"https:\\\/\\\/medicinasinc.com\\\/se\\\/product\\\/kopa-apollo-11-marijuana\\\/#breadcrumb\"},\"inLanguage\":\"sv-SE\",\"potentialAction\":[{\"@type\":\"ReadAction\",\"target\":[\"https:\\\/\\\/medicinasinc.com\\\/se\\\/product\\\/kopa-apollo-11-marijuana\\\/\"]}]},{\"@type\":\"ImageObject\",\"inLanguage\":\"sv-SE\",\"@id\":\"https:\\\/\\\/medicinasinc.com\\\/se\\\/product\\\/kopa-apollo-11-marijuana\\\/#primaryimage\",\"url\":\"https:\\\/\\\/medicinasinc.com\\\/se\\\/wp-content\\\/uploads\\\/sites\\\/16\\\/2022\\\/02\\\/Buy-Apollo-11-Marijuana-1.jpg\",\"contentUrl\":\"https:\\\/\\\/medicinasinc.com\\\/se\\\/wp-content\\\/uploads\\\/sites\\\/16\\\/2022\\\/02\\\/Buy-Apollo-11-Marijuana-1.jpg\",\"width\":243,\"height\":207},{\"@type\":\"BreadcrumbList\",\"@id\":\"https:\\\/\\\/medicinasinc.com\\\/se\\\/product\\\/kopa-apollo-11-marijuana\\\/#breadcrumb\",\"itemListElement\":[{\"@type\":\"ListItem\",\"position\":1,\"name\":\"aff\u00e4r\",\"item\":\"https:\\\/\\\/medicinasinc.com\\\/se\\\/affar\\\/\"},{\"@type\":\"ListItem\",\"position\":2,\"name\":\"K\u00f6p Apollo 11 Marijuana\"}]},{\"@type\":\"WebSite\",\"@id\":\"https:\\\/\\\/medicinasinc.com\\\/se\\\/#website\",\"url\":\"https:\\\/\\\/medicinasinc.com\\\/se\\\/\",\"name\":\"Medicinas Inc\",\"description\":\"Health Medical Clinic\",\"potentialAction\":[{\"@type\":\"SearchAction\",\"target\":{\"@type\":\"EntryPoint\",\"urlTemplate\":\"https:\\\/\\\/medicinasinc.com\\\/se\\\/?s={search_term_string}\"},\"query-input\":{\"@type\":\"PropertyValueSpecification\",\"valueRequired\":true,\"valueName\":\"search_term_string\"}}],\"inLanguage\":\"sv-SE\"}]}<\/script>\n<!-- \/ Yoast SEO plugin. -->","yoast_head_json":{"title":"K\u00f6p Apollo 11 Marijuana - B\u00e4sta b\u00e4sta globala medicinen","description":"K\u00f6p Apollo 11 Marijuana Stam till salu. H\u00f6g i THC, denna psykoaktiva blomma kommer att l\u00e4mna dig p\u00e5 hum\u00f6r f\u00f6r k\u00e4rlek","robots":{"index":"index","follow":"follow","max-snippet":"max-snippet:-1","max-image-preview":"max-image-preview:large","max-video-preview":"max-video-preview:-1"},"canonical":"https:\/\/medicinasinc.com\/se\/product\/kopa-apollo-11-marijuana\/","og_locale":"sv_SE","og_type":"article","og_title":"K\u00f6p Apollo 11 Marijuana - B\u00e4sta b\u00e4sta globala medicinen","og_description":"K\u00f6p Apollo 11 Marijuana Stam till salu. H\u00f6g i THC, denna psykoaktiva blomma kommer att l\u00e4mna dig p\u00e5 hum\u00f6r f\u00f6r k\u00e4rlek","og_url":"https:\/\/medicinasinc.com\/se\/product\/kopa-apollo-11-marijuana\/","og_site_name":"Medicinas Inc","article_modified_time":"2022-07-04T00:02:50+00:00","og_image":[{"width":243,"height":207,"url":"https:\/\/medicinasinc.com\/se\/wp-content\/uploads\/sites\/16\/2022\/02\/Buy-Apollo-11-Marijuana-1.jpg","type":"image\/jpeg"}],"twitter_card":"summary_large_image","twitter_misc":{"Ber\u00e4knad l\u00e4stid":"1 minut"},"schema":{"@context":"https:\/\/schema.org","@graph":[{"@type":"WebPage","@id":"https:\/\/medicinasinc.com\/se\/product\/kopa-apollo-11-marijuana\/","url":"https:\/\/medicinasinc.com\/se\/product\/kopa-apollo-11-marijuana\/","name":"K\u00f6p Apollo 11 Marijuana - B\u00e4sta b\u00e4sta globala medicinen","isPartOf":{"@id":"https:\/\/medicinasinc.com\/se\/#website"},"primaryImageOfPage":{"@id":"https:\/\/medicinasinc.com\/se\/product\/kopa-apollo-11-marijuana\/#primaryimage"},"image":{"@id":"https:\/\/medicinasinc.com\/se\/product\/kopa-apollo-11-marijuana\/#primaryimage"},"thumbnailUrl":"https:\/\/medicinasinc.com\/se\/wp-content\/uploads\/sites\/16\/2022\/02\/Buy-Apollo-11-Marijuana-1.jpg","datePublished":"2022-02-20T17:28:28+00:00","dateModified":"2022-07-04T00:02:50+00:00","description":"K\u00f6p Apollo 11 Marijuana Stam till salu. H\u00f6g i THC, denna psykoaktiva blomma kommer att l\u00e4mna dig p\u00e5 hum\u00f6r f\u00f6r k\u00e4rlek","breadcrumb":{"@id":"https:\/\/medicinasinc.com\/se\/product\/kopa-apollo-11-marijuana\/#breadcrumb"},"inLanguage":"sv-SE","potentialAction":[{"@type":"ReadAction","target":["https:\/\/medicinasinc.com\/se\/product\/kopa-apollo-11-marijuana\/"]}]},{"@type":"ImageObject","inLanguage":"sv-SE","@id":"https:\/\/medicinasinc.com\/se\/product\/kopa-apollo-11-marijuana\/#primaryimage","url":"https:\/\/medicinasinc.com\/se\/wp-content\/uploads\/sites\/16\/2022\/02\/Buy-Apollo-11-Marijuana-1.jpg","contentUrl":"https:\/\/medicinasinc.com\/se\/wp-content\/uploads\/sites\/16\/2022\/02\/Buy-Apollo-11-Marijuana-1.jpg","width":243,"height":207},{"@type":"BreadcrumbList","@id":"https:\/\/medicinasinc.com\/se\/product\/kopa-apollo-11-marijuana\/#breadcrumb","itemListElement":[{"@type":"ListItem","position":1,"name":"aff\u00e4r","item":"https:\/\/medicinasinc.com\/se\/affar\/"},{"@type":"ListItem","position":2,"name":"K\u00f6p Apollo 11 Marijuana"}]},{"@type":"WebSite","@id":"https:\/\/medicinasinc.com\/se\/#website","url":"https:\/\/medicinasinc.com\/se\/","name":"Medicinas Inc","description":"Health Medical Clinic","potentialAction":[{"@type":"SearchAction","target":{"@type":"EntryPoint","urlTemplate":"https:\/\/medicinasinc.com\/se\/?s={search_term_string}"},"query-input":{"@type":"PropertyValueSpecification","valueRequired":true,"valueName":"search_term_string"}}],"inLanguage":"sv-SE"}]}},"_links":{"self":[{"href":"https:\/\/medicinasinc.com\/se\/wp-json\/wp\/v2\/product\/4896","targetHints":{"allow":["GET"]}}],"collection":[{"href":"https:\/\/medicinasinc.com\/se\/wp-json\/wp\/v2\/product"}],"about":[{"href":"https:\/\/medicinasinc.com\/se\/wp-json\/wp\/v2\/types\/product"}],"replies":[{"embeddable":true,"href":"https:\/\/medicinasinc.com\/se\/wp-json\/wp\/v2\/comments?post=4896"}],"wp:featuredmedia":[{"embeddable":true,"href":"https:\/\/medicinasinc.com\/se\/wp-json\/wp\/v2\/media\/4911"}],"wp:attachment":[{"href":"https:\/\/medicinasinc.com\/se\/wp-json\/wp\/v2\/media?parent=4896"}],"wp:term":[{"taxonomy":"product_brand","embeddable":true,"href":"https:\/\/medicinasinc.com\/se\/wp-json\/wp\/v2\/product_brand?post=4896"},{"taxonomy":"product_cat","embeddable":true,"href":"https:\/\/medicinasinc.com\/se\/wp-json\/wp\/v2\/product_cat?post=4896"},{"taxonomy":"product_tag","embeddable":true,"href":"https:\/\/medicinasinc.com\/se\/wp-json\/wp\/v2\/product_tag?post=4896"}],"curies":[{"name":"wp","href":"https:\/\/api.w.org\/{rel}","templated":true}]}}