{"id":4895,"date":"2022-02-20T17:27:17","date_gmt":"2022-02-20T17:27:17","guid":{"rendered":"https:\/\/medicinasinc.com\/se\/?post_type=product&#038;p=4895"},"modified":"2022-07-04T00:03:00","modified_gmt":"2022-07-04T00:03:00","slug":"kopa-ak-47-marijuana","status":"publish","type":"product","link":"https:\/\/medicinasinc.com\/se\/product\/kopa-ak-47-marijuana\/","title":{"rendered":"K\u00f6p AK-47 Marijuana"},"content":{"rendered":"<p><strong>K\u00f6p AK-47 Marijuana Sativa Stam online.<\/strong><\/p>\n<p><strong>Onlinek\u00f6p av AK-47 Marijuana Sativa Strain.<\/strong><\/p>\n<p> AK-47 Marijuana \u00e4r en Sativa Dominant Hybrid \u2013 65 % Sativa och 35 % Indica. Indica<br \/> THC-inneh\u00e5ll varierar mellan 13 % och 20 %, CBD-inneh\u00e5ll \u00e4r 1 % och CBN-inneh\u00e5ll \u00e4r 1 %.<\/p>\n<p>Kreativa, energigivande, euforiska och glada smaker kan lindra bipol\u00e4r sjukdom, kronisk Sm\u00e4rta, depression, huvudv\u00e4rk, s\u00f6mnl\u00f6shet, aptitf\u00f6rlust, migr\u00e4n, PTSD och stress<br \/> Dofter av skunk, s\u00f6tma och tr\u00e4<br \/> Stickande, skumma, sura och kryddiga<\/p>\n","protected":false},"excerpt":{"rendered":"<p>K\u00f6p AK-47 Marijuana Sativa Stam till salu online i Storbritannien och Europa. K\u00d6P WEED ONLINE AUSTRALIEN<\/p>\n<p>&nbsp;<\/p>\n","protected":false},"featured_media":4909,"comment_status":"open","ping_status":"closed","template":"","meta":[],"product_brand":[],"product_cat":[778],"product_tag":[780,779,782,784,783,781,786,785],"class_list":{"0":"post-4895","1":"product","2":"type-product","3":"status-publish","4":"has-post-thumbnail","6":"product_cat-ogras-till-salu","7":"product_tag-ak-47-seeds-feminized-uk","8":"product_tag-ak-47-runtz-stam","9":"product_tag-ak-47-anstrngning-fr-ngest","10":"product_tag-ak-47-stam-lukt","11":"product_tag-ak-47-stam-pris","12":"product_tag-ak-47-stameffekter","13":"product_tag-allvarliga-frn-ak-47-recension","14":"product_tag-krsbr-ak-47-frn","16":"first","17":"instock","18":"shipping-taxable","19":"purchasable","20":"product-type-variable","21":"has-default-attributes"},"yoast_head":"<!-- This site is optimized with the Yoast SEO plugin v27.3 - https:\/\/yoast.com\/product\/yoast-seo-wordpress\/ -->\n<title>K\u00f6p AK-47 Marijuana - Bes Best Global Meds<\/title>\n<meta name=\"description\" content=\"K\u00f6p AK-47 Marijuana Sativa Stam till salu online Storbritannien, Europa. K\u00d6P WEED ONLINE AUSTRALIEN k\u00f6p marijuana online Australien, Australien weed till salu.\" \/>\n<meta name=\"robots\" content=\"index, follow, max-snippet:-1, max-image-preview:large, max-video-preview:-1\" \/>\n<link rel=\"canonical\" href=\"https:\/\/medicinasinc.com\/se\/product\/kopa-ak-47-marijuana\/\" \/>\n<meta property=\"og:locale\" content=\"sv_SE\" \/>\n<meta property=\"og:type\" content=\"article\" \/>\n<meta property=\"og:title\" content=\"K\u00f6p AK-47 Marijuana - Bes Best Global Meds\" \/>\n<meta property=\"og:description\" content=\"K\u00f6p AK-47 Marijuana Sativa Stam till salu online Storbritannien, Europa. K\u00d6P WEED ONLINE AUSTRALIEN k\u00f6p marijuana online Australien, Australien weed till salu.\" \/>\n<meta property=\"og:url\" content=\"https:\/\/medicinasinc.com\/se\/product\/kopa-ak-47-marijuana\/\" \/>\n<meta property=\"og:site_name\" content=\"Medicinas Inc\" \/>\n<meta property=\"article:modified_time\" content=\"2022-07-04T00:03:00+00:00\" \/>\n<meta property=\"og:image\" content=\"https:\/\/medicinasinc.com\/se\/wp-content\/uploads\/sites\/16\/2022\/02\/Buy-AK-47-Marijuana.jpeg\" \/>\n\t<meta property=\"og:image:width\" content=\"1242\" \/>\n\t<meta property=\"og:image:height\" content=\"1051\" \/>\n\t<meta property=\"og:image:type\" content=\"image\/jpeg\" \/>\n<meta name=\"twitter:card\" content=\"summary_large_image\" \/>\n<meta name=\"twitter:label1\" content=\"Ber\u00e4knad l\u00e4stid\" \/>\n\t<meta name=\"twitter:data1\" content=\"1 minut\" \/>\n<script type=\"application\/ld+json\" class=\"yoast-schema-graph\">{\"@context\":\"https:\\\/\\\/schema.org\",\"@graph\":[{\"@type\":\"WebPage\",\"@id\":\"https:\\\/\\\/medicinasinc.com\\\/se\\\/product\\\/kopa-ak-47-marijuana\\\/\",\"url\":\"https:\\\/\\\/medicinasinc.com\\\/se\\\/product\\\/kopa-ak-47-marijuana\\\/\",\"name\":\"K\u00f6p AK-47 Marijuana - Bes Best Global Meds\",\"isPartOf\":{\"@id\":\"https:\\\/\\\/medicinasinc.com\\\/se\\\/#website\"},\"primaryImageOfPage\":{\"@id\":\"https:\\\/\\\/medicinasinc.com\\\/se\\\/product\\\/kopa-ak-47-marijuana\\\/#primaryimage\"},\"image\":{\"@id\":\"https:\\\/\\\/medicinasinc.com\\\/se\\\/product\\\/kopa-ak-47-marijuana\\\/#primaryimage\"},\"thumbnailUrl\":\"https:\\\/\\\/medicinasinc.com\\\/se\\\/wp-content\\\/uploads\\\/sites\\\/16\\\/2022\\\/02\\\/Buy-AK-47-Marijuana.jpeg\",\"datePublished\":\"2022-02-20T17:27:17+00:00\",\"dateModified\":\"2022-07-04T00:03:00+00:00\",\"description\":\"K\u00f6p AK-47 Marijuana Sativa Stam till salu online Storbritannien, Europa. K\u00d6P WEED ONLINE AUSTRALIEN k\u00f6p marijuana online Australien, Australien weed till salu.\",\"breadcrumb\":{\"@id\":\"https:\\\/\\\/medicinasinc.com\\\/se\\\/product\\\/kopa-ak-47-marijuana\\\/#breadcrumb\"},\"inLanguage\":\"sv-SE\",\"potentialAction\":[{\"@type\":\"ReadAction\",\"target\":[\"https:\\\/\\\/medicinasinc.com\\\/se\\\/product\\\/kopa-ak-47-marijuana\\\/\"]}]},{\"@type\":\"ImageObject\",\"inLanguage\":\"sv-SE\",\"@id\":\"https:\\\/\\\/medicinasinc.com\\\/se\\\/product\\\/kopa-ak-47-marijuana\\\/#primaryimage\",\"url\":\"https:\\\/\\\/medicinasinc.com\\\/se\\\/wp-content\\\/uploads\\\/sites\\\/16\\\/2022\\\/02\\\/Buy-AK-47-Marijuana.jpeg\",\"contentUrl\":\"https:\\\/\\\/medicinasinc.com\\\/se\\\/wp-content\\\/uploads\\\/sites\\\/16\\\/2022\\\/02\\\/Buy-AK-47-Marijuana.jpeg\",\"width\":1242,\"height\":1051},{\"@type\":\"BreadcrumbList\",\"@id\":\"https:\\\/\\\/medicinasinc.com\\\/se\\\/product\\\/kopa-ak-47-marijuana\\\/#breadcrumb\",\"itemListElement\":[{\"@type\":\"ListItem\",\"position\":1,\"name\":\"aff\u00e4r\",\"item\":\"https:\\\/\\\/medicinasinc.com\\\/se\\\/affar\\\/\"},{\"@type\":\"ListItem\",\"position\":2,\"name\":\"K\u00f6p AK-47 Marijuana\"}]},{\"@type\":\"WebSite\",\"@id\":\"https:\\\/\\\/medicinasinc.com\\\/se\\\/#website\",\"url\":\"https:\\\/\\\/medicinasinc.com\\\/se\\\/\",\"name\":\"Medicinas Inc\",\"description\":\"Health Medical Clinic\",\"potentialAction\":[{\"@type\":\"SearchAction\",\"target\":{\"@type\":\"EntryPoint\",\"urlTemplate\":\"https:\\\/\\\/medicinasinc.com\\\/se\\\/?s={search_term_string}\"},\"query-input\":{\"@type\":\"PropertyValueSpecification\",\"valueRequired\":true,\"valueName\":\"search_term_string\"}}],\"inLanguage\":\"sv-SE\"}]}<\/script>\n<!-- \/ Yoast SEO plugin. -->","yoast_head_json":{"title":"K\u00f6p AK-47 Marijuana - Bes Best Global Meds","description":"K\u00f6p AK-47 Marijuana Sativa Stam till salu online Storbritannien, Europa. K\u00d6P WEED ONLINE AUSTRALIEN k\u00f6p marijuana online Australien, Australien weed till salu.","robots":{"index":"index","follow":"follow","max-snippet":"max-snippet:-1","max-image-preview":"max-image-preview:large","max-video-preview":"max-video-preview:-1"},"canonical":"https:\/\/medicinasinc.com\/se\/product\/kopa-ak-47-marijuana\/","og_locale":"sv_SE","og_type":"article","og_title":"K\u00f6p AK-47 Marijuana - Bes Best Global Meds","og_description":"K\u00f6p AK-47 Marijuana Sativa Stam till salu online Storbritannien, Europa. K\u00d6P WEED ONLINE AUSTRALIEN k\u00f6p marijuana online Australien, Australien weed till salu.","og_url":"https:\/\/medicinasinc.com\/se\/product\/kopa-ak-47-marijuana\/","og_site_name":"Medicinas Inc","article_modified_time":"2022-07-04T00:03:00+00:00","og_image":[{"width":1242,"height":1051,"url":"https:\/\/medicinasinc.com\/se\/wp-content\/uploads\/sites\/16\/2022\/02\/Buy-AK-47-Marijuana.jpeg","type":"image\/jpeg"}],"twitter_card":"summary_large_image","twitter_misc":{"Ber\u00e4knad l\u00e4stid":"1 minut"},"schema":{"@context":"https:\/\/schema.org","@graph":[{"@type":"WebPage","@id":"https:\/\/medicinasinc.com\/se\/product\/kopa-ak-47-marijuana\/","url":"https:\/\/medicinasinc.com\/se\/product\/kopa-ak-47-marijuana\/","name":"K\u00f6p AK-47 Marijuana - Bes Best Global Meds","isPartOf":{"@id":"https:\/\/medicinasinc.com\/se\/#website"},"primaryImageOfPage":{"@id":"https:\/\/medicinasinc.com\/se\/product\/kopa-ak-47-marijuana\/#primaryimage"},"image":{"@id":"https:\/\/medicinasinc.com\/se\/product\/kopa-ak-47-marijuana\/#primaryimage"},"thumbnailUrl":"https:\/\/medicinasinc.com\/se\/wp-content\/uploads\/sites\/16\/2022\/02\/Buy-AK-47-Marijuana.jpeg","datePublished":"2022-02-20T17:27:17+00:00","dateModified":"2022-07-04T00:03:00+00:00","description":"K\u00f6p AK-47 Marijuana Sativa Stam till salu online Storbritannien, Europa. K\u00d6P WEED ONLINE AUSTRALIEN k\u00f6p marijuana online Australien, Australien weed till salu.","breadcrumb":{"@id":"https:\/\/medicinasinc.com\/se\/product\/kopa-ak-47-marijuana\/#breadcrumb"},"inLanguage":"sv-SE","potentialAction":[{"@type":"ReadAction","target":["https:\/\/medicinasinc.com\/se\/product\/kopa-ak-47-marijuana\/"]}]},{"@type":"ImageObject","inLanguage":"sv-SE","@id":"https:\/\/medicinasinc.com\/se\/product\/kopa-ak-47-marijuana\/#primaryimage","url":"https:\/\/medicinasinc.com\/se\/wp-content\/uploads\/sites\/16\/2022\/02\/Buy-AK-47-Marijuana.jpeg","contentUrl":"https:\/\/medicinasinc.com\/se\/wp-content\/uploads\/sites\/16\/2022\/02\/Buy-AK-47-Marijuana.jpeg","width":1242,"height":1051},{"@type":"BreadcrumbList","@id":"https:\/\/medicinasinc.com\/se\/product\/kopa-ak-47-marijuana\/#breadcrumb","itemListElement":[{"@type":"ListItem","position":1,"name":"aff\u00e4r","item":"https:\/\/medicinasinc.com\/se\/affar\/"},{"@type":"ListItem","position":2,"name":"K\u00f6p AK-47 Marijuana"}]},{"@type":"WebSite","@id":"https:\/\/medicinasinc.com\/se\/#website","url":"https:\/\/medicinasinc.com\/se\/","name":"Medicinas Inc","description":"Health Medical Clinic","potentialAction":[{"@type":"SearchAction","target":{"@type":"EntryPoint","urlTemplate":"https:\/\/medicinasinc.com\/se\/?s={search_term_string}"},"query-input":{"@type":"PropertyValueSpecification","valueRequired":true,"valueName":"search_term_string"}}],"inLanguage":"sv-SE"}]}},"_links":{"self":[{"href":"https:\/\/medicinasinc.com\/se\/wp-json\/wp\/v2\/product\/4895","targetHints":{"allow":["GET"]}}],"collection":[{"href":"https:\/\/medicinasinc.com\/se\/wp-json\/wp\/v2\/product"}],"about":[{"href":"https:\/\/medicinasinc.com\/se\/wp-json\/wp\/v2\/types\/product"}],"replies":[{"embeddable":true,"href":"https:\/\/medicinasinc.com\/se\/wp-json\/wp\/v2\/comments?post=4895"}],"wp:featuredmedia":[{"embeddable":true,"href":"https:\/\/medicinasinc.com\/se\/wp-json\/wp\/v2\/media\/4909"}],"wp:attachment":[{"href":"https:\/\/medicinasinc.com\/se\/wp-json\/wp\/v2\/media?parent=4895"}],"wp:term":[{"taxonomy":"product_brand","embeddable":true,"href":"https:\/\/medicinasinc.com\/se\/wp-json\/wp\/v2\/product_brand?post=4895"},{"taxonomy":"product_cat","embeddable":true,"href":"https:\/\/medicinasinc.com\/se\/wp-json\/wp\/v2\/product_cat?post=4895"},{"taxonomy":"product_tag","embeddable":true,"href":"https:\/\/medicinasinc.com\/se\/wp-json\/wp\/v2\/product_tag?post=4895"}],"curies":[{"name":"wp","href":"https:\/\/api.w.org\/{rel}","templated":true}]}}