{"id":4884,"date":"2022-02-20T17:19:27","date_gmt":"2022-02-20T17:19:27","guid":{"rendered":"https:\/\/medicinasinc.com\/se\/?post_type=product&#038;p=4884"},"modified":"2022-07-04T00:03:11","modified_gmt":"2022-07-04T00:03:11","slug":"kop-vit-anka-kross","status":"publish","type":"product","link":"https:\/\/medicinasinc.com\/se\/product\/kop-vit-anka-kross\/","title":{"rendered":"K\u00f6p White Widow Shatter"},"content":{"rendered":"<p>K\u00d6P ONLINE FR\u00c5N DEN B\u00c4STA ONLINEBUTIKEN WHITE WIDOW SHATTER<\/p>\n<p>Om du funderar p\u00e5 att k\u00f6pa White Widow Shatter online, kontakta MJ Online Bud Store. Vi erbjuder de b\u00e4sta priserna p\u00e5 White Widow Shatter. Som den b\u00e4sta butiken p\u00e5 onlinemarknaden i USA, Storbritannien, Kanada, Tyskland och Australien f\u00f6rbiser vi inte n\u00e5gon aspekt av att uppfylla de krav som kunderna anger n\u00e4r de best\u00e4ller White Widow Shatter online.<\/p>\n<p>Varf\u00f6r ska individer anv\u00e4nda White Widow Shatter?<\/p>\n<p>White Widow Shatter \u00e4r en legendarisk hybridstam som \u00e4r \u00e4lskad \u00f6ver hela v\u00e4rlden. Denna stam produceras uteslutande genom att korsa en brasiliansk Sativa Landrace med en sydindisk indica. Dess f\u00e4rg \u00e4r m\u00f6rk b\u00e4rnsten. Detta koncentrat har en extremt krispig konsistens, vilket g\u00f6r det v\u00e4ldigt l\u00e4tt att anv\u00e4nda. N\u00e4r den r\u00f6ks ger denna stam en traditionell cannabisupplevelse. Den inneh\u00e5ller mellan 75 % och 80 % THC. Dessutom \u00e4r den v\u00e4lk\u00e4nd f\u00f6r att vara en utm\u00e4rkt morgon- eller dagtid. Denna stams smak \u00e4r typiskt jordn\u00e4ra, tr\u00e4ig och blommig.<\/p>\n<p>Det \u00e4r en v\u00e4lk\u00e4nd stam f\u00f6r sina euforiska och cerebrala effekter.<br \/> Den ger en omedelbar och euforisk cerebral rush.<br \/> Det framkallar en stark eufori, vilket resulterar i \u00f6kad kreativitet.<br \/> Det lindrar sm\u00e4rta och fr\u00e4mjar ultimat lugn.<br \/> Det \u00e4r en idealisk stam f\u00f6r mild till m\u00e5ttlig sm\u00e4rta, stress, depression och tr\u00f6tthet.<br \/> Det fr\u00e4mjar aktiviteter som m\u00e5ttligt arbete eller fysisk aktivitet, social interaktion, rekreation och kreativa anstr\u00e4ngningar.<br \/> Vilken \u00e4r den b\u00e4sta onlinebutiken att k\u00f6pa White Widow Shatter?<\/p>\n<p>White Widow Shatter kan k\u00f6pas fr\u00e5n ingen mindre \u00e4n MJ Online Bud Store. Du kommer att f\u00e5 din onlinebest\u00e4llning av White Widow Shatter inom en kort tidsperiod. Best\u00e4ll White Widow Shatter online idag och kontakta de b\u00e4sta leverant\u00f6rerna och leverant\u00f6rerna p\u00e5 v\u00e5r online-dispensary.<\/p>\n","protected":false},"excerpt":{"rendered":"<p>Om du vill k\u00f6pa White Widow Shatter till f\u00f6rs\u00e4ljning online, kontakta medicinasinc.com\/se Online Store. Vi har White Widow Shatter till salu till de b\u00e4sta priserna.<\/p>\n<p>&nbsp;<\/p>\n<ul>\n<li>V\u00e4rldsomsp\u00e4nnande frakt<\/li>\n<li><strong>Betyg: AAAAA<\/strong> <\/li>\n<li><strong>Kontakta oss<\/strong>\u00a0f\u00f6r st\u00f6rre best\u00e4llningar<\/li>\n<\/ul>\n","protected":false},"featured_media":4899,"comment_status":"open","ping_status":"closed","template":"","meta":[],"product_brand":[],"product_cat":[777],"product_tag":[],"class_list":{"0":"post-4884","1":"product","2":"type-product","3":"status-publish","4":"has-post-thumbnail","6":"product_cat-kop-shatter","8":"first","9":"instock","10":"shipping-taxable","11":"purchasable","12":"product-type-variable","13":"has-default-attributes"},"yoast_head":"<!-- This site is optimized with the Yoast SEO plugin v27.3 - https:\/\/yoast.com\/product\/yoast-seo-wordpress\/ -->\n<title>K\u00f6p White Widow Shatter - B\u00e4sta b\u00e4sta globala medicinen<\/title>\n<meta name=\"description\" content=\"Om du vill k\u00f6pa White Widow Shatter till salu online, kontakta medicinasinc.com\/se Online Store. Vi har White Widow Shatter till salu till de b\u00e4sta priserna.\" \/>\n<meta name=\"robots\" content=\"index, follow, max-snippet:-1, max-image-preview:large, max-video-preview:-1\" \/>\n<link rel=\"canonical\" href=\"https:\/\/medicinasinc.com\/se\/product\/kop-vit-anka-kross\/\" \/>\n<meta property=\"og:locale\" content=\"sv_SE\" \/>\n<meta property=\"og:type\" content=\"article\" \/>\n<meta property=\"og:title\" content=\"K\u00f6p White Widow Shatter - B\u00e4sta b\u00e4sta globala medicinen\" \/>\n<meta property=\"og:description\" content=\"Om du vill k\u00f6pa White Widow Shatter till salu online, kontakta medicinasinc.com\/se Online Store. Vi har White Widow Shatter till salu till de b\u00e4sta priserna.\" \/>\n<meta property=\"og:url\" content=\"https:\/\/medicinasinc.com\/se\/product\/kop-vit-anka-kross\/\" \/>\n<meta property=\"og:site_name\" content=\"Medicinas Inc\" \/>\n<meta property=\"article:modified_time\" content=\"2022-07-04T00:03:11+00:00\" \/>\n<meta property=\"og:image\" content=\"https:\/\/medicinasinc.com\/se\/wp-content\/uploads\/sites\/16\/2022\/02\/Buy-White-Widow-Shatter.jpg\" \/>\n\t<meta property=\"og:image:width\" content=\"600\" \/>\n\t<meta property=\"og:image:height\" content=\"600\" \/>\n\t<meta property=\"og:image:type\" content=\"image\/jpeg\" \/>\n<meta name=\"twitter:card\" content=\"summary_large_image\" \/>\n<script type=\"application\/ld+json\" class=\"yoast-schema-graph\">{\"@context\":\"https:\\\/\\\/schema.org\",\"@graph\":[{\"@type\":\"WebPage\",\"@id\":\"https:\\\/\\\/medicinasinc.com\\\/se\\\/product\\\/kop-vit-anka-kross\\\/\",\"url\":\"https:\\\/\\\/medicinasinc.com\\\/se\\\/product\\\/kop-vit-anka-kross\\\/\",\"name\":\"K\u00f6p White Widow Shatter - B\u00e4sta b\u00e4sta globala medicinen\",\"isPartOf\":{\"@id\":\"https:\\\/\\\/medicinasinc.com\\\/se\\\/#website\"},\"primaryImageOfPage\":{\"@id\":\"https:\\\/\\\/medicinasinc.com\\\/se\\\/product\\\/kop-vit-anka-kross\\\/#primaryimage\"},\"image\":{\"@id\":\"https:\\\/\\\/medicinasinc.com\\\/se\\\/product\\\/kop-vit-anka-kross\\\/#primaryimage\"},\"thumbnailUrl\":\"https:\\\/\\\/medicinasinc.com\\\/se\\\/wp-content\\\/uploads\\\/sites\\\/16\\\/2022\\\/02\\\/Buy-White-Widow-Shatter.jpg\",\"datePublished\":\"2022-02-20T17:19:27+00:00\",\"dateModified\":\"2022-07-04T00:03:11+00:00\",\"description\":\"Om du vill k\u00f6pa White Widow Shatter till salu online, kontakta medicinasinc.com\\\/se Online Store. Vi har White Widow Shatter till salu till de b\u00e4sta priserna.\",\"breadcrumb\":{\"@id\":\"https:\\\/\\\/medicinasinc.com\\\/se\\\/product\\\/kop-vit-anka-kross\\\/#breadcrumb\"},\"inLanguage\":\"sv-SE\",\"potentialAction\":[{\"@type\":\"ReadAction\",\"target\":[\"https:\\\/\\\/medicinasinc.com\\\/se\\\/product\\\/kop-vit-anka-kross\\\/\"]}]},{\"@type\":\"ImageObject\",\"inLanguage\":\"sv-SE\",\"@id\":\"https:\\\/\\\/medicinasinc.com\\\/se\\\/product\\\/kop-vit-anka-kross\\\/#primaryimage\",\"url\":\"https:\\\/\\\/medicinasinc.com\\\/se\\\/wp-content\\\/uploads\\\/sites\\\/16\\\/2022\\\/02\\\/Buy-White-Widow-Shatter.jpg\",\"contentUrl\":\"https:\\\/\\\/medicinasinc.com\\\/se\\\/wp-content\\\/uploads\\\/sites\\\/16\\\/2022\\\/02\\\/Buy-White-Widow-Shatter.jpg\",\"width\":600,\"height\":600},{\"@type\":\"BreadcrumbList\",\"@id\":\"https:\\\/\\\/medicinasinc.com\\\/se\\\/product\\\/kop-vit-anka-kross\\\/#breadcrumb\",\"itemListElement\":[{\"@type\":\"ListItem\",\"position\":1,\"name\":\"aff\u00e4r\",\"item\":\"https:\\\/\\\/medicinasinc.com\\\/se\\\/affar\\\/\"},{\"@type\":\"ListItem\",\"position\":2,\"name\":\"K\u00f6p White Widow Shatter\"}]},{\"@type\":\"WebSite\",\"@id\":\"https:\\\/\\\/medicinasinc.com\\\/se\\\/#website\",\"url\":\"https:\\\/\\\/medicinasinc.com\\\/se\\\/\",\"name\":\"Medicinas Inc\",\"description\":\"Health Medical Clinic\",\"potentialAction\":[{\"@type\":\"SearchAction\",\"target\":{\"@type\":\"EntryPoint\",\"urlTemplate\":\"https:\\\/\\\/medicinasinc.com\\\/se\\\/?s={search_term_string}\"},\"query-input\":{\"@type\":\"PropertyValueSpecification\",\"valueRequired\":true,\"valueName\":\"search_term_string\"}}],\"inLanguage\":\"sv-SE\"}]}<\/script>\n<!-- \/ Yoast SEO plugin. -->","yoast_head_json":{"title":"K\u00f6p White Widow Shatter - B\u00e4sta b\u00e4sta globala medicinen","description":"Om du vill k\u00f6pa White Widow Shatter till salu online, kontakta medicinasinc.com\/se Online Store. Vi har White Widow Shatter till salu till de b\u00e4sta priserna.","robots":{"index":"index","follow":"follow","max-snippet":"max-snippet:-1","max-image-preview":"max-image-preview:large","max-video-preview":"max-video-preview:-1"},"canonical":"https:\/\/medicinasinc.com\/se\/product\/kop-vit-anka-kross\/","og_locale":"sv_SE","og_type":"article","og_title":"K\u00f6p White Widow Shatter - B\u00e4sta b\u00e4sta globala medicinen","og_description":"Om du vill k\u00f6pa White Widow Shatter till salu online, kontakta medicinasinc.com\/se Online Store. Vi har White Widow Shatter till salu till de b\u00e4sta priserna.","og_url":"https:\/\/medicinasinc.com\/se\/product\/kop-vit-anka-kross\/","og_site_name":"Medicinas Inc","article_modified_time":"2022-07-04T00:03:11+00:00","og_image":[{"width":600,"height":600,"url":"https:\/\/medicinasinc.com\/se\/wp-content\/uploads\/sites\/16\/2022\/02\/Buy-White-Widow-Shatter.jpg","type":"image\/jpeg"}],"twitter_card":"summary_large_image","schema":{"@context":"https:\/\/schema.org","@graph":[{"@type":"WebPage","@id":"https:\/\/medicinasinc.com\/se\/product\/kop-vit-anka-kross\/","url":"https:\/\/medicinasinc.com\/se\/product\/kop-vit-anka-kross\/","name":"K\u00f6p White Widow Shatter - B\u00e4sta b\u00e4sta globala medicinen","isPartOf":{"@id":"https:\/\/medicinasinc.com\/se\/#website"},"primaryImageOfPage":{"@id":"https:\/\/medicinasinc.com\/se\/product\/kop-vit-anka-kross\/#primaryimage"},"image":{"@id":"https:\/\/medicinasinc.com\/se\/product\/kop-vit-anka-kross\/#primaryimage"},"thumbnailUrl":"https:\/\/medicinasinc.com\/se\/wp-content\/uploads\/sites\/16\/2022\/02\/Buy-White-Widow-Shatter.jpg","datePublished":"2022-02-20T17:19:27+00:00","dateModified":"2022-07-04T00:03:11+00:00","description":"Om du vill k\u00f6pa White Widow Shatter till salu online, kontakta medicinasinc.com\/se Online Store. Vi har White Widow Shatter till salu till de b\u00e4sta priserna.","breadcrumb":{"@id":"https:\/\/medicinasinc.com\/se\/product\/kop-vit-anka-kross\/#breadcrumb"},"inLanguage":"sv-SE","potentialAction":[{"@type":"ReadAction","target":["https:\/\/medicinasinc.com\/se\/product\/kop-vit-anka-kross\/"]}]},{"@type":"ImageObject","inLanguage":"sv-SE","@id":"https:\/\/medicinasinc.com\/se\/product\/kop-vit-anka-kross\/#primaryimage","url":"https:\/\/medicinasinc.com\/se\/wp-content\/uploads\/sites\/16\/2022\/02\/Buy-White-Widow-Shatter.jpg","contentUrl":"https:\/\/medicinasinc.com\/se\/wp-content\/uploads\/sites\/16\/2022\/02\/Buy-White-Widow-Shatter.jpg","width":600,"height":600},{"@type":"BreadcrumbList","@id":"https:\/\/medicinasinc.com\/se\/product\/kop-vit-anka-kross\/#breadcrumb","itemListElement":[{"@type":"ListItem","position":1,"name":"aff\u00e4r","item":"https:\/\/medicinasinc.com\/se\/affar\/"},{"@type":"ListItem","position":2,"name":"K\u00f6p White Widow Shatter"}]},{"@type":"WebSite","@id":"https:\/\/medicinasinc.com\/se\/#website","url":"https:\/\/medicinasinc.com\/se\/","name":"Medicinas Inc","description":"Health Medical Clinic","potentialAction":[{"@type":"SearchAction","target":{"@type":"EntryPoint","urlTemplate":"https:\/\/medicinasinc.com\/se\/?s={search_term_string}"},"query-input":{"@type":"PropertyValueSpecification","valueRequired":true,"valueName":"search_term_string"}}],"inLanguage":"sv-SE"}]}},"_links":{"self":[{"href":"https:\/\/medicinasinc.com\/se\/wp-json\/wp\/v2\/product\/4884","targetHints":{"allow":["GET"]}}],"collection":[{"href":"https:\/\/medicinasinc.com\/se\/wp-json\/wp\/v2\/product"}],"about":[{"href":"https:\/\/medicinasinc.com\/se\/wp-json\/wp\/v2\/types\/product"}],"replies":[{"embeddable":true,"href":"https:\/\/medicinasinc.com\/se\/wp-json\/wp\/v2\/comments?post=4884"}],"wp:featuredmedia":[{"embeddable":true,"href":"https:\/\/medicinasinc.com\/se\/wp-json\/wp\/v2\/media\/4899"}],"wp:attachment":[{"href":"https:\/\/medicinasinc.com\/se\/wp-json\/wp\/v2\/media?parent=4884"}],"wp:term":[{"taxonomy":"product_brand","embeddable":true,"href":"https:\/\/medicinasinc.com\/se\/wp-json\/wp\/v2\/product_brand?post=4884"},{"taxonomy":"product_cat","embeddable":true,"href":"https:\/\/medicinasinc.com\/se\/wp-json\/wp\/v2\/product_cat?post=4884"},{"taxonomy":"product_tag","embeddable":true,"href":"https:\/\/medicinasinc.com\/se\/wp-json\/wp\/v2\/product_tag?post=4884"}],"curies":[{"name":"wp","href":"https:\/\/api.w.org\/{rel}","templated":true}]}}