{"id":4883,"date":"2022-02-20T17:18:33","date_gmt":"2022-02-20T17:18:33","guid":{"rendered":"https:\/\/medicinasinc.com\/se\/?post_type=product&#038;p=4883"},"modified":"2022-07-04T00:03:24","modified_gmt":"2022-07-04T00:03:24","slug":"kop-solnedgang-sherbert-kross","status":"publish","type":"product","link":"https:\/\/medicinasinc.com\/se\/product\/kop-solnedgang-sherbert-kross\/","title":{"rendered":"K\u00f6p Sunset Sherbert Shatter"},"content":{"rendered":"<p>K\u00f6p Sunset Sherbert Shatter \u2013 Premium Indica Dominant Hybrid \u2013 85% Indica \/ 15% Sativa<\/p>\n<p>Sunset Sherbert, alternativt kallad Sherbet, \u00e4r arvtagaren till Girl Scout Cookie-tronen. Sunset Sherbert \u00e4rvde de genetiska egenskaperna hos sin Girl Scout Cookies-f\u00f6r\u00e4lder, som inkluderade OG Kush, Durban Poison och Cherry Pie i sin genetiska h\u00e4rstamning. Dessa genetik korsades sedan med Pink Panties, en indica-f\u00f6r\u00e4lder. Sunset Sherbert kombinerar ett starkt hum\u00f6r f\u00f6r hela kroppen med en uppiggande explosion av kreativ energi. Efter r\u00f6kning kommer anv\u00e4ndarna att k\u00e4nna en omedelbar str\u00f6m av energi \u2013 fr\u00e4mst i sinnet \u2013 som g\u00f6r att de k\u00e4nner sig sociala och euforiska inom n\u00e5gra minuter. N\u00e4r effekterna b\u00f6rjar tr\u00e4da i kraft kommer en mild v\u00e4rmande k\u00e4nsla att spridas i hela kroppen och omsluta anv\u00e4ndaren i fullst\u00e4ndig avkoppling och salig lycka. Sunset Sherbert har anv\u00e4nts f\u00f6r att behandla depression, stress, \u00e5ngest och mild till m\u00e5ttlig sm\u00e4rta p\u00e5 grund av dess potenta effekter.<\/p>\n<p>&nbsp;<\/p>\n<p>T\u00e4nk p\u00e5 att p\u00e5 grund av of\u00f6rutsedda omst\u00e4ndigheter, t.ex. som sommarv\u00e4rme, luftfuktighet och till och med tid, Det finns alltid en chans att spr\u00e4ngbiten du best\u00e4llde kommer att f\u00f6rvandlas till vax eller knopp innan den n\u00e5r dig.<\/p>\n<p>Tyv\u00e4rr \u00e4r det inte ovanligt att splitter omvandlas till vaxknopp n\u00e4r de exponeras. att v\u00e4rma upp, men detta minskar inte p\u00e5 n\u00e5got s\u00e4tt s\u00e4kerheten eller styrkan hos din splitter. Om detta intr\u00e4ffar kommer terpenerna och aromaterna att f\u00f6rst\u00e4rkas, vilket \u00f6kar smaken.<\/p>\n<p>Vi erbjuder inga \u00e5terbetalningar eller utbyten om din splitter f\u00f6rvandlas till knopp eller vax.<\/p>\n<div class=\"product-next-previous\">\n<div class=\"product-prev\"><\/div><\/div>\n","protected":false},"excerpt":{"rendered":"<p>K\u00f6p Shatter &#8211; Sunset Sherbert finns att k\u00f6pa online i Europa och Storbritannien hos b\u00e4sta globala mediciner. I Europa kan du hitta Shatter av h\u00f6gsta kvalitet &#8211; Sunset Sherberts cannabisprodukter.<\/p>\n<p>&nbsp;<\/p>\n<ul>\n<li>V\u00e4rldsomfattande frakt<\/li>\n<li><strong>Betyg: AAAAA<\/strong><\/li>\n<li> <strong>Kontakta oss<\/strong>\u00a0f\u00f6r st\u00f6rre best\u00e4llningar<\/li>\n<\/ul>\n","protected":false},"featured_media":4897,"comment_status":"open","ping_status":"closed","template":"","meta":[],"product_brand":[],"product_cat":[777],"product_tag":[],"class_list":{"0":"post-4883","1":"product","2":"type-product","3":"status-publish","4":"has-post-thumbnail","6":"product_cat-kop-shatter","8":"first","9":"instock","10":"shipping-taxable","11":"purchasable","12":"product-type-variable","13":"has-default-attributes"},"yoast_head":"<!-- This site is optimized with the Yoast SEO plugin v27.3 - https:\/\/yoast.com\/product\/yoast-seo-wordpress\/ -->\n<title>K\u00f6p Sunset Sherbert Shatter - B\u00e4sta b\u00e4sta globala medicinen<\/title>\n<meta name=\"description\" content=\"K\u00f6p Shatter - Sunset Sherbert till salu online Europa, Storbritannien p\u00e5 The global medicinas. Hitta Shatter - Sunset Sherbert cannabisprodukter av h\u00f6gsta kvalitet i Europa.\" \/>\n<meta name=\"robots\" content=\"index, follow, max-snippet:-1, max-image-preview:large, max-video-preview:-1\" \/>\n<link rel=\"canonical\" href=\"https:\/\/medicinasinc.com\/se\/product\/kop-solnedgang-sherbert-kross\/\" \/>\n<meta property=\"og:locale\" content=\"sv_SE\" \/>\n<meta property=\"og:type\" content=\"article\" \/>\n<meta property=\"og:title\" content=\"K\u00f6p Sunset Sherbert Shatter - B\u00e4sta b\u00e4sta globala medicinen\" \/>\n<meta property=\"og:description\" content=\"K\u00f6p Shatter - Sunset Sherbert till salu online Europa, Storbritannien p\u00e5 The global medicinas. Hitta Shatter - Sunset Sherbert cannabisprodukter av h\u00f6gsta kvalitet i Europa.\" \/>\n<meta property=\"og:url\" content=\"https:\/\/medicinasinc.com\/se\/product\/kop-solnedgang-sherbert-kross\/\" \/>\n<meta property=\"og:site_name\" content=\"Medicinas Inc\" \/>\n<meta property=\"article:modified_time\" content=\"2022-07-04T00:03:24+00:00\" \/>\n<meta property=\"og:image\" content=\"https:\/\/medicinasinc.com\/se\/wp-content\/uploads\/sites\/16\/2022\/02\/Buy-Sunset-Sherbert-Shatter.jpg\" \/>\n\t<meta property=\"og:image:width\" content=\"600\" \/>\n\t<meta property=\"og:image:height\" content=\"600\" \/>\n\t<meta property=\"og:image:type\" content=\"image\/jpeg\" \/>\n<meta name=\"twitter:card\" content=\"summary_large_image\" \/>\n<meta name=\"twitter:label1\" content=\"Ber\u00e4knad l\u00e4stid\" \/>\n\t<meta name=\"twitter:data1\" content=\"2 minuter\" \/>\n<script type=\"application\/ld+json\" class=\"yoast-schema-graph\">{\"@context\":\"https:\\\/\\\/schema.org\",\"@graph\":[{\"@type\":\"WebPage\",\"@id\":\"https:\\\/\\\/medicinasinc.com\\\/se\\\/product\\\/kop-solnedgang-sherbert-kross\\\/\",\"url\":\"https:\\\/\\\/medicinasinc.com\\\/se\\\/product\\\/kop-solnedgang-sherbert-kross\\\/\",\"name\":\"K\u00f6p Sunset Sherbert Shatter - B\u00e4sta b\u00e4sta globala medicinen\",\"isPartOf\":{\"@id\":\"https:\\\/\\\/medicinasinc.com\\\/se\\\/#website\"},\"primaryImageOfPage\":{\"@id\":\"https:\\\/\\\/medicinasinc.com\\\/se\\\/product\\\/kop-solnedgang-sherbert-kross\\\/#primaryimage\"},\"image\":{\"@id\":\"https:\\\/\\\/medicinasinc.com\\\/se\\\/product\\\/kop-solnedgang-sherbert-kross\\\/#primaryimage\"},\"thumbnailUrl\":\"https:\\\/\\\/medicinasinc.com\\\/se\\\/wp-content\\\/uploads\\\/sites\\\/16\\\/2022\\\/02\\\/Buy-Sunset-Sherbert-Shatter.jpg\",\"datePublished\":\"2022-02-20T17:18:33+00:00\",\"dateModified\":\"2022-07-04T00:03:24+00:00\",\"description\":\"K\u00f6p Shatter - Sunset Sherbert till salu online Europa, Storbritannien p\u00e5 The global medicinas. Hitta Shatter - Sunset Sherbert cannabisprodukter av h\u00f6gsta kvalitet i Europa.\",\"breadcrumb\":{\"@id\":\"https:\\\/\\\/medicinasinc.com\\\/se\\\/product\\\/kop-solnedgang-sherbert-kross\\\/#breadcrumb\"},\"inLanguage\":\"sv-SE\",\"potentialAction\":[{\"@type\":\"ReadAction\",\"target\":[\"https:\\\/\\\/medicinasinc.com\\\/se\\\/product\\\/kop-solnedgang-sherbert-kross\\\/\"]}]},{\"@type\":\"ImageObject\",\"inLanguage\":\"sv-SE\",\"@id\":\"https:\\\/\\\/medicinasinc.com\\\/se\\\/product\\\/kop-solnedgang-sherbert-kross\\\/#primaryimage\",\"url\":\"https:\\\/\\\/medicinasinc.com\\\/se\\\/wp-content\\\/uploads\\\/sites\\\/16\\\/2022\\\/02\\\/Buy-Sunset-Sherbert-Shatter.jpg\",\"contentUrl\":\"https:\\\/\\\/medicinasinc.com\\\/se\\\/wp-content\\\/uploads\\\/sites\\\/16\\\/2022\\\/02\\\/Buy-Sunset-Sherbert-Shatter.jpg\",\"width\":600,\"height\":600},{\"@type\":\"BreadcrumbList\",\"@id\":\"https:\\\/\\\/medicinasinc.com\\\/se\\\/product\\\/kop-solnedgang-sherbert-kross\\\/#breadcrumb\",\"itemListElement\":[{\"@type\":\"ListItem\",\"position\":1,\"name\":\"aff\u00e4r\",\"item\":\"https:\\\/\\\/medicinasinc.com\\\/se\\\/affar\\\/\"},{\"@type\":\"ListItem\",\"position\":2,\"name\":\"K\u00f6p Sunset Sherbert Shatter\"}]},{\"@type\":\"WebSite\",\"@id\":\"https:\\\/\\\/medicinasinc.com\\\/se\\\/#website\",\"url\":\"https:\\\/\\\/medicinasinc.com\\\/se\\\/\",\"name\":\"Medicinas Inc\",\"description\":\"Health Medical Clinic\",\"potentialAction\":[{\"@type\":\"SearchAction\",\"target\":{\"@type\":\"EntryPoint\",\"urlTemplate\":\"https:\\\/\\\/medicinasinc.com\\\/se\\\/?s={search_term_string}\"},\"query-input\":{\"@type\":\"PropertyValueSpecification\",\"valueRequired\":true,\"valueName\":\"search_term_string\"}}],\"inLanguage\":\"sv-SE\"}]}<\/script>\n<!-- \/ Yoast SEO plugin. -->","yoast_head_json":{"title":"K\u00f6p Sunset Sherbert Shatter - B\u00e4sta b\u00e4sta globala medicinen","description":"K\u00f6p Shatter - Sunset Sherbert till salu online Europa, Storbritannien p\u00e5 The global medicinas. Hitta Shatter - Sunset Sherbert cannabisprodukter av h\u00f6gsta kvalitet i Europa.","robots":{"index":"index","follow":"follow","max-snippet":"max-snippet:-1","max-image-preview":"max-image-preview:large","max-video-preview":"max-video-preview:-1"},"canonical":"https:\/\/medicinasinc.com\/se\/product\/kop-solnedgang-sherbert-kross\/","og_locale":"sv_SE","og_type":"article","og_title":"K\u00f6p Sunset Sherbert Shatter - B\u00e4sta b\u00e4sta globala medicinen","og_description":"K\u00f6p Shatter - Sunset Sherbert till salu online Europa, Storbritannien p\u00e5 The global medicinas. Hitta Shatter - Sunset Sherbert cannabisprodukter av h\u00f6gsta kvalitet i Europa.","og_url":"https:\/\/medicinasinc.com\/se\/product\/kop-solnedgang-sherbert-kross\/","og_site_name":"Medicinas Inc","article_modified_time":"2022-07-04T00:03:24+00:00","og_image":[{"width":600,"height":600,"url":"https:\/\/medicinasinc.com\/se\/wp-content\/uploads\/sites\/16\/2022\/02\/Buy-Sunset-Sherbert-Shatter.jpg","type":"image\/jpeg"}],"twitter_card":"summary_large_image","twitter_misc":{"Ber\u00e4knad l\u00e4stid":"2 minuter"},"schema":{"@context":"https:\/\/schema.org","@graph":[{"@type":"WebPage","@id":"https:\/\/medicinasinc.com\/se\/product\/kop-solnedgang-sherbert-kross\/","url":"https:\/\/medicinasinc.com\/se\/product\/kop-solnedgang-sherbert-kross\/","name":"K\u00f6p Sunset Sherbert Shatter - B\u00e4sta b\u00e4sta globala medicinen","isPartOf":{"@id":"https:\/\/medicinasinc.com\/se\/#website"},"primaryImageOfPage":{"@id":"https:\/\/medicinasinc.com\/se\/product\/kop-solnedgang-sherbert-kross\/#primaryimage"},"image":{"@id":"https:\/\/medicinasinc.com\/se\/product\/kop-solnedgang-sherbert-kross\/#primaryimage"},"thumbnailUrl":"https:\/\/medicinasinc.com\/se\/wp-content\/uploads\/sites\/16\/2022\/02\/Buy-Sunset-Sherbert-Shatter.jpg","datePublished":"2022-02-20T17:18:33+00:00","dateModified":"2022-07-04T00:03:24+00:00","description":"K\u00f6p Shatter - Sunset Sherbert till salu online Europa, Storbritannien p\u00e5 The global medicinas. Hitta Shatter - Sunset Sherbert cannabisprodukter av h\u00f6gsta kvalitet i Europa.","breadcrumb":{"@id":"https:\/\/medicinasinc.com\/se\/product\/kop-solnedgang-sherbert-kross\/#breadcrumb"},"inLanguage":"sv-SE","potentialAction":[{"@type":"ReadAction","target":["https:\/\/medicinasinc.com\/se\/product\/kop-solnedgang-sherbert-kross\/"]}]},{"@type":"ImageObject","inLanguage":"sv-SE","@id":"https:\/\/medicinasinc.com\/se\/product\/kop-solnedgang-sherbert-kross\/#primaryimage","url":"https:\/\/medicinasinc.com\/se\/wp-content\/uploads\/sites\/16\/2022\/02\/Buy-Sunset-Sherbert-Shatter.jpg","contentUrl":"https:\/\/medicinasinc.com\/se\/wp-content\/uploads\/sites\/16\/2022\/02\/Buy-Sunset-Sherbert-Shatter.jpg","width":600,"height":600},{"@type":"BreadcrumbList","@id":"https:\/\/medicinasinc.com\/se\/product\/kop-solnedgang-sherbert-kross\/#breadcrumb","itemListElement":[{"@type":"ListItem","position":1,"name":"aff\u00e4r","item":"https:\/\/medicinasinc.com\/se\/affar\/"},{"@type":"ListItem","position":2,"name":"K\u00f6p Sunset Sherbert Shatter"}]},{"@type":"WebSite","@id":"https:\/\/medicinasinc.com\/se\/#website","url":"https:\/\/medicinasinc.com\/se\/","name":"Medicinas Inc","description":"Health Medical Clinic","potentialAction":[{"@type":"SearchAction","target":{"@type":"EntryPoint","urlTemplate":"https:\/\/medicinasinc.com\/se\/?s={search_term_string}"},"query-input":{"@type":"PropertyValueSpecification","valueRequired":true,"valueName":"search_term_string"}}],"inLanguage":"sv-SE"}]}},"_links":{"self":[{"href":"https:\/\/medicinasinc.com\/se\/wp-json\/wp\/v2\/product\/4883","targetHints":{"allow":["GET"]}}],"collection":[{"href":"https:\/\/medicinasinc.com\/se\/wp-json\/wp\/v2\/product"}],"about":[{"href":"https:\/\/medicinasinc.com\/se\/wp-json\/wp\/v2\/types\/product"}],"replies":[{"embeddable":true,"href":"https:\/\/medicinasinc.com\/se\/wp-json\/wp\/v2\/comments?post=4883"}],"wp:featuredmedia":[{"embeddable":true,"href":"https:\/\/medicinasinc.com\/se\/wp-json\/wp\/v2\/media\/4897"}],"wp:attachment":[{"href":"https:\/\/medicinasinc.com\/se\/wp-json\/wp\/v2\/media?parent=4883"}],"wp:term":[{"taxonomy":"product_brand","embeddable":true,"href":"https:\/\/medicinasinc.com\/se\/wp-json\/wp\/v2\/product_brand?post=4883"},{"taxonomy":"product_cat","embeddable":true,"href":"https:\/\/medicinasinc.com\/se\/wp-json\/wp\/v2\/product_cat?post=4883"},{"taxonomy":"product_tag","embeddable":true,"href":"https:\/\/medicinasinc.com\/se\/wp-json\/wp\/v2\/product_tag?post=4883"}],"curies":[{"name":"wp","href":"https:\/\/api.w.org\/{rel}","templated":true}]}}