{"id":4872,"date":"2022-02-20T17:08:57","date_gmt":"2022-02-20T17:08:57","guid":{"rendered":"https:\/\/medicinasinc.com\/se\/?post_type=product&#038;p=4872"},"modified":"2022-07-04T00:03:39","modified_gmt":"2022-07-04T00:03:39","slug":"kop-gelato-spricka","status":"publish","type":"product","link":"https:\/\/medicinasinc.com\/se\/product\/kop-gelato-spricka\/","title":{"rendered":"K\u00f6p Gelato Shatter"},"content":{"rendered":"<p>Gelato Shatter \u2013 Premium Indica Dominant Hybrid \u2013 55% Indica\/45% Sativa<\/p>\n<p>Gelato, \u00e4ven kallad &#8221;Larry Bird&#8221;, \u00e4r en n\u00e5got Indica-dominant hybridstam som skapas genom att korsa Sunset Sherbert och Tunna Mint Girl Scout Cookies. Dess l\u00e4ckra arom kommer att locka \u00e4ven den mest erfarna anv\u00e4ndare. Den har en s\u00f6t, n\u00e4stan kakliknande arom som accentueras av toner av f\u00e4rsk lavendel och bl\u00e5b\u00e4r. Medan Gelato \u00e4r \u00e4lskad f\u00f6r sin ljuvliga smak, \u00e4r den mest k\u00e4nd f\u00f6r sina euforiska egenskaper. F\u00f6rsiktighet rekommenderas f\u00f6r oerfarna anv\u00e4ndare, eftersom denna stam ger en kraftfull cerebral high inom n\u00e5gra minuter efter r\u00f6kning. Dessa starka cerebrala effekter kommer inte att g\u00f6ra anv\u00e4ndaren d\u00e5sig eller inst\u00e4ngd i soffan, utan kommer ist\u00e4llet att fr\u00e4mja positivt t\u00e4nkande och fokuserad energi. N\u00e4r denna eufori byggs upp gradvis, g\u00e5r kroppen in i ett lyckligt tillst\u00e5nd av avslappning, vilket g\u00f6r att anv\u00e4ndaren blir helt lugn. Gelatos kraftfulla men \u00e4nd\u00e5 balanserade effekter g\u00f6r den idealisk f\u00f6r att behandla en m\u00e4ngd olika tillst\u00e5nd, inklusive muskelspasmer, migr\u00e4n, kronisk tr\u00f6tthet och kronisk sm\u00e4rta orsakad av inflammation.<\/p>\n","protected":false},"excerpt":{"rendered":"<p>K\u00f6p Gelato Shatter till salu i Storbritannien, Europa &#8211; \u00d6versta hyllan fr\u00e5n v\u00e4rldens st\u00f6rsta onlineapotek, K\u00f6p My Weed Online.<\/p>\n<ul>\n<li>V\u00e4rldsomsp\u00e4nnande frakt<\/li>\n<li><strong>Betyg: AAAAA<\/strong><\/li>\n<li><strong>Kontakta oss<\/strong>\u00a0f\u00f6r st\u00f6rre best\u00e4llningar<\/li>\n<\/ul>\n","protected":false},"featured_media":4887,"comment_status":"open","ping_status":"closed","template":"","meta":[],"product_brand":[],"product_cat":[777],"product_tag":[],"class_list":{"0":"post-4872","1":"product","2":"type-product","3":"status-publish","4":"has-post-thumbnail","6":"product_cat-kop-shatter","8":"first","9":"instock","10":"shipping-taxable","11":"purchasable","12":"product-type-variable","13":"has-default-attributes"},"yoast_head":"<!-- This site is optimized with the Yoast SEO plugin v27.3 - https:\/\/yoast.com\/product\/yoast-seo-wordpress\/ -->\n<title>K\u00f6p Gelato Shatter - Best Best Global Meds<\/title>\n<meta name=\"description\" content=\"K\u00f6p Gelato Shatter till salu Storbritannien, Europa - \u00d6versta hyllan online Europa fr\u00e5n den st\u00f6rsta onlinedispens\u00e4ren, K\u00f6p My Weed Online.\" \/>\n<meta name=\"robots\" content=\"index, follow, max-snippet:-1, max-image-preview:large, max-video-preview:-1\" \/>\n<link rel=\"canonical\" href=\"https:\/\/medicinasinc.com\/se\/product\/kop-gelato-spricka\/\" \/>\n<meta property=\"og:locale\" content=\"sv_SE\" \/>\n<meta property=\"og:type\" content=\"article\" \/>\n<meta property=\"og:title\" content=\"K\u00f6p Gelato Shatter - Best Best Global Meds\" \/>\n<meta property=\"og:description\" content=\"K\u00f6p Gelato Shatter till salu Storbritannien, Europa - \u00d6versta hyllan online Europa fr\u00e5n den st\u00f6rsta onlinedispens\u00e4ren, K\u00f6p My Weed Online.\" \/>\n<meta property=\"og:url\" content=\"https:\/\/medicinasinc.com\/se\/product\/kop-gelato-spricka\/\" \/>\n<meta property=\"og:site_name\" content=\"Medicinas Inc\" \/>\n<meta property=\"article:modified_time\" content=\"2022-07-04T00:03:39+00:00\" \/>\n<meta property=\"og:image\" content=\"https:\/\/medicinasinc.com\/se\/wp-content\/uploads\/sites\/16\/2022\/02\/Buy-Gelato-Shatter.jpg\" \/>\n\t<meta property=\"og:image:width\" content=\"600\" \/>\n\t<meta property=\"og:image:height\" content=\"600\" \/>\n\t<meta property=\"og:image:type\" content=\"image\/jpeg\" \/>\n<meta name=\"twitter:card\" content=\"summary_large_image\" \/>\n<meta name=\"twitter:label1\" content=\"Ber\u00e4knad l\u00e4stid\" \/>\n\t<meta name=\"twitter:data1\" content=\"1 minut\" \/>\n<script type=\"application\/ld+json\" class=\"yoast-schema-graph\">{\"@context\":\"https:\\\/\\\/schema.org\",\"@graph\":[{\"@type\":\"WebPage\",\"@id\":\"https:\\\/\\\/medicinasinc.com\\\/se\\\/product\\\/kop-gelato-spricka\\\/\",\"url\":\"https:\\\/\\\/medicinasinc.com\\\/se\\\/product\\\/kop-gelato-spricka\\\/\",\"name\":\"K\u00f6p Gelato Shatter - Best Best Global Meds\",\"isPartOf\":{\"@id\":\"https:\\\/\\\/medicinasinc.com\\\/se\\\/#website\"},\"primaryImageOfPage\":{\"@id\":\"https:\\\/\\\/medicinasinc.com\\\/se\\\/product\\\/kop-gelato-spricka\\\/#primaryimage\"},\"image\":{\"@id\":\"https:\\\/\\\/medicinasinc.com\\\/se\\\/product\\\/kop-gelato-spricka\\\/#primaryimage\"},\"thumbnailUrl\":\"https:\\\/\\\/medicinasinc.com\\\/se\\\/wp-content\\\/uploads\\\/sites\\\/16\\\/2022\\\/02\\\/Buy-Gelato-Shatter.jpg\",\"datePublished\":\"2022-02-20T17:08:57+00:00\",\"dateModified\":\"2022-07-04T00:03:39+00:00\",\"description\":\"K\u00f6p Gelato Shatter till salu Storbritannien, Europa - \u00d6versta hyllan online Europa fr\u00e5n den st\u00f6rsta onlinedispens\u00e4ren, K\u00f6p My Weed Online.\",\"breadcrumb\":{\"@id\":\"https:\\\/\\\/medicinasinc.com\\\/se\\\/product\\\/kop-gelato-spricka\\\/#breadcrumb\"},\"inLanguage\":\"sv-SE\",\"potentialAction\":[{\"@type\":\"ReadAction\",\"target\":[\"https:\\\/\\\/medicinasinc.com\\\/se\\\/product\\\/kop-gelato-spricka\\\/\"]}]},{\"@type\":\"ImageObject\",\"inLanguage\":\"sv-SE\",\"@id\":\"https:\\\/\\\/medicinasinc.com\\\/se\\\/product\\\/kop-gelato-spricka\\\/#primaryimage\",\"url\":\"https:\\\/\\\/medicinasinc.com\\\/se\\\/wp-content\\\/uploads\\\/sites\\\/16\\\/2022\\\/02\\\/Buy-Gelato-Shatter.jpg\",\"contentUrl\":\"https:\\\/\\\/medicinasinc.com\\\/se\\\/wp-content\\\/uploads\\\/sites\\\/16\\\/2022\\\/02\\\/Buy-Gelato-Shatter.jpg\",\"width\":600,\"height\":600},{\"@type\":\"BreadcrumbList\",\"@id\":\"https:\\\/\\\/medicinasinc.com\\\/se\\\/product\\\/kop-gelato-spricka\\\/#breadcrumb\",\"itemListElement\":[{\"@type\":\"ListItem\",\"position\":1,\"name\":\"aff\u00e4r\",\"item\":\"https:\\\/\\\/medicinasinc.com\\\/se\\\/affar\\\/\"},{\"@type\":\"ListItem\",\"position\":2,\"name\":\"K\u00f6p Gelato Shatter\"}]},{\"@type\":\"WebSite\",\"@id\":\"https:\\\/\\\/medicinasinc.com\\\/se\\\/#website\",\"url\":\"https:\\\/\\\/medicinasinc.com\\\/se\\\/\",\"name\":\"Medicinas Inc\",\"description\":\"Health Medical Clinic\",\"potentialAction\":[{\"@type\":\"SearchAction\",\"target\":{\"@type\":\"EntryPoint\",\"urlTemplate\":\"https:\\\/\\\/medicinasinc.com\\\/se\\\/?s={search_term_string}\"},\"query-input\":{\"@type\":\"PropertyValueSpecification\",\"valueRequired\":true,\"valueName\":\"search_term_string\"}}],\"inLanguage\":\"sv-SE\"}]}<\/script>\n<!-- \/ Yoast SEO plugin. -->","yoast_head_json":{"title":"K\u00f6p Gelato Shatter - Best Best Global Meds","description":"K\u00f6p Gelato Shatter till salu Storbritannien, Europa - \u00d6versta hyllan online Europa fr\u00e5n den st\u00f6rsta onlinedispens\u00e4ren, K\u00f6p My Weed Online.","robots":{"index":"index","follow":"follow","max-snippet":"max-snippet:-1","max-image-preview":"max-image-preview:large","max-video-preview":"max-video-preview:-1"},"canonical":"https:\/\/medicinasinc.com\/se\/product\/kop-gelato-spricka\/","og_locale":"sv_SE","og_type":"article","og_title":"K\u00f6p Gelato Shatter - Best Best Global Meds","og_description":"K\u00f6p Gelato Shatter till salu Storbritannien, Europa - \u00d6versta hyllan online Europa fr\u00e5n den st\u00f6rsta onlinedispens\u00e4ren, K\u00f6p My Weed Online.","og_url":"https:\/\/medicinasinc.com\/se\/product\/kop-gelato-spricka\/","og_site_name":"Medicinas Inc","article_modified_time":"2022-07-04T00:03:39+00:00","og_image":[{"width":600,"height":600,"url":"https:\/\/medicinasinc.com\/se\/wp-content\/uploads\/sites\/16\/2022\/02\/Buy-Gelato-Shatter.jpg","type":"image\/jpeg"}],"twitter_card":"summary_large_image","twitter_misc":{"Ber\u00e4knad l\u00e4stid":"1 minut"},"schema":{"@context":"https:\/\/schema.org","@graph":[{"@type":"WebPage","@id":"https:\/\/medicinasinc.com\/se\/product\/kop-gelato-spricka\/","url":"https:\/\/medicinasinc.com\/se\/product\/kop-gelato-spricka\/","name":"K\u00f6p Gelato Shatter - Best Best Global Meds","isPartOf":{"@id":"https:\/\/medicinasinc.com\/se\/#website"},"primaryImageOfPage":{"@id":"https:\/\/medicinasinc.com\/se\/product\/kop-gelato-spricka\/#primaryimage"},"image":{"@id":"https:\/\/medicinasinc.com\/se\/product\/kop-gelato-spricka\/#primaryimage"},"thumbnailUrl":"https:\/\/medicinasinc.com\/se\/wp-content\/uploads\/sites\/16\/2022\/02\/Buy-Gelato-Shatter.jpg","datePublished":"2022-02-20T17:08:57+00:00","dateModified":"2022-07-04T00:03:39+00:00","description":"K\u00f6p Gelato Shatter till salu Storbritannien, Europa - \u00d6versta hyllan online Europa fr\u00e5n den st\u00f6rsta onlinedispens\u00e4ren, K\u00f6p My Weed Online.","breadcrumb":{"@id":"https:\/\/medicinasinc.com\/se\/product\/kop-gelato-spricka\/#breadcrumb"},"inLanguage":"sv-SE","potentialAction":[{"@type":"ReadAction","target":["https:\/\/medicinasinc.com\/se\/product\/kop-gelato-spricka\/"]}]},{"@type":"ImageObject","inLanguage":"sv-SE","@id":"https:\/\/medicinasinc.com\/se\/product\/kop-gelato-spricka\/#primaryimage","url":"https:\/\/medicinasinc.com\/se\/wp-content\/uploads\/sites\/16\/2022\/02\/Buy-Gelato-Shatter.jpg","contentUrl":"https:\/\/medicinasinc.com\/se\/wp-content\/uploads\/sites\/16\/2022\/02\/Buy-Gelato-Shatter.jpg","width":600,"height":600},{"@type":"BreadcrumbList","@id":"https:\/\/medicinasinc.com\/se\/product\/kop-gelato-spricka\/#breadcrumb","itemListElement":[{"@type":"ListItem","position":1,"name":"aff\u00e4r","item":"https:\/\/medicinasinc.com\/se\/affar\/"},{"@type":"ListItem","position":2,"name":"K\u00f6p Gelato Shatter"}]},{"@type":"WebSite","@id":"https:\/\/medicinasinc.com\/se\/#website","url":"https:\/\/medicinasinc.com\/se\/","name":"Medicinas Inc","description":"Health Medical Clinic","potentialAction":[{"@type":"SearchAction","target":{"@type":"EntryPoint","urlTemplate":"https:\/\/medicinasinc.com\/se\/?s={search_term_string}"},"query-input":{"@type":"PropertyValueSpecification","valueRequired":true,"valueName":"search_term_string"}}],"inLanguage":"sv-SE"}]}},"_links":{"self":[{"href":"https:\/\/medicinasinc.com\/se\/wp-json\/wp\/v2\/product\/4872","targetHints":{"allow":["GET"]}}],"collection":[{"href":"https:\/\/medicinasinc.com\/se\/wp-json\/wp\/v2\/product"}],"about":[{"href":"https:\/\/medicinasinc.com\/se\/wp-json\/wp\/v2\/types\/product"}],"replies":[{"embeddable":true,"href":"https:\/\/medicinasinc.com\/se\/wp-json\/wp\/v2\/comments?post=4872"}],"wp:featuredmedia":[{"embeddable":true,"href":"https:\/\/medicinasinc.com\/se\/wp-json\/wp\/v2\/media\/4887"}],"wp:attachment":[{"href":"https:\/\/medicinasinc.com\/se\/wp-json\/wp\/v2\/media?parent=4872"}],"wp:term":[{"taxonomy":"product_brand","embeddable":true,"href":"https:\/\/medicinasinc.com\/se\/wp-json\/wp\/v2\/product_brand?post=4872"},{"taxonomy":"product_cat","embeddable":true,"href":"https:\/\/medicinasinc.com\/se\/wp-json\/wp\/v2\/product_cat?post=4872"},{"taxonomy":"product_tag","embeddable":true,"href":"https:\/\/medicinasinc.com\/se\/wp-json\/wp\/v2\/product_tag?post=4872"}],"curies":[{"name":"wp","href":"https:\/\/api.w.org\/{rel}","templated":true}]}}