{"id":4871,"date":"2022-02-20T17:08:15","date_gmt":"2022-02-20T17:08:15","guid":{"rendered":"https:\/\/medicinasinc.com\/se\/?post_type=product&#038;p=4871"},"modified":"2022-07-04T00:03:54","modified_gmt":"2022-07-04T00:03:54","slug":"kop-blabar-nuken-shatter-oversta-hyllan","status":"publish","type":"product","link":"https:\/\/medicinasinc.com\/se\/product\/kop-blabar-nuken-shatter-oversta-hyllan\/","title":{"rendered":"K\u00f6p Blueberry Nuken Shatter \u2013 \u00d6versta hyllan"},"content":{"rendered":"<div class=\"descblock ff\">Nuken ger de medicinska f\u00f6rdelarna med en indica utan den tr\u00f6tthet eller sedering som \u00e4r f\u00f6rknippad med indica. Nuken producerar en l\u00e5ngvarig och extremt avslappnande kroppsh\u00f6jd samtidigt som anv\u00e4ndaren kan utf\u00f6ra uppgifter och interagera med v\u00e4nner. N\u00e4r effekten av stammen f\u00e5r f\u00e4ste kommer anv\u00e4ndarna att uppleva en l\u00e4tt v\u00e4rmande k\u00e4nsla som b\u00f6rjar i ryggraden och sprider sig gradvis i hela kroppen, vilket lindrar sm\u00e4rta eller muskelbesv\u00e4r. Dessa effekter \u00e5tf\u00f6ljs av intensiv introspektion, vilket kan f\u00e5 vissa nyb\u00f6rjare att k\u00e4nna sig lite desorienterade. Nuken har anv\u00e4nts f\u00f6r att behandla kronisk sm\u00e4rta och inflammation, samt mild depression, \u00e5ngest och kronisk stress.<\/div>\n<div class=\"product-next-previous\">\n<div class=\"product-prev\"><\/div><\/div>\n","protected":false},"excerpt":{"rendered":"<p>K\u00f6p Blueberry Nuken Shatter UK, Europe Online fr\u00e5n medicinasinc.com\/se dispensary online, EZ Weed Online Cannabis Dispensary.<\/p>\n<ul>\n<li>V\u00e4rldsomsp\u00e4nnande frakt<\/li>\n<li><strong>Betyg : AAAAA<\/strong><\/li>\n<li><strong>Kontakta oss<\/strong>\u00a0f\u00f6r st\u00f6rre best\u00e4llningar<\/li>\n<li>DPD Post Xpresspost GRATIS frakt f\u00f6r best\u00e4llningar \u00f6ver 200 USD<\/li>\n<\/ul>\n","protected":false},"featured_media":4885,"comment_status":"open","ping_status":"closed","template":"","meta":[],"product_brand":[],"product_cat":[777],"product_tag":[],"class_list":{"0":"post-4871","1":"product","2":"type-product","3":"status-publish","4":"has-post-thumbnail","6":"product_cat-kop-shatter","8":"first","9":"instock","10":"shipping-taxable","11":"purchasable","12":"product-type-variable","13":"has-default-attributes"},"yoast_head":"<!-- This site is optimized with the Yoast SEO plugin v27.3 - https:\/\/yoast.com\/product\/yoast-seo-wordpress\/ -->\n<title>K\u00f6p Blueberry Nuken Shatter \u2013 \u00d6versta hyllan -B\u00e4sta b\u00e4sta globala medicin<\/title>\n<meta name=\"description\" content=\"K\u00f6p Blueberry Nuken Shatter UK, Europe Online fr\u00e5n Kanadas # 1 apotek online, b\u00e4sta globala Weed Online Cannabis Dispensary.\" \/>\n<meta name=\"robots\" content=\"index, follow, max-snippet:-1, max-image-preview:large, max-video-preview:-1\" \/>\n<link rel=\"canonical\" href=\"https:\/\/medicinasinc.com\/se\/product\/kop-blabar-nuken-shatter-oversta-hyllan\/\" \/>\n<meta property=\"og:locale\" content=\"sv_SE\" \/>\n<meta property=\"og:type\" content=\"article\" \/>\n<meta property=\"og:title\" content=\"K\u00f6p Blueberry Nuken Shatter \u2013 \u00d6versta hyllan -B\u00e4sta b\u00e4sta globala medicin\" \/>\n<meta property=\"og:description\" content=\"K\u00f6p Blueberry Nuken Shatter UK, Europe Online fr\u00e5n Kanadas # 1 apotek online, b\u00e4sta globala Weed Online Cannabis Dispensary.\" \/>\n<meta property=\"og:url\" content=\"https:\/\/medicinasinc.com\/se\/product\/kop-blabar-nuken-shatter-oversta-hyllan\/\" \/>\n<meta property=\"og:site_name\" content=\"Medicinas Inc\" \/>\n<meta property=\"article:modified_time\" content=\"2022-07-04T00:03:54+00:00\" \/>\n<meta property=\"og:image\" content=\"https:\/\/medicinasinc.com\/se\/wp-content\/uploads\/sites\/16\/2022\/02\/Buy-Blueberry-Nuken-Shatter.jpg\" \/>\n\t<meta property=\"og:image:width\" content=\"600\" \/>\n\t<meta property=\"og:image:height\" content=\"600\" \/>\n\t<meta property=\"og:image:type\" content=\"image\/jpeg\" \/>\n<meta name=\"twitter:card\" content=\"summary_large_image\" \/>\n<meta name=\"twitter:label1\" content=\"Ber\u00e4knad l\u00e4stid\" \/>\n\t<meta name=\"twitter:data1\" content=\"1 minut\" \/>\n<script type=\"application\/ld+json\" class=\"yoast-schema-graph\">{\"@context\":\"https:\\\/\\\/schema.org\",\"@graph\":[{\"@type\":\"WebPage\",\"@id\":\"https:\\\/\\\/medicinasinc.com\\\/se\\\/product\\\/kop-blabar-nuken-shatter-oversta-hyllan\\\/\",\"url\":\"https:\\\/\\\/medicinasinc.com\\\/se\\\/product\\\/kop-blabar-nuken-shatter-oversta-hyllan\\\/\",\"name\":\"K\u00f6p Blueberry Nuken Shatter \u2013 \u00d6versta hyllan -B\u00e4sta b\u00e4sta globala medicin\",\"isPartOf\":{\"@id\":\"https:\\\/\\\/medicinasinc.com\\\/se\\\/#website\"},\"primaryImageOfPage\":{\"@id\":\"https:\\\/\\\/medicinasinc.com\\\/se\\\/product\\\/kop-blabar-nuken-shatter-oversta-hyllan\\\/#primaryimage\"},\"image\":{\"@id\":\"https:\\\/\\\/medicinasinc.com\\\/se\\\/product\\\/kop-blabar-nuken-shatter-oversta-hyllan\\\/#primaryimage\"},\"thumbnailUrl\":\"https:\\\/\\\/medicinasinc.com\\\/se\\\/wp-content\\\/uploads\\\/sites\\\/16\\\/2022\\\/02\\\/Buy-Blueberry-Nuken-Shatter.jpg\",\"datePublished\":\"2022-02-20T17:08:15+00:00\",\"dateModified\":\"2022-07-04T00:03:54+00:00\",\"description\":\"K\u00f6p Blueberry Nuken Shatter UK, Europe Online fr\u00e5n Kanadas # 1 apotek online, b\u00e4sta globala Weed Online Cannabis Dispensary.\",\"breadcrumb\":{\"@id\":\"https:\\\/\\\/medicinasinc.com\\\/se\\\/product\\\/kop-blabar-nuken-shatter-oversta-hyllan\\\/#breadcrumb\"},\"inLanguage\":\"sv-SE\",\"potentialAction\":[{\"@type\":\"ReadAction\",\"target\":[\"https:\\\/\\\/medicinasinc.com\\\/se\\\/product\\\/kop-blabar-nuken-shatter-oversta-hyllan\\\/\"]}]},{\"@type\":\"ImageObject\",\"inLanguage\":\"sv-SE\",\"@id\":\"https:\\\/\\\/medicinasinc.com\\\/se\\\/product\\\/kop-blabar-nuken-shatter-oversta-hyllan\\\/#primaryimage\",\"url\":\"https:\\\/\\\/medicinasinc.com\\\/se\\\/wp-content\\\/uploads\\\/sites\\\/16\\\/2022\\\/02\\\/Buy-Blueberry-Nuken-Shatter.jpg\",\"contentUrl\":\"https:\\\/\\\/medicinasinc.com\\\/se\\\/wp-content\\\/uploads\\\/sites\\\/16\\\/2022\\\/02\\\/Buy-Blueberry-Nuken-Shatter.jpg\",\"width\":600,\"height\":600},{\"@type\":\"BreadcrumbList\",\"@id\":\"https:\\\/\\\/medicinasinc.com\\\/se\\\/product\\\/kop-blabar-nuken-shatter-oversta-hyllan\\\/#breadcrumb\",\"itemListElement\":[{\"@type\":\"ListItem\",\"position\":1,\"name\":\"aff\u00e4r\",\"item\":\"https:\\\/\\\/medicinasinc.com\\\/se\\\/affar\\\/\"},{\"@type\":\"ListItem\",\"position\":2,\"name\":\"K\u00f6p Blueberry Nuken Shatter \u2013 \u00d6versta hyllan\"}]},{\"@type\":\"WebSite\",\"@id\":\"https:\\\/\\\/medicinasinc.com\\\/se\\\/#website\",\"url\":\"https:\\\/\\\/medicinasinc.com\\\/se\\\/\",\"name\":\"Medicinas Inc\",\"description\":\"Health Medical Clinic\",\"potentialAction\":[{\"@type\":\"SearchAction\",\"target\":{\"@type\":\"EntryPoint\",\"urlTemplate\":\"https:\\\/\\\/medicinasinc.com\\\/se\\\/?s={search_term_string}\"},\"query-input\":{\"@type\":\"PropertyValueSpecification\",\"valueRequired\":true,\"valueName\":\"search_term_string\"}}],\"inLanguage\":\"sv-SE\"}]}<\/script>\n<!-- \/ Yoast SEO plugin. -->","yoast_head_json":{"title":"K\u00f6p Blueberry Nuken Shatter \u2013 \u00d6versta hyllan -B\u00e4sta b\u00e4sta globala medicin","description":"K\u00f6p Blueberry Nuken Shatter UK, Europe Online fr\u00e5n Kanadas # 1 apotek online, b\u00e4sta globala Weed Online Cannabis Dispensary.","robots":{"index":"index","follow":"follow","max-snippet":"max-snippet:-1","max-image-preview":"max-image-preview:large","max-video-preview":"max-video-preview:-1"},"canonical":"https:\/\/medicinasinc.com\/se\/product\/kop-blabar-nuken-shatter-oversta-hyllan\/","og_locale":"sv_SE","og_type":"article","og_title":"K\u00f6p Blueberry Nuken Shatter \u2013 \u00d6versta hyllan -B\u00e4sta b\u00e4sta globala medicin","og_description":"K\u00f6p Blueberry Nuken Shatter UK, Europe Online fr\u00e5n Kanadas # 1 apotek online, b\u00e4sta globala Weed Online Cannabis Dispensary.","og_url":"https:\/\/medicinasinc.com\/se\/product\/kop-blabar-nuken-shatter-oversta-hyllan\/","og_site_name":"Medicinas Inc","article_modified_time":"2022-07-04T00:03:54+00:00","og_image":[{"width":600,"height":600,"url":"https:\/\/medicinasinc.com\/se\/wp-content\/uploads\/sites\/16\/2022\/02\/Buy-Blueberry-Nuken-Shatter.jpg","type":"image\/jpeg"}],"twitter_card":"summary_large_image","twitter_misc":{"Ber\u00e4knad l\u00e4stid":"1 minut"},"schema":{"@context":"https:\/\/schema.org","@graph":[{"@type":"WebPage","@id":"https:\/\/medicinasinc.com\/se\/product\/kop-blabar-nuken-shatter-oversta-hyllan\/","url":"https:\/\/medicinasinc.com\/se\/product\/kop-blabar-nuken-shatter-oversta-hyllan\/","name":"K\u00f6p Blueberry Nuken Shatter \u2013 \u00d6versta hyllan -B\u00e4sta b\u00e4sta globala medicin","isPartOf":{"@id":"https:\/\/medicinasinc.com\/se\/#website"},"primaryImageOfPage":{"@id":"https:\/\/medicinasinc.com\/se\/product\/kop-blabar-nuken-shatter-oversta-hyllan\/#primaryimage"},"image":{"@id":"https:\/\/medicinasinc.com\/se\/product\/kop-blabar-nuken-shatter-oversta-hyllan\/#primaryimage"},"thumbnailUrl":"https:\/\/medicinasinc.com\/se\/wp-content\/uploads\/sites\/16\/2022\/02\/Buy-Blueberry-Nuken-Shatter.jpg","datePublished":"2022-02-20T17:08:15+00:00","dateModified":"2022-07-04T00:03:54+00:00","description":"K\u00f6p Blueberry Nuken Shatter UK, Europe Online fr\u00e5n Kanadas # 1 apotek online, b\u00e4sta globala Weed Online Cannabis Dispensary.","breadcrumb":{"@id":"https:\/\/medicinasinc.com\/se\/product\/kop-blabar-nuken-shatter-oversta-hyllan\/#breadcrumb"},"inLanguage":"sv-SE","potentialAction":[{"@type":"ReadAction","target":["https:\/\/medicinasinc.com\/se\/product\/kop-blabar-nuken-shatter-oversta-hyllan\/"]}]},{"@type":"ImageObject","inLanguage":"sv-SE","@id":"https:\/\/medicinasinc.com\/se\/product\/kop-blabar-nuken-shatter-oversta-hyllan\/#primaryimage","url":"https:\/\/medicinasinc.com\/se\/wp-content\/uploads\/sites\/16\/2022\/02\/Buy-Blueberry-Nuken-Shatter.jpg","contentUrl":"https:\/\/medicinasinc.com\/se\/wp-content\/uploads\/sites\/16\/2022\/02\/Buy-Blueberry-Nuken-Shatter.jpg","width":600,"height":600},{"@type":"BreadcrumbList","@id":"https:\/\/medicinasinc.com\/se\/product\/kop-blabar-nuken-shatter-oversta-hyllan\/#breadcrumb","itemListElement":[{"@type":"ListItem","position":1,"name":"aff\u00e4r","item":"https:\/\/medicinasinc.com\/se\/affar\/"},{"@type":"ListItem","position":2,"name":"K\u00f6p Blueberry Nuken Shatter \u2013 \u00d6versta hyllan"}]},{"@type":"WebSite","@id":"https:\/\/medicinasinc.com\/se\/#website","url":"https:\/\/medicinasinc.com\/se\/","name":"Medicinas Inc","description":"Health Medical Clinic","potentialAction":[{"@type":"SearchAction","target":{"@type":"EntryPoint","urlTemplate":"https:\/\/medicinasinc.com\/se\/?s={search_term_string}"},"query-input":{"@type":"PropertyValueSpecification","valueRequired":true,"valueName":"search_term_string"}}],"inLanguage":"sv-SE"}]}},"_links":{"self":[{"href":"https:\/\/medicinasinc.com\/se\/wp-json\/wp\/v2\/product\/4871","targetHints":{"allow":["GET"]}}],"collection":[{"href":"https:\/\/medicinasinc.com\/se\/wp-json\/wp\/v2\/product"}],"about":[{"href":"https:\/\/medicinasinc.com\/se\/wp-json\/wp\/v2\/types\/product"}],"replies":[{"embeddable":true,"href":"https:\/\/medicinasinc.com\/se\/wp-json\/wp\/v2\/comments?post=4871"}],"wp:featuredmedia":[{"embeddable":true,"href":"https:\/\/medicinasinc.com\/se\/wp-json\/wp\/v2\/media\/4885"}],"wp:attachment":[{"href":"https:\/\/medicinasinc.com\/se\/wp-json\/wp\/v2\/media?parent=4871"}],"wp:term":[{"taxonomy":"product_brand","embeddable":true,"href":"https:\/\/medicinasinc.com\/se\/wp-json\/wp\/v2\/product_brand?post=4871"},{"taxonomy":"product_cat","embeddable":true,"href":"https:\/\/medicinasinc.com\/se\/wp-json\/wp\/v2\/product_cat?post=4871"},{"taxonomy":"product_tag","embeddable":true,"href":"https:\/\/medicinasinc.com\/se\/wp-json\/wp\/v2\/product_tag?post=4871"}],"curies":[{"name":"wp","href":"https:\/\/api.w.org\/{rel}","templated":true}]}}