{"id":4861,"date":"2022-02-20T17:01:48","date_gmt":"2022-02-20T17:01:48","guid":{"rendered":"https:\/\/medicinasinc.com\/se\/?post_type=product&#038;p=4861"},"modified":"2022-07-04T00:04:07","modified_gmt":"2022-07-04T00:04:07","slug":"buy-lsd-100mcg-blotters","status":"publish","type":"product","link":"https:\/\/medicinasinc.com\/se\/product\/buy-lsd-100mcg-blotters\/","title":{"rendered":"K\u00f6p LSD 100mcg BLOTTERS"},"content":{"rendered":"<p>LSD 100mcg BLOTTERS kan k\u00f6pas online.<\/p>\n<p>LSD 100mcg BLOTTERS kan k\u00f6pas online. Vi s\u00e4ljer \u00e4ven LSD-flikar. F\u00f6r ytterligare information om LSD, bes\u00f6k den h\u00e4r sidan.<\/p>\n<p>Onlinek\u00f6p av LSD (Lysergic Acid Diethylamide) salt\/blotterpapper<\/p>\n<p>&nbsp;<\/p>\n<p>LSD (Lysergic) Acid Diethylamide), f\u00f6rkortat LSD eller LSD-25, \u00e4r en semisyntetisk psykedelisk drog fr\u00e5n ergolinfamiljen som \u00e4r v\u00e4lk\u00e4nd f\u00f6r sina psykologiska effekter.<br \/> Du kan k\u00f6pa billigt LSD (Lysergic Acid Diethylamide) l\u00e4skpapper online (till l\u00e5gt pris) )<br \/> Kemikalier &amp; Pulver f\u00f6r forskning<br \/> Icke-\u00e4gt varum\u00e4rke<br \/> Syra, badsalt, l\u00e4skpapper, l\u00e4skpapper, kemikalier, tr\u00e4ffar, LSD, LSD-25, Lysergic Acid, Lysergic Acid Dietylamid, papper, forskningskemikalier och l\u00e4skpapper, lyserginsyra, lysergsyradietylamid, salt, ark<\/p>\n","protected":false},"excerpt":{"rendered":"<div class=\"woocommerce-product-details__short-description\">\n<p>LSD 100mcg BLOTTERS kan k\u00f6pas online. K\u00f6p LSD 100mcg BLOTTERS-pulver till ett rabatterat pris | Var kan man k\u00f6pa LSD 100mcg BLOTTERS-pulver online. Onlinek\u00f6p av Lysergic Acid Diethylamide BLOTTERS &#8211; LSD BLOTTERS till salu<\/p>\n<p>Online-\u00e5terf\u00f6rs\u00e4ljare s\u00e4ljer LSD (Lysergic Acid Diethylamide) salt\/blotterpapper.<br \/> Priset p\u00e5 produkten \u00e4r som f\u00f6ljer: per ark (blotterpapper)<\/p>\n<\/p>\n<p> div&gt;<\/p>\n","protected":false},"featured_media":4876,"comment_status":"open","ping_status":"closed","template":"","meta":[],"product_brand":[],"product_cat":[703],"product_tag":[745,746,747,749,752,753,755,756,748,751,754,750,757,760,758,759,766,762,767,763,764,768,761,770,765,769,774,771,772,773,775,776],"class_list":{"0":"post-4861","1":"product","2":"type-product","3":"status-publish","4":"has-post-thumbnail","6":"product_cat-kop-psykedeliska-droger","7":"product_tag-1p-lsd-buy-usa","8":"product_tag-1p-lsd-blotter-100-mcg","9":"product_tag-r-lsd","10":"product_tag-blotter","11":"product_tag-buy-lsd-blotter-sheets","12":"product_tag-buy-lsd-blotters-legal-highs-online","13":"product_tag-how-can-you-tell-if-your-lsd-blotter-is-real-or-one-of-the-2c-family","14":"product_tag-hur-anvnder-du-a-lsd-blotter-tab","15":"product_tag-konst-ark-tbara","16":"product_tag-kp-1-p-lsd","17":"product_tag-kpa-lysergic-syra-dietylamid-blotter-lista","18":"product_tag-blotter-syra-till-salu","19":"product_tag-lsd-andra-sakte-aven-efter","20":"product_tag-lsd-blotter-hofmann","21":"product_tag-lsd-blotter-konst-till-frsljning","22":"product_tag-lsd-blotter-kostnad","23":"product_tag-lsd-blotter-lagring","24":"product_tag-lsd-blotter-sheet","25":"product_tag-lsd-blotter-tab-size","26":"product_tag-lsd-blotter-ark","27":"product_tag-lsd-blotter-butik","28":"product_tag-lsd-blotters-dos","29":"product_tag-lsd-blotter-papper-syra","30":"product_tag-lsd-to-buy","31":"product_tag-lsd-blotter-webbplats","32":"product_tag-lsd-tabs-kp","33":"product_tag-lysergic-acid-diethylamide-street-names","34":"product_tag-lysergsyra-dietylamid-blotterazzi","35":"product_tag-lysergsyra-dietylamid-blottery","36":"product_tag-lysergsyra-dietylamid-till-salu","37":"product_tag-var-kan-jag-kpa-blotter-papper","38":"product_tag-varfr-gr-lsd-blotter-flikar-designer-p-sig","40":"first","41":"instock","42":"shipping-taxable","43":"purchasable","44":"product-type-variable","45":"has-default-attributes"},"yoast_head":"<!-- This site is optimized with the Yoast SEO plugin v27.3 - https:\/\/yoast.com\/product\/yoast-seo-wordpress\/ -->\n<title>K\u00f6p LSD 100mcg BLOTTERS - B\u00e4sta b\u00e4sta globala medicinerna<\/title>\n<meta name=\"description\" content=\"K\u00f6p LSD 100mcg blotters i Europa Uk till salu 1-Propionyl-LSD (aka 1P-LSD blotters) till ett bra pris. Klicka dig vidare till hemsidan f\u00f6r att best\u00e4lla idag!\" \/>\n<meta name=\"robots\" content=\"index, follow, max-snippet:-1, max-image-preview:large, max-video-preview:-1\" \/>\n<link rel=\"canonical\" href=\"https:\/\/medicinasinc.com\/se\/product\/buy-lsd-100mcg-blotters\/\" \/>\n<meta property=\"og:locale\" content=\"sv_SE\" \/>\n<meta property=\"og:type\" content=\"article\" \/>\n<meta property=\"og:title\" content=\"K\u00f6p LSD 100mcg BLOTTERS - B\u00e4sta b\u00e4sta globala medicinerna\" \/>\n<meta property=\"og:description\" content=\"K\u00f6p LSD 100mcg blotters i Europa Uk till salu 1-Propionyl-LSD (aka 1P-LSD blotters) till ett bra pris. Klicka dig vidare till hemsidan f\u00f6r att best\u00e4lla idag!\" \/>\n<meta property=\"og:url\" content=\"https:\/\/medicinasinc.com\/se\/product\/buy-lsd-100mcg-blotters\/\" \/>\n<meta property=\"og:site_name\" content=\"Medicinas Inc\" \/>\n<meta property=\"article:modified_time\" content=\"2022-07-04T00:04:07+00:00\" \/>\n<meta property=\"og:image\" content=\"https:\/\/medicinasinc.com\/se\/wp-content\/uploads\/sites\/16\/2022\/02\/Buy-LSD-100mcg-blotters-1.jpg\" \/>\n\t<meta property=\"og:image:width\" content=\"960\" \/>\n\t<meta property=\"og:image:height\" content=\"720\" \/>\n\t<meta property=\"og:image:type\" content=\"image\/jpeg\" \/>\n<meta name=\"twitter:card\" content=\"summary_large_image\" \/>\n<meta name=\"twitter:label1\" content=\"Ber\u00e4knad l\u00e4stid\" \/>\n\t<meta name=\"twitter:data1\" content=\"1 minut\" \/>\n<script type=\"application\/ld+json\" class=\"yoast-schema-graph\">{\"@context\":\"https:\\\/\\\/schema.org\",\"@graph\":[{\"@type\":\"WebPage\",\"@id\":\"https:\\\/\\\/medicinasinc.com\\\/se\\\/product\\\/buy-lsd-100mcg-blotters\\\/\",\"url\":\"https:\\\/\\\/medicinasinc.com\\\/se\\\/product\\\/buy-lsd-100mcg-blotters\\\/\",\"name\":\"K\u00f6p LSD 100mcg BLOTTERS - B\u00e4sta b\u00e4sta globala medicinerna\",\"isPartOf\":{\"@id\":\"https:\\\/\\\/medicinasinc.com\\\/se\\\/#website\"},\"primaryImageOfPage\":{\"@id\":\"https:\\\/\\\/medicinasinc.com\\\/se\\\/product\\\/buy-lsd-100mcg-blotters\\\/#primaryimage\"},\"image\":{\"@id\":\"https:\\\/\\\/medicinasinc.com\\\/se\\\/product\\\/buy-lsd-100mcg-blotters\\\/#primaryimage\"},\"thumbnailUrl\":\"https:\\\/\\\/medicinasinc.com\\\/se\\\/wp-content\\\/uploads\\\/sites\\\/16\\\/2022\\\/02\\\/Buy-LSD-100mcg-blotters-1.jpg\",\"datePublished\":\"2022-02-20T17:01:48+00:00\",\"dateModified\":\"2022-07-04T00:04:07+00:00\",\"description\":\"K\u00f6p LSD 100mcg blotters i Europa Uk till salu 1-Propionyl-LSD (aka 1P-LSD blotters) till ett bra pris. Klicka dig vidare till hemsidan f\u00f6r att best\u00e4lla idag!\",\"breadcrumb\":{\"@id\":\"https:\\\/\\\/medicinasinc.com\\\/se\\\/product\\\/buy-lsd-100mcg-blotters\\\/#breadcrumb\"},\"inLanguage\":\"sv-SE\",\"potentialAction\":[{\"@type\":\"ReadAction\",\"target\":[\"https:\\\/\\\/medicinasinc.com\\\/se\\\/product\\\/buy-lsd-100mcg-blotters\\\/\"]}]},{\"@type\":\"ImageObject\",\"inLanguage\":\"sv-SE\",\"@id\":\"https:\\\/\\\/medicinasinc.com\\\/se\\\/product\\\/buy-lsd-100mcg-blotters\\\/#primaryimage\",\"url\":\"https:\\\/\\\/medicinasinc.com\\\/se\\\/wp-content\\\/uploads\\\/sites\\\/16\\\/2022\\\/02\\\/Buy-LSD-100mcg-blotters-1.jpg\",\"contentUrl\":\"https:\\\/\\\/medicinasinc.com\\\/se\\\/wp-content\\\/uploads\\\/sites\\\/16\\\/2022\\\/02\\\/Buy-LSD-100mcg-blotters-1.jpg\",\"width\":960,\"height\":720},{\"@type\":\"BreadcrumbList\",\"@id\":\"https:\\\/\\\/medicinasinc.com\\\/se\\\/product\\\/buy-lsd-100mcg-blotters\\\/#breadcrumb\",\"itemListElement\":[{\"@type\":\"ListItem\",\"position\":1,\"name\":\"aff\u00e4r\",\"item\":\"https:\\\/\\\/medicinasinc.com\\\/se\\\/affar\\\/\"},{\"@type\":\"ListItem\",\"position\":2,\"name\":\"K\u00f6p LSD 100mcg BLOTTERS\"}]},{\"@type\":\"WebSite\",\"@id\":\"https:\\\/\\\/medicinasinc.com\\\/se\\\/#website\",\"url\":\"https:\\\/\\\/medicinasinc.com\\\/se\\\/\",\"name\":\"Medicinas Inc\",\"description\":\"Health Medical Clinic\",\"potentialAction\":[{\"@type\":\"SearchAction\",\"target\":{\"@type\":\"EntryPoint\",\"urlTemplate\":\"https:\\\/\\\/medicinasinc.com\\\/se\\\/?s={search_term_string}\"},\"query-input\":{\"@type\":\"PropertyValueSpecification\",\"valueRequired\":true,\"valueName\":\"search_term_string\"}}],\"inLanguage\":\"sv-SE\"}]}<\/script>\n<!-- \/ Yoast SEO plugin. -->","yoast_head_json":{"title":"K\u00f6p LSD 100mcg BLOTTERS - B\u00e4sta b\u00e4sta globala medicinerna","description":"K\u00f6p LSD 100mcg blotters i Europa Uk till salu 1-Propionyl-LSD (aka 1P-LSD blotters) till ett bra pris. Klicka dig vidare till hemsidan f\u00f6r att best\u00e4lla idag!","robots":{"index":"index","follow":"follow","max-snippet":"max-snippet:-1","max-image-preview":"max-image-preview:large","max-video-preview":"max-video-preview:-1"},"canonical":"https:\/\/medicinasinc.com\/se\/product\/buy-lsd-100mcg-blotters\/","og_locale":"sv_SE","og_type":"article","og_title":"K\u00f6p LSD 100mcg BLOTTERS - B\u00e4sta b\u00e4sta globala medicinerna","og_description":"K\u00f6p LSD 100mcg blotters i Europa Uk till salu 1-Propionyl-LSD (aka 1P-LSD blotters) till ett bra pris. Klicka dig vidare till hemsidan f\u00f6r att best\u00e4lla idag!","og_url":"https:\/\/medicinasinc.com\/se\/product\/buy-lsd-100mcg-blotters\/","og_site_name":"Medicinas Inc","article_modified_time":"2022-07-04T00:04:07+00:00","og_image":[{"width":960,"height":720,"url":"https:\/\/medicinasinc.com\/se\/wp-content\/uploads\/sites\/16\/2022\/02\/Buy-LSD-100mcg-blotters-1.jpg","type":"image\/jpeg"}],"twitter_card":"summary_large_image","twitter_misc":{"Ber\u00e4knad l\u00e4stid":"1 minut"},"schema":{"@context":"https:\/\/schema.org","@graph":[{"@type":"WebPage","@id":"https:\/\/medicinasinc.com\/se\/product\/buy-lsd-100mcg-blotters\/","url":"https:\/\/medicinasinc.com\/se\/product\/buy-lsd-100mcg-blotters\/","name":"K\u00f6p LSD 100mcg BLOTTERS - B\u00e4sta b\u00e4sta globala medicinerna","isPartOf":{"@id":"https:\/\/medicinasinc.com\/se\/#website"},"primaryImageOfPage":{"@id":"https:\/\/medicinasinc.com\/se\/product\/buy-lsd-100mcg-blotters\/#primaryimage"},"image":{"@id":"https:\/\/medicinasinc.com\/se\/product\/buy-lsd-100mcg-blotters\/#primaryimage"},"thumbnailUrl":"https:\/\/medicinasinc.com\/se\/wp-content\/uploads\/sites\/16\/2022\/02\/Buy-LSD-100mcg-blotters-1.jpg","datePublished":"2022-02-20T17:01:48+00:00","dateModified":"2022-07-04T00:04:07+00:00","description":"K\u00f6p LSD 100mcg blotters i Europa Uk till salu 1-Propionyl-LSD (aka 1P-LSD blotters) till ett bra pris. Klicka dig vidare till hemsidan f\u00f6r att best\u00e4lla idag!","breadcrumb":{"@id":"https:\/\/medicinasinc.com\/se\/product\/buy-lsd-100mcg-blotters\/#breadcrumb"},"inLanguage":"sv-SE","potentialAction":[{"@type":"ReadAction","target":["https:\/\/medicinasinc.com\/se\/product\/buy-lsd-100mcg-blotters\/"]}]},{"@type":"ImageObject","inLanguage":"sv-SE","@id":"https:\/\/medicinasinc.com\/se\/product\/buy-lsd-100mcg-blotters\/#primaryimage","url":"https:\/\/medicinasinc.com\/se\/wp-content\/uploads\/sites\/16\/2022\/02\/Buy-LSD-100mcg-blotters-1.jpg","contentUrl":"https:\/\/medicinasinc.com\/se\/wp-content\/uploads\/sites\/16\/2022\/02\/Buy-LSD-100mcg-blotters-1.jpg","width":960,"height":720},{"@type":"BreadcrumbList","@id":"https:\/\/medicinasinc.com\/se\/product\/buy-lsd-100mcg-blotters\/#breadcrumb","itemListElement":[{"@type":"ListItem","position":1,"name":"aff\u00e4r","item":"https:\/\/medicinasinc.com\/se\/affar\/"},{"@type":"ListItem","position":2,"name":"K\u00f6p LSD 100mcg BLOTTERS"}]},{"@type":"WebSite","@id":"https:\/\/medicinasinc.com\/se\/#website","url":"https:\/\/medicinasinc.com\/se\/","name":"Medicinas Inc","description":"Health Medical Clinic","potentialAction":[{"@type":"SearchAction","target":{"@type":"EntryPoint","urlTemplate":"https:\/\/medicinasinc.com\/se\/?s={search_term_string}"},"query-input":{"@type":"PropertyValueSpecification","valueRequired":true,"valueName":"search_term_string"}}],"inLanguage":"sv-SE"}]}},"_links":{"self":[{"href":"https:\/\/medicinasinc.com\/se\/wp-json\/wp\/v2\/product\/4861","targetHints":{"allow":["GET"]}}],"collection":[{"href":"https:\/\/medicinasinc.com\/se\/wp-json\/wp\/v2\/product"}],"about":[{"href":"https:\/\/medicinasinc.com\/se\/wp-json\/wp\/v2\/types\/product"}],"replies":[{"embeddable":true,"href":"https:\/\/medicinasinc.com\/se\/wp-json\/wp\/v2\/comments?post=4861"}],"wp:featuredmedia":[{"embeddable":true,"href":"https:\/\/medicinasinc.com\/se\/wp-json\/wp\/v2\/media\/4876"}],"wp:attachment":[{"href":"https:\/\/medicinasinc.com\/se\/wp-json\/wp\/v2\/media?parent=4861"}],"wp:term":[{"taxonomy":"product_brand","embeddable":true,"href":"https:\/\/medicinasinc.com\/se\/wp-json\/wp\/v2\/product_brand?post=4861"},{"taxonomy":"product_cat","embeddable":true,"href":"https:\/\/medicinasinc.com\/se\/wp-json\/wp\/v2\/product_cat?post=4861"},{"taxonomy":"product_tag","embeddable":true,"href":"https:\/\/medicinasinc.com\/se\/wp-json\/wp\/v2\/product_tag?post=4861"}],"curies":[{"name":"wp","href":"https:\/\/api.w.org\/{rel}","templated":true}]}}