{"id":4859,"date":"2022-02-20T17:00:55","date_gmt":"2022-02-20T17:00:55","guid":{"rendered":"https:\/\/medicinasinc.com\/se\/?post_type=product&#038;p=4859"},"modified":"2022-07-04T00:04:28","modified_gmt":"2022-07-04T00:04:28","slug":"kop-kvalitet-al-lad-blotters","status":"publish","type":"product","link":"https:\/\/medicinasinc.com\/se\/product\/kop-kvalitet-al-lad-blotters\/","title":{"rendered":"K\u00f6p kvalitets AL-LAD blotters"},"content":{"rendered":"<p>K\u00f6p billiga AL-LAD blotters online. 150mcg AL-LAD blotters.<\/p>\n<p>Vad \u00e4r exakt AL-LAD?<\/p>\n<p>6-allyl-6-nor-<\/p>\n<p>AL-LAD, mer allm\u00e4nt h\u00e4nvisad till som LSD, \u00e4r en psykedelisk drog med egenskaper som liknar LSD (lysergsyradietylamid). Det syntetiserades f\u00f6r f\u00f6rsta g\u00e5ngen 1976 och har sedan dess blivit en popul\u00e4r drog p\u00e5 marknaden f\u00f6r &#8221;forskningskemikalier&#8221; och &#8221;nya psykoaktiva \u00e4mnen. AL-LAD producerar en psykoaktiv &#8221;resa&#8221; som \u00e4r mycket lik den f\u00f6r LSD.<\/p>\n<p>AL-LAD anv\u00e4ndes f\u00f6rst f\u00f6r rekreation i Irland och Storbritannien. Den fanns med i Alexander Shulgins bok TIHKAL (Tryptamines I Have Known And Loved) fr\u00e5n 1997. Som ett resultat har drogens popularitet spridit sig globalt. Nu experimenterar m\u00e4nniskor \u00f6ver hela v\u00e4rlden, inklusive USA, med drogen.<\/p>\n<p>Den juridiska statusen f\u00f6r AL-LAD \u00e4r n\u00e5got tvetydig. Det \u00e4r inte klassificerat som ett kontrollerat \u00e4mne enligt federal lag i USA. Det \u00e4r dock en analog till LSD, vilket inneb\u00e4r att f\u00f6rs\u00e4ljning eller innehav med avsikt att distribuera kan leda till \u00e5tal enligt Federal Analog Act.<\/p>\n<p>AL-LAD-resor liknar LSD-resor p\u00e5 de flesta s\u00e4tt. L\u00e4kemedlet tas oralt, ofta via l\u00e4spapper. Som ett resultat b\u00f6rjar effekterna manifesteras tjugo minuter till en timme efter konsumtion. Anv\u00e4ndare kommer att st\u00f6ta p\u00e5 f\u00f6ljande:<\/p>\n<p>Stimulering eller \u00f6kad energi<br \/> Eufori<br \/> Stickningar eller domningar i extremiteterna<br \/> Sensibilisering<br \/> Visuell desorientering<br \/> Hallucinationer<\/p>\n<p>Bland de m\u00f6jliga negativa effekterna av AL-LAD-anv\u00e4ndning \u00e4r f\u00f6ljande:<br \/> koncentrationssv\u00e5righeter eller t\u00e4nkande<br \/> Hj\u00e4rtfrekvens \u00f6kad<br \/> Temperatursv\u00e4ngningar i kroppen<br \/> Illam\u00e5ende<br \/> Vanf\u00f6rest\u00e4llningar<br \/> Slingor av negativa tankar<br \/> F\u00f6rtr\u00e4ngning av k\u00e4rlen (\u00e5tstramning av blodk\u00e4rl)<br \/> Kramper<\/p>\n<p>LSD \u00e4r en av de psykedeliska substanserna som forskats mest p\u00e5. Trots beteckningen &#8221;forskningsl\u00e4kemedel&#8221; har mycket lite faktisk vetenskaplig forskning utf\u00f6rts p\u00e5 AL-LAD. Det betyder att listan \u00f6ver omedelbara konsekvenser kanske inte \u00e4r utt\u00f6mmande. Dessutom finns det lite eller ingen forskning om l\u00e4kemedlets l\u00e5ngsiktiga effekter.<\/p>\n<p>L\u00e5ngvarigt missbruk av hallucinogena effekter kan ha en rad negativa konsekvenser. HPPD \u00e4r ett tillst\u00e5nd d\u00e4r en person upplever spontana tillbakablickar av synf\u00f6rvr\u00e4ngningar eller hallucinationer. Denna kroniska st\u00f6rning har observerats hos individer som har anv\u00e4nt en m\u00e4ngd olika hallucinogena substanser, inklusive LSD, svamp och DMT.<\/p>\n","protected":false},"excerpt":{"rendered":"<p>K\u00f6p AL-LAD blotters Billigt till salu Storbritannien, Europa Online. 6-allyl-6-nor-LSD \u00e4r en psykedelisk lysergamid \u00e4ven k\u00e4nd som AL LAD (lysergsyradietylamid). 150 mcg AL-LAD blotters.<\/p>\n<p>Minsta best\u00e4llning \u00e4r 15 blotters.<\/p>\n","protected":false},"featured_media":4874,"comment_status":"open","ping_status":"closed","template":"","meta":[],"product_brand":[],"product_cat":[703],"product_tag":[],"class_list":{"0":"post-4859","1":"product","2":"type-product","3":"status-publish","4":"has-post-thumbnail","6":"product_cat-kop-psykedeliska-droger","8":"first","9":"instock","10":"shipping-taxable","11":"purchasable","12":"product-type-variable","13":"has-default-attributes"},"yoast_head":"<!-- This site is optimized with the Yoast SEO plugin v27.3 - https:\/\/yoast.com\/product\/yoast-seo-wordpress\/ -->\n<title>K\u00f6p kvalitets AL-LAD blotters - b\u00e4sta b\u00e4sta globala medicin<\/title>\n<meta name=\"description\" content=\"K\u00f6p AL-LAD blotters Billigt till salu Storbritannien, Europa Online. 6-allyl-6-nor-LSD \u00e4r en psykedelisk lysergamid \u00e4ven k\u00e4nd som AL LAD (lysergsyradietylamid). 150mcg AL-LAD blotters.\" \/>\n<meta name=\"robots\" content=\"index, follow, max-snippet:-1, max-image-preview:large, max-video-preview:-1\" \/>\n<link rel=\"canonical\" href=\"https:\/\/medicinasinc.com\/se\/product\/kop-kvalitet-al-lad-blotters\/\" \/>\n<meta property=\"og:locale\" content=\"sv_SE\" \/>\n<meta property=\"og:type\" content=\"article\" \/>\n<meta property=\"og:title\" content=\"K\u00f6p kvalitets AL-LAD blotters - b\u00e4sta b\u00e4sta globala medicin\" \/>\n<meta property=\"og:description\" content=\"K\u00f6p AL-LAD blotters Billigt till salu Storbritannien, Europa Online. 6-allyl-6-nor-LSD \u00e4r en psykedelisk lysergamid \u00e4ven k\u00e4nd som AL LAD (lysergsyradietylamid). 150mcg AL-LAD blotters.\" \/>\n<meta property=\"og:url\" content=\"https:\/\/medicinasinc.com\/se\/product\/kop-kvalitet-al-lad-blotters\/\" \/>\n<meta property=\"og:site_name\" content=\"Medicinas Inc\" \/>\n<meta property=\"article:modified_time\" content=\"2022-07-04T00:04:28+00:00\" \/>\n<meta property=\"og:image\" content=\"https:\/\/medicinasinc.com\/se\/wp-content\/uploads\/sites\/16\/2022\/02\/Buy-Quality-AL-LAD-blotters.jpg\" \/>\n\t<meta property=\"og:image:width\" content=\"225\" \/>\n\t<meta property=\"og:image:height\" content=\"225\" \/>\n\t<meta property=\"og:image:type\" content=\"image\/jpeg\" \/>\n<meta name=\"twitter:card\" content=\"summary_large_image\" \/>\n<meta name=\"twitter:label1\" content=\"Ber\u00e4knad l\u00e4stid\" \/>\n\t<meta name=\"twitter:data1\" content=\"2 minuter\" \/>\n<script type=\"application\/ld+json\" class=\"yoast-schema-graph\">{\"@context\":\"https:\\\/\\\/schema.org\",\"@graph\":[{\"@type\":\"WebPage\",\"@id\":\"https:\\\/\\\/medicinasinc.com\\\/se\\\/product\\\/kop-kvalitet-al-lad-blotters\\\/\",\"url\":\"https:\\\/\\\/medicinasinc.com\\\/se\\\/product\\\/kop-kvalitet-al-lad-blotters\\\/\",\"name\":\"K\u00f6p kvalitets AL-LAD blotters - b\u00e4sta b\u00e4sta globala medicin\",\"isPartOf\":{\"@id\":\"https:\\\/\\\/medicinasinc.com\\\/se\\\/#website\"},\"primaryImageOfPage\":{\"@id\":\"https:\\\/\\\/medicinasinc.com\\\/se\\\/product\\\/kop-kvalitet-al-lad-blotters\\\/#primaryimage\"},\"image\":{\"@id\":\"https:\\\/\\\/medicinasinc.com\\\/se\\\/product\\\/kop-kvalitet-al-lad-blotters\\\/#primaryimage\"},\"thumbnailUrl\":\"https:\\\/\\\/medicinasinc.com\\\/se\\\/wp-content\\\/uploads\\\/sites\\\/16\\\/2022\\\/02\\\/Buy-Quality-AL-LAD-blotters.jpg\",\"datePublished\":\"2022-02-20T17:00:55+00:00\",\"dateModified\":\"2022-07-04T00:04:28+00:00\",\"description\":\"K\u00f6p AL-LAD blotters Billigt till salu Storbritannien, Europa Online. 6-allyl-6-nor-LSD \u00e4r en psykedelisk lysergamid \u00e4ven k\u00e4nd som AL LAD (lysergsyradietylamid). 150mcg AL-LAD blotters.\",\"breadcrumb\":{\"@id\":\"https:\\\/\\\/medicinasinc.com\\\/se\\\/product\\\/kop-kvalitet-al-lad-blotters\\\/#breadcrumb\"},\"inLanguage\":\"sv-SE\",\"potentialAction\":[{\"@type\":\"ReadAction\",\"target\":[\"https:\\\/\\\/medicinasinc.com\\\/se\\\/product\\\/kop-kvalitet-al-lad-blotters\\\/\"]}]},{\"@type\":\"ImageObject\",\"inLanguage\":\"sv-SE\",\"@id\":\"https:\\\/\\\/medicinasinc.com\\\/se\\\/product\\\/kop-kvalitet-al-lad-blotters\\\/#primaryimage\",\"url\":\"https:\\\/\\\/medicinasinc.com\\\/se\\\/wp-content\\\/uploads\\\/sites\\\/16\\\/2022\\\/02\\\/Buy-Quality-AL-LAD-blotters.jpg\",\"contentUrl\":\"https:\\\/\\\/medicinasinc.com\\\/se\\\/wp-content\\\/uploads\\\/sites\\\/16\\\/2022\\\/02\\\/Buy-Quality-AL-LAD-blotters.jpg\",\"width\":225,\"height\":225},{\"@type\":\"BreadcrumbList\",\"@id\":\"https:\\\/\\\/medicinasinc.com\\\/se\\\/product\\\/kop-kvalitet-al-lad-blotters\\\/#breadcrumb\",\"itemListElement\":[{\"@type\":\"ListItem\",\"position\":1,\"name\":\"aff\u00e4r\",\"item\":\"https:\\\/\\\/medicinasinc.com\\\/se\\\/affar\\\/\"},{\"@type\":\"ListItem\",\"position\":2,\"name\":\"K\u00f6p kvalitets AL-LAD blotters\"}]},{\"@type\":\"WebSite\",\"@id\":\"https:\\\/\\\/medicinasinc.com\\\/se\\\/#website\",\"url\":\"https:\\\/\\\/medicinasinc.com\\\/se\\\/\",\"name\":\"Medicinas Inc\",\"description\":\"Health Medical Clinic\",\"potentialAction\":[{\"@type\":\"SearchAction\",\"target\":{\"@type\":\"EntryPoint\",\"urlTemplate\":\"https:\\\/\\\/medicinasinc.com\\\/se\\\/?s={search_term_string}\"},\"query-input\":{\"@type\":\"PropertyValueSpecification\",\"valueRequired\":true,\"valueName\":\"search_term_string\"}}],\"inLanguage\":\"sv-SE\"}]}<\/script>\n<!-- \/ Yoast SEO plugin. -->","yoast_head_json":{"title":"K\u00f6p kvalitets AL-LAD blotters - b\u00e4sta b\u00e4sta globala medicin","description":"K\u00f6p AL-LAD blotters Billigt till salu Storbritannien, Europa Online. 6-allyl-6-nor-LSD \u00e4r en psykedelisk lysergamid \u00e4ven k\u00e4nd som AL LAD (lysergsyradietylamid). 150mcg AL-LAD blotters.","robots":{"index":"index","follow":"follow","max-snippet":"max-snippet:-1","max-image-preview":"max-image-preview:large","max-video-preview":"max-video-preview:-1"},"canonical":"https:\/\/medicinasinc.com\/se\/product\/kop-kvalitet-al-lad-blotters\/","og_locale":"sv_SE","og_type":"article","og_title":"K\u00f6p kvalitets AL-LAD blotters - b\u00e4sta b\u00e4sta globala medicin","og_description":"K\u00f6p AL-LAD blotters Billigt till salu Storbritannien, Europa Online. 6-allyl-6-nor-LSD \u00e4r en psykedelisk lysergamid \u00e4ven k\u00e4nd som AL LAD (lysergsyradietylamid). 150mcg AL-LAD blotters.","og_url":"https:\/\/medicinasinc.com\/se\/product\/kop-kvalitet-al-lad-blotters\/","og_site_name":"Medicinas Inc","article_modified_time":"2022-07-04T00:04:28+00:00","og_image":[{"width":225,"height":225,"url":"https:\/\/medicinasinc.com\/se\/wp-content\/uploads\/sites\/16\/2022\/02\/Buy-Quality-AL-LAD-blotters.jpg","type":"image\/jpeg"}],"twitter_card":"summary_large_image","twitter_misc":{"Ber\u00e4knad l\u00e4stid":"2 minuter"},"schema":{"@context":"https:\/\/schema.org","@graph":[{"@type":"WebPage","@id":"https:\/\/medicinasinc.com\/se\/product\/kop-kvalitet-al-lad-blotters\/","url":"https:\/\/medicinasinc.com\/se\/product\/kop-kvalitet-al-lad-blotters\/","name":"K\u00f6p kvalitets AL-LAD blotters - b\u00e4sta b\u00e4sta globala medicin","isPartOf":{"@id":"https:\/\/medicinasinc.com\/se\/#website"},"primaryImageOfPage":{"@id":"https:\/\/medicinasinc.com\/se\/product\/kop-kvalitet-al-lad-blotters\/#primaryimage"},"image":{"@id":"https:\/\/medicinasinc.com\/se\/product\/kop-kvalitet-al-lad-blotters\/#primaryimage"},"thumbnailUrl":"https:\/\/medicinasinc.com\/se\/wp-content\/uploads\/sites\/16\/2022\/02\/Buy-Quality-AL-LAD-blotters.jpg","datePublished":"2022-02-20T17:00:55+00:00","dateModified":"2022-07-04T00:04:28+00:00","description":"K\u00f6p AL-LAD blotters Billigt till salu Storbritannien, Europa Online. 6-allyl-6-nor-LSD \u00e4r en psykedelisk lysergamid \u00e4ven k\u00e4nd som AL LAD (lysergsyradietylamid). 150mcg AL-LAD blotters.","breadcrumb":{"@id":"https:\/\/medicinasinc.com\/se\/product\/kop-kvalitet-al-lad-blotters\/#breadcrumb"},"inLanguage":"sv-SE","potentialAction":[{"@type":"ReadAction","target":["https:\/\/medicinasinc.com\/se\/product\/kop-kvalitet-al-lad-blotters\/"]}]},{"@type":"ImageObject","inLanguage":"sv-SE","@id":"https:\/\/medicinasinc.com\/se\/product\/kop-kvalitet-al-lad-blotters\/#primaryimage","url":"https:\/\/medicinasinc.com\/se\/wp-content\/uploads\/sites\/16\/2022\/02\/Buy-Quality-AL-LAD-blotters.jpg","contentUrl":"https:\/\/medicinasinc.com\/se\/wp-content\/uploads\/sites\/16\/2022\/02\/Buy-Quality-AL-LAD-blotters.jpg","width":225,"height":225},{"@type":"BreadcrumbList","@id":"https:\/\/medicinasinc.com\/se\/product\/kop-kvalitet-al-lad-blotters\/#breadcrumb","itemListElement":[{"@type":"ListItem","position":1,"name":"aff\u00e4r","item":"https:\/\/medicinasinc.com\/se\/affar\/"},{"@type":"ListItem","position":2,"name":"K\u00f6p kvalitets AL-LAD blotters"}]},{"@type":"WebSite","@id":"https:\/\/medicinasinc.com\/se\/#website","url":"https:\/\/medicinasinc.com\/se\/","name":"Medicinas Inc","description":"Health Medical Clinic","potentialAction":[{"@type":"SearchAction","target":{"@type":"EntryPoint","urlTemplate":"https:\/\/medicinasinc.com\/se\/?s={search_term_string}"},"query-input":{"@type":"PropertyValueSpecification","valueRequired":true,"valueName":"search_term_string"}}],"inLanguage":"sv-SE"}]}},"_links":{"self":[{"href":"https:\/\/medicinasinc.com\/se\/wp-json\/wp\/v2\/product\/4859","targetHints":{"allow":["GET"]}}],"collection":[{"href":"https:\/\/medicinasinc.com\/se\/wp-json\/wp\/v2\/product"}],"about":[{"href":"https:\/\/medicinasinc.com\/se\/wp-json\/wp\/v2\/types\/product"}],"replies":[{"embeddable":true,"href":"https:\/\/medicinasinc.com\/se\/wp-json\/wp\/v2\/comments?post=4859"}],"wp:featuredmedia":[{"embeddable":true,"href":"https:\/\/medicinasinc.com\/se\/wp-json\/wp\/v2\/media\/4874"}],"wp:attachment":[{"href":"https:\/\/medicinasinc.com\/se\/wp-json\/wp\/v2\/media?parent=4859"}],"wp:term":[{"taxonomy":"product_brand","embeddable":true,"href":"https:\/\/medicinasinc.com\/se\/wp-json\/wp\/v2\/product_brand?post=4859"},{"taxonomy":"product_cat","embeddable":true,"href":"https:\/\/medicinasinc.com\/se\/wp-json\/wp\/v2\/product_cat?post=4859"},{"taxonomy":"product_tag","embeddable":true,"href":"https:\/\/medicinasinc.com\/se\/wp-json\/wp\/v2\/product_tag?post=4859"}],"curies":[{"name":"wp","href":"https:\/\/api.w.org\/{rel}","templated":true}]}}