{"id":4854,"date":"2022-02-20T16:56:44","date_gmt":"2022-02-20T16:56:44","guid":{"rendered":"https:\/\/medicinasinc.com\/se\/?post_type=product&#038;p=4854"},"modified":"2022-07-04T00:04:44","modified_gmt":"2022-07-04T00:04:44","slug":"buy-lsd-liquid-200ug-drop","status":"publish","type":"product","link":"https:\/\/medicinasinc.com\/se\/product\/buy-lsd-liquid-200ug-drop\/","title":{"rendered":"K\u00f6p LSD flytande 200ug Drop"},"content":{"rendered":"<p>K\u00f6p flytande LSD 200ug &amp; sl\u00e4pp online till ett rabatterat pris.<\/p>\n<p>Vad \u00e4r flytande LSD?<\/p>\n<p>LSD, eller lysergsyradietylamid, \u00e4r ett hallucinogent \u00e4mne som h\u00e4rr\u00f6r fr\u00e5n en kemikalie som finns i r\u00e5gsvampen. Den \u00e4r mest k\u00e4nd f\u00f6r sin anv\u00e4ndning under 1960-talets motkultur, och dess efterf\u00f6ljande f\u00f6rbud gav den ett \u00f6verv\u00e4gande negativt rykte.<\/p>\n<p>Albert Hofmann, en schweizisk vetenskapsman, syntetiserade LSD 1938 i sitt laboratorium i Z\u00fcrich. 1943, n\u00e4r en sp\u00e5rm\u00e4ngd kom i kontakt med hans hud, uppt\u00e4ckte han ov\u00e4ntat dess hallucinogena egenskaper.<\/p>\n<p>K\u00f6p LSD LSD \u00e4r en mycket potent hallucinogen med enorma terapeutiska, andliga och kulturella implikationer.<\/p>\n<p>K\u00f6p flytande LSD 200ug &amp; sl\u00e4pp online till ett rabatterat pris \u2013 Farmakologi<\/p>\n<p>N\u00e4r LSD intas fungerar som en 5-HT (serotonin) receptoraktivator samtidigt som den avsev\u00e4rt \u00f6kar serotoninniv\u00e5erna i hj\u00e4rnan genom att h\u00e4mma serotoninreglerande system. K\u00f6p flytande LSD 200ug &amp; sl\u00e4pp online till ett rabatterat pris. 200 ug flytande LSD pris LSD LSD f\u00f6redrar subtypen 2A av de 15 serotoninreceptorerna som finns i hj\u00e4rnan (5-HT2A). 5-HT2A-receptorn \u00e4r involverad i prefrontala cortex kognitiva processer. Detta \u00e4r avg\u00f6rande, eftersom m\u00e5nga av LSD:s f\u00f6rdelar h\u00e4rr\u00f6r fr\u00e5n dess inblandning i den prefrontala cortex.<\/p>\n<p>Hur syntetiseras LSD?<\/p>\n<p>LSD-produktion kr\u00e4ver en stark kunskap om organisk kemi, en fullt utrustat laboratorium (inklusive m\u00f6jligheten att sterilisera utrustning och tillg\u00e5ng till ett m\u00f6rkt rum), och flera kemikalier som antingen f\u00f6r n\u00e4rvarande \u00e4r f\u00f6rbjudna att s\u00e4lja eller \u00e4r f\u00f6rem\u00e5l f\u00f6r noggrann \u00f6vervakning av Drug Enforcement Agency (DEA). Till skillnad fr\u00e5n de kemikalier som anv\u00e4nds f\u00f6r att tillverka metamfetamin, finns de inte i vanliga hush\u00e5llsartiklar.<\/p>\n<p>Den prefrontala cortex tros vara involverad i komplex kognitiv beteendeplanering, personlighetsuttryck, beslutsfattande och socialt beteendemodererande . K\u00f6p flytande LSD 200ug &amp; sl\u00e4pp online till ett rabatterat pris. Dessutom \u00e4r det avg\u00f6rande f\u00f6r en m\u00e4nniskas f\u00f6rm\u00e5ga att bearbeta data fr\u00e5n alla andra hj\u00e4rnsystem och fatta m\u00e5linriktade beslut som ett resultat.<\/p>\n<p>Lysergsyradietylamid, mer allm\u00e4nt kallad LSD, \u00e4r en psykoaktiv substans som f\u00f6r\u00e4ndrar uppfattningen och orsakar hallucinationer.<\/p>\n","protected":false},"excerpt":{"rendered":"<p>LSD Liquid 200ug droppe till salu i Storbritannien, Europa till b\u00e4sta marknadspris. Alla v\u00e5ra produkter \u00e4r gjorda av helt naturliga, THC-fria ingredienser. G\u00f6r din best\u00e4llning online nu!<\/p>\n<p>K\u00f6p flytande lsd 200ug &amp; sl\u00e4pp online till ett rabatterat pris. Att k\u00f6pa LSD \u00e4r en enkel process; den \u00e4r l\u00e4tt tillg\u00e4nglig online i USA.<\/p>\n<p>200ug kostnad &#8211; 350<\/p>\n<p>&nbsp;<\/p>\n<p>&nbsp;<\/p>\n","protected":false},"featured_media":4868,"comment_status":"open","ping_status":"closed","template":"","meta":[],"product_brand":[],"product_cat":[703],"product_tag":[],"class_list":{"0":"post-4854","1":"product","2":"type-product","3":"status-publish","4":"has-post-thumbnail","6":"product_cat-kop-psykedeliska-droger","8":"first","9":"instock","10":"shipping-taxable","11":"purchasable","12":"product-type-simple"},"yoast_head":"<!-- This site is optimized with the Yoast SEO plugin v27.3 - https:\/\/yoast.com\/product\/yoast-seo-wordpress\/ -->\n<title>K\u00f6p LSD flytande 200ug Drop - Best Best Global Meds<\/title>\n<meta name=\"description\" content=\"K\u00f6p LSD Liquid 200ug drop i Storbritannien, Europa till salu till b\u00e4sta marknadspris. Alla v\u00e5ra produkter \u00e4r gjorda av rena naturliga ingredienser fria fr\u00e5n THC. Best\u00e4ll online nu!\" \/>\n<meta name=\"robots\" content=\"index, follow, max-snippet:-1, max-image-preview:large, max-video-preview:-1\" \/>\n<link rel=\"canonical\" href=\"https:\/\/medicinasinc.com\/se\/product\/buy-lsd-liquid-200ug-drop\/\" \/>\n<meta property=\"og:locale\" content=\"sv_SE\" \/>\n<meta property=\"og:type\" content=\"article\" \/>\n<meta property=\"og:title\" content=\"K\u00f6p LSD flytande 200ug Drop - Best Best Global Meds\" \/>\n<meta property=\"og:description\" content=\"K\u00f6p LSD Liquid 200ug drop i Storbritannien, Europa till salu till b\u00e4sta marknadspris. Alla v\u00e5ra produkter \u00e4r gjorda av rena naturliga ingredienser fria fr\u00e5n THC. Best\u00e4ll online nu!\" \/>\n<meta property=\"og:url\" content=\"https:\/\/medicinasinc.com\/se\/product\/buy-lsd-liquid-200ug-drop\/\" \/>\n<meta property=\"og:site_name\" content=\"Medicinas Inc\" \/>\n<meta property=\"article:modified_time\" content=\"2022-07-04T00:04:44+00:00\" \/>\n<meta property=\"og:image\" content=\"https:\/\/medicinasinc.com\/se\/wp-content\/uploads\/sites\/16\/2022\/02\/Buy-LSD-liquid-200ug-Drop.jpg\" \/>\n\t<meta property=\"og:image:width\" content=\"363\" \/>\n\t<meta property=\"og:image:height\" content=\"445\" \/>\n\t<meta property=\"og:image:type\" content=\"image\/jpeg\" \/>\n<meta name=\"twitter:card\" content=\"summary_large_image\" \/>\n<meta name=\"twitter:label1\" content=\"Ber\u00e4knad l\u00e4stid\" \/>\n\t<meta name=\"twitter:data1\" content=\"2 minuter\" \/>\n<script type=\"application\/ld+json\" class=\"yoast-schema-graph\">{\"@context\":\"https:\\\/\\\/schema.org\",\"@graph\":[{\"@type\":\"WebPage\",\"@id\":\"https:\\\/\\\/medicinasinc.com\\\/se\\\/product\\\/buy-lsd-liquid-200ug-drop\\\/\",\"url\":\"https:\\\/\\\/medicinasinc.com\\\/se\\\/product\\\/buy-lsd-liquid-200ug-drop\\\/\",\"name\":\"K\u00f6p LSD flytande 200ug Drop - Best Best Global Meds\",\"isPartOf\":{\"@id\":\"https:\\\/\\\/medicinasinc.com\\\/se\\\/#website\"},\"primaryImageOfPage\":{\"@id\":\"https:\\\/\\\/medicinasinc.com\\\/se\\\/product\\\/buy-lsd-liquid-200ug-drop\\\/#primaryimage\"},\"image\":{\"@id\":\"https:\\\/\\\/medicinasinc.com\\\/se\\\/product\\\/buy-lsd-liquid-200ug-drop\\\/#primaryimage\"},\"thumbnailUrl\":\"https:\\\/\\\/medicinasinc.com\\\/se\\\/wp-content\\\/uploads\\\/sites\\\/16\\\/2022\\\/02\\\/Buy-LSD-liquid-200ug-Drop.jpg\",\"datePublished\":\"2022-02-20T16:56:44+00:00\",\"dateModified\":\"2022-07-04T00:04:44+00:00\",\"description\":\"K\u00f6p LSD Liquid 200ug drop i Storbritannien, Europa till salu till b\u00e4sta marknadspris. Alla v\u00e5ra produkter \u00e4r gjorda av rena naturliga ingredienser fria fr\u00e5n THC. Best\u00e4ll online nu!\",\"breadcrumb\":{\"@id\":\"https:\\\/\\\/medicinasinc.com\\\/se\\\/product\\\/buy-lsd-liquid-200ug-drop\\\/#breadcrumb\"},\"inLanguage\":\"sv-SE\",\"potentialAction\":[{\"@type\":\"ReadAction\",\"target\":[\"https:\\\/\\\/medicinasinc.com\\\/se\\\/product\\\/buy-lsd-liquid-200ug-drop\\\/\"]}]},{\"@type\":\"ImageObject\",\"inLanguage\":\"sv-SE\",\"@id\":\"https:\\\/\\\/medicinasinc.com\\\/se\\\/product\\\/buy-lsd-liquid-200ug-drop\\\/#primaryimage\",\"url\":\"https:\\\/\\\/medicinasinc.com\\\/se\\\/wp-content\\\/uploads\\\/sites\\\/16\\\/2022\\\/02\\\/Buy-LSD-liquid-200ug-Drop.jpg\",\"contentUrl\":\"https:\\\/\\\/medicinasinc.com\\\/se\\\/wp-content\\\/uploads\\\/sites\\\/16\\\/2022\\\/02\\\/Buy-LSD-liquid-200ug-Drop.jpg\",\"width\":363,\"height\":445},{\"@type\":\"BreadcrumbList\",\"@id\":\"https:\\\/\\\/medicinasinc.com\\\/se\\\/product\\\/buy-lsd-liquid-200ug-drop\\\/#breadcrumb\",\"itemListElement\":[{\"@type\":\"ListItem\",\"position\":1,\"name\":\"aff\u00e4r\",\"item\":\"https:\\\/\\\/medicinasinc.com\\\/se\\\/affar\\\/\"},{\"@type\":\"ListItem\",\"position\":2,\"name\":\"K\u00f6p LSD flytande 200ug Drop\"}]},{\"@type\":\"WebSite\",\"@id\":\"https:\\\/\\\/medicinasinc.com\\\/se\\\/#website\",\"url\":\"https:\\\/\\\/medicinasinc.com\\\/se\\\/\",\"name\":\"Medicinas Inc\",\"description\":\"Health Medical Clinic\",\"potentialAction\":[{\"@type\":\"SearchAction\",\"target\":{\"@type\":\"EntryPoint\",\"urlTemplate\":\"https:\\\/\\\/medicinasinc.com\\\/se\\\/?s={search_term_string}\"},\"query-input\":{\"@type\":\"PropertyValueSpecification\",\"valueRequired\":true,\"valueName\":\"search_term_string\"}}],\"inLanguage\":\"sv-SE\"}]}<\/script>\n<!-- \/ Yoast SEO plugin. -->","yoast_head_json":{"title":"K\u00f6p LSD flytande 200ug Drop - Best Best Global Meds","description":"K\u00f6p LSD Liquid 200ug drop i Storbritannien, Europa till salu till b\u00e4sta marknadspris. Alla v\u00e5ra produkter \u00e4r gjorda av rena naturliga ingredienser fria fr\u00e5n THC. Best\u00e4ll online nu!","robots":{"index":"index","follow":"follow","max-snippet":"max-snippet:-1","max-image-preview":"max-image-preview:large","max-video-preview":"max-video-preview:-1"},"canonical":"https:\/\/medicinasinc.com\/se\/product\/buy-lsd-liquid-200ug-drop\/","og_locale":"sv_SE","og_type":"article","og_title":"K\u00f6p LSD flytande 200ug Drop - Best Best Global Meds","og_description":"K\u00f6p LSD Liquid 200ug drop i Storbritannien, Europa till salu till b\u00e4sta marknadspris. Alla v\u00e5ra produkter \u00e4r gjorda av rena naturliga ingredienser fria fr\u00e5n THC. Best\u00e4ll online nu!","og_url":"https:\/\/medicinasinc.com\/se\/product\/buy-lsd-liquid-200ug-drop\/","og_site_name":"Medicinas Inc","article_modified_time":"2022-07-04T00:04:44+00:00","og_image":[{"width":363,"height":445,"url":"https:\/\/medicinasinc.com\/se\/wp-content\/uploads\/sites\/16\/2022\/02\/Buy-LSD-liquid-200ug-Drop.jpg","type":"image\/jpeg"}],"twitter_card":"summary_large_image","twitter_misc":{"Ber\u00e4knad l\u00e4stid":"2 minuter"},"schema":{"@context":"https:\/\/schema.org","@graph":[{"@type":"WebPage","@id":"https:\/\/medicinasinc.com\/se\/product\/buy-lsd-liquid-200ug-drop\/","url":"https:\/\/medicinasinc.com\/se\/product\/buy-lsd-liquid-200ug-drop\/","name":"K\u00f6p LSD flytande 200ug Drop - Best Best Global Meds","isPartOf":{"@id":"https:\/\/medicinasinc.com\/se\/#website"},"primaryImageOfPage":{"@id":"https:\/\/medicinasinc.com\/se\/product\/buy-lsd-liquid-200ug-drop\/#primaryimage"},"image":{"@id":"https:\/\/medicinasinc.com\/se\/product\/buy-lsd-liquid-200ug-drop\/#primaryimage"},"thumbnailUrl":"https:\/\/medicinasinc.com\/se\/wp-content\/uploads\/sites\/16\/2022\/02\/Buy-LSD-liquid-200ug-Drop.jpg","datePublished":"2022-02-20T16:56:44+00:00","dateModified":"2022-07-04T00:04:44+00:00","description":"K\u00f6p LSD Liquid 200ug drop i Storbritannien, Europa till salu till b\u00e4sta marknadspris. Alla v\u00e5ra produkter \u00e4r gjorda av rena naturliga ingredienser fria fr\u00e5n THC. Best\u00e4ll online nu!","breadcrumb":{"@id":"https:\/\/medicinasinc.com\/se\/product\/buy-lsd-liquid-200ug-drop\/#breadcrumb"},"inLanguage":"sv-SE","potentialAction":[{"@type":"ReadAction","target":["https:\/\/medicinasinc.com\/se\/product\/buy-lsd-liquid-200ug-drop\/"]}]},{"@type":"ImageObject","inLanguage":"sv-SE","@id":"https:\/\/medicinasinc.com\/se\/product\/buy-lsd-liquid-200ug-drop\/#primaryimage","url":"https:\/\/medicinasinc.com\/se\/wp-content\/uploads\/sites\/16\/2022\/02\/Buy-LSD-liquid-200ug-Drop.jpg","contentUrl":"https:\/\/medicinasinc.com\/se\/wp-content\/uploads\/sites\/16\/2022\/02\/Buy-LSD-liquid-200ug-Drop.jpg","width":363,"height":445},{"@type":"BreadcrumbList","@id":"https:\/\/medicinasinc.com\/se\/product\/buy-lsd-liquid-200ug-drop\/#breadcrumb","itemListElement":[{"@type":"ListItem","position":1,"name":"aff\u00e4r","item":"https:\/\/medicinasinc.com\/se\/affar\/"},{"@type":"ListItem","position":2,"name":"K\u00f6p LSD flytande 200ug Drop"}]},{"@type":"WebSite","@id":"https:\/\/medicinasinc.com\/se\/#website","url":"https:\/\/medicinasinc.com\/se\/","name":"Medicinas Inc","description":"Health Medical Clinic","potentialAction":[{"@type":"SearchAction","target":{"@type":"EntryPoint","urlTemplate":"https:\/\/medicinasinc.com\/se\/?s={search_term_string}"},"query-input":{"@type":"PropertyValueSpecification","valueRequired":true,"valueName":"search_term_string"}}],"inLanguage":"sv-SE"}]}},"_links":{"self":[{"href":"https:\/\/medicinasinc.com\/se\/wp-json\/wp\/v2\/product\/4854","targetHints":{"allow":["GET"]}}],"collection":[{"href":"https:\/\/medicinasinc.com\/se\/wp-json\/wp\/v2\/product"}],"about":[{"href":"https:\/\/medicinasinc.com\/se\/wp-json\/wp\/v2\/types\/product"}],"replies":[{"embeddable":true,"href":"https:\/\/medicinasinc.com\/se\/wp-json\/wp\/v2\/comments?post=4854"}],"wp:featuredmedia":[{"embeddable":true,"href":"https:\/\/medicinasinc.com\/se\/wp-json\/wp\/v2\/media\/4868"}],"wp:attachment":[{"href":"https:\/\/medicinasinc.com\/se\/wp-json\/wp\/v2\/media?parent=4854"}],"wp:term":[{"taxonomy":"product_brand","embeddable":true,"href":"https:\/\/medicinasinc.com\/se\/wp-json\/wp\/v2\/product_brand?post=4854"},{"taxonomy":"product_cat","embeddable":true,"href":"https:\/\/medicinasinc.com\/se\/wp-json\/wp\/v2\/product_cat?post=4854"},{"taxonomy":"product_tag","embeddable":true,"href":"https:\/\/medicinasinc.com\/se\/wp-json\/wp\/v2\/product_tag?post=4854"}],"curies":[{"name":"wp","href":"https:\/\/api.w.org\/{rel}","templated":true}]}}