{"id":4849,"date":"2022-02-20T16:51:26","date_gmt":"2022-02-20T16:51:26","guid":{"rendered":"https:\/\/medicinasinc.com\/se\/?post_type=product&#038;p=4849"},"modified":"2022-07-04T00:05:02","modified_gmt":"2022-07-04T00:05:02","slug":"kopa-ibogaine-pulver","status":"publish","type":"product","link":"https:\/\/medicinasinc.com\/se\/product\/kopa-ibogaine-pulver\/","title":{"rendered":"K\u00f6p Ibogaine Powder"},"content":{"rendered":"<p>Ibogaine hydrochloride<\/p>\n<p>Ibogaine HCL \u00e4r ett naturligt f\u00f6rekommande psykoaktivt \u00e4mne som finns i v\u00e4xter som tillh\u00f6r familjen Apocynaceae, inklusive Tabernanthe iboga, Voacanga africana och Tabernaemontana undulata.<\/p>\n<p>Det \u00e4r en dissociativ psykedelisk. Prelimin\u00e4r forskning tyder p\u00e5 att det kan vara f\u00f6rdelaktigt vid behandling av drogberoende. Ibogaine finns att k\u00f6pa. Ibogaine HCL kan k\u00f6pas online. Ibogainhydrokloridpulver. Ibogain kan k\u00f6pas online.<\/p>\n<p>Dessutom, fr\u00e5n och med 2016, finns det m\u00e5nga former av ibogain tillg\u00e4ngliga, allt fr\u00e5n rotpulvret, som inneh\u00e5ller extremt sp\u00e5rm\u00e4ngder av ibogain och har mycket liten effekt n\u00e4r det anv\u00e4nds f\u00f6r att lindra opioid abstinenssymptom, till h\u00f6grenat, 99,7 procent rent Ibogaine HCL. Ibogaine HCL till salu online<\/p>\n<p>Ibogaine Hydrochloride till salu<\/p>\n<p>Till att b\u00f6rja anv\u00e4nder vi 99,7 % ren farmaceutisk kvalitet ibogaine HCL p\u00e5 Meds Consultings behandlingscenter f\u00f6r ibogain. Vi anv\u00e4nder inte billigt semisyntetiskt ibogain som h\u00e4rr\u00f6r fr\u00e5n Voacanga africana, och vi anv\u00e4nder inte heller extrakt av TA (total alkaloid) eller PTA (renad total alkaloid). Ibogaine kan k\u00f6pas online.<\/p>\n<p>V\u00e5ra r\u00e5varor har sitt ursprung i Kamerun (inte Gabon), via ett bondekooperativ som har odlat TA iboga f\u00f6r v\u00e5rt bruk sedan mitten av 1990-talet, med ett milj\u00f6v\u00e4nligt, h\u00e5llbart jordbruk. praxis. Vi anv\u00e4nder inte material fr\u00e5n de svarta eller gr\u00e5a marknaderna som \u00e4r ok\u00e4nda vad g\u00e4ller ursprung eller renhet. Ibogaine HCL kan k\u00f6pas online.<\/p>\n<p>V\u00e5r ibogainhydroklorid tillverkades i ett cGMP-kompatibelt laboratorium som f\u00f6ljer alla USFDA:s riktlinjer. Meds Consulting anv\u00e4nder den renaste Ibogaine HCL som finns tillg\u00e4nglig n\u00e4r man anv\u00e4nder naturlig produktkemi; v\u00e5ra material \u00e4r certifierade till 99,7 % rent via HPLC-analys.<\/p>\n<p>Ibogaines psykoaktiva egenskaper<\/p>\n<p>Till att b\u00f6rja med ger Ibogaines psykoaktiva egenskaper en f\u00f6rb\u00e4ttrad andlig upplevelse. Patienten f\u00e5r djupg\u00e5ende insikter, vilket ger dem klarhet i sina liv och motiverar dem att g\u00f6ra psykologiska f\u00f6r\u00e4ndringar och leva drogfria liv. Ibogain finns att k\u00f6pa.<\/p>\n<p>Ibogain har betydande potential f\u00f6r att behandla h\u00e5rda drogberoende som heroin, metadon, kokain, crack och alkohol, enligt studier. Dessutom finns det bevis f\u00f6r att det \u00e4r f\u00f6rdelaktigt vid behandling av tobaksberoende. Ibogaine kan k\u00f6pas online.<\/p>\n<p>Dessutom ger Ibogaine m\u00f6jligheter till psykoterapi och andlig l\u00e4rare. Dessutom kan Ibogaine anv\u00e4ndas i psykoterapi f\u00f6r att behandla effekterna av trauma eller konditionering. Ibogaine finns att k\u00f6pa.<\/p>\n<p>\u00c4r terapi effektiv och s\u00e4ker?<\/p>\n<p>Individer letar d\u00e5 och d\u00e5 efter ibogain f\u00f6r f\u00f6rs\u00e4ljning i hopp om att genomg\u00e5 ibogainterapi f\u00f6r opiatberoende. Men som med all behandling garanterar inte ibogainbehandling framg\u00e5ng. Det b\u00e4sta ibogainhydrokloridpulvret<\/p>\n<p>Dessutom kan ibogain HCL-terapi anv\u00e4ndas f\u00f6r att hj\u00e4lpa en individ att \u00f6vervinna ett opiatberoende. Ibogain finns att k\u00f6pa.<\/p>\n<p>Dessutom hj\u00e4lper ibogain till att \u00e5terst\u00e4lla kemiska niv\u00e5er i hj\u00e4rnan, men hj\u00e4rnan blir fysiskt beroende av ibogain relativt snabbt. S\u00e5ledes, om en individ konsumerar en \u00f6verdriven m\u00e4ngd ibogain p\u00e5 en g\u00e5ng, kan han eller hon drabbas av en d\u00f6dlig \u00f6verdos. Ibogaine kan k\u00f6pas online.<\/p>\n<p>Alla ibogaine \u00e4r inte skapade lika. Olika material kan ha markant olika effekter. V\u00e5r ibogaine \u00e4r identisk med den som anv\u00e4nds i alla monografier som hittills har publicerats i peer-reviewed tidskrifter, vilket visar ibogaines f\u00f6rmodade f\u00f6rm\u00e5ga att lindra abstinenssymtom som \u00e4r f\u00f6rknippade med st\u00f6rningar av polysubstansmissbruk. Ibogaine kan k\u00f6pas online.<\/p>\n<p>Vi tillhandah\u00e5ller v\u00e4rldens s\u00e4kraste och mest effektiva detoxprogram f\u00f6r ibogaine, med den renaste ibogainhydrokloriden som finns p\u00e5 planeten. Ibogainhydrokloridpulver.<\/p>\n","protected":false},"excerpt":{"rendered":"<div class=\"woocommerce-product-details__short-description\">\n<p>K\u00f6p Ibogaine Powder fr\u00e5n Afrika i Storbritannien, Europa till salu fr\u00e5n den b\u00e4sta webbplatsen, Ibogaine till salu online. F\u00e5 Iboga rotbark, Ibogaine hcl, Iboga TA, Ibogaine capsule och voacanga p\u00e5 get ibogaine.<\/p>\n<p>Ibogaine HCL (Hydrochloride) \u00e4r isolerad fr\u00e5n v\u00e5rt Iboga TA-extrakt och \u00e4r ~95-99% ren Ibogaine HCL.<\/p>\n<\/p><\/div>\n","protected":false},"featured_media":4862,"comment_status":"open","ping_status":"closed","template":"","meta":[],"product_brand":[],"product_cat":[703],"product_tag":[742,729,730,731,732,733,725,735,736,738,739,740,737,734,741,728,727,726,743,744],"class_list":{"0":"post-4849","1":"product","2":"type-product","3":"status-publish","4":"has-post-thumbnail","6":"product_cat-kop-psykedeliska-droger","7":"product_tag-bestll-iboga-online","8":"product_tag-buy-iboga-root-bark-chips","9":"product_tag-buy-iboga-root-bark-online","10":"product_tag-buy-ibogaine","11":"product_tag-buy-ibogaine-online","12":"product_tag-eboka","13":"product_tag-heligt-tr","14":"product_tag-iboga-pulver","15":"product_tag-iboga-root-back-for-sale","16":"product_tag-iboga-rot-bark-till-frsljning","17":"product_tag-iboga-rot-bark-till-salu","18":"product_tag-iboga-root-bark-till-sale-online","19":"product_tag-iboga-rot-bark-flis-till-frsljning","20":"product_tag-iboga-till-salu","21":"product_tag-ibogaine-till-salu","22":"product_tag-kpa-iboga-rta-bark","23":"product_tag-kpa-iboga-root-tillbaka","24":"product_tag-kpa-iboga","25":"product_tag-pure-iboga-powder-for-sale","26":"product_tag-tabernakel-tack","28":"first","29":"instock","30":"shipping-taxable","31":"purchasable","32":"product-type-variable","33":"has-default-attributes"},"yoast_head":"<!-- This site is optimized with the Yoast SEO plugin v27.3 - https:\/\/yoast.com\/product\/yoast-seo-wordpress\/ -->\n<title>K\u00f6p Ibogaine Powder - Iboga till salu - Best Best Global Meds<\/title>\n<meta name=\"description\" content=\"K\u00f6p Ibogaine Powder fr\u00e5n Afrika i Storbritannien, Europa till salu fr\u00e5n den b\u00e4sta hemsidan, Ibogaine till salu online. F\u00e5 Iboga root barks, Ibogaine hcl, Iboga TA, Ibogaine capsule och voacanga p\u00e5 get ibogaine.\" \/>\n<meta name=\"robots\" content=\"index, follow, max-snippet:-1, max-image-preview:large, max-video-preview:-1\" \/>\n<link rel=\"canonical\" href=\"https:\/\/medicinasinc.com\/se\/product\/kopa-ibogaine-pulver\/\" \/>\n<meta property=\"og:locale\" content=\"sv_SE\" \/>\n<meta property=\"og:type\" content=\"article\" \/>\n<meta property=\"og:title\" content=\"K\u00f6p Ibogaine Powder - Iboga till salu - Best Best Global Meds\" \/>\n<meta property=\"og:description\" content=\"K\u00f6p Ibogaine Powder fr\u00e5n Afrika i Storbritannien, Europa till salu fr\u00e5n den b\u00e4sta hemsidan, Ibogaine till salu online. F\u00e5 Iboga root barks, Ibogaine hcl, Iboga TA, Ibogaine capsule och voacanga p\u00e5 get ibogaine.\" \/>\n<meta property=\"og:url\" content=\"https:\/\/medicinasinc.com\/se\/product\/kopa-ibogaine-pulver\/\" \/>\n<meta property=\"og:site_name\" content=\"Medicinas Inc\" \/>\n<meta property=\"article:modified_time\" content=\"2022-07-04T00:05:02+00:00\" \/>\n<meta property=\"og:image\" content=\"https:\/\/medicinasinc.com\/se\/wp-content\/uploads\/sites\/16\/2022\/02\/Buy-Ibogaine-Powder.webp\" \/>\n\t<meta property=\"og:image:width\" content=\"400\" \/>\n\t<meta property=\"og:image:height\" content=\"533\" \/>\n\t<meta property=\"og:image:type\" content=\"image\/webp\" \/>\n<meta name=\"twitter:card\" content=\"summary_large_image\" \/>\n<meta name=\"twitter:label1\" content=\"Ber\u00e4knad l\u00e4stid\" \/>\n\t<meta name=\"twitter:data1\" content=\"3 minuter\" \/>\n<script type=\"application\/ld+json\" class=\"yoast-schema-graph\">{\"@context\":\"https:\\\/\\\/schema.org\",\"@graph\":[{\"@type\":\"WebPage\",\"@id\":\"https:\\\/\\\/medicinasinc.com\\\/se\\\/product\\\/kopa-ibogaine-pulver\\\/\",\"url\":\"https:\\\/\\\/medicinasinc.com\\\/se\\\/product\\\/kopa-ibogaine-pulver\\\/\",\"name\":\"K\u00f6p Ibogaine Powder - Iboga till salu - Best Best Global Meds\",\"isPartOf\":{\"@id\":\"https:\\\/\\\/medicinasinc.com\\\/se\\\/#website\"},\"primaryImageOfPage\":{\"@id\":\"https:\\\/\\\/medicinasinc.com\\\/se\\\/product\\\/kopa-ibogaine-pulver\\\/#primaryimage\"},\"image\":{\"@id\":\"https:\\\/\\\/medicinasinc.com\\\/se\\\/product\\\/kopa-ibogaine-pulver\\\/#primaryimage\"},\"thumbnailUrl\":\"https:\\\/\\\/medicinasinc.com\\\/se\\\/wp-content\\\/uploads\\\/sites\\\/16\\\/2022\\\/02\\\/Buy-Ibogaine-Powder.webp\",\"datePublished\":\"2022-02-20T16:51:26+00:00\",\"dateModified\":\"2022-07-04T00:05:02+00:00\",\"description\":\"K\u00f6p Ibogaine Powder fr\u00e5n Afrika i Storbritannien, Europa till salu fr\u00e5n den b\u00e4sta hemsidan, Ibogaine till salu online. F\u00e5 Iboga root barks, Ibogaine hcl, Iboga TA, Ibogaine capsule och voacanga p\u00e5 get ibogaine.\",\"breadcrumb\":{\"@id\":\"https:\\\/\\\/medicinasinc.com\\\/se\\\/product\\\/kopa-ibogaine-pulver\\\/#breadcrumb\"},\"inLanguage\":\"sv-SE\",\"potentialAction\":[{\"@type\":\"ReadAction\",\"target\":[\"https:\\\/\\\/medicinasinc.com\\\/se\\\/product\\\/kopa-ibogaine-pulver\\\/\"]}]},{\"@type\":\"ImageObject\",\"inLanguage\":\"sv-SE\",\"@id\":\"https:\\\/\\\/medicinasinc.com\\\/se\\\/product\\\/kopa-ibogaine-pulver\\\/#primaryimage\",\"url\":\"https:\\\/\\\/medicinasinc.com\\\/se\\\/wp-content\\\/uploads\\\/sites\\\/16\\\/2022\\\/02\\\/Buy-Ibogaine-Powder.webp\",\"contentUrl\":\"https:\\\/\\\/medicinasinc.com\\\/se\\\/wp-content\\\/uploads\\\/sites\\\/16\\\/2022\\\/02\\\/Buy-Ibogaine-Powder.webp\",\"width\":400,\"height\":533},{\"@type\":\"BreadcrumbList\",\"@id\":\"https:\\\/\\\/medicinasinc.com\\\/se\\\/product\\\/kopa-ibogaine-pulver\\\/#breadcrumb\",\"itemListElement\":[{\"@type\":\"ListItem\",\"position\":1,\"name\":\"aff\u00e4r\",\"item\":\"https:\\\/\\\/medicinasinc.com\\\/se\\\/affar\\\/\"},{\"@type\":\"ListItem\",\"position\":2,\"name\":\"K\u00f6p Ibogaine Powder\"}]},{\"@type\":\"WebSite\",\"@id\":\"https:\\\/\\\/medicinasinc.com\\\/se\\\/#website\",\"url\":\"https:\\\/\\\/medicinasinc.com\\\/se\\\/\",\"name\":\"Medicinas Inc\",\"description\":\"Health Medical Clinic\",\"potentialAction\":[{\"@type\":\"SearchAction\",\"target\":{\"@type\":\"EntryPoint\",\"urlTemplate\":\"https:\\\/\\\/medicinasinc.com\\\/se\\\/?s={search_term_string}\"},\"query-input\":{\"@type\":\"PropertyValueSpecification\",\"valueRequired\":true,\"valueName\":\"search_term_string\"}}],\"inLanguage\":\"sv-SE\"}]}<\/script>\n<!-- \/ Yoast SEO plugin. -->","yoast_head_json":{"title":"K\u00f6p Ibogaine Powder - Iboga till salu - Best Best Global Meds","description":"K\u00f6p Ibogaine Powder fr\u00e5n Afrika i Storbritannien, Europa till salu fr\u00e5n den b\u00e4sta hemsidan, Ibogaine till salu online. F\u00e5 Iboga root barks, Ibogaine hcl, Iboga TA, Ibogaine capsule och voacanga p\u00e5 get ibogaine.","robots":{"index":"index","follow":"follow","max-snippet":"max-snippet:-1","max-image-preview":"max-image-preview:large","max-video-preview":"max-video-preview:-1"},"canonical":"https:\/\/medicinasinc.com\/se\/product\/kopa-ibogaine-pulver\/","og_locale":"sv_SE","og_type":"article","og_title":"K\u00f6p Ibogaine Powder - Iboga till salu - Best Best Global Meds","og_description":"K\u00f6p Ibogaine Powder fr\u00e5n Afrika i Storbritannien, Europa till salu fr\u00e5n den b\u00e4sta hemsidan, Ibogaine till salu online. F\u00e5 Iboga root barks, Ibogaine hcl, Iboga TA, Ibogaine capsule och voacanga p\u00e5 get ibogaine.","og_url":"https:\/\/medicinasinc.com\/se\/product\/kopa-ibogaine-pulver\/","og_site_name":"Medicinas Inc","article_modified_time":"2022-07-04T00:05:02+00:00","og_image":[{"width":400,"height":533,"url":"https:\/\/medicinasinc.com\/se\/wp-content\/uploads\/sites\/16\/2022\/02\/Buy-Ibogaine-Powder.webp","type":"image\/webp"}],"twitter_card":"summary_large_image","twitter_misc":{"Ber\u00e4knad l\u00e4stid":"3 minuter"},"schema":{"@context":"https:\/\/schema.org","@graph":[{"@type":"WebPage","@id":"https:\/\/medicinasinc.com\/se\/product\/kopa-ibogaine-pulver\/","url":"https:\/\/medicinasinc.com\/se\/product\/kopa-ibogaine-pulver\/","name":"K\u00f6p Ibogaine Powder - Iboga till salu - Best Best Global Meds","isPartOf":{"@id":"https:\/\/medicinasinc.com\/se\/#website"},"primaryImageOfPage":{"@id":"https:\/\/medicinasinc.com\/se\/product\/kopa-ibogaine-pulver\/#primaryimage"},"image":{"@id":"https:\/\/medicinasinc.com\/se\/product\/kopa-ibogaine-pulver\/#primaryimage"},"thumbnailUrl":"https:\/\/medicinasinc.com\/se\/wp-content\/uploads\/sites\/16\/2022\/02\/Buy-Ibogaine-Powder.webp","datePublished":"2022-02-20T16:51:26+00:00","dateModified":"2022-07-04T00:05:02+00:00","description":"K\u00f6p Ibogaine Powder fr\u00e5n Afrika i Storbritannien, Europa till salu fr\u00e5n den b\u00e4sta hemsidan, Ibogaine till salu online. F\u00e5 Iboga root barks, Ibogaine hcl, Iboga TA, Ibogaine capsule och voacanga p\u00e5 get ibogaine.","breadcrumb":{"@id":"https:\/\/medicinasinc.com\/se\/product\/kopa-ibogaine-pulver\/#breadcrumb"},"inLanguage":"sv-SE","potentialAction":[{"@type":"ReadAction","target":["https:\/\/medicinasinc.com\/se\/product\/kopa-ibogaine-pulver\/"]}]},{"@type":"ImageObject","inLanguage":"sv-SE","@id":"https:\/\/medicinasinc.com\/se\/product\/kopa-ibogaine-pulver\/#primaryimage","url":"https:\/\/medicinasinc.com\/se\/wp-content\/uploads\/sites\/16\/2022\/02\/Buy-Ibogaine-Powder.webp","contentUrl":"https:\/\/medicinasinc.com\/se\/wp-content\/uploads\/sites\/16\/2022\/02\/Buy-Ibogaine-Powder.webp","width":400,"height":533},{"@type":"BreadcrumbList","@id":"https:\/\/medicinasinc.com\/se\/product\/kopa-ibogaine-pulver\/#breadcrumb","itemListElement":[{"@type":"ListItem","position":1,"name":"aff\u00e4r","item":"https:\/\/medicinasinc.com\/se\/affar\/"},{"@type":"ListItem","position":2,"name":"K\u00f6p Ibogaine Powder"}]},{"@type":"WebSite","@id":"https:\/\/medicinasinc.com\/se\/#website","url":"https:\/\/medicinasinc.com\/se\/","name":"Medicinas Inc","description":"Health Medical Clinic","potentialAction":[{"@type":"SearchAction","target":{"@type":"EntryPoint","urlTemplate":"https:\/\/medicinasinc.com\/se\/?s={search_term_string}"},"query-input":{"@type":"PropertyValueSpecification","valueRequired":true,"valueName":"search_term_string"}}],"inLanguage":"sv-SE"}]}},"_links":{"self":[{"href":"https:\/\/medicinasinc.com\/se\/wp-json\/wp\/v2\/product\/4849","targetHints":{"allow":["GET"]}}],"collection":[{"href":"https:\/\/medicinasinc.com\/se\/wp-json\/wp\/v2\/product"}],"about":[{"href":"https:\/\/medicinasinc.com\/se\/wp-json\/wp\/v2\/types\/product"}],"replies":[{"embeddable":true,"href":"https:\/\/medicinasinc.com\/se\/wp-json\/wp\/v2\/comments?post=4849"}],"wp:featuredmedia":[{"embeddable":true,"href":"https:\/\/medicinasinc.com\/se\/wp-json\/wp\/v2\/media\/4862"}],"wp:attachment":[{"href":"https:\/\/medicinasinc.com\/se\/wp-json\/wp\/v2\/media?parent=4849"}],"wp:term":[{"taxonomy":"product_brand","embeddable":true,"href":"https:\/\/medicinasinc.com\/se\/wp-json\/wp\/v2\/product_brand?post=4849"},{"taxonomy":"product_cat","embeddable":true,"href":"https:\/\/medicinasinc.com\/se\/wp-json\/wp\/v2\/product_cat?post=4849"},{"taxonomy":"product_tag","embeddable":true,"href":"https:\/\/medicinasinc.com\/se\/wp-json\/wp\/v2\/product_tag?post=4849"}],"curies":[{"name":"wp","href":"https:\/\/api.w.org\/{rel}","templated":true}]}}