{"id":4848,"date":"2022-02-20T16:50:30","date_gmt":"2022-02-20T16:50:30","guid":{"rendered":"https:\/\/medicinasinc.com\/se\/?post_type=product&#038;p=4848"},"modified":"2022-07-04T00:05:12","modified_gmt":"2022-07-04T00:05:12","slug":"kopa-ketamin-pulver","status":"publish","type":"product","link":"https:\/\/medicinasinc.com\/se\/product\/kopa-ketamin-pulver\/","title":{"rendered":"K\u00f6p ketaminpulver"},"content":{"rendered":"<p>Ketaminpulver kan k\u00f6pas online.<\/p>\n<p>K\u00f6p ketaminpulver f\u00f6r postoperativ sm\u00e4rtbehandling<br \/> Postoperativ sm\u00e4rta uppst\u00e5r efter st\u00f6rre operationer som inkluderar snitt och transplantation. Det kan kvarst\u00e5 i tv\u00e5 till fem dagar, och korrekt hantering \u00e4r n\u00f6dv\u00e4ndigt f\u00f6r att utrota det. Otillr\u00e4cklig kontroll kan resultera i or\u00f6rlighet, sv\u00e5rare att \u00e5terf\u00e5 funktionen och en f\u00f6rsenad \u00e5terh\u00e4mtning. M\u00e5let \u00e4r att lindra obehag med s\u00e5 f\u00e5 biverkningar som m\u00f6jligt. Trots \u00e5r av framsteg inom sm\u00e4rtbehandling \u00e4r den prim\u00e4ra delen av postoperativ terapi fortfarande anestetika som ketaminpulver till salu. De binder till centrala nervsystemets receptorer och h\u00e4mmar \u00f6verf\u00f6ringen av sm\u00e4rtsignaler. Den har en snabb ins\u00e4ttande effekt och en timmes effekt. De som \u00e4r ansvariga f\u00f6r att administrera l\u00e4kemedlet b\u00f6r se till att inga d\u00f6dliga interaktioner intr\u00e4ffar.<\/p>\n<p>B\u00e4sta globala mediciner \u2013 den enda k\u00e4llan f\u00f6r prisv\u00e4rt ketaminpulver<br \/> Ett brett utbud av receptbelagda l\u00e4kemedel \u00e4r nu tillg\u00e4ngliga utan att flytta en tum fr\u00e5n en plats. Hos Best Global Meds kan du best\u00e4lla ketaminpulver fr\u00e5n bekv\u00e4mligheten av ditt hem eller kontor. Vi str\u00e4var efter att g\u00f6ra onlinehandeln enkel och s\u00e4ker f\u00f6r v\u00e5ra kunder. Det \u00e4r d\u00e4rf\u00f6r vi accepterar en m\u00e4ngd olika betalningsmetoder, inklusive kryptovaluta, och skyddar din kreditkortsinformation genom kreditkortskryptering. Dessutom \u00e4r fraktf\u00f6rfarandet riskfritt. Vi arbetar med v\u00e4lrenommerade transporttj\u00e4nster f\u00f6r att s\u00e4kra dina mediciner och skicka dem direkt hem till dig.<\/p>\n<p>Om du har n\u00e5gra fr\u00e5gor om oss eller v\u00e5ra produkter, v\u00e4nligen kontakta en av v\u00e5ra chefer. Vi svarar g\u00e4rna p\u00e5 alla fr\u00e5gor du kan ha!<\/p>\n","protected":false},"excerpt":{"rendered":"<div class=\"woocommerce-product-details__short-description\">\n<p>K\u00f6p ketaminpulver Leverans till Europeiska unionen, betalning via Bitcoin. Ketaminpulver till rabatt &#8211; k\u00f6pa forskningskemikalier i Europa. Europas st\u00f6rsta \u00e5terf\u00f6rs\u00e4ljare av ketaminpulver.<\/p>\n<p>Ketaminpulver kan k\u00f6pas online. K\u00f6p ketamin HCL-pulver online \u2013 K\u00f6p ketaminpulver online \u2013 Best\u00e4ll ketaminpulver<\/p>\n<\/p><\/div>\n","protected":false},"featured_media":4860,"comment_status":"open","ping_status":"closed","template":"","meta":[],"product_brand":[],"product_cat":[703],"product_tag":[],"class_list":{"0":"post-4848","1":"product","2":"type-product","3":"status-publish","4":"has-post-thumbnail","6":"product_cat-kop-psykedeliska-droger","8":"first","9":"instock","10":"shipping-taxable","11":"purchasable","12":"product-type-variable","13":"has-default-attributes"},"yoast_head":"<!-- This site is optimized with the Yoast SEO plugin v27.3 - https:\/\/yoast.com\/product\/yoast-seo-wordpress\/ -->\n<title>K\u00f6p Ketaminpulver - Ketaminrea Europa - B\u00e4sta b\u00e4sta globala medicinerna<\/title>\n<meta name=\"description\" content=\"K\u00f6p ketaminpulver till salu EU-frakt, Bitcoin-betalning. Billig leverant\u00f6r av ketaminpulver - k\u00f6p forskningskemikalier i Europa. Ketaminpulverbutik i Europa.\" \/>\n<meta name=\"robots\" content=\"index, follow, max-snippet:-1, max-image-preview:large, max-video-preview:-1\" \/>\n<link rel=\"canonical\" href=\"https:\/\/medicinasinc.com\/se\/product\/kopa-ketamin-pulver\/\" \/>\n<meta property=\"og:locale\" content=\"sv_SE\" \/>\n<meta property=\"og:type\" content=\"article\" \/>\n<meta property=\"og:title\" content=\"K\u00f6p Ketaminpulver - Ketaminrea Europa - B\u00e4sta b\u00e4sta globala medicinerna\" \/>\n<meta property=\"og:description\" content=\"K\u00f6p ketaminpulver till salu EU-frakt, Bitcoin-betalning. Billig leverant\u00f6r av ketaminpulver - k\u00f6p forskningskemikalier i Europa. Ketaminpulverbutik i Europa.\" \/>\n<meta property=\"og:url\" content=\"https:\/\/medicinasinc.com\/se\/product\/kopa-ketamin-pulver\/\" \/>\n<meta property=\"og:site_name\" content=\"Medicinas Inc\" \/>\n<meta property=\"article:modified_time\" content=\"2022-07-04T00:05:12+00:00\" \/>\n<meta property=\"og:image\" content=\"https:\/\/medicinasinc.com\/se\/wp-content\/uploads\/sites\/16\/2022\/02\/Buy-Ketamine-powder.jpg\" \/>\n\t<meta property=\"og:image:width\" content=\"900\" \/>\n\t<meta property=\"og:image:height\" content=\"675\" \/>\n\t<meta property=\"og:image:type\" content=\"image\/jpeg\" \/>\n<meta name=\"twitter:card\" content=\"summary_large_image\" \/>\n<meta name=\"twitter:label1\" content=\"Ber\u00e4knad l\u00e4stid\" \/>\n\t<meta name=\"twitter:data1\" content=\"2 minuter\" \/>\n<script type=\"application\/ld+json\" class=\"yoast-schema-graph\">{\"@context\":\"https:\\\/\\\/schema.org\",\"@graph\":[{\"@type\":\"WebPage\",\"@id\":\"https:\\\/\\\/medicinasinc.com\\\/se\\\/product\\\/kopa-ketamin-pulver\\\/\",\"url\":\"https:\\\/\\\/medicinasinc.com\\\/se\\\/product\\\/kopa-ketamin-pulver\\\/\",\"name\":\"K\u00f6p Ketaminpulver - Ketaminrea Europa - B\u00e4sta b\u00e4sta globala medicinerna\",\"isPartOf\":{\"@id\":\"https:\\\/\\\/medicinasinc.com\\\/se\\\/#website\"},\"primaryImageOfPage\":{\"@id\":\"https:\\\/\\\/medicinasinc.com\\\/se\\\/product\\\/kopa-ketamin-pulver\\\/#primaryimage\"},\"image\":{\"@id\":\"https:\\\/\\\/medicinasinc.com\\\/se\\\/product\\\/kopa-ketamin-pulver\\\/#primaryimage\"},\"thumbnailUrl\":\"https:\\\/\\\/medicinasinc.com\\\/se\\\/wp-content\\\/uploads\\\/sites\\\/16\\\/2022\\\/02\\\/Buy-Ketamine-powder.jpg\",\"datePublished\":\"2022-02-20T16:50:30+00:00\",\"dateModified\":\"2022-07-04T00:05:12+00:00\",\"description\":\"K\u00f6p ketaminpulver till salu EU-frakt, Bitcoin-betalning. Billig leverant\u00f6r av ketaminpulver - k\u00f6p forskningskemikalier i Europa. Ketaminpulverbutik i Europa.\",\"breadcrumb\":{\"@id\":\"https:\\\/\\\/medicinasinc.com\\\/se\\\/product\\\/kopa-ketamin-pulver\\\/#breadcrumb\"},\"inLanguage\":\"sv-SE\",\"potentialAction\":[{\"@type\":\"ReadAction\",\"target\":[\"https:\\\/\\\/medicinasinc.com\\\/se\\\/product\\\/kopa-ketamin-pulver\\\/\"]}]},{\"@type\":\"ImageObject\",\"inLanguage\":\"sv-SE\",\"@id\":\"https:\\\/\\\/medicinasinc.com\\\/se\\\/product\\\/kopa-ketamin-pulver\\\/#primaryimage\",\"url\":\"https:\\\/\\\/medicinasinc.com\\\/se\\\/wp-content\\\/uploads\\\/sites\\\/16\\\/2022\\\/02\\\/Buy-Ketamine-powder.jpg\",\"contentUrl\":\"https:\\\/\\\/medicinasinc.com\\\/se\\\/wp-content\\\/uploads\\\/sites\\\/16\\\/2022\\\/02\\\/Buy-Ketamine-powder.jpg\",\"width\":900,\"height\":675},{\"@type\":\"BreadcrumbList\",\"@id\":\"https:\\\/\\\/medicinasinc.com\\\/se\\\/product\\\/kopa-ketamin-pulver\\\/#breadcrumb\",\"itemListElement\":[{\"@type\":\"ListItem\",\"position\":1,\"name\":\"aff\u00e4r\",\"item\":\"https:\\\/\\\/medicinasinc.com\\\/se\\\/affar\\\/\"},{\"@type\":\"ListItem\",\"position\":2,\"name\":\"K\u00f6p ketaminpulver\"}]},{\"@type\":\"WebSite\",\"@id\":\"https:\\\/\\\/medicinasinc.com\\\/se\\\/#website\",\"url\":\"https:\\\/\\\/medicinasinc.com\\\/se\\\/\",\"name\":\"Medicinas Inc\",\"description\":\"Health Medical Clinic\",\"potentialAction\":[{\"@type\":\"SearchAction\",\"target\":{\"@type\":\"EntryPoint\",\"urlTemplate\":\"https:\\\/\\\/medicinasinc.com\\\/se\\\/?s={search_term_string}\"},\"query-input\":{\"@type\":\"PropertyValueSpecification\",\"valueRequired\":true,\"valueName\":\"search_term_string\"}}],\"inLanguage\":\"sv-SE\"}]}<\/script>\n<!-- \/ Yoast SEO plugin. -->","yoast_head_json":{"title":"K\u00f6p Ketaminpulver - Ketaminrea Europa - B\u00e4sta b\u00e4sta globala medicinerna","description":"K\u00f6p ketaminpulver till salu EU-frakt, Bitcoin-betalning. Billig leverant\u00f6r av ketaminpulver - k\u00f6p forskningskemikalier i Europa. Ketaminpulverbutik i Europa.","robots":{"index":"index","follow":"follow","max-snippet":"max-snippet:-1","max-image-preview":"max-image-preview:large","max-video-preview":"max-video-preview:-1"},"canonical":"https:\/\/medicinasinc.com\/se\/product\/kopa-ketamin-pulver\/","og_locale":"sv_SE","og_type":"article","og_title":"K\u00f6p Ketaminpulver - Ketaminrea Europa - B\u00e4sta b\u00e4sta globala medicinerna","og_description":"K\u00f6p ketaminpulver till salu EU-frakt, Bitcoin-betalning. Billig leverant\u00f6r av ketaminpulver - k\u00f6p forskningskemikalier i Europa. Ketaminpulverbutik i Europa.","og_url":"https:\/\/medicinasinc.com\/se\/product\/kopa-ketamin-pulver\/","og_site_name":"Medicinas Inc","article_modified_time":"2022-07-04T00:05:12+00:00","og_image":[{"width":900,"height":675,"url":"https:\/\/medicinasinc.com\/se\/wp-content\/uploads\/sites\/16\/2022\/02\/Buy-Ketamine-powder.jpg","type":"image\/jpeg"}],"twitter_card":"summary_large_image","twitter_misc":{"Ber\u00e4knad l\u00e4stid":"2 minuter"},"schema":{"@context":"https:\/\/schema.org","@graph":[{"@type":"WebPage","@id":"https:\/\/medicinasinc.com\/se\/product\/kopa-ketamin-pulver\/","url":"https:\/\/medicinasinc.com\/se\/product\/kopa-ketamin-pulver\/","name":"K\u00f6p Ketaminpulver - Ketaminrea Europa - B\u00e4sta b\u00e4sta globala medicinerna","isPartOf":{"@id":"https:\/\/medicinasinc.com\/se\/#website"},"primaryImageOfPage":{"@id":"https:\/\/medicinasinc.com\/se\/product\/kopa-ketamin-pulver\/#primaryimage"},"image":{"@id":"https:\/\/medicinasinc.com\/se\/product\/kopa-ketamin-pulver\/#primaryimage"},"thumbnailUrl":"https:\/\/medicinasinc.com\/se\/wp-content\/uploads\/sites\/16\/2022\/02\/Buy-Ketamine-powder.jpg","datePublished":"2022-02-20T16:50:30+00:00","dateModified":"2022-07-04T00:05:12+00:00","description":"K\u00f6p ketaminpulver till salu EU-frakt, Bitcoin-betalning. Billig leverant\u00f6r av ketaminpulver - k\u00f6p forskningskemikalier i Europa. Ketaminpulverbutik i Europa.","breadcrumb":{"@id":"https:\/\/medicinasinc.com\/se\/product\/kopa-ketamin-pulver\/#breadcrumb"},"inLanguage":"sv-SE","potentialAction":[{"@type":"ReadAction","target":["https:\/\/medicinasinc.com\/se\/product\/kopa-ketamin-pulver\/"]}]},{"@type":"ImageObject","inLanguage":"sv-SE","@id":"https:\/\/medicinasinc.com\/se\/product\/kopa-ketamin-pulver\/#primaryimage","url":"https:\/\/medicinasinc.com\/se\/wp-content\/uploads\/sites\/16\/2022\/02\/Buy-Ketamine-powder.jpg","contentUrl":"https:\/\/medicinasinc.com\/se\/wp-content\/uploads\/sites\/16\/2022\/02\/Buy-Ketamine-powder.jpg","width":900,"height":675},{"@type":"BreadcrumbList","@id":"https:\/\/medicinasinc.com\/se\/product\/kopa-ketamin-pulver\/#breadcrumb","itemListElement":[{"@type":"ListItem","position":1,"name":"aff\u00e4r","item":"https:\/\/medicinasinc.com\/se\/affar\/"},{"@type":"ListItem","position":2,"name":"K\u00f6p ketaminpulver"}]},{"@type":"WebSite","@id":"https:\/\/medicinasinc.com\/se\/#website","url":"https:\/\/medicinasinc.com\/se\/","name":"Medicinas Inc","description":"Health Medical Clinic","potentialAction":[{"@type":"SearchAction","target":{"@type":"EntryPoint","urlTemplate":"https:\/\/medicinasinc.com\/se\/?s={search_term_string}"},"query-input":{"@type":"PropertyValueSpecification","valueRequired":true,"valueName":"search_term_string"}}],"inLanguage":"sv-SE"}]}},"_links":{"self":[{"href":"https:\/\/medicinasinc.com\/se\/wp-json\/wp\/v2\/product\/4848","targetHints":{"allow":["GET"]}}],"collection":[{"href":"https:\/\/medicinasinc.com\/se\/wp-json\/wp\/v2\/product"}],"about":[{"href":"https:\/\/medicinasinc.com\/se\/wp-json\/wp\/v2\/types\/product"}],"replies":[{"embeddable":true,"href":"https:\/\/medicinasinc.com\/se\/wp-json\/wp\/v2\/comments?post=4848"}],"wp:featuredmedia":[{"embeddable":true,"href":"https:\/\/medicinasinc.com\/se\/wp-json\/wp\/v2\/media\/4860"}],"wp:attachment":[{"href":"https:\/\/medicinasinc.com\/se\/wp-json\/wp\/v2\/media?parent=4848"}],"wp:term":[{"taxonomy":"product_brand","embeddable":true,"href":"https:\/\/medicinasinc.com\/se\/wp-json\/wp\/v2\/product_brand?post=4848"},{"taxonomy":"product_cat","embeddable":true,"href":"https:\/\/medicinasinc.com\/se\/wp-json\/wp\/v2\/product_cat?post=4848"},{"taxonomy":"product_tag","embeddable":true,"href":"https:\/\/medicinasinc.com\/se\/wp-json\/wp\/v2\/product_tag?post=4848"}],"curies":[{"name":"wp","href":"https:\/\/api.w.org\/{rel}","templated":true}]}}