{"id":4829,"date":"2022-02-20T16:33:58","date_gmt":"2022-02-20T16:33:58","guid":{"rendered":"https:\/\/medicinasinc.com\/se\/?post_type=product&#038;p=4829"},"modified":"2022-07-04T00:05:38","modified_gmt":"2022-07-04T00:05:38","slug":"buy-liquid-lsd","status":"publish","type":"product","link":"https:\/\/medicinasinc.com\/se\/product\/buy-liquid-lsd\/","title":{"rendered":"K\u00f6p flytande LSD"},"content":{"rendered":"<p>K\u00f6p flytande LSD till rabatterat pris online<\/p>\n<p>Som med Green Crack (och inte att f\u00f6rv\u00e4xla med LSD), \u00e4r Acid en stam uppkallad efter en milt psykoaktiv substans. Sammantaget har Acid styrka och kombinerar kontraintuitiva effekter med en f\u00f6rbryllande doft. Acid \u00e4r en stam utvecklad av Paradise Seeds, uppf\u00f6darna av Delahaze och Sensi Star. Den h\u00e4rr\u00f6r fr\u00e5n de \u00e4rftliga egenskaperna hos den mest popul\u00e4ra New York Sour Diesel-stammen. Dess lockelse gav den en tredje plats i Spaniens 2016 Copa THC Valencia f\u00f6r b\u00e4sta inomhusodlade blomma. Fr\u00e4tandes THC-inneh\u00e5ll har uppskattats till mellan 16 och 23%.<\/p>\n<p>Fr\u00e4tande bl\u00e4ndar med medelstora till enorma uppskattade blommor som har en ledad spadliknande form, som liknar miniatyrjulgranar, som drar \u00e5t fr\u00e5n en bred rund bas till en spetsig spets. Med sin kompakta, t\u00e4ta struktur \u00e4r dessa knoppar omissk\u00e4nnligt indica-dominerande. Bladen \u00e4r en dunkel \u00f6vervuxen gr\u00f6n och \u00e4r f\u00f6rvridna med v\u00e5giga jordn\u00e4ra f\u00e4rgade pistiller. Slutligen t\u00e4cker gnistrande vita trikomer de inre och yttre ytorna av Acids blommor, vilket ger stammens psykoaktiva egenskaper och g\u00f6r knopparna oerh\u00f6rt sv\u00e5ra att separera utan hj\u00e4lp av en processor.<\/p>\n<p>N\u00e4r Acid \u00e4r ordentligt avlastad har Acid en l\u00e4tt syrlig doft, som uppv\u00e4gs av en skarp citrusbrun. Likas\u00e5 finns det solida, myskiga basnoter som p\u00e5minner om fuktig jord och r\u00f6kelse. Samtidigt producerar separering eller granulering av dessa t\u00e4ta klumpar de sammandragande avgaserna som ger moderstammen New York Sour Diesel dess skarpa och v\u00e4lk\u00e4nda smak. N\u00e4r br\u00e4nnbara \u00e4mnen ant\u00e4nds i en ledning eller en skarv, producerar Acid en smidig r\u00f6k som \u00e4r l\u00e4tt att f\u00f6rt\u00e4ra. Vid utandningen l\u00e4mnar denna t\u00e4ta r\u00f6k en citron- och dieseleftersmak.<\/p>\n<p>Fr\u00e4tandes h\u00f6g b\u00f6rjar gradvis och f\u00f6rvr\u00e4nger r\u00f6karens uppfattning om deras exteri\u00f6ra uppgraderingar. Vissa ljud kan f\u00f6rst\u00e4rkas, som om de genererades inuti en efterklangskammare. Dessutom kan distinkta toner och starka ljus f\u00e5 en ny betydelse. N\u00e4r dessa p\u00e5tagliga effekter blir \u00f6verv\u00e4ldigande, b\u00f6rjar mer levande hallucinogena underverk manifesteras, liknande interna och externa insiktsf\u00f6rvr\u00e4ngningar och en solid k\u00e4nsla av tidsexpansion. R\u00f6kare kan uppleva en medveten viktning kring helgedomarna och lymforganen \u00f6ver tid, samt en l\u00e4tt \u00f6kning av salivuts\u00f6ndringen. Dessa rysningar utvecklas till \u00f6versv\u00e4mningar av avkoppling som f\u00e4rdas l\u00e4ngs ryggraden och ut genom det centrala nervsystemet och bihangen. \u00c4ven om dessa lindrande effekter kanske inte helt immobiliserar klienterna, kan de k\u00e4nna sig tvungna att varva ner i de n\u00e4rmaste angen\u00e4ma milj\u00f6faktorerna.<\/p>\n<p>Fr\u00e4tandes h\u00f6g k\u00e4nnetecknas ocks\u00e5 av en cerebral mentalitet d\u00e4r r\u00f6karen kan f\u00e5 kontakt med ovanliga tankar eller id\u00e9er. , tycker att de \u00e4r mer fascinerande \u00e4n de \u00e4r i alla fall. S\u00e5dana \u00f6ppet bekanta resonemang kan vara en effektiv metod f\u00f6r att uppt\u00e4cka nya l\u00f6sningar p\u00e5 f\u00f6rvirrande fr\u00e5gor eller f\u00f6r att hantera specifika arbets\u00e4renden. Med tiden \u2013 eller n\u00e4r m\u00e4tningen \u00f6kar \u2013 blir Acids psykologiska effekter mer fantastiska \u00e4n uppenbara, vilket g\u00f6r all tidigare effektivitet ogiltig. P\u00e5 grund av dess progressiva f\u00f6rlust av energi, \u00e4r denna stam b\u00e4st att avnjutas sent p\u00e5 kv\u00e4llen eller p\u00e5 natten.<\/p>\n<p>Flytande LSD 200 ug\/droppe, syra till salu online, LSD till salu online, k\u00f6p lsd online, LSD syra till salu online, lsd onlinebutik, flytande lsd till salu, acid till salu online<\/p>\n","protected":false},"excerpt":{"rendered":"<p>K\u00f6p LSD online Flytande LSD, Detaljer Lysergide (LSD) \u00e4r en halvsyntetisk hallucinogen och \u00e4r en av de mest potenta drogerna som \u00e4r k\u00e4nda. Fritidsanv\u00e4ndning .<\/p>\n<p>K\u00f6p flytande LSD till l\u00e5g kostnad online. \u00c4kta flytande LSD till salu online | K\u00f6p flytande LSD online | K\u00f6p flytande LSD till salu| K\u00f6p billig flytande LSD | Var kan man k\u00f6pa flytande LSD online<\/p>\n","protected":false},"featured_media":4842,"comment_status":"open","ping_status":"closed","template":"","meta":[],"product_brand":[],"product_cat":[703],"product_tag":[],"class_list":{"0":"post-4829","1":"product","2":"type-product","3":"status-publish","4":"has-post-thumbnail","6":"product_cat-kop-psykedeliska-droger","8":"first","9":"instock","10":"shipping-taxable","11":"purchasable","12":"product-type-variable","13":"has-default-attributes"},"yoast_head":"<!-- This site is optimized with the Yoast SEO plugin v27.3 - https:\/\/yoast.com\/product\/yoast-seo-wordpress\/ -->\n<title>K\u00f6p flytande LSD - Best Best Global Meds<\/title>\n<meta name=\"description\" content=\"K\u00f6p LSD online Flytande LSD, detaljer Lysergide (LSD) \u00e4r ett halvsyntetiskt hallucinogen och \u00e4r en av de mest potenta drogerna som \u00e4r k\u00e4nda. Fritidsanv\u00e4ndning.\" \/>\n<meta name=\"robots\" content=\"index, follow, max-snippet:-1, max-image-preview:large, max-video-preview:-1\" \/>\n<link rel=\"canonical\" href=\"https:\/\/medicinasinc.com\/se\/product\/buy-liquid-lsd\/\" \/>\n<meta property=\"og:locale\" content=\"sv_SE\" \/>\n<meta property=\"og:type\" content=\"article\" \/>\n<meta property=\"og:title\" content=\"K\u00f6p flytande LSD - Best Best Global Meds\" \/>\n<meta property=\"og:description\" content=\"K\u00f6p LSD online Flytande LSD, detaljer Lysergide (LSD) \u00e4r ett halvsyntetiskt hallucinogen och \u00e4r en av de mest potenta drogerna som \u00e4r k\u00e4nda. Fritidsanv\u00e4ndning.\" \/>\n<meta property=\"og:url\" content=\"https:\/\/medicinasinc.com\/se\/product\/buy-liquid-lsd\/\" \/>\n<meta property=\"og:site_name\" content=\"Medicinas Inc\" \/>\n<meta property=\"article:modified_time\" content=\"2022-07-04T00:05:38+00:00\" \/>\n<meta property=\"og:image\" content=\"https:\/\/medicinasinc.com\/se\/wp-content\/uploads\/sites\/16\/2022\/02\/Buy-Liquid-LSD.jpg\" \/>\n\t<meta property=\"og:image:width\" content=\"512\" \/>\n\t<meta property=\"og:image:height\" content=\"512\" \/>\n\t<meta property=\"og:image:type\" content=\"image\/jpeg\" \/>\n<meta name=\"twitter:card\" content=\"summary_large_image\" \/>\n<meta name=\"twitter:label1\" content=\"Ber\u00e4knad l\u00e4stid\" \/>\n\t<meta name=\"twitter:data1\" content=\"3 minuter\" \/>\n<script type=\"application\/ld+json\" class=\"yoast-schema-graph\">{\"@context\":\"https:\\\/\\\/schema.org\",\"@graph\":[{\"@type\":\"WebPage\",\"@id\":\"https:\\\/\\\/medicinasinc.com\\\/se\\\/product\\\/buy-liquid-lsd\\\/\",\"url\":\"https:\\\/\\\/medicinasinc.com\\\/se\\\/product\\\/buy-liquid-lsd\\\/\",\"name\":\"K\u00f6p flytande LSD - Best Best Global Meds\",\"isPartOf\":{\"@id\":\"https:\\\/\\\/medicinasinc.com\\\/se\\\/#website\"},\"primaryImageOfPage\":{\"@id\":\"https:\\\/\\\/medicinasinc.com\\\/se\\\/product\\\/buy-liquid-lsd\\\/#primaryimage\"},\"image\":{\"@id\":\"https:\\\/\\\/medicinasinc.com\\\/se\\\/product\\\/buy-liquid-lsd\\\/#primaryimage\"},\"thumbnailUrl\":\"https:\\\/\\\/medicinasinc.com\\\/se\\\/wp-content\\\/uploads\\\/sites\\\/16\\\/2022\\\/02\\\/Buy-Liquid-LSD.jpg\",\"datePublished\":\"2022-02-20T16:33:58+00:00\",\"dateModified\":\"2022-07-04T00:05:38+00:00\",\"description\":\"K\u00f6p LSD online Flytande LSD, detaljer Lysergide (LSD) \u00e4r ett halvsyntetiskt hallucinogen och \u00e4r en av de mest potenta drogerna som \u00e4r k\u00e4nda. Fritidsanv\u00e4ndning.\",\"breadcrumb\":{\"@id\":\"https:\\\/\\\/medicinasinc.com\\\/se\\\/product\\\/buy-liquid-lsd\\\/#breadcrumb\"},\"inLanguage\":\"sv-SE\",\"potentialAction\":[{\"@type\":\"ReadAction\",\"target\":[\"https:\\\/\\\/medicinasinc.com\\\/se\\\/product\\\/buy-liquid-lsd\\\/\"]}]},{\"@type\":\"ImageObject\",\"inLanguage\":\"sv-SE\",\"@id\":\"https:\\\/\\\/medicinasinc.com\\\/se\\\/product\\\/buy-liquid-lsd\\\/#primaryimage\",\"url\":\"https:\\\/\\\/medicinasinc.com\\\/se\\\/wp-content\\\/uploads\\\/sites\\\/16\\\/2022\\\/02\\\/Buy-Liquid-LSD.jpg\",\"contentUrl\":\"https:\\\/\\\/medicinasinc.com\\\/se\\\/wp-content\\\/uploads\\\/sites\\\/16\\\/2022\\\/02\\\/Buy-Liquid-LSD.jpg\",\"width\":512,\"height\":512},{\"@type\":\"BreadcrumbList\",\"@id\":\"https:\\\/\\\/medicinasinc.com\\\/se\\\/product\\\/buy-liquid-lsd\\\/#breadcrumb\",\"itemListElement\":[{\"@type\":\"ListItem\",\"position\":1,\"name\":\"aff\u00e4r\",\"item\":\"https:\\\/\\\/medicinasinc.com\\\/se\\\/affar\\\/\"},{\"@type\":\"ListItem\",\"position\":2,\"name\":\"K\u00f6p flytande LSD\"}]},{\"@type\":\"WebSite\",\"@id\":\"https:\\\/\\\/medicinasinc.com\\\/se\\\/#website\",\"url\":\"https:\\\/\\\/medicinasinc.com\\\/se\\\/\",\"name\":\"Medicinas Inc\",\"description\":\"Health Medical Clinic\",\"potentialAction\":[{\"@type\":\"SearchAction\",\"target\":{\"@type\":\"EntryPoint\",\"urlTemplate\":\"https:\\\/\\\/medicinasinc.com\\\/se\\\/?s={search_term_string}\"},\"query-input\":{\"@type\":\"PropertyValueSpecification\",\"valueRequired\":true,\"valueName\":\"search_term_string\"}}],\"inLanguage\":\"sv-SE\"}]}<\/script>\n<!-- \/ Yoast SEO plugin. -->","yoast_head_json":{"title":"K\u00f6p flytande LSD - Best Best Global Meds","description":"K\u00f6p LSD online Flytande LSD, detaljer Lysergide (LSD) \u00e4r ett halvsyntetiskt hallucinogen och \u00e4r en av de mest potenta drogerna som \u00e4r k\u00e4nda. Fritidsanv\u00e4ndning.","robots":{"index":"index","follow":"follow","max-snippet":"max-snippet:-1","max-image-preview":"max-image-preview:large","max-video-preview":"max-video-preview:-1"},"canonical":"https:\/\/medicinasinc.com\/se\/product\/buy-liquid-lsd\/","og_locale":"sv_SE","og_type":"article","og_title":"K\u00f6p flytande LSD - Best Best Global Meds","og_description":"K\u00f6p LSD online Flytande LSD, detaljer Lysergide (LSD) \u00e4r ett halvsyntetiskt hallucinogen och \u00e4r en av de mest potenta drogerna som \u00e4r k\u00e4nda. Fritidsanv\u00e4ndning.","og_url":"https:\/\/medicinasinc.com\/se\/product\/buy-liquid-lsd\/","og_site_name":"Medicinas Inc","article_modified_time":"2022-07-04T00:05:38+00:00","og_image":[{"width":512,"height":512,"url":"https:\/\/medicinasinc.com\/se\/wp-content\/uploads\/sites\/16\/2022\/02\/Buy-Liquid-LSD.jpg","type":"image\/jpeg"}],"twitter_card":"summary_large_image","twitter_misc":{"Ber\u00e4knad l\u00e4stid":"3 minuter"},"schema":{"@context":"https:\/\/schema.org","@graph":[{"@type":"WebPage","@id":"https:\/\/medicinasinc.com\/se\/product\/buy-liquid-lsd\/","url":"https:\/\/medicinasinc.com\/se\/product\/buy-liquid-lsd\/","name":"K\u00f6p flytande LSD - Best Best Global Meds","isPartOf":{"@id":"https:\/\/medicinasinc.com\/se\/#website"},"primaryImageOfPage":{"@id":"https:\/\/medicinasinc.com\/se\/product\/buy-liquid-lsd\/#primaryimage"},"image":{"@id":"https:\/\/medicinasinc.com\/se\/product\/buy-liquid-lsd\/#primaryimage"},"thumbnailUrl":"https:\/\/medicinasinc.com\/se\/wp-content\/uploads\/sites\/16\/2022\/02\/Buy-Liquid-LSD.jpg","datePublished":"2022-02-20T16:33:58+00:00","dateModified":"2022-07-04T00:05:38+00:00","description":"K\u00f6p LSD online Flytande LSD, detaljer Lysergide (LSD) \u00e4r ett halvsyntetiskt hallucinogen och \u00e4r en av de mest potenta drogerna som \u00e4r k\u00e4nda. Fritidsanv\u00e4ndning.","breadcrumb":{"@id":"https:\/\/medicinasinc.com\/se\/product\/buy-liquid-lsd\/#breadcrumb"},"inLanguage":"sv-SE","potentialAction":[{"@type":"ReadAction","target":["https:\/\/medicinasinc.com\/se\/product\/buy-liquid-lsd\/"]}]},{"@type":"ImageObject","inLanguage":"sv-SE","@id":"https:\/\/medicinasinc.com\/se\/product\/buy-liquid-lsd\/#primaryimage","url":"https:\/\/medicinasinc.com\/se\/wp-content\/uploads\/sites\/16\/2022\/02\/Buy-Liquid-LSD.jpg","contentUrl":"https:\/\/medicinasinc.com\/se\/wp-content\/uploads\/sites\/16\/2022\/02\/Buy-Liquid-LSD.jpg","width":512,"height":512},{"@type":"BreadcrumbList","@id":"https:\/\/medicinasinc.com\/se\/product\/buy-liquid-lsd\/#breadcrumb","itemListElement":[{"@type":"ListItem","position":1,"name":"aff\u00e4r","item":"https:\/\/medicinasinc.com\/se\/affar\/"},{"@type":"ListItem","position":2,"name":"K\u00f6p flytande LSD"}]},{"@type":"WebSite","@id":"https:\/\/medicinasinc.com\/se\/#website","url":"https:\/\/medicinasinc.com\/se\/","name":"Medicinas Inc","description":"Health Medical Clinic","potentialAction":[{"@type":"SearchAction","target":{"@type":"EntryPoint","urlTemplate":"https:\/\/medicinasinc.com\/se\/?s={search_term_string}"},"query-input":{"@type":"PropertyValueSpecification","valueRequired":true,"valueName":"search_term_string"}}],"inLanguage":"sv-SE"}]}},"_links":{"self":[{"href":"https:\/\/medicinasinc.com\/se\/wp-json\/wp\/v2\/product\/4829","targetHints":{"allow":["GET"]}}],"collection":[{"href":"https:\/\/medicinasinc.com\/se\/wp-json\/wp\/v2\/product"}],"about":[{"href":"https:\/\/medicinasinc.com\/se\/wp-json\/wp\/v2\/types\/product"}],"replies":[{"embeddable":true,"href":"https:\/\/medicinasinc.com\/se\/wp-json\/wp\/v2\/comments?post=4829"}],"wp:featuredmedia":[{"embeddable":true,"href":"https:\/\/medicinasinc.com\/se\/wp-json\/wp\/v2\/media\/4842"}],"wp:attachment":[{"href":"https:\/\/medicinasinc.com\/se\/wp-json\/wp\/v2\/media?parent=4829"}],"wp:term":[{"taxonomy":"product_brand","embeddable":true,"href":"https:\/\/medicinasinc.com\/se\/wp-json\/wp\/v2\/product_brand?post=4829"},{"taxonomy":"product_cat","embeddable":true,"href":"https:\/\/medicinasinc.com\/se\/wp-json\/wp\/v2\/product_cat?post=4829"},{"taxonomy":"product_tag","embeddable":true,"href":"https:\/\/medicinasinc.com\/se\/wp-json\/wp\/v2\/product_tag?post=4829"}],"curies":[{"name":"wp","href":"https:\/\/api.w.org\/{rel}","templated":true}]}}