{"id":4810,"date":"2022-02-20T16:18:47","date_gmt":"2022-02-20T16:18:47","guid":{"rendered":"https:\/\/medicinasinc.com\/se\/?post_type=product&#038;p=4810"},"modified":"2022-07-04T00:06:04","modified_gmt":"2022-07-04T00:06:04","slug":"kop-thca-kristaller-oversta-hyllan","status":"publish","type":"product","link":"https:\/\/medicinasinc.com\/se\/product\/kop-thca-kristaller-oversta-hyllan\/","title":{"rendered":"K\u00f6p THCA Crystals- Top Shelf"},"content":{"rendered":"<p>Kristallin THCA<\/p>\n<p>THCA Kristallin, alternativt kallad &#8221;kristaller&#8221;, &#8221;THC-kristaller&#8221; eller &#8221;diamanter&#8221;, \u00e4r ett cannabiskoncentrat i fast tillst\u00e5nd. Det ser ut som grovt socker, den typ som vanligtvis anv\u00e4nds f\u00f6r att dekorera sockerkakor eller f\u00f6r att glittra toppen av bakade fruktpajer. Kristallin \u00e4r tillverkad f\u00f6r att ta bort v\u00e4xtmaterial och terpener, som \u00e4r de utm\u00e4rkande aromatiska egenskaperna och smakegenskaperna hos en cannabiskultivar eller -stam.<\/p>\n<p>BETEKELSE AV THCA Kristallin<\/p>\n<p>Du kanske har h\u00f6rt termen &#8221; THC-kristaller&#8221; eller &#8221;THC crystalline&#8221; anv\u00e4nds f\u00f6r att h\u00e4nvisa till kristallin, men THC, som ger en berusande high, \u00e4r inte kristallin; kemiskt \u00e4r THC of\u00f6rm\u00f6gen att bilda en kristallin struktur. Med andra ord, det som ofta kallas &#8221;THC-kristaller&#8221; \u00e4r inte ren THC, utan en form av ren THCA. Vid konsumtionstidpunkten kristalliseras THCA till aktiv THC via dekarboxylering. Kristallin produceras med en enda cannabinoid. THCA, CBDA och CBD \u00e4r de enda cannabinoiderna som finns tillg\u00e4ngliga i kristallin form. Alla som konsumerar THCA, CBDA eller CBD kommer inte att uppleva en berusande high, \u00e4ven om THCA omvandlas till THC vid upphettning, vilket g\u00f6r det kristallina berusande.<\/p>\n<p>HUR SKAPAR MAN KRISTALLIN THCA<\/p>\n<p>Kristallin r\u00f6ks ofta eller duttas med en dab-rigg. En dab-rigg \u00e4r en r\u00f6kapparat, som liknar en liten vattenbong, som f\u00f6r\u00e5ngar uppv\u00e4rmd kristall f\u00f6r inandning i enstaka, uppm\u00e4tta doser. Kristallina konsumeras ofta oralt, antingen som en ingrediens i \u00e4tbart eller l\u00f6st i olja f\u00f6r att skapa en tinkturliknande produkt. Kristaller l\u00f6ses ofta i vegetabilisk olja eller sm\u00f6r och anv\u00e4nds som ingrediens i hemlagad mat. Vegetabiliska och kopraoljor \u00e4r de mest anv\u00e4nda l\u00f6sningsmedlen f\u00f6r att l\u00f6sa upp kristaller f\u00f6r att skapa en tinkturliknande produkt.<\/p>\n","protected":false},"excerpt":{"rendered":"<p>K\u00f6p thca kristallina online i Europa, thca kristaller till salu, kristallina diamanter i Nederl\u00e4nderna, thc kristallina n\u00e4ra mig, thc kristaller till salu i Europa.<\/p>\n<ul>\n<li>V\u00e4rldsomsp\u00e4nnande frakt<\/li>\n<li><strong>Ett koncentrat som best\u00e5r av 97-99 % THC<\/strong><\/li>\n<li><strong>99 % rent THC-A<\/strong><\/li>\n<li><strong>Kontakta oss <\/strong>\u00a0f\u00f6r st\u00f6rre best\u00e4llningar<\/li>\n<\/ul>\n","protected":false},"featured_media":4823,"comment_status":"open","ping_status":"closed","template":"","meta":[],"product_brand":[],"product_cat":[702],"product_tag":[],"class_list":{"0":"post-4810","1":"product","2":"type-product","3":"status-publish","4":"has-post-thumbnail","6":"product_cat-kop-cannabisvax","8":"first","9":"instock","10":"shipping-taxable","11":"purchasable","12":"product-type-variable","13":"has-default-attributes"},"yoast_head":"<!-- This site is optimized with the Yoast SEO plugin v27.3 - https:\/\/yoast.com\/product\/yoast-seo-wordpress\/ -->\n<title>K\u00f6p THCA-kristaller - \u00f6versta hyllan - B\u00e4sta b\u00e4sta globala medicinerna<\/title>\n<meta name=\"description\" content=\"K\u00f6p thca kristallina online Europa, thca kristaller till salu, kristallina diamanter NL, thc kristallina n\u00e4ra mig, k\u00f6p thc kristaller i Europa.\" \/>\n<meta name=\"robots\" content=\"index, follow, max-snippet:-1, max-image-preview:large, max-video-preview:-1\" \/>\n<link rel=\"canonical\" href=\"https:\/\/medicinasinc.com\/se\/product\/kop-thca-kristaller-oversta-hyllan\/\" \/>\n<meta property=\"og:locale\" content=\"sv_SE\" \/>\n<meta property=\"og:type\" content=\"article\" \/>\n<meta property=\"og:title\" content=\"K\u00f6p THCA-kristaller - \u00f6versta hyllan - B\u00e4sta b\u00e4sta globala medicinerna\" \/>\n<meta property=\"og:description\" content=\"K\u00f6p thca kristallina online Europa, thca kristaller till salu, kristallina diamanter NL, thc kristallina n\u00e4ra mig, k\u00f6p thc kristaller i Europa.\" \/>\n<meta property=\"og:url\" content=\"https:\/\/medicinasinc.com\/se\/product\/kop-thca-kristaller-oversta-hyllan\/\" \/>\n<meta property=\"og:site_name\" content=\"Medicinas Inc\" \/>\n<meta property=\"article:modified_time\" content=\"2022-07-04T00:06:04+00:00\" \/>\n<meta property=\"og:image\" content=\"https:\/\/medicinasinc.com\/se\/wp-content\/uploads\/sites\/16\/2022\/02\/Buy-THCA-Crystals-Top-Shelf.jpg\" \/>\n\t<meta property=\"og:image:width\" content=\"600\" \/>\n\t<meta property=\"og:image:height\" content=\"600\" \/>\n\t<meta property=\"og:image:type\" content=\"image\/jpeg\" \/>\n<meta name=\"twitter:card\" content=\"summary_large_image\" \/>\n<meta name=\"twitter:label1\" content=\"Ber\u00e4knad l\u00e4stid\" \/>\n\t<meta name=\"twitter:data1\" content=\"2 minuter\" \/>\n<script type=\"application\/ld+json\" class=\"yoast-schema-graph\">{\"@context\":\"https:\\\/\\\/schema.org\",\"@graph\":[{\"@type\":\"WebPage\",\"@id\":\"https:\\\/\\\/medicinasinc.com\\\/se\\\/product\\\/kop-thca-kristaller-oversta-hyllan\\\/\",\"url\":\"https:\\\/\\\/medicinasinc.com\\\/se\\\/product\\\/kop-thca-kristaller-oversta-hyllan\\\/\",\"name\":\"K\u00f6p THCA-kristaller - \u00f6versta hyllan - B\u00e4sta b\u00e4sta globala medicinerna\",\"isPartOf\":{\"@id\":\"https:\\\/\\\/medicinasinc.com\\\/se\\\/#website\"},\"primaryImageOfPage\":{\"@id\":\"https:\\\/\\\/medicinasinc.com\\\/se\\\/product\\\/kop-thca-kristaller-oversta-hyllan\\\/#primaryimage\"},\"image\":{\"@id\":\"https:\\\/\\\/medicinasinc.com\\\/se\\\/product\\\/kop-thca-kristaller-oversta-hyllan\\\/#primaryimage\"},\"thumbnailUrl\":\"https:\\\/\\\/medicinasinc.com\\\/se\\\/wp-content\\\/uploads\\\/sites\\\/16\\\/2022\\\/02\\\/Buy-THCA-Crystals-Top-Shelf.jpg\",\"datePublished\":\"2022-02-20T16:18:47+00:00\",\"dateModified\":\"2022-07-04T00:06:04+00:00\",\"description\":\"K\u00f6p thca kristallina online Europa, thca kristaller till salu, kristallina diamanter NL, thc kristallina n\u00e4ra mig, k\u00f6p thc kristaller i Europa.\",\"breadcrumb\":{\"@id\":\"https:\\\/\\\/medicinasinc.com\\\/se\\\/product\\\/kop-thca-kristaller-oversta-hyllan\\\/#breadcrumb\"},\"inLanguage\":\"sv-SE\",\"potentialAction\":[{\"@type\":\"ReadAction\",\"target\":[\"https:\\\/\\\/medicinasinc.com\\\/se\\\/product\\\/kop-thca-kristaller-oversta-hyllan\\\/\"]}]},{\"@type\":\"ImageObject\",\"inLanguage\":\"sv-SE\",\"@id\":\"https:\\\/\\\/medicinasinc.com\\\/se\\\/product\\\/kop-thca-kristaller-oversta-hyllan\\\/#primaryimage\",\"url\":\"https:\\\/\\\/medicinasinc.com\\\/se\\\/wp-content\\\/uploads\\\/sites\\\/16\\\/2022\\\/02\\\/Buy-THCA-Crystals-Top-Shelf.jpg\",\"contentUrl\":\"https:\\\/\\\/medicinasinc.com\\\/se\\\/wp-content\\\/uploads\\\/sites\\\/16\\\/2022\\\/02\\\/Buy-THCA-Crystals-Top-Shelf.jpg\",\"width\":600,\"height\":600},{\"@type\":\"BreadcrumbList\",\"@id\":\"https:\\\/\\\/medicinasinc.com\\\/se\\\/product\\\/kop-thca-kristaller-oversta-hyllan\\\/#breadcrumb\",\"itemListElement\":[{\"@type\":\"ListItem\",\"position\":1,\"name\":\"aff\u00e4r\",\"item\":\"https:\\\/\\\/medicinasinc.com\\\/se\\\/affar\\\/\"},{\"@type\":\"ListItem\",\"position\":2,\"name\":\"K\u00f6p THCA Crystals- Top Shelf\"}]},{\"@type\":\"WebSite\",\"@id\":\"https:\\\/\\\/medicinasinc.com\\\/se\\\/#website\",\"url\":\"https:\\\/\\\/medicinasinc.com\\\/se\\\/\",\"name\":\"Medicinas Inc\",\"description\":\"Health Medical Clinic\",\"potentialAction\":[{\"@type\":\"SearchAction\",\"target\":{\"@type\":\"EntryPoint\",\"urlTemplate\":\"https:\\\/\\\/medicinasinc.com\\\/se\\\/?s={search_term_string}\"},\"query-input\":{\"@type\":\"PropertyValueSpecification\",\"valueRequired\":true,\"valueName\":\"search_term_string\"}}],\"inLanguage\":\"sv-SE\"}]}<\/script>\n<!-- \/ Yoast SEO plugin. -->","yoast_head_json":{"title":"K\u00f6p THCA-kristaller - \u00f6versta hyllan - B\u00e4sta b\u00e4sta globala medicinerna","description":"K\u00f6p thca kristallina online Europa, thca kristaller till salu, kristallina diamanter NL, thc kristallina n\u00e4ra mig, k\u00f6p thc kristaller i Europa.","robots":{"index":"index","follow":"follow","max-snippet":"max-snippet:-1","max-image-preview":"max-image-preview:large","max-video-preview":"max-video-preview:-1"},"canonical":"https:\/\/medicinasinc.com\/se\/product\/kop-thca-kristaller-oversta-hyllan\/","og_locale":"sv_SE","og_type":"article","og_title":"K\u00f6p THCA-kristaller - \u00f6versta hyllan - B\u00e4sta b\u00e4sta globala medicinerna","og_description":"K\u00f6p thca kristallina online Europa, thca kristaller till salu, kristallina diamanter NL, thc kristallina n\u00e4ra mig, k\u00f6p thc kristaller i Europa.","og_url":"https:\/\/medicinasinc.com\/se\/product\/kop-thca-kristaller-oversta-hyllan\/","og_site_name":"Medicinas Inc","article_modified_time":"2022-07-04T00:06:04+00:00","og_image":[{"width":600,"height":600,"url":"https:\/\/medicinasinc.com\/se\/wp-content\/uploads\/sites\/16\/2022\/02\/Buy-THCA-Crystals-Top-Shelf.jpg","type":"image\/jpeg"}],"twitter_card":"summary_large_image","twitter_misc":{"Ber\u00e4knad l\u00e4stid":"2 minuter"},"schema":{"@context":"https:\/\/schema.org","@graph":[{"@type":"WebPage","@id":"https:\/\/medicinasinc.com\/se\/product\/kop-thca-kristaller-oversta-hyllan\/","url":"https:\/\/medicinasinc.com\/se\/product\/kop-thca-kristaller-oversta-hyllan\/","name":"K\u00f6p THCA-kristaller - \u00f6versta hyllan - B\u00e4sta b\u00e4sta globala medicinerna","isPartOf":{"@id":"https:\/\/medicinasinc.com\/se\/#website"},"primaryImageOfPage":{"@id":"https:\/\/medicinasinc.com\/se\/product\/kop-thca-kristaller-oversta-hyllan\/#primaryimage"},"image":{"@id":"https:\/\/medicinasinc.com\/se\/product\/kop-thca-kristaller-oversta-hyllan\/#primaryimage"},"thumbnailUrl":"https:\/\/medicinasinc.com\/se\/wp-content\/uploads\/sites\/16\/2022\/02\/Buy-THCA-Crystals-Top-Shelf.jpg","datePublished":"2022-02-20T16:18:47+00:00","dateModified":"2022-07-04T00:06:04+00:00","description":"K\u00f6p thca kristallina online Europa, thca kristaller till salu, kristallina diamanter NL, thc kristallina n\u00e4ra mig, k\u00f6p thc kristaller i Europa.","breadcrumb":{"@id":"https:\/\/medicinasinc.com\/se\/product\/kop-thca-kristaller-oversta-hyllan\/#breadcrumb"},"inLanguage":"sv-SE","potentialAction":[{"@type":"ReadAction","target":["https:\/\/medicinasinc.com\/se\/product\/kop-thca-kristaller-oversta-hyllan\/"]}]},{"@type":"ImageObject","inLanguage":"sv-SE","@id":"https:\/\/medicinasinc.com\/se\/product\/kop-thca-kristaller-oversta-hyllan\/#primaryimage","url":"https:\/\/medicinasinc.com\/se\/wp-content\/uploads\/sites\/16\/2022\/02\/Buy-THCA-Crystals-Top-Shelf.jpg","contentUrl":"https:\/\/medicinasinc.com\/se\/wp-content\/uploads\/sites\/16\/2022\/02\/Buy-THCA-Crystals-Top-Shelf.jpg","width":600,"height":600},{"@type":"BreadcrumbList","@id":"https:\/\/medicinasinc.com\/se\/product\/kop-thca-kristaller-oversta-hyllan\/#breadcrumb","itemListElement":[{"@type":"ListItem","position":1,"name":"aff\u00e4r","item":"https:\/\/medicinasinc.com\/se\/affar\/"},{"@type":"ListItem","position":2,"name":"K\u00f6p THCA Crystals- Top Shelf"}]},{"@type":"WebSite","@id":"https:\/\/medicinasinc.com\/se\/#website","url":"https:\/\/medicinasinc.com\/se\/","name":"Medicinas Inc","description":"Health Medical Clinic","potentialAction":[{"@type":"SearchAction","target":{"@type":"EntryPoint","urlTemplate":"https:\/\/medicinasinc.com\/se\/?s={search_term_string}"},"query-input":{"@type":"PropertyValueSpecification","valueRequired":true,"valueName":"search_term_string"}}],"inLanguage":"sv-SE"}]}},"_links":{"self":[{"href":"https:\/\/medicinasinc.com\/se\/wp-json\/wp\/v2\/product\/4810","targetHints":{"allow":["GET"]}}],"collection":[{"href":"https:\/\/medicinasinc.com\/se\/wp-json\/wp\/v2\/product"}],"about":[{"href":"https:\/\/medicinasinc.com\/se\/wp-json\/wp\/v2\/types\/product"}],"replies":[{"embeddable":true,"href":"https:\/\/medicinasinc.com\/se\/wp-json\/wp\/v2\/comments?post=4810"}],"wp:featuredmedia":[{"embeddable":true,"href":"https:\/\/medicinasinc.com\/se\/wp-json\/wp\/v2\/media\/4823"}],"wp:attachment":[{"href":"https:\/\/medicinasinc.com\/se\/wp-json\/wp\/v2\/media?parent=4810"}],"wp:term":[{"taxonomy":"product_brand","embeddable":true,"href":"https:\/\/medicinasinc.com\/se\/wp-json\/wp\/v2\/product_brand?post=4810"},{"taxonomy":"product_cat","embeddable":true,"href":"https:\/\/medicinasinc.com\/se\/wp-json\/wp\/v2\/product_cat?post=4810"},{"taxonomy":"product_tag","embeddable":true,"href":"https:\/\/medicinasinc.com\/se\/wp-json\/wp\/v2\/product_tag?post=4810"}],"curies":[{"name":"wp","href":"https:\/\/api.w.org\/{rel}","templated":true}]}}